{"id":212235,"date":"2026-04-06T23:30:56","date_gmt":"2026-04-07T05:30:56","guid":{"rendered":"https:\/\/compuviper.mx\/tienda\/producto\/startech-com-armpivothd-soporte-de-escritorio-para-monitor-de-hasta-30-pulgadas-brazo-articulado-con-movimiento-de-servicio-pesado-con-aluminio-plata-mod\/"},"modified":"2026-04-06T23:30:56","modified_gmt":"2026-04-07T05:30:56","slug":"startech-com-armpivothd-soporte-de-escritorio-para-monitor-de-hasta-30-pulgadas-brazo-articulado-con-movimiento-de-servicio-pesado-con-aluminio-plata-mod","status":"publish","type":"product","link":"https:\/\/compuviper.mx\/tienda\/producto\/startech-com-armpivothd-soporte-de-escritorio-para-monitor-de-hasta-30-pulgadas-brazo-articulado-con-movimiento-de-servicio-pesado-con-aluminio-plata-mod\/","title":{"rendered":"Startech.com Armpivothd Soporte De Escritorio Para Monitor De Hasta 30 Pulgadas &#8211; Brazo Articulado Con Movimiento &#8211; De Servicio Pesado Con Aluminio &#8211; Plata &#8211;  Mod."},"content":{"rendered":"<table class=\"descripcion\">\n<tr>\n<td>Caracter\u00edsticas f\u00edsicas<\/td>\n<\/tr>\n<tr>\n<td>Altura del producto : 52.9 cm<\/td>\n<\/tr>\n<tr>\n<td>Ancho del producto : 28.4 cm<\/td>\n<\/tr>\n<tr>\n<td>Color : plata<\/td>\n<\/tr>\n<tr>\n<td>Longitud del producto : 96 mm<\/td>\n<\/tr>\n<tr>\n<td>Peso del producto : 3.1 kg<\/td>\n<\/tr>\n<tr>\n<td>Tipo de gabinete : aluminio<\/td>\n<\/tr>\n<tr>\n<td>Hardware<\/td>\n<\/tr>\n<tr>\n<td>Articulado : s\u00ed<\/td>\n<\/tr>\n<tr>\n<td>Gesti\u00f3n de cables : s\u00ed<\/td>\n<\/tr>\n<tr>\n<td>Grosor de la superficie de montaje : soporte de sujeci\u00f3n en escritorio: grosor de la mesa: 10mm a 85mm<\/td>\n<\/tr>\n<tr>\n<td> abrazadera para ojal: grosor de la mesa: 10mm a 80mm<\/td>\n<\/tr>\n<tr>\n<td> tama\u00f1o del agujero para ojal de instalaci\u00f3n: 10.5 a 50mm<\/td>\n<\/tr>\n<tr>\n<td>Montaje en pared : no<\/td>\n<\/tr>\n<tr>\n<td>N\u00famero de pantallas admitidas : 1<\/td>\n<\/tr>\n<tr>\n<td>Opciones de montaje : pieza de sujeci\u00f3n para mesa y ojal<\/td>\n<\/tr>\n<tr>\n<td>Patr\u00f3n(es) vesa de agujeros de montaje : 100&#215;100 mm<\/td>\n<\/tr>\n<tr>\n<td>Patr\u00f3n(es) vesa de agujeros de montaje : 75&#215;75 mm<\/td>\n<\/tr>\n<tr>\n<td>Rendimiento<\/td>\n<\/tr>\n<tr>\n<td>Altura m\u00e1xima : 505 mm<\/td>\n<\/tr>\n<tr>\n<td>Capacidad de carga : 9 kg<\/td>\n<\/tr>\n<tr>\n<td>Extensi\u00f3n m\u00e1xima del brazo : 605 mm<\/td>\n<\/tr>\n<tr>\n<td>Fits curved display : s\u00ed<\/td>\n<\/tr>\n<tr>\n<td>Fits ultrawide displays : s\u00ed<\/td>\n<\/tr>\n<tr>\n<td>Giro \/ pivotaci\u00f3n : 180\u00b0<\/td>\n<\/tr>\n<tr>\n<td>Inclinaci\u00f3n : +90\u00b0 \/ &#8211; 90\u00b0<\/td>\n<\/tr>\n<tr>\n<td>Minimum height : 170 mm<\/td>\n<\/tr>\n<tr>\n<td>Rotaci\u00f3n de la pantalla : 180\u00b0<\/td>\n<\/tr>\n<tr>\n<td>Tama\u00f1o m\u00e1ximo de la pantalla : 34<\/td>\n<\/tr>\n<tr>\n<td>Tama\u00f1o m\u00ednimo de la pantalla : 13<\/td>\n<\/tr>\n<\/table>\n","protected":false},"excerpt":{"rendered":"<p>Este brazo para montaje en escritorio\/mesa facilita la instalaci\u00f3n de una pantalla encima de su escritorio\/mesa, adem\u00e1s de permitir el ajuste de la altura a la posici\u00f3n ideal de visualizaci\u00f3n. Su elegante acabado mejora la decoraci\u00f3n de su espacio de trabajo.  Instale su monitor con el brazo para ahorrar valioso espacio este resistente brazo de montaje le ayuda a ahorrar espacio en su escritorio o mesa, ya que le permite instalar, de forma segura, un monitor para computadora de tama\u00f1o entre 13 (330mm) a 32 (813 mm) y de hasta 9kg de peso. Resulta ideal en diversas aplicaciones de oficina, como entornos de centros sanitarios o financieros. Est\u00e1 dise\u00f1ado para facilitar el r\u00e1pido y sencillo montaje de su pantalla compatible con vesa. Requiere una instalaci\u00f3n m\u00ednima e incluye un panel vesa desmontable que facilita la instalaci\u00f3n o desinstalaci\u00f3n de su monitor. El brazo para monitor tambi\u00e9n incluye la posibilidad de gesti\u00f3n integrada de los\u00a0cables, que los mantiene ocultos.<\/p>\n","protected":false},"featured_media":212236,"comment_status":"open","ping_status":"open","template":"","meta":[],"product_cat":[1485,1496],"product_tag":[1590],"acf":[],"yoast_head":"<!-- This site is optimized with the Yoast SEO plugin v21.7 - https:\/\/yoast.com\/wordpress\/plugins\/seo\/ -->\n<title>[ Startech.com ] &#129351; Armpivothd Soporte De Escritorio Para Monitor De Hasta 30 Pulgadas - Brazo Articulado Con Movimiento - De Servicio Pesado Con Aluminio - Plata - Mod.<\/title>\n<meta name=\"description\" content=\"Compra Armpivothd Soporte De Escritorio Para Monitor De Hasta 30 Pulgadas - Brazo Articulado Con Movimiento - De Servicio Pesado Con Aluminio - Plata - Mod. + Env\u00edo a domicilio + Pago seguro + Garant\u00eda\" \/>\n<meta name=\"robots\" content=\"index, follow, max-snippet:-1, max-image-preview:large, max-video-preview:-1\" \/>\n<link rel=\"canonical\" href=\"https:\/\/compuviper.mx\/tienda\/producto\/startech-com-armpivothd-soporte-de-escritorio-para-monitor-de-hasta-30-pulgadas-brazo-articulado-con-movimiento-de-servicio-pesado-con-aluminio-plata-mod\/\" \/>\n<meta property=\"og:locale\" content=\"es_MX\" \/>\n<meta property=\"og:type\" content=\"article\" \/>\n<meta property=\"og:title\" content=\"[ Startech.com ] &#129351; Armpivothd Soporte De Escritorio Para Monitor De Hasta 30 Pulgadas - Brazo Articulado Con Movimiento - De Servicio Pesado Con Aluminio - Plata - Mod.\" \/>\n<meta property=\"og:description\" content=\"Compra Armpivothd Soporte De Escritorio Para Monitor De Hasta 30 Pulgadas - Brazo Articulado Con Movimiento - De Servicio Pesado Con Aluminio - Plata - Mod. + Env\u00edo a domicilio + Pago seguro + Garant\u00eda\" \/>\n<meta property=\"og:url\" content=\"https:\/\/compuviper.mx\/tienda\/producto\/startech-com-armpivothd-soporte-de-escritorio-para-monitor-de-hasta-30-pulgadas-brazo-articulado-con-movimiento-de-servicio-pesado-con-aluminio-plata-mod\/\" \/>\n<meta property=\"og:site_name\" content=\"Compuviper\" \/>\n<meta property=\"article:publisher\" content=\"https:\/\/www.facebook.com\/compuviper\" \/>\n<meta property=\"og:image\" content=\"https:\/\/compuviper.mx\/tienda\/wp-content\/uploads\/2023\/12\/Soporte-de-escritorio-para-monitor-de-hasta-30-pulgadas-brazo-articulado-con-movimiento-de-servicio-pesado-con-aluminio-plata-startech.com-mod.-armpivothd.jpg\" \/>\n\t<meta property=\"og:image:width\" content=\"200\" \/>\n\t<meta property=\"og:image:height\" content=\"200\" \/>\n\t<meta property=\"og:image:type\" content=\"image\/jpeg\" \/>\n<meta name=\"twitter:card\" content=\"summary_large_image\" \/>\n<meta name=\"twitter:label1\" content=\"Precio\" \/>\n\t<meta name=\"twitter:data1\" content=\"&#36;2,898 con IVA\" \/>\n\t<meta name=\"twitter:label2\" content=\"Availability\" \/>\n\t<meta name=\"twitter:data2\" content=\"Out of stock\" \/>\n<script type=\"application\/ld+json\" class=\"yoast-schema-graph\">{\"@context\":\"https:\/\/schema.org\",\"@graph\":[{\"@type\":\"WebPage\",\"@id\":\"https:\/\/compuviper.mx\/tienda\/producto\/startech-com-armpivothd-soporte-de-escritorio-para-monitor-de-hasta-30-pulgadas-brazo-articulado-con-movimiento-de-servicio-pesado-con-aluminio-plata-mod\/\",\"url\":\"https:\/\/compuviper.mx\/tienda\/producto\/startech-com-armpivothd-soporte-de-escritorio-para-monitor-de-hasta-30-pulgadas-brazo-articulado-con-movimiento-de-servicio-pesado-con-aluminio-plata-mod\/\",\"name\":\"[ Startech.com ] &#129351; Armpivothd Soporte De Escritorio Para Monitor De Hasta 30 Pulgadas - Brazo Articulado Con Movimiento - De Servicio Pesado Con Aluminio - Plata - Mod.\",\"isPartOf\":{\"@id\":\"https:\/\/compuviper.mx\/tienda\/#website\"},\"datePublished\":\"2026-04-07T05:30:56+00:00\",\"dateModified\":\"2026-04-07T05:30:56+00:00\",\"description\":\"Compra Armpivothd Soporte De Escritorio Para Monitor De Hasta 30 Pulgadas - Brazo Articulado Con Movimiento - De Servicio Pesado Con Aluminio - Plata - Mod. + Env\u00edo a domicilio + Pago seguro + Garant\u00eda\",\"breadcrumb\":{\"@id\":\"https:\/\/compuviper.mx\/tienda\/producto\/startech-com-armpivothd-soporte-de-escritorio-para-monitor-de-hasta-30-pulgadas-brazo-articulado-con-movimiento-de-servicio-pesado-con-aluminio-plata-mod\/#breadcrumb\"},\"inLanguage\":\"es-MX\",\"potentialAction\":[{\"@type\":\"ReadAction\",\"target\":[\"https:\/\/compuviper.mx\/tienda\/producto\/startech-com-armpivothd-soporte-de-escritorio-para-monitor-de-hasta-30-pulgadas-brazo-articulado-con-movimiento-de-servicio-pesado-con-aluminio-plata-mod\/\"]}]},{\"@type\":\"BreadcrumbList\",\"@id\":\"https:\/\/compuviper.mx\/tienda\/producto\/startech-com-armpivothd-soporte-de-escritorio-para-monitor-de-hasta-30-pulgadas-brazo-articulado-con-movimiento-de-servicio-pesado-con-aluminio-plata-mod\/#breadcrumb\",\"itemListElement\":[{\"@type\":\"ListItem\",\"position\":1,\"name\":\"Inicio\",\"item\":\"https:\/\/compuviper.mx\/tienda\/\"},{\"@type\":\"ListItem\",\"position\":2,\"name\":\"Productos\",\"item\":\"https:\/\/compuviper.mx\/tienda\/productos\/\"},{\"@type\":\"ListItem\",\"position\":3,\"name\":\"Accesorios\",\"item\":\"https:\/\/compuviper.mx\/tienda\/categoria-producto\/accesorios\/\"},{\"@type\":\"ListItem\",\"position\":4,\"name\":\"Oficina\",\"item\":\"https:\/\/compuviper.mx\/tienda\/categoria-producto\/accesorios\/oficina\/\"},{\"@type\":\"ListItem\",\"position\":5,\"name\":\"Startech.com Armpivothd Soporte De Escritorio Para Monitor De Hasta 30 Pulgadas &#8211; Brazo Articulado Con Movimiento &#8211; De Servicio Pesado Con Aluminio &#8211; Plata &#8211; Mod.\"}]},{\"@type\":\"WebSite\",\"@id\":\"https:\/\/compuviper.mx\/tienda\/#website\",\"url\":\"https:\/\/compuviper.mx\/tienda\/\",\"name\":\"Compuviper\",\"description\":\"Proveedor de Computadoras, Laptops, Servidores, Monitores, Puntos de Venta, Teclados,   Impresoras, T\u00f3ner, C\u00e1maras de Seguridad y m\u00e1s en tu tienda en l\u00ednea\",\"publisher\":{\"@id\":\"https:\/\/compuviper.mx\/tienda\/#organization\"},\"potentialAction\":[{\"@type\":\"SearchAction\",\"target\":{\"@type\":\"EntryPoint\",\"urlTemplate\":\"https:\/\/compuviper.mx\/tienda\/?s={search_term_string}\"},\"query-input\":\"required name=search_term_string\"}],\"inLanguage\":\"es-MX\"},{\"@type\":\"Organization\",\"@id\":\"https:\/\/compuviper.mx\/tienda\/#organization\",\"name\":\"Compuviper\",\"url\":\"https:\/\/compuviper.mx\/tienda\/\",\"logo\":{\"@type\":\"ImageObject\",\"inLanguage\":\"es-MX\",\"@id\":\"https:\/\/compuviper.mx\/tienda\/#\/schema\/logo\/image\/\",\"url\":\"https:\/\/compuviper.mx\/tienda\/wp-content\/uploads\/2021\/08\/Logo-Compuviper-10.png\",\"contentUrl\":\"https:\/\/compuviper.mx\/tienda\/wp-content\/uploads\/2021\/08\/Logo-Compuviper-10.png\",\"width\":1000,\"height\":500,\"caption\":\"Compuviper\"},\"image\":{\"@id\":\"https:\/\/compuviper.mx\/tienda\/#\/schema\/logo\/image\/\"},\"sameAs\":[\"https:\/\/www.facebook.com\/compuviper\",\"https:\/\/www.youtube.com\/channel\/UCf73dERp9Y3cfOq7q8BhLjA?view_as=subscriber\"]}]}<\/script>\n<meta property=\"product:brand\" content=\"STARTECH.COM\" \/>\n<meta property=\"product:price:amount\" content=\"2898\" \/>\n<meta property=\"product:price:currency\" content=\"MXN\" \/>\n<meta property=\"og:availability\" content=\"out of stock\" \/>\n<meta property=\"product:availability\" content=\"out of stock\" \/>\n<meta property=\"product:retailer_item_id\" content=\"ARMPIVOTHD\" \/>\n<meta property=\"product:condition\" content=\"new\" \/>\n<!-- \/ Yoast SEO plugin. -->","yoast_head_json":{"title":"[ Startech.com ] &#129351; Armpivothd Soporte De Escritorio Para Monitor De Hasta 30 Pulgadas - Brazo Articulado Con Movimiento - De Servicio Pesado Con Aluminio - Plata - Mod.","description":"Compra Armpivothd Soporte De Escritorio Para Monitor De Hasta 30 Pulgadas - Brazo Articulado Con Movimiento - De Servicio Pesado Con Aluminio - Plata - Mod. + Env\u00edo a domicilio + Pago seguro + Garant\u00eda","robots":{"index":"index","follow":"follow","max-snippet":"max-snippet:-1","max-image-preview":"max-image-preview:large","max-video-preview":"max-video-preview:-1"},"canonical":"https:\/\/compuviper.mx\/tienda\/producto\/startech-com-armpivothd-soporte-de-escritorio-para-monitor-de-hasta-30-pulgadas-brazo-articulado-con-movimiento-de-servicio-pesado-con-aluminio-plata-mod\/","og_locale":"es_MX","og_type":"article","og_title":"[ Startech.com ] &#129351; Armpivothd Soporte De Escritorio Para Monitor De Hasta 30 Pulgadas - Brazo Articulado Con Movimiento - De Servicio Pesado Con Aluminio - Plata - Mod.","og_description":"Compra Armpivothd Soporte De Escritorio Para Monitor De Hasta 30 Pulgadas - Brazo Articulado Con Movimiento - De Servicio Pesado Con Aluminio - Plata - Mod. + Env\u00edo a domicilio + Pago seguro + Garant\u00eda","og_url":"https:\/\/compuviper.mx\/tienda\/producto\/startech-com-armpivothd-soporte-de-escritorio-para-monitor-de-hasta-30-pulgadas-brazo-articulado-con-movimiento-de-servicio-pesado-con-aluminio-plata-mod\/","og_site_name":"Compuviper","article_publisher":"https:\/\/www.facebook.com\/compuviper","og_image":[{"width":200,"height":200,"url":"https:\/\/compuviper.mx\/tienda\/wp-content\/uploads\/2023\/12\/Soporte-de-escritorio-para-monitor-de-hasta-30-pulgadas-brazo-articulado-con-movimiento-de-servicio-pesado-con-aluminio-plata-startech.com-mod.-armpivothd.jpg","type":"image\/jpeg"}],"twitter_card":"summary_large_image","twitter_misc":{"Precio":"&#36;2,898 con IVA","Availability":"Out of stock"},"schema":{"@context":"https:\/\/schema.org","@graph":[{"@type":"WebPage","@id":"https:\/\/compuviper.mx\/tienda\/producto\/startech-com-armpivothd-soporte-de-escritorio-para-monitor-de-hasta-30-pulgadas-brazo-articulado-con-movimiento-de-servicio-pesado-con-aluminio-plata-mod\/","url":"https:\/\/compuviper.mx\/tienda\/producto\/startech-com-armpivothd-soporte-de-escritorio-para-monitor-de-hasta-30-pulgadas-brazo-articulado-con-movimiento-de-servicio-pesado-con-aluminio-plata-mod\/","name":"[ Startech.com ] &#129351; Armpivothd Soporte De Escritorio Para Monitor De Hasta 30 Pulgadas - Brazo Articulado Con Movimiento - De Servicio Pesado Con Aluminio - Plata - Mod.","isPartOf":{"@id":"https:\/\/compuviper.mx\/tienda\/#website"},"datePublished":"2026-04-07T05:30:56+00:00","dateModified":"2026-04-07T05:30:56+00:00","description":"Compra Armpivothd Soporte De Escritorio Para Monitor De Hasta 30 Pulgadas - Brazo Articulado Con Movimiento - De Servicio Pesado Con Aluminio - Plata - Mod. + Env\u00edo a domicilio + Pago seguro + Garant\u00eda","breadcrumb":{"@id":"https:\/\/compuviper.mx\/tienda\/producto\/startech-com-armpivothd-soporte-de-escritorio-para-monitor-de-hasta-30-pulgadas-brazo-articulado-con-movimiento-de-servicio-pesado-con-aluminio-plata-mod\/#breadcrumb"},"inLanguage":"es-MX","potentialAction":[{"@type":"ReadAction","target":["https:\/\/compuviper.mx\/tienda\/producto\/startech-com-armpivothd-soporte-de-escritorio-para-monitor-de-hasta-30-pulgadas-brazo-articulado-con-movimiento-de-servicio-pesado-con-aluminio-plata-mod\/"]}]},{"@type":"BreadcrumbList","@id":"https:\/\/compuviper.mx\/tienda\/producto\/startech-com-armpivothd-soporte-de-escritorio-para-monitor-de-hasta-30-pulgadas-brazo-articulado-con-movimiento-de-servicio-pesado-con-aluminio-plata-mod\/#breadcrumb","itemListElement":[{"@type":"ListItem","position":1,"name":"Inicio","item":"https:\/\/compuviper.mx\/tienda\/"},{"@type":"ListItem","position":2,"name":"Productos","item":"https:\/\/compuviper.mx\/tienda\/productos\/"},{"@type":"ListItem","position":3,"name":"Accesorios","item":"https:\/\/compuviper.mx\/tienda\/categoria-producto\/accesorios\/"},{"@type":"ListItem","position":4,"name":"Oficina","item":"https:\/\/compuviper.mx\/tienda\/categoria-producto\/accesorios\/oficina\/"},{"@type":"ListItem","position":5,"name":"Startech.com Armpivothd Soporte De Escritorio Para Monitor De Hasta 30 Pulgadas &#8211; Brazo Articulado Con Movimiento &#8211; De Servicio Pesado Con Aluminio &#8211; Plata &#8211; Mod."}]},{"@type":"WebSite","@id":"https:\/\/compuviper.mx\/tienda\/#website","url":"https:\/\/compuviper.mx\/tienda\/","name":"Compuviper","description":"Proveedor de Computadoras, Laptops, Servidores, Monitores, Puntos de Venta, Teclados,   Impresoras, T\u00f3ner, C\u00e1maras de Seguridad y m\u00e1s en tu tienda en l\u00ednea","publisher":{"@id":"https:\/\/compuviper.mx\/tienda\/#organization"},"potentialAction":[{"@type":"SearchAction","target":{"@type":"EntryPoint","urlTemplate":"https:\/\/compuviper.mx\/tienda\/?s={search_term_string}"},"query-input":"required name=search_term_string"}],"inLanguage":"es-MX"},{"@type":"Organization","@id":"https:\/\/compuviper.mx\/tienda\/#organization","name":"Compuviper","url":"https:\/\/compuviper.mx\/tienda\/","logo":{"@type":"ImageObject","inLanguage":"es-MX","@id":"https:\/\/compuviper.mx\/tienda\/#\/schema\/logo\/image\/","url":"https:\/\/compuviper.mx\/tienda\/wp-content\/uploads\/2021\/08\/Logo-Compuviper-10.png","contentUrl":"https:\/\/compuviper.mx\/tienda\/wp-content\/uploads\/2021\/08\/Logo-Compuviper-10.png","width":1000,"height":500,"caption":"Compuviper"},"image":{"@id":"https:\/\/compuviper.mx\/tienda\/#\/schema\/logo\/image\/"},"sameAs":["https:\/\/www.facebook.com\/compuviper","https:\/\/www.youtube.com\/channel\/UCf73dERp9Y3cfOq7q8BhLjA?view_as=subscriber"]}]},"product_brand":"STARTECH.COM","product_price_amount":"2898","product_price_currency":"MXN","og_availability":"out of stock","product_availability":"out of stock","product_retailer_item_id":"ARMPIVOTHD","product_condition":"new"},"_links":{"self":[{"href":"https:\/\/compuviper.mx\/tienda\/wp-json\/wp\/v2\/product\/212235"}],"collection":[{"href":"https:\/\/compuviper.mx\/tienda\/wp-json\/wp\/v2\/product"}],"about":[{"href":"https:\/\/compuviper.mx\/tienda\/wp-json\/wp\/v2\/types\/product"}],"replies":[{"embeddable":true,"href":"https:\/\/compuviper.mx\/tienda\/wp-json\/wp\/v2\/comments?post=212235"}],"wp:featuredmedia":[{"embeddable":true,"href":"https:\/\/compuviper.mx\/tienda\/wp-json\/wp\/v2\/media\/212236"}],"wp:attachment":[{"href":"https:\/\/compuviper.mx\/tienda\/wp-json\/wp\/v2\/media?parent=212235"}],"wp:term":[{"taxonomy":"product_cat","embeddable":true,"href":"https:\/\/compuviper.mx\/tienda\/wp-json\/wp\/v2\/product_cat?post=212235"},{"taxonomy":"product_tag","embeddable":true,"href":"https:\/\/compuviper.mx\/tienda\/wp-json\/wp\/v2\/product_tag?post=212235"}],"curies":[{"name":"wp","href":"https:\/\/api.w.org\/{rel}","templated":true}]}}