{"id":212233,"date":"2026-04-06T23:30:55","date_gmt":"2026-04-07T05:30:55","guid":{"rendered":"https:\/\/compuviper.mx\/tienda\/producto\/startech-com-st121hd20v-kit-extensor-de-video-hdmi-por-cat-6-4k-60hz-hdr-444-compatible-con-audio-7-1-expansor-de-video-hdmi-50m-mod\/"},"modified":"2026-04-06T23:30:56","modified_gmt":"2026-04-07T05:30:56","slug":"startech-com-st121hd20v-kit-extensor-de-video-hdmi-por-cat-6-4k-60hz-hdr-444-compatible-con-audio-7-1-expansor-de-video-hdmi-50m-mod","status":"publish","type":"product","link":"https:\/\/compuviper.mx\/tienda\/producto\/startech-com-st121hd20v-kit-extensor-de-video-hdmi-por-cat-6-4k-60hz-hdr-444-compatible-con-audio-7-1-expansor-de-video-hdmi-50m-mod\/","title":{"rendered":"Startech.com St121hd20v Kit Extensor De Video Hdmi Por Cat 6 &#8211; 4k 60hz &#8211; Hdr &#8211; 444 &#8211; Compatible Con Audio 7.1 &#8211; Expansor De Video Hdmi &#8211; 50m &#8211;  Mod."},"content":{"rendered":"<table class=\"descripcion\">\n<tr>\n<td>Caracter\u00edsticas f\u00edsicas<\/td>\n<\/tr>\n<tr>\n<td>Altura del producto : 1.3 cm<\/td>\n<\/tr>\n<tr>\n<td>Ancho del producto : 70 mm<\/td>\n<\/tr>\n<tr>\n<td>Color : negro<\/td>\n<\/tr>\n<tr>\n<td>Longitud del producto : 97 mm<\/td>\n<\/tr>\n<tr>\n<td>Peso del producto : 156 g<\/td>\n<\/tr>\n<tr>\n<td>Conector(es)<\/td>\n<\/tr>\n<tr>\n<td>Conector a : hdmi (19 pines)<\/td>\n<\/tr>\n<tr>\n<td>Conector a : rj-45<\/td>\n<\/tr>\n<tr>\n<td>Conector b : hdmi (19 pines)<\/td>\n<\/tr>\n<tr>\n<td>Conector b : rj-45<\/td>\n<\/tr>\n<tr>\n<td>Hardware<\/td>\n<\/tr>\n<tr>\n<td>Cableado : utp cat 6<\/td>\n<\/tr>\n<tr>\n<td>Entrada a\/v : hdmi<\/td>\n<\/tr>\n<tr>\n<td>Salida a\/v : hdmi<\/td>\n<\/tr>\n<tr>\n<td>Soporte de audio : s\u00ed<\/td>\n<\/tr>\n<tr>\n<td>Rendimiento<\/td>\n<\/tr>\n<tr>\n<td>Distancia m\u00e1xima : 50 m \/ 165 ft<\/td>\n<\/tr>\n<tr>\n<td>Especificaciones de audio : sonido envolvente 7.1<\/td>\n<\/tr>\n<tr>\n<td>Longitud m\u00e1xima del cable : 50.3 m<\/td>\n<\/tr>\n<tr>\n<td>Pantalla plana soportada : s\u00ed<\/td>\n<\/tr>\n<tr>\n<td>Resoluci\u00f3n digital m\u00e1xima : 3840 x 2160 (4k) @ 60 hz<\/td>\n<\/tr>\n<tr>\n<td>Resoluciones  admitidas : 3840&#215;2160 (4k) 60hz<\/td>\n<\/tr>\n<tr>\n<td>2560&#215;1600 60hz<\/td>\n<\/tr>\n<tr>\n<td>1920&#215;1200 60hz<\/td>\n<\/tr>\n<tr>\n<td>1920&#215;1080 (1080p) 60hz<\/td>\n<\/tr>\n<tr>\n<td>1280&#215;720 (720p) 60hz<\/td>\n<\/tr>\n<\/table>\n","protected":false},"excerpt":{"rendered":"<p>Este kit extensor hdmi a trav\u00e9s de cat6 le permite transmitir una se\u00f1al 4k 60hz a hasta 50 metros, a trav\u00e9s de un solo cable cat6. El extensor es compatible con hdr (high dynamic range, alto rango din\u00e1mico), lo cual ofrece im\u00e1genes de m\u00e1s alto contraste y mejor transmisi\u00f3n de video. Este extensor hdmi ethernet es\u00a0compatible con la resoluci\u00f3n 4k 60hz (3840 x 2160),\u00a0la cual ofrece cuatro veces la calidad de imagen que ofrece la resoluci\u00f3n de alta definici\u00f3n (1080p). El extensor es compatible con las capacidades hdmi 2.0, y ofrece\u00a0submuestreo de intensidad de color de 4:4:4. Esto garantiza im\u00e1genes n\u00edtidas, lo cual resulta ideal para la transmisi\u00f3n de contenido de video. Compatible con hdr, le permite disfrutar de im\u00e1genes con contraste, brillo de colores y luminosidad mejorados.<\/p>\n","protected":false},"featured_media":212234,"comment_status":"open","ping_status":"open","template":"","meta":[],"product_cat":[1485,1506],"product_tag":[1590],"acf":[],"yoast_head":"<!-- This site is optimized with the Yoast SEO plugin v21.7 - https:\/\/yoast.com\/wordpress\/plugins\/seo\/ -->\n<title>[ Startech.com ] &#129351; St121hd20v Kit Extensor De Video Hdmi Por Cat 6 - 4k 60hz - Hdr - 444 - Compatible Con Audio 7.1 - Expansor De Video Hdmi - 50m - Mod.<\/title>\n<meta name=\"description\" content=\"Compra St121hd20v Kit Extensor De Video Hdmi Por Cat 6 - 4k 60hz - Hdr - 444 - Compatible Con Audio 7.1 - Expansor De Video Hdmi - 50m - Mod. + Env\u00edo a domicilio + Pago seguro + Garant\u00eda\" \/>\n<meta name=\"robots\" content=\"index, follow, max-snippet:-1, max-image-preview:large, max-video-preview:-1\" \/>\n<link rel=\"canonical\" href=\"https:\/\/compuviper.mx\/tienda\/producto\/startech-com-st121hd20v-kit-extensor-de-video-hdmi-por-cat-6-4k-60hz-hdr-444-compatible-con-audio-7-1-expansor-de-video-hdmi-50m-mod\/\" \/>\n<meta property=\"og:locale\" content=\"es_MX\" \/>\n<meta property=\"og:type\" content=\"article\" \/>\n<meta property=\"og:title\" content=\"[ Startech.com ] &#129351; St121hd20v Kit Extensor De Video Hdmi Por Cat 6 - 4k 60hz - Hdr - 444 - Compatible Con Audio 7.1 - Expansor De Video Hdmi - 50m - Mod.\" \/>\n<meta property=\"og:description\" content=\"Compra St121hd20v Kit Extensor De Video Hdmi Por Cat 6 - 4k 60hz - Hdr - 444 - Compatible Con Audio 7.1 - Expansor De Video Hdmi - 50m - Mod. + Env\u00edo a domicilio + Pago seguro + Garant\u00eda\" \/>\n<meta property=\"og:url\" content=\"https:\/\/compuviper.mx\/tienda\/producto\/startech-com-st121hd20v-kit-extensor-de-video-hdmi-por-cat-6-4k-60hz-hdr-444-compatible-con-audio-7-1-expansor-de-video-hdmi-50m-mod\/\" \/>\n<meta property=\"og:site_name\" content=\"Compuviper\" \/>\n<meta property=\"article:publisher\" content=\"https:\/\/www.facebook.com\/compuviper\" \/>\n<meta property=\"article:modified_time\" content=\"2026-04-07T05:30:56+00:00\" \/>\n<meta property=\"og:image\" content=\"https:\/\/compuviper.mx\/tienda\/wp-content\/uploads\/2023\/12\/Kit-extensor-de-video-hdmi-por-cat-6-4k-60hz-hdr-444-compatible-con-audio-7.1-expansor-de-video-hdmi-50m-startech.com-mod.-st121hd20v.jpg\" \/>\n\t<meta property=\"og:image:width\" content=\"200\" \/>\n\t<meta property=\"og:image:height\" content=\"200\" \/>\n\t<meta property=\"og:image:type\" content=\"image\/jpeg\" \/>\n<meta name=\"twitter:card\" content=\"summary_large_image\" \/>\n<meta name=\"twitter:label1\" content=\"Precio\" \/>\n\t<meta name=\"twitter:data1\" content=\"&#36;2,765 con IVA\" \/>\n\t<meta name=\"twitter:label2\" content=\"Availability\" \/>\n\t<meta name=\"twitter:data2\" content=\"Out of stock\" \/>\n<script type=\"application\/ld+json\" class=\"yoast-schema-graph\">{\"@context\":\"https:\/\/schema.org\",\"@graph\":[{\"@type\":\"WebPage\",\"@id\":\"https:\/\/compuviper.mx\/tienda\/producto\/startech-com-st121hd20v-kit-extensor-de-video-hdmi-por-cat-6-4k-60hz-hdr-444-compatible-con-audio-7-1-expansor-de-video-hdmi-50m-mod\/\",\"url\":\"https:\/\/compuviper.mx\/tienda\/producto\/startech-com-st121hd20v-kit-extensor-de-video-hdmi-por-cat-6-4k-60hz-hdr-444-compatible-con-audio-7-1-expansor-de-video-hdmi-50m-mod\/\",\"name\":\"[ Startech.com ] &#129351; St121hd20v Kit Extensor De Video Hdmi Por Cat 6 - 4k 60hz - Hdr - 444 - Compatible Con Audio 7.1 - Expansor De Video Hdmi - 50m - Mod.\",\"isPartOf\":{\"@id\":\"https:\/\/compuviper.mx\/tienda\/#website\"},\"datePublished\":\"2026-04-07T05:30:55+00:00\",\"dateModified\":\"2026-04-07T05:30:56+00:00\",\"description\":\"Compra St121hd20v Kit Extensor De Video Hdmi Por Cat 6 - 4k 60hz - Hdr - 444 - Compatible Con Audio 7.1 - Expansor De Video Hdmi - 50m - Mod. + Env\u00edo a domicilio + Pago seguro + Garant\u00eda\",\"breadcrumb\":{\"@id\":\"https:\/\/compuviper.mx\/tienda\/producto\/startech-com-st121hd20v-kit-extensor-de-video-hdmi-por-cat-6-4k-60hz-hdr-444-compatible-con-audio-7-1-expansor-de-video-hdmi-50m-mod\/#breadcrumb\"},\"inLanguage\":\"es-MX\",\"potentialAction\":[{\"@type\":\"ReadAction\",\"target\":[\"https:\/\/compuviper.mx\/tienda\/producto\/startech-com-st121hd20v-kit-extensor-de-video-hdmi-por-cat-6-4k-60hz-hdr-444-compatible-con-audio-7-1-expansor-de-video-hdmi-50m-mod\/\"]}]},{\"@type\":\"BreadcrumbList\",\"@id\":\"https:\/\/compuviper.mx\/tienda\/producto\/startech-com-st121hd20v-kit-extensor-de-video-hdmi-por-cat-6-4k-60hz-hdr-444-compatible-con-audio-7-1-expansor-de-video-hdmi-50m-mod\/#breadcrumb\",\"itemListElement\":[{\"@type\":\"ListItem\",\"position\":1,\"name\":\"Inicio\",\"item\":\"https:\/\/compuviper.mx\/tienda\/\"},{\"@type\":\"ListItem\",\"position\":2,\"name\":\"Productos\",\"item\":\"https:\/\/compuviper.mx\/tienda\/productos\/\"},{\"@type\":\"ListItem\",\"position\":3,\"name\":\"Accesorios\",\"item\":\"https:\/\/compuviper.mx\/tienda\/categoria-producto\/accesorios\/\"},{\"@type\":\"ListItem\",\"position\":4,\"name\":\"Conectividad\",\"item\":\"https:\/\/compuviper.mx\/tienda\/categoria-producto\/accesorios\/conectividad\/\"},{\"@type\":\"ListItem\",\"position\":5,\"name\":\"Startech.com St121hd20v Kit Extensor De Video Hdmi Por Cat 6 &#8211; 4k 60hz &#8211; Hdr &#8211; 444 &#8211; Compatible Con Audio 7.1 &#8211; Expansor De Video Hdmi &#8211; 50m &#8211; Mod.\"}]},{\"@type\":\"WebSite\",\"@id\":\"https:\/\/compuviper.mx\/tienda\/#website\",\"url\":\"https:\/\/compuviper.mx\/tienda\/\",\"name\":\"Compuviper\",\"description\":\"Proveedor de Computadoras, Laptops, Servidores, Monitores, Puntos de Venta, Teclados,   Impresoras, T\u00f3ner, C\u00e1maras de Seguridad y m\u00e1s en tu tienda en l\u00ednea\",\"publisher\":{\"@id\":\"https:\/\/compuviper.mx\/tienda\/#organization\"},\"potentialAction\":[{\"@type\":\"SearchAction\",\"target\":{\"@type\":\"EntryPoint\",\"urlTemplate\":\"https:\/\/compuviper.mx\/tienda\/?s={search_term_string}\"},\"query-input\":\"required name=search_term_string\"}],\"inLanguage\":\"es-MX\"},{\"@type\":\"Organization\",\"@id\":\"https:\/\/compuviper.mx\/tienda\/#organization\",\"name\":\"Compuviper\",\"url\":\"https:\/\/compuviper.mx\/tienda\/\",\"logo\":{\"@type\":\"ImageObject\",\"inLanguage\":\"es-MX\",\"@id\":\"https:\/\/compuviper.mx\/tienda\/#\/schema\/logo\/image\/\",\"url\":\"https:\/\/compuviper.mx\/tienda\/wp-content\/uploads\/2021\/08\/Logo-Compuviper-10.png\",\"contentUrl\":\"https:\/\/compuviper.mx\/tienda\/wp-content\/uploads\/2021\/08\/Logo-Compuviper-10.png\",\"width\":1000,\"height\":500,\"caption\":\"Compuviper\"},\"image\":{\"@id\":\"https:\/\/compuviper.mx\/tienda\/#\/schema\/logo\/image\/\"},\"sameAs\":[\"https:\/\/www.facebook.com\/compuviper\",\"https:\/\/www.youtube.com\/channel\/UCf73dERp9Y3cfOq7q8BhLjA?view_as=subscriber\"]}]}<\/script>\n<meta property=\"product:brand\" content=\"STARTECH.COM\" \/>\n<meta property=\"product:price:amount\" content=\"2765\" \/>\n<meta property=\"product:price:currency\" content=\"MXN\" \/>\n<meta property=\"og:availability\" content=\"out of stock\" \/>\n<meta property=\"product:availability\" content=\"out of stock\" \/>\n<meta property=\"product:retailer_item_id\" content=\"ST121HD20V\" \/>\n<meta property=\"product:condition\" content=\"new\" \/>\n<!-- \/ Yoast SEO plugin. -->","yoast_head_json":{"title":"[ Startech.com ] &#129351; St121hd20v Kit Extensor De Video Hdmi Por Cat 6 - 4k 60hz - Hdr - 444 - Compatible Con Audio 7.1 - Expansor De Video Hdmi - 50m - Mod.","description":"Compra St121hd20v Kit Extensor De Video Hdmi Por Cat 6 - 4k 60hz - Hdr - 444 - Compatible Con Audio 7.1 - Expansor De Video Hdmi - 50m - Mod. + Env\u00edo a domicilio + Pago seguro + Garant\u00eda","robots":{"index":"index","follow":"follow","max-snippet":"max-snippet:-1","max-image-preview":"max-image-preview:large","max-video-preview":"max-video-preview:-1"},"canonical":"https:\/\/compuviper.mx\/tienda\/producto\/startech-com-st121hd20v-kit-extensor-de-video-hdmi-por-cat-6-4k-60hz-hdr-444-compatible-con-audio-7-1-expansor-de-video-hdmi-50m-mod\/","og_locale":"es_MX","og_type":"article","og_title":"[ Startech.com ] &#129351; St121hd20v Kit Extensor De Video Hdmi Por Cat 6 - 4k 60hz - Hdr - 444 - Compatible Con Audio 7.1 - Expansor De Video Hdmi - 50m - Mod.","og_description":"Compra St121hd20v Kit Extensor De Video Hdmi Por Cat 6 - 4k 60hz - Hdr - 444 - Compatible Con Audio 7.1 - Expansor De Video Hdmi - 50m - Mod. + Env\u00edo a domicilio + Pago seguro + Garant\u00eda","og_url":"https:\/\/compuviper.mx\/tienda\/producto\/startech-com-st121hd20v-kit-extensor-de-video-hdmi-por-cat-6-4k-60hz-hdr-444-compatible-con-audio-7-1-expansor-de-video-hdmi-50m-mod\/","og_site_name":"Compuviper","article_publisher":"https:\/\/www.facebook.com\/compuviper","article_modified_time":"2026-04-07T05:30:56+00:00","og_image":[{"width":200,"height":200,"url":"https:\/\/compuviper.mx\/tienda\/wp-content\/uploads\/2023\/12\/Kit-extensor-de-video-hdmi-por-cat-6-4k-60hz-hdr-444-compatible-con-audio-7.1-expansor-de-video-hdmi-50m-startech.com-mod.-st121hd20v.jpg","type":"image\/jpeg"}],"twitter_card":"summary_large_image","twitter_misc":{"Precio":"&#36;2,765 con IVA","Availability":"Out of stock"},"schema":{"@context":"https:\/\/schema.org","@graph":[{"@type":"WebPage","@id":"https:\/\/compuviper.mx\/tienda\/producto\/startech-com-st121hd20v-kit-extensor-de-video-hdmi-por-cat-6-4k-60hz-hdr-444-compatible-con-audio-7-1-expansor-de-video-hdmi-50m-mod\/","url":"https:\/\/compuviper.mx\/tienda\/producto\/startech-com-st121hd20v-kit-extensor-de-video-hdmi-por-cat-6-4k-60hz-hdr-444-compatible-con-audio-7-1-expansor-de-video-hdmi-50m-mod\/","name":"[ Startech.com ] &#129351; St121hd20v Kit Extensor De Video Hdmi Por Cat 6 - 4k 60hz - Hdr - 444 - Compatible Con Audio 7.1 - Expansor De Video Hdmi - 50m - Mod.","isPartOf":{"@id":"https:\/\/compuviper.mx\/tienda\/#website"},"datePublished":"2026-04-07T05:30:55+00:00","dateModified":"2026-04-07T05:30:56+00:00","description":"Compra St121hd20v Kit Extensor De Video Hdmi Por Cat 6 - 4k 60hz - Hdr - 444 - Compatible Con Audio 7.1 - Expansor De Video Hdmi - 50m - Mod. + Env\u00edo a domicilio + Pago seguro + Garant\u00eda","breadcrumb":{"@id":"https:\/\/compuviper.mx\/tienda\/producto\/startech-com-st121hd20v-kit-extensor-de-video-hdmi-por-cat-6-4k-60hz-hdr-444-compatible-con-audio-7-1-expansor-de-video-hdmi-50m-mod\/#breadcrumb"},"inLanguage":"es-MX","potentialAction":[{"@type":"ReadAction","target":["https:\/\/compuviper.mx\/tienda\/producto\/startech-com-st121hd20v-kit-extensor-de-video-hdmi-por-cat-6-4k-60hz-hdr-444-compatible-con-audio-7-1-expansor-de-video-hdmi-50m-mod\/"]}]},{"@type":"BreadcrumbList","@id":"https:\/\/compuviper.mx\/tienda\/producto\/startech-com-st121hd20v-kit-extensor-de-video-hdmi-por-cat-6-4k-60hz-hdr-444-compatible-con-audio-7-1-expansor-de-video-hdmi-50m-mod\/#breadcrumb","itemListElement":[{"@type":"ListItem","position":1,"name":"Inicio","item":"https:\/\/compuviper.mx\/tienda\/"},{"@type":"ListItem","position":2,"name":"Productos","item":"https:\/\/compuviper.mx\/tienda\/productos\/"},{"@type":"ListItem","position":3,"name":"Accesorios","item":"https:\/\/compuviper.mx\/tienda\/categoria-producto\/accesorios\/"},{"@type":"ListItem","position":4,"name":"Conectividad","item":"https:\/\/compuviper.mx\/tienda\/categoria-producto\/accesorios\/conectividad\/"},{"@type":"ListItem","position":5,"name":"Startech.com St121hd20v Kit Extensor De Video Hdmi Por Cat 6 &#8211; 4k 60hz &#8211; Hdr &#8211; 444 &#8211; Compatible Con Audio 7.1 &#8211; Expansor De Video Hdmi &#8211; 50m &#8211; Mod."}]},{"@type":"WebSite","@id":"https:\/\/compuviper.mx\/tienda\/#website","url":"https:\/\/compuviper.mx\/tienda\/","name":"Compuviper","description":"Proveedor de Computadoras, Laptops, Servidores, Monitores, Puntos de Venta, Teclados,   Impresoras, T\u00f3ner, C\u00e1maras de Seguridad y m\u00e1s en tu tienda en l\u00ednea","publisher":{"@id":"https:\/\/compuviper.mx\/tienda\/#organization"},"potentialAction":[{"@type":"SearchAction","target":{"@type":"EntryPoint","urlTemplate":"https:\/\/compuviper.mx\/tienda\/?s={search_term_string}"},"query-input":"required name=search_term_string"}],"inLanguage":"es-MX"},{"@type":"Organization","@id":"https:\/\/compuviper.mx\/tienda\/#organization","name":"Compuviper","url":"https:\/\/compuviper.mx\/tienda\/","logo":{"@type":"ImageObject","inLanguage":"es-MX","@id":"https:\/\/compuviper.mx\/tienda\/#\/schema\/logo\/image\/","url":"https:\/\/compuviper.mx\/tienda\/wp-content\/uploads\/2021\/08\/Logo-Compuviper-10.png","contentUrl":"https:\/\/compuviper.mx\/tienda\/wp-content\/uploads\/2021\/08\/Logo-Compuviper-10.png","width":1000,"height":500,"caption":"Compuviper"},"image":{"@id":"https:\/\/compuviper.mx\/tienda\/#\/schema\/logo\/image\/"},"sameAs":["https:\/\/www.facebook.com\/compuviper","https:\/\/www.youtube.com\/channel\/UCf73dERp9Y3cfOq7q8BhLjA?view_as=subscriber"]}]},"product_brand":"STARTECH.COM","product_price_amount":"2765","product_price_currency":"MXN","og_availability":"out of stock","product_availability":"out of stock","product_retailer_item_id":"ST121HD20V","product_condition":"new"},"_links":{"self":[{"href":"https:\/\/compuviper.mx\/tienda\/wp-json\/wp\/v2\/product\/212233"}],"collection":[{"href":"https:\/\/compuviper.mx\/tienda\/wp-json\/wp\/v2\/product"}],"about":[{"href":"https:\/\/compuviper.mx\/tienda\/wp-json\/wp\/v2\/types\/product"}],"replies":[{"embeddable":true,"href":"https:\/\/compuviper.mx\/tienda\/wp-json\/wp\/v2\/comments?post=212233"}],"wp:featuredmedia":[{"embeddable":true,"href":"https:\/\/compuviper.mx\/tienda\/wp-json\/wp\/v2\/media\/212234"}],"wp:attachment":[{"href":"https:\/\/compuviper.mx\/tienda\/wp-json\/wp\/v2\/media?parent=212233"}],"wp:term":[{"taxonomy":"product_cat","embeddable":true,"href":"https:\/\/compuviper.mx\/tienda\/wp-json\/wp\/v2\/product_cat?post=212233"},{"taxonomy":"product_tag","embeddable":true,"href":"https:\/\/compuviper.mx\/tienda\/wp-json\/wp\/v2\/product_tag?post=212233"}],"curies":[{"name":"wp","href":"https:\/\/api.w.org\/{rel}","templated":true}]}}