{"id":212225,"date":"2026-04-07T23:31:53","date_gmt":"2026-04-08T05:31:53","guid":{"rendered":"https:\/\/compuviper.mx\/tienda\/producto\/manhattan-439893-maletin-portafolio-14-1\/"},"modified":"2026-04-07T23:31:53","modified_gmt":"2026-04-08T05:31:53","slug":"manhattan-439893-maletin-portafolio-14-1","status":"publish","type":"product","link":"https:\/\/compuviper.mx\/tienda\/producto\/manhattan-439893-maletin-portafolio-14-1\/","title":{"rendered":"Manhattan 439893 Maletin Portafolio,,, 14.1"},"content":{"rendered":"<table class=\"descripcion\">\n<tr>\n<td>Exterior<\/td>\n<\/tr>\n<tr>\n<td>97% poli\u00e9ster \/ 3% pvc<\/td>\n<\/tr>\n<tr>\n<td>Almac\u00e9n: 1 bolsillo frontal con solapa protectora y cierre de broche<\/td>\n<\/tr>\n<tr>\n<td>Correa al hombro ajustable, 1.2 m, removible<\/td>\n<\/tr>\n<tr>\n<td>Asas dobles<\/td>\n<\/tr>\n<tr>\n<td>Interior<\/td>\n<\/tr>\n<tr>\n<td>100% poli\u00e9ster con espuma de polietileno (epe)<\/td>\n<\/tr>\n<tr>\n<td>Almac\u00e9n: 1 compartimiento principal<\/td>\n<\/tr>\n<tr>\n<td>Dimensiones<\/td>\n<\/tr>\n<tr>\n<td>Exterior: 37 x 29 x 6.5 cm<\/td>\n<\/tr>\n<tr>\n<td>Interior: 36 x 28 x 5.5 cm *<\/td>\n<\/tr>\n<tr>\n<td>Bolsillo frontal: exterior, 30.2 x 21.6 x 2 cm; interior, 30.2 x 21.6 x 2 cm<\/td>\n<\/tr>\n<tr>\n<td>0.35 kg<\/td>\n<\/tr>\n<tr>\n<td>* siempre mida su equipo para determinar la compatibilidad. todas las dimensiones son aproximadas y pueden variar ligeramente<\/td>\n<\/tr>\n<\/table>\n","protected":false},"excerpt":{"rendered":"<p>Visi\u00f3n general. Dise\u00f1o adecuado con una buena protecci\u00f3n para su computadora. El malet\u00edn london para computadora port\u00e1til de manhattan es una soluci\u00f3n pr\u00e1ctica con un estilo aerodin\u00e1mico y tradicional que se desplaza f\u00e1cilmente y se adapta a casi cualquier lugar, debajo de los asientos de las aerol\u00edneas, en los compartimientos superiores y en las piezas de equipaje m\u00e1s grandes. Un solo bolsillo frontal ancho y profundo mantiene tus art\u00edculos vitales, papeles y accesorios seguros pero al alcance de la mano. Su solapa asegurada con cierre protege los contenidos almacenados. Las asas de doble correa con costuras reforzadas y una correa de hombro ajustable y extra\u00edble brindan a los profesionales m\u00faltiples opciones de transporte. Almacenamiento b\u00e1sico y funcional. Su interior con compartimento acolchado para computadora se adapta a la mayor\u00eda de las computadoras port\u00e1tiles con pantallas de hasta 14.1. El dise\u00f1o de acceso por la parte superior permite guardar m\u00e1s r\u00e1pido y que las inspecciones en el aeropuerto sean m\u00e1s sencillas. Hay espacio suficiente en el interior para guardar archivos, papeles y revistas. Dise\u00f1o hermoso para trabajar. El interior y exterior est\u00e1n cuidadosamente construidos con materiales ligeros, durables y de f\u00e1cil mantenimiento que resisten el agua y el desgaste. Materiales de uso pesado \u0096 incluyendo los cierres con ganchos resistentes \u0096 aseguran la operaci\u00f3n con menos atascos. Los maletines para computadora port\u00e1til manhattan combinan una protecci\u00f3n superior para la pc y un estilo atractivo con comodidad y conveniencia cuando son llevadas en la ciudad, los pa\u00edses y a todo el mundo..<\/p>\n","protected":false},"featured_media":212226,"comment_status":"open","ping_status":"open","template":"","meta":[],"product_cat":[1482,1483],"product_tag":[1487],"acf":[],"yoast_head":"<!-- This site is optimized with the Yoast SEO plugin v21.7 - https:\/\/yoast.com\/wordpress\/plugins\/seo\/ -->\n<title>[ Manhattan ] &#129351; 439893 Maletin Portafolio,,, 14.1<\/title>\n<meta name=\"description\" content=\"Compra 439893 Maletin Portafolio,,, 14.1 + Env\u00edo a domicilio + Pago seguro + Garant\u00eda\" \/>\n<meta name=\"robots\" content=\"index, follow, max-snippet:-1, max-image-preview:large, max-video-preview:-1\" \/>\n<link rel=\"canonical\" href=\"https:\/\/compuviper.mx\/tienda\/producto\/manhattan-439893-maletin-portafolio-14-1\/\" \/>\n<meta property=\"og:locale\" content=\"es_MX\" \/>\n<meta property=\"og:type\" content=\"article\" \/>\n<meta property=\"og:title\" content=\"[ Manhattan ] &#129351; 439893 Maletin Portafolio,,, 14.1\" \/>\n<meta property=\"og:description\" content=\"Compra 439893 Maletin Portafolio,,, 14.1 + Env\u00edo a domicilio + Pago seguro + Garant\u00eda\" \/>\n<meta property=\"og:url\" content=\"https:\/\/compuviper.mx\/tienda\/producto\/manhattan-439893-maletin-portafolio-14-1\/\" \/>\n<meta property=\"og:site_name\" content=\"Compuviper\" \/>\n<meta property=\"article:publisher\" content=\"https:\/\/www.facebook.com\/compuviper\" \/>\n<meta property=\"og:image\" content=\"https:\/\/compuviper.mx\/tienda\/wp-content\/uploads\/2023\/12\/Maletin-portafoliomanhattan439893-14.1.jpg\" \/>\n\t<meta property=\"og:image:width\" content=\"200\" \/>\n\t<meta property=\"og:image:height\" content=\"200\" \/>\n\t<meta property=\"og:image:type\" content=\"image\/jpeg\" \/>\n<meta name=\"twitter:card\" content=\"summary_large_image\" \/>\n<meta name=\"twitter:label1\" content=\"Precio\" \/>\n\t<meta name=\"twitter:data1\" content=\"&#36;190 con IVA\" \/>\n\t<meta name=\"twitter:label2\" content=\"Availability\" \/>\n\t<meta name=\"twitter:data2\" content=\"In stock\" \/>\n<script type=\"application\/ld+json\" class=\"yoast-schema-graph\">{\"@context\":\"https:\/\/schema.org\",\"@graph\":[{\"@type\":\"WebPage\",\"@id\":\"https:\/\/compuviper.mx\/tienda\/producto\/manhattan-439893-maletin-portafolio-14-1\/\",\"url\":\"https:\/\/compuviper.mx\/tienda\/producto\/manhattan-439893-maletin-portafolio-14-1\/\",\"name\":\"[ Manhattan ] &#129351; 439893 Maletin Portafolio,,, 14.1\",\"isPartOf\":{\"@id\":\"https:\/\/compuviper.mx\/tienda\/#website\"},\"datePublished\":\"2026-04-08T05:31:53+00:00\",\"dateModified\":\"2026-04-08T05:31:53+00:00\",\"description\":\"Compra 439893 Maletin Portafolio,,, 14.1 + Env\u00edo a domicilio + Pago seguro + Garant\u00eda\",\"breadcrumb\":{\"@id\":\"https:\/\/compuviper.mx\/tienda\/producto\/manhattan-439893-maletin-portafolio-14-1\/#breadcrumb\"},\"inLanguage\":\"es-MX\",\"potentialAction\":[{\"@type\":\"ReadAction\",\"target\":[\"https:\/\/compuviper.mx\/tienda\/producto\/manhattan-439893-maletin-portafolio-14-1\/\"]}]},{\"@type\":\"BreadcrumbList\",\"@id\":\"https:\/\/compuviper.mx\/tienda\/producto\/manhattan-439893-maletin-portafolio-14-1\/#breadcrumb\",\"itemListElement\":[{\"@type\":\"ListItem\",\"position\":1,\"name\":\"Inicio\",\"item\":\"https:\/\/compuviper.mx\/tienda\/\"},{\"@type\":\"ListItem\",\"position\":2,\"name\":\"Productos\",\"item\":\"https:\/\/compuviper.mx\/tienda\/productos\/\"},{\"@type\":\"ListItem\",\"position\":3,\"name\":\"Maletines\",\"item\":\"https:\/\/compuviper.mx\/tienda\/categoria-producto\/maletines\/\"},{\"@type\":\"ListItem\",\"position\":4,\"name\":\"Maletin Clasico\",\"item\":\"https:\/\/compuviper.mx\/tienda\/categoria-producto\/maletines\/maletin-clasico\/\"},{\"@type\":\"ListItem\",\"position\":5,\"name\":\"Manhattan 439893 Maletin Portafolio,,, 14.1\"}]},{\"@type\":\"WebSite\",\"@id\":\"https:\/\/compuviper.mx\/tienda\/#website\",\"url\":\"https:\/\/compuviper.mx\/tienda\/\",\"name\":\"Compuviper\",\"description\":\"Proveedor de Computadoras, Laptops, Servidores, Monitores, Puntos de Venta, Teclados,   Impresoras, T\u00f3ner, C\u00e1maras de Seguridad y m\u00e1s en tu tienda en l\u00ednea\",\"publisher\":{\"@id\":\"https:\/\/compuviper.mx\/tienda\/#organization\"},\"potentialAction\":[{\"@type\":\"SearchAction\",\"target\":{\"@type\":\"EntryPoint\",\"urlTemplate\":\"https:\/\/compuviper.mx\/tienda\/?s={search_term_string}\"},\"query-input\":\"required name=search_term_string\"}],\"inLanguage\":\"es-MX\"},{\"@type\":\"Organization\",\"@id\":\"https:\/\/compuviper.mx\/tienda\/#organization\",\"name\":\"Compuviper\",\"url\":\"https:\/\/compuviper.mx\/tienda\/\",\"logo\":{\"@type\":\"ImageObject\",\"inLanguage\":\"es-MX\",\"@id\":\"https:\/\/compuviper.mx\/tienda\/#\/schema\/logo\/image\/\",\"url\":\"https:\/\/compuviper.mx\/tienda\/wp-content\/uploads\/2021\/08\/Logo-Compuviper-10.png\",\"contentUrl\":\"https:\/\/compuviper.mx\/tienda\/wp-content\/uploads\/2021\/08\/Logo-Compuviper-10.png\",\"width\":1000,\"height\":500,\"caption\":\"Compuviper\"},\"image\":{\"@id\":\"https:\/\/compuviper.mx\/tienda\/#\/schema\/logo\/image\/\"},\"sameAs\":[\"https:\/\/www.facebook.com\/compuviper\",\"https:\/\/www.youtube.com\/channel\/UCf73dERp9Y3cfOq7q8BhLjA?view_as=subscriber\"]}]}<\/script>\n<meta property=\"product:brand\" content=\"MANHATTAN\" \/>\n<meta property=\"product:price:amount\" content=\"190\" \/>\n<meta property=\"product:price:currency\" content=\"MXN\" \/>\n<meta property=\"og:availability\" content=\"instock\" \/>\n<meta property=\"product:availability\" content=\"instock\" \/>\n<meta property=\"product:retailer_item_id\" content=\"439893\" \/>\n<meta property=\"product:condition\" content=\"new\" \/>\n<!-- \/ Yoast SEO plugin. -->","yoast_head_json":{"title":"[ Manhattan ] &#129351; 439893 Maletin Portafolio,,, 14.1","description":"Compra 439893 Maletin Portafolio,,, 14.1 + Env\u00edo a domicilio + Pago seguro + Garant\u00eda","robots":{"index":"index","follow":"follow","max-snippet":"max-snippet:-1","max-image-preview":"max-image-preview:large","max-video-preview":"max-video-preview:-1"},"canonical":"https:\/\/compuviper.mx\/tienda\/producto\/manhattan-439893-maletin-portafolio-14-1\/","og_locale":"es_MX","og_type":"article","og_title":"[ Manhattan ] &#129351; 439893 Maletin Portafolio,,, 14.1","og_description":"Compra 439893 Maletin Portafolio,,, 14.1 + Env\u00edo a domicilio + Pago seguro + Garant\u00eda","og_url":"https:\/\/compuviper.mx\/tienda\/producto\/manhattan-439893-maletin-portafolio-14-1\/","og_site_name":"Compuviper","article_publisher":"https:\/\/www.facebook.com\/compuviper","og_image":[{"width":200,"height":200,"url":"https:\/\/compuviper.mx\/tienda\/wp-content\/uploads\/2023\/12\/Maletin-portafoliomanhattan439893-14.1.jpg","type":"image\/jpeg"}],"twitter_card":"summary_large_image","twitter_misc":{"Precio":"&#36;190 con IVA","Availability":"In stock"},"schema":{"@context":"https:\/\/schema.org","@graph":[{"@type":"WebPage","@id":"https:\/\/compuviper.mx\/tienda\/producto\/manhattan-439893-maletin-portafolio-14-1\/","url":"https:\/\/compuviper.mx\/tienda\/producto\/manhattan-439893-maletin-portafolio-14-1\/","name":"[ Manhattan ] &#129351; 439893 Maletin Portafolio,,, 14.1","isPartOf":{"@id":"https:\/\/compuviper.mx\/tienda\/#website"},"datePublished":"2026-04-08T05:31:53+00:00","dateModified":"2026-04-08T05:31:53+00:00","description":"Compra 439893 Maletin Portafolio,,, 14.1 + Env\u00edo a domicilio + Pago seguro + Garant\u00eda","breadcrumb":{"@id":"https:\/\/compuviper.mx\/tienda\/producto\/manhattan-439893-maletin-portafolio-14-1\/#breadcrumb"},"inLanguage":"es-MX","potentialAction":[{"@type":"ReadAction","target":["https:\/\/compuviper.mx\/tienda\/producto\/manhattan-439893-maletin-portafolio-14-1\/"]}]},{"@type":"BreadcrumbList","@id":"https:\/\/compuviper.mx\/tienda\/producto\/manhattan-439893-maletin-portafolio-14-1\/#breadcrumb","itemListElement":[{"@type":"ListItem","position":1,"name":"Inicio","item":"https:\/\/compuviper.mx\/tienda\/"},{"@type":"ListItem","position":2,"name":"Productos","item":"https:\/\/compuviper.mx\/tienda\/productos\/"},{"@type":"ListItem","position":3,"name":"Maletines","item":"https:\/\/compuviper.mx\/tienda\/categoria-producto\/maletines\/"},{"@type":"ListItem","position":4,"name":"Maletin Clasico","item":"https:\/\/compuviper.mx\/tienda\/categoria-producto\/maletines\/maletin-clasico\/"},{"@type":"ListItem","position":5,"name":"Manhattan 439893 Maletin Portafolio,,, 14.1"}]},{"@type":"WebSite","@id":"https:\/\/compuviper.mx\/tienda\/#website","url":"https:\/\/compuviper.mx\/tienda\/","name":"Compuviper","description":"Proveedor de Computadoras, Laptops, Servidores, Monitores, Puntos de Venta, Teclados,   Impresoras, T\u00f3ner, C\u00e1maras de Seguridad y m\u00e1s en tu tienda en l\u00ednea","publisher":{"@id":"https:\/\/compuviper.mx\/tienda\/#organization"},"potentialAction":[{"@type":"SearchAction","target":{"@type":"EntryPoint","urlTemplate":"https:\/\/compuviper.mx\/tienda\/?s={search_term_string}"},"query-input":"required name=search_term_string"}],"inLanguage":"es-MX"},{"@type":"Organization","@id":"https:\/\/compuviper.mx\/tienda\/#organization","name":"Compuviper","url":"https:\/\/compuviper.mx\/tienda\/","logo":{"@type":"ImageObject","inLanguage":"es-MX","@id":"https:\/\/compuviper.mx\/tienda\/#\/schema\/logo\/image\/","url":"https:\/\/compuviper.mx\/tienda\/wp-content\/uploads\/2021\/08\/Logo-Compuviper-10.png","contentUrl":"https:\/\/compuviper.mx\/tienda\/wp-content\/uploads\/2021\/08\/Logo-Compuviper-10.png","width":1000,"height":500,"caption":"Compuviper"},"image":{"@id":"https:\/\/compuviper.mx\/tienda\/#\/schema\/logo\/image\/"},"sameAs":["https:\/\/www.facebook.com\/compuviper","https:\/\/www.youtube.com\/channel\/UCf73dERp9Y3cfOq7q8BhLjA?view_as=subscriber"]}]},"product_brand":"MANHATTAN","product_price_amount":"190","product_price_currency":"MXN","og_availability":"instock","product_availability":"instock","product_retailer_item_id":"439893","product_condition":"new"},"_links":{"self":[{"href":"https:\/\/compuviper.mx\/tienda\/wp-json\/wp\/v2\/product\/212225"}],"collection":[{"href":"https:\/\/compuviper.mx\/tienda\/wp-json\/wp\/v2\/product"}],"about":[{"href":"https:\/\/compuviper.mx\/tienda\/wp-json\/wp\/v2\/types\/product"}],"replies":[{"embeddable":true,"href":"https:\/\/compuviper.mx\/tienda\/wp-json\/wp\/v2\/comments?post=212225"}],"wp:featuredmedia":[{"embeddable":true,"href":"https:\/\/compuviper.mx\/tienda\/wp-json\/wp\/v2\/media\/212226"}],"wp:attachment":[{"href":"https:\/\/compuviper.mx\/tienda\/wp-json\/wp\/v2\/media?parent=212225"}],"wp:term":[{"taxonomy":"product_cat","embeddable":true,"href":"https:\/\/compuviper.mx\/tienda\/wp-json\/wp\/v2\/product_cat?post=212225"},{"taxonomy":"product_tag","embeddable":true,"href":"https:\/\/compuviper.mx\/tienda\/wp-json\/wp\/v2\/product_tag?post=212225"}],"curies":[{"name":"wp","href":"https:\/\/api.w.org\/{rel}","templated":true}]}}