{"id":212217,"date":"2026-04-16T23:31:40","date_gmt":"2026-04-17T05:31:40","guid":{"rendered":"https:\/\/compuviper.mx\/tienda\/producto\/provision-isr-pr-c08x10-adaptador-de-energia-dc-macho-bolsa-de-10-pzas\/"},"modified":"2026-04-16T23:31:40","modified_gmt":"2026-04-17T05:31:40","slug":"provision-isr-pr-c08x10-adaptador-de-energia-dc-macho-bolsa-de-10-pzas","status":"publish","type":"product","link":"https:\/\/compuviper.mx\/tienda\/producto\/provision-isr-pr-c08x10-adaptador-de-energia-dc-macho-bolsa-de-10-pzas\/","title":{"rendered":"Provision Isr Pr-c08x10 Adaptador De Energia \/  \/  \/ Dc Macho \/ Bolsa De 10 Pzas"},"content":{"rendered":"<table class=\"descripcion\">\n<tr>\n<td>Informacin tcnica:<\/td>\n<\/tr>\n<tr>\n<td>10 pzas adaptador de alimentacin de energa para c\u00e1maras dc<\/td>\n<\/tr>\n<tr>\n<td>Macho.<\/td>\n<\/tr>\n<\/table>\n","protected":false},"excerpt":{"rendered":"<p>Informacin comercial. Una parte fundamental en el \u00e1rea de la seguridad, son los accesorios que se emplean. Para la instalacin de los equipos. De poco sirve adquirir equipos con excelentes. Prestaciones, si los accesorios son de baja calidad. En este aspecto, provision isr. Incluye desde conectores bnc, hasta lentes vari focales, pasando por gabinetes. De montaje exterior y soportes.<\/p>\n","protected":false},"featured_media":212218,"comment_status":"open","ping_status":"open","template":"","meta":[],"product_cat":[1485,1492],"product_tag":[1526],"acf":[],"yoast_head":"<!-- This site is optimized with the Yoast SEO plugin v21.7 - https:\/\/yoast.com\/wordpress\/plugins\/seo\/ -->\n<title>[ Provision Isr ] &#129351; Pr-c08x10 Adaptador De Energia \/ \/ \/ Dc Macho \/ Bolsa De 10 Pzas<\/title>\n<meta name=\"description\" content=\"Compra Pr-c08x10 Adaptador De Energia \/ \/ \/ Dc Macho \/ Bolsa De 10 Pzas + Env\u00edo a domicilio + Pago seguro + Garant\u00eda\" \/>\n<meta name=\"robots\" content=\"index, follow, max-snippet:-1, max-image-preview:large, max-video-preview:-1\" \/>\n<link rel=\"canonical\" href=\"https:\/\/compuviper.mx\/tienda\/producto\/provision-isr-pr-c08x10-adaptador-de-energia-dc-macho-bolsa-de-10-pzas\/\" \/>\n<meta property=\"og:locale\" content=\"es_MX\" \/>\n<meta property=\"og:type\" content=\"article\" \/>\n<meta property=\"og:title\" content=\"[ Provision Isr ] &#129351; Pr-c08x10 Adaptador De Energia \/ \/ \/ Dc Macho \/ Bolsa De 10 Pzas\" \/>\n<meta property=\"og:description\" content=\"Compra Pr-c08x10 Adaptador De Energia \/ \/ \/ Dc Macho \/ Bolsa De 10 Pzas + Env\u00edo a domicilio + Pago seguro + Garant\u00eda\" \/>\n<meta property=\"og:url\" content=\"https:\/\/compuviper.mx\/tienda\/producto\/provision-isr-pr-c08x10-adaptador-de-energia-dc-macho-bolsa-de-10-pzas\/\" \/>\n<meta property=\"og:site_name\" content=\"Compuviper\" \/>\n<meta property=\"article:publisher\" content=\"https:\/\/www.facebook.com\/compuviper\" \/>\n<meta property=\"og:image\" content=\"https:\/\/compuviper.mx\/tienda\/wp-content\/uploads\/2023\/12\/Adaptador-de-energia-provision-isr-pr-c08x10-dc-macho-bolsa-de-10-pzas.jpg\" \/>\n\t<meta property=\"og:image:width\" content=\"200\" \/>\n\t<meta property=\"og:image:height\" content=\"200\" \/>\n\t<meta property=\"og:image:type\" content=\"image\/jpeg\" \/>\n<meta name=\"twitter:card\" content=\"summary_large_image\" \/>\n<meta name=\"twitter:label1\" content=\"Precio\" \/>\n\t<meta name=\"twitter:data1\" content=\"&#36;59 con IVA\" \/>\n\t<meta name=\"twitter:label2\" content=\"Availability\" \/>\n\t<meta name=\"twitter:data2\" content=\"Out of stock\" \/>\n<script type=\"application\/ld+json\" class=\"yoast-schema-graph\">{\"@context\":\"https:\/\/schema.org\",\"@graph\":[{\"@type\":\"WebPage\",\"@id\":\"https:\/\/compuviper.mx\/tienda\/producto\/provision-isr-pr-c08x10-adaptador-de-energia-dc-macho-bolsa-de-10-pzas\/\",\"url\":\"https:\/\/compuviper.mx\/tienda\/producto\/provision-isr-pr-c08x10-adaptador-de-energia-dc-macho-bolsa-de-10-pzas\/\",\"name\":\"[ Provision Isr ] &#129351; Pr-c08x10 Adaptador De Energia \/ \/ \/ Dc Macho \/ Bolsa De 10 Pzas\",\"isPartOf\":{\"@id\":\"https:\/\/compuviper.mx\/tienda\/#website\"},\"datePublished\":\"2026-04-17T05:31:40+00:00\",\"dateModified\":\"2026-04-17T05:31:40+00:00\",\"description\":\"Compra Pr-c08x10 Adaptador De Energia \/ \/ \/ Dc Macho \/ Bolsa De 10 Pzas + Env\u00edo a domicilio + Pago seguro + Garant\u00eda\",\"breadcrumb\":{\"@id\":\"https:\/\/compuviper.mx\/tienda\/producto\/provision-isr-pr-c08x10-adaptador-de-energia-dc-macho-bolsa-de-10-pzas\/#breadcrumb\"},\"inLanguage\":\"es-MX\",\"potentialAction\":[{\"@type\":\"ReadAction\",\"target\":[\"https:\/\/compuviper.mx\/tienda\/producto\/provision-isr-pr-c08x10-adaptador-de-energia-dc-macho-bolsa-de-10-pzas\/\"]}]},{\"@type\":\"BreadcrumbList\",\"@id\":\"https:\/\/compuviper.mx\/tienda\/producto\/provision-isr-pr-c08x10-adaptador-de-energia-dc-macho-bolsa-de-10-pzas\/#breadcrumb\",\"itemListElement\":[{\"@type\":\"ListItem\",\"position\":1,\"name\":\"Inicio\",\"item\":\"https:\/\/compuviper.mx\/tienda\/\"},{\"@type\":\"ListItem\",\"position\":2,\"name\":\"Productos\",\"item\":\"https:\/\/compuviper.mx\/tienda\/productos\/\"},{\"@type\":\"ListItem\",\"position\":3,\"name\":\"Accesorios\",\"item\":\"https:\/\/compuviper.mx\/tienda\/categoria-producto\/accesorios\/\"},{\"@type\":\"ListItem\",\"position\":4,\"name\":\"Adaptadores\",\"item\":\"https:\/\/compuviper.mx\/tienda\/categoria-producto\/accesorios\/adaptadores\/\"},{\"@type\":\"ListItem\",\"position\":5,\"name\":\"Provision Isr Pr-c08x10 Adaptador De Energia \/ \/ \/ Dc Macho \/ Bolsa De 10 Pzas\"}]},{\"@type\":\"WebSite\",\"@id\":\"https:\/\/compuviper.mx\/tienda\/#website\",\"url\":\"https:\/\/compuviper.mx\/tienda\/\",\"name\":\"Compuviper\",\"description\":\"Proveedor de Computadoras, Laptops, Servidores, Monitores, Puntos de Venta, Teclados,   Impresoras, T\u00f3ner, C\u00e1maras de Seguridad y m\u00e1s en tu tienda en l\u00ednea\",\"publisher\":{\"@id\":\"https:\/\/compuviper.mx\/tienda\/#organization\"},\"potentialAction\":[{\"@type\":\"SearchAction\",\"target\":{\"@type\":\"EntryPoint\",\"urlTemplate\":\"https:\/\/compuviper.mx\/tienda\/?s={search_term_string}\"},\"query-input\":\"required name=search_term_string\"}],\"inLanguage\":\"es-MX\"},{\"@type\":\"Organization\",\"@id\":\"https:\/\/compuviper.mx\/tienda\/#organization\",\"name\":\"Compuviper\",\"url\":\"https:\/\/compuviper.mx\/tienda\/\",\"logo\":{\"@type\":\"ImageObject\",\"inLanguage\":\"es-MX\",\"@id\":\"https:\/\/compuviper.mx\/tienda\/#\/schema\/logo\/image\/\",\"url\":\"https:\/\/compuviper.mx\/tienda\/wp-content\/uploads\/2021\/08\/Logo-Compuviper-10.png\",\"contentUrl\":\"https:\/\/compuviper.mx\/tienda\/wp-content\/uploads\/2021\/08\/Logo-Compuviper-10.png\",\"width\":1000,\"height\":500,\"caption\":\"Compuviper\"},\"image\":{\"@id\":\"https:\/\/compuviper.mx\/tienda\/#\/schema\/logo\/image\/\"},\"sameAs\":[\"https:\/\/www.facebook.com\/compuviper\",\"https:\/\/www.youtube.com\/channel\/UCf73dERp9Y3cfOq7q8BhLjA?view_as=subscriber\"]}]}<\/script>\n<meta property=\"product:brand\" content=\"PROVISION ISR\" \/>\n<meta property=\"product:price:amount\" content=\"59\" \/>\n<meta property=\"product:price:currency\" content=\"MXN\" \/>\n<meta property=\"og:availability\" content=\"out of stock\" \/>\n<meta property=\"product:availability\" content=\"out of stock\" \/>\n<meta property=\"product:retailer_item_id\" content=\"PR-C08X10\" \/>\n<meta property=\"product:condition\" content=\"new\" \/>\n<!-- \/ Yoast SEO plugin. -->","yoast_head_json":{"title":"[ Provision Isr ] &#129351; Pr-c08x10 Adaptador De Energia \/ \/ \/ Dc Macho \/ Bolsa De 10 Pzas","description":"Compra Pr-c08x10 Adaptador De Energia \/ \/ \/ Dc Macho \/ Bolsa De 10 Pzas + Env\u00edo a domicilio + Pago seguro + Garant\u00eda","robots":{"index":"index","follow":"follow","max-snippet":"max-snippet:-1","max-image-preview":"max-image-preview:large","max-video-preview":"max-video-preview:-1"},"canonical":"https:\/\/compuviper.mx\/tienda\/producto\/provision-isr-pr-c08x10-adaptador-de-energia-dc-macho-bolsa-de-10-pzas\/","og_locale":"es_MX","og_type":"article","og_title":"[ Provision Isr ] &#129351; Pr-c08x10 Adaptador De Energia \/ \/ \/ Dc Macho \/ Bolsa De 10 Pzas","og_description":"Compra Pr-c08x10 Adaptador De Energia \/ \/ \/ Dc Macho \/ Bolsa De 10 Pzas + Env\u00edo a domicilio + Pago seguro + Garant\u00eda","og_url":"https:\/\/compuviper.mx\/tienda\/producto\/provision-isr-pr-c08x10-adaptador-de-energia-dc-macho-bolsa-de-10-pzas\/","og_site_name":"Compuviper","article_publisher":"https:\/\/www.facebook.com\/compuviper","og_image":[{"width":200,"height":200,"url":"https:\/\/compuviper.mx\/tienda\/wp-content\/uploads\/2023\/12\/Adaptador-de-energia-provision-isr-pr-c08x10-dc-macho-bolsa-de-10-pzas.jpg","type":"image\/jpeg"}],"twitter_card":"summary_large_image","twitter_misc":{"Precio":"&#36;59 con IVA","Availability":"Out of stock"},"schema":{"@context":"https:\/\/schema.org","@graph":[{"@type":"WebPage","@id":"https:\/\/compuviper.mx\/tienda\/producto\/provision-isr-pr-c08x10-adaptador-de-energia-dc-macho-bolsa-de-10-pzas\/","url":"https:\/\/compuviper.mx\/tienda\/producto\/provision-isr-pr-c08x10-adaptador-de-energia-dc-macho-bolsa-de-10-pzas\/","name":"[ Provision Isr ] &#129351; Pr-c08x10 Adaptador De Energia \/ \/ \/ Dc Macho \/ Bolsa De 10 Pzas","isPartOf":{"@id":"https:\/\/compuviper.mx\/tienda\/#website"},"datePublished":"2026-04-17T05:31:40+00:00","dateModified":"2026-04-17T05:31:40+00:00","description":"Compra Pr-c08x10 Adaptador De Energia \/ \/ \/ Dc Macho \/ Bolsa De 10 Pzas + Env\u00edo a domicilio + Pago seguro + Garant\u00eda","breadcrumb":{"@id":"https:\/\/compuviper.mx\/tienda\/producto\/provision-isr-pr-c08x10-adaptador-de-energia-dc-macho-bolsa-de-10-pzas\/#breadcrumb"},"inLanguage":"es-MX","potentialAction":[{"@type":"ReadAction","target":["https:\/\/compuviper.mx\/tienda\/producto\/provision-isr-pr-c08x10-adaptador-de-energia-dc-macho-bolsa-de-10-pzas\/"]}]},{"@type":"BreadcrumbList","@id":"https:\/\/compuviper.mx\/tienda\/producto\/provision-isr-pr-c08x10-adaptador-de-energia-dc-macho-bolsa-de-10-pzas\/#breadcrumb","itemListElement":[{"@type":"ListItem","position":1,"name":"Inicio","item":"https:\/\/compuviper.mx\/tienda\/"},{"@type":"ListItem","position":2,"name":"Productos","item":"https:\/\/compuviper.mx\/tienda\/productos\/"},{"@type":"ListItem","position":3,"name":"Accesorios","item":"https:\/\/compuviper.mx\/tienda\/categoria-producto\/accesorios\/"},{"@type":"ListItem","position":4,"name":"Adaptadores","item":"https:\/\/compuviper.mx\/tienda\/categoria-producto\/accesorios\/adaptadores\/"},{"@type":"ListItem","position":5,"name":"Provision Isr Pr-c08x10 Adaptador De Energia \/ \/ \/ Dc Macho \/ Bolsa De 10 Pzas"}]},{"@type":"WebSite","@id":"https:\/\/compuviper.mx\/tienda\/#website","url":"https:\/\/compuviper.mx\/tienda\/","name":"Compuviper","description":"Proveedor de Computadoras, Laptops, Servidores, Monitores, Puntos de Venta, Teclados,   Impresoras, T\u00f3ner, C\u00e1maras de Seguridad y m\u00e1s en tu tienda en l\u00ednea","publisher":{"@id":"https:\/\/compuviper.mx\/tienda\/#organization"},"potentialAction":[{"@type":"SearchAction","target":{"@type":"EntryPoint","urlTemplate":"https:\/\/compuviper.mx\/tienda\/?s={search_term_string}"},"query-input":"required name=search_term_string"}],"inLanguage":"es-MX"},{"@type":"Organization","@id":"https:\/\/compuviper.mx\/tienda\/#organization","name":"Compuviper","url":"https:\/\/compuviper.mx\/tienda\/","logo":{"@type":"ImageObject","inLanguage":"es-MX","@id":"https:\/\/compuviper.mx\/tienda\/#\/schema\/logo\/image\/","url":"https:\/\/compuviper.mx\/tienda\/wp-content\/uploads\/2021\/08\/Logo-Compuviper-10.png","contentUrl":"https:\/\/compuviper.mx\/tienda\/wp-content\/uploads\/2021\/08\/Logo-Compuviper-10.png","width":1000,"height":500,"caption":"Compuviper"},"image":{"@id":"https:\/\/compuviper.mx\/tienda\/#\/schema\/logo\/image\/"},"sameAs":["https:\/\/www.facebook.com\/compuviper","https:\/\/www.youtube.com\/channel\/UCf73dERp9Y3cfOq7q8BhLjA?view_as=subscriber"]}]},"product_brand":"PROVISION ISR","product_price_amount":"59","product_price_currency":"MXN","og_availability":"out of stock","product_availability":"out of stock","product_retailer_item_id":"PR-C08X10","product_condition":"new"},"_links":{"self":[{"href":"https:\/\/compuviper.mx\/tienda\/wp-json\/wp\/v2\/product\/212217"}],"collection":[{"href":"https:\/\/compuviper.mx\/tienda\/wp-json\/wp\/v2\/product"}],"about":[{"href":"https:\/\/compuviper.mx\/tienda\/wp-json\/wp\/v2\/types\/product"}],"replies":[{"embeddable":true,"href":"https:\/\/compuviper.mx\/tienda\/wp-json\/wp\/v2\/comments?post=212217"}],"wp:featuredmedia":[{"embeddable":true,"href":"https:\/\/compuviper.mx\/tienda\/wp-json\/wp\/v2\/media\/212218"}],"wp:attachment":[{"href":"https:\/\/compuviper.mx\/tienda\/wp-json\/wp\/v2\/media?parent=212217"}],"wp:term":[{"taxonomy":"product_cat","embeddable":true,"href":"https:\/\/compuviper.mx\/tienda\/wp-json\/wp\/v2\/product_cat?post=212217"},{"taxonomy":"product_tag","embeddable":true,"href":"https:\/\/compuviper.mx\/tienda\/wp-json\/wp\/v2\/product_tag?post=212217"}],"curies":[{"name":"wp","href":"https:\/\/api.w.org\/{rel}","templated":true}]}}