{"id":212111,"date":"2026-04-06T23:30:34","date_gmt":"2026-04-07T05:30:34","guid":{"rendered":"https:\/\/compuviper.mx\/tienda\/producto\/grandstream-ht813-ata-para-telfono-analogico-1-puerto-fxs-2-cuenta-sip-1-puerto-fxo-pstn-2-puertos-10-100\/"},"modified":"2026-04-06T23:30:34","modified_gmt":"2026-04-07T05:30:34","slug":"grandstream-ht813-ata-para-telfono-analogico-1-puerto-fxs-2-cuenta-sip-1-puerto-fxo-pstn-2-puertos-10-100","status":"publish","type":"product","link":"https:\/\/compuviper.mx\/tienda\/producto\/grandstream-ht813-ata-para-telfono-analogico-1-puerto-fxs-2-cuenta-sip-1-puerto-fxo-pstn-2-puertos-10-100\/","title":{"rendered":"Grandstream Ht813 Ata   Para Telfono Analogico 1 Puerto Fxs 2 Cuenta Sip 1 Puerto Fxo Pstn 2 Puertos 10\/100"},"content":{"rendered":"<table class=\"descripcion\">\n<tr>\n<td>-admite 2 perfiles sip a traves de 1 puerto fxs y 1 puerto fxo<\/td>\n<\/tr>\n<tr>\n<td>-puertos lan y wan duales a 100mbps soporte de lifelineel puerto fxs sera transmitido al puerto fxo en caso de un corte de energia.<\/td>\n<\/tr>\n<tr>\n<td>&#8211; conferencia de voz de 3 vias por puerto<\/td>\n<\/tr>\n<tr>\n<td>-opciones de aprovisionamientoautomatizadas y seguras utilizando tr069<\/td>\n<\/tr>\n<tr>\n<td>-admite fax t.38 para un fax confiable a traves de ip<\/td>\n<\/tr>\n<tr>\n<td>-el servidor sip de conmutacion por error cambia automaticamente al servidor principal pierde la conexion cifrado aes fuerte con certificado de seguridad por unidad.<\/td>\n<\/tr>\n<\/table>\n","protected":false},"excerpt":{"rendered":"<p>El ht813 es un adaptador de telefono  analogico que cuenta con 1 puerto analogico fxs para telefono y 1 puerto pstn de linea fxo para ofrecer soporte de linea de vida de respalfo utilizando una linea pstn. La integracion de un puerto fxo y fxs permite que este sta hibrido admita llamadas remotas desde y hacia la linea pstn. Para mayor flexibilidad, el puerto fxs extiende servicio voip a un dispositivo analogico. Los usuarios pueden convertir su tecnologia analogica a voip gracias al tamao ultra compacto de ht813, la calidad de voz hd, la funcionalidad avanzada de voip, la protecccion de seguridad de gama alta y las multiples opciones de aprovisionamiento automatico. Estas caracteristicas avanzadas tambien permiten a los proveedores de servicios ofrecer un servicio de ip de alta calidad a los clientes que desean actualizarse a voip.<\/p>\n","protected":false},"featured_media":212112,"comment_status":"open","ping_status":"open","template":"","meta":[],"product_cat":[1485,1492],"product_tag":[1576],"acf":[],"yoast_head":"<!-- This site is optimized with the Yoast SEO plugin v21.7 - https:\/\/yoast.com\/wordpress\/plugins\/seo\/ -->\n<title>[ Grandstream ] &#129351; Ht813 Ata Para Telfono Analogico 1 Puerto Fxs 2 Cuenta Sip 1 Puerto Fxo Pstn 2 Puertos 10\/100<\/title>\n<meta name=\"description\" content=\"Compra Ht813 Ata Para Telfono Analogico 1 Puerto Fxs 2 Cuenta Sip 1 Puerto Fxo Pstn 2 Puertos 10\/100 + Env\u00edo a domicilio + Pago seguro + Garant\u00eda\" \/>\n<meta name=\"robots\" content=\"index, follow, max-snippet:-1, max-image-preview:large, max-video-preview:-1\" \/>\n<link rel=\"canonical\" href=\"https:\/\/compuviper.mx\/tienda\/producto\/grandstream-ht813-ata-para-telfono-analogico-1-puerto-fxs-2-cuenta-sip-1-puerto-fxo-pstn-2-puertos-10-100\/\" \/>\n<meta property=\"og:locale\" content=\"es_MX\" \/>\n<meta property=\"og:type\" content=\"article\" \/>\n<meta property=\"og:title\" content=\"[ Grandstream ] &#129351; Ht813 Ata Para Telfono Analogico 1 Puerto Fxs 2 Cuenta Sip 1 Puerto Fxo Pstn 2 Puertos 10\/100\" \/>\n<meta property=\"og:description\" content=\"Compra Ht813 Ata Para Telfono Analogico 1 Puerto Fxs 2 Cuenta Sip 1 Puerto Fxo Pstn 2 Puertos 10\/100 + Env\u00edo a domicilio + Pago seguro + Garant\u00eda\" \/>\n<meta property=\"og:url\" content=\"https:\/\/compuviper.mx\/tienda\/producto\/grandstream-ht813-ata-para-telfono-analogico-1-puerto-fxs-2-cuenta-sip-1-puerto-fxo-pstn-2-puertos-10-100\/\" \/>\n<meta property=\"og:site_name\" content=\"Compuviper\" \/>\n<meta property=\"article:publisher\" content=\"https:\/\/www.facebook.com\/compuviper\" \/>\n<meta property=\"og:image\" content=\"https:\/\/compuviper.mx\/tienda\/wp-content\/uploads\/2023\/12\/Ata-grandstream-ht813-para-telfono-analogico-1-puerto-fxs-2-cuenta-sip-1-puerto-fxo-pstn-2-puertos-10100.jpg\" \/>\n\t<meta property=\"og:image:width\" content=\"200\" \/>\n\t<meta property=\"og:image:height\" content=\"200\" \/>\n\t<meta property=\"og:image:type\" content=\"image\/jpeg\" \/>\n<meta name=\"twitter:card\" content=\"summary_large_image\" \/>\n<meta name=\"twitter:label1\" content=\"Precio\" \/>\n\t<meta name=\"twitter:data1\" content=\"&#36;1,409 con IVA\" \/>\n\t<meta name=\"twitter:label2\" content=\"Availability\" \/>\n\t<meta name=\"twitter:data2\" content=\"On backorder\" \/>\n<script type=\"application\/ld+json\" class=\"yoast-schema-graph\">{\"@context\":\"https:\/\/schema.org\",\"@graph\":[{\"@type\":\"WebPage\",\"@id\":\"https:\/\/compuviper.mx\/tienda\/producto\/grandstream-ht813-ata-para-telfono-analogico-1-puerto-fxs-2-cuenta-sip-1-puerto-fxo-pstn-2-puertos-10-100\/\",\"url\":\"https:\/\/compuviper.mx\/tienda\/producto\/grandstream-ht813-ata-para-telfono-analogico-1-puerto-fxs-2-cuenta-sip-1-puerto-fxo-pstn-2-puertos-10-100\/\",\"name\":\"[ Grandstream ] &#129351; Ht813 Ata Para Telfono Analogico 1 Puerto Fxs 2 Cuenta Sip 1 Puerto Fxo Pstn 2 Puertos 10\/100\",\"isPartOf\":{\"@id\":\"https:\/\/compuviper.mx\/tienda\/#website\"},\"datePublished\":\"2026-04-07T05:30:34+00:00\",\"dateModified\":\"2026-04-07T05:30:34+00:00\",\"description\":\"Compra Ht813 Ata Para Telfono Analogico 1 Puerto Fxs 2 Cuenta Sip 1 Puerto Fxo Pstn 2 Puertos 10\/100 + Env\u00edo a domicilio + Pago seguro + Garant\u00eda\",\"breadcrumb\":{\"@id\":\"https:\/\/compuviper.mx\/tienda\/producto\/grandstream-ht813-ata-para-telfono-analogico-1-puerto-fxs-2-cuenta-sip-1-puerto-fxo-pstn-2-puertos-10-100\/#breadcrumb\"},\"inLanguage\":\"es-MX\",\"potentialAction\":[{\"@type\":\"ReadAction\",\"target\":[\"https:\/\/compuviper.mx\/tienda\/producto\/grandstream-ht813-ata-para-telfono-analogico-1-puerto-fxs-2-cuenta-sip-1-puerto-fxo-pstn-2-puertos-10-100\/\"]}]},{\"@type\":\"BreadcrumbList\",\"@id\":\"https:\/\/compuviper.mx\/tienda\/producto\/grandstream-ht813-ata-para-telfono-analogico-1-puerto-fxs-2-cuenta-sip-1-puerto-fxo-pstn-2-puertos-10-100\/#breadcrumb\",\"itemListElement\":[{\"@type\":\"ListItem\",\"position\":1,\"name\":\"Inicio\",\"item\":\"https:\/\/compuviper.mx\/tienda\/\"},{\"@type\":\"ListItem\",\"position\":2,\"name\":\"Productos\",\"item\":\"https:\/\/compuviper.mx\/tienda\/productos\/\"},{\"@type\":\"ListItem\",\"position\":3,\"name\":\"Accesorios\",\"item\":\"https:\/\/compuviper.mx\/tienda\/categoria-producto\/accesorios\/\"},{\"@type\":\"ListItem\",\"position\":4,\"name\":\"Adaptadores\",\"item\":\"https:\/\/compuviper.mx\/tienda\/categoria-producto\/accesorios\/adaptadores\/\"},{\"@type\":\"ListItem\",\"position\":5,\"name\":\"Grandstream Ht813 Ata Para Telfono Analogico 1 Puerto Fxs 2 Cuenta Sip 1 Puerto Fxo Pstn 2 Puertos 10\/100\"}]},{\"@type\":\"WebSite\",\"@id\":\"https:\/\/compuviper.mx\/tienda\/#website\",\"url\":\"https:\/\/compuviper.mx\/tienda\/\",\"name\":\"Compuviper\",\"description\":\"Proveedor de Computadoras, Laptops, Servidores, Monitores, Puntos de Venta, Teclados,   Impresoras, T\u00f3ner, C\u00e1maras de Seguridad y m\u00e1s en tu tienda en l\u00ednea\",\"publisher\":{\"@id\":\"https:\/\/compuviper.mx\/tienda\/#organization\"},\"potentialAction\":[{\"@type\":\"SearchAction\",\"target\":{\"@type\":\"EntryPoint\",\"urlTemplate\":\"https:\/\/compuviper.mx\/tienda\/?s={search_term_string}\"},\"query-input\":\"required name=search_term_string\"}],\"inLanguage\":\"es-MX\"},{\"@type\":\"Organization\",\"@id\":\"https:\/\/compuviper.mx\/tienda\/#organization\",\"name\":\"Compuviper\",\"url\":\"https:\/\/compuviper.mx\/tienda\/\",\"logo\":{\"@type\":\"ImageObject\",\"inLanguage\":\"es-MX\",\"@id\":\"https:\/\/compuviper.mx\/tienda\/#\/schema\/logo\/image\/\",\"url\":\"https:\/\/compuviper.mx\/tienda\/wp-content\/uploads\/2021\/08\/Logo-Compuviper-10.png\",\"contentUrl\":\"https:\/\/compuviper.mx\/tienda\/wp-content\/uploads\/2021\/08\/Logo-Compuviper-10.png\",\"width\":1000,\"height\":500,\"caption\":\"Compuviper\"},\"image\":{\"@id\":\"https:\/\/compuviper.mx\/tienda\/#\/schema\/logo\/image\/\"},\"sameAs\":[\"https:\/\/www.facebook.com\/compuviper\",\"https:\/\/www.youtube.com\/channel\/UCf73dERp9Y3cfOq7q8BhLjA?view_as=subscriber\"]}]}<\/script>\n<meta property=\"product:brand\" content=\"GRANDSTREAM\" \/>\n<meta property=\"product:price:amount\" content=\"1409\" \/>\n<meta property=\"product:price:currency\" content=\"MXN\" \/>\n<meta property=\"og:availability\" content=\"backorder\" \/>\n<meta property=\"product:availability\" content=\"available for order\" \/>\n<meta property=\"product:retailer_item_id\" content=\"HT813\" \/>\n<meta property=\"product:condition\" content=\"new\" \/>\n<!-- \/ Yoast SEO plugin. -->","yoast_head_json":{"title":"[ Grandstream ] &#129351; Ht813 Ata Para Telfono Analogico 1 Puerto Fxs 2 Cuenta Sip 1 Puerto Fxo Pstn 2 Puertos 10\/100","description":"Compra Ht813 Ata Para Telfono Analogico 1 Puerto Fxs 2 Cuenta Sip 1 Puerto Fxo Pstn 2 Puertos 10\/100 + Env\u00edo a domicilio + Pago seguro + Garant\u00eda","robots":{"index":"index","follow":"follow","max-snippet":"max-snippet:-1","max-image-preview":"max-image-preview:large","max-video-preview":"max-video-preview:-1"},"canonical":"https:\/\/compuviper.mx\/tienda\/producto\/grandstream-ht813-ata-para-telfono-analogico-1-puerto-fxs-2-cuenta-sip-1-puerto-fxo-pstn-2-puertos-10-100\/","og_locale":"es_MX","og_type":"article","og_title":"[ Grandstream ] &#129351; Ht813 Ata Para Telfono Analogico 1 Puerto Fxs 2 Cuenta Sip 1 Puerto Fxo Pstn 2 Puertos 10\/100","og_description":"Compra Ht813 Ata Para Telfono Analogico 1 Puerto Fxs 2 Cuenta Sip 1 Puerto Fxo Pstn 2 Puertos 10\/100 + Env\u00edo a domicilio + Pago seguro + Garant\u00eda","og_url":"https:\/\/compuviper.mx\/tienda\/producto\/grandstream-ht813-ata-para-telfono-analogico-1-puerto-fxs-2-cuenta-sip-1-puerto-fxo-pstn-2-puertos-10-100\/","og_site_name":"Compuviper","article_publisher":"https:\/\/www.facebook.com\/compuviper","og_image":[{"width":200,"height":200,"url":"https:\/\/compuviper.mx\/tienda\/wp-content\/uploads\/2023\/12\/Ata-grandstream-ht813-para-telfono-analogico-1-puerto-fxs-2-cuenta-sip-1-puerto-fxo-pstn-2-puertos-10100.jpg","type":"image\/jpeg"}],"twitter_card":"summary_large_image","twitter_misc":{"Precio":"&#36;1,409 con IVA","Availability":"On backorder"},"schema":{"@context":"https:\/\/schema.org","@graph":[{"@type":"WebPage","@id":"https:\/\/compuviper.mx\/tienda\/producto\/grandstream-ht813-ata-para-telfono-analogico-1-puerto-fxs-2-cuenta-sip-1-puerto-fxo-pstn-2-puertos-10-100\/","url":"https:\/\/compuviper.mx\/tienda\/producto\/grandstream-ht813-ata-para-telfono-analogico-1-puerto-fxs-2-cuenta-sip-1-puerto-fxo-pstn-2-puertos-10-100\/","name":"[ Grandstream ] &#129351; Ht813 Ata Para Telfono Analogico 1 Puerto Fxs 2 Cuenta Sip 1 Puerto Fxo Pstn 2 Puertos 10\/100","isPartOf":{"@id":"https:\/\/compuviper.mx\/tienda\/#website"},"datePublished":"2026-04-07T05:30:34+00:00","dateModified":"2026-04-07T05:30:34+00:00","description":"Compra Ht813 Ata Para Telfono Analogico 1 Puerto Fxs 2 Cuenta Sip 1 Puerto Fxo Pstn 2 Puertos 10\/100 + Env\u00edo a domicilio + Pago seguro + Garant\u00eda","breadcrumb":{"@id":"https:\/\/compuviper.mx\/tienda\/producto\/grandstream-ht813-ata-para-telfono-analogico-1-puerto-fxs-2-cuenta-sip-1-puerto-fxo-pstn-2-puertos-10-100\/#breadcrumb"},"inLanguage":"es-MX","potentialAction":[{"@type":"ReadAction","target":["https:\/\/compuviper.mx\/tienda\/producto\/grandstream-ht813-ata-para-telfono-analogico-1-puerto-fxs-2-cuenta-sip-1-puerto-fxo-pstn-2-puertos-10-100\/"]}]},{"@type":"BreadcrumbList","@id":"https:\/\/compuviper.mx\/tienda\/producto\/grandstream-ht813-ata-para-telfono-analogico-1-puerto-fxs-2-cuenta-sip-1-puerto-fxo-pstn-2-puertos-10-100\/#breadcrumb","itemListElement":[{"@type":"ListItem","position":1,"name":"Inicio","item":"https:\/\/compuviper.mx\/tienda\/"},{"@type":"ListItem","position":2,"name":"Productos","item":"https:\/\/compuviper.mx\/tienda\/productos\/"},{"@type":"ListItem","position":3,"name":"Accesorios","item":"https:\/\/compuviper.mx\/tienda\/categoria-producto\/accesorios\/"},{"@type":"ListItem","position":4,"name":"Adaptadores","item":"https:\/\/compuviper.mx\/tienda\/categoria-producto\/accesorios\/adaptadores\/"},{"@type":"ListItem","position":5,"name":"Grandstream Ht813 Ata Para Telfono Analogico 1 Puerto Fxs 2 Cuenta Sip 1 Puerto Fxo Pstn 2 Puertos 10\/100"}]},{"@type":"WebSite","@id":"https:\/\/compuviper.mx\/tienda\/#website","url":"https:\/\/compuviper.mx\/tienda\/","name":"Compuviper","description":"Proveedor de Computadoras, Laptops, Servidores, Monitores, Puntos de Venta, Teclados,   Impresoras, T\u00f3ner, C\u00e1maras de Seguridad y m\u00e1s en tu tienda en l\u00ednea","publisher":{"@id":"https:\/\/compuviper.mx\/tienda\/#organization"},"potentialAction":[{"@type":"SearchAction","target":{"@type":"EntryPoint","urlTemplate":"https:\/\/compuviper.mx\/tienda\/?s={search_term_string}"},"query-input":"required name=search_term_string"}],"inLanguage":"es-MX"},{"@type":"Organization","@id":"https:\/\/compuviper.mx\/tienda\/#organization","name":"Compuviper","url":"https:\/\/compuviper.mx\/tienda\/","logo":{"@type":"ImageObject","inLanguage":"es-MX","@id":"https:\/\/compuviper.mx\/tienda\/#\/schema\/logo\/image\/","url":"https:\/\/compuviper.mx\/tienda\/wp-content\/uploads\/2021\/08\/Logo-Compuviper-10.png","contentUrl":"https:\/\/compuviper.mx\/tienda\/wp-content\/uploads\/2021\/08\/Logo-Compuviper-10.png","width":1000,"height":500,"caption":"Compuviper"},"image":{"@id":"https:\/\/compuviper.mx\/tienda\/#\/schema\/logo\/image\/"},"sameAs":["https:\/\/www.facebook.com\/compuviper","https:\/\/www.youtube.com\/channel\/UCf73dERp9Y3cfOq7q8BhLjA?view_as=subscriber"]}]},"product_brand":"GRANDSTREAM","product_price_amount":"1409","product_price_currency":"MXN","og_availability":"backorder","product_availability":"available for order","product_retailer_item_id":"HT813","product_condition":"new"},"_links":{"self":[{"href":"https:\/\/compuviper.mx\/tienda\/wp-json\/wp\/v2\/product\/212111"}],"collection":[{"href":"https:\/\/compuviper.mx\/tienda\/wp-json\/wp\/v2\/product"}],"about":[{"href":"https:\/\/compuviper.mx\/tienda\/wp-json\/wp\/v2\/types\/product"}],"replies":[{"embeddable":true,"href":"https:\/\/compuviper.mx\/tienda\/wp-json\/wp\/v2\/comments?post=212111"}],"wp:featuredmedia":[{"embeddable":true,"href":"https:\/\/compuviper.mx\/tienda\/wp-json\/wp\/v2\/media\/212112"}],"wp:attachment":[{"href":"https:\/\/compuviper.mx\/tienda\/wp-json\/wp\/v2\/media?parent=212111"}],"wp:term":[{"taxonomy":"product_cat","embeddable":true,"href":"https:\/\/compuviper.mx\/tienda\/wp-json\/wp\/v2\/product_cat?post=212111"},{"taxonomy":"product_tag","embeddable":true,"href":"https:\/\/compuviper.mx\/tienda\/wp-json\/wp\/v2\/product_tag?post=212111"}],"curies":[{"name":"wp","href":"https:\/\/api.w.org\/{rel}","templated":true}]}}