{"id":212109,"date":"2026-04-21T23:28:17","date_gmt":"2026-04-22T05:28:17","guid":{"rendered":"https:\/\/compuviper.mx\/tienda\/producto\/manhattan-207669-video-splitter-hdmi-4k30hz-1-in2-out-ac\/"},"modified":"2026-04-21T23:28:17","modified_gmt":"2026-04-22T05:28:17","slug":"manhattan-207669-video-splitter-hdmi-4k30hz-1-in2-out-ac","status":"publish","type":"product","link":"https:\/\/compuviper.mx\/tienda\/producto\/manhattan-207669-video-splitter-hdmi-4k30hz-1-in2-out-ac\/","title":{"rendered":"Manhattan 207669 Video Splitter,,, Hdmi 4k@30hz, 1 In:2 Out,  Ac"},"content":{"rendered":"<table class=\"descripcion\">\n<tr>\n<td>Est\u00e1ndares y certificaciones<\/td>\n<\/tr>\n<tr>\n<td>Hdcp 1.4<\/td>\n<\/tr>\n<tr>\n<td>Dvi 1.0<\/td>\n<\/tr>\n<tr>\n<td>Cts 1.4a<\/td>\n<\/tr>\n<tr>\n<td>Ce<\/td>\n<\/tr>\n<tr>\n<td>Fcc<\/td>\n<\/tr>\n<tr>\n<td>Rohs2<\/td>\n<\/tr>\n<tr>\n<td>General<\/td>\n<\/tr>\n<tr>\n<td>Distancia de la fuente de origen al splitter: hasta 15 m<\/td>\n<\/tr>\n<tr>\n<td>Distancia del splitter al monitor: hasta 15 m<\/td>\n<\/tr>\n<tr>\n<td>Consumo el\u00e9ctrico: 5 vcd; adaptador ac, 0.9 m<\/td>\n<\/tr>\n<tr>\n<td>Conectores<\/td>\n<\/tr>\n<tr>\n<td>Un conector hdmi hembra, de 19 pines (entrada)<\/td>\n<\/tr>\n<tr>\n<td>Dos conectores hdmi hembra, de 19 pines (salida)<\/td>\n<\/tr>\n<tr>\n<td>Un conector cc hembra, di\u00e1metro exterior 3.5 mm \/ di\u00e1metro interior 1.3 mm (entrada)<\/td>\n<\/tr>\n<tr>\n<td>Entrada\/salida de se\u00f1al<\/td>\n<\/tr>\n<tr>\n<td>Se\u00f1al de entrada de v\u00eddeo: 0.5 &#8211; 1.0 v p-p<\/td>\n<\/tr>\n<tr>\n<td>Entrada de se\u00f1al ddc: 5 v p-p (ttl)<\/td>\n<\/tr>\n<tr>\n<td>Rango de enlace individual m\u00e1ximo: 3840&#215;2160 at 30 hz, 4096&#215;2160 con una resoluci\u00f3n de 24 hz<\/td>\n<\/tr>\n<tr>\n<td>V\u00eddeo de salida: hdcp 1.4, dvi 1.0<\/td>\n<\/tr>\n<tr>\n<td>Frecuencia: 3.4 gb\/s \/ 340 mhz<\/td>\n<\/tr>\n<tr>\n<td>Resoluciones de v\u00eddeo<\/td>\n<\/tr>\n<tr>\n<td>Dtv\/hdtv: 480i\/480p\/576i\/576p\/720p\/1080i\/1080p\/4k@30hz<\/td>\n<\/tr>\n<tr>\n<td>Caracter\u00edsticas f\u00edsicas<\/td>\n<\/tr>\n<tr>\n<td>Indicadores led: conexi\u00f3n a la corriente y a los puertos<\/td>\n<\/tr>\n<tr>\n<td>Dimensiones: 75 x 49 x 16 mm<\/td>\n<\/tr>\n<tr>\n<td>Adaptador: 5 vcd \/ 1 a; 0.9 m<\/td>\n<\/tr>\n<tr>\n<td>Peso: 0.04 kg<\/td>\n<\/tr>\n<tr>\n<td>Chasis: pl\u00e1stico<\/td>\n<\/tr>\n<tr>\n<td>Ambiente de operaci\u00f3n<\/td>\n<\/tr>\n<tr>\n<td>Temperatura de operaci\u00f3n: 0 &#8211; 40\u00b0<\/td>\n<\/tr>\n<tr>\n<td>Temperatura de almacenamiento: -20 -60\u00b0c<\/td>\n<\/tr>\n<tr>\n<td>Humedad (sin condensar): 0 \u0096 96%<\/td>\n<\/tr>\n<tr>\n<td>Contenido del empaque<\/td>\n<\/tr>\n<tr>\n<td>4k repartidor hdmi de 2 puertos<\/td>\n<\/tr>\n<tr>\n<td>Adaptador de alimentaci\u00f3n ac<\/td>\n<\/tr>\n<tr>\n<td>Gu\u00eda de instrucciones r\u00e1pidas<\/td>\n<\/tr>\n<\/table>\n","protected":false},"excerpt":{"rendered":"<p>Distribuya una se\u00f1al individual de ultra alta definici\u00f3n (uhd) a m\u00faltiples pantallas. El repartidor manhattan 4k 2-port hdmi con intensificador integrado transmite una se\u00f1al de 4k hdmi de una \u00fanica fuente uhd a hasta dos pantallas uhd. Una soluci\u00f3n flexible para muchas aplicaciones de audio\/v\u00eddeo. Ideal para aplicaciones para ferias, aulas, videoconferencias y para comercios peque\u00f1os, el repartidor manhattan 4k 2-port cuenta con un intensificador (booster) integrado para una se\u00f1al a\u00fan m\u00e1s fuerte. Adem\u00e1s, es la soluci\u00f3n ideal para repartir y distribuir una se\u00f1al individual a diferentes pantallas hdmi de 4k cuando el equipo base est\u00e9 guardado en un cuarto seguro u oficina. Los usuarios pueden organizar en cascada unidades m\u00faltiples en hasta tres niveles, con salidas hdmi de audio\/v\u00eddeo a pantallas adicionales en las aplicaciones ampliamente distribuidas.<\/p>\n","protected":false},"featured_media":212110,"comment_status":"open","ping_status":"open","template":"","meta":[],"product_cat":[1485,1506],"product_tag":[1487],"acf":[],"yoast_head":"<!-- This site is optimized with the Yoast SEO plugin v21.7 - https:\/\/yoast.com\/wordpress\/plugins\/seo\/ -->\n<title>[ Manhattan ] &#129351; 207669 Video Splitter,,, Hdmi 4k@30hz, 1 In:2 Out, Ac<\/title>\n<meta name=\"description\" content=\"Compra 207669 Video Splitter,,, Hdmi 4k@30hz, 1 In:2 Out, Ac + Env\u00edo a domicilio + Pago seguro + Garant\u00eda\" \/>\n<meta name=\"robots\" content=\"index, follow, max-snippet:-1, max-image-preview:large, max-video-preview:-1\" \/>\n<link rel=\"canonical\" href=\"https:\/\/compuviper.mx\/tienda\/producto\/manhattan-207669-video-splitter-hdmi-4k30hz-1-in2-out-ac\/\" \/>\n<meta property=\"og:locale\" content=\"es_MX\" \/>\n<meta property=\"og:type\" content=\"article\" \/>\n<meta property=\"og:title\" content=\"[ Manhattan ] &#129351; 207669 Video Splitter,,, Hdmi 4k@30hz, 1 In:2 Out, Ac\" \/>\n<meta property=\"og:description\" content=\"Compra 207669 Video Splitter,,, Hdmi 4k@30hz, 1 In:2 Out, Ac + Env\u00edo a domicilio + Pago seguro + Garant\u00eda\" \/>\n<meta property=\"og:url\" content=\"https:\/\/compuviper.mx\/tienda\/producto\/manhattan-207669-video-splitter-hdmi-4k30hz-1-in2-out-ac\/\" \/>\n<meta property=\"og:site_name\" content=\"Compuviper\" \/>\n<meta property=\"article:publisher\" content=\"https:\/\/www.facebook.com\/compuviper\" \/>\n<meta property=\"og:image\" content=\"https:\/\/compuviper.mx\/tienda\/wp-content\/uploads\/2023\/12\/Video-splittermanhattan207669-hdmi-4k@30hz-1-in2-out-ac.jpg\" \/>\n\t<meta property=\"og:image:width\" content=\"200\" \/>\n\t<meta property=\"og:image:height\" content=\"200\" \/>\n\t<meta property=\"og:image:type\" content=\"image\/jpeg\" \/>\n<meta name=\"twitter:card\" content=\"summary_large_image\" \/>\n<meta name=\"twitter:label1\" content=\"Precio\" \/>\n\t<meta name=\"twitter:data1\" content=\"&#36;539 con IVA\" \/>\n\t<meta name=\"twitter:label2\" content=\"Availability\" \/>\n\t<meta name=\"twitter:data2\" content=\"In stock\" \/>\n<script type=\"application\/ld+json\" class=\"yoast-schema-graph\">{\"@context\":\"https:\/\/schema.org\",\"@graph\":[{\"@type\":\"WebPage\",\"@id\":\"https:\/\/compuviper.mx\/tienda\/producto\/manhattan-207669-video-splitter-hdmi-4k30hz-1-in2-out-ac\/\",\"url\":\"https:\/\/compuviper.mx\/tienda\/producto\/manhattan-207669-video-splitter-hdmi-4k30hz-1-in2-out-ac\/\",\"name\":\"[ Manhattan ] &#129351; 207669 Video Splitter,,, Hdmi 4k@30hz, 1 In:2 Out, Ac\",\"isPartOf\":{\"@id\":\"https:\/\/compuviper.mx\/tienda\/#website\"},\"datePublished\":\"2026-04-22T05:28:17+00:00\",\"dateModified\":\"2026-04-22T05:28:17+00:00\",\"description\":\"Compra 207669 Video Splitter,,, Hdmi 4k@30hz, 1 In:2 Out, Ac + Env\u00edo a domicilio + Pago seguro + Garant\u00eda\",\"breadcrumb\":{\"@id\":\"https:\/\/compuviper.mx\/tienda\/producto\/manhattan-207669-video-splitter-hdmi-4k30hz-1-in2-out-ac\/#breadcrumb\"},\"inLanguage\":\"es-MX\",\"potentialAction\":[{\"@type\":\"ReadAction\",\"target\":[\"https:\/\/compuviper.mx\/tienda\/producto\/manhattan-207669-video-splitter-hdmi-4k30hz-1-in2-out-ac\/\"]}]},{\"@type\":\"BreadcrumbList\",\"@id\":\"https:\/\/compuviper.mx\/tienda\/producto\/manhattan-207669-video-splitter-hdmi-4k30hz-1-in2-out-ac\/#breadcrumb\",\"itemListElement\":[{\"@type\":\"ListItem\",\"position\":1,\"name\":\"Inicio\",\"item\":\"https:\/\/compuviper.mx\/tienda\/\"},{\"@type\":\"ListItem\",\"position\":2,\"name\":\"Productos\",\"item\":\"https:\/\/compuviper.mx\/tienda\/productos\/\"},{\"@type\":\"ListItem\",\"position\":3,\"name\":\"Accesorios\",\"item\":\"https:\/\/compuviper.mx\/tienda\/categoria-producto\/accesorios\/\"},{\"@type\":\"ListItem\",\"position\":4,\"name\":\"Conectividad\",\"item\":\"https:\/\/compuviper.mx\/tienda\/categoria-producto\/accesorios\/conectividad\/\"},{\"@type\":\"ListItem\",\"position\":5,\"name\":\"Manhattan 207669 Video Splitter,,, Hdmi 4k@30hz, 1 In:2 Out, Ac\"}]},{\"@type\":\"WebSite\",\"@id\":\"https:\/\/compuviper.mx\/tienda\/#website\",\"url\":\"https:\/\/compuviper.mx\/tienda\/\",\"name\":\"Compuviper\",\"description\":\"Proveedor de Computadoras, Laptops, Servidores, Monitores, Puntos de Venta, Teclados,   Impresoras, T\u00f3ner, C\u00e1maras de Seguridad y m\u00e1s en tu tienda en l\u00ednea\",\"publisher\":{\"@id\":\"https:\/\/compuviper.mx\/tienda\/#organization\"},\"potentialAction\":[{\"@type\":\"SearchAction\",\"target\":{\"@type\":\"EntryPoint\",\"urlTemplate\":\"https:\/\/compuviper.mx\/tienda\/?s={search_term_string}\"},\"query-input\":\"required name=search_term_string\"}],\"inLanguage\":\"es-MX\"},{\"@type\":\"Organization\",\"@id\":\"https:\/\/compuviper.mx\/tienda\/#organization\",\"name\":\"Compuviper\",\"url\":\"https:\/\/compuviper.mx\/tienda\/\",\"logo\":{\"@type\":\"ImageObject\",\"inLanguage\":\"es-MX\",\"@id\":\"https:\/\/compuviper.mx\/tienda\/#\/schema\/logo\/image\/\",\"url\":\"https:\/\/compuviper.mx\/tienda\/wp-content\/uploads\/2021\/08\/Logo-Compuviper-10.png\",\"contentUrl\":\"https:\/\/compuviper.mx\/tienda\/wp-content\/uploads\/2021\/08\/Logo-Compuviper-10.png\",\"width\":1000,\"height\":500,\"caption\":\"Compuviper\"},\"image\":{\"@id\":\"https:\/\/compuviper.mx\/tienda\/#\/schema\/logo\/image\/\"},\"sameAs\":[\"https:\/\/www.facebook.com\/compuviper\",\"https:\/\/www.youtube.com\/channel\/UCf73dERp9Y3cfOq7q8BhLjA?view_as=subscriber\"]}]}<\/script>\n<meta property=\"product:brand\" content=\"MANHATTAN\" \/>\n<meta property=\"product:price:amount\" content=\"539\" \/>\n<meta property=\"product:price:currency\" content=\"MXN\" \/>\n<meta property=\"og:availability\" content=\"instock\" \/>\n<meta property=\"product:availability\" content=\"instock\" \/>\n<meta property=\"product:retailer_item_id\" content=\"207669\" \/>\n<meta property=\"product:condition\" content=\"new\" \/>\n<!-- \/ Yoast SEO plugin. -->","yoast_head_json":{"title":"[ Manhattan ] &#129351; 207669 Video Splitter,,, Hdmi 4k@30hz, 1 In:2 Out, Ac","description":"Compra 207669 Video Splitter,,, Hdmi 4k@30hz, 1 In:2 Out, Ac + Env\u00edo a domicilio + Pago seguro + Garant\u00eda","robots":{"index":"index","follow":"follow","max-snippet":"max-snippet:-1","max-image-preview":"max-image-preview:large","max-video-preview":"max-video-preview:-1"},"canonical":"https:\/\/compuviper.mx\/tienda\/producto\/manhattan-207669-video-splitter-hdmi-4k30hz-1-in2-out-ac\/","og_locale":"es_MX","og_type":"article","og_title":"[ Manhattan ] &#129351; 207669 Video Splitter,,, Hdmi 4k@30hz, 1 In:2 Out, Ac","og_description":"Compra 207669 Video Splitter,,, Hdmi 4k@30hz, 1 In:2 Out, Ac + Env\u00edo a domicilio + Pago seguro + Garant\u00eda","og_url":"https:\/\/compuviper.mx\/tienda\/producto\/manhattan-207669-video-splitter-hdmi-4k30hz-1-in2-out-ac\/","og_site_name":"Compuviper","article_publisher":"https:\/\/www.facebook.com\/compuviper","og_image":[{"width":200,"height":200,"url":"https:\/\/compuviper.mx\/tienda\/wp-content\/uploads\/2023\/12\/Video-splittermanhattan207669-hdmi-4k@30hz-1-in2-out-ac.jpg","type":"image\/jpeg"}],"twitter_card":"summary_large_image","twitter_misc":{"Precio":"&#36;539 con IVA","Availability":"In stock"},"schema":{"@context":"https:\/\/schema.org","@graph":[{"@type":"WebPage","@id":"https:\/\/compuviper.mx\/tienda\/producto\/manhattan-207669-video-splitter-hdmi-4k30hz-1-in2-out-ac\/","url":"https:\/\/compuviper.mx\/tienda\/producto\/manhattan-207669-video-splitter-hdmi-4k30hz-1-in2-out-ac\/","name":"[ Manhattan ] &#129351; 207669 Video Splitter,,, Hdmi 4k@30hz, 1 In:2 Out, Ac","isPartOf":{"@id":"https:\/\/compuviper.mx\/tienda\/#website"},"datePublished":"2026-04-22T05:28:17+00:00","dateModified":"2026-04-22T05:28:17+00:00","description":"Compra 207669 Video Splitter,,, Hdmi 4k@30hz, 1 In:2 Out, Ac + Env\u00edo a domicilio + Pago seguro + Garant\u00eda","breadcrumb":{"@id":"https:\/\/compuviper.mx\/tienda\/producto\/manhattan-207669-video-splitter-hdmi-4k30hz-1-in2-out-ac\/#breadcrumb"},"inLanguage":"es-MX","potentialAction":[{"@type":"ReadAction","target":["https:\/\/compuviper.mx\/tienda\/producto\/manhattan-207669-video-splitter-hdmi-4k30hz-1-in2-out-ac\/"]}]},{"@type":"BreadcrumbList","@id":"https:\/\/compuviper.mx\/tienda\/producto\/manhattan-207669-video-splitter-hdmi-4k30hz-1-in2-out-ac\/#breadcrumb","itemListElement":[{"@type":"ListItem","position":1,"name":"Inicio","item":"https:\/\/compuviper.mx\/tienda\/"},{"@type":"ListItem","position":2,"name":"Productos","item":"https:\/\/compuviper.mx\/tienda\/productos\/"},{"@type":"ListItem","position":3,"name":"Accesorios","item":"https:\/\/compuviper.mx\/tienda\/categoria-producto\/accesorios\/"},{"@type":"ListItem","position":4,"name":"Conectividad","item":"https:\/\/compuviper.mx\/tienda\/categoria-producto\/accesorios\/conectividad\/"},{"@type":"ListItem","position":5,"name":"Manhattan 207669 Video Splitter,,, Hdmi 4k@30hz, 1 In:2 Out, Ac"}]},{"@type":"WebSite","@id":"https:\/\/compuviper.mx\/tienda\/#website","url":"https:\/\/compuviper.mx\/tienda\/","name":"Compuviper","description":"Proveedor de Computadoras, Laptops, Servidores, Monitores, Puntos de Venta, Teclados,   Impresoras, T\u00f3ner, C\u00e1maras de Seguridad y m\u00e1s en tu tienda en l\u00ednea","publisher":{"@id":"https:\/\/compuviper.mx\/tienda\/#organization"},"potentialAction":[{"@type":"SearchAction","target":{"@type":"EntryPoint","urlTemplate":"https:\/\/compuviper.mx\/tienda\/?s={search_term_string}"},"query-input":"required name=search_term_string"}],"inLanguage":"es-MX"},{"@type":"Organization","@id":"https:\/\/compuviper.mx\/tienda\/#organization","name":"Compuviper","url":"https:\/\/compuviper.mx\/tienda\/","logo":{"@type":"ImageObject","inLanguage":"es-MX","@id":"https:\/\/compuviper.mx\/tienda\/#\/schema\/logo\/image\/","url":"https:\/\/compuviper.mx\/tienda\/wp-content\/uploads\/2021\/08\/Logo-Compuviper-10.png","contentUrl":"https:\/\/compuviper.mx\/tienda\/wp-content\/uploads\/2021\/08\/Logo-Compuviper-10.png","width":1000,"height":500,"caption":"Compuviper"},"image":{"@id":"https:\/\/compuviper.mx\/tienda\/#\/schema\/logo\/image\/"},"sameAs":["https:\/\/www.facebook.com\/compuviper","https:\/\/www.youtube.com\/channel\/UCf73dERp9Y3cfOq7q8BhLjA?view_as=subscriber"]}]},"product_brand":"MANHATTAN","product_price_amount":"539","product_price_currency":"MXN","og_availability":"instock","product_availability":"instock","product_retailer_item_id":"207669","product_condition":"new"},"_links":{"self":[{"href":"https:\/\/compuviper.mx\/tienda\/wp-json\/wp\/v2\/product\/212109"}],"collection":[{"href":"https:\/\/compuviper.mx\/tienda\/wp-json\/wp\/v2\/product"}],"about":[{"href":"https:\/\/compuviper.mx\/tienda\/wp-json\/wp\/v2\/types\/product"}],"replies":[{"embeddable":true,"href":"https:\/\/compuviper.mx\/tienda\/wp-json\/wp\/v2\/comments?post=212109"}],"wp:featuredmedia":[{"embeddable":true,"href":"https:\/\/compuviper.mx\/tienda\/wp-json\/wp\/v2\/media\/212110"}],"wp:attachment":[{"href":"https:\/\/compuviper.mx\/tienda\/wp-json\/wp\/v2\/media?parent=212109"}],"wp:term":[{"taxonomy":"product_cat","embeddable":true,"href":"https:\/\/compuviper.mx\/tienda\/wp-json\/wp\/v2\/product_cat?post=212109"},{"taxonomy":"product_tag","embeddable":true,"href":"https:\/\/compuviper.mx\/tienda\/wp-json\/wp\/v2\/product_tag?post=212109"}],"curies":[{"name":"wp","href":"https:\/\/api.w.org\/{rel}","templated":true}]}}