{"id":212103,"date":"2026-04-21T23:28:16","date_gmt":"2026-04-22T05:28:16","guid":{"rendered":"https:\/\/compuviper.mx\/tienda\/producto\/manhattan-440295-candado-laptop-dell-llave-2-0m-negro-wedge-n17\/"},"modified":"2026-04-21T23:28:16","modified_gmt":"2026-04-22T05:28:16","slug":"manhattan-440295-candado-laptop-dell-llave-2-0m-negro-wedge-n17","status":"publish","type":"product","link":"https:\/\/compuviper.mx\/tienda\/producto\/manhattan-440295-candado-laptop-dell-llave-2-0m-negro-wedge-n17\/","title":{"rendered":"Manhattan 440295 Candado Laptop,,, Dell Llave 2.0m, Negro (wedge N17)"},"content":{"rendered":"<table class=\"descripcion\">\n<tr>\n<td>Compatibilidad del dispositivo<\/td>\n<\/tr>\n<tr>\n<td>\u0095 se ajusta a la mayor\u00eda de los dispositivos que tengan una ranura para candados wedge<\/td>\n<\/tr>\n<tr>\n<td>(4.7 mm \u0096 5.1 mm)<\/td>\n<\/tr>\n<tr>\n<td>Tipo de cerradura<\/td>\n<\/tr>\n<tr>\n<td>\u0095 cerradura con dos llaves<\/td>\n<\/tr>\n<tr>\n<td>Materiales<\/td>\n<\/tr>\n<tr>\n<td>\u0095 aleaci\u00f3n zinc<\/td>\n<\/tr>\n<tr>\n<td>\u0095 cable de acero<\/td>\n<\/tr>\n<tr>\n<td>\u0095 forro transparente oscuro<\/td>\n<\/tr>\n<tr>\n<td>Caracter\u00edsticas f\u00edsicas<\/td>\n<\/tr>\n<tr>\n<td>\u0095 longitud: 2 m<\/td>\n<\/tr>\n<tr>\n<td>\u0095 di\u00e1metro del cable: 4 mm<\/td>\n<\/tr>\n<tr>\n<td>\u0095 peso: 227 g<\/td>\n<\/tr>\n<tr>\n<td>Contenido del empaque<\/td>\n<\/tr>\n<tr>\n<td>\u0095 candado de seguridad wedge para port\u00e1tiles<\/td>\n<\/tr>\n<\/table>\n","protected":false},"excerpt":{"rendered":"<p>Highlights. Previene el robo de las computadoras port\u00e1tiles y otros equipos valiosos. Se ajusta a ranuras de seguridad wedge de computadoras y de otros dispositivos para asegurarlas a escritorios u otros objetos estacionarios. Cable de acero resistente y s\u00f3lido, construcci\u00f3n completamente met\u00e1lica. Protege equipos electr\u00f3nicos en casa, oficina y escuela. Ideal para viajes<\/p>\n","protected":false},"featured_media":212104,"comment_status":"open","ping_status":"open","template":"","meta":[],"product_cat":[1485,1506],"product_tag":[1487],"acf":[],"yoast_head":"<!-- This site is optimized with the Yoast SEO plugin v21.7 - https:\/\/yoast.com\/wordpress\/plugins\/seo\/ -->\n<title>[ Manhattan ] &#129351; 440295 Candado Laptop,,, Dell Llave 2.0m, Negro (wedge N17)<\/title>\n<meta name=\"description\" content=\"Compra 440295 Candado Laptop,,, Dell Llave 2.0m, Negro (wedge N17) + Env\u00edo a domicilio + Pago seguro + Garant\u00eda\" \/>\n<meta name=\"robots\" content=\"index, follow, max-snippet:-1, max-image-preview:large, max-video-preview:-1\" \/>\n<link rel=\"canonical\" href=\"https:\/\/compuviper.mx\/tienda\/producto\/manhattan-440295-candado-laptop-dell-llave-2-0m-negro-wedge-n17\/\" \/>\n<meta property=\"og:locale\" content=\"es_MX\" \/>\n<meta property=\"og:type\" content=\"article\" \/>\n<meta property=\"og:title\" content=\"[ Manhattan ] &#129351; 440295 Candado Laptop,,, Dell Llave 2.0m, Negro (wedge N17)\" \/>\n<meta property=\"og:description\" content=\"Compra 440295 Candado Laptop,,, Dell Llave 2.0m, Negro (wedge N17) + Env\u00edo a domicilio + Pago seguro + Garant\u00eda\" \/>\n<meta property=\"og:url\" content=\"https:\/\/compuviper.mx\/tienda\/producto\/manhattan-440295-candado-laptop-dell-llave-2-0m-negro-wedge-n17\/\" \/>\n<meta property=\"og:site_name\" content=\"Compuviper\" \/>\n<meta property=\"article:publisher\" content=\"https:\/\/www.facebook.com\/compuviper\" \/>\n<meta property=\"og:image\" content=\"https:\/\/compuviper.mx\/tienda\/wp-content\/uploads\/2023\/12\/Candado-laptopmanhattan440295-dell-llave-2.0m-negro-wedge-n17.jpg\" \/>\n\t<meta property=\"og:image:width\" content=\"200\" \/>\n\t<meta property=\"og:image:height\" content=\"200\" \/>\n\t<meta property=\"og:image:type\" content=\"image\/jpeg\" \/>\n<meta name=\"twitter:card\" content=\"summary_large_image\" \/>\n<meta name=\"twitter:label1\" content=\"Precio\" \/>\n\t<meta name=\"twitter:data1\" content=\"&#36;390 con IVA\" \/>\n\t<meta name=\"twitter:label2\" content=\"Availability\" \/>\n\t<meta name=\"twitter:data2\" content=\"In stock\" \/>\n<script type=\"application\/ld+json\" class=\"yoast-schema-graph\">{\"@context\":\"https:\/\/schema.org\",\"@graph\":[{\"@type\":\"WebPage\",\"@id\":\"https:\/\/compuviper.mx\/tienda\/producto\/manhattan-440295-candado-laptop-dell-llave-2-0m-negro-wedge-n17\/\",\"url\":\"https:\/\/compuviper.mx\/tienda\/producto\/manhattan-440295-candado-laptop-dell-llave-2-0m-negro-wedge-n17\/\",\"name\":\"[ Manhattan ] &#129351; 440295 Candado Laptop,,, Dell Llave 2.0m, Negro (wedge N17)\",\"isPartOf\":{\"@id\":\"https:\/\/compuviper.mx\/tienda\/#website\"},\"datePublished\":\"2026-04-22T05:28:16+00:00\",\"dateModified\":\"2026-04-22T05:28:16+00:00\",\"description\":\"Compra 440295 Candado Laptop,,, Dell Llave 2.0m, Negro (wedge N17) + Env\u00edo a domicilio + Pago seguro + Garant\u00eda\",\"breadcrumb\":{\"@id\":\"https:\/\/compuviper.mx\/tienda\/producto\/manhattan-440295-candado-laptop-dell-llave-2-0m-negro-wedge-n17\/#breadcrumb\"},\"inLanguage\":\"es-MX\",\"potentialAction\":[{\"@type\":\"ReadAction\",\"target\":[\"https:\/\/compuviper.mx\/tienda\/producto\/manhattan-440295-candado-laptop-dell-llave-2-0m-negro-wedge-n17\/\"]}]},{\"@type\":\"BreadcrumbList\",\"@id\":\"https:\/\/compuviper.mx\/tienda\/producto\/manhattan-440295-candado-laptop-dell-llave-2-0m-negro-wedge-n17\/#breadcrumb\",\"itemListElement\":[{\"@type\":\"ListItem\",\"position\":1,\"name\":\"Inicio\",\"item\":\"https:\/\/compuviper.mx\/tienda\/\"},{\"@type\":\"ListItem\",\"position\":2,\"name\":\"Productos\",\"item\":\"https:\/\/compuviper.mx\/tienda\/productos\/\"},{\"@type\":\"ListItem\",\"position\":3,\"name\":\"Accesorios\",\"item\":\"https:\/\/compuviper.mx\/tienda\/categoria-producto\/accesorios\/\"},{\"@type\":\"ListItem\",\"position\":4,\"name\":\"Conectividad\",\"item\":\"https:\/\/compuviper.mx\/tienda\/categoria-producto\/accesorios\/conectividad\/\"},{\"@type\":\"ListItem\",\"position\":5,\"name\":\"Manhattan 440295 Candado Laptop,,, Dell Llave 2.0m, Negro (wedge N17)\"}]},{\"@type\":\"WebSite\",\"@id\":\"https:\/\/compuviper.mx\/tienda\/#website\",\"url\":\"https:\/\/compuviper.mx\/tienda\/\",\"name\":\"Compuviper\",\"description\":\"Proveedor de Computadoras, Laptops, Servidores, Monitores, Puntos de Venta, Teclados,   Impresoras, T\u00f3ner, C\u00e1maras de Seguridad y m\u00e1s en tu tienda en l\u00ednea\",\"publisher\":{\"@id\":\"https:\/\/compuviper.mx\/tienda\/#organization\"},\"potentialAction\":[{\"@type\":\"SearchAction\",\"target\":{\"@type\":\"EntryPoint\",\"urlTemplate\":\"https:\/\/compuviper.mx\/tienda\/?s={search_term_string}\"},\"query-input\":\"required name=search_term_string\"}],\"inLanguage\":\"es-MX\"},{\"@type\":\"Organization\",\"@id\":\"https:\/\/compuviper.mx\/tienda\/#organization\",\"name\":\"Compuviper\",\"url\":\"https:\/\/compuviper.mx\/tienda\/\",\"logo\":{\"@type\":\"ImageObject\",\"inLanguage\":\"es-MX\",\"@id\":\"https:\/\/compuviper.mx\/tienda\/#\/schema\/logo\/image\/\",\"url\":\"https:\/\/compuviper.mx\/tienda\/wp-content\/uploads\/2021\/08\/Logo-Compuviper-10.png\",\"contentUrl\":\"https:\/\/compuviper.mx\/tienda\/wp-content\/uploads\/2021\/08\/Logo-Compuviper-10.png\",\"width\":1000,\"height\":500,\"caption\":\"Compuviper\"},\"image\":{\"@id\":\"https:\/\/compuviper.mx\/tienda\/#\/schema\/logo\/image\/\"},\"sameAs\":[\"https:\/\/www.facebook.com\/compuviper\",\"https:\/\/www.youtube.com\/channel\/UCf73dERp9Y3cfOq7q8BhLjA?view_as=subscriber\"]}]}<\/script>\n<meta property=\"product:brand\" content=\"MANHATTAN\" \/>\n<meta property=\"product:price:amount\" content=\"390\" \/>\n<meta property=\"product:price:currency\" content=\"MXN\" \/>\n<meta property=\"og:availability\" content=\"instock\" \/>\n<meta property=\"product:availability\" content=\"instock\" \/>\n<meta property=\"product:retailer_item_id\" content=\"440295\" \/>\n<meta property=\"product:condition\" content=\"new\" \/>\n<!-- \/ Yoast SEO plugin. -->","yoast_head_json":{"title":"[ Manhattan ] &#129351; 440295 Candado Laptop,,, Dell Llave 2.0m, Negro (wedge N17)","description":"Compra 440295 Candado Laptop,,, Dell Llave 2.0m, Negro (wedge N17) + Env\u00edo a domicilio + Pago seguro + Garant\u00eda","robots":{"index":"index","follow":"follow","max-snippet":"max-snippet:-1","max-image-preview":"max-image-preview:large","max-video-preview":"max-video-preview:-1"},"canonical":"https:\/\/compuviper.mx\/tienda\/producto\/manhattan-440295-candado-laptop-dell-llave-2-0m-negro-wedge-n17\/","og_locale":"es_MX","og_type":"article","og_title":"[ Manhattan ] &#129351; 440295 Candado Laptop,,, Dell Llave 2.0m, Negro (wedge N17)","og_description":"Compra 440295 Candado Laptop,,, Dell Llave 2.0m, Negro (wedge N17) + Env\u00edo a domicilio + Pago seguro + Garant\u00eda","og_url":"https:\/\/compuviper.mx\/tienda\/producto\/manhattan-440295-candado-laptop-dell-llave-2-0m-negro-wedge-n17\/","og_site_name":"Compuviper","article_publisher":"https:\/\/www.facebook.com\/compuviper","og_image":[{"width":200,"height":200,"url":"https:\/\/compuviper.mx\/tienda\/wp-content\/uploads\/2023\/12\/Candado-laptopmanhattan440295-dell-llave-2.0m-negro-wedge-n17.jpg","type":"image\/jpeg"}],"twitter_card":"summary_large_image","twitter_misc":{"Precio":"&#36;390 con IVA","Availability":"In stock"},"schema":{"@context":"https:\/\/schema.org","@graph":[{"@type":"WebPage","@id":"https:\/\/compuviper.mx\/tienda\/producto\/manhattan-440295-candado-laptop-dell-llave-2-0m-negro-wedge-n17\/","url":"https:\/\/compuviper.mx\/tienda\/producto\/manhattan-440295-candado-laptop-dell-llave-2-0m-negro-wedge-n17\/","name":"[ Manhattan ] &#129351; 440295 Candado Laptop,,, Dell Llave 2.0m, Negro (wedge N17)","isPartOf":{"@id":"https:\/\/compuviper.mx\/tienda\/#website"},"datePublished":"2026-04-22T05:28:16+00:00","dateModified":"2026-04-22T05:28:16+00:00","description":"Compra 440295 Candado Laptop,,, Dell Llave 2.0m, Negro (wedge N17) + Env\u00edo a domicilio + Pago seguro + Garant\u00eda","breadcrumb":{"@id":"https:\/\/compuviper.mx\/tienda\/producto\/manhattan-440295-candado-laptop-dell-llave-2-0m-negro-wedge-n17\/#breadcrumb"},"inLanguage":"es-MX","potentialAction":[{"@type":"ReadAction","target":["https:\/\/compuviper.mx\/tienda\/producto\/manhattan-440295-candado-laptop-dell-llave-2-0m-negro-wedge-n17\/"]}]},{"@type":"BreadcrumbList","@id":"https:\/\/compuviper.mx\/tienda\/producto\/manhattan-440295-candado-laptop-dell-llave-2-0m-negro-wedge-n17\/#breadcrumb","itemListElement":[{"@type":"ListItem","position":1,"name":"Inicio","item":"https:\/\/compuviper.mx\/tienda\/"},{"@type":"ListItem","position":2,"name":"Productos","item":"https:\/\/compuviper.mx\/tienda\/productos\/"},{"@type":"ListItem","position":3,"name":"Accesorios","item":"https:\/\/compuviper.mx\/tienda\/categoria-producto\/accesorios\/"},{"@type":"ListItem","position":4,"name":"Conectividad","item":"https:\/\/compuviper.mx\/tienda\/categoria-producto\/accesorios\/conectividad\/"},{"@type":"ListItem","position":5,"name":"Manhattan 440295 Candado Laptop,,, Dell Llave 2.0m, Negro (wedge N17)"}]},{"@type":"WebSite","@id":"https:\/\/compuviper.mx\/tienda\/#website","url":"https:\/\/compuviper.mx\/tienda\/","name":"Compuviper","description":"Proveedor de Computadoras, Laptops, Servidores, Monitores, Puntos de Venta, Teclados,   Impresoras, T\u00f3ner, C\u00e1maras de Seguridad y m\u00e1s en tu tienda en l\u00ednea","publisher":{"@id":"https:\/\/compuviper.mx\/tienda\/#organization"},"potentialAction":[{"@type":"SearchAction","target":{"@type":"EntryPoint","urlTemplate":"https:\/\/compuviper.mx\/tienda\/?s={search_term_string}"},"query-input":"required name=search_term_string"}],"inLanguage":"es-MX"},{"@type":"Organization","@id":"https:\/\/compuviper.mx\/tienda\/#organization","name":"Compuviper","url":"https:\/\/compuviper.mx\/tienda\/","logo":{"@type":"ImageObject","inLanguage":"es-MX","@id":"https:\/\/compuviper.mx\/tienda\/#\/schema\/logo\/image\/","url":"https:\/\/compuviper.mx\/tienda\/wp-content\/uploads\/2021\/08\/Logo-Compuviper-10.png","contentUrl":"https:\/\/compuviper.mx\/tienda\/wp-content\/uploads\/2021\/08\/Logo-Compuviper-10.png","width":1000,"height":500,"caption":"Compuviper"},"image":{"@id":"https:\/\/compuviper.mx\/tienda\/#\/schema\/logo\/image\/"},"sameAs":["https:\/\/www.facebook.com\/compuviper","https:\/\/www.youtube.com\/channel\/UCf73dERp9Y3cfOq7q8BhLjA?view_as=subscriber"]}]},"product_brand":"MANHATTAN","product_price_amount":"390","product_price_currency":"MXN","og_availability":"instock","product_availability":"instock","product_retailer_item_id":"440295","product_condition":"new"},"_links":{"self":[{"href":"https:\/\/compuviper.mx\/tienda\/wp-json\/wp\/v2\/product\/212103"}],"collection":[{"href":"https:\/\/compuviper.mx\/tienda\/wp-json\/wp\/v2\/product"}],"about":[{"href":"https:\/\/compuviper.mx\/tienda\/wp-json\/wp\/v2\/types\/product"}],"replies":[{"embeddable":true,"href":"https:\/\/compuviper.mx\/tienda\/wp-json\/wp\/v2\/comments?post=212103"}],"wp:featuredmedia":[{"embeddable":true,"href":"https:\/\/compuviper.mx\/tienda\/wp-json\/wp\/v2\/media\/212104"}],"wp:attachment":[{"href":"https:\/\/compuviper.mx\/tienda\/wp-json\/wp\/v2\/media?parent=212103"}],"wp:term":[{"taxonomy":"product_cat","embeddable":true,"href":"https:\/\/compuviper.mx\/tienda\/wp-json\/wp\/v2\/product_cat?post=212103"},{"taxonomy":"product_tag","embeddable":true,"href":"https:\/\/compuviper.mx\/tienda\/wp-json\/wp\/v2\/product_tag?post=212103"}],"curies":[{"name":"wp","href":"https:\/\/api.w.org\/{rel}","templated":true}]}}