{"id":212010,"date":"2026-04-09T23:28:26","date_gmt":"2026-04-10T05:28:26","guid":{"rendered":"https:\/\/compuviper.mx\/tienda\/producto\/intellinet-714884-charola-rack-19-1u-30cm-vent-25kg\/"},"modified":"2026-04-09T23:28:26","modified_gmt":"2026-04-10T05:28:26","slug":"intellinet-714884-charola-rack-19-1u-30cm-vent-25kg","status":"publish","type":"product","link":"https:\/\/compuviper.mx\/tienda\/producto\/intellinet-714884-charola-rack-19-1u-30cm-vent-25kg\/","title":{"rendered":"Intellinet 714884 Charola Rack 19 ,, 1u, 30cm Vent. 25kg"},"content":{"rendered":"<table class=\"descripcion\">\n<tr>\n<td>General<\/td>\n<\/tr>\n<tr>\n<td>Color: negro ral9005<\/td>\n<\/tr>\n<tr>\n<td>1 u<\/td>\n<\/tr>\n<tr>\n<td>Dimensiones<\/td>\n<\/tr>\n<tr>\n<td>300 (largo) x 483 (ancho) x 44.45 (alto) [mm]<\/td>\n<\/tr>\n<tr>\n<td>11.81 (largo) x 19.02 (ancho) x 1.75 (alto) [pulgadas]<\/td>\n<\/tr>\n<tr>\n<td>Contenido del paquete<\/td>\n<\/tr>\n<tr>\n<td>Charola cantilever de 19<\/td>\n<\/tr>\n<tr>\n<td>Juego de 4 tuercas enjauladas<\/td>\n<\/tr>\n<\/table>\n","protected":false},"excerpt":{"rendered":"<p>Ocupa 1u en rack. Para montaje en rack est\u00e1ndar de 19. Soporta una carga est\u00e1tica m\u00e1xima de 25 kg (55 lbs.. Revestimiento antiest\u00e1tico contra polvo. Grosor de acero 1.2 mm. Tres a\u00f1os de garant\u00eda<\/p>\n","protected":false},"featured_media":212011,"comment_status":"open","ping_status":"open","template":"","meta":[],"product_cat":[1485,1488],"product_tag":[1489],"acf":[],"yoast_head":"<!-- This site is optimized with the Yoast SEO plugin v21.7 - https:\/\/yoast.com\/wordpress\/plugins\/seo\/ -->\n<title>[ Intellinet ] &#129351; 714884 Charola Rack 19 ,, 1u, 30cm Vent. 25kg<\/title>\n<meta name=\"description\" content=\"Compra 714884 Charola Rack 19 ,, 1u, 30cm Vent. 25kg + Env\u00edo a domicilio + Pago seguro + Garant\u00eda\" \/>\n<meta name=\"robots\" content=\"index, follow, max-snippet:-1, max-image-preview:large, max-video-preview:-1\" \/>\n<link rel=\"canonical\" href=\"https:\/\/compuviper.mx\/tienda\/producto\/intellinet-714884-charola-rack-19-1u-30cm-vent-25kg\/\" \/>\n<meta property=\"og:locale\" content=\"es_MX\" \/>\n<meta property=\"og:type\" content=\"article\" \/>\n<meta property=\"og:title\" content=\"[ Intellinet ] &#129351; 714884 Charola Rack 19 ,, 1u, 30cm Vent. 25kg\" \/>\n<meta property=\"og:description\" content=\"Compra 714884 Charola Rack 19 ,, 1u, 30cm Vent. 25kg + Env\u00edo a domicilio + Pago seguro + Garant\u00eda\" \/>\n<meta property=\"og:url\" content=\"https:\/\/compuviper.mx\/tienda\/producto\/intellinet-714884-charola-rack-19-1u-30cm-vent-25kg\/\" \/>\n<meta property=\"og:site_name\" content=\"Compuviper\" \/>\n<meta property=\"article:publisher\" content=\"https:\/\/www.facebook.com\/compuviper\" \/>\n<meta property=\"og:image\" content=\"https:\/\/compuviper.mx\/tienda\/wp-content\/uploads\/2023\/12\/Charola-rack-19-intellinet714884-1u-30cm-vent.-25kg.jpg\" \/>\n\t<meta property=\"og:image:width\" content=\"200\" \/>\n\t<meta property=\"og:image:height\" content=\"200\" \/>\n\t<meta property=\"og:image:type\" content=\"image\/jpeg\" \/>\n<meta name=\"twitter:card\" content=\"summary_large_image\" \/>\n<meta name=\"twitter:label1\" content=\"Precio\" \/>\n\t<meta name=\"twitter:data1\" content=\"&#36;442 con IVA\" \/>\n\t<meta name=\"twitter:label2\" content=\"Availability\" \/>\n\t<meta name=\"twitter:data2\" content=\"In stock\" \/>\n<script type=\"application\/ld+json\" class=\"yoast-schema-graph\">{\"@context\":\"https:\/\/schema.org\",\"@graph\":[{\"@type\":\"WebPage\",\"@id\":\"https:\/\/compuviper.mx\/tienda\/producto\/intellinet-714884-charola-rack-19-1u-30cm-vent-25kg\/\",\"url\":\"https:\/\/compuviper.mx\/tienda\/producto\/intellinet-714884-charola-rack-19-1u-30cm-vent-25kg\/\",\"name\":\"[ Intellinet ] &#129351; 714884 Charola Rack 19 ,, 1u, 30cm Vent. 25kg\",\"isPartOf\":{\"@id\":\"https:\/\/compuviper.mx\/tienda\/#website\"},\"datePublished\":\"2026-04-10T05:28:26+00:00\",\"dateModified\":\"2026-04-10T05:28:26+00:00\",\"description\":\"Compra 714884 Charola Rack 19 ,, 1u, 30cm Vent. 25kg + Env\u00edo a domicilio + Pago seguro + Garant\u00eda\",\"breadcrumb\":{\"@id\":\"https:\/\/compuviper.mx\/tienda\/producto\/intellinet-714884-charola-rack-19-1u-30cm-vent-25kg\/#breadcrumb\"},\"inLanguage\":\"es-MX\",\"potentialAction\":[{\"@type\":\"ReadAction\",\"target\":[\"https:\/\/compuviper.mx\/tienda\/producto\/intellinet-714884-charola-rack-19-1u-30cm-vent-25kg\/\"]}]},{\"@type\":\"BreadcrumbList\",\"@id\":\"https:\/\/compuviper.mx\/tienda\/producto\/intellinet-714884-charola-rack-19-1u-30cm-vent-25kg\/#breadcrumb\",\"itemListElement\":[{\"@type\":\"ListItem\",\"position\":1,\"name\":\"Inicio\",\"item\":\"https:\/\/compuviper.mx\/tienda\/\"},{\"@type\":\"ListItem\",\"position\":2,\"name\":\"Productos\",\"item\":\"https:\/\/compuviper.mx\/tienda\/productos\/\"},{\"@type\":\"ListItem\",\"position\":3,\"name\":\"Accesorios\",\"item\":\"https:\/\/compuviper.mx\/tienda\/categoria-producto\/accesorios\/\"},{\"@type\":\"ListItem\",\"position\":4,\"name\":\"Rack\",\"item\":\"https:\/\/compuviper.mx\/tienda\/categoria-producto\/accesorios\/rack\/\"},{\"@type\":\"ListItem\",\"position\":5,\"name\":\"Intellinet 714884 Charola Rack 19 ,, 1u, 30cm Vent. 25kg\"}]},{\"@type\":\"WebSite\",\"@id\":\"https:\/\/compuviper.mx\/tienda\/#website\",\"url\":\"https:\/\/compuviper.mx\/tienda\/\",\"name\":\"Compuviper\",\"description\":\"Proveedor de Computadoras, Laptops, Servidores, Monitores, Puntos de Venta, Teclados,   Impresoras, T\u00f3ner, C\u00e1maras de Seguridad y m\u00e1s en tu tienda en l\u00ednea\",\"publisher\":{\"@id\":\"https:\/\/compuviper.mx\/tienda\/#organization\"},\"potentialAction\":[{\"@type\":\"SearchAction\",\"target\":{\"@type\":\"EntryPoint\",\"urlTemplate\":\"https:\/\/compuviper.mx\/tienda\/?s={search_term_string}\"},\"query-input\":\"required name=search_term_string\"}],\"inLanguage\":\"es-MX\"},{\"@type\":\"Organization\",\"@id\":\"https:\/\/compuviper.mx\/tienda\/#organization\",\"name\":\"Compuviper\",\"url\":\"https:\/\/compuviper.mx\/tienda\/\",\"logo\":{\"@type\":\"ImageObject\",\"inLanguage\":\"es-MX\",\"@id\":\"https:\/\/compuviper.mx\/tienda\/#\/schema\/logo\/image\/\",\"url\":\"https:\/\/compuviper.mx\/tienda\/wp-content\/uploads\/2021\/08\/Logo-Compuviper-10.png\",\"contentUrl\":\"https:\/\/compuviper.mx\/tienda\/wp-content\/uploads\/2021\/08\/Logo-Compuviper-10.png\",\"width\":1000,\"height\":500,\"caption\":\"Compuviper\"},\"image\":{\"@id\":\"https:\/\/compuviper.mx\/tienda\/#\/schema\/logo\/image\/\"},\"sameAs\":[\"https:\/\/www.facebook.com\/compuviper\",\"https:\/\/www.youtube.com\/channel\/UCf73dERp9Y3cfOq7q8BhLjA?view_as=subscriber\"]}]}<\/script>\n<meta property=\"product:brand\" content=\"INTELLINET\" \/>\n<meta property=\"product:price:amount\" content=\"442\" \/>\n<meta property=\"product:price:currency\" content=\"MXN\" \/>\n<meta property=\"og:availability\" content=\"instock\" \/>\n<meta property=\"product:availability\" content=\"instock\" \/>\n<meta property=\"product:retailer_item_id\" content=\"714884\" \/>\n<meta property=\"product:condition\" content=\"new\" \/>\n<!-- \/ Yoast SEO plugin. -->","yoast_head_json":{"title":"[ Intellinet ] &#129351; 714884 Charola Rack 19 ,, 1u, 30cm Vent. 25kg","description":"Compra 714884 Charola Rack 19 ,, 1u, 30cm Vent. 25kg + Env\u00edo a domicilio + Pago seguro + Garant\u00eda","robots":{"index":"index","follow":"follow","max-snippet":"max-snippet:-1","max-image-preview":"max-image-preview:large","max-video-preview":"max-video-preview:-1"},"canonical":"https:\/\/compuviper.mx\/tienda\/producto\/intellinet-714884-charola-rack-19-1u-30cm-vent-25kg\/","og_locale":"es_MX","og_type":"article","og_title":"[ Intellinet ] &#129351; 714884 Charola Rack 19 ,, 1u, 30cm Vent. 25kg","og_description":"Compra 714884 Charola Rack 19 ,, 1u, 30cm Vent. 25kg + Env\u00edo a domicilio + Pago seguro + Garant\u00eda","og_url":"https:\/\/compuviper.mx\/tienda\/producto\/intellinet-714884-charola-rack-19-1u-30cm-vent-25kg\/","og_site_name":"Compuviper","article_publisher":"https:\/\/www.facebook.com\/compuviper","og_image":[{"width":200,"height":200,"url":"https:\/\/compuviper.mx\/tienda\/wp-content\/uploads\/2023\/12\/Charola-rack-19-intellinet714884-1u-30cm-vent.-25kg.jpg","type":"image\/jpeg"}],"twitter_card":"summary_large_image","twitter_misc":{"Precio":"&#36;442 con IVA","Availability":"In stock"},"schema":{"@context":"https:\/\/schema.org","@graph":[{"@type":"WebPage","@id":"https:\/\/compuviper.mx\/tienda\/producto\/intellinet-714884-charola-rack-19-1u-30cm-vent-25kg\/","url":"https:\/\/compuviper.mx\/tienda\/producto\/intellinet-714884-charola-rack-19-1u-30cm-vent-25kg\/","name":"[ Intellinet ] &#129351; 714884 Charola Rack 19 ,, 1u, 30cm Vent. 25kg","isPartOf":{"@id":"https:\/\/compuviper.mx\/tienda\/#website"},"datePublished":"2026-04-10T05:28:26+00:00","dateModified":"2026-04-10T05:28:26+00:00","description":"Compra 714884 Charola Rack 19 ,, 1u, 30cm Vent. 25kg + Env\u00edo a domicilio + Pago seguro + Garant\u00eda","breadcrumb":{"@id":"https:\/\/compuviper.mx\/tienda\/producto\/intellinet-714884-charola-rack-19-1u-30cm-vent-25kg\/#breadcrumb"},"inLanguage":"es-MX","potentialAction":[{"@type":"ReadAction","target":["https:\/\/compuviper.mx\/tienda\/producto\/intellinet-714884-charola-rack-19-1u-30cm-vent-25kg\/"]}]},{"@type":"BreadcrumbList","@id":"https:\/\/compuviper.mx\/tienda\/producto\/intellinet-714884-charola-rack-19-1u-30cm-vent-25kg\/#breadcrumb","itemListElement":[{"@type":"ListItem","position":1,"name":"Inicio","item":"https:\/\/compuviper.mx\/tienda\/"},{"@type":"ListItem","position":2,"name":"Productos","item":"https:\/\/compuviper.mx\/tienda\/productos\/"},{"@type":"ListItem","position":3,"name":"Accesorios","item":"https:\/\/compuviper.mx\/tienda\/categoria-producto\/accesorios\/"},{"@type":"ListItem","position":4,"name":"Rack","item":"https:\/\/compuviper.mx\/tienda\/categoria-producto\/accesorios\/rack\/"},{"@type":"ListItem","position":5,"name":"Intellinet 714884 Charola Rack 19 ,, 1u, 30cm Vent. 25kg"}]},{"@type":"WebSite","@id":"https:\/\/compuviper.mx\/tienda\/#website","url":"https:\/\/compuviper.mx\/tienda\/","name":"Compuviper","description":"Proveedor de Computadoras, Laptops, Servidores, Monitores, Puntos de Venta, Teclados,   Impresoras, T\u00f3ner, C\u00e1maras de Seguridad y m\u00e1s en tu tienda en l\u00ednea","publisher":{"@id":"https:\/\/compuviper.mx\/tienda\/#organization"},"potentialAction":[{"@type":"SearchAction","target":{"@type":"EntryPoint","urlTemplate":"https:\/\/compuviper.mx\/tienda\/?s={search_term_string}"},"query-input":"required name=search_term_string"}],"inLanguage":"es-MX"},{"@type":"Organization","@id":"https:\/\/compuviper.mx\/tienda\/#organization","name":"Compuviper","url":"https:\/\/compuviper.mx\/tienda\/","logo":{"@type":"ImageObject","inLanguage":"es-MX","@id":"https:\/\/compuviper.mx\/tienda\/#\/schema\/logo\/image\/","url":"https:\/\/compuviper.mx\/tienda\/wp-content\/uploads\/2021\/08\/Logo-Compuviper-10.png","contentUrl":"https:\/\/compuviper.mx\/tienda\/wp-content\/uploads\/2021\/08\/Logo-Compuviper-10.png","width":1000,"height":500,"caption":"Compuviper"},"image":{"@id":"https:\/\/compuviper.mx\/tienda\/#\/schema\/logo\/image\/"},"sameAs":["https:\/\/www.facebook.com\/compuviper","https:\/\/www.youtube.com\/channel\/UCf73dERp9Y3cfOq7q8BhLjA?view_as=subscriber"]}]},"product_brand":"INTELLINET","product_price_amount":"442","product_price_currency":"MXN","og_availability":"instock","product_availability":"instock","product_retailer_item_id":"714884","product_condition":"new"},"_links":{"self":[{"href":"https:\/\/compuviper.mx\/tienda\/wp-json\/wp\/v2\/product\/212010"}],"collection":[{"href":"https:\/\/compuviper.mx\/tienda\/wp-json\/wp\/v2\/product"}],"about":[{"href":"https:\/\/compuviper.mx\/tienda\/wp-json\/wp\/v2\/types\/product"}],"replies":[{"embeddable":true,"href":"https:\/\/compuviper.mx\/tienda\/wp-json\/wp\/v2\/comments?post=212010"}],"wp:featuredmedia":[{"embeddable":true,"href":"https:\/\/compuviper.mx\/tienda\/wp-json\/wp\/v2\/media\/212011"}],"wp:attachment":[{"href":"https:\/\/compuviper.mx\/tienda\/wp-json\/wp\/v2\/media?parent=212010"}],"wp:term":[{"taxonomy":"product_cat","embeddable":true,"href":"https:\/\/compuviper.mx\/tienda\/wp-json\/wp\/v2\/product_cat?post=212010"},{"taxonomy":"product_tag","embeddable":true,"href":"https:\/\/compuviper.mx\/tienda\/wp-json\/wp\/v2\/product_tag?post=212010"}],"curies":[{"name":"wp","href":"https:\/\/api.w.org\/{rel}","templated":true}]}}