{"id":211998,"date":"2026-04-14T23:31:10","date_gmt":"2026-04-15T05:31:10","guid":{"rendered":"https:\/\/compuviper.mx\/tienda\/producto\/manhattan-163552-hub-usb-c-3-ptos-a-1-pto-c\/"},"modified":"2026-04-14T23:31:10","modified_gmt":"2026-04-15T05:31:10","slug":"manhattan-163552-hub-usb-c-3-ptos-a-1-pto-c","status":"publish","type":"product","link":"https:\/\/compuviper.mx\/tienda\/producto\/manhattan-163552-hub-usb-c-3-ptos-a-1-pto-c\/","title":{"rendered":"Manhattan 163552 Hub Usb,,,-c  3 Ptos A + 1 Pto C"},"content":{"rendered":"<table class=\"descripcion\">\n<tr>\n<td>Est\u00e1ndares y certificaciones<\/td>\n<\/tr>\n<tr>\n<td>Usb<\/td>\n<\/tr>\n<tr>\n<td>Fcc<\/td>\n<\/tr>\n<tr>\n<td>Ce<\/td>\n<\/tr>\n<tr>\n<td>Rohs2<\/td>\n<\/tr>\n<tr>\n<td>Weee<\/td>\n<\/tr>\n<tr>\n<td>Usb con suministro de energ\u00eda (pd) 2.0<\/td>\n<\/tr>\n<tr>\n<td>General<\/td>\n<\/tr>\n<tr>\n<td>Velocidad de transferencia de datos: 5 gbps<\/td>\n<\/tr>\n<tr>\n<td>1 puerto upstream con cable integrado, est\u00e1ndar, tipo-c macho<\/td>\n<\/tr>\n<tr>\n<td>3 puertos downstream, est\u00e1ndar, tipo-a, hembra<\/td>\n<\/tr>\n<tr>\n<td>1 puerto downstream, est\u00e1ndar tipo-c hembra<\/td>\n<\/tr>\n<tr>\n<td>Hasta 1a de energ\u00eda de salida<\/td>\n<\/tr>\n<tr>\n<td>Alimentaci\u00f3n por bus<\/td>\n<\/tr>\n<tr>\n<td>Protecci\u00f3n contra sobrecorrientes<\/td>\n<\/tr>\n<tr>\n<td>Conexiones<\/td>\n<\/tr>\n<tr>\n<td>Usb tipo-c, 24 pines, macho<\/td>\n<\/tr>\n<tr>\n<td>(3) usb tipo-a, 4-pines, hembra<\/td>\n<\/tr>\n<tr>\n<td>Poder de salida 5v \/ 1a<\/td>\n<\/tr>\n<tr>\n<td>(1) usb tipo-c, 24-pines, hembra<\/td>\n<\/tr>\n<tr>\n<td>Suministro de energ\u00eda usb, sin capacidad de transferencia de datos dise\u00f1o<\/td>\n<\/tr>\n<tr>\n<td>Calibre del cable 24 awg<\/td>\n<\/tr>\n<tr>\n<td>Longitud del cable: 20 cm (8 in.)<\/td>\n<\/tr>\n<tr>\n<td>Voltaje de ruptura: 300 v dc<\/td>\n<\/tr>\n<tr>\n<td>Resistencia de los aislantes: 10 mohms<\/td>\n<\/tr>\n<tr>\n<td>Forro de pl\u00e1stico t\u00e9rmico<\/td>\n<\/tr>\n<tr>\n<td>Chasis: pl\u00e1stico abs<\/td>\n<\/tr>\n<tr>\n<td>Dimensiones: 76 x 38 x 10 mm (3 x 1.5 x 0.4 in.)<\/td>\n<\/tr>\n<tr>\n<td>Peso: 31 g (1.1 oz.)<\/td>\n<\/tr>\n<tr>\n<td>Blindado<\/td>\n<\/tr>\n<tr>\n<td>Ambiente de operaci\u00f3n<\/td>\n<\/tr>\n<tr>\n<td>Temperatura de operaci\u00f3n: 32 &#8211; 104\u00b0f (0 &#8211; 40\u00b0c)<\/td>\n<\/tr>\n<tr>\n<td>Temperatura de almacenamiento: -4 &#8211; 140\u00b0f (-20 &#8211; 60\u00b0c)<\/td>\n<\/tr>\n<tr>\n<td>Humedad (sin condensar): 5 &#8211; 90%<\/td>\n<\/tr>\n<tr>\n<td>Requerimientos de sistema<\/td>\n<\/tr>\n<tr>\n<td>Windows xp\/vista\/7\/8.1\/10 o linux o mac 9.x\/10.x o m\u00e1s recientes<\/td>\n<\/tr>\n<tr>\n<td>Contenido del paquete<\/td>\n<\/tr>\n<tr>\n<td>Hub de supervelocidad usb-c 3.1 gen 1 tipo-c con suministro de energ\u00eda<\/td>\n<\/tr>\n<tr>\n<td>Gu\u00eda r\u00e1pida de instrucciones<\/td>\n<\/tr>\n<\/table>\n","protected":false},"excerpt":{"rendered":"<p>Conecta r\u00e1pidamente m\u00e1s perif\u00e9ricos tipo-a a dispositivos tipo-c. El hub de supervelocidad usb-c 3.1 gen 1 tipo-c con suministro de energ\u00eda de manhattan a\u00f1ade f\u00e1cilmente tres puertos tipo-a supervelocidad a cualquier dispositivo compatible con usb tipo-c, expandiendo la conectividad para teclados, ratones, memorias externas y otros perif\u00e9ricos. Sus puertos de supervelocidad son retrocompatibles para soportar dispositivos m\u00e1s viejos. Estos proveen velocidades de transferencia de datos de hasta 5 gbps para almacenamiento externo, impresi\u00f3n y otras actividades y son capaces de cargar y alimentar en su salida de 5v\/1a. El hub de supervelocidad usb-c 3.1 gen 1 tipo-c con suministro de energ\u00eda puede alimentar a los perif\u00e9ricos conectados a trav\u00e9s de un bus usb or al conectar el cargador del dispositivo receptor al puerto tipo-c en el hub y alimentarlo, lo que cargara al dispositivo receptor y a los perif\u00e9ricos conectados. F\u00e1cil de a\u00f1adir conectividad. Una cubierta durable, tama\u00f1o compacto y funci\u00f3n alimentada por bus lo hacen f\u00e1cil de transportar para a\u00f1adir conectividad usb casi en cualquier lugar. La instalaci\u00f3n es simple y tiene capacidades plug and play y hot-swappable. Un cable usb integrado se conecta al hub de supervelocidad usb-c 3.1 gen 1 tipo-c con suministro de energ\u00eda de manhattan.<\/p>\n","protected":false},"featured_media":211999,"comment_status":"open","ping_status":"open","template":"","meta":[],"product_cat":[1485,1497],"product_tag":[1487],"acf":[],"yoast_head":"<!-- This site is optimized with the Yoast SEO plugin v21.7 - https:\/\/yoast.com\/wordpress\/plugins\/seo\/ -->\n<title>[ Manhattan ] &#129351; 163552 Hub Usb,,,-c 3 Ptos A + 1 Pto C<\/title>\n<meta name=\"description\" content=\"Compra 163552 Hub Usb,,,-c 3 Ptos A + 1 Pto C + Env\u00edo a domicilio + Pago seguro + Garant\u00eda\" \/>\n<meta name=\"robots\" content=\"index, follow, max-snippet:-1, max-image-preview:large, max-video-preview:-1\" \/>\n<link rel=\"canonical\" href=\"https:\/\/compuviper.mx\/tienda\/producto\/manhattan-163552-hub-usb-c-3-ptos-a-1-pto-c\/\" \/>\n<meta property=\"og:locale\" content=\"es_MX\" \/>\n<meta property=\"og:type\" content=\"article\" \/>\n<meta property=\"og:title\" content=\"[ Manhattan ] &#129351; 163552 Hub Usb,,,-c 3 Ptos A + 1 Pto C\" \/>\n<meta property=\"og:description\" content=\"Compra 163552 Hub Usb,,,-c 3 Ptos A + 1 Pto C + Env\u00edo a domicilio + Pago seguro + Garant\u00eda\" \/>\n<meta property=\"og:url\" content=\"https:\/\/compuviper.mx\/tienda\/producto\/manhattan-163552-hub-usb-c-3-ptos-a-1-pto-c\/\" \/>\n<meta property=\"og:site_name\" content=\"Compuviper\" \/>\n<meta property=\"article:publisher\" content=\"https:\/\/www.facebook.com\/compuviper\" \/>\n<meta property=\"og:image\" content=\"https:\/\/compuviper.mx\/tienda\/wp-content\/uploads\/2023\/12\/Hub-usbmanhattan163552-c-3-ptos-a-1-pto-c.jpg\" \/>\n\t<meta property=\"og:image:width\" content=\"200\" \/>\n\t<meta property=\"og:image:height\" content=\"200\" \/>\n\t<meta property=\"og:image:type\" content=\"image\/jpeg\" \/>\n<meta name=\"twitter:card\" content=\"summary_large_image\" \/>\n<meta name=\"twitter:label1\" content=\"Precio\" \/>\n\t<meta name=\"twitter:data1\" content=\"&#36;295 con IVA\" \/>\n\t<meta name=\"twitter:label2\" content=\"Availability\" \/>\n\t<meta name=\"twitter:data2\" content=\"In stock\" \/>\n<script type=\"application\/ld+json\" class=\"yoast-schema-graph\">{\"@context\":\"https:\/\/schema.org\",\"@graph\":[{\"@type\":\"WebPage\",\"@id\":\"https:\/\/compuviper.mx\/tienda\/producto\/manhattan-163552-hub-usb-c-3-ptos-a-1-pto-c\/\",\"url\":\"https:\/\/compuviper.mx\/tienda\/producto\/manhattan-163552-hub-usb-c-3-ptos-a-1-pto-c\/\",\"name\":\"[ Manhattan ] &#129351; 163552 Hub Usb,,,-c 3 Ptos A + 1 Pto C\",\"isPartOf\":{\"@id\":\"https:\/\/compuviper.mx\/tienda\/#website\"},\"datePublished\":\"2026-04-15T05:31:10+00:00\",\"dateModified\":\"2026-04-15T05:31:10+00:00\",\"description\":\"Compra 163552 Hub Usb,,,-c 3 Ptos A + 1 Pto C + Env\u00edo a domicilio + Pago seguro + Garant\u00eda\",\"breadcrumb\":{\"@id\":\"https:\/\/compuviper.mx\/tienda\/producto\/manhattan-163552-hub-usb-c-3-ptos-a-1-pto-c\/#breadcrumb\"},\"inLanguage\":\"es-MX\",\"potentialAction\":[{\"@type\":\"ReadAction\",\"target\":[\"https:\/\/compuviper.mx\/tienda\/producto\/manhattan-163552-hub-usb-c-3-ptos-a-1-pto-c\/\"]}]},{\"@type\":\"BreadcrumbList\",\"@id\":\"https:\/\/compuviper.mx\/tienda\/producto\/manhattan-163552-hub-usb-c-3-ptos-a-1-pto-c\/#breadcrumb\",\"itemListElement\":[{\"@type\":\"ListItem\",\"position\":1,\"name\":\"Inicio\",\"item\":\"https:\/\/compuviper.mx\/tienda\/\"},{\"@type\":\"ListItem\",\"position\":2,\"name\":\"Productos\",\"item\":\"https:\/\/compuviper.mx\/tienda\/productos\/\"},{\"@type\":\"ListItem\",\"position\":3,\"name\":\"Accesorios\",\"item\":\"https:\/\/compuviper.mx\/tienda\/categoria-producto\/accesorios\/\"},{\"@type\":\"ListItem\",\"position\":4,\"name\":\"Hub Usb\",\"item\":\"https:\/\/compuviper.mx\/tienda\/categoria-producto\/accesorios\/hub-usb\/\"},{\"@type\":\"ListItem\",\"position\":5,\"name\":\"Manhattan 163552 Hub Usb,,,-c 3 Ptos A + 1 Pto C\"}]},{\"@type\":\"WebSite\",\"@id\":\"https:\/\/compuviper.mx\/tienda\/#website\",\"url\":\"https:\/\/compuviper.mx\/tienda\/\",\"name\":\"Compuviper\",\"description\":\"Proveedor de Computadoras, Laptops, Servidores, Monitores, Puntos de Venta, Teclados,   Impresoras, T\u00f3ner, C\u00e1maras de Seguridad y m\u00e1s en tu tienda en l\u00ednea\",\"publisher\":{\"@id\":\"https:\/\/compuviper.mx\/tienda\/#organization\"},\"potentialAction\":[{\"@type\":\"SearchAction\",\"target\":{\"@type\":\"EntryPoint\",\"urlTemplate\":\"https:\/\/compuviper.mx\/tienda\/?s={search_term_string}\"},\"query-input\":\"required name=search_term_string\"}],\"inLanguage\":\"es-MX\"},{\"@type\":\"Organization\",\"@id\":\"https:\/\/compuviper.mx\/tienda\/#organization\",\"name\":\"Compuviper\",\"url\":\"https:\/\/compuviper.mx\/tienda\/\",\"logo\":{\"@type\":\"ImageObject\",\"inLanguage\":\"es-MX\",\"@id\":\"https:\/\/compuviper.mx\/tienda\/#\/schema\/logo\/image\/\",\"url\":\"https:\/\/compuviper.mx\/tienda\/wp-content\/uploads\/2021\/08\/Logo-Compuviper-10.png\",\"contentUrl\":\"https:\/\/compuviper.mx\/tienda\/wp-content\/uploads\/2021\/08\/Logo-Compuviper-10.png\",\"width\":1000,\"height\":500,\"caption\":\"Compuviper\"},\"image\":{\"@id\":\"https:\/\/compuviper.mx\/tienda\/#\/schema\/logo\/image\/\"},\"sameAs\":[\"https:\/\/www.facebook.com\/compuviper\",\"https:\/\/www.youtube.com\/channel\/UCf73dERp9Y3cfOq7q8BhLjA?view_as=subscriber\"]}]}<\/script>\n<meta property=\"product:brand\" content=\"MANHATTAN\" \/>\n<meta property=\"product:price:amount\" content=\"295\" \/>\n<meta property=\"product:price:currency\" content=\"MXN\" \/>\n<meta property=\"og:availability\" content=\"instock\" \/>\n<meta property=\"product:availability\" content=\"instock\" \/>\n<meta property=\"product:retailer_item_id\" content=\"163552\" \/>\n<meta property=\"product:condition\" content=\"new\" \/>\n<!-- \/ Yoast SEO plugin. -->","yoast_head_json":{"title":"[ Manhattan ] &#129351; 163552 Hub Usb,,,-c 3 Ptos A + 1 Pto C","description":"Compra 163552 Hub Usb,,,-c 3 Ptos A + 1 Pto C + Env\u00edo a domicilio + Pago seguro + Garant\u00eda","robots":{"index":"index","follow":"follow","max-snippet":"max-snippet:-1","max-image-preview":"max-image-preview:large","max-video-preview":"max-video-preview:-1"},"canonical":"https:\/\/compuviper.mx\/tienda\/producto\/manhattan-163552-hub-usb-c-3-ptos-a-1-pto-c\/","og_locale":"es_MX","og_type":"article","og_title":"[ Manhattan ] &#129351; 163552 Hub Usb,,,-c 3 Ptos A + 1 Pto C","og_description":"Compra 163552 Hub Usb,,,-c 3 Ptos A + 1 Pto C + Env\u00edo a domicilio + Pago seguro + Garant\u00eda","og_url":"https:\/\/compuviper.mx\/tienda\/producto\/manhattan-163552-hub-usb-c-3-ptos-a-1-pto-c\/","og_site_name":"Compuviper","article_publisher":"https:\/\/www.facebook.com\/compuviper","og_image":[{"width":200,"height":200,"url":"https:\/\/compuviper.mx\/tienda\/wp-content\/uploads\/2023\/12\/Hub-usbmanhattan163552-c-3-ptos-a-1-pto-c.jpg","type":"image\/jpeg"}],"twitter_card":"summary_large_image","twitter_misc":{"Precio":"&#36;295 con IVA","Availability":"In stock"},"schema":{"@context":"https:\/\/schema.org","@graph":[{"@type":"WebPage","@id":"https:\/\/compuviper.mx\/tienda\/producto\/manhattan-163552-hub-usb-c-3-ptos-a-1-pto-c\/","url":"https:\/\/compuviper.mx\/tienda\/producto\/manhattan-163552-hub-usb-c-3-ptos-a-1-pto-c\/","name":"[ Manhattan ] &#129351; 163552 Hub Usb,,,-c 3 Ptos A + 1 Pto C","isPartOf":{"@id":"https:\/\/compuviper.mx\/tienda\/#website"},"datePublished":"2026-04-15T05:31:10+00:00","dateModified":"2026-04-15T05:31:10+00:00","description":"Compra 163552 Hub Usb,,,-c 3 Ptos A + 1 Pto C + Env\u00edo a domicilio + Pago seguro + Garant\u00eda","breadcrumb":{"@id":"https:\/\/compuviper.mx\/tienda\/producto\/manhattan-163552-hub-usb-c-3-ptos-a-1-pto-c\/#breadcrumb"},"inLanguage":"es-MX","potentialAction":[{"@type":"ReadAction","target":["https:\/\/compuviper.mx\/tienda\/producto\/manhattan-163552-hub-usb-c-3-ptos-a-1-pto-c\/"]}]},{"@type":"BreadcrumbList","@id":"https:\/\/compuviper.mx\/tienda\/producto\/manhattan-163552-hub-usb-c-3-ptos-a-1-pto-c\/#breadcrumb","itemListElement":[{"@type":"ListItem","position":1,"name":"Inicio","item":"https:\/\/compuviper.mx\/tienda\/"},{"@type":"ListItem","position":2,"name":"Productos","item":"https:\/\/compuviper.mx\/tienda\/productos\/"},{"@type":"ListItem","position":3,"name":"Accesorios","item":"https:\/\/compuviper.mx\/tienda\/categoria-producto\/accesorios\/"},{"@type":"ListItem","position":4,"name":"Hub Usb","item":"https:\/\/compuviper.mx\/tienda\/categoria-producto\/accesorios\/hub-usb\/"},{"@type":"ListItem","position":5,"name":"Manhattan 163552 Hub Usb,,,-c 3 Ptos A + 1 Pto C"}]},{"@type":"WebSite","@id":"https:\/\/compuviper.mx\/tienda\/#website","url":"https:\/\/compuviper.mx\/tienda\/","name":"Compuviper","description":"Proveedor de Computadoras, Laptops, Servidores, Monitores, Puntos de Venta, Teclados,   Impresoras, T\u00f3ner, C\u00e1maras de Seguridad y m\u00e1s en tu tienda en l\u00ednea","publisher":{"@id":"https:\/\/compuviper.mx\/tienda\/#organization"},"potentialAction":[{"@type":"SearchAction","target":{"@type":"EntryPoint","urlTemplate":"https:\/\/compuviper.mx\/tienda\/?s={search_term_string}"},"query-input":"required name=search_term_string"}],"inLanguage":"es-MX"},{"@type":"Organization","@id":"https:\/\/compuviper.mx\/tienda\/#organization","name":"Compuviper","url":"https:\/\/compuviper.mx\/tienda\/","logo":{"@type":"ImageObject","inLanguage":"es-MX","@id":"https:\/\/compuviper.mx\/tienda\/#\/schema\/logo\/image\/","url":"https:\/\/compuviper.mx\/tienda\/wp-content\/uploads\/2021\/08\/Logo-Compuviper-10.png","contentUrl":"https:\/\/compuviper.mx\/tienda\/wp-content\/uploads\/2021\/08\/Logo-Compuviper-10.png","width":1000,"height":500,"caption":"Compuviper"},"image":{"@id":"https:\/\/compuviper.mx\/tienda\/#\/schema\/logo\/image\/"},"sameAs":["https:\/\/www.facebook.com\/compuviper","https:\/\/www.youtube.com\/channel\/UCf73dERp9Y3cfOq7q8BhLjA?view_as=subscriber"]}]},"product_brand":"MANHATTAN","product_price_amount":"295","product_price_currency":"MXN","og_availability":"instock","product_availability":"instock","product_retailer_item_id":"163552","product_condition":"new"},"_links":{"self":[{"href":"https:\/\/compuviper.mx\/tienda\/wp-json\/wp\/v2\/product\/211998"}],"collection":[{"href":"https:\/\/compuviper.mx\/tienda\/wp-json\/wp\/v2\/product"}],"about":[{"href":"https:\/\/compuviper.mx\/tienda\/wp-json\/wp\/v2\/types\/product"}],"replies":[{"embeddable":true,"href":"https:\/\/compuviper.mx\/tienda\/wp-json\/wp\/v2\/comments?post=211998"}],"wp:featuredmedia":[{"embeddable":true,"href":"https:\/\/compuviper.mx\/tienda\/wp-json\/wp\/v2\/media\/211999"}],"wp:attachment":[{"href":"https:\/\/compuviper.mx\/tienda\/wp-json\/wp\/v2\/media?parent=211998"}],"wp:term":[{"taxonomy":"product_cat","embeddable":true,"href":"https:\/\/compuviper.mx\/tienda\/wp-json\/wp\/v2\/product_cat?post=211998"},{"taxonomy":"product_tag","embeddable":true,"href":"https:\/\/compuviper.mx\/tienda\/wp-json\/wp\/v2\/product_tag?post=211998"}],"curies":[{"name":"wp","href":"https:\/\/api.w.org\/{rel}","templated":true}]}}