{"id":211980,"date":"2026-04-06T23:30:19","date_gmt":"2026-04-07T05:30:19","guid":{"rendered":"https:\/\/compuviper.mx\/tienda\/producto\/manhattan-461580-soporte-monitor-p-1-monitor-17-a-32-escritorio-piston-brazo-largo\/"},"modified":"2026-04-06T23:30:19","modified_gmt":"2026-04-07T05:30:19","slug":"manhattan-461580-soporte-monitor-p-1-monitor-17-a-32-escritorio-piston-brazo-largo","status":"publish","type":"product","link":"https:\/\/compuviper.mx\/tienda\/producto\/manhattan-461580-soporte-monitor-p-1-monitor-17-a-32-escritorio-piston-brazo-largo\/","title":{"rendered":"Manhattan 461580 Soporte Monitor,,, P\/1 Monitor 17 A 32 Escritorio, Piston, Brazo Largo"},"content":{"rendered":"<table class=\"descripcion\">\n<tr>\n<td>Se adapta a la mayor\u00eda de los monitores planos y curvos de 17 a 32<\/td>\n<\/tr>\n<tr>\n<td>Materiales: aluminio, acero y pl\u00e1stico<\/td>\n<\/tr>\n<tr>\n<td>Soporta monitores de hasta 8 kg (17.64 lbs.)<\/td>\n<\/tr>\n<tr>\n<td>Soporta vesa 75 x 75 y 100 x 100<\/td>\n<\/tr>\n<tr>\n<td>Inclinaci\u00f3n: \u00b135\u00b0<\/td>\n<\/tr>\n<tr>\n<td>Giro: \u00b190\u00b0<\/td>\n<\/tr>\n<tr>\n<td>Rotaci\u00f3n: \u00b1180\u00b0<\/td>\n<\/tr>\n<tr>\n<td>Dimensiones del producto (m\u00e1ximo)<\/td>\n<\/tr>\n<tr>\n<td>534 (largo) x 114 (ancho) x 745 (alto) [mm]<\/td>\n<\/tr>\n<tr>\n<td>21.02 (l) x 4.49 (w) x 29.33 (h) [pulgadas]<\/td>\n<\/tr>\n<tr>\n<td>Contenido del paquete:<\/td>\n<\/tr>\n<tr>\n<td>Soporte universal para monitor, con pist\u00f3n a gas<\/td>\n<\/tr>\n<tr>\n<td>Piezas para montaje e instrucciones<\/td>\n<\/tr>\n<tr>\n<td>El brazo con pist\u00f3n a gas brinda un ajuste de altura con un ligero toque<\/td>\n<\/tr>\n<tr>\n<td>Ajuste de tensi\u00f3n integrado<\/td>\n<\/tr>\n<tr>\n<td>Prensa para escritorio o abrazadera de orificio (ambas suministradas)<\/td>\n<\/tr>\n<tr>\n<td>Tres a\u00f1os de garant\u00eda<\/td>\n<\/tr>\n<\/table>\n","protected":false},"excerpt":{"rendered":"<p>Este soporte universal para monitor con pist\u00f3n de gas ofrece un brazo de resorte de gas para sostener un televisor o monitor de 17 a 32. El pist\u00f3n de gas del soporte permite un movimiento f\u00e1cil de la pantalla a un \u00e1ngulo de visi\u00f3n m\u00e1s c\u00f3modo con el toque m\u00e1s ligero. Ideal para su instalaci\u00f3n en una gran mesa de trabajo, este soporte le permite aprovechar la amplitud de movimiento adicional para que pueda disponer de m\u00e1s espacio para realizar el trabajo.<\/p>\n","protected":false},"featured_media":211981,"comment_status":"open","ping_status":"open","template":"","meta":[],"product_cat":[2321,2265],"product_tag":[1487],"acf":[],"yoast_head":"<!-- This site is optimized with the Yoast SEO plugin v21.7 - https:\/\/yoast.com\/wordpress\/plugins\/seo\/ -->\n<title>[ Manhattan ] &#129351; 461580 Soporte Monitor,,, P\/1 Monitor 17 A 32 Escritorio, Piston, Brazo Largo<\/title>\n<meta name=\"description\" content=\"Compra 461580 Soporte Monitor,,, P\/1 Monitor 17 A 32 Escritorio, Piston, Brazo Largo + Env\u00edo a domicilio + Pago seguro + Garant\u00eda\" \/>\n<meta name=\"robots\" content=\"index, follow, max-snippet:-1, max-image-preview:large, max-video-preview:-1\" \/>\n<link rel=\"canonical\" href=\"https:\/\/compuviper.mx\/tienda\/producto\/manhattan-461580-soporte-monitor-p-1-monitor-17-a-32-escritorio-piston-brazo-largo\/\" \/>\n<meta property=\"og:locale\" content=\"es_MX\" \/>\n<meta property=\"og:type\" content=\"article\" \/>\n<meta property=\"og:title\" content=\"[ Manhattan ] &#129351; 461580 Soporte Monitor,,, P\/1 Monitor 17 A 32 Escritorio, Piston, Brazo Largo\" \/>\n<meta property=\"og:description\" content=\"Compra 461580 Soporte Monitor,,, P\/1 Monitor 17 A 32 Escritorio, Piston, Brazo Largo + Env\u00edo a domicilio + Pago seguro + Garant\u00eda\" \/>\n<meta property=\"og:url\" content=\"https:\/\/compuviper.mx\/tienda\/producto\/manhattan-461580-soporte-monitor-p-1-monitor-17-a-32-escritorio-piston-brazo-largo\/\" \/>\n<meta property=\"og:site_name\" content=\"Compuviper\" \/>\n<meta property=\"article:publisher\" content=\"https:\/\/www.facebook.com\/compuviper\" \/>\n<meta property=\"og:image\" content=\"https:\/\/compuviper.mx\/tienda\/wp-content\/uploads\/2023\/12\/Soporte-monitormanhattan461580-p1-monitor-17-a-32-escritorio-piston-brazo-largo.jpg\" \/>\n\t<meta property=\"og:image:width\" content=\"200\" \/>\n\t<meta property=\"og:image:height\" content=\"200\" \/>\n\t<meta property=\"og:image:type\" content=\"image\/jpeg\" \/>\n<meta name=\"twitter:card\" content=\"summary_large_image\" \/>\n<meta name=\"twitter:label1\" content=\"Precio\" \/>\n\t<meta name=\"twitter:data1\" content=\"&#36;1,346 con IVA\" \/>\n\t<meta name=\"twitter:label2\" content=\"Availability\" \/>\n\t<meta name=\"twitter:data2\" content=\"In stock\" \/>\n<script type=\"application\/ld+json\" class=\"yoast-schema-graph\">{\"@context\":\"https:\/\/schema.org\",\"@graph\":[{\"@type\":\"WebPage\",\"@id\":\"https:\/\/compuviper.mx\/tienda\/producto\/manhattan-461580-soporte-monitor-p-1-monitor-17-a-32-escritorio-piston-brazo-largo\/\",\"url\":\"https:\/\/compuviper.mx\/tienda\/producto\/manhattan-461580-soporte-monitor-p-1-monitor-17-a-32-escritorio-piston-brazo-largo\/\",\"name\":\"[ Manhattan ] &#129351; 461580 Soporte Monitor,,, P\/1 Monitor 17 A 32 Escritorio, Piston, Brazo Largo\",\"isPartOf\":{\"@id\":\"https:\/\/compuviper.mx\/tienda\/#website\"},\"datePublished\":\"2026-04-07T05:30:19+00:00\",\"dateModified\":\"2026-04-07T05:30:19+00:00\",\"description\":\"Compra 461580 Soporte Monitor,,, P\/1 Monitor 17 A 32 Escritorio, Piston, Brazo Largo + Env\u00edo a domicilio + Pago seguro + Garant\u00eda\",\"breadcrumb\":{\"@id\":\"https:\/\/compuviper.mx\/tienda\/producto\/manhattan-461580-soporte-monitor-p-1-monitor-17-a-32-escritorio-piston-brazo-largo\/#breadcrumb\"},\"inLanguage\":\"es-MX\",\"potentialAction\":[{\"@type\":\"ReadAction\",\"target\":[\"https:\/\/compuviper.mx\/tienda\/producto\/manhattan-461580-soporte-monitor-p-1-monitor-17-a-32-escritorio-piston-brazo-largo\/\"]}]},{\"@type\":\"BreadcrumbList\",\"@id\":\"https:\/\/compuviper.mx\/tienda\/producto\/manhattan-461580-soporte-monitor-p-1-monitor-17-a-32-escritorio-piston-brazo-largo\/#breadcrumb\",\"itemListElement\":[{\"@type\":\"ListItem\",\"position\":1,\"name\":\"Inicio\",\"item\":\"https:\/\/compuviper.mx\/tienda\/\"},{\"@type\":\"ListItem\",\"position\":2,\"name\":\"Productos\",\"item\":\"https:\/\/compuviper.mx\/tienda\/productos\/\"},{\"@type\":\"ListItem\",\"position\":3,\"name\":\"Soportes Y Bases P\/tv\/ Proyectores\/dvd\/consolas\/bocinas\/pantallas\/monotores\",\"item\":\"https:\/\/compuviper.mx\/tienda\/categoria-producto\/soportes-y-bases-p-tv-proyectores-dvd-consolas-bocinas-pantallas-monotores\/\"},{\"@type\":\"ListItem\",\"position\":4,\"name\":\"Soporte Y Base Para Tv\/pantallas\/monitores\/kiosko\",\"item\":\"https:\/\/compuviper.mx\/tienda\/categoria-producto\/soportes-y-bases-p-tv-proyectores-dvd-consolas-bocinas-pantallas-monotores\/soporte-y-base-para-tv-pantallas-monitores-kiosko\/\"},{\"@type\":\"ListItem\",\"position\":5,\"name\":\"Manhattan 461580 Soporte Monitor,,, P\/1 Monitor 17 A 32 Escritorio, Piston, Brazo Largo\"}]},{\"@type\":\"WebSite\",\"@id\":\"https:\/\/compuviper.mx\/tienda\/#website\",\"url\":\"https:\/\/compuviper.mx\/tienda\/\",\"name\":\"Compuviper\",\"description\":\"Proveedor de Computadoras, Laptops, Servidores, Monitores, Puntos de Venta, Teclados,   Impresoras, T\u00f3ner, C\u00e1maras de Seguridad y m\u00e1s en tu tienda en l\u00ednea\",\"publisher\":{\"@id\":\"https:\/\/compuviper.mx\/tienda\/#organization\"},\"potentialAction\":[{\"@type\":\"SearchAction\",\"target\":{\"@type\":\"EntryPoint\",\"urlTemplate\":\"https:\/\/compuviper.mx\/tienda\/?s={search_term_string}\"},\"query-input\":\"required name=search_term_string\"}],\"inLanguage\":\"es-MX\"},{\"@type\":\"Organization\",\"@id\":\"https:\/\/compuviper.mx\/tienda\/#organization\",\"name\":\"Compuviper\",\"url\":\"https:\/\/compuviper.mx\/tienda\/\",\"logo\":{\"@type\":\"ImageObject\",\"inLanguage\":\"es-MX\",\"@id\":\"https:\/\/compuviper.mx\/tienda\/#\/schema\/logo\/image\/\",\"url\":\"https:\/\/compuviper.mx\/tienda\/wp-content\/uploads\/2021\/08\/Logo-Compuviper-10.png\",\"contentUrl\":\"https:\/\/compuviper.mx\/tienda\/wp-content\/uploads\/2021\/08\/Logo-Compuviper-10.png\",\"width\":1000,\"height\":500,\"caption\":\"Compuviper\"},\"image\":{\"@id\":\"https:\/\/compuviper.mx\/tienda\/#\/schema\/logo\/image\/\"},\"sameAs\":[\"https:\/\/www.facebook.com\/compuviper\",\"https:\/\/www.youtube.com\/channel\/UCf73dERp9Y3cfOq7q8BhLjA?view_as=subscriber\"]}]}<\/script>\n<meta property=\"product:brand\" content=\"MANHATTAN\" \/>\n<meta property=\"product:price:amount\" content=\"1346\" \/>\n<meta property=\"product:price:currency\" content=\"MXN\" \/>\n<meta property=\"og:availability\" content=\"instock\" \/>\n<meta property=\"product:availability\" content=\"instock\" \/>\n<meta property=\"product:retailer_item_id\" content=\"461580\" \/>\n<meta property=\"product:condition\" content=\"new\" \/>\n<!-- \/ Yoast SEO plugin. -->","yoast_head_json":{"title":"[ Manhattan ] &#129351; 461580 Soporte Monitor,,, P\/1 Monitor 17 A 32 Escritorio, Piston, Brazo Largo","description":"Compra 461580 Soporte Monitor,,, P\/1 Monitor 17 A 32 Escritorio, Piston, Brazo Largo + Env\u00edo a domicilio + Pago seguro + Garant\u00eda","robots":{"index":"index","follow":"follow","max-snippet":"max-snippet:-1","max-image-preview":"max-image-preview:large","max-video-preview":"max-video-preview:-1"},"canonical":"https:\/\/compuviper.mx\/tienda\/producto\/manhattan-461580-soporte-monitor-p-1-monitor-17-a-32-escritorio-piston-brazo-largo\/","og_locale":"es_MX","og_type":"article","og_title":"[ Manhattan ] &#129351; 461580 Soporte Monitor,,, P\/1 Monitor 17 A 32 Escritorio, Piston, Brazo Largo","og_description":"Compra 461580 Soporte Monitor,,, P\/1 Monitor 17 A 32 Escritorio, Piston, Brazo Largo + Env\u00edo a domicilio + Pago seguro + Garant\u00eda","og_url":"https:\/\/compuviper.mx\/tienda\/producto\/manhattan-461580-soporte-monitor-p-1-monitor-17-a-32-escritorio-piston-brazo-largo\/","og_site_name":"Compuviper","article_publisher":"https:\/\/www.facebook.com\/compuviper","og_image":[{"width":200,"height":200,"url":"https:\/\/compuviper.mx\/tienda\/wp-content\/uploads\/2023\/12\/Soporte-monitormanhattan461580-p1-monitor-17-a-32-escritorio-piston-brazo-largo.jpg","type":"image\/jpeg"}],"twitter_card":"summary_large_image","twitter_misc":{"Precio":"&#36;1,346 con IVA","Availability":"In stock"},"schema":{"@context":"https:\/\/schema.org","@graph":[{"@type":"WebPage","@id":"https:\/\/compuviper.mx\/tienda\/producto\/manhattan-461580-soporte-monitor-p-1-monitor-17-a-32-escritorio-piston-brazo-largo\/","url":"https:\/\/compuviper.mx\/tienda\/producto\/manhattan-461580-soporte-monitor-p-1-monitor-17-a-32-escritorio-piston-brazo-largo\/","name":"[ Manhattan ] &#129351; 461580 Soporte Monitor,,, P\/1 Monitor 17 A 32 Escritorio, Piston, Brazo Largo","isPartOf":{"@id":"https:\/\/compuviper.mx\/tienda\/#website"},"datePublished":"2026-04-07T05:30:19+00:00","dateModified":"2026-04-07T05:30:19+00:00","description":"Compra 461580 Soporte Monitor,,, P\/1 Monitor 17 A 32 Escritorio, Piston, Brazo Largo + Env\u00edo a domicilio + Pago seguro + Garant\u00eda","breadcrumb":{"@id":"https:\/\/compuviper.mx\/tienda\/producto\/manhattan-461580-soporte-monitor-p-1-monitor-17-a-32-escritorio-piston-brazo-largo\/#breadcrumb"},"inLanguage":"es-MX","potentialAction":[{"@type":"ReadAction","target":["https:\/\/compuviper.mx\/tienda\/producto\/manhattan-461580-soporte-monitor-p-1-monitor-17-a-32-escritorio-piston-brazo-largo\/"]}]},{"@type":"BreadcrumbList","@id":"https:\/\/compuviper.mx\/tienda\/producto\/manhattan-461580-soporte-monitor-p-1-monitor-17-a-32-escritorio-piston-brazo-largo\/#breadcrumb","itemListElement":[{"@type":"ListItem","position":1,"name":"Inicio","item":"https:\/\/compuviper.mx\/tienda\/"},{"@type":"ListItem","position":2,"name":"Productos","item":"https:\/\/compuviper.mx\/tienda\/productos\/"},{"@type":"ListItem","position":3,"name":"Soportes Y Bases P\/tv\/ Proyectores\/dvd\/consolas\/bocinas\/pantallas\/monotores","item":"https:\/\/compuviper.mx\/tienda\/categoria-producto\/soportes-y-bases-p-tv-proyectores-dvd-consolas-bocinas-pantallas-monotores\/"},{"@type":"ListItem","position":4,"name":"Soporte Y Base Para Tv\/pantallas\/monitores\/kiosko","item":"https:\/\/compuviper.mx\/tienda\/categoria-producto\/soportes-y-bases-p-tv-proyectores-dvd-consolas-bocinas-pantallas-monotores\/soporte-y-base-para-tv-pantallas-monitores-kiosko\/"},{"@type":"ListItem","position":5,"name":"Manhattan 461580 Soporte Monitor,,, P\/1 Monitor 17 A 32 Escritorio, Piston, Brazo Largo"}]},{"@type":"WebSite","@id":"https:\/\/compuviper.mx\/tienda\/#website","url":"https:\/\/compuviper.mx\/tienda\/","name":"Compuviper","description":"Proveedor de Computadoras, Laptops, Servidores, Monitores, Puntos de Venta, Teclados,   Impresoras, T\u00f3ner, C\u00e1maras de Seguridad y m\u00e1s en tu tienda en l\u00ednea","publisher":{"@id":"https:\/\/compuviper.mx\/tienda\/#organization"},"potentialAction":[{"@type":"SearchAction","target":{"@type":"EntryPoint","urlTemplate":"https:\/\/compuviper.mx\/tienda\/?s={search_term_string}"},"query-input":"required name=search_term_string"}],"inLanguage":"es-MX"},{"@type":"Organization","@id":"https:\/\/compuviper.mx\/tienda\/#organization","name":"Compuviper","url":"https:\/\/compuviper.mx\/tienda\/","logo":{"@type":"ImageObject","inLanguage":"es-MX","@id":"https:\/\/compuviper.mx\/tienda\/#\/schema\/logo\/image\/","url":"https:\/\/compuviper.mx\/tienda\/wp-content\/uploads\/2021\/08\/Logo-Compuviper-10.png","contentUrl":"https:\/\/compuviper.mx\/tienda\/wp-content\/uploads\/2021\/08\/Logo-Compuviper-10.png","width":1000,"height":500,"caption":"Compuviper"},"image":{"@id":"https:\/\/compuviper.mx\/tienda\/#\/schema\/logo\/image\/"},"sameAs":["https:\/\/www.facebook.com\/compuviper","https:\/\/www.youtube.com\/channel\/UCf73dERp9Y3cfOq7q8BhLjA?view_as=subscriber"]}]},"product_brand":"MANHATTAN","product_price_amount":"1346","product_price_currency":"MXN","og_availability":"instock","product_availability":"instock","product_retailer_item_id":"461580","product_condition":"new"},"_links":{"self":[{"href":"https:\/\/compuviper.mx\/tienda\/wp-json\/wp\/v2\/product\/211980"}],"collection":[{"href":"https:\/\/compuviper.mx\/tienda\/wp-json\/wp\/v2\/product"}],"about":[{"href":"https:\/\/compuviper.mx\/tienda\/wp-json\/wp\/v2\/types\/product"}],"replies":[{"embeddable":true,"href":"https:\/\/compuviper.mx\/tienda\/wp-json\/wp\/v2\/comments?post=211980"}],"wp:featuredmedia":[{"embeddable":true,"href":"https:\/\/compuviper.mx\/tienda\/wp-json\/wp\/v2\/media\/211981"}],"wp:attachment":[{"href":"https:\/\/compuviper.mx\/tienda\/wp-json\/wp\/v2\/media?parent=211980"}],"wp:term":[{"taxonomy":"product_cat","embeddable":true,"href":"https:\/\/compuviper.mx\/tienda\/wp-json\/wp\/v2\/product_cat?post=211980"},{"taxonomy":"product_tag","embeddable":true,"href":"https:\/\/compuviper.mx\/tienda\/wp-json\/wp\/v2\/product_tag?post=211980"}],"curies":[{"name":"wp","href":"https:\/\/api.w.org\/{rel}","templated":true}]}}