{"id":211974,"date":"2026-04-21T23:28:02","date_gmt":"2026-04-22T05:28:02","guid":{"rendered":"https:\/\/compuviper.mx\/tienda\/producto\/manhattan-207652-video-splitter-hdmi-1080p-1-in2-out-alimentado-por-usb\/"},"modified":"2026-04-21T23:28:02","modified_gmt":"2026-04-22T05:28:02","slug":"manhattan-207652-video-splitter-hdmi-1080p-1-in2-out-alimentado-por-usb","status":"publish","type":"product","link":"https:\/\/compuviper.mx\/tienda\/producto\/manhattan-207652-video-splitter-hdmi-1080p-1-in2-out-alimentado-por-usb\/","title":{"rendered":"Manhattan 207652 Video Splitter,,, Hdmi 1080p, 1 In2 Out, Alimentado Por Usb"},"content":{"rendered":"<table class=\"descripcion\">\n<tr>\n<td>Distancia de la fuente de origen al splitter: hasta 15 m<\/td>\n<\/tr>\n<tr>\n<td>Distancia del splitter al monitor: hasta 15 m<\/td>\n<\/tr>\n<tr>\n<td>Consumo el\u00e9ctrico: 5 w; usb cable, 0.7 m<\/td>\n<\/tr>\n<tr>\n<td>Conexiones<\/td>\n<\/tr>\n<tr>\n<td>Un conector hdmi hembra, de 19 pines (entrada)<\/td>\n<\/tr>\n<tr>\n<td>Dos conectores hdmi hembra, de 19 pines (salida)<\/td>\n<\/tr>\n<tr>\n<td>Un conector usb tipo mini b hembra, 5 pines (entrada)<\/td>\n<\/tr>\n<tr>\n<td>Entrada y salida de se\u00f1al<\/td>\n<\/tr>\n<tr>\n<td>Entrada de se\u00f1al de video: 0.5 \u0096 1.0 v p-p<\/td>\n<\/tr>\n<tr>\n<td>Entrada de se\u00f1al ddc: 5 v p-p (ttl)<\/td>\n<\/tr>\n<tr>\n<td>Rango de enlace individual m\u00e1ximo: 2.25 gb\/s, 1920&#215;1200, 1080p<\/td>\n<\/tr>\n<tr>\n<td>Salida de v\u00eddeo: hdmi 1.3b, hdcp 1.0 \/ 1.1 \/ 1.2, dvi 1.0<\/td>\n<\/tr>\n<tr>\n<td>Frecuencia: 2.25 gbps \/ 225 mhz<\/td>\n<\/tr>\n<tr>\n<td>Resoluciones de video<\/td>\n<\/tr>\n<tr>\n<td>Dtv\/hdtv: 480i\/480p\/576i\/576p\/720p\/1080i\/1080p<\/td>\n<\/tr>\n<tr>\n<td>Caracter\u00edsticas f\u00edsicas:<\/td>\n<\/tr>\n<tr>\n<td>Indicadores led: alimentaci\u00f3n y conexi\u00f3n de puertos<\/td>\n<\/tr>\n<tr>\n<td>Apagador<\/td>\n<\/tr>\n<tr>\n<td>Dimensiones: 60 x 54 x 20 mm<\/td>\n<\/tr>\n<tr>\n<td>Peso: 0.04 g<\/td>\n<\/tr>\n<tr>\n<td>Chasis: pl\u00e1stico<\/td>\n<\/tr>\n<tr>\n<td>Ambiente de operaci\u00f3n<\/td>\n<\/tr>\n<tr>\n<td>Temperatura de operaci\u00f3n: 0 \u0096 70\u00b0c<\/td>\n<\/tr>\n<tr>\n<td>Temperatura de almacenamiento: -10 \u0096 80\u00b0c<\/td>\n<\/tr>\n<tr>\n<td>Humedad de operaci\u00f3n (no condensada): 10 \u0096 85 %<\/td>\n<\/tr>\n<tr>\n<td>Humedad de alamacenamiento (no condensada): 5 \u0096 90%<\/td>\n<\/tr>\n<tr>\n<td>Contenido del empaque<\/td>\n<\/tr>\n<tr>\n<td>1080p repartidor hdmi de 2 puertos<\/td>\n<\/tr>\n<tr>\n<td>Cable usb de alimentaci\u00f3n<\/td>\n<\/tr>\n<tr>\n<td>Gu\u00eda de instrucciones r\u00e1pidas<\/td>\n<\/tr>\n<\/table>\n","protected":false},"excerpt":{"rendered":"<p>Distribuya una se\u00f1al individual hdmi a m\u00faltiples pantallas. El repartidor manhattan 1080p 2-port hdmi transmite la se\u00f1al de consolas de videojuegos, reproductores blu-ray y receptores sat\u00e9lite, grabadores digitales, decodificadores de televisi\u00f3n (set-top boxes) u otras fuentes hdmi a dos pantallas hdmi. Una soluci\u00f3n flexible para muchas aplicaciones de audio\/v\u00eddeo. Ideal para aplicaciones para ferias, aulas, videoconferencias y para comercios peque\u00f1os, el repartidor manhattan 1080p 2-port hdmi cuenta con un intensificador (booster) para una se\u00f1al a\u00fan m\u00e1s fuerte. Adem\u00e1s, es la soluci\u00f3n ideal para repartir y distribuir una se\u00f1al individual a diferentes pantallas hdmi cuando el equipo base est\u00e9 guardado en un cuarto seguro u oficina. Los usuarios pueden organizar en cascada unidades m\u00faltiples en hasta tres niveles, con salidas hdmi de audio\/v\u00eddeo a pantallas adicionales en las aplicaciones ampliamente distribuidas. La mejor calidad y f\u00e1cil instalaci\u00f3n. La compatibilidad absoluta con hdmi, hdcp 1.0, 1.1 y 1.2, as\u00ed como con dvi 1.0, garantiza un rendimiento de alta calidad y fiabilidad del repartidor manhattan 1080p 2-port hdmi. Conecte r\u00e1pidamente todos los cables hdmi (no incluidos) y el cable el\u00e9ctrico usb y esta buen\u00edsima soluci\u00f3n hdmi estar\u00e1 lista para usar: sin configuraciones complicadas del software o del hardware.<\/p>\n","protected":false},"featured_media":211975,"comment_status":"open","ping_status":"open","template":"","meta":[],"product_cat":[1485,1506],"product_tag":[1487],"acf":[],"yoast_head":"<!-- This site is optimized with the Yoast SEO plugin v21.7 - https:\/\/yoast.com\/wordpress\/plugins\/seo\/ -->\n<title>[ Manhattan ] &#129351; 207652 Video Splitter,,, Hdmi 1080p, 1 In2 Out, Alimentado Por Usb<\/title>\n<meta name=\"description\" content=\"Compra 207652 Video Splitter,,, Hdmi 1080p, 1 In2 Out, Alimentado Por Usb + Env\u00edo a domicilio + Pago seguro + Garant\u00eda\" \/>\n<meta name=\"robots\" content=\"index, follow, max-snippet:-1, max-image-preview:large, max-video-preview:-1\" \/>\n<link rel=\"canonical\" href=\"https:\/\/compuviper.mx\/tienda\/producto\/manhattan-207652-video-splitter-hdmi-1080p-1-in2-out-alimentado-por-usb\/\" \/>\n<meta property=\"og:locale\" content=\"es_MX\" \/>\n<meta property=\"og:type\" content=\"article\" \/>\n<meta property=\"og:title\" content=\"[ Manhattan ] &#129351; 207652 Video Splitter,,, Hdmi 1080p, 1 In2 Out, Alimentado Por Usb\" \/>\n<meta property=\"og:description\" content=\"Compra 207652 Video Splitter,,, Hdmi 1080p, 1 In2 Out, Alimentado Por Usb + Env\u00edo a domicilio + Pago seguro + Garant\u00eda\" \/>\n<meta property=\"og:url\" content=\"https:\/\/compuviper.mx\/tienda\/producto\/manhattan-207652-video-splitter-hdmi-1080p-1-in2-out-alimentado-por-usb\/\" \/>\n<meta property=\"og:site_name\" content=\"Compuviper\" \/>\n<meta property=\"article:publisher\" content=\"https:\/\/www.facebook.com\/compuviper\" \/>\n<meta property=\"og:image\" content=\"https:\/\/compuviper.mx\/tienda\/wp-content\/uploads\/2023\/12\/Video-splittermanhattan207652-hdmi-1080p-1-in2-out-alimentado-por-usb.jpg\" \/>\n\t<meta property=\"og:image:width\" content=\"200\" \/>\n\t<meta property=\"og:image:height\" content=\"200\" \/>\n\t<meta property=\"og:image:type\" content=\"image\/jpeg\" \/>\n<meta name=\"twitter:card\" content=\"summary_large_image\" \/>\n<meta name=\"twitter:label1\" content=\"Precio\" \/>\n\t<meta name=\"twitter:data1\" content=\"&#36;451 con IVA\" \/>\n\t<meta name=\"twitter:label2\" content=\"Availability\" \/>\n\t<meta name=\"twitter:data2\" content=\"In stock\" \/>\n<script type=\"application\/ld+json\" class=\"yoast-schema-graph\">{\"@context\":\"https:\/\/schema.org\",\"@graph\":[{\"@type\":\"WebPage\",\"@id\":\"https:\/\/compuviper.mx\/tienda\/producto\/manhattan-207652-video-splitter-hdmi-1080p-1-in2-out-alimentado-por-usb\/\",\"url\":\"https:\/\/compuviper.mx\/tienda\/producto\/manhattan-207652-video-splitter-hdmi-1080p-1-in2-out-alimentado-por-usb\/\",\"name\":\"[ Manhattan ] &#129351; 207652 Video Splitter,,, Hdmi 1080p, 1 In2 Out, Alimentado Por Usb\",\"isPartOf\":{\"@id\":\"https:\/\/compuviper.mx\/tienda\/#website\"},\"datePublished\":\"2026-04-22T05:28:02+00:00\",\"dateModified\":\"2026-04-22T05:28:02+00:00\",\"description\":\"Compra 207652 Video Splitter,,, Hdmi 1080p, 1 In2 Out, Alimentado Por Usb + Env\u00edo a domicilio + Pago seguro + Garant\u00eda\",\"breadcrumb\":{\"@id\":\"https:\/\/compuviper.mx\/tienda\/producto\/manhattan-207652-video-splitter-hdmi-1080p-1-in2-out-alimentado-por-usb\/#breadcrumb\"},\"inLanguage\":\"es-MX\",\"potentialAction\":[{\"@type\":\"ReadAction\",\"target\":[\"https:\/\/compuviper.mx\/tienda\/producto\/manhattan-207652-video-splitter-hdmi-1080p-1-in2-out-alimentado-por-usb\/\"]}]},{\"@type\":\"BreadcrumbList\",\"@id\":\"https:\/\/compuviper.mx\/tienda\/producto\/manhattan-207652-video-splitter-hdmi-1080p-1-in2-out-alimentado-por-usb\/#breadcrumb\",\"itemListElement\":[{\"@type\":\"ListItem\",\"position\":1,\"name\":\"Inicio\",\"item\":\"https:\/\/compuviper.mx\/tienda\/\"},{\"@type\":\"ListItem\",\"position\":2,\"name\":\"Productos\",\"item\":\"https:\/\/compuviper.mx\/tienda\/productos\/\"},{\"@type\":\"ListItem\",\"position\":3,\"name\":\"Accesorios\",\"item\":\"https:\/\/compuviper.mx\/tienda\/categoria-producto\/accesorios\/\"},{\"@type\":\"ListItem\",\"position\":4,\"name\":\"Conectividad\",\"item\":\"https:\/\/compuviper.mx\/tienda\/categoria-producto\/accesorios\/conectividad\/\"},{\"@type\":\"ListItem\",\"position\":5,\"name\":\"Manhattan 207652 Video Splitter,,, Hdmi 1080p, 1 In2 Out, Alimentado Por Usb\"}]},{\"@type\":\"WebSite\",\"@id\":\"https:\/\/compuviper.mx\/tienda\/#website\",\"url\":\"https:\/\/compuviper.mx\/tienda\/\",\"name\":\"Compuviper\",\"description\":\"Proveedor de Computadoras, Laptops, Servidores, Monitores, Puntos de Venta, Teclados,   Impresoras, T\u00f3ner, C\u00e1maras de Seguridad y m\u00e1s en tu tienda en l\u00ednea\",\"publisher\":{\"@id\":\"https:\/\/compuviper.mx\/tienda\/#organization\"},\"potentialAction\":[{\"@type\":\"SearchAction\",\"target\":{\"@type\":\"EntryPoint\",\"urlTemplate\":\"https:\/\/compuviper.mx\/tienda\/?s={search_term_string}\"},\"query-input\":\"required name=search_term_string\"}],\"inLanguage\":\"es-MX\"},{\"@type\":\"Organization\",\"@id\":\"https:\/\/compuviper.mx\/tienda\/#organization\",\"name\":\"Compuviper\",\"url\":\"https:\/\/compuviper.mx\/tienda\/\",\"logo\":{\"@type\":\"ImageObject\",\"inLanguage\":\"es-MX\",\"@id\":\"https:\/\/compuviper.mx\/tienda\/#\/schema\/logo\/image\/\",\"url\":\"https:\/\/compuviper.mx\/tienda\/wp-content\/uploads\/2021\/08\/Logo-Compuviper-10.png\",\"contentUrl\":\"https:\/\/compuviper.mx\/tienda\/wp-content\/uploads\/2021\/08\/Logo-Compuviper-10.png\",\"width\":1000,\"height\":500,\"caption\":\"Compuviper\"},\"image\":{\"@id\":\"https:\/\/compuviper.mx\/tienda\/#\/schema\/logo\/image\/\"},\"sameAs\":[\"https:\/\/www.facebook.com\/compuviper\",\"https:\/\/www.youtube.com\/channel\/UCf73dERp9Y3cfOq7q8BhLjA?view_as=subscriber\"]}]}<\/script>\n<meta property=\"product:brand\" content=\"MANHATTAN\" \/>\n<meta property=\"product:price:amount\" content=\"451\" \/>\n<meta property=\"product:price:currency\" content=\"MXN\" \/>\n<meta property=\"og:availability\" content=\"instock\" \/>\n<meta property=\"product:availability\" content=\"instock\" \/>\n<meta property=\"product:retailer_item_id\" content=\"207652\" \/>\n<meta property=\"product:condition\" content=\"new\" \/>\n<!-- \/ Yoast SEO plugin. -->","yoast_head_json":{"title":"[ Manhattan ] &#129351; 207652 Video Splitter,,, Hdmi 1080p, 1 In2 Out, Alimentado Por Usb","description":"Compra 207652 Video Splitter,,, Hdmi 1080p, 1 In2 Out, Alimentado Por Usb + Env\u00edo a domicilio + Pago seguro + Garant\u00eda","robots":{"index":"index","follow":"follow","max-snippet":"max-snippet:-1","max-image-preview":"max-image-preview:large","max-video-preview":"max-video-preview:-1"},"canonical":"https:\/\/compuviper.mx\/tienda\/producto\/manhattan-207652-video-splitter-hdmi-1080p-1-in2-out-alimentado-por-usb\/","og_locale":"es_MX","og_type":"article","og_title":"[ Manhattan ] &#129351; 207652 Video Splitter,,, Hdmi 1080p, 1 In2 Out, Alimentado Por Usb","og_description":"Compra 207652 Video Splitter,,, Hdmi 1080p, 1 In2 Out, Alimentado Por Usb + Env\u00edo a domicilio + Pago seguro + Garant\u00eda","og_url":"https:\/\/compuviper.mx\/tienda\/producto\/manhattan-207652-video-splitter-hdmi-1080p-1-in2-out-alimentado-por-usb\/","og_site_name":"Compuviper","article_publisher":"https:\/\/www.facebook.com\/compuviper","og_image":[{"width":200,"height":200,"url":"https:\/\/compuviper.mx\/tienda\/wp-content\/uploads\/2023\/12\/Video-splittermanhattan207652-hdmi-1080p-1-in2-out-alimentado-por-usb.jpg","type":"image\/jpeg"}],"twitter_card":"summary_large_image","twitter_misc":{"Precio":"&#36;451 con IVA","Availability":"In stock"},"schema":{"@context":"https:\/\/schema.org","@graph":[{"@type":"WebPage","@id":"https:\/\/compuviper.mx\/tienda\/producto\/manhattan-207652-video-splitter-hdmi-1080p-1-in2-out-alimentado-por-usb\/","url":"https:\/\/compuviper.mx\/tienda\/producto\/manhattan-207652-video-splitter-hdmi-1080p-1-in2-out-alimentado-por-usb\/","name":"[ Manhattan ] &#129351; 207652 Video Splitter,,, Hdmi 1080p, 1 In2 Out, Alimentado Por Usb","isPartOf":{"@id":"https:\/\/compuviper.mx\/tienda\/#website"},"datePublished":"2026-04-22T05:28:02+00:00","dateModified":"2026-04-22T05:28:02+00:00","description":"Compra 207652 Video Splitter,,, Hdmi 1080p, 1 In2 Out, Alimentado Por Usb + Env\u00edo a domicilio + Pago seguro + Garant\u00eda","breadcrumb":{"@id":"https:\/\/compuviper.mx\/tienda\/producto\/manhattan-207652-video-splitter-hdmi-1080p-1-in2-out-alimentado-por-usb\/#breadcrumb"},"inLanguage":"es-MX","potentialAction":[{"@type":"ReadAction","target":["https:\/\/compuviper.mx\/tienda\/producto\/manhattan-207652-video-splitter-hdmi-1080p-1-in2-out-alimentado-por-usb\/"]}]},{"@type":"BreadcrumbList","@id":"https:\/\/compuviper.mx\/tienda\/producto\/manhattan-207652-video-splitter-hdmi-1080p-1-in2-out-alimentado-por-usb\/#breadcrumb","itemListElement":[{"@type":"ListItem","position":1,"name":"Inicio","item":"https:\/\/compuviper.mx\/tienda\/"},{"@type":"ListItem","position":2,"name":"Productos","item":"https:\/\/compuviper.mx\/tienda\/productos\/"},{"@type":"ListItem","position":3,"name":"Accesorios","item":"https:\/\/compuviper.mx\/tienda\/categoria-producto\/accesorios\/"},{"@type":"ListItem","position":4,"name":"Conectividad","item":"https:\/\/compuviper.mx\/tienda\/categoria-producto\/accesorios\/conectividad\/"},{"@type":"ListItem","position":5,"name":"Manhattan 207652 Video Splitter,,, Hdmi 1080p, 1 In2 Out, Alimentado Por Usb"}]},{"@type":"WebSite","@id":"https:\/\/compuviper.mx\/tienda\/#website","url":"https:\/\/compuviper.mx\/tienda\/","name":"Compuviper","description":"Proveedor de Computadoras, Laptops, Servidores, Monitores, Puntos de Venta, Teclados,   Impresoras, T\u00f3ner, C\u00e1maras de Seguridad y m\u00e1s en tu tienda en l\u00ednea","publisher":{"@id":"https:\/\/compuviper.mx\/tienda\/#organization"},"potentialAction":[{"@type":"SearchAction","target":{"@type":"EntryPoint","urlTemplate":"https:\/\/compuviper.mx\/tienda\/?s={search_term_string}"},"query-input":"required name=search_term_string"}],"inLanguage":"es-MX"},{"@type":"Organization","@id":"https:\/\/compuviper.mx\/tienda\/#organization","name":"Compuviper","url":"https:\/\/compuviper.mx\/tienda\/","logo":{"@type":"ImageObject","inLanguage":"es-MX","@id":"https:\/\/compuviper.mx\/tienda\/#\/schema\/logo\/image\/","url":"https:\/\/compuviper.mx\/tienda\/wp-content\/uploads\/2021\/08\/Logo-Compuviper-10.png","contentUrl":"https:\/\/compuviper.mx\/tienda\/wp-content\/uploads\/2021\/08\/Logo-Compuviper-10.png","width":1000,"height":500,"caption":"Compuviper"},"image":{"@id":"https:\/\/compuviper.mx\/tienda\/#\/schema\/logo\/image\/"},"sameAs":["https:\/\/www.facebook.com\/compuviper","https:\/\/www.youtube.com\/channel\/UCf73dERp9Y3cfOq7q8BhLjA?view_as=subscriber"]}]},"product_brand":"MANHATTAN","product_price_amount":"451","product_price_currency":"MXN","og_availability":"instock","product_availability":"instock","product_retailer_item_id":"207652","product_condition":"new"},"_links":{"self":[{"href":"https:\/\/compuviper.mx\/tienda\/wp-json\/wp\/v2\/product\/211974"}],"collection":[{"href":"https:\/\/compuviper.mx\/tienda\/wp-json\/wp\/v2\/product"}],"about":[{"href":"https:\/\/compuviper.mx\/tienda\/wp-json\/wp\/v2\/types\/product"}],"replies":[{"embeddable":true,"href":"https:\/\/compuviper.mx\/tienda\/wp-json\/wp\/v2\/comments?post=211974"}],"wp:featuredmedia":[{"embeddable":true,"href":"https:\/\/compuviper.mx\/tienda\/wp-json\/wp\/v2\/media\/211975"}],"wp:attachment":[{"href":"https:\/\/compuviper.mx\/tienda\/wp-json\/wp\/v2\/media?parent=211974"}],"wp:term":[{"taxonomy":"product_cat","embeddable":true,"href":"https:\/\/compuviper.mx\/tienda\/wp-json\/wp\/v2\/product_cat?post=211974"},{"taxonomy":"product_tag","embeddable":true,"href":"https:\/\/compuviper.mx\/tienda\/wp-json\/wp\/v2\/product_tag?post=211974"}],"curies":[{"name":"wp","href":"https:\/\/api.w.org\/{rel}","templated":true}]}}