{"id":211943,"date":"2026-04-06T23:30:13","date_gmt":"2026-04-07T05:30:13","guid":{"rendered":"https:\/\/compuviper.mx\/tienda\/producto\/peerless-av-pjf2-unv-soporte-universal-para-video-proyector-peerless-capacidad-hasta-22-kg\/"},"modified":"2026-04-06T23:30:13","modified_gmt":"2026-04-07T05:30:13","slug":"peerless-av-pjf2-unv-soporte-universal-para-video-proyector-peerless-capacidad-hasta-22-kg","status":"publish","type":"product","link":"https:\/\/compuviper.mx\/tienda\/producto\/peerless-av-pjf2-unv-soporte-universal-para-video-proyector-peerless-capacidad-hasta-22-kg\/","title":{"rendered":"Peerless-av Pjf2-unv Soporte Universal Para Video Proyector Peerless  Capacidad Hasta 22 Kg"},"content":{"rendered":"<table class=\"descripcion\">\n<tr>\n<td>Capacidad de carga   50lb (22kg)<\/td>\n<\/tr>\n<tr>\n<td>Color     negro<\/td>\n<\/tr>\n<tr>\n<td>Distancia desde el techo  4.23 &#8211; 7.23 (107 &#8211; 184 mm)<\/td>\n<\/tr>\n<tr>\n<td>Patr\u00f3n de montaje   448x448mm (17.63&#215;17.63 )<\/td>\n<\/tr>\n<tr>\n<td>Roll     +15 \/ -15<\/td>\n<\/tr>\n<tr>\n<td>Giratoria    360<\/td>\n<\/tr>\n<tr>\n<td>Inclinaci\u00f3n    +15 \/ -15<\/td>\n<\/tr>\n<tr>\n<td>Dimensiones del producto  216 &#8211; 448 x 107 &#8211; 184 x 216 &#8211; 448 mm<\/td>\n<\/tr>\n<tr>\n<td>Peso de env\u00edo    3.4lb (1kg)<\/td>\n<\/tr>\n<tr>\n<td>Dimensiones de la nave  6.75 x 3 x 14.25 (171.5 x 76.2 x 362.0mm)<\/td>\n<\/tr>\n<tr>\n<td>C\u00f3digo upc    735029235545<\/td>\n<\/tr>\n<\/table>\n","protected":false},"excerpt":{"rendered":"<p>Vector pro \u0099 ii proporciona una apariencia limpia con sus capacidades de administraci\u00f3n de cables. El conector de la columna de extensi\u00f3n incluido incorpora rutas internas de administraci\u00f3n de cables que mantienen ocultos los cables antiest\u00e9ticos de la vista. El soporte tambi\u00e9n cuenta con un dise\u00f1o de placa de techo, bola y casquillo, posicionamiento multidireccional (balanceo, inclinaci\u00f3n y orientaci\u00f3n) para una alineaci\u00f3n correcta de la imagen y hardware de seguridad preinstalado en cada punto de conexi\u00f3n. Este soporte para proyector es perfecto para usar en salones de clase, salas de juntas, hoteles, bares y restaurantes o en cualquier lugar donde se necesite montar un proyector. El vector pro \u0099 ii puede montarse empotrado en el techo o en la pared. Tambi\u00e9n se puede montar utilizando una columna de extensi\u00f3n de 1-1 \/ 2 (38 mm) de di\u00e1metro o una varilla de rosca de 1\/2 (38 mm). Todos los proyectores con tornillos de montaje m8 requieren inserciones acc-m8ri para la compatibilidad con cualquier soporte de proyector de peerless-av, consulte los accesorios recomendados.<\/p>\n","protected":false},"featured_media":211944,"comment_status":"open","ping_status":"open","template":"","meta":[],"product_cat":[2267,2265],"product_tag":[1904],"acf":[],"yoast_head":"<!-- This site is optimized with the Yoast SEO plugin v21.7 - https:\/\/yoast.com\/wordpress\/plugins\/seo\/ -->\n<title>[ Peerless-av ] &#129351; Pjf2-unv Soporte Universal Para Video Proyector Peerless Capacidad Hasta 22 Kg<\/title>\n<meta name=\"description\" content=\"Compra Pjf2-unv Soporte Universal Para Video Proyector Peerless Capacidad Hasta 22 Kg + Env\u00edo a domicilio + Pago seguro + Garant\u00eda\" \/>\n<meta name=\"robots\" content=\"index, follow, max-snippet:-1, max-image-preview:large, max-video-preview:-1\" \/>\n<link rel=\"canonical\" href=\"https:\/\/compuviper.mx\/tienda\/producto\/peerless-av-pjf2-unv-soporte-universal-para-video-proyector-peerless-capacidad-hasta-22-kg\/\" \/>\n<meta property=\"og:locale\" content=\"es_MX\" \/>\n<meta property=\"og:type\" content=\"article\" \/>\n<meta property=\"og:title\" content=\"[ Peerless-av ] &#129351; Pjf2-unv Soporte Universal Para Video Proyector Peerless Capacidad Hasta 22 Kg\" \/>\n<meta property=\"og:description\" content=\"Compra Pjf2-unv Soporte Universal Para Video Proyector Peerless Capacidad Hasta 22 Kg + Env\u00edo a domicilio + Pago seguro + Garant\u00eda\" \/>\n<meta property=\"og:url\" content=\"https:\/\/compuviper.mx\/tienda\/producto\/peerless-av-pjf2-unv-soporte-universal-para-video-proyector-peerless-capacidad-hasta-22-kg\/\" \/>\n<meta property=\"og:site_name\" content=\"Compuviper\" \/>\n<meta property=\"article:publisher\" content=\"https:\/\/www.facebook.com\/compuviper\" \/>\n<meta property=\"og:image\" content=\"https:\/\/compuviper.mx\/tienda\/wp-content\/uploads\/2023\/12\/Soporte-universal-para-video-proyector-peerless-pjf2-unv-capacidad-hasta-22-kg.jpg\" \/>\n\t<meta property=\"og:image:width\" content=\"200\" \/>\n\t<meta property=\"og:image:height\" content=\"200\" \/>\n\t<meta property=\"og:image:type\" content=\"image\/jpeg\" \/>\n<meta name=\"twitter:card\" content=\"summary_large_image\" \/>\n<meta name=\"twitter:label1\" content=\"Precio\" \/>\n\t<meta name=\"twitter:data1\" content=\"&#36;2,604 con IVA\" \/>\n\t<meta name=\"twitter:label2\" content=\"Availability\" \/>\n\t<meta name=\"twitter:data2\" content=\"Out of stock\" \/>\n<script type=\"application\/ld+json\" class=\"yoast-schema-graph\">{\"@context\":\"https:\/\/schema.org\",\"@graph\":[{\"@type\":\"WebPage\",\"@id\":\"https:\/\/compuviper.mx\/tienda\/producto\/peerless-av-pjf2-unv-soporte-universal-para-video-proyector-peerless-capacidad-hasta-22-kg\/\",\"url\":\"https:\/\/compuviper.mx\/tienda\/producto\/peerless-av-pjf2-unv-soporte-universal-para-video-proyector-peerless-capacidad-hasta-22-kg\/\",\"name\":\"[ Peerless-av ] &#129351; Pjf2-unv Soporte Universal Para Video Proyector Peerless Capacidad Hasta 22 Kg\",\"isPartOf\":{\"@id\":\"https:\/\/compuviper.mx\/tienda\/#website\"},\"datePublished\":\"2026-04-07T05:30:13+00:00\",\"dateModified\":\"2026-04-07T05:30:13+00:00\",\"description\":\"Compra Pjf2-unv Soporte Universal Para Video Proyector Peerless Capacidad Hasta 22 Kg + Env\u00edo a domicilio + Pago seguro + Garant\u00eda\",\"breadcrumb\":{\"@id\":\"https:\/\/compuviper.mx\/tienda\/producto\/peerless-av-pjf2-unv-soporte-universal-para-video-proyector-peerless-capacidad-hasta-22-kg\/#breadcrumb\"},\"inLanguage\":\"es-MX\",\"potentialAction\":[{\"@type\":\"ReadAction\",\"target\":[\"https:\/\/compuviper.mx\/tienda\/producto\/peerless-av-pjf2-unv-soporte-universal-para-video-proyector-peerless-capacidad-hasta-22-kg\/\"]}]},{\"@type\":\"BreadcrumbList\",\"@id\":\"https:\/\/compuviper.mx\/tienda\/producto\/peerless-av-pjf2-unv-soporte-universal-para-video-proyector-peerless-capacidad-hasta-22-kg\/#breadcrumb\",\"itemListElement\":[{\"@type\":\"ListItem\",\"position\":1,\"name\":\"Inicio\",\"item\":\"https:\/\/compuviper.mx\/tienda\/\"},{\"@type\":\"ListItem\",\"position\":2,\"name\":\"Productos\",\"item\":\"https:\/\/compuviper.mx\/tienda\/productos\/\"},{\"@type\":\"ListItem\",\"position\":3,\"name\":\"Soportes Y Bases P\/tv\/ Proyectores\/dvd\/consolas\/bocinas\/pantallas\/monotores\",\"item\":\"https:\/\/compuviper.mx\/tienda\/categoria-producto\/soportes-y-bases-p-tv-proyectores-dvd-consolas-bocinas-pantallas-monotores\/\"},{\"@type\":\"ListItem\",\"position\":4,\"name\":\"Soporte Y Base Para Proyector\",\"item\":\"https:\/\/compuviper.mx\/tienda\/categoria-producto\/soportes-y-bases-p-tv-proyectores-dvd-consolas-bocinas-pantallas-monotores\/soporte-y-base-para-proyector-soportes-y-bases-p-tv-proyectores-dvd-consolas-bocinas-pantallas-monotores\/\"},{\"@type\":\"ListItem\",\"position\":5,\"name\":\"Peerless-av Pjf2-unv Soporte Universal Para Video Proyector Peerless Capacidad Hasta 22 Kg\"}]},{\"@type\":\"WebSite\",\"@id\":\"https:\/\/compuviper.mx\/tienda\/#website\",\"url\":\"https:\/\/compuviper.mx\/tienda\/\",\"name\":\"Compuviper\",\"description\":\"Proveedor de Computadoras, Laptops, Servidores, Monitores, Puntos de Venta, Teclados,   Impresoras, T\u00f3ner, C\u00e1maras de Seguridad y m\u00e1s en tu tienda en l\u00ednea\",\"publisher\":{\"@id\":\"https:\/\/compuviper.mx\/tienda\/#organization\"},\"potentialAction\":[{\"@type\":\"SearchAction\",\"target\":{\"@type\":\"EntryPoint\",\"urlTemplate\":\"https:\/\/compuviper.mx\/tienda\/?s={search_term_string}\"},\"query-input\":\"required name=search_term_string\"}],\"inLanguage\":\"es-MX\"},{\"@type\":\"Organization\",\"@id\":\"https:\/\/compuviper.mx\/tienda\/#organization\",\"name\":\"Compuviper\",\"url\":\"https:\/\/compuviper.mx\/tienda\/\",\"logo\":{\"@type\":\"ImageObject\",\"inLanguage\":\"es-MX\",\"@id\":\"https:\/\/compuviper.mx\/tienda\/#\/schema\/logo\/image\/\",\"url\":\"https:\/\/compuviper.mx\/tienda\/wp-content\/uploads\/2021\/08\/Logo-Compuviper-10.png\",\"contentUrl\":\"https:\/\/compuviper.mx\/tienda\/wp-content\/uploads\/2021\/08\/Logo-Compuviper-10.png\",\"width\":1000,\"height\":500,\"caption\":\"Compuviper\"},\"image\":{\"@id\":\"https:\/\/compuviper.mx\/tienda\/#\/schema\/logo\/image\/\"},\"sameAs\":[\"https:\/\/www.facebook.com\/compuviper\",\"https:\/\/www.youtube.com\/channel\/UCf73dERp9Y3cfOq7q8BhLjA?view_as=subscriber\"]}]}<\/script>\n<meta property=\"product:brand\" content=\"PEERLESS-AV\" \/>\n<meta property=\"product:price:amount\" content=\"2604\" \/>\n<meta property=\"product:price:currency\" content=\"MXN\" \/>\n<meta property=\"og:availability\" content=\"out of stock\" \/>\n<meta property=\"product:availability\" content=\"out of stock\" \/>\n<meta property=\"product:retailer_item_id\" content=\"PJF2-UNV\" \/>\n<meta property=\"product:condition\" content=\"new\" \/>\n<!-- \/ Yoast SEO plugin. -->","yoast_head_json":{"title":"[ Peerless-av ] &#129351; Pjf2-unv Soporte Universal Para Video Proyector Peerless Capacidad Hasta 22 Kg","description":"Compra Pjf2-unv Soporte Universal Para Video Proyector Peerless Capacidad Hasta 22 Kg + Env\u00edo a domicilio + Pago seguro + Garant\u00eda","robots":{"index":"index","follow":"follow","max-snippet":"max-snippet:-1","max-image-preview":"max-image-preview:large","max-video-preview":"max-video-preview:-1"},"canonical":"https:\/\/compuviper.mx\/tienda\/producto\/peerless-av-pjf2-unv-soporte-universal-para-video-proyector-peerless-capacidad-hasta-22-kg\/","og_locale":"es_MX","og_type":"article","og_title":"[ Peerless-av ] &#129351; Pjf2-unv Soporte Universal Para Video Proyector Peerless Capacidad Hasta 22 Kg","og_description":"Compra Pjf2-unv Soporte Universal Para Video Proyector Peerless Capacidad Hasta 22 Kg + Env\u00edo a domicilio + Pago seguro + Garant\u00eda","og_url":"https:\/\/compuviper.mx\/tienda\/producto\/peerless-av-pjf2-unv-soporte-universal-para-video-proyector-peerless-capacidad-hasta-22-kg\/","og_site_name":"Compuviper","article_publisher":"https:\/\/www.facebook.com\/compuviper","og_image":[{"width":200,"height":200,"url":"https:\/\/compuviper.mx\/tienda\/wp-content\/uploads\/2023\/12\/Soporte-universal-para-video-proyector-peerless-pjf2-unv-capacidad-hasta-22-kg.jpg","type":"image\/jpeg"}],"twitter_card":"summary_large_image","twitter_misc":{"Precio":"&#36;2,604 con IVA","Availability":"Out of stock"},"schema":{"@context":"https:\/\/schema.org","@graph":[{"@type":"WebPage","@id":"https:\/\/compuviper.mx\/tienda\/producto\/peerless-av-pjf2-unv-soporte-universal-para-video-proyector-peerless-capacidad-hasta-22-kg\/","url":"https:\/\/compuviper.mx\/tienda\/producto\/peerless-av-pjf2-unv-soporte-universal-para-video-proyector-peerless-capacidad-hasta-22-kg\/","name":"[ Peerless-av ] &#129351; Pjf2-unv Soporte Universal Para Video Proyector Peerless Capacidad Hasta 22 Kg","isPartOf":{"@id":"https:\/\/compuviper.mx\/tienda\/#website"},"datePublished":"2026-04-07T05:30:13+00:00","dateModified":"2026-04-07T05:30:13+00:00","description":"Compra Pjf2-unv Soporte Universal Para Video Proyector Peerless Capacidad Hasta 22 Kg + Env\u00edo a domicilio + Pago seguro + Garant\u00eda","breadcrumb":{"@id":"https:\/\/compuviper.mx\/tienda\/producto\/peerless-av-pjf2-unv-soporte-universal-para-video-proyector-peerless-capacidad-hasta-22-kg\/#breadcrumb"},"inLanguage":"es-MX","potentialAction":[{"@type":"ReadAction","target":["https:\/\/compuviper.mx\/tienda\/producto\/peerless-av-pjf2-unv-soporte-universal-para-video-proyector-peerless-capacidad-hasta-22-kg\/"]}]},{"@type":"BreadcrumbList","@id":"https:\/\/compuviper.mx\/tienda\/producto\/peerless-av-pjf2-unv-soporte-universal-para-video-proyector-peerless-capacidad-hasta-22-kg\/#breadcrumb","itemListElement":[{"@type":"ListItem","position":1,"name":"Inicio","item":"https:\/\/compuviper.mx\/tienda\/"},{"@type":"ListItem","position":2,"name":"Productos","item":"https:\/\/compuviper.mx\/tienda\/productos\/"},{"@type":"ListItem","position":3,"name":"Soportes Y Bases P\/tv\/ Proyectores\/dvd\/consolas\/bocinas\/pantallas\/monotores","item":"https:\/\/compuviper.mx\/tienda\/categoria-producto\/soportes-y-bases-p-tv-proyectores-dvd-consolas-bocinas-pantallas-monotores\/"},{"@type":"ListItem","position":4,"name":"Soporte Y Base Para Proyector","item":"https:\/\/compuviper.mx\/tienda\/categoria-producto\/soportes-y-bases-p-tv-proyectores-dvd-consolas-bocinas-pantallas-monotores\/soporte-y-base-para-proyector-soportes-y-bases-p-tv-proyectores-dvd-consolas-bocinas-pantallas-monotores\/"},{"@type":"ListItem","position":5,"name":"Peerless-av Pjf2-unv Soporte Universal Para Video Proyector Peerless Capacidad Hasta 22 Kg"}]},{"@type":"WebSite","@id":"https:\/\/compuviper.mx\/tienda\/#website","url":"https:\/\/compuviper.mx\/tienda\/","name":"Compuviper","description":"Proveedor de Computadoras, Laptops, Servidores, Monitores, Puntos de Venta, Teclados,   Impresoras, T\u00f3ner, C\u00e1maras de Seguridad y m\u00e1s en tu tienda en l\u00ednea","publisher":{"@id":"https:\/\/compuviper.mx\/tienda\/#organization"},"potentialAction":[{"@type":"SearchAction","target":{"@type":"EntryPoint","urlTemplate":"https:\/\/compuviper.mx\/tienda\/?s={search_term_string}"},"query-input":"required name=search_term_string"}],"inLanguage":"es-MX"},{"@type":"Organization","@id":"https:\/\/compuviper.mx\/tienda\/#organization","name":"Compuviper","url":"https:\/\/compuviper.mx\/tienda\/","logo":{"@type":"ImageObject","inLanguage":"es-MX","@id":"https:\/\/compuviper.mx\/tienda\/#\/schema\/logo\/image\/","url":"https:\/\/compuviper.mx\/tienda\/wp-content\/uploads\/2021\/08\/Logo-Compuviper-10.png","contentUrl":"https:\/\/compuviper.mx\/tienda\/wp-content\/uploads\/2021\/08\/Logo-Compuviper-10.png","width":1000,"height":500,"caption":"Compuviper"},"image":{"@id":"https:\/\/compuviper.mx\/tienda\/#\/schema\/logo\/image\/"},"sameAs":["https:\/\/www.facebook.com\/compuviper","https:\/\/www.youtube.com\/channel\/UCf73dERp9Y3cfOq7q8BhLjA?view_as=subscriber"]}]},"product_brand":"PEERLESS-AV","product_price_amount":"2604","product_price_currency":"MXN","og_availability":"out of stock","product_availability":"out of stock","product_retailer_item_id":"PJF2-UNV","product_condition":"new"},"_links":{"self":[{"href":"https:\/\/compuviper.mx\/tienda\/wp-json\/wp\/v2\/product\/211943"}],"collection":[{"href":"https:\/\/compuviper.mx\/tienda\/wp-json\/wp\/v2\/product"}],"about":[{"href":"https:\/\/compuviper.mx\/tienda\/wp-json\/wp\/v2\/types\/product"}],"replies":[{"embeddable":true,"href":"https:\/\/compuviper.mx\/tienda\/wp-json\/wp\/v2\/comments?post=211943"}],"wp:featuredmedia":[{"embeddable":true,"href":"https:\/\/compuviper.mx\/tienda\/wp-json\/wp\/v2\/media\/211944"}],"wp:attachment":[{"href":"https:\/\/compuviper.mx\/tienda\/wp-json\/wp\/v2\/media?parent=211943"}],"wp:term":[{"taxonomy":"product_cat","embeddable":true,"href":"https:\/\/compuviper.mx\/tienda\/wp-json\/wp\/v2\/product_cat?post=211943"},{"taxonomy":"product_tag","embeddable":true,"href":"https:\/\/compuviper.mx\/tienda\/wp-json\/wp\/v2\/product_tag?post=211943"}],"curies":[{"name":"wp","href":"https:\/\/api.w.org\/{rel}","templated":true}]}}