{"id":211923,"date":"2026-04-01T23:29:57","date_gmt":"2026-04-02T05:29:57","guid":{"rendered":"https:\/\/compuviper.mx\/tienda\/producto\/peerless-av-ds-vw775-qr-soportes-video-wall-peerless-de-pared-con-liberacion-por-presion-para-monitores-de-46-a-60-capacidad-hasta-56-8kg\/"},"modified":"2026-04-01T23:29:57","modified_gmt":"2026-04-02T05:29:57","slug":"peerless-av-ds-vw775-qr-soportes-video-wall-peerless-de-pared-con-liberacion-por-presion-para-monitores-de-46-a-60-capacidad-hasta-56-8kg","status":"publish","type":"product","link":"https:\/\/compuviper.mx\/tienda\/producto\/peerless-av-ds-vw775-qr-soportes-video-wall-peerless-de-pared-con-liberacion-por-presion-para-monitores-de-46-a-60-capacidad-hasta-56-8kg\/","title":{"rendered":"Peerless-av Ds-vw775-qr Soportes Video Wall Peerless  De Pared Con Liberacion Por Presion Para Monitores De 46 A 60 Capacidad Hasta 56.8kg"},"content":{"rendered":"<table class=\"descripcion\">\n<tr>\n<td>Tama\u00f1os de pantalla 46 hasta 60<\/td>\n<\/tr>\n<tr>\n<td>Patr\u00f3n vesa   200&#215;200, 300&#215;300, 400&#215;300, 400&#215;400, 400&#215;600 y 600&#215;400<\/td>\n<\/tr>\n<tr>\n<td>Capacidad de peso  125 lb (56.8 kg)<\/td>\n<\/tr>\n<tr>\n<td>Color    negro<\/td>\n<\/tr>\n<tr>\n<td>Distancia desde la pared 3.15 &#8211; 4.65 (80 &#8211; 118 mm)<\/td>\n<\/tr>\n<tr>\n<td>Patr\u00f3n de montaje  600 x 400 mm (15.748 x 15.748 )<\/td>\n<\/tr>\n<tr>\n<td>Dimensiones del producto 21.25 x 21.47 x 3.90 &#8211; 13.81 (540 x 545 x 99 &#8211; 351 mm)<\/td>\n<\/tr>\n<tr>\n<td>Peso de env\u00edo   38.2 lb (14.5 kg)<\/td>\n<\/tr>\n<tr>\n<td>Empaque    23.625 x 4.5 x 30.357 (600.1 x 114.3 x 771.1 mm)<\/td>\n<\/tr>\n<tr>\n<td>C\u00f3digo upc   735029317173<\/td>\n<\/tr>\n<\/table>\n","protected":false},"excerpt":{"rendered":"<p>El montaje para video wall de servicio completo supremo de peerless-av con liberaci\u00f3n r\u00e1pida eleva la barra de excelencia con un conjunto de funciones mejorado centrado en la facilidad de instalaci\u00f3n y alineaci\u00f3n de la pantalla. Con la adici\u00f3n de micro ajuste lateral sin herramientas, el supreme ofrece un ajuste fino de 1.5 en cada uno de los ejes x, y y z. La facilidad de servicio es m\u00e1s f\u00e1cil que nunca con una suave presi\u00f3n para liberar cualquier pantalla de la configuraci\u00f3n del video wall, se puede extender  r\u00e1pidamente para el mantenimiento. Los espaciadores se pueden utilizar para aplicaciones verticales y horizontales, lo que permite una instalaci\u00f3n m\u00e1s r\u00e1pida y un menor costo. La administraci\u00f3n mejorada de cables permite que los cables entren y salgan sin esfuerzo con la pantalla.<\/p>\n","protected":false},"featured_media":211924,"comment_status":"open","ping_status":"open","template":"","meta":[],"product_cat":[2321,2265],"product_tag":[1904],"acf":[],"yoast_head":"<!-- This site is optimized with the Yoast SEO plugin v21.7 - https:\/\/yoast.com\/wordpress\/plugins\/seo\/ -->\n<title>[ Peerless-av ] &#129351; Ds-vw775-qr Soportes Video Wall Peerless De Pared Con Liberacion Por Presion Para Monitores De 46 A 60 Capacidad Hasta 56.8kg<\/title>\n<meta name=\"description\" content=\"Compra Ds-vw775-qr Soportes Video Wall Peerless De Pared Con Liberacion Por Presion Para Monitores De 46 A 60 Capacidad Hasta 56.8kg + Env\u00edo a domicilio + Pago seguro + Garant\u00eda\" \/>\n<meta name=\"robots\" content=\"index, follow, max-snippet:-1, max-image-preview:large, max-video-preview:-1\" \/>\n<link rel=\"canonical\" href=\"https:\/\/compuviper.mx\/tienda\/producto\/peerless-av-ds-vw775-qr-soportes-video-wall-peerless-de-pared-con-liberacion-por-presion-para-monitores-de-46-a-60-capacidad-hasta-56-8kg\/\" \/>\n<meta property=\"og:locale\" content=\"es_MX\" \/>\n<meta property=\"og:type\" content=\"article\" \/>\n<meta property=\"og:title\" content=\"[ Peerless-av ] &#129351; Ds-vw775-qr Soportes Video Wall Peerless De Pared Con Liberacion Por Presion Para Monitores De 46 A 60 Capacidad Hasta 56.8kg\" \/>\n<meta property=\"og:description\" content=\"Compra Ds-vw775-qr Soportes Video Wall Peerless De Pared Con Liberacion Por Presion Para Monitores De 46 A 60 Capacidad Hasta 56.8kg + Env\u00edo a domicilio + Pago seguro + Garant\u00eda\" \/>\n<meta property=\"og:url\" content=\"https:\/\/compuviper.mx\/tienda\/producto\/peerless-av-ds-vw775-qr-soportes-video-wall-peerless-de-pared-con-liberacion-por-presion-para-monitores-de-46-a-60-capacidad-hasta-56-8kg\/\" \/>\n<meta property=\"og:site_name\" content=\"Compuviper\" \/>\n<meta property=\"article:publisher\" content=\"https:\/\/www.facebook.com\/compuviper\" \/>\n<meta property=\"og:image\" content=\"https:\/\/compuviper.mx\/tienda\/wp-content\/uploads\/2023\/12\/Soportes-video-wall-peerless-ds-vw775-qr-de-pared-con-liberacion-por-presion-para-monitores-de-46-a-60-capacidad-hasta-56.8kg.jpg\" \/>\n\t<meta property=\"og:image:width\" content=\"200\" \/>\n\t<meta property=\"og:image:height\" content=\"200\" \/>\n\t<meta property=\"og:image:type\" content=\"image\/jpeg\" \/>\n<meta name=\"twitter:card\" content=\"summary_large_image\" \/>\n<meta name=\"twitter:label1\" content=\"Precio\" \/>\n\t<meta name=\"twitter:data1\" content=\"&#36;10,296 con IVA\" \/>\n\t<meta name=\"twitter:label2\" content=\"Availability\" \/>\n\t<meta name=\"twitter:data2\" content=\"On backorder\" \/>\n<script type=\"application\/ld+json\" class=\"yoast-schema-graph\">{\"@context\":\"https:\/\/schema.org\",\"@graph\":[{\"@type\":\"WebPage\",\"@id\":\"https:\/\/compuviper.mx\/tienda\/producto\/peerless-av-ds-vw775-qr-soportes-video-wall-peerless-de-pared-con-liberacion-por-presion-para-monitores-de-46-a-60-capacidad-hasta-56-8kg\/\",\"url\":\"https:\/\/compuviper.mx\/tienda\/producto\/peerless-av-ds-vw775-qr-soportes-video-wall-peerless-de-pared-con-liberacion-por-presion-para-monitores-de-46-a-60-capacidad-hasta-56-8kg\/\",\"name\":\"[ Peerless-av ] &#129351; Ds-vw775-qr Soportes Video Wall Peerless De Pared Con Liberacion Por Presion Para Monitores De 46 A 60 Capacidad Hasta 56.8kg\",\"isPartOf\":{\"@id\":\"https:\/\/compuviper.mx\/tienda\/#website\"},\"datePublished\":\"2026-04-02T05:29:57+00:00\",\"dateModified\":\"2026-04-02T05:29:57+00:00\",\"description\":\"Compra Ds-vw775-qr Soportes Video Wall Peerless De Pared Con Liberacion Por Presion Para Monitores De 46 A 60 Capacidad Hasta 56.8kg + Env\u00edo a domicilio + Pago seguro + Garant\u00eda\",\"breadcrumb\":{\"@id\":\"https:\/\/compuviper.mx\/tienda\/producto\/peerless-av-ds-vw775-qr-soportes-video-wall-peerless-de-pared-con-liberacion-por-presion-para-monitores-de-46-a-60-capacidad-hasta-56-8kg\/#breadcrumb\"},\"inLanguage\":\"es-MX\",\"potentialAction\":[{\"@type\":\"ReadAction\",\"target\":[\"https:\/\/compuviper.mx\/tienda\/producto\/peerless-av-ds-vw775-qr-soportes-video-wall-peerless-de-pared-con-liberacion-por-presion-para-monitores-de-46-a-60-capacidad-hasta-56-8kg\/\"]}]},{\"@type\":\"BreadcrumbList\",\"@id\":\"https:\/\/compuviper.mx\/tienda\/producto\/peerless-av-ds-vw775-qr-soportes-video-wall-peerless-de-pared-con-liberacion-por-presion-para-monitores-de-46-a-60-capacidad-hasta-56-8kg\/#breadcrumb\",\"itemListElement\":[{\"@type\":\"ListItem\",\"position\":1,\"name\":\"Inicio\",\"item\":\"https:\/\/compuviper.mx\/tienda\/\"},{\"@type\":\"ListItem\",\"position\":2,\"name\":\"Productos\",\"item\":\"https:\/\/compuviper.mx\/tienda\/productos\/\"},{\"@type\":\"ListItem\",\"position\":3,\"name\":\"Soportes Y Bases P\/tv\/ Proyectores\/dvd\/consolas\/bocinas\/pantallas\/monotores\",\"item\":\"https:\/\/compuviper.mx\/tienda\/categoria-producto\/soportes-y-bases-p-tv-proyectores-dvd-consolas-bocinas-pantallas-monotores\/\"},{\"@type\":\"ListItem\",\"position\":4,\"name\":\"Soporte Y Base Para Tv\/pantallas\/monitores\/kiosko\",\"item\":\"https:\/\/compuviper.mx\/tienda\/categoria-producto\/soportes-y-bases-p-tv-proyectores-dvd-consolas-bocinas-pantallas-monotores\/soporte-y-base-para-tv-pantallas-monitores-kiosko\/\"},{\"@type\":\"ListItem\",\"position\":5,\"name\":\"Peerless-av Ds-vw775-qr Soportes Video Wall Peerless De Pared Con Liberacion Por Presion Para Monitores De 46 A 60 Capacidad Hasta 56.8kg\"}]},{\"@type\":\"WebSite\",\"@id\":\"https:\/\/compuviper.mx\/tienda\/#website\",\"url\":\"https:\/\/compuviper.mx\/tienda\/\",\"name\":\"Compuviper\",\"description\":\"Proveedor de Computadoras, Laptops, Servidores, Monitores, Puntos de Venta, Teclados,   Impresoras, T\u00f3ner, C\u00e1maras de Seguridad y m\u00e1s en tu tienda en l\u00ednea\",\"publisher\":{\"@id\":\"https:\/\/compuviper.mx\/tienda\/#organization\"},\"potentialAction\":[{\"@type\":\"SearchAction\",\"target\":{\"@type\":\"EntryPoint\",\"urlTemplate\":\"https:\/\/compuviper.mx\/tienda\/?s={search_term_string}\"},\"query-input\":\"required name=search_term_string\"}],\"inLanguage\":\"es-MX\"},{\"@type\":\"Organization\",\"@id\":\"https:\/\/compuviper.mx\/tienda\/#organization\",\"name\":\"Compuviper\",\"url\":\"https:\/\/compuviper.mx\/tienda\/\",\"logo\":{\"@type\":\"ImageObject\",\"inLanguage\":\"es-MX\",\"@id\":\"https:\/\/compuviper.mx\/tienda\/#\/schema\/logo\/image\/\",\"url\":\"https:\/\/compuviper.mx\/tienda\/wp-content\/uploads\/2021\/08\/Logo-Compuviper-10.png\",\"contentUrl\":\"https:\/\/compuviper.mx\/tienda\/wp-content\/uploads\/2021\/08\/Logo-Compuviper-10.png\",\"width\":1000,\"height\":500,\"caption\":\"Compuviper\"},\"image\":{\"@id\":\"https:\/\/compuviper.mx\/tienda\/#\/schema\/logo\/image\/\"},\"sameAs\":[\"https:\/\/www.facebook.com\/compuviper\",\"https:\/\/www.youtube.com\/channel\/UCf73dERp9Y3cfOq7q8BhLjA?view_as=subscriber\"]}]}<\/script>\n<meta property=\"product:brand\" content=\"PEERLESS-AV\" \/>\n<meta property=\"product:price:amount\" content=\"10296\" \/>\n<meta property=\"product:price:currency\" content=\"MXN\" \/>\n<meta property=\"og:availability\" content=\"backorder\" \/>\n<meta property=\"product:availability\" content=\"available for order\" \/>\n<meta property=\"product:retailer_item_id\" content=\"DS-VW775-QR\" \/>\n<meta property=\"product:condition\" content=\"new\" \/>\n<!-- \/ Yoast SEO plugin. -->","yoast_head_json":{"title":"[ Peerless-av ] &#129351; Ds-vw775-qr Soportes Video Wall Peerless De Pared Con Liberacion Por Presion Para Monitores De 46 A 60 Capacidad Hasta 56.8kg","description":"Compra Ds-vw775-qr Soportes Video Wall Peerless De Pared Con Liberacion Por Presion Para Monitores De 46 A 60 Capacidad Hasta 56.8kg + Env\u00edo a domicilio + Pago seguro + Garant\u00eda","robots":{"index":"index","follow":"follow","max-snippet":"max-snippet:-1","max-image-preview":"max-image-preview:large","max-video-preview":"max-video-preview:-1"},"canonical":"https:\/\/compuviper.mx\/tienda\/producto\/peerless-av-ds-vw775-qr-soportes-video-wall-peerless-de-pared-con-liberacion-por-presion-para-monitores-de-46-a-60-capacidad-hasta-56-8kg\/","og_locale":"es_MX","og_type":"article","og_title":"[ Peerless-av ] &#129351; Ds-vw775-qr Soportes Video Wall Peerless De Pared Con Liberacion Por Presion Para Monitores De 46 A 60 Capacidad Hasta 56.8kg","og_description":"Compra Ds-vw775-qr Soportes Video Wall Peerless De Pared Con Liberacion Por Presion Para Monitores De 46 A 60 Capacidad Hasta 56.8kg + Env\u00edo a domicilio + Pago seguro + Garant\u00eda","og_url":"https:\/\/compuviper.mx\/tienda\/producto\/peerless-av-ds-vw775-qr-soportes-video-wall-peerless-de-pared-con-liberacion-por-presion-para-monitores-de-46-a-60-capacidad-hasta-56-8kg\/","og_site_name":"Compuviper","article_publisher":"https:\/\/www.facebook.com\/compuviper","og_image":[{"width":200,"height":200,"url":"https:\/\/compuviper.mx\/tienda\/wp-content\/uploads\/2023\/12\/Soportes-video-wall-peerless-ds-vw775-qr-de-pared-con-liberacion-por-presion-para-monitores-de-46-a-60-capacidad-hasta-56.8kg.jpg","type":"image\/jpeg"}],"twitter_card":"summary_large_image","twitter_misc":{"Precio":"&#36;10,296 con IVA","Availability":"On backorder"},"schema":{"@context":"https:\/\/schema.org","@graph":[{"@type":"WebPage","@id":"https:\/\/compuviper.mx\/tienda\/producto\/peerless-av-ds-vw775-qr-soportes-video-wall-peerless-de-pared-con-liberacion-por-presion-para-monitores-de-46-a-60-capacidad-hasta-56-8kg\/","url":"https:\/\/compuviper.mx\/tienda\/producto\/peerless-av-ds-vw775-qr-soportes-video-wall-peerless-de-pared-con-liberacion-por-presion-para-monitores-de-46-a-60-capacidad-hasta-56-8kg\/","name":"[ Peerless-av ] &#129351; Ds-vw775-qr Soportes Video Wall Peerless De Pared Con Liberacion Por Presion Para Monitores De 46 A 60 Capacidad Hasta 56.8kg","isPartOf":{"@id":"https:\/\/compuviper.mx\/tienda\/#website"},"datePublished":"2026-04-02T05:29:57+00:00","dateModified":"2026-04-02T05:29:57+00:00","description":"Compra Ds-vw775-qr Soportes Video Wall Peerless De Pared Con Liberacion Por Presion Para Monitores De 46 A 60 Capacidad Hasta 56.8kg + Env\u00edo a domicilio + Pago seguro + Garant\u00eda","breadcrumb":{"@id":"https:\/\/compuviper.mx\/tienda\/producto\/peerless-av-ds-vw775-qr-soportes-video-wall-peerless-de-pared-con-liberacion-por-presion-para-monitores-de-46-a-60-capacidad-hasta-56-8kg\/#breadcrumb"},"inLanguage":"es-MX","potentialAction":[{"@type":"ReadAction","target":["https:\/\/compuviper.mx\/tienda\/producto\/peerless-av-ds-vw775-qr-soportes-video-wall-peerless-de-pared-con-liberacion-por-presion-para-monitores-de-46-a-60-capacidad-hasta-56-8kg\/"]}]},{"@type":"BreadcrumbList","@id":"https:\/\/compuviper.mx\/tienda\/producto\/peerless-av-ds-vw775-qr-soportes-video-wall-peerless-de-pared-con-liberacion-por-presion-para-monitores-de-46-a-60-capacidad-hasta-56-8kg\/#breadcrumb","itemListElement":[{"@type":"ListItem","position":1,"name":"Inicio","item":"https:\/\/compuviper.mx\/tienda\/"},{"@type":"ListItem","position":2,"name":"Productos","item":"https:\/\/compuviper.mx\/tienda\/productos\/"},{"@type":"ListItem","position":3,"name":"Soportes Y Bases P\/tv\/ Proyectores\/dvd\/consolas\/bocinas\/pantallas\/monotores","item":"https:\/\/compuviper.mx\/tienda\/categoria-producto\/soportes-y-bases-p-tv-proyectores-dvd-consolas-bocinas-pantallas-monotores\/"},{"@type":"ListItem","position":4,"name":"Soporte Y Base Para Tv\/pantallas\/monitores\/kiosko","item":"https:\/\/compuviper.mx\/tienda\/categoria-producto\/soportes-y-bases-p-tv-proyectores-dvd-consolas-bocinas-pantallas-monotores\/soporte-y-base-para-tv-pantallas-monitores-kiosko\/"},{"@type":"ListItem","position":5,"name":"Peerless-av Ds-vw775-qr Soportes Video Wall Peerless De Pared Con Liberacion Por Presion Para Monitores De 46 A 60 Capacidad Hasta 56.8kg"}]},{"@type":"WebSite","@id":"https:\/\/compuviper.mx\/tienda\/#website","url":"https:\/\/compuviper.mx\/tienda\/","name":"Compuviper","description":"Proveedor de Computadoras, Laptops, Servidores, Monitores, Puntos de Venta, Teclados,   Impresoras, T\u00f3ner, C\u00e1maras de Seguridad y m\u00e1s en tu tienda en l\u00ednea","publisher":{"@id":"https:\/\/compuviper.mx\/tienda\/#organization"},"potentialAction":[{"@type":"SearchAction","target":{"@type":"EntryPoint","urlTemplate":"https:\/\/compuviper.mx\/tienda\/?s={search_term_string}"},"query-input":"required name=search_term_string"}],"inLanguage":"es-MX"},{"@type":"Organization","@id":"https:\/\/compuviper.mx\/tienda\/#organization","name":"Compuviper","url":"https:\/\/compuviper.mx\/tienda\/","logo":{"@type":"ImageObject","inLanguage":"es-MX","@id":"https:\/\/compuviper.mx\/tienda\/#\/schema\/logo\/image\/","url":"https:\/\/compuviper.mx\/tienda\/wp-content\/uploads\/2021\/08\/Logo-Compuviper-10.png","contentUrl":"https:\/\/compuviper.mx\/tienda\/wp-content\/uploads\/2021\/08\/Logo-Compuviper-10.png","width":1000,"height":500,"caption":"Compuviper"},"image":{"@id":"https:\/\/compuviper.mx\/tienda\/#\/schema\/logo\/image\/"},"sameAs":["https:\/\/www.facebook.com\/compuviper","https:\/\/www.youtube.com\/channel\/UCf73dERp9Y3cfOq7q8BhLjA?view_as=subscriber"]}]},"product_brand":"PEERLESS-AV","product_price_amount":"10296","product_price_currency":"MXN","og_availability":"backorder","product_availability":"available for order","product_retailer_item_id":"DS-VW775-QR","product_condition":"new"},"_links":{"self":[{"href":"https:\/\/compuviper.mx\/tienda\/wp-json\/wp\/v2\/product\/211923"}],"collection":[{"href":"https:\/\/compuviper.mx\/tienda\/wp-json\/wp\/v2\/product"}],"about":[{"href":"https:\/\/compuviper.mx\/tienda\/wp-json\/wp\/v2\/types\/product"}],"replies":[{"embeddable":true,"href":"https:\/\/compuviper.mx\/tienda\/wp-json\/wp\/v2\/comments?post=211923"}],"wp:featuredmedia":[{"embeddable":true,"href":"https:\/\/compuviper.mx\/tienda\/wp-json\/wp\/v2\/media\/211924"}],"wp:attachment":[{"href":"https:\/\/compuviper.mx\/tienda\/wp-json\/wp\/v2\/media?parent=211923"}],"wp:term":[{"taxonomy":"product_cat","embeddable":true,"href":"https:\/\/compuviper.mx\/tienda\/wp-json\/wp\/v2\/product_cat?post=211923"},{"taxonomy":"product_tag","embeddable":true,"href":"https:\/\/compuviper.mx\/tienda\/wp-json\/wp\/v2\/product_tag?post=211923"}],"curies":[{"name":"wp","href":"https:\/\/api.w.org\/{rel}","templated":true}]}}