{"id":211911,"date":"2026-04-14T23:30:57","date_gmt":"2026-04-15T05:30:57","guid":{"rendered":"https:\/\/compuviper.mx\/tienda\/producto\/cyberpower-cps1215rm-pdu-10-salidas-5-15r-posteriores-120v-1u-3-aos-de-garantia\/"},"modified":"2026-04-14T23:30:57","modified_gmt":"2026-04-15T05:30:57","slug":"cyberpower-cps1215rm-pdu-10-salidas-5-15r-posteriores-120v-1u-3-aos-de-garantia","status":"publish","type":"product","link":"https:\/\/compuviper.mx\/tienda\/producto\/cyberpower-cps1215rm-pdu-10-salidas-5-15r-posteriores-120v-1u-3-aos-de-garantia\/","title":{"rendered":"Cyberpower Cps1215rm Pdu   10 Salidas 5-15r-posteriores-, 120v, 1u. 3 A?os De Garantia."},"content":{"rendered":"<table class=\"descripcion\">\n<tr>\n<td>Entrada<\/td>\n<\/tr>\n<tr>\n<td>Voltaje 100 &#8211; 125 v<\/td>\n<\/tr>\n<tr>\n<td>Tipo de enchufe nema 5-15p<\/td>\n<\/tr>\n<tr>\n<td>Plug style derecho<\/td>\n<\/tr>\n<tr>\n<td>Longitud del cable 15 pies<\/td>\n<\/tr>\n<tr>\n<td>Cambiar encendido \/ apagado<\/td>\n<\/tr>\n<tr>\n<td>Salida<\/td>\n<\/tr>\n<tr>\n<td>Tipo de salida nema 5-15r<\/td>\n<\/tr>\n<tr>\n<td>Puntos de venta &#8211; delantero 0<\/td>\n<\/tr>\n<tr>\n<td>Salidas &#8211; trasero 10<\/td>\n<\/tr>\n<tr>\n<td>Tiendas &#8211; total 10<\/td>\n<\/tr>\n<tr>\n<td>F\u00edsico<\/td>\n<\/tr>\n<tr>\n<td>Tama\u00f1o de rack 1u<\/td>\n<\/tr>\n<tr>\n<td>Dimensiones &#8211; w \u00d7 h \u00d7 d (in) 17.25 \u00d7 1.75 \u00d7 4.75 pulgadas<\/td>\n<\/tr>\n<tr>\n<td>Peso libras) 5.0 lbs<\/td>\n<\/tr>\n<tr>\n<td>Ambiental<\/td>\n<\/tr>\n<tr>\n<td>Temperatura de funcionamiento 32 &#8211; 104 \u00b0 f (0 &#8211; 40 \u00b0 c)<\/td>\n<\/tr>\n<tr>\n<td>Humedad de funcionamiento 0 &#8211; 95% (sin condensaci\u00f3n)<\/td>\n<\/tr>\n<tr>\n<td>Temperatura de almacenamiento 5 &#8211; 113 \u00b0 f (-15 &#8211; 45 \u00b0 c)<\/td>\n<\/tr>\n<tr>\n<td>Elevaci\u00f3n operativa m\u00e1xima 10,000 pies (3,000 m)<\/td>\n<\/tr>\n<tr>\n<td>Elevaci\u00f3n m\u00e1xima de almacenamiento 50,000 pies (15,000 m)<\/td>\n<\/tr>\n<tr>\n<td>Certificaciones<\/td>\n<\/tr>\n<tr>\n<td>La seguridad ul reconocido<\/td>\n<\/tr>\n<tr>\n<td>Garant\u00eda<\/td>\n<\/tr>\n<tr>\n<td>La garant\u00eda del producto 3 a\u00f1os<\/td>\n<\/tr>\n<\/table>\n","protected":false},"excerpt":{"rendered":"<p>Cyberpower cps1215rm, una unidad de distribuci\u00f3n de alimentaci\u00f3n de montaje en rack (pdu) de 10 salidas (posterior), proporciona una salida de 100 a 125 v 15a. Distribuye energ\u00eda a 10 recept\u00e1culos nema 5-15r desde una sola entrada nema 5-15p con paso el\u00e9ctrico sin filtro. Dise\u00f1ado para centros de datos y otras aplicaciones demandantes de electricidad, el cps1215rm tiene una carcasa met\u00e1lica duradera y un cable de alimentaci\u00f3n de ca de 15 pies. Se puede montar de forma horizontal o vertical, incluye una bandeja de retenci\u00f3n de cables y est\u00e1 reconocido por ul. Una garant\u00eda de tres a\u00f1os cubre el cps1215rm durante tres a\u00f1os mientras usted sea el propietario del producto.<\/p>\n","protected":false},"featured_media":211912,"comment_status":"open","ping_status":"open","template":"","meta":[],"product_cat":[1508,1895],"product_tag":[1692],"acf":[],"yoast_head":"<!-- This site is optimized with the Yoast SEO plugin v21.7 - https:\/\/yoast.com\/wordpress\/plugins\/seo\/ -->\n<title>[ Cyberpower ] &#129351; Cps1215rm Pdu 10 Salidas 5-15r-posteriores-, 120v, 1u. 3 A\u00f1os De Garantia.<\/title>\n<meta name=\"description\" content=\"Compra Cps1215rm Pdu 10 Salidas 5-15r-posteriores-, 120v, 1u. 3 A\u00f1os De Garantia. + Env\u00edo a domicilio + Pago seguro + Garant\u00eda\" \/>\n<meta name=\"robots\" content=\"index, follow, max-snippet:-1, max-image-preview:large, max-video-preview:-1\" \/>\n<link rel=\"canonical\" href=\"https:\/\/compuviper.mx\/tienda\/producto\/cyberpower-cps1215rm-pdu-10-salidas-5-15r-posteriores-120v-1u-3-aos-de-garantia\/\" \/>\n<meta property=\"og:locale\" content=\"es_MX\" \/>\n<meta property=\"og:type\" content=\"article\" \/>\n<meta property=\"og:title\" content=\"[ Cyberpower ] &#129351; Cps1215rm Pdu 10 Salidas 5-15r-posteriores-, 120v, 1u. 3 A\u00f1os De Garantia.\" \/>\n<meta property=\"og:description\" content=\"Compra Cps1215rm Pdu 10 Salidas 5-15r-posteriores-, 120v, 1u. 3 A\u00f1os De Garantia. + Env\u00edo a domicilio + Pago seguro + Garant\u00eda\" \/>\n<meta property=\"og:url\" content=\"https:\/\/compuviper.mx\/tienda\/producto\/cyberpower-cps1215rm-pdu-10-salidas-5-15r-posteriores-120v-1u-3-aos-de-garantia\/\" \/>\n<meta property=\"og:site_name\" content=\"Compuviper\" \/>\n<meta property=\"article:publisher\" content=\"https:\/\/www.facebook.com\/compuviper\" \/>\n<meta property=\"og:image\" content=\"https:\/\/compuviper.mx\/tienda\/wp-content\/uploads\/2023\/12\/Pdu-cyberpower-cps1215rm-10-salidas-5-15r-posteriores-120v-1u.-3-anos-de-garantia.jpg\" \/>\n\t<meta property=\"og:image:width\" content=\"200\" \/>\n\t<meta property=\"og:image:height\" content=\"200\" \/>\n\t<meta property=\"og:image:type\" content=\"image\/jpeg\" \/>\n<meta name=\"twitter:card\" content=\"summary_large_image\" \/>\n<meta name=\"twitter:label1\" content=\"Precio\" \/>\n\t<meta name=\"twitter:data1\" content=\"&#36;1,282 con IVA\" \/>\n\t<meta name=\"twitter:label2\" content=\"Availability\" \/>\n\t<meta name=\"twitter:data2\" content=\"Out of stock\" \/>\n<script type=\"application\/ld+json\" class=\"yoast-schema-graph\">{\"@context\":\"https:\/\/schema.org\",\"@graph\":[{\"@type\":\"WebPage\",\"@id\":\"https:\/\/compuviper.mx\/tienda\/producto\/cyberpower-cps1215rm-pdu-10-salidas-5-15r-posteriores-120v-1u-3-aos-de-garantia\/\",\"url\":\"https:\/\/compuviper.mx\/tienda\/producto\/cyberpower-cps1215rm-pdu-10-salidas-5-15r-posteriores-120v-1u-3-aos-de-garantia\/\",\"name\":\"[ Cyberpower ] &#129351; Cps1215rm Pdu 10 Salidas 5-15r-posteriores-, 120v, 1u. 3 A\u00f1os De Garantia.\",\"isPartOf\":{\"@id\":\"https:\/\/compuviper.mx\/tienda\/#website\"},\"datePublished\":\"2026-04-15T05:30:57+00:00\",\"dateModified\":\"2026-04-15T05:30:57+00:00\",\"description\":\"Compra Cps1215rm Pdu 10 Salidas 5-15r-posteriores-, 120v, 1u. 3 A\u00f1os De Garantia. + Env\u00edo a domicilio + Pago seguro + Garant\u00eda\",\"breadcrumb\":{\"@id\":\"https:\/\/compuviper.mx\/tienda\/producto\/cyberpower-cps1215rm-pdu-10-salidas-5-15r-posteriores-120v-1u-3-aos-de-garantia\/#breadcrumb\"},\"inLanguage\":\"es-MX\",\"potentialAction\":[{\"@type\":\"ReadAction\",\"target\":[\"https:\/\/compuviper.mx\/tienda\/producto\/cyberpower-cps1215rm-pdu-10-salidas-5-15r-posteriores-120v-1u-3-aos-de-garantia\/\"]}]},{\"@type\":\"BreadcrumbList\",\"@id\":\"https:\/\/compuviper.mx\/tienda\/producto\/cyberpower-cps1215rm-pdu-10-salidas-5-15r-posteriores-120v-1u-3-aos-de-garantia\/#breadcrumb\",\"itemListElement\":[{\"@type\":\"ListItem\",\"position\":1,\"name\":\"Inicio\",\"item\":\"https:\/\/compuviper.mx\/tienda\/\"},{\"@type\":\"ListItem\",\"position\":2,\"name\":\"Productos\",\"item\":\"https:\/\/compuviper.mx\/tienda\/productos\/\"},{\"@type\":\"ListItem\",\"position\":3,\"name\":\"Energia\",\"item\":\"https:\/\/compuviper.mx\/tienda\/categoria-producto\/energia\/\"},{\"@type\":\"ListItem\",\"position\":4,\"name\":\"Pdu\",\"item\":\"https:\/\/compuviper.mx\/tienda\/categoria-producto\/energia\/pdu\/\"},{\"@type\":\"ListItem\",\"position\":5,\"name\":\"Cyberpower Cps1215rm Pdu 10 Salidas 5-15r-posteriores-, 120v, 1u. 3 A?os De Garantia.\"}]},{\"@type\":\"WebSite\",\"@id\":\"https:\/\/compuviper.mx\/tienda\/#website\",\"url\":\"https:\/\/compuviper.mx\/tienda\/\",\"name\":\"Compuviper\",\"description\":\"Proveedor de Computadoras, Laptops, Servidores, Monitores, Puntos de Venta, Teclados,   Impresoras, T\u00f3ner, C\u00e1maras de Seguridad y m\u00e1s en tu tienda en l\u00ednea\",\"publisher\":{\"@id\":\"https:\/\/compuviper.mx\/tienda\/#organization\"},\"potentialAction\":[{\"@type\":\"SearchAction\",\"target\":{\"@type\":\"EntryPoint\",\"urlTemplate\":\"https:\/\/compuviper.mx\/tienda\/?s={search_term_string}\"},\"query-input\":\"required name=search_term_string\"}],\"inLanguage\":\"es-MX\"},{\"@type\":\"Organization\",\"@id\":\"https:\/\/compuviper.mx\/tienda\/#organization\",\"name\":\"Compuviper\",\"url\":\"https:\/\/compuviper.mx\/tienda\/\",\"logo\":{\"@type\":\"ImageObject\",\"inLanguage\":\"es-MX\",\"@id\":\"https:\/\/compuviper.mx\/tienda\/#\/schema\/logo\/image\/\",\"url\":\"https:\/\/compuviper.mx\/tienda\/wp-content\/uploads\/2021\/08\/Logo-Compuviper-10.png\",\"contentUrl\":\"https:\/\/compuviper.mx\/tienda\/wp-content\/uploads\/2021\/08\/Logo-Compuviper-10.png\",\"width\":1000,\"height\":500,\"caption\":\"Compuviper\"},\"image\":{\"@id\":\"https:\/\/compuviper.mx\/tienda\/#\/schema\/logo\/image\/\"},\"sameAs\":[\"https:\/\/www.facebook.com\/compuviper\",\"https:\/\/www.youtube.com\/channel\/UCf73dERp9Y3cfOq7q8BhLjA?view_as=subscriber\"]}]}<\/script>\n<meta property=\"product:brand\" content=\"CYBERPOWER\" \/>\n<meta property=\"product:price:amount\" content=\"1282\" \/>\n<meta property=\"product:price:currency\" content=\"MXN\" \/>\n<meta property=\"og:availability\" content=\"out of stock\" \/>\n<meta property=\"product:availability\" content=\"out of stock\" \/>\n<meta property=\"product:retailer_item_id\" content=\"CPS1215RM\" \/>\n<meta property=\"product:condition\" content=\"new\" \/>\n<!-- \/ Yoast SEO plugin. -->","yoast_head_json":{"title":"[ Cyberpower ] &#129351; Cps1215rm Pdu 10 Salidas 5-15r-posteriores-, 120v, 1u. 3 A\u00f1os De Garantia.","description":"Compra Cps1215rm Pdu 10 Salidas 5-15r-posteriores-, 120v, 1u. 3 A\u00f1os De Garantia. + Env\u00edo a domicilio + Pago seguro + Garant\u00eda","robots":{"index":"index","follow":"follow","max-snippet":"max-snippet:-1","max-image-preview":"max-image-preview:large","max-video-preview":"max-video-preview:-1"},"canonical":"https:\/\/compuviper.mx\/tienda\/producto\/cyberpower-cps1215rm-pdu-10-salidas-5-15r-posteriores-120v-1u-3-aos-de-garantia\/","og_locale":"es_MX","og_type":"article","og_title":"[ Cyberpower ] &#129351; Cps1215rm Pdu 10 Salidas 5-15r-posteriores-, 120v, 1u. 3 A\u00f1os De Garantia.","og_description":"Compra Cps1215rm Pdu 10 Salidas 5-15r-posteriores-, 120v, 1u. 3 A\u00f1os De Garantia. + Env\u00edo a domicilio + Pago seguro + Garant\u00eda","og_url":"https:\/\/compuviper.mx\/tienda\/producto\/cyberpower-cps1215rm-pdu-10-salidas-5-15r-posteriores-120v-1u-3-aos-de-garantia\/","og_site_name":"Compuviper","article_publisher":"https:\/\/www.facebook.com\/compuviper","og_image":[{"width":200,"height":200,"url":"https:\/\/compuviper.mx\/tienda\/wp-content\/uploads\/2023\/12\/Pdu-cyberpower-cps1215rm-10-salidas-5-15r-posteriores-120v-1u.-3-anos-de-garantia.jpg","type":"image\/jpeg"}],"twitter_card":"summary_large_image","twitter_misc":{"Precio":"&#36;1,282 con IVA","Availability":"Out of stock"},"schema":{"@context":"https:\/\/schema.org","@graph":[{"@type":"WebPage","@id":"https:\/\/compuviper.mx\/tienda\/producto\/cyberpower-cps1215rm-pdu-10-salidas-5-15r-posteriores-120v-1u-3-aos-de-garantia\/","url":"https:\/\/compuviper.mx\/tienda\/producto\/cyberpower-cps1215rm-pdu-10-salidas-5-15r-posteriores-120v-1u-3-aos-de-garantia\/","name":"[ Cyberpower ] &#129351; Cps1215rm Pdu 10 Salidas 5-15r-posteriores-, 120v, 1u. 3 A\u00f1os De Garantia.","isPartOf":{"@id":"https:\/\/compuviper.mx\/tienda\/#website"},"datePublished":"2026-04-15T05:30:57+00:00","dateModified":"2026-04-15T05:30:57+00:00","description":"Compra Cps1215rm Pdu 10 Salidas 5-15r-posteriores-, 120v, 1u. 3 A\u00f1os De Garantia. + Env\u00edo a domicilio + Pago seguro + Garant\u00eda","breadcrumb":{"@id":"https:\/\/compuviper.mx\/tienda\/producto\/cyberpower-cps1215rm-pdu-10-salidas-5-15r-posteriores-120v-1u-3-aos-de-garantia\/#breadcrumb"},"inLanguage":"es-MX","potentialAction":[{"@type":"ReadAction","target":["https:\/\/compuviper.mx\/tienda\/producto\/cyberpower-cps1215rm-pdu-10-salidas-5-15r-posteriores-120v-1u-3-aos-de-garantia\/"]}]},{"@type":"BreadcrumbList","@id":"https:\/\/compuviper.mx\/tienda\/producto\/cyberpower-cps1215rm-pdu-10-salidas-5-15r-posteriores-120v-1u-3-aos-de-garantia\/#breadcrumb","itemListElement":[{"@type":"ListItem","position":1,"name":"Inicio","item":"https:\/\/compuviper.mx\/tienda\/"},{"@type":"ListItem","position":2,"name":"Productos","item":"https:\/\/compuviper.mx\/tienda\/productos\/"},{"@type":"ListItem","position":3,"name":"Energia","item":"https:\/\/compuviper.mx\/tienda\/categoria-producto\/energia\/"},{"@type":"ListItem","position":4,"name":"Pdu","item":"https:\/\/compuviper.mx\/tienda\/categoria-producto\/energia\/pdu\/"},{"@type":"ListItem","position":5,"name":"Cyberpower Cps1215rm Pdu 10 Salidas 5-15r-posteriores-, 120v, 1u. 3 A?os De Garantia."}]},{"@type":"WebSite","@id":"https:\/\/compuviper.mx\/tienda\/#website","url":"https:\/\/compuviper.mx\/tienda\/","name":"Compuviper","description":"Proveedor de Computadoras, Laptops, Servidores, Monitores, Puntos de Venta, Teclados,   Impresoras, T\u00f3ner, C\u00e1maras de Seguridad y m\u00e1s en tu tienda en l\u00ednea","publisher":{"@id":"https:\/\/compuviper.mx\/tienda\/#organization"},"potentialAction":[{"@type":"SearchAction","target":{"@type":"EntryPoint","urlTemplate":"https:\/\/compuviper.mx\/tienda\/?s={search_term_string}"},"query-input":"required name=search_term_string"}],"inLanguage":"es-MX"},{"@type":"Organization","@id":"https:\/\/compuviper.mx\/tienda\/#organization","name":"Compuviper","url":"https:\/\/compuviper.mx\/tienda\/","logo":{"@type":"ImageObject","inLanguage":"es-MX","@id":"https:\/\/compuviper.mx\/tienda\/#\/schema\/logo\/image\/","url":"https:\/\/compuviper.mx\/tienda\/wp-content\/uploads\/2021\/08\/Logo-Compuviper-10.png","contentUrl":"https:\/\/compuviper.mx\/tienda\/wp-content\/uploads\/2021\/08\/Logo-Compuviper-10.png","width":1000,"height":500,"caption":"Compuviper"},"image":{"@id":"https:\/\/compuviper.mx\/tienda\/#\/schema\/logo\/image\/"},"sameAs":["https:\/\/www.facebook.com\/compuviper","https:\/\/www.youtube.com\/channel\/UCf73dERp9Y3cfOq7q8BhLjA?view_as=subscriber"]}]},"product_brand":"CYBERPOWER","product_price_amount":"1282","product_price_currency":"MXN","og_availability":"out of stock","product_availability":"out of stock","product_retailer_item_id":"CPS1215RM","product_condition":"new"},"_links":{"self":[{"href":"https:\/\/compuviper.mx\/tienda\/wp-json\/wp\/v2\/product\/211911"}],"collection":[{"href":"https:\/\/compuviper.mx\/tienda\/wp-json\/wp\/v2\/product"}],"about":[{"href":"https:\/\/compuviper.mx\/tienda\/wp-json\/wp\/v2\/types\/product"}],"replies":[{"embeddable":true,"href":"https:\/\/compuviper.mx\/tienda\/wp-json\/wp\/v2\/comments?post=211911"}],"wp:featuredmedia":[{"embeddable":true,"href":"https:\/\/compuviper.mx\/tienda\/wp-json\/wp\/v2\/media\/211912"}],"wp:attachment":[{"href":"https:\/\/compuviper.mx\/tienda\/wp-json\/wp\/v2\/media?parent=211911"}],"wp:term":[{"taxonomy":"product_cat","embeddable":true,"href":"https:\/\/compuviper.mx\/tienda\/wp-json\/wp\/v2\/product_cat?post=211911"},{"taxonomy":"product_tag","embeddable":true,"href":"https:\/\/compuviper.mx\/tienda\/wp-json\/wp\/v2\/product_tag?post=211911"}],"curies":[{"name":"wp","href":"https:\/\/api.w.org\/{rel}","templated":true}]}}