{"id":211909,"date":"2026-04-01T23:29:55","date_gmt":"2026-04-02T05:29:55","guid":{"rendered":"https:\/\/compuviper.mx\/tienda\/producto\/peerless-av-plcm-unl-cp-soporte-techo-peeless-para-monitores-de-32-a-90-con-un-peso-no-mayor-a-68-20-kg\/"},"modified":"2026-04-01T23:29:56","modified_gmt":"2026-04-02T05:29:56","slug":"peerless-av-plcm-unl-cp-soporte-techo-peeless-para-monitores-de-32-a-90-con-un-peso-no-mayor-a-68-20-kg","status":"publish","type":"product","link":"https:\/\/compuviper.mx\/tienda\/producto\/peerless-av-plcm-unl-cp-soporte-techo-peeless-para-monitores-de-32-a-90-con-un-peso-no-mayor-a-68-20-kg\/","title":{"rendered":"Peerless-av Plcm-unl-cp Soporte Techo Peeless  Para Monitores De 32 A 90 Con Un Peso No Mayor A 68.20 Kg"},"content":{"rendered":"<table class=\"descripcion\">\n<tr>\n<td>Tama\u00f1o de pantalla  32 a 90<\/td>\n<\/tr>\n<tr>\n<td>Capacidad de peso  150 lb (68.2 kg)<\/td>\n<\/tr>\n<tr>\n<td>Color             negro<\/td>\n<\/tr>\n<tr>\n<td>Distancia desde el techo 35.41 (899 mm)<\/td>\n<\/tr>\n<tr>\n<td>Patr\u00f3n de montaje  600 x 400 mm<\/td>\n<\/tr>\n<tr>\n<td>Giro             360 grados<\/td>\n<\/tr>\n<tr>\n<td>Inclinaci\u00f3n           20  grados<\/td>\n<\/tr>\n<tr>\n<td>Dimensiones del producto 24.38 x 44.23 x 4.03 (619 x 1123 x 103 mm)<\/td>\n<\/tr>\n<tr>\n<td>Peso de env\u00edo   31.7 lb (5.9kg)<\/td>\n<\/tr>\n<tr>\n<td>Dimensiones empaque  8.75 x 4 x 47 (222.3 x 101.6 x 1.193.8 mm)<\/td>\n<\/tr>\n<tr>\n<td>C\u00f3digo upc           735029241720<\/td>\n<\/tr>\n<\/table>\n","protected":false},"excerpt":{"rendered":"<p>Los soportes de techo universales smartmount\u00ae plcm-unl (-cp) utilizan tubos de extensi\u00f3n de 1.5 npt para versatilidad, soporte y conexi\u00f3n. Los tubos roscados de 1.5 npt simplifican la personalizaci\u00f3n de cada montaje para su aplicaci\u00f3n espec\u00edfica. El kit plcm-unl combina la placa adaptadora en forma de i universal plp-unl, la caja de inclinaci\u00f3n plcm-2 y la columna npt de 1.5 de longitud fija ext103, para entregar una ca\u00edda de 36 para los patrones de montaje de pantalla de hasta 600 x 400 mm. Cuando se combina con una placa de techo peerless-av\u00ae, ofrece la combinaci\u00f3n perfecta para el montaje en techo de panel plano en instalaciones deportivas, aeropuertos, vest\u00edbulos o entornos comerciales.<\/p>\n","protected":false},"featured_media":211910,"comment_status":"open","ping_status":"open","template":"","meta":[],"product_cat":[2269,2265],"product_tag":[1904],"acf":[],"yoast_head":"<!-- This site is optimized with the Yoast SEO plugin v21.7 - https:\/\/yoast.com\/wordpress\/plugins\/seo\/ -->\n<title>[ Peerless-av ] &#129351; Plcm-unl-cp Soporte Techo Peeless Para Monitores De 32 A 90 Con Un Peso No Mayor A 68.20 Kg<\/title>\n<meta name=\"description\" content=\"Compra Plcm-unl-cp Soporte Techo Peeless Para Monitores De 32 A 90 Con Un Peso No Mayor A 68.20 Kg + Env\u00edo a domicilio + Pago seguro + Garant\u00eda\" \/>\n<meta name=\"robots\" content=\"index, follow, max-snippet:-1, max-image-preview:large, max-video-preview:-1\" \/>\n<link rel=\"canonical\" href=\"https:\/\/compuviper.mx\/tienda\/producto\/peerless-av-plcm-unl-cp-soporte-techo-peeless-para-monitores-de-32-a-90-con-un-peso-no-mayor-a-68-20-kg\/\" \/>\n<meta property=\"og:locale\" content=\"es_MX\" \/>\n<meta property=\"og:type\" content=\"article\" \/>\n<meta property=\"og:title\" content=\"[ Peerless-av ] &#129351; Plcm-unl-cp Soporte Techo Peeless Para Monitores De 32 A 90 Con Un Peso No Mayor A 68.20 Kg\" \/>\n<meta property=\"og:description\" content=\"Compra Plcm-unl-cp Soporte Techo Peeless Para Monitores De 32 A 90 Con Un Peso No Mayor A 68.20 Kg + Env\u00edo a domicilio + Pago seguro + Garant\u00eda\" \/>\n<meta property=\"og:url\" content=\"https:\/\/compuviper.mx\/tienda\/producto\/peerless-av-plcm-unl-cp-soporte-techo-peeless-para-monitores-de-32-a-90-con-un-peso-no-mayor-a-68-20-kg\/\" \/>\n<meta property=\"og:site_name\" content=\"Compuviper\" \/>\n<meta property=\"article:publisher\" content=\"https:\/\/www.facebook.com\/compuviper\" \/>\n<meta property=\"article:modified_time\" content=\"2026-04-02T05:29:56+00:00\" \/>\n<meta property=\"og:image\" content=\"https:\/\/compuviper.mx\/tienda\/wp-content\/uploads\/2023\/12\/Soporte-techo-peeless-plcm-unl-cp-para-monitores-de-32-a-90-con-un-peso-no-mayor-a-68.20-kg.jpg\" \/>\n\t<meta property=\"og:image:width\" content=\"200\" \/>\n\t<meta property=\"og:image:height\" content=\"200\" \/>\n\t<meta property=\"og:image:type\" content=\"image\/jpeg\" \/>\n<meta name=\"twitter:card\" content=\"summary_large_image\" \/>\n<meta name=\"twitter:label1\" content=\"Precio\" \/>\n\t<meta name=\"twitter:data1\" content=\"&#36;5,860 con IVA\" \/>\n\t<meta name=\"twitter:label2\" content=\"Availability\" \/>\n\t<meta name=\"twitter:data2\" content=\"Out of stock\" \/>\n<script type=\"application\/ld+json\" class=\"yoast-schema-graph\">{\"@context\":\"https:\/\/schema.org\",\"@graph\":[{\"@type\":\"WebPage\",\"@id\":\"https:\/\/compuviper.mx\/tienda\/producto\/peerless-av-plcm-unl-cp-soporte-techo-peeless-para-monitores-de-32-a-90-con-un-peso-no-mayor-a-68-20-kg\/\",\"url\":\"https:\/\/compuviper.mx\/tienda\/producto\/peerless-av-plcm-unl-cp-soporte-techo-peeless-para-monitores-de-32-a-90-con-un-peso-no-mayor-a-68-20-kg\/\",\"name\":\"[ Peerless-av ] &#129351; Plcm-unl-cp Soporte Techo Peeless Para Monitores De 32 A 90 Con Un Peso No Mayor A 68.20 Kg\",\"isPartOf\":{\"@id\":\"https:\/\/compuviper.mx\/tienda\/#website\"},\"datePublished\":\"2026-04-02T05:29:55+00:00\",\"dateModified\":\"2026-04-02T05:29:56+00:00\",\"description\":\"Compra Plcm-unl-cp Soporte Techo Peeless Para Monitores De 32 A 90 Con Un Peso No Mayor A 68.20 Kg + Env\u00edo a domicilio + Pago seguro + Garant\u00eda\",\"breadcrumb\":{\"@id\":\"https:\/\/compuviper.mx\/tienda\/producto\/peerless-av-plcm-unl-cp-soporte-techo-peeless-para-monitores-de-32-a-90-con-un-peso-no-mayor-a-68-20-kg\/#breadcrumb\"},\"inLanguage\":\"es-MX\",\"potentialAction\":[{\"@type\":\"ReadAction\",\"target\":[\"https:\/\/compuviper.mx\/tienda\/producto\/peerless-av-plcm-unl-cp-soporte-techo-peeless-para-monitores-de-32-a-90-con-un-peso-no-mayor-a-68-20-kg\/\"]}]},{\"@type\":\"BreadcrumbList\",\"@id\":\"https:\/\/compuviper.mx\/tienda\/producto\/peerless-av-plcm-unl-cp-soporte-techo-peeless-para-monitores-de-32-a-90-con-un-peso-no-mayor-a-68-20-kg\/#breadcrumb\",\"itemListElement\":[{\"@type\":\"ListItem\",\"position\":1,\"name\":\"Inicio\",\"item\":\"https:\/\/compuviper.mx\/tienda\/\"},{\"@type\":\"ListItem\",\"position\":2,\"name\":\"Productos\",\"item\":\"https:\/\/compuviper.mx\/tienda\/productos\/\"},{\"@type\":\"ListItem\",\"position\":3,\"name\":\"Soportes Y Bases P\/tv\/ Proyectores\/dvd\/consolas\/bocinas\/pantallas\/monotores\",\"item\":\"https:\/\/compuviper.mx\/tienda\/categoria-producto\/soportes-y-bases-p-tv-proyectores-dvd-consolas-bocinas-pantallas-monotores\/\"},{\"@type\":\"ListItem\",\"position\":4,\"name\":\"Sin Categor\u00eda\",\"item\":\"https:\/\/compuviper.mx\/tienda\/categoria-producto\/soportes-y-bases-p-tv-proyectores-dvd-consolas-bocinas-pantallas-monotores\/sin-categoria-soportes-y-bases-p-tv-proyectores-dvd-consolas-bocinas-pantallas-monotores\/\"},{\"@type\":\"ListItem\",\"position\":5,\"name\":\"Peerless-av Plcm-unl-cp Soporte Techo Peeless Para Monitores De 32 A 90 Con Un Peso No Mayor A 68.20 Kg\"}]},{\"@type\":\"WebSite\",\"@id\":\"https:\/\/compuviper.mx\/tienda\/#website\",\"url\":\"https:\/\/compuviper.mx\/tienda\/\",\"name\":\"Compuviper\",\"description\":\"Proveedor de Computadoras, Laptops, Servidores, Monitores, Puntos de Venta, Teclados,   Impresoras, T\u00f3ner, C\u00e1maras de Seguridad y m\u00e1s en tu tienda en l\u00ednea\",\"publisher\":{\"@id\":\"https:\/\/compuviper.mx\/tienda\/#organization\"},\"potentialAction\":[{\"@type\":\"SearchAction\",\"target\":{\"@type\":\"EntryPoint\",\"urlTemplate\":\"https:\/\/compuviper.mx\/tienda\/?s={search_term_string}\"},\"query-input\":\"required name=search_term_string\"}],\"inLanguage\":\"es-MX\"},{\"@type\":\"Organization\",\"@id\":\"https:\/\/compuviper.mx\/tienda\/#organization\",\"name\":\"Compuviper\",\"url\":\"https:\/\/compuviper.mx\/tienda\/\",\"logo\":{\"@type\":\"ImageObject\",\"inLanguage\":\"es-MX\",\"@id\":\"https:\/\/compuviper.mx\/tienda\/#\/schema\/logo\/image\/\",\"url\":\"https:\/\/compuviper.mx\/tienda\/wp-content\/uploads\/2021\/08\/Logo-Compuviper-10.png\",\"contentUrl\":\"https:\/\/compuviper.mx\/tienda\/wp-content\/uploads\/2021\/08\/Logo-Compuviper-10.png\",\"width\":1000,\"height\":500,\"caption\":\"Compuviper\"},\"image\":{\"@id\":\"https:\/\/compuviper.mx\/tienda\/#\/schema\/logo\/image\/\"},\"sameAs\":[\"https:\/\/www.facebook.com\/compuviper\",\"https:\/\/www.youtube.com\/channel\/UCf73dERp9Y3cfOq7q8BhLjA?view_as=subscriber\"]}]}<\/script>\n<meta property=\"product:brand\" content=\"PEERLESS-AV\" \/>\n<meta property=\"product:price:amount\" content=\"5860\" \/>\n<meta property=\"product:price:currency\" content=\"MXN\" \/>\n<meta property=\"og:availability\" content=\"out of stock\" \/>\n<meta property=\"product:availability\" content=\"out of stock\" \/>\n<meta property=\"product:retailer_item_id\" content=\"PLCM-UNL-CP\" \/>\n<meta property=\"product:condition\" content=\"new\" \/>\n<!-- \/ Yoast SEO plugin. -->","yoast_head_json":{"title":"[ Peerless-av ] &#129351; Plcm-unl-cp Soporte Techo Peeless Para Monitores De 32 A 90 Con Un Peso No Mayor A 68.20 Kg","description":"Compra Plcm-unl-cp Soporte Techo Peeless Para Monitores De 32 A 90 Con Un Peso No Mayor A 68.20 Kg + Env\u00edo a domicilio + Pago seguro + Garant\u00eda","robots":{"index":"index","follow":"follow","max-snippet":"max-snippet:-1","max-image-preview":"max-image-preview:large","max-video-preview":"max-video-preview:-1"},"canonical":"https:\/\/compuviper.mx\/tienda\/producto\/peerless-av-plcm-unl-cp-soporte-techo-peeless-para-monitores-de-32-a-90-con-un-peso-no-mayor-a-68-20-kg\/","og_locale":"es_MX","og_type":"article","og_title":"[ Peerless-av ] &#129351; Plcm-unl-cp Soporte Techo Peeless Para Monitores De 32 A 90 Con Un Peso No Mayor A 68.20 Kg","og_description":"Compra Plcm-unl-cp Soporte Techo Peeless Para Monitores De 32 A 90 Con Un Peso No Mayor A 68.20 Kg + Env\u00edo a domicilio + Pago seguro + Garant\u00eda","og_url":"https:\/\/compuviper.mx\/tienda\/producto\/peerless-av-plcm-unl-cp-soporte-techo-peeless-para-monitores-de-32-a-90-con-un-peso-no-mayor-a-68-20-kg\/","og_site_name":"Compuviper","article_publisher":"https:\/\/www.facebook.com\/compuviper","article_modified_time":"2026-04-02T05:29:56+00:00","og_image":[{"width":200,"height":200,"url":"https:\/\/compuviper.mx\/tienda\/wp-content\/uploads\/2023\/12\/Soporte-techo-peeless-plcm-unl-cp-para-monitores-de-32-a-90-con-un-peso-no-mayor-a-68.20-kg.jpg","type":"image\/jpeg"}],"twitter_card":"summary_large_image","twitter_misc":{"Precio":"&#36;5,860 con IVA","Availability":"Out of stock"},"schema":{"@context":"https:\/\/schema.org","@graph":[{"@type":"WebPage","@id":"https:\/\/compuviper.mx\/tienda\/producto\/peerless-av-plcm-unl-cp-soporte-techo-peeless-para-monitores-de-32-a-90-con-un-peso-no-mayor-a-68-20-kg\/","url":"https:\/\/compuviper.mx\/tienda\/producto\/peerless-av-plcm-unl-cp-soporte-techo-peeless-para-monitores-de-32-a-90-con-un-peso-no-mayor-a-68-20-kg\/","name":"[ Peerless-av ] &#129351; Plcm-unl-cp Soporte Techo Peeless Para Monitores De 32 A 90 Con Un Peso No Mayor A 68.20 Kg","isPartOf":{"@id":"https:\/\/compuviper.mx\/tienda\/#website"},"datePublished":"2026-04-02T05:29:55+00:00","dateModified":"2026-04-02T05:29:56+00:00","description":"Compra Plcm-unl-cp Soporte Techo Peeless Para Monitores De 32 A 90 Con Un Peso No Mayor A 68.20 Kg + Env\u00edo a domicilio + Pago seguro + Garant\u00eda","breadcrumb":{"@id":"https:\/\/compuviper.mx\/tienda\/producto\/peerless-av-plcm-unl-cp-soporte-techo-peeless-para-monitores-de-32-a-90-con-un-peso-no-mayor-a-68-20-kg\/#breadcrumb"},"inLanguage":"es-MX","potentialAction":[{"@type":"ReadAction","target":["https:\/\/compuviper.mx\/tienda\/producto\/peerless-av-plcm-unl-cp-soporte-techo-peeless-para-monitores-de-32-a-90-con-un-peso-no-mayor-a-68-20-kg\/"]}]},{"@type":"BreadcrumbList","@id":"https:\/\/compuviper.mx\/tienda\/producto\/peerless-av-plcm-unl-cp-soporte-techo-peeless-para-monitores-de-32-a-90-con-un-peso-no-mayor-a-68-20-kg\/#breadcrumb","itemListElement":[{"@type":"ListItem","position":1,"name":"Inicio","item":"https:\/\/compuviper.mx\/tienda\/"},{"@type":"ListItem","position":2,"name":"Productos","item":"https:\/\/compuviper.mx\/tienda\/productos\/"},{"@type":"ListItem","position":3,"name":"Soportes Y Bases P\/tv\/ Proyectores\/dvd\/consolas\/bocinas\/pantallas\/monotores","item":"https:\/\/compuviper.mx\/tienda\/categoria-producto\/soportes-y-bases-p-tv-proyectores-dvd-consolas-bocinas-pantallas-monotores\/"},{"@type":"ListItem","position":4,"name":"Sin Categor\u00eda","item":"https:\/\/compuviper.mx\/tienda\/categoria-producto\/soportes-y-bases-p-tv-proyectores-dvd-consolas-bocinas-pantallas-monotores\/sin-categoria-soportes-y-bases-p-tv-proyectores-dvd-consolas-bocinas-pantallas-monotores\/"},{"@type":"ListItem","position":5,"name":"Peerless-av Plcm-unl-cp Soporte Techo Peeless Para Monitores De 32 A 90 Con Un Peso No Mayor A 68.20 Kg"}]},{"@type":"WebSite","@id":"https:\/\/compuviper.mx\/tienda\/#website","url":"https:\/\/compuviper.mx\/tienda\/","name":"Compuviper","description":"Proveedor de Computadoras, Laptops, Servidores, Monitores, Puntos de Venta, Teclados,   Impresoras, T\u00f3ner, C\u00e1maras de Seguridad y m\u00e1s en tu tienda en l\u00ednea","publisher":{"@id":"https:\/\/compuviper.mx\/tienda\/#organization"},"potentialAction":[{"@type":"SearchAction","target":{"@type":"EntryPoint","urlTemplate":"https:\/\/compuviper.mx\/tienda\/?s={search_term_string}"},"query-input":"required name=search_term_string"}],"inLanguage":"es-MX"},{"@type":"Organization","@id":"https:\/\/compuviper.mx\/tienda\/#organization","name":"Compuviper","url":"https:\/\/compuviper.mx\/tienda\/","logo":{"@type":"ImageObject","inLanguage":"es-MX","@id":"https:\/\/compuviper.mx\/tienda\/#\/schema\/logo\/image\/","url":"https:\/\/compuviper.mx\/tienda\/wp-content\/uploads\/2021\/08\/Logo-Compuviper-10.png","contentUrl":"https:\/\/compuviper.mx\/tienda\/wp-content\/uploads\/2021\/08\/Logo-Compuviper-10.png","width":1000,"height":500,"caption":"Compuviper"},"image":{"@id":"https:\/\/compuviper.mx\/tienda\/#\/schema\/logo\/image\/"},"sameAs":["https:\/\/www.facebook.com\/compuviper","https:\/\/www.youtube.com\/channel\/UCf73dERp9Y3cfOq7q8BhLjA?view_as=subscriber"]}]},"product_brand":"PEERLESS-AV","product_price_amount":"5860","product_price_currency":"MXN","og_availability":"out of stock","product_availability":"out of stock","product_retailer_item_id":"PLCM-UNL-CP","product_condition":"new"},"_links":{"self":[{"href":"https:\/\/compuviper.mx\/tienda\/wp-json\/wp\/v2\/product\/211909"}],"collection":[{"href":"https:\/\/compuviper.mx\/tienda\/wp-json\/wp\/v2\/product"}],"about":[{"href":"https:\/\/compuviper.mx\/tienda\/wp-json\/wp\/v2\/types\/product"}],"replies":[{"embeddable":true,"href":"https:\/\/compuviper.mx\/tienda\/wp-json\/wp\/v2\/comments?post=211909"}],"wp:featuredmedia":[{"embeddable":true,"href":"https:\/\/compuviper.mx\/tienda\/wp-json\/wp\/v2\/media\/211910"}],"wp:attachment":[{"href":"https:\/\/compuviper.mx\/tienda\/wp-json\/wp\/v2\/media?parent=211909"}],"wp:term":[{"taxonomy":"product_cat","embeddable":true,"href":"https:\/\/compuviper.mx\/tienda\/wp-json\/wp\/v2\/product_cat?post=211909"},{"taxonomy":"product_tag","embeddable":true,"href":"https:\/\/compuviper.mx\/tienda\/wp-json\/wp\/v2\/product_tag?post=211909"}],"curies":[{"name":"wp","href":"https:\/\/api.w.org\/{rel}","templated":true}]}}