{"id":211907,"date":"2026-04-01T23:29:55","date_gmt":"2026-04-02T05:29:55","guid":{"rendered":"https:\/\/compuviper.mx\/tienda\/producto\/peerless-av-ds-vw765-lqr-soporte-para-video-wall-peerless-horizontal-para-monitores-de-42-a-65-liberacin-por-presin\/"},"modified":"2026-04-01T23:29:55","modified_gmt":"2026-04-02T05:29:55","slug":"peerless-av-ds-vw765-lqr-soporte-para-video-wall-peerless-horizontal-para-monitores-de-42-a-65-liberacin-por-presin","status":"publish","type":"product","link":"https:\/\/compuviper.mx\/tienda\/producto\/peerless-av-ds-vw765-lqr-soporte-para-video-wall-peerless-horizontal-para-monitores-de-42-a-65-liberacin-por-presin\/","title":{"rendered":"Peerless-av Ds-vw765-lqr Soporte Para Video Wall Peerless  Horizontal Para Monitores De 42 A 65 Liberaci?n Por Presi?n"},"content":{"rendered":"<table class=\"descripcion\">\n<tr>\n<td>Tama\u00f1o de pantalla m\u00ednimo a m\u00e1ximo 46 a 65<\/td>\n<\/tr>\n<tr>\n<td>Patr\u00f3n vesa 200&#215;200 hasta 700&#215;400<\/td>\n<\/tr>\n<tr>\n<td>Capacidad de peso 125 lb (56.8 kg)<\/td>\n<\/tr>\n<tr>\n<td>Color negro<\/td>\n<\/tr>\n<tr>\n<td>Terminar la capa del polvo<\/td>\n<\/tr>\n<tr>\n<td>Distancia desde la pared 3.08 &#8211; 3.83 (78 &#8211; 97 mm)<\/td>\n<\/tr>\n<tr>\n<td>Caracter\u00edsticas de seguridad hardware de seguridad<\/td>\n<\/tr>\n<tr>\n<td>Dimensiones del producto 35.59 x 21.37 x 3.08 &#8211; 3.83 (904 x 543 x 78 &#8211; 97 mm)<\/td>\n<\/tr>\n<tr>\n<td>Peso de env\u00edo 39 libras (17.6 kg)<\/td>\n<\/tr>\n<tr>\n<td>Dimensiones de la nave 23.375 x 4.25 x 37.125 (593.7 x 108.0 x 943.0mm)<\/td>\n<\/tr>\n<tr>\n<td>C\u00f3digo upc 735029300847<\/td>\n<\/tr>\n<\/table>\n","protected":false},"excerpt":{"rendered":"<p>Las paredes de video deben ser f\u00e1ciles de configurar, de instalar r\u00e1pidamente y de mantener. El montaje de pared de video de servicio completo ds-vw765-lqr con una liberaci\u00f3n r\u00e1pida de peerless-av est\u00e1 dise\u00f1ado para el acceso de servicio r\u00e1pido en aplicaciones empotradas de pared de video. Proporciona la versatilidad que exigen los instaladores. Con la funcionalidad de liberaci\u00f3n r\u00e1pida, los usuarios tienen la capacidad de articular la pantalla desde la pared presionando suavemente en la parte frontal de la pantalla. El ds-vw765-lqr tiene una funci\u00f3n de micro ajuste sin necesidad de herramientas y proporciona f\u00e1cil acceso a cualquier pantalla, creando el muro de video ideal. Los espaciadores de placa de pared personalizados eliminan las conjeturas y los c\u00e1lculos y mediciones de instalaci\u00f3n in situ, lo que reduce el tiempo y el costo de instalaci\u00f3n. Este dise\u00f1o innovador, combinado con un montaje listo para instalar, hace de esta la instalaci\u00f3n de video wall m\u00e1s r\u00e1pida.<\/p>\n","protected":false},"featured_media":211908,"comment_status":"open","ping_status":"open","template":"","meta":[],"product_cat":[2321,2265],"product_tag":[1904],"acf":[],"yoast_head":"<!-- This site is optimized with the Yoast SEO plugin v21.7 - https:\/\/yoast.com\/wordpress\/plugins\/seo\/ -->\n<title>[ Peerless-av ] &#129351; Ds-vw765-lqr Soporte Para Video Wall Peerless Horizontal Para Monitores De 42 A 65 Liberaci\u00f3n Por Presi\u00f3n<\/title>\n<meta name=\"description\" content=\"Compra Ds-vw765-lqr Soporte Para Video Wall Peerless Horizontal Para Monitores De 42 A 65 Liberaci\u00f3n Por Presi\u00f3n + Env\u00edo a domicilio + Pago seguro + Garant\u00eda\" \/>\n<meta name=\"robots\" content=\"index, follow, max-snippet:-1, max-image-preview:large, max-video-preview:-1\" \/>\n<link rel=\"canonical\" href=\"https:\/\/compuviper.mx\/tienda\/producto\/peerless-av-ds-vw765-lqr-soporte-para-video-wall-peerless-horizontal-para-monitores-de-42-a-65-liberacin-por-presin\/\" \/>\n<meta property=\"og:locale\" content=\"es_MX\" \/>\n<meta property=\"og:type\" content=\"article\" \/>\n<meta property=\"og:title\" content=\"[ Peerless-av ] &#129351; Ds-vw765-lqr Soporte Para Video Wall Peerless Horizontal Para Monitores De 42 A 65 Liberaci\u00f3n Por Presi\u00f3n\" \/>\n<meta property=\"og:description\" content=\"Compra Ds-vw765-lqr Soporte Para Video Wall Peerless Horizontal Para Monitores De 42 A 65 Liberaci\u00f3n Por Presi\u00f3n + Env\u00edo a domicilio + Pago seguro + Garant\u00eda\" \/>\n<meta property=\"og:url\" content=\"https:\/\/compuviper.mx\/tienda\/producto\/peerless-av-ds-vw765-lqr-soporte-para-video-wall-peerless-horizontal-para-monitores-de-42-a-65-liberacin-por-presin\/\" \/>\n<meta property=\"og:site_name\" content=\"Compuviper\" \/>\n<meta property=\"article:publisher\" content=\"https:\/\/www.facebook.com\/compuviper\" \/>\n<meta property=\"og:image\" content=\"https:\/\/compuviper.mx\/tienda\/wp-content\/uploads\/2023\/12\/Soporte-para-video-wall-peerless-ds-vw765-lqr-horizontal-para-monitores-de-42-a-65-liberacion-por-presion.jpg\" \/>\n\t<meta property=\"og:image:width\" content=\"200\" \/>\n\t<meta property=\"og:image:height\" content=\"200\" \/>\n\t<meta property=\"og:image:type\" content=\"image\/jpeg\" \/>\n<meta name=\"twitter:card\" content=\"summary_large_image\" \/>\n<meta name=\"twitter:label1\" content=\"Precio\" \/>\n\t<meta name=\"twitter:data1\" content=\"&#36;9,029 con IVA\" \/>\n\t<meta name=\"twitter:label2\" content=\"Availability\" \/>\n\t<meta name=\"twitter:data2\" content=\"On backorder\" \/>\n<script type=\"application\/ld+json\" class=\"yoast-schema-graph\">{\"@context\":\"https:\/\/schema.org\",\"@graph\":[{\"@type\":\"WebPage\",\"@id\":\"https:\/\/compuviper.mx\/tienda\/producto\/peerless-av-ds-vw765-lqr-soporte-para-video-wall-peerless-horizontal-para-monitores-de-42-a-65-liberacin-por-presin\/\",\"url\":\"https:\/\/compuviper.mx\/tienda\/producto\/peerless-av-ds-vw765-lqr-soporte-para-video-wall-peerless-horizontal-para-monitores-de-42-a-65-liberacin-por-presin\/\",\"name\":\"[ Peerless-av ] &#129351; Ds-vw765-lqr Soporte Para Video Wall Peerless Horizontal Para Monitores De 42 A 65 Liberaci\u00f3n Por Presi\u00f3n\",\"isPartOf\":{\"@id\":\"https:\/\/compuviper.mx\/tienda\/#website\"},\"datePublished\":\"2026-04-02T05:29:55+00:00\",\"dateModified\":\"2026-04-02T05:29:55+00:00\",\"description\":\"Compra Ds-vw765-lqr Soporte Para Video Wall Peerless Horizontal Para Monitores De 42 A 65 Liberaci\u00f3n Por Presi\u00f3n + Env\u00edo a domicilio + Pago seguro + Garant\u00eda\",\"breadcrumb\":{\"@id\":\"https:\/\/compuviper.mx\/tienda\/producto\/peerless-av-ds-vw765-lqr-soporte-para-video-wall-peerless-horizontal-para-monitores-de-42-a-65-liberacin-por-presin\/#breadcrumb\"},\"inLanguage\":\"es-MX\",\"potentialAction\":[{\"@type\":\"ReadAction\",\"target\":[\"https:\/\/compuviper.mx\/tienda\/producto\/peerless-av-ds-vw765-lqr-soporte-para-video-wall-peerless-horizontal-para-monitores-de-42-a-65-liberacin-por-presin\/\"]}]},{\"@type\":\"BreadcrumbList\",\"@id\":\"https:\/\/compuviper.mx\/tienda\/producto\/peerless-av-ds-vw765-lqr-soporte-para-video-wall-peerless-horizontal-para-monitores-de-42-a-65-liberacin-por-presin\/#breadcrumb\",\"itemListElement\":[{\"@type\":\"ListItem\",\"position\":1,\"name\":\"Inicio\",\"item\":\"https:\/\/compuviper.mx\/tienda\/\"},{\"@type\":\"ListItem\",\"position\":2,\"name\":\"Productos\",\"item\":\"https:\/\/compuviper.mx\/tienda\/productos\/\"},{\"@type\":\"ListItem\",\"position\":3,\"name\":\"Soportes Y Bases P\/tv\/ Proyectores\/dvd\/consolas\/bocinas\/pantallas\/monotores\",\"item\":\"https:\/\/compuviper.mx\/tienda\/categoria-producto\/soportes-y-bases-p-tv-proyectores-dvd-consolas-bocinas-pantallas-monotores\/\"},{\"@type\":\"ListItem\",\"position\":4,\"name\":\"Soporte Y Base Para Tv\/pantallas\/monitores\/kiosko\",\"item\":\"https:\/\/compuviper.mx\/tienda\/categoria-producto\/soportes-y-bases-p-tv-proyectores-dvd-consolas-bocinas-pantallas-monotores\/soporte-y-base-para-tv-pantallas-monitores-kiosko\/\"},{\"@type\":\"ListItem\",\"position\":5,\"name\":\"Peerless-av Ds-vw765-lqr Soporte Para Video Wall Peerless Horizontal Para Monitores De 42 A 65 Liberaci?n Por Presi?n\"}]},{\"@type\":\"WebSite\",\"@id\":\"https:\/\/compuviper.mx\/tienda\/#website\",\"url\":\"https:\/\/compuviper.mx\/tienda\/\",\"name\":\"Compuviper\",\"description\":\"Proveedor de Computadoras, Laptops, Servidores, Monitores, Puntos de Venta, Teclados,   Impresoras, T\u00f3ner, C\u00e1maras de Seguridad y m\u00e1s en tu tienda en l\u00ednea\",\"publisher\":{\"@id\":\"https:\/\/compuviper.mx\/tienda\/#organization\"},\"potentialAction\":[{\"@type\":\"SearchAction\",\"target\":{\"@type\":\"EntryPoint\",\"urlTemplate\":\"https:\/\/compuviper.mx\/tienda\/?s={search_term_string}\"},\"query-input\":\"required name=search_term_string\"}],\"inLanguage\":\"es-MX\"},{\"@type\":\"Organization\",\"@id\":\"https:\/\/compuviper.mx\/tienda\/#organization\",\"name\":\"Compuviper\",\"url\":\"https:\/\/compuviper.mx\/tienda\/\",\"logo\":{\"@type\":\"ImageObject\",\"inLanguage\":\"es-MX\",\"@id\":\"https:\/\/compuviper.mx\/tienda\/#\/schema\/logo\/image\/\",\"url\":\"https:\/\/compuviper.mx\/tienda\/wp-content\/uploads\/2021\/08\/Logo-Compuviper-10.png\",\"contentUrl\":\"https:\/\/compuviper.mx\/tienda\/wp-content\/uploads\/2021\/08\/Logo-Compuviper-10.png\",\"width\":1000,\"height\":500,\"caption\":\"Compuviper\"},\"image\":{\"@id\":\"https:\/\/compuviper.mx\/tienda\/#\/schema\/logo\/image\/\"},\"sameAs\":[\"https:\/\/www.facebook.com\/compuviper\",\"https:\/\/www.youtube.com\/channel\/UCf73dERp9Y3cfOq7q8BhLjA?view_as=subscriber\"]}]}<\/script>\n<meta property=\"product:brand\" content=\"PEERLESS-AV\" \/>\n<meta property=\"product:price:amount\" content=\"9029\" \/>\n<meta property=\"product:price:currency\" content=\"MXN\" \/>\n<meta property=\"og:availability\" content=\"backorder\" \/>\n<meta property=\"product:availability\" content=\"available for order\" \/>\n<meta property=\"product:retailer_item_id\" content=\"DS-VW765-LQR\" \/>\n<meta property=\"product:condition\" content=\"new\" \/>\n<!-- \/ Yoast SEO plugin. -->","yoast_head_json":{"title":"[ Peerless-av ] &#129351; Ds-vw765-lqr Soporte Para Video Wall Peerless Horizontal Para Monitores De 42 A 65 Liberaci\u00f3n Por Presi\u00f3n","description":"Compra Ds-vw765-lqr Soporte Para Video Wall Peerless Horizontal Para Monitores De 42 A 65 Liberaci\u00f3n Por Presi\u00f3n + Env\u00edo a domicilio + Pago seguro + Garant\u00eda","robots":{"index":"index","follow":"follow","max-snippet":"max-snippet:-1","max-image-preview":"max-image-preview:large","max-video-preview":"max-video-preview:-1"},"canonical":"https:\/\/compuviper.mx\/tienda\/producto\/peerless-av-ds-vw765-lqr-soporte-para-video-wall-peerless-horizontal-para-monitores-de-42-a-65-liberacin-por-presin\/","og_locale":"es_MX","og_type":"article","og_title":"[ Peerless-av ] &#129351; Ds-vw765-lqr Soporte Para Video Wall Peerless Horizontal Para Monitores De 42 A 65 Liberaci\u00f3n Por Presi\u00f3n","og_description":"Compra Ds-vw765-lqr Soporte Para Video Wall Peerless Horizontal Para Monitores De 42 A 65 Liberaci\u00f3n Por Presi\u00f3n + Env\u00edo a domicilio + Pago seguro + Garant\u00eda","og_url":"https:\/\/compuviper.mx\/tienda\/producto\/peerless-av-ds-vw765-lqr-soporte-para-video-wall-peerless-horizontal-para-monitores-de-42-a-65-liberacin-por-presin\/","og_site_name":"Compuviper","article_publisher":"https:\/\/www.facebook.com\/compuviper","og_image":[{"width":200,"height":200,"url":"https:\/\/compuviper.mx\/tienda\/wp-content\/uploads\/2023\/12\/Soporte-para-video-wall-peerless-ds-vw765-lqr-horizontal-para-monitores-de-42-a-65-liberacion-por-presion.jpg","type":"image\/jpeg"}],"twitter_card":"summary_large_image","twitter_misc":{"Precio":"&#36;9,029 con IVA","Availability":"On backorder"},"schema":{"@context":"https:\/\/schema.org","@graph":[{"@type":"WebPage","@id":"https:\/\/compuviper.mx\/tienda\/producto\/peerless-av-ds-vw765-lqr-soporte-para-video-wall-peerless-horizontal-para-monitores-de-42-a-65-liberacin-por-presin\/","url":"https:\/\/compuviper.mx\/tienda\/producto\/peerless-av-ds-vw765-lqr-soporte-para-video-wall-peerless-horizontal-para-monitores-de-42-a-65-liberacin-por-presin\/","name":"[ Peerless-av ] &#129351; Ds-vw765-lqr Soporte Para Video Wall Peerless Horizontal Para Monitores De 42 A 65 Liberaci\u00f3n Por Presi\u00f3n","isPartOf":{"@id":"https:\/\/compuviper.mx\/tienda\/#website"},"datePublished":"2026-04-02T05:29:55+00:00","dateModified":"2026-04-02T05:29:55+00:00","description":"Compra Ds-vw765-lqr Soporte Para Video Wall Peerless Horizontal Para Monitores De 42 A 65 Liberaci\u00f3n Por Presi\u00f3n + Env\u00edo a domicilio + Pago seguro + Garant\u00eda","breadcrumb":{"@id":"https:\/\/compuviper.mx\/tienda\/producto\/peerless-av-ds-vw765-lqr-soporte-para-video-wall-peerless-horizontal-para-monitores-de-42-a-65-liberacin-por-presin\/#breadcrumb"},"inLanguage":"es-MX","potentialAction":[{"@type":"ReadAction","target":["https:\/\/compuviper.mx\/tienda\/producto\/peerless-av-ds-vw765-lqr-soporte-para-video-wall-peerless-horizontal-para-monitores-de-42-a-65-liberacin-por-presin\/"]}]},{"@type":"BreadcrumbList","@id":"https:\/\/compuviper.mx\/tienda\/producto\/peerless-av-ds-vw765-lqr-soporte-para-video-wall-peerless-horizontal-para-monitores-de-42-a-65-liberacin-por-presin\/#breadcrumb","itemListElement":[{"@type":"ListItem","position":1,"name":"Inicio","item":"https:\/\/compuviper.mx\/tienda\/"},{"@type":"ListItem","position":2,"name":"Productos","item":"https:\/\/compuviper.mx\/tienda\/productos\/"},{"@type":"ListItem","position":3,"name":"Soportes Y Bases P\/tv\/ Proyectores\/dvd\/consolas\/bocinas\/pantallas\/monotores","item":"https:\/\/compuviper.mx\/tienda\/categoria-producto\/soportes-y-bases-p-tv-proyectores-dvd-consolas-bocinas-pantallas-monotores\/"},{"@type":"ListItem","position":4,"name":"Soporte Y Base Para Tv\/pantallas\/monitores\/kiosko","item":"https:\/\/compuviper.mx\/tienda\/categoria-producto\/soportes-y-bases-p-tv-proyectores-dvd-consolas-bocinas-pantallas-monotores\/soporte-y-base-para-tv-pantallas-monitores-kiosko\/"},{"@type":"ListItem","position":5,"name":"Peerless-av Ds-vw765-lqr Soporte Para Video Wall Peerless Horizontal Para Monitores De 42 A 65 Liberaci?n Por Presi?n"}]},{"@type":"WebSite","@id":"https:\/\/compuviper.mx\/tienda\/#website","url":"https:\/\/compuviper.mx\/tienda\/","name":"Compuviper","description":"Proveedor de Computadoras, Laptops, Servidores, Monitores, Puntos de Venta, Teclados,   Impresoras, T\u00f3ner, C\u00e1maras de Seguridad y m\u00e1s en tu tienda en l\u00ednea","publisher":{"@id":"https:\/\/compuviper.mx\/tienda\/#organization"},"potentialAction":[{"@type":"SearchAction","target":{"@type":"EntryPoint","urlTemplate":"https:\/\/compuviper.mx\/tienda\/?s={search_term_string}"},"query-input":"required name=search_term_string"}],"inLanguage":"es-MX"},{"@type":"Organization","@id":"https:\/\/compuviper.mx\/tienda\/#organization","name":"Compuviper","url":"https:\/\/compuviper.mx\/tienda\/","logo":{"@type":"ImageObject","inLanguage":"es-MX","@id":"https:\/\/compuviper.mx\/tienda\/#\/schema\/logo\/image\/","url":"https:\/\/compuviper.mx\/tienda\/wp-content\/uploads\/2021\/08\/Logo-Compuviper-10.png","contentUrl":"https:\/\/compuviper.mx\/tienda\/wp-content\/uploads\/2021\/08\/Logo-Compuviper-10.png","width":1000,"height":500,"caption":"Compuviper"},"image":{"@id":"https:\/\/compuviper.mx\/tienda\/#\/schema\/logo\/image\/"},"sameAs":["https:\/\/www.facebook.com\/compuviper","https:\/\/www.youtube.com\/channel\/UCf73dERp9Y3cfOq7q8BhLjA?view_as=subscriber"]}]},"product_brand":"PEERLESS-AV","product_price_amount":"9029","product_price_currency":"MXN","og_availability":"backorder","product_availability":"available for order","product_retailer_item_id":"DS-VW765-LQR","product_condition":"new"},"_links":{"self":[{"href":"https:\/\/compuviper.mx\/tienda\/wp-json\/wp\/v2\/product\/211907"}],"collection":[{"href":"https:\/\/compuviper.mx\/tienda\/wp-json\/wp\/v2\/product"}],"about":[{"href":"https:\/\/compuviper.mx\/tienda\/wp-json\/wp\/v2\/types\/product"}],"replies":[{"embeddable":true,"href":"https:\/\/compuviper.mx\/tienda\/wp-json\/wp\/v2\/comments?post=211907"}],"wp:featuredmedia":[{"embeddable":true,"href":"https:\/\/compuviper.mx\/tienda\/wp-json\/wp\/v2\/media\/211908"}],"wp:attachment":[{"href":"https:\/\/compuviper.mx\/tienda\/wp-json\/wp\/v2\/media?parent=211907"}],"wp:term":[{"taxonomy":"product_cat","embeddable":true,"href":"https:\/\/compuviper.mx\/tienda\/wp-json\/wp\/v2\/product_cat?post=211907"},{"taxonomy":"product_tag","embeddable":true,"href":"https:\/\/compuviper.mx\/tienda\/wp-json\/wp\/v2\/product_tag?post=211907"}],"curies":[{"name":"wp","href":"https:\/\/api.w.org\/{rel}","templated":true}]}}