{"id":211903,"date":"2026-04-21T23:27:50","date_gmt":"2026-04-22T05:27:50","guid":{"rendered":"https:\/\/compuviper.mx\/tienda\/producto\/tripp-lite-2-9ustand-juego-de-soporte-tripp-lite-para-instalaciones-en-torre-tripp-lite-permiten-la-colocacion-de-hasta-dos-sistemas-de-ups-para-rack-a-torre\/"},"modified":"2026-04-21T23:27:51","modified_gmt":"2026-04-22T05:27:51","slug":"tripp-lite-2-9ustand-juego-de-soporte-tripp-lite-para-instalaciones-en-torre-tripp-lite-permiten-la-colocacion-de-hasta-dos-sistemas-de-ups-para-rack-a-torre","status":"publish","type":"product","link":"https:\/\/compuviper.mx\/tienda\/producto\/tripp-lite-2-9ustand-juego-de-soporte-tripp-lite-para-instalaciones-en-torre-tripp-lite-permiten-la-colocacion-de-hasta-dos-sistemas-de-ups-para-rack-a-torre\/","title":{"rendered":"Tripp-lite 2-9ustand Juego De Soporte Tripp Lite   Para Instalaciones En Torre  Tripp Lite   Permiten La Colocacion De Hasta Dos Sistemas De Ups Para Rack A Torre"},"content":{"rendered":"<table class=\"descripcion\">\n<tr>\n<td>\u0095 soporta sistemas de ups para rack\/torre de tripp lite en formato de torre vertical que ahorra espacio.<\/td>\n<\/tr>\n<tr>\n<td>\u0095 anchos ampliables de 2u a 9u para soportar m\u00faltiples carcasas para montar en rack.<\/td>\n<\/tr>\n<tr>\n<td>\u0095 ampliable de 10u a 15u con la compra de un segundo accesorio 2-9ustand.<\/td>\n<\/tr>\n<tr>\n<td>\u0095 compatible todos los sistemas de ups para rack\/torre de tripp lite que especifican el uso de este accesorio.<\/td>\n<\/tr>\n<tr>\n<td>Especificaciones<\/td>\n<\/tr>\n<tr>\n<td>Generalidades<\/td>\n<\/tr>\n<tr>\n<td>C\u00f3digo upc 037332120786<\/td>\n<\/tr>\n<tr>\n<td>F\u00edsicas<\/td>\n<\/tr>\n<tr>\n<td>Material de construcci\u00f3n pl\u00e1stico<\/td>\n<\/tr>\n<tr>\n<td>Dimensiones de envi\u00f3 (al x an x pr \/ cm) 11.18 x 20.57 x 27.18<\/td>\n<\/tr>\n<tr>\n<td>Peso de env\u00edo (kg) 0.90<\/td>\n<\/tr>\n<tr>\n<td>Dimensiones de la unidad (al x an x pr \/ cm) 12,1 x 7 x 26,7<\/td>\n<\/tr>\n<tr>\n<td>Peso de la unidad (kg) 0.54<\/td>\n<\/tr>\n<tr>\n<td>Garantia<\/td>\n<\/tr>\n<tr>\n<td>Periodo de garant\u00eda del producto (a nivel mundial) garant\u00eda limitada por 2 a\u00f1os<\/td>\n<\/tr>\n<\/table>\n","protected":false},"excerpt":{"rendered":"<p>El accesorio para kit de torre 2-9ustand de tripp lite ofrece un m\u00e9todo conveniente para instalar sistemas de ups para rack\/torre de tripp lite en una peque\u00f1a configuraci\u00f3n en torre. Par de soportes para torre ajustables que soportan en forma segura ups en un solo rack o m\u00faltiples racks, m\u00f3dulos de bater\u00eda y otros accesorios con tama\u00f1os de 2u a 9u. Se ampl\u00eda de 10u a 14u con la compra de un conjunto adicional de 2-9ustands. Compatible con modelos de ups para rack\/torre smartonline y smartpro de tripp lite que especifican el uso de este accesorio.<\/p>\n","protected":false},"featured_media":211904,"comment_status":"open","ping_status":"open","template":"","meta":[],"product_cat":[2214,1485],"product_tag":[1510],"acf":[],"yoast_head":"<!-- This site is optimized with the Yoast SEO plugin v21.7 - https:\/\/yoast.com\/wordpress\/plugins\/seo\/ -->\n<title>[ Tripp-lite ] &#129351; 2-9ustand Juego De Soporte Tripp Lite Para Instalaciones En Torre Tripp Lite Permiten La Colocacion De Hasta Dos Sistemas De Ups Para Rack A Torre<\/title>\n<meta name=\"description\" content=\"Compra 2-9ustand Juego De Soporte Tripp Lite Para Instalaciones En Torre Tripp Lite Permiten La Colocacion De Hasta Dos Sistemas De Ups Para Rack A Torre + Env\u00edo a domicilio + Pago seguro + Garant\u00eda\" \/>\n<meta name=\"robots\" content=\"index, follow, max-snippet:-1, max-image-preview:large, max-video-preview:-1\" \/>\n<link rel=\"canonical\" href=\"https:\/\/compuviper.mx\/tienda\/producto\/tripp-lite-2-9ustand-juego-de-soporte-tripp-lite-para-instalaciones-en-torre-tripp-lite-permiten-la-colocacion-de-hasta-dos-sistemas-de-ups-para-rack-a-torre\/\" \/>\n<meta property=\"og:locale\" content=\"es_MX\" \/>\n<meta property=\"og:type\" content=\"article\" \/>\n<meta property=\"og:title\" content=\"[ Tripp-lite ] &#129351; 2-9ustand Juego De Soporte Tripp Lite Para Instalaciones En Torre Tripp Lite Permiten La Colocacion De Hasta Dos Sistemas De Ups Para Rack A Torre\" \/>\n<meta property=\"og:description\" content=\"Compra 2-9ustand Juego De Soporte Tripp Lite Para Instalaciones En Torre Tripp Lite Permiten La Colocacion De Hasta Dos Sistemas De Ups Para Rack A Torre + Env\u00edo a domicilio + Pago seguro + Garant\u00eda\" \/>\n<meta property=\"og:url\" content=\"https:\/\/compuviper.mx\/tienda\/producto\/tripp-lite-2-9ustand-juego-de-soporte-tripp-lite-para-instalaciones-en-torre-tripp-lite-permiten-la-colocacion-de-hasta-dos-sistemas-de-ups-para-rack-a-torre\/\" \/>\n<meta property=\"og:site_name\" content=\"Compuviper\" \/>\n<meta property=\"article:publisher\" content=\"https:\/\/www.facebook.com\/compuviper\" \/>\n<meta property=\"article:modified_time\" content=\"2026-04-22T05:27:51+00:00\" \/>\n<meta property=\"og:image\" content=\"https:\/\/compuviper.mx\/tienda\/wp-content\/uploads\/2023\/12\/Juego-de-soporte-tripp-lite-2-9ustand-para-instalaciones-en-torre-tripp-lite-2-9ustand-permiten-la-colocacion-de-hasta-dos-sistemas-de-ups-para-rack-a-torre.jpg\" \/>\n\t<meta property=\"og:image:width\" content=\"200\" \/>\n\t<meta property=\"og:image:height\" content=\"200\" \/>\n\t<meta property=\"og:image:type\" content=\"image\/jpeg\" \/>\n<meta name=\"twitter:card\" content=\"summary_large_image\" \/>\n<meta name=\"twitter:label1\" content=\"Precio\" \/>\n\t<meta name=\"twitter:data1\" content=\"&#36;613 con IVA\" \/>\n\t<meta name=\"twitter:label2\" content=\"Availability\" \/>\n\t<meta name=\"twitter:data2\" content=\"On backorder\" \/>\n<script type=\"application\/ld+json\" class=\"yoast-schema-graph\">{\"@context\":\"https:\/\/schema.org\",\"@graph\":[{\"@type\":\"WebPage\",\"@id\":\"https:\/\/compuviper.mx\/tienda\/producto\/tripp-lite-2-9ustand-juego-de-soporte-tripp-lite-para-instalaciones-en-torre-tripp-lite-permiten-la-colocacion-de-hasta-dos-sistemas-de-ups-para-rack-a-torre\/\",\"url\":\"https:\/\/compuviper.mx\/tienda\/producto\/tripp-lite-2-9ustand-juego-de-soporte-tripp-lite-para-instalaciones-en-torre-tripp-lite-permiten-la-colocacion-de-hasta-dos-sistemas-de-ups-para-rack-a-torre\/\",\"name\":\"[ Tripp-lite ] &#129351; 2-9ustand Juego De Soporte Tripp Lite Para Instalaciones En Torre Tripp Lite Permiten La Colocacion De Hasta Dos Sistemas De Ups Para Rack A Torre\",\"isPartOf\":{\"@id\":\"https:\/\/compuviper.mx\/tienda\/#website\"},\"datePublished\":\"2026-04-22T05:27:50+00:00\",\"dateModified\":\"2026-04-22T05:27:51+00:00\",\"description\":\"Compra 2-9ustand Juego De Soporte Tripp Lite Para Instalaciones En Torre Tripp Lite Permiten La Colocacion De Hasta Dos Sistemas De Ups Para Rack A Torre + Env\u00edo a domicilio + Pago seguro + Garant\u00eda\",\"breadcrumb\":{\"@id\":\"https:\/\/compuviper.mx\/tienda\/producto\/tripp-lite-2-9ustand-juego-de-soporte-tripp-lite-para-instalaciones-en-torre-tripp-lite-permiten-la-colocacion-de-hasta-dos-sistemas-de-ups-para-rack-a-torre\/#breadcrumb\"},\"inLanguage\":\"es-MX\",\"potentialAction\":[{\"@type\":\"ReadAction\",\"target\":[\"https:\/\/compuviper.mx\/tienda\/producto\/tripp-lite-2-9ustand-juego-de-soporte-tripp-lite-para-instalaciones-en-torre-tripp-lite-permiten-la-colocacion-de-hasta-dos-sistemas-de-ups-para-rack-a-torre\/\"]}]},{\"@type\":\"BreadcrumbList\",\"@id\":\"https:\/\/compuviper.mx\/tienda\/producto\/tripp-lite-2-9ustand-juego-de-soporte-tripp-lite-para-instalaciones-en-torre-tripp-lite-permiten-la-colocacion-de-hasta-dos-sistemas-de-ups-para-rack-a-torre\/#breadcrumb\",\"itemListElement\":[{\"@type\":\"ListItem\",\"position\":1,\"name\":\"Inicio\",\"item\":\"https:\/\/compuviper.mx\/tienda\/\"},{\"@type\":\"ListItem\",\"position\":2,\"name\":\"Productos\",\"item\":\"https:\/\/compuviper.mx\/tienda\/productos\/\"},{\"@type\":\"ListItem\",\"position\":3,\"name\":\"Accesorios\",\"item\":\"https:\/\/compuviper.mx\/tienda\/categoria-producto\/accesorios\/\"},{\"@type\":\"ListItem\",\"position\":4,\"name\":\"Nobreak\",\"item\":\"https:\/\/compuviper.mx\/tienda\/categoria-producto\/accesorios\/nobreak\/\"},{\"@type\":\"ListItem\",\"position\":5,\"name\":\"Tripp-lite 2-9ustand Juego De Soporte Tripp Lite Para Instalaciones En Torre Tripp Lite Permiten La Colocacion De Hasta Dos Sistemas De Ups Para Rack A Torre\"}]},{\"@type\":\"WebSite\",\"@id\":\"https:\/\/compuviper.mx\/tienda\/#website\",\"url\":\"https:\/\/compuviper.mx\/tienda\/\",\"name\":\"Compuviper\",\"description\":\"Proveedor de Computadoras, Laptops, Servidores, Monitores, Puntos de Venta, Teclados,   Impresoras, T\u00f3ner, C\u00e1maras de Seguridad y m\u00e1s en tu tienda en l\u00ednea\",\"publisher\":{\"@id\":\"https:\/\/compuviper.mx\/tienda\/#organization\"},\"potentialAction\":[{\"@type\":\"SearchAction\",\"target\":{\"@type\":\"EntryPoint\",\"urlTemplate\":\"https:\/\/compuviper.mx\/tienda\/?s={search_term_string}\"},\"query-input\":\"required name=search_term_string\"}],\"inLanguage\":\"es-MX\"},{\"@type\":\"Organization\",\"@id\":\"https:\/\/compuviper.mx\/tienda\/#organization\",\"name\":\"Compuviper\",\"url\":\"https:\/\/compuviper.mx\/tienda\/\",\"logo\":{\"@type\":\"ImageObject\",\"inLanguage\":\"es-MX\",\"@id\":\"https:\/\/compuviper.mx\/tienda\/#\/schema\/logo\/image\/\",\"url\":\"https:\/\/compuviper.mx\/tienda\/wp-content\/uploads\/2021\/08\/Logo-Compuviper-10.png\",\"contentUrl\":\"https:\/\/compuviper.mx\/tienda\/wp-content\/uploads\/2021\/08\/Logo-Compuviper-10.png\",\"width\":1000,\"height\":500,\"caption\":\"Compuviper\"},\"image\":{\"@id\":\"https:\/\/compuviper.mx\/tienda\/#\/schema\/logo\/image\/\"},\"sameAs\":[\"https:\/\/www.facebook.com\/compuviper\",\"https:\/\/www.youtube.com\/channel\/UCf73dERp9Y3cfOq7q8BhLjA?view_as=subscriber\"]}]}<\/script>\n<meta property=\"product:brand\" content=\"TRIPP-LITE\" \/>\n<meta property=\"product:price:amount\" content=\"613\" \/>\n<meta property=\"product:price:currency\" content=\"MXN\" \/>\n<meta property=\"og:availability\" content=\"backorder\" \/>\n<meta property=\"product:availability\" content=\"available for order\" \/>\n<meta property=\"product:retailer_item_id\" content=\"2-9USTAND\" \/>\n<meta property=\"product:condition\" content=\"new\" \/>\n<!-- \/ Yoast SEO plugin. -->","yoast_head_json":{"title":"[ Tripp-lite ] &#129351; 2-9ustand Juego De Soporte Tripp Lite Para Instalaciones En Torre Tripp Lite Permiten La Colocacion De Hasta Dos Sistemas De Ups Para Rack A Torre","description":"Compra 2-9ustand Juego De Soporte Tripp Lite Para Instalaciones En Torre Tripp Lite Permiten La Colocacion De Hasta Dos Sistemas De Ups Para Rack A Torre + Env\u00edo a domicilio + Pago seguro + Garant\u00eda","robots":{"index":"index","follow":"follow","max-snippet":"max-snippet:-1","max-image-preview":"max-image-preview:large","max-video-preview":"max-video-preview:-1"},"canonical":"https:\/\/compuviper.mx\/tienda\/producto\/tripp-lite-2-9ustand-juego-de-soporte-tripp-lite-para-instalaciones-en-torre-tripp-lite-permiten-la-colocacion-de-hasta-dos-sistemas-de-ups-para-rack-a-torre\/","og_locale":"es_MX","og_type":"article","og_title":"[ Tripp-lite ] &#129351; 2-9ustand Juego De Soporte Tripp Lite Para Instalaciones En Torre Tripp Lite Permiten La Colocacion De Hasta Dos Sistemas De Ups Para Rack A Torre","og_description":"Compra 2-9ustand Juego De Soporte Tripp Lite Para Instalaciones En Torre Tripp Lite Permiten La Colocacion De Hasta Dos Sistemas De Ups Para Rack A Torre + Env\u00edo a domicilio + Pago seguro + Garant\u00eda","og_url":"https:\/\/compuviper.mx\/tienda\/producto\/tripp-lite-2-9ustand-juego-de-soporte-tripp-lite-para-instalaciones-en-torre-tripp-lite-permiten-la-colocacion-de-hasta-dos-sistemas-de-ups-para-rack-a-torre\/","og_site_name":"Compuviper","article_publisher":"https:\/\/www.facebook.com\/compuviper","article_modified_time":"2026-04-22T05:27:51+00:00","og_image":[{"width":200,"height":200,"url":"https:\/\/compuviper.mx\/tienda\/wp-content\/uploads\/2023\/12\/Juego-de-soporte-tripp-lite-2-9ustand-para-instalaciones-en-torre-tripp-lite-2-9ustand-permiten-la-colocacion-de-hasta-dos-sistemas-de-ups-para-rack-a-torre.jpg","type":"image\/jpeg"}],"twitter_card":"summary_large_image","twitter_misc":{"Precio":"&#36;613 con IVA","Availability":"On backorder"},"schema":{"@context":"https:\/\/schema.org","@graph":[{"@type":"WebPage","@id":"https:\/\/compuviper.mx\/tienda\/producto\/tripp-lite-2-9ustand-juego-de-soporte-tripp-lite-para-instalaciones-en-torre-tripp-lite-permiten-la-colocacion-de-hasta-dos-sistemas-de-ups-para-rack-a-torre\/","url":"https:\/\/compuviper.mx\/tienda\/producto\/tripp-lite-2-9ustand-juego-de-soporte-tripp-lite-para-instalaciones-en-torre-tripp-lite-permiten-la-colocacion-de-hasta-dos-sistemas-de-ups-para-rack-a-torre\/","name":"[ Tripp-lite ] &#129351; 2-9ustand Juego De Soporte Tripp Lite Para Instalaciones En Torre Tripp Lite Permiten La Colocacion De Hasta Dos Sistemas De Ups Para Rack A Torre","isPartOf":{"@id":"https:\/\/compuviper.mx\/tienda\/#website"},"datePublished":"2026-04-22T05:27:50+00:00","dateModified":"2026-04-22T05:27:51+00:00","description":"Compra 2-9ustand Juego De Soporte Tripp Lite Para Instalaciones En Torre Tripp Lite Permiten La Colocacion De Hasta Dos Sistemas De Ups Para Rack A Torre + Env\u00edo a domicilio + Pago seguro + Garant\u00eda","breadcrumb":{"@id":"https:\/\/compuviper.mx\/tienda\/producto\/tripp-lite-2-9ustand-juego-de-soporte-tripp-lite-para-instalaciones-en-torre-tripp-lite-permiten-la-colocacion-de-hasta-dos-sistemas-de-ups-para-rack-a-torre\/#breadcrumb"},"inLanguage":"es-MX","potentialAction":[{"@type":"ReadAction","target":["https:\/\/compuviper.mx\/tienda\/producto\/tripp-lite-2-9ustand-juego-de-soporte-tripp-lite-para-instalaciones-en-torre-tripp-lite-permiten-la-colocacion-de-hasta-dos-sistemas-de-ups-para-rack-a-torre\/"]}]},{"@type":"BreadcrumbList","@id":"https:\/\/compuviper.mx\/tienda\/producto\/tripp-lite-2-9ustand-juego-de-soporte-tripp-lite-para-instalaciones-en-torre-tripp-lite-permiten-la-colocacion-de-hasta-dos-sistemas-de-ups-para-rack-a-torre\/#breadcrumb","itemListElement":[{"@type":"ListItem","position":1,"name":"Inicio","item":"https:\/\/compuviper.mx\/tienda\/"},{"@type":"ListItem","position":2,"name":"Productos","item":"https:\/\/compuviper.mx\/tienda\/productos\/"},{"@type":"ListItem","position":3,"name":"Accesorios","item":"https:\/\/compuviper.mx\/tienda\/categoria-producto\/accesorios\/"},{"@type":"ListItem","position":4,"name":"Nobreak","item":"https:\/\/compuviper.mx\/tienda\/categoria-producto\/accesorios\/nobreak\/"},{"@type":"ListItem","position":5,"name":"Tripp-lite 2-9ustand Juego De Soporte Tripp Lite Para Instalaciones En Torre Tripp Lite Permiten La Colocacion De Hasta Dos Sistemas De Ups Para Rack A Torre"}]},{"@type":"WebSite","@id":"https:\/\/compuviper.mx\/tienda\/#website","url":"https:\/\/compuviper.mx\/tienda\/","name":"Compuviper","description":"Proveedor de Computadoras, Laptops, Servidores, Monitores, Puntos de Venta, Teclados,   Impresoras, T\u00f3ner, C\u00e1maras de Seguridad y m\u00e1s en tu tienda en l\u00ednea","publisher":{"@id":"https:\/\/compuviper.mx\/tienda\/#organization"},"potentialAction":[{"@type":"SearchAction","target":{"@type":"EntryPoint","urlTemplate":"https:\/\/compuviper.mx\/tienda\/?s={search_term_string}"},"query-input":"required name=search_term_string"}],"inLanguage":"es-MX"},{"@type":"Organization","@id":"https:\/\/compuviper.mx\/tienda\/#organization","name":"Compuviper","url":"https:\/\/compuviper.mx\/tienda\/","logo":{"@type":"ImageObject","inLanguage":"es-MX","@id":"https:\/\/compuviper.mx\/tienda\/#\/schema\/logo\/image\/","url":"https:\/\/compuviper.mx\/tienda\/wp-content\/uploads\/2021\/08\/Logo-Compuviper-10.png","contentUrl":"https:\/\/compuviper.mx\/tienda\/wp-content\/uploads\/2021\/08\/Logo-Compuviper-10.png","width":1000,"height":500,"caption":"Compuviper"},"image":{"@id":"https:\/\/compuviper.mx\/tienda\/#\/schema\/logo\/image\/"},"sameAs":["https:\/\/www.facebook.com\/compuviper","https:\/\/www.youtube.com\/channel\/UCf73dERp9Y3cfOq7q8BhLjA?view_as=subscriber"]}]},"product_brand":"TRIPP-LITE","product_price_amount":"613","product_price_currency":"MXN","og_availability":"backorder","product_availability":"available for order","product_retailer_item_id":"2-9USTAND","product_condition":"new"},"_links":{"self":[{"href":"https:\/\/compuviper.mx\/tienda\/wp-json\/wp\/v2\/product\/211903"}],"collection":[{"href":"https:\/\/compuviper.mx\/tienda\/wp-json\/wp\/v2\/product"}],"about":[{"href":"https:\/\/compuviper.mx\/tienda\/wp-json\/wp\/v2\/types\/product"}],"replies":[{"embeddable":true,"href":"https:\/\/compuviper.mx\/tienda\/wp-json\/wp\/v2\/comments?post=211903"}],"wp:featuredmedia":[{"embeddable":true,"href":"https:\/\/compuviper.mx\/tienda\/wp-json\/wp\/v2\/media\/211904"}],"wp:attachment":[{"href":"https:\/\/compuviper.mx\/tienda\/wp-json\/wp\/v2\/media?parent=211903"}],"wp:term":[{"taxonomy":"product_cat","embeddable":true,"href":"https:\/\/compuviper.mx\/tienda\/wp-json\/wp\/v2\/product_cat?post=211903"},{"taxonomy":"product_tag","embeddable":true,"href":"https:\/\/compuviper.mx\/tienda\/wp-json\/wp\/v2\/product_tag?post=211903"}],"curies":[{"name":"wp","href":"https:\/\/api.w.org\/{rel}","templated":true}]}}