{"id":211891,"date":"2026-04-06T23:30:07","date_gmt":"2026-04-07T05:30:07","guid":{"rendered":"https:\/\/compuviper.mx\/tienda\/producto\/grandstream-gds3705-audio-portero-ip-sip-apertura-por-cdigo-antivandlico-teclado-retro-iluminadolector-rfidmicrofono-y-altavoz-poe-y-apertura-para-dos-puertas\/"},"modified":"2026-04-06T23:30:07","modified_gmt":"2026-04-07T05:30:07","slug":"grandstream-gds3705-audio-portero-ip-sip-apertura-por-codigo-antivandalico-teclado-retro-iluminadolector-rfidmicrofono-y-altavoz-poe-y-apertura-para-dos-puertas","status":"publish","type":"product","link":"https:\/\/compuviper.mx\/tienda\/producto\/grandstream-gds3705-audio-portero-ip-sip-apertura-por-codigo-antivandalico-teclado-retro-iluminadolector-rfidmicrofono-y-altavoz-poe-y-apertura-para-dos-puertas\/","title":{"rendered":"Grandstream Gds3705 Audio Portero Ip  \/ Sip, Apertura Por Codigo, Antivandalico, Teclado Retro-iluminado,lector Rfid,microfono Y Altavoz, Poe Y Apertura Para Dos Puertas"},"content":{"rendered":"<table class=\"descripcion\">\n<tr>\n<td>Red 10m\/100m con detecci\u00f3n autom\u00e1tica<\/td>\n<\/tr>\n<tr>\n<td>Poe poe ieee 802.3af clase 3<\/td>\n<\/tr>\n<tr>\n<td>Voltaje de suministro 12vdc \/1a (adaptador de corriente alterna no incluido)<\/td>\n<\/tr>\n<tr>\n<td>Soporte de sip\/voip s\u00ed, amplia interoperabilidad<\/td>\n<\/tr>\n<tr>\n<td>C\u00f3decs de voz g.711 and #956;\/a, g.722<\/td>\n<\/tr>\n<tr>\n<td>Entrada de audio micr\u00f3fonos duales integrados de hasta 1.5m<\/td>\n<\/tr>\n<tr>\n<td>Salida de audio altavoz hd 2w, hasta 3m<\/td>\n<\/tr>\n<tr>\n<td>Teclado integrado 12+1 teclas met\u00e1licas con luz led de fondo de color azul<\/td>\n<\/tr>\n<tr>\n<td>Rfid em4100 (125khz)<\/td>\n<\/tr>\n<tr>\n<td>Entrada 2 entradas de optoacoplador, vin  15v, para interruptor de puerta\/entrada magn\u00e9tica y de alarma<\/td>\n<\/tr>\n<tr>\n<td>Salida 2 rel\u00e9s, 125vac\/0.5a, 30vdc\/2a, para cerradura el\u00e9ctrica y salida de alarma<\/td>\n<\/tr>\n<tr>\n<td>Wiegand in  and  out wiegand 26<\/td>\n<\/tr>\n<tr>\n<td>Rs485 rs485 (300 metros o 1000 pies)<\/td>\n<\/tr>\n<tr>\n<td>Certificaci\u00f3n de impermeabilidad<\/td>\n<\/tr>\n<tr>\n<td>Ip66 (en60529)<\/td>\n<\/tr>\n<tr>\n<td>A prueba de vandalismo ik09 (iec62262)<\/td>\n<\/tr>\n<tr>\n<td>Gama de temperatura -30\u00b0c a 60\u00b0c<\/td>\n<\/tr>\n<tr>\n<td>Montaje superficie de pared, en la pared<\/td>\n<\/tr>\n<tr>\n<td>Dimensi\u00f3n (altura x ancho x profundidad) y peso<\/td>\n<\/tr>\n<tr>\n<td>En la pared: 217mm x 120mm x 11.6mm<\/td>\n<\/tr>\n<tr>\n<td>Sobre la pared: 173mm x 80mm x 36mm<\/td>\n<\/tr>\n<tr>\n<td>0.635kg<\/td>\n<\/tr>\n<tr>\n<td>Conformidad<\/td>\n<\/tr>\n<tr>\n<td>Fcc: parte 15 subparte b; parte 15c; mpe<\/td>\n<\/tr>\n<tr>\n<td>Ce: en55032 clase b; en61000-3-2; en50130; en60950-1; en300330<\/td>\n<\/tr>\n<tr>\n<td>Rcm: as\/nzs cispr32; as\/nzs4268; as\/nz60950<\/td>\n<\/tr>\n<tr>\n<td>Ic: ices-003; rss310<\/td>\n<\/tr>\n<\/table>\n","protected":false},"excerpt":{"rendered":"<p>El gds3705 se dise\u00f1\u00f3 para usuarios que buscan una soluci\u00f3n s\u00f3lida de control de acceso a instalaciones s\u00f3lo con audio y de monitoreo de seguridad que pueda implementarse en ambientes de cualquier tama\u00f1o. Este sistema de intercomunicador (cit\u00f3fono) incluye micr\u00f3fonos duales y altavoz hd con aec de tecnolog\u00eda avanzada para ofrecer la funci\u00f3n de intercomunicaci\u00f3n, puede soportar llamadas sip a tel\u00e9fonos ip y tiene un lector de tarjeta de proximidad rfid integrado y teclado para acceso seguro con o sin clave. El gds3705 viene equipado con una carcasa met\u00e1lica con aleaci\u00f3n de zinc, haci\u00e9ndolo impermeable y a prueba de vandalismo y ofrece soporte de entrada y salida de alarma para integraci\u00f3n con dispositivos de seguridad existentes. El gds3705 se integra con el software gratuito de gesti\u00f3n de servicios de grandstream, el gds manager, permitiendo que la informaci\u00f3n de la tarjeta rfid, as\u00ed como el dispositivo sean totalmente gestionados por este software. Gracias a su integraci\u00f3n con otros dispositivos grandstream como los tel\u00e9fonos ip y la aplicaci\u00f3n m\u00f3vil gs wave, el gds3705 ofrece una soluci\u00f3n continua completa para control de acceso, intercomunicaci\u00f3n y necesidades de seguridad.<\/p>\n","protected":false},"featured_media":211892,"comment_status":"open","ping_status":"open","template":"","meta":[],"product_cat":[1485,1521],"product_tag":[1576],"acf":[],"yoast_head":"<!-- This site is optimized with the Yoast SEO plugin v21.7 - https:\/\/yoast.com\/wordpress\/plugins\/seo\/ -->\n<title>[ Grandstream ] &#129351; Gds3705 Audio Portero Ip \/ Sip, Apertura Por Codigo, Antivandalico, Teclado Retro-iluminado,lector Rfid,microfono Y Altavoz, Poe Y Apertura Para Dos Puertas<\/title>\n<meta name=\"description\" content=\"Compra Gds3705 Audio Portero Ip \/ Sip, Apertura Por Codigo, Antivandalico, Teclado Retro-iluminado,lector Rfid,microfono Y Altavoz, Poe Y Apertura Para Dos Puertas + Env\u00edo a domicilio + Pago seguro + Garant\u00eda\" \/>\n<meta name=\"robots\" content=\"index, follow, max-snippet:-1, max-image-preview:large, max-video-preview:-1\" \/>\n<link rel=\"canonical\" href=\"https:\/\/compuviper.mx\/tienda\/producto\/grandstream-gds3705-audio-portero-ip-sip-apertura-por-codigo-antivandalico-teclado-retro-iluminadolector-rfidmicrofono-y-altavoz-poe-y-apertura-para-dos-puertas\/\" \/>\n<meta property=\"og:locale\" content=\"es_MX\" \/>\n<meta property=\"og:type\" content=\"article\" \/>\n<meta property=\"og:title\" content=\"[ Grandstream ] &#129351; Gds3705 Audio Portero Ip \/ Sip, Apertura Por Codigo, Antivandalico, Teclado Retro-iluminado,lector Rfid,microfono Y Altavoz, Poe Y Apertura Para Dos Puertas\" \/>\n<meta property=\"og:description\" content=\"Compra Gds3705 Audio Portero Ip \/ Sip, Apertura Por Codigo, Antivandalico, Teclado Retro-iluminado,lector Rfid,microfono Y Altavoz, Poe Y Apertura Para Dos Puertas + Env\u00edo a domicilio + Pago seguro + Garant\u00eda\" \/>\n<meta property=\"og:url\" content=\"https:\/\/compuviper.mx\/tienda\/producto\/grandstream-gds3705-audio-portero-ip-sip-apertura-por-codigo-antivandalico-teclado-retro-iluminadolector-rfidmicrofono-y-altavoz-poe-y-apertura-para-dos-puertas\/\" \/>\n<meta property=\"og:site_name\" content=\"Compuviper\" \/>\n<meta property=\"article:publisher\" content=\"https:\/\/www.facebook.com\/compuviper\" \/>\n<meta property=\"og:image\" content=\"https:\/\/compuviper.mx\/tienda\/wp-content\/uploads\/2023\/12\/Audio-portero-ip-sip-apertura-por-codigo-antivandalico-teclado-retro-iluminadolector-rfidmicrofono-y-altavoz-poe-y-apertura-para-dos-puertas.jpg\" \/>\n\t<meta property=\"og:image:width\" content=\"200\" \/>\n\t<meta property=\"og:image:height\" content=\"200\" \/>\n\t<meta property=\"og:image:type\" content=\"image\/jpeg\" \/>\n<meta name=\"twitter:card\" content=\"summary_large_image\" \/>\n<meta name=\"twitter:label1\" content=\"Precio\" \/>\n\t<meta name=\"twitter:data1\" content=\"&#36;2,726 con IVA\" \/>\n\t<meta name=\"twitter:label2\" content=\"Availability\" \/>\n\t<meta name=\"twitter:data2\" content=\"On backorder\" \/>\n<script type=\"application\/ld+json\" class=\"yoast-schema-graph\">{\"@context\":\"https:\/\/schema.org\",\"@graph\":[{\"@type\":\"WebPage\",\"@id\":\"https:\/\/compuviper.mx\/tienda\/producto\/grandstream-gds3705-audio-portero-ip-sip-apertura-por-codigo-antivandalico-teclado-retro-iluminadolector-rfidmicrofono-y-altavoz-poe-y-apertura-para-dos-puertas\/\",\"url\":\"https:\/\/compuviper.mx\/tienda\/producto\/grandstream-gds3705-audio-portero-ip-sip-apertura-por-codigo-antivandalico-teclado-retro-iluminadolector-rfidmicrofono-y-altavoz-poe-y-apertura-para-dos-puertas\/\",\"name\":\"[ Grandstream ] &#129351; Gds3705 Audio Portero Ip \/ Sip, Apertura Por Codigo, Antivandalico, Teclado Retro-iluminado,lector Rfid,microfono Y Altavoz, Poe Y Apertura Para Dos Puertas\",\"isPartOf\":{\"@id\":\"https:\/\/compuviper.mx\/tienda\/#website\"},\"datePublished\":\"2026-04-07T05:30:07+00:00\",\"dateModified\":\"2026-04-07T05:30:07+00:00\",\"description\":\"Compra Gds3705 Audio Portero Ip \/ Sip, Apertura Por Codigo, Antivandalico, Teclado Retro-iluminado,lector Rfid,microfono Y Altavoz, Poe Y Apertura Para Dos Puertas + Env\u00edo a domicilio + Pago seguro + Garant\u00eda\",\"breadcrumb\":{\"@id\":\"https:\/\/compuviper.mx\/tienda\/producto\/grandstream-gds3705-audio-portero-ip-sip-apertura-por-codigo-antivandalico-teclado-retro-iluminadolector-rfidmicrofono-y-altavoz-poe-y-apertura-para-dos-puertas\/#breadcrumb\"},\"inLanguage\":\"es-MX\",\"potentialAction\":[{\"@type\":\"ReadAction\",\"target\":[\"https:\/\/compuviper.mx\/tienda\/producto\/grandstream-gds3705-audio-portero-ip-sip-apertura-por-codigo-antivandalico-teclado-retro-iluminadolector-rfidmicrofono-y-altavoz-poe-y-apertura-para-dos-puertas\/\"]}]},{\"@type\":\"BreadcrumbList\",\"@id\":\"https:\/\/compuviper.mx\/tienda\/producto\/grandstream-gds3705-audio-portero-ip-sip-apertura-por-codigo-antivandalico-teclado-retro-iluminadolector-rfidmicrofono-y-altavoz-poe-y-apertura-para-dos-puertas\/#breadcrumb\",\"itemListElement\":[{\"@type\":\"ListItem\",\"position\":1,\"name\":\"Inicio\",\"item\":\"https:\/\/compuviper.mx\/tienda\/\"},{\"@type\":\"ListItem\",\"position\":2,\"name\":\"Productos\",\"item\":\"https:\/\/compuviper.mx\/tienda\/productos\/\"},{\"@type\":\"ListItem\",\"position\":3,\"name\":\"Accesorios\",\"item\":\"https:\/\/compuviper.mx\/tienda\/categoria-producto\/accesorios\/\"},{\"@type\":\"ListItem\",\"position\":4,\"name\":\"Conmutadores\",\"item\":\"https:\/\/compuviper.mx\/tienda\/categoria-producto\/accesorios\/conmutadores\/\"},{\"@type\":\"ListItem\",\"position\":5,\"name\":\"Grandstream Gds3705 Audio Portero Ip \/ Sip, Apertura Por Codigo, Antivandalico, Teclado Retro-iluminado,lector Rfid,microfono Y Altavoz, Poe Y Apertura Para Dos Puertas\"}]},{\"@type\":\"WebSite\",\"@id\":\"https:\/\/compuviper.mx\/tienda\/#website\",\"url\":\"https:\/\/compuviper.mx\/tienda\/\",\"name\":\"Compuviper\",\"description\":\"Proveedor de Computadoras, Laptops, Servidores, Monitores, Puntos de Venta, Teclados,   Impresoras, T\u00f3ner, C\u00e1maras de Seguridad y m\u00e1s en tu tienda en l\u00ednea\",\"publisher\":{\"@id\":\"https:\/\/compuviper.mx\/tienda\/#organization\"},\"potentialAction\":[{\"@type\":\"SearchAction\",\"target\":{\"@type\":\"EntryPoint\",\"urlTemplate\":\"https:\/\/compuviper.mx\/tienda\/?s={search_term_string}\"},\"query-input\":\"required name=search_term_string\"}],\"inLanguage\":\"es-MX\"},{\"@type\":\"Organization\",\"@id\":\"https:\/\/compuviper.mx\/tienda\/#organization\",\"name\":\"Compuviper\",\"url\":\"https:\/\/compuviper.mx\/tienda\/\",\"logo\":{\"@type\":\"ImageObject\",\"inLanguage\":\"es-MX\",\"@id\":\"https:\/\/compuviper.mx\/tienda\/#\/schema\/logo\/image\/\",\"url\":\"https:\/\/compuviper.mx\/tienda\/wp-content\/uploads\/2021\/08\/Logo-Compuviper-10.png\",\"contentUrl\":\"https:\/\/compuviper.mx\/tienda\/wp-content\/uploads\/2021\/08\/Logo-Compuviper-10.png\",\"width\":1000,\"height\":500,\"caption\":\"Compuviper\"},\"image\":{\"@id\":\"https:\/\/compuviper.mx\/tienda\/#\/schema\/logo\/image\/\"},\"sameAs\":[\"https:\/\/www.facebook.com\/compuviper\",\"https:\/\/www.youtube.com\/channel\/UCf73dERp9Y3cfOq7q8BhLjA?view_as=subscriber\"]}]}<\/script>\n<meta property=\"product:brand\" content=\"GRANDSTREAM\" \/>\n<meta property=\"product:price:amount\" content=\"2726\" \/>\n<meta property=\"product:price:currency\" content=\"MXN\" \/>\n<meta property=\"og:availability\" content=\"backorder\" \/>\n<meta property=\"product:availability\" content=\"available for order\" \/>\n<meta property=\"product:retailer_item_id\" content=\"GDS3705\" \/>\n<meta property=\"product:condition\" content=\"new\" \/>\n<!-- \/ Yoast SEO plugin. -->","yoast_head_json":{"title":"[ Grandstream ] &#129351; Gds3705 Audio Portero Ip \/ Sip, Apertura Por Codigo, Antivandalico, Teclado Retro-iluminado,lector Rfid,microfono Y Altavoz, Poe Y Apertura Para Dos Puertas","description":"Compra Gds3705 Audio Portero Ip \/ Sip, Apertura Por Codigo, Antivandalico, Teclado Retro-iluminado,lector Rfid,microfono Y Altavoz, Poe Y Apertura Para Dos Puertas + Env\u00edo a domicilio + Pago seguro + Garant\u00eda","robots":{"index":"index","follow":"follow","max-snippet":"max-snippet:-1","max-image-preview":"max-image-preview:large","max-video-preview":"max-video-preview:-1"},"canonical":"https:\/\/compuviper.mx\/tienda\/producto\/grandstream-gds3705-audio-portero-ip-sip-apertura-por-codigo-antivandalico-teclado-retro-iluminadolector-rfidmicrofono-y-altavoz-poe-y-apertura-para-dos-puertas\/","og_locale":"es_MX","og_type":"article","og_title":"[ Grandstream ] &#129351; Gds3705 Audio Portero Ip \/ Sip, Apertura Por Codigo, Antivandalico, Teclado Retro-iluminado,lector Rfid,microfono Y Altavoz, Poe Y Apertura Para Dos Puertas","og_description":"Compra Gds3705 Audio Portero Ip \/ Sip, Apertura Por Codigo, Antivandalico, Teclado Retro-iluminado,lector Rfid,microfono Y Altavoz, Poe Y Apertura Para Dos Puertas + Env\u00edo a domicilio + Pago seguro + Garant\u00eda","og_url":"https:\/\/compuviper.mx\/tienda\/producto\/grandstream-gds3705-audio-portero-ip-sip-apertura-por-codigo-antivandalico-teclado-retro-iluminadolector-rfidmicrofono-y-altavoz-poe-y-apertura-para-dos-puertas\/","og_site_name":"Compuviper","article_publisher":"https:\/\/www.facebook.com\/compuviper","og_image":[{"width":200,"height":200,"url":"https:\/\/compuviper.mx\/tienda\/wp-content\/uploads\/2023\/12\/Audio-portero-ip-sip-apertura-por-codigo-antivandalico-teclado-retro-iluminadolector-rfidmicrofono-y-altavoz-poe-y-apertura-para-dos-puertas.jpg","type":"image\/jpeg"}],"twitter_card":"summary_large_image","twitter_misc":{"Precio":"&#36;2,726 con IVA","Availability":"On backorder"},"schema":{"@context":"https:\/\/schema.org","@graph":[{"@type":"WebPage","@id":"https:\/\/compuviper.mx\/tienda\/producto\/grandstream-gds3705-audio-portero-ip-sip-apertura-por-codigo-antivandalico-teclado-retro-iluminadolector-rfidmicrofono-y-altavoz-poe-y-apertura-para-dos-puertas\/","url":"https:\/\/compuviper.mx\/tienda\/producto\/grandstream-gds3705-audio-portero-ip-sip-apertura-por-codigo-antivandalico-teclado-retro-iluminadolector-rfidmicrofono-y-altavoz-poe-y-apertura-para-dos-puertas\/","name":"[ Grandstream ] &#129351; Gds3705 Audio Portero Ip \/ Sip, Apertura Por Codigo, Antivandalico, Teclado Retro-iluminado,lector Rfid,microfono Y Altavoz, Poe Y Apertura Para Dos Puertas","isPartOf":{"@id":"https:\/\/compuviper.mx\/tienda\/#website"},"datePublished":"2026-04-07T05:30:07+00:00","dateModified":"2026-04-07T05:30:07+00:00","description":"Compra Gds3705 Audio Portero Ip \/ Sip, Apertura Por Codigo, Antivandalico, Teclado Retro-iluminado,lector Rfid,microfono Y Altavoz, Poe Y Apertura Para Dos Puertas + Env\u00edo a domicilio + Pago seguro + Garant\u00eda","breadcrumb":{"@id":"https:\/\/compuviper.mx\/tienda\/producto\/grandstream-gds3705-audio-portero-ip-sip-apertura-por-codigo-antivandalico-teclado-retro-iluminadolector-rfidmicrofono-y-altavoz-poe-y-apertura-para-dos-puertas\/#breadcrumb"},"inLanguage":"es-MX","potentialAction":[{"@type":"ReadAction","target":["https:\/\/compuviper.mx\/tienda\/producto\/grandstream-gds3705-audio-portero-ip-sip-apertura-por-codigo-antivandalico-teclado-retro-iluminadolector-rfidmicrofono-y-altavoz-poe-y-apertura-para-dos-puertas\/"]}]},{"@type":"BreadcrumbList","@id":"https:\/\/compuviper.mx\/tienda\/producto\/grandstream-gds3705-audio-portero-ip-sip-apertura-por-codigo-antivandalico-teclado-retro-iluminadolector-rfidmicrofono-y-altavoz-poe-y-apertura-para-dos-puertas\/#breadcrumb","itemListElement":[{"@type":"ListItem","position":1,"name":"Inicio","item":"https:\/\/compuviper.mx\/tienda\/"},{"@type":"ListItem","position":2,"name":"Productos","item":"https:\/\/compuviper.mx\/tienda\/productos\/"},{"@type":"ListItem","position":3,"name":"Accesorios","item":"https:\/\/compuviper.mx\/tienda\/categoria-producto\/accesorios\/"},{"@type":"ListItem","position":4,"name":"Conmutadores","item":"https:\/\/compuviper.mx\/tienda\/categoria-producto\/accesorios\/conmutadores\/"},{"@type":"ListItem","position":5,"name":"Grandstream Gds3705 Audio Portero Ip \/ Sip, Apertura Por Codigo, Antivandalico, Teclado Retro-iluminado,lector Rfid,microfono Y Altavoz, Poe Y Apertura Para Dos Puertas"}]},{"@type":"WebSite","@id":"https:\/\/compuviper.mx\/tienda\/#website","url":"https:\/\/compuviper.mx\/tienda\/","name":"Compuviper","description":"Proveedor de Computadoras, Laptops, Servidores, Monitores, Puntos de Venta, Teclados,   Impresoras, T\u00f3ner, C\u00e1maras de Seguridad y m\u00e1s en tu tienda en l\u00ednea","publisher":{"@id":"https:\/\/compuviper.mx\/tienda\/#organization"},"potentialAction":[{"@type":"SearchAction","target":{"@type":"EntryPoint","urlTemplate":"https:\/\/compuviper.mx\/tienda\/?s={search_term_string}"},"query-input":"required name=search_term_string"}],"inLanguage":"es-MX"},{"@type":"Organization","@id":"https:\/\/compuviper.mx\/tienda\/#organization","name":"Compuviper","url":"https:\/\/compuviper.mx\/tienda\/","logo":{"@type":"ImageObject","inLanguage":"es-MX","@id":"https:\/\/compuviper.mx\/tienda\/#\/schema\/logo\/image\/","url":"https:\/\/compuviper.mx\/tienda\/wp-content\/uploads\/2021\/08\/Logo-Compuviper-10.png","contentUrl":"https:\/\/compuviper.mx\/tienda\/wp-content\/uploads\/2021\/08\/Logo-Compuviper-10.png","width":1000,"height":500,"caption":"Compuviper"},"image":{"@id":"https:\/\/compuviper.mx\/tienda\/#\/schema\/logo\/image\/"},"sameAs":["https:\/\/www.facebook.com\/compuviper","https:\/\/www.youtube.com\/channel\/UCf73dERp9Y3cfOq7q8BhLjA?view_as=subscriber"]}]},"product_brand":"GRANDSTREAM","product_price_amount":"2726","product_price_currency":"MXN","og_availability":"backorder","product_availability":"available for order","product_retailer_item_id":"GDS3705","product_condition":"new"},"_links":{"self":[{"href":"https:\/\/compuviper.mx\/tienda\/wp-json\/wp\/v2\/product\/211891"}],"collection":[{"href":"https:\/\/compuviper.mx\/tienda\/wp-json\/wp\/v2\/product"}],"about":[{"href":"https:\/\/compuviper.mx\/tienda\/wp-json\/wp\/v2\/types\/product"}],"replies":[{"embeddable":true,"href":"https:\/\/compuviper.mx\/tienda\/wp-json\/wp\/v2\/comments?post=211891"}],"wp:featuredmedia":[{"embeddable":true,"href":"https:\/\/compuviper.mx\/tienda\/wp-json\/wp\/v2\/media\/211892"}],"wp:attachment":[{"href":"https:\/\/compuviper.mx\/tienda\/wp-json\/wp\/v2\/media?parent=211891"}],"wp:term":[{"taxonomy":"product_cat","embeddable":true,"href":"https:\/\/compuviper.mx\/tienda\/wp-json\/wp\/v2\/product_cat?post=211891"},{"taxonomy":"product_tag","embeddable":true,"href":"https:\/\/compuviper.mx\/tienda\/wp-json\/wp\/v2\/product_tag?post=211891"}],"curies":[{"name":"wp","href":"https:\/\/api.w.org\/{rel}","templated":true}]}}