{"id":211889,"date":"2026-04-01T23:29:53","date_gmt":"2026-04-02T05:29:53","guid":{"rendered":"https:\/\/compuviper.mx\/tienda\/producto\/grandstream-gds3710-videoportero-ip-sip-fisheye-apertura-por-cdigo-antivandlico-teclado-retro-iluminadolector-rfidmicrofono-y-altavoz-poe-y-apertura-para-dos-puertas\/"},"modified":"2026-04-01T23:29:53","modified_gmt":"2026-04-02T05:29:53","slug":"grandstream-gds3710-video-portero-ip-sip-fisheye-apertura-por-codigo-antivanalico-teclado-retro-iluminadolector-rfidmicrofono-y-altavoz-poe-y-apertura-para-dos-puertas","status":"publish","type":"product","link":"https:\/\/compuviper.mx\/tienda\/producto\/grandstream-gds3710-video-portero-ip-sip-fisheye-apertura-por-codigo-antivanalico-teclado-retro-iluminadolector-rfidmicrofono-y-altavoz-poe-y-apertura-para-dos-puertas\/","title":{"rendered":"Grandstream Gds3710 Video Portero Ip  \/ Sip Fisheye, Apertura Por Codigo, Antivanalico, Teclado Retro-iluminado,lector Rfid,microfono Y Altavoz, Poe Y Apertura Para Dos Puertas"},"content":{"rendered":"<table class=\"descripcion\">\n<tr>\n<td>&#8211; teclado retro iluminado y encendido de tecla presionada<\/td>\n<\/tr>\n<tr>\n<td> &#8211; c\u00e1mara de 2 megap\u00edxeles resoluci\u00f3n hd 1080p fish eye apertura de visi\u00f3n de 180 x 150\u00b0<\/td>\n<\/tr>\n<tr>\n<td> &#8211; micr\u00f3fono interno con cobertura de 1.5m aproximadamente y bocina con audio hd con cobertura de 3m aproximadamente<\/td>\n<\/tr>\n<tr>\n<td> &#8211; detecci\u00f3n de movimiento para encendido de alarma o inicio de grabaci\u00f3n<\/td>\n<\/tr>\n<tr>\n<td> &#8211; tres entradas de alarma y dos salidas que pueden usarse para apertura de puertas<\/td>\n<\/tr>\n<tr>\n<td> &#8211; apertura de puertas por medio de c\u00f3digo tarjeta rfid o remota (por llamada a un tel\u00e9fono)<\/td>\n<\/tr>\n<tr>\n<td> &#8211; soporta alimentaci\u00f3n poe ieee 802.3af \u00a0o con eliminador de 12vcd\/1a (no incluida)<\/td>\n<\/tr>\n<tr>\n<td> &#8211; armaz\u00f3n met\u00e1lico con protecci\u00f3n ip65 para intemperie y anti vand\u00e1lico ik06<\/td>\n<\/tr>\n<tr>\n<td> &#8211; dimensiones 173 x x80 x 36 mm<\/td>\n<\/tr>\n<\/table>\n","protected":false},"excerpt":{"rendered":"<p>El gds3710 es un sistema de videoportero ip que sirve tambi\u00e9n c omo una c\u00e1mara ip de vigilancia de alta definici\u00f3n e intercom ip para ofrecer control de acceso a instalaciones y monitoreo de seguridad para edificios de todos los tama\u00f1os. Este poderoso sistema de videoportero ip proporciona un \u00e1ngulo de visi\u00f3n de video de 180 grados para cobertura de pared a pared, tiene un lector rfid incorporado para acceso seguro sin llave, cuenta con micr\u00f3fono y altavoz integrados para soportar la funci\u00f3n de intercom y ofrece entrada y salida de alarma para integrarse con otros dispositivos de seguridad existentes. El gds3710 se integra con el gds manager, el software gratuito de gesti\u00f3n de  grandstream, permitiendo que la informaci\u00f3n de tarjetas rfid, se\u00f1ales de video, as\u00ed como el dispositivo mismo sean totalmente gestionados por este software. Desarrollado con un procesador de sensor de im\u00e1genes (isp) avanzado y algoritmos de imagen de vanguardia, el gds3710 brinda resoluciones de vide o fhd de 1080p y ofrece desempe\u00f1o excepcional en todas las condiciones de iluminaci\u00f3n. Incluye tecnolog\u00eda sip\/voip con se\u00f1ales de transmisi\u00f3n de audio bidireccional y video cargadas directamente a smartphones, terminales sip y el software de gesti\u00f3n gds. El gds3710 est\u00e1 equipado con poe integrado para instalaci\u00f3n sin interrupciones, leds brillantes para iluminaci\u00f3n, detector de movimiento para protecci\u00f3n de seguridad, interruptor de control de iluminaci\u00f3n y m\u00e1s. La combinaci\u00f3n del gds3710, los tel\u00e9fonos ip gxp21xx de grandstream, los videotel\u00e9fonos gxv, la aplicaci\u00f3n m\u00f3vil gs-wave y los nvr gvr350x proporciona una soluci\u00f3n completa de principio a fin para el control de acceso, la intercomunicaci\u00f3n de video y las necesidades de grabaci\u00f3n de seguridad.<\/p>\n","protected":false},"featured_media":211890,"comment_status":"open","ping_status":"open","template":"","meta":[],"product_cat":[1485,1521],"product_tag":[1576],"acf":[],"yoast_head":"<!-- This site is optimized with the Yoast SEO plugin v21.7 - https:\/\/yoast.com\/wordpress\/plugins\/seo\/ -->\n<title>[ Grandstream ] &#129351; Gds3710 Video Portero Ip \/ Sip Fisheye, Apertura Por Codigo, Antivanalico, Teclado Retro-iluminado,lector Rfid,microfono Y Altavoz, Poe Y Apertura Para Dos Puertas<\/title>\n<meta name=\"description\" content=\"Compra Gds3710 Video Portero Ip \/ Sip Fisheye, Apertura Por Codigo, Antivanalico, Teclado Retro-iluminado,lector Rfid,microfono Y Altavoz, Poe Y Apertura Para Dos Puertas + Env\u00edo a domicilio + Pago seguro + Garant\u00eda\" \/>\n<meta name=\"robots\" content=\"index, follow, max-snippet:-1, max-image-preview:large, max-video-preview:-1\" \/>\n<link rel=\"canonical\" href=\"https:\/\/compuviper.mx\/tienda\/producto\/grandstream-gds3710-video-portero-ip-sip-fisheye-apertura-por-codigo-antivanalico-teclado-retro-iluminadolector-rfidmicrofono-y-altavoz-poe-y-apertura-para-dos-puertas\/\" \/>\n<meta property=\"og:locale\" content=\"es_MX\" \/>\n<meta property=\"og:type\" content=\"article\" \/>\n<meta property=\"og:title\" content=\"[ Grandstream ] &#129351; Gds3710 Video Portero Ip \/ Sip Fisheye, Apertura Por Codigo, Antivanalico, Teclado Retro-iluminado,lector Rfid,microfono Y Altavoz, Poe Y Apertura Para Dos Puertas\" \/>\n<meta property=\"og:description\" content=\"Compra Gds3710 Video Portero Ip \/ Sip Fisheye, Apertura Por Codigo, Antivanalico, Teclado Retro-iluminado,lector Rfid,microfono Y Altavoz, Poe Y Apertura Para Dos Puertas + Env\u00edo a domicilio + Pago seguro + Garant\u00eda\" \/>\n<meta property=\"og:url\" content=\"https:\/\/compuviper.mx\/tienda\/producto\/grandstream-gds3710-video-portero-ip-sip-fisheye-apertura-por-codigo-antivanalico-teclado-retro-iluminadolector-rfidmicrofono-y-altavoz-poe-y-apertura-para-dos-puertas\/\" \/>\n<meta property=\"og:site_name\" content=\"Compuviper\" \/>\n<meta property=\"article:publisher\" content=\"https:\/\/www.facebook.com\/compuviper\" \/>\n<meta property=\"og:image\" content=\"https:\/\/compuviper.mx\/tienda\/wp-content\/uploads\/2023\/12\/Videoportero-ip-sip-fisheye-apertura-por-codigo-antivandalico-teclado-retro-iluminadolector-rfidmicrofono-y-altavoz-poe-y-apertura-para-dos-puertas.jpg\" \/>\n\t<meta property=\"og:image:width\" content=\"200\" \/>\n\t<meta property=\"og:image:height\" content=\"200\" \/>\n\t<meta property=\"og:image:type\" content=\"image\/jpeg\" \/>\n<meta name=\"twitter:card\" content=\"summary_large_image\" \/>\n<meta name=\"twitter:label1\" content=\"Precio\" \/>\n\t<meta name=\"twitter:data1\" content=\"&#36;4,005 con IVA\" \/>\n\t<meta name=\"twitter:label2\" content=\"Availability\" \/>\n\t<meta name=\"twitter:data2\" content=\"On backorder\" \/>\n<script type=\"application\/ld+json\" class=\"yoast-schema-graph\">{\"@context\":\"https:\/\/schema.org\",\"@graph\":[{\"@type\":\"WebPage\",\"@id\":\"https:\/\/compuviper.mx\/tienda\/producto\/grandstream-gds3710-video-portero-ip-sip-fisheye-apertura-por-codigo-antivanalico-teclado-retro-iluminadolector-rfidmicrofono-y-altavoz-poe-y-apertura-para-dos-puertas\/\",\"url\":\"https:\/\/compuviper.mx\/tienda\/producto\/grandstream-gds3710-video-portero-ip-sip-fisheye-apertura-por-codigo-antivanalico-teclado-retro-iluminadolector-rfidmicrofono-y-altavoz-poe-y-apertura-para-dos-puertas\/\",\"name\":\"[ Grandstream ] &#129351; Gds3710 Video Portero Ip \/ Sip Fisheye, Apertura Por Codigo, Antivanalico, Teclado Retro-iluminado,lector Rfid,microfono Y Altavoz, Poe Y Apertura Para Dos Puertas\",\"isPartOf\":{\"@id\":\"https:\/\/compuviper.mx\/tienda\/#website\"},\"datePublished\":\"2026-04-02T05:29:53+00:00\",\"dateModified\":\"2026-04-02T05:29:53+00:00\",\"description\":\"Compra Gds3710 Video Portero Ip \/ Sip Fisheye, Apertura Por Codigo, Antivanalico, Teclado Retro-iluminado,lector Rfid,microfono Y Altavoz, Poe Y Apertura Para Dos Puertas + Env\u00edo a domicilio + Pago seguro + Garant\u00eda\",\"breadcrumb\":{\"@id\":\"https:\/\/compuviper.mx\/tienda\/producto\/grandstream-gds3710-video-portero-ip-sip-fisheye-apertura-por-codigo-antivanalico-teclado-retro-iluminadolector-rfidmicrofono-y-altavoz-poe-y-apertura-para-dos-puertas\/#breadcrumb\"},\"inLanguage\":\"es-MX\",\"potentialAction\":[{\"@type\":\"ReadAction\",\"target\":[\"https:\/\/compuviper.mx\/tienda\/producto\/grandstream-gds3710-video-portero-ip-sip-fisheye-apertura-por-codigo-antivanalico-teclado-retro-iluminadolector-rfidmicrofono-y-altavoz-poe-y-apertura-para-dos-puertas\/\"]}]},{\"@type\":\"BreadcrumbList\",\"@id\":\"https:\/\/compuviper.mx\/tienda\/producto\/grandstream-gds3710-video-portero-ip-sip-fisheye-apertura-por-codigo-antivanalico-teclado-retro-iluminadolector-rfidmicrofono-y-altavoz-poe-y-apertura-para-dos-puertas\/#breadcrumb\",\"itemListElement\":[{\"@type\":\"ListItem\",\"position\":1,\"name\":\"Inicio\",\"item\":\"https:\/\/compuviper.mx\/tienda\/\"},{\"@type\":\"ListItem\",\"position\":2,\"name\":\"Productos\",\"item\":\"https:\/\/compuviper.mx\/tienda\/productos\/\"},{\"@type\":\"ListItem\",\"position\":3,\"name\":\"Accesorios\",\"item\":\"https:\/\/compuviper.mx\/tienda\/categoria-producto\/accesorios\/\"},{\"@type\":\"ListItem\",\"position\":4,\"name\":\"Conmutadores\",\"item\":\"https:\/\/compuviper.mx\/tienda\/categoria-producto\/accesorios\/conmutadores\/\"},{\"@type\":\"ListItem\",\"position\":5,\"name\":\"Grandstream Gds3710 Video Portero Ip \/ Sip Fisheye, Apertura Por Codigo, Antivanalico, Teclado Retro-iluminado,lector Rfid,microfono Y Altavoz, Poe Y Apertura Para Dos Puertas\"}]},{\"@type\":\"WebSite\",\"@id\":\"https:\/\/compuviper.mx\/tienda\/#website\",\"url\":\"https:\/\/compuviper.mx\/tienda\/\",\"name\":\"Compuviper\",\"description\":\"Proveedor de Computadoras, Laptops, Servidores, Monitores, Puntos de Venta, Teclados,   Impresoras, T\u00f3ner, C\u00e1maras de Seguridad y m\u00e1s en tu tienda en l\u00ednea\",\"publisher\":{\"@id\":\"https:\/\/compuviper.mx\/tienda\/#organization\"},\"potentialAction\":[{\"@type\":\"SearchAction\",\"target\":{\"@type\":\"EntryPoint\",\"urlTemplate\":\"https:\/\/compuviper.mx\/tienda\/?s={search_term_string}\"},\"query-input\":\"required name=search_term_string\"}],\"inLanguage\":\"es-MX\"},{\"@type\":\"Organization\",\"@id\":\"https:\/\/compuviper.mx\/tienda\/#organization\",\"name\":\"Compuviper\",\"url\":\"https:\/\/compuviper.mx\/tienda\/\",\"logo\":{\"@type\":\"ImageObject\",\"inLanguage\":\"es-MX\",\"@id\":\"https:\/\/compuviper.mx\/tienda\/#\/schema\/logo\/image\/\",\"url\":\"https:\/\/compuviper.mx\/tienda\/wp-content\/uploads\/2021\/08\/Logo-Compuviper-10.png\",\"contentUrl\":\"https:\/\/compuviper.mx\/tienda\/wp-content\/uploads\/2021\/08\/Logo-Compuviper-10.png\",\"width\":1000,\"height\":500,\"caption\":\"Compuviper\"},\"image\":{\"@id\":\"https:\/\/compuviper.mx\/tienda\/#\/schema\/logo\/image\/\"},\"sameAs\":[\"https:\/\/www.facebook.com\/compuviper\",\"https:\/\/www.youtube.com\/channel\/UCf73dERp9Y3cfOq7q8BhLjA?view_as=subscriber\"]}]}<\/script>\n<meta property=\"product:brand\" content=\"GRANDSTREAM\" \/>\n<meta property=\"product:price:amount\" content=\"4005\" \/>\n<meta property=\"product:price:currency\" content=\"MXN\" \/>\n<meta property=\"og:availability\" content=\"backorder\" \/>\n<meta property=\"product:availability\" content=\"available for order\" \/>\n<meta property=\"product:retailer_item_id\" content=\"GDS3710\" \/>\n<meta property=\"product:condition\" content=\"new\" \/>\n<!-- \/ Yoast SEO plugin. -->","yoast_head_json":{"title":"[ Grandstream ] &#129351; Gds3710 Video Portero Ip \/ Sip Fisheye, Apertura Por Codigo, Antivanalico, Teclado Retro-iluminado,lector Rfid,microfono Y Altavoz, Poe Y Apertura Para Dos Puertas","description":"Compra Gds3710 Video Portero Ip \/ Sip Fisheye, Apertura Por Codigo, Antivanalico, Teclado Retro-iluminado,lector Rfid,microfono Y Altavoz, Poe Y Apertura Para Dos Puertas + Env\u00edo a domicilio + Pago seguro + Garant\u00eda","robots":{"index":"index","follow":"follow","max-snippet":"max-snippet:-1","max-image-preview":"max-image-preview:large","max-video-preview":"max-video-preview:-1"},"canonical":"https:\/\/compuviper.mx\/tienda\/producto\/grandstream-gds3710-video-portero-ip-sip-fisheye-apertura-por-codigo-antivanalico-teclado-retro-iluminadolector-rfidmicrofono-y-altavoz-poe-y-apertura-para-dos-puertas\/","og_locale":"es_MX","og_type":"article","og_title":"[ Grandstream ] &#129351; Gds3710 Video Portero Ip \/ Sip Fisheye, Apertura Por Codigo, Antivanalico, Teclado Retro-iluminado,lector Rfid,microfono Y Altavoz, Poe Y Apertura Para Dos Puertas","og_description":"Compra Gds3710 Video Portero Ip \/ Sip Fisheye, Apertura Por Codigo, Antivanalico, Teclado Retro-iluminado,lector Rfid,microfono Y Altavoz, Poe Y Apertura Para Dos Puertas + Env\u00edo a domicilio + Pago seguro + Garant\u00eda","og_url":"https:\/\/compuviper.mx\/tienda\/producto\/grandstream-gds3710-video-portero-ip-sip-fisheye-apertura-por-codigo-antivanalico-teclado-retro-iluminadolector-rfidmicrofono-y-altavoz-poe-y-apertura-para-dos-puertas\/","og_site_name":"Compuviper","article_publisher":"https:\/\/www.facebook.com\/compuviper","og_image":[{"width":200,"height":200,"url":"https:\/\/compuviper.mx\/tienda\/wp-content\/uploads\/2023\/12\/Videoportero-ip-sip-fisheye-apertura-por-codigo-antivandalico-teclado-retro-iluminadolector-rfidmicrofono-y-altavoz-poe-y-apertura-para-dos-puertas.jpg","type":"image\/jpeg"}],"twitter_card":"summary_large_image","twitter_misc":{"Precio":"&#36;4,005 con IVA","Availability":"On backorder"},"schema":{"@context":"https:\/\/schema.org","@graph":[{"@type":"WebPage","@id":"https:\/\/compuviper.mx\/tienda\/producto\/grandstream-gds3710-video-portero-ip-sip-fisheye-apertura-por-codigo-antivanalico-teclado-retro-iluminadolector-rfidmicrofono-y-altavoz-poe-y-apertura-para-dos-puertas\/","url":"https:\/\/compuviper.mx\/tienda\/producto\/grandstream-gds3710-video-portero-ip-sip-fisheye-apertura-por-codigo-antivanalico-teclado-retro-iluminadolector-rfidmicrofono-y-altavoz-poe-y-apertura-para-dos-puertas\/","name":"[ Grandstream ] &#129351; Gds3710 Video Portero Ip \/ Sip Fisheye, Apertura Por Codigo, Antivanalico, Teclado Retro-iluminado,lector Rfid,microfono Y Altavoz, Poe Y Apertura Para Dos Puertas","isPartOf":{"@id":"https:\/\/compuviper.mx\/tienda\/#website"},"datePublished":"2026-04-02T05:29:53+00:00","dateModified":"2026-04-02T05:29:53+00:00","description":"Compra Gds3710 Video Portero Ip \/ Sip Fisheye, Apertura Por Codigo, Antivanalico, Teclado Retro-iluminado,lector Rfid,microfono Y Altavoz, Poe Y Apertura Para Dos Puertas + Env\u00edo a domicilio + Pago seguro + Garant\u00eda","breadcrumb":{"@id":"https:\/\/compuviper.mx\/tienda\/producto\/grandstream-gds3710-video-portero-ip-sip-fisheye-apertura-por-codigo-antivanalico-teclado-retro-iluminadolector-rfidmicrofono-y-altavoz-poe-y-apertura-para-dos-puertas\/#breadcrumb"},"inLanguage":"es-MX","potentialAction":[{"@type":"ReadAction","target":["https:\/\/compuviper.mx\/tienda\/producto\/grandstream-gds3710-video-portero-ip-sip-fisheye-apertura-por-codigo-antivanalico-teclado-retro-iluminadolector-rfidmicrofono-y-altavoz-poe-y-apertura-para-dos-puertas\/"]}]},{"@type":"BreadcrumbList","@id":"https:\/\/compuviper.mx\/tienda\/producto\/grandstream-gds3710-video-portero-ip-sip-fisheye-apertura-por-codigo-antivanalico-teclado-retro-iluminadolector-rfidmicrofono-y-altavoz-poe-y-apertura-para-dos-puertas\/#breadcrumb","itemListElement":[{"@type":"ListItem","position":1,"name":"Inicio","item":"https:\/\/compuviper.mx\/tienda\/"},{"@type":"ListItem","position":2,"name":"Productos","item":"https:\/\/compuviper.mx\/tienda\/productos\/"},{"@type":"ListItem","position":3,"name":"Accesorios","item":"https:\/\/compuviper.mx\/tienda\/categoria-producto\/accesorios\/"},{"@type":"ListItem","position":4,"name":"Conmutadores","item":"https:\/\/compuviper.mx\/tienda\/categoria-producto\/accesorios\/conmutadores\/"},{"@type":"ListItem","position":5,"name":"Grandstream Gds3710 Video Portero Ip \/ Sip Fisheye, Apertura Por Codigo, Antivanalico, Teclado Retro-iluminado,lector Rfid,microfono Y Altavoz, Poe Y Apertura Para Dos Puertas"}]},{"@type":"WebSite","@id":"https:\/\/compuviper.mx\/tienda\/#website","url":"https:\/\/compuviper.mx\/tienda\/","name":"Compuviper","description":"Proveedor de Computadoras, Laptops, Servidores, Monitores, Puntos de Venta, Teclados,   Impresoras, T\u00f3ner, C\u00e1maras de Seguridad y m\u00e1s en tu tienda en l\u00ednea","publisher":{"@id":"https:\/\/compuviper.mx\/tienda\/#organization"},"potentialAction":[{"@type":"SearchAction","target":{"@type":"EntryPoint","urlTemplate":"https:\/\/compuviper.mx\/tienda\/?s={search_term_string}"},"query-input":"required name=search_term_string"}],"inLanguage":"es-MX"},{"@type":"Organization","@id":"https:\/\/compuviper.mx\/tienda\/#organization","name":"Compuviper","url":"https:\/\/compuviper.mx\/tienda\/","logo":{"@type":"ImageObject","inLanguage":"es-MX","@id":"https:\/\/compuviper.mx\/tienda\/#\/schema\/logo\/image\/","url":"https:\/\/compuviper.mx\/tienda\/wp-content\/uploads\/2021\/08\/Logo-Compuviper-10.png","contentUrl":"https:\/\/compuviper.mx\/tienda\/wp-content\/uploads\/2021\/08\/Logo-Compuviper-10.png","width":1000,"height":500,"caption":"Compuviper"},"image":{"@id":"https:\/\/compuviper.mx\/tienda\/#\/schema\/logo\/image\/"},"sameAs":["https:\/\/www.facebook.com\/compuviper","https:\/\/www.youtube.com\/channel\/UCf73dERp9Y3cfOq7q8BhLjA?view_as=subscriber"]}]},"product_brand":"GRANDSTREAM","product_price_amount":"4005","product_price_currency":"MXN","og_availability":"backorder","product_availability":"available for order","product_retailer_item_id":"GDS3710","product_condition":"new"},"_links":{"self":[{"href":"https:\/\/compuviper.mx\/tienda\/wp-json\/wp\/v2\/product\/211889"}],"collection":[{"href":"https:\/\/compuviper.mx\/tienda\/wp-json\/wp\/v2\/product"}],"about":[{"href":"https:\/\/compuviper.mx\/tienda\/wp-json\/wp\/v2\/types\/product"}],"replies":[{"embeddable":true,"href":"https:\/\/compuviper.mx\/tienda\/wp-json\/wp\/v2\/comments?post=211889"}],"wp:featuredmedia":[{"embeddable":true,"href":"https:\/\/compuviper.mx\/tienda\/wp-json\/wp\/v2\/media\/211890"}],"wp:attachment":[{"href":"https:\/\/compuviper.mx\/tienda\/wp-json\/wp\/v2\/media?parent=211889"}],"wp:term":[{"taxonomy":"product_cat","embeddable":true,"href":"https:\/\/compuviper.mx\/tienda\/wp-json\/wp\/v2\/product_cat?post=211889"},{"taxonomy":"product_tag","embeddable":true,"href":"https:\/\/compuviper.mx\/tienda\/wp-json\/wp\/v2\/product_tag?post=211889"}],"curies":[{"name":"wp","href":"https:\/\/api.w.org\/{rel}","templated":true}]}}