{"id":211879,"date":"2026-04-01T23:29:50","date_gmt":"2026-04-02T05:29:50","guid":{"rendered":"https:\/\/compuviper.mx\/tienda\/producto\/manhattan-461528-soporte-monitor-p-2-monitor-13-a-32-escritorio\/"},"modified":"2026-04-01T23:29:51","modified_gmt":"2026-04-02T05:29:51","slug":"manhattan-461528-soporte-monitor-p-2-monitor-13-a-32-escritorio","status":"publish","type":"product","link":"https:\/\/compuviper.mx\/tienda\/producto\/manhattan-461528-soporte-monitor-p-2-monitor-13-a-32-escritorio\/","title":{"rendered":"Manhattan 461528 Soporte Monitor,,, P\/2 Monitor 13 A 32 Escritorio"},"content":{"rendered":"<table class=\"descripcion\">\n<tr>\n<td>General<\/td>\n<\/tr>\n<tr>\n<td>Se ajusta a monitores que cumplen los est\u00e1ndares vesa de 75 x 75 mm \/ 100 x 100 mm<\/td>\n<\/tr>\n<tr>\n<td>Capacidad de peso del monitor: hasta 8 kg (17 lbs.) en cada brazo<\/td>\n<\/tr>\n<tr>\n<td>Se instala en superficies horizontales de hasta 10 &#8211; 85 mm (0.4 &#8211; 3.3 in) de grueso<\/td>\n<\/tr>\n<tr>\n<td>Dimensiones<\/td>\n<\/tr>\n<tr>\n<td>Altura (poste): 44.3 cm (17.4 in)<\/td>\n<\/tr>\n<tr>\n<td>Largo del brazo (radio): 40 cm (15.7 in)<\/td>\n<\/tr>\n<tr>\n<td>Ancho del brazo (extendido): 79.8cm (31.4 in)<\/td>\n<\/tr>\n<tr>\n<td>Contenido del empaque<\/td>\n<\/tr>\n<tr>\n<td>Soporte universal para 2 monitores con brazos de doble articulaci\u00f3n<\/td>\n<\/tr>\n<tr>\n<td>Sujetadores y cubiertas para la administraci\u00f3n del cable<\/td>\n<\/tr>\n<tr>\n<td>Abrazadera con tornillo de mariposa<\/td>\n<\/tr>\n<tr>\n<td>Soporte para monitor con tornillos de montaje<\/td>\n<\/tr>\n<tr>\n<td>Hardware para montaje, instrucciones de instalaci\u00f3n y llave hexagonal<\/td>\n<\/tr>\n<\/table>\n","protected":false},"excerpt":{"rendered":"<p>Coloca el monitor sobre el escritorio para incrementar el espacio de trabajo, mejora la visibilidad y minimiza el desorden. Brazos de doble articulaci\u00f3n con movimientos independientes, inclinaci\u00f3n de \u00b145\u00b0, rotaci\u00f3n de \u00b1180\u00b0 y ajuste de altura. Poste de acero con abrazadera de montaje de alta resistencia. Ajuste f\u00e1cil de la posici\u00f3n del monitor. Ideal para la oficina, el estudio y aplicaciones de redes de ti y seguridad. De f\u00e1cil instalaci\u00f3n en cualquier escritorio u otra superficie \u0096 no es necesario perforar<\/p>\n","protected":false},"featured_media":211880,"comment_status":"open","ping_status":"open","template":"","meta":[],"product_cat":[2321,2265],"product_tag":[1487],"acf":[],"yoast_head":"<!-- This site is optimized with the Yoast SEO plugin v21.7 - https:\/\/yoast.com\/wordpress\/plugins\/seo\/ -->\n<title>[ Manhattan ] &#129351; 461528 Soporte Monitor,,, P\/2 Monitor 13 A 32 Escritorio<\/title>\n<meta name=\"description\" content=\"Compra 461528 Soporte Monitor,,, P\/2 Monitor 13 A 32 Escritorio + Env\u00edo a domicilio + Pago seguro + Garant\u00eda\" \/>\n<meta name=\"robots\" content=\"index, follow, max-snippet:-1, max-image-preview:large, max-video-preview:-1\" \/>\n<link rel=\"canonical\" href=\"https:\/\/compuviper.mx\/tienda\/producto\/manhattan-461528-soporte-monitor-p-2-monitor-13-a-32-escritorio\/\" \/>\n<meta property=\"og:locale\" content=\"es_MX\" \/>\n<meta property=\"og:type\" content=\"article\" \/>\n<meta property=\"og:title\" content=\"[ Manhattan ] &#129351; 461528 Soporte Monitor,,, P\/2 Monitor 13 A 32 Escritorio\" \/>\n<meta property=\"og:description\" content=\"Compra 461528 Soporte Monitor,,, P\/2 Monitor 13 A 32 Escritorio + Env\u00edo a domicilio + Pago seguro + Garant\u00eda\" \/>\n<meta property=\"og:url\" content=\"https:\/\/compuviper.mx\/tienda\/producto\/manhattan-461528-soporte-monitor-p-2-monitor-13-a-32-escritorio\/\" \/>\n<meta property=\"og:site_name\" content=\"Compuviper\" \/>\n<meta property=\"article:publisher\" content=\"https:\/\/www.facebook.com\/compuviper\" \/>\n<meta property=\"article:modified_time\" content=\"2026-04-02T05:29:51+00:00\" \/>\n<meta property=\"og:image\" content=\"https:\/\/compuviper.mx\/tienda\/wp-content\/uploads\/2023\/12\/Soporte-monitormanhattan461528-p2-monitor-13-a-32-escritorio.jpg\" \/>\n\t<meta property=\"og:image:width\" content=\"200\" \/>\n\t<meta property=\"og:image:height\" content=\"200\" \/>\n\t<meta property=\"og:image:type\" content=\"image\/jpeg\" \/>\n<meta name=\"twitter:card\" content=\"summary_large_image\" \/>\n<meta name=\"twitter:label1\" content=\"Precio\" \/>\n\t<meta name=\"twitter:data1\" content=\"&#36;1,015 con IVA\" \/>\n\t<meta name=\"twitter:label2\" content=\"Availability\" \/>\n\t<meta name=\"twitter:data2\" content=\"In stock\" \/>\n<script type=\"application\/ld+json\" class=\"yoast-schema-graph\">{\"@context\":\"https:\/\/schema.org\",\"@graph\":[{\"@type\":\"WebPage\",\"@id\":\"https:\/\/compuviper.mx\/tienda\/producto\/manhattan-461528-soporte-monitor-p-2-monitor-13-a-32-escritorio\/\",\"url\":\"https:\/\/compuviper.mx\/tienda\/producto\/manhattan-461528-soporte-monitor-p-2-monitor-13-a-32-escritorio\/\",\"name\":\"[ Manhattan ] &#129351; 461528 Soporte Monitor,,, P\/2 Monitor 13 A 32 Escritorio\",\"isPartOf\":{\"@id\":\"https:\/\/compuviper.mx\/tienda\/#website\"},\"datePublished\":\"2026-04-02T05:29:50+00:00\",\"dateModified\":\"2026-04-02T05:29:51+00:00\",\"description\":\"Compra 461528 Soporte Monitor,,, P\/2 Monitor 13 A 32 Escritorio + Env\u00edo a domicilio + Pago seguro + Garant\u00eda\",\"breadcrumb\":{\"@id\":\"https:\/\/compuviper.mx\/tienda\/producto\/manhattan-461528-soporte-monitor-p-2-monitor-13-a-32-escritorio\/#breadcrumb\"},\"inLanguage\":\"es-MX\",\"potentialAction\":[{\"@type\":\"ReadAction\",\"target\":[\"https:\/\/compuviper.mx\/tienda\/producto\/manhattan-461528-soporte-monitor-p-2-monitor-13-a-32-escritorio\/\"]}]},{\"@type\":\"BreadcrumbList\",\"@id\":\"https:\/\/compuviper.mx\/tienda\/producto\/manhattan-461528-soporte-monitor-p-2-monitor-13-a-32-escritorio\/#breadcrumb\",\"itemListElement\":[{\"@type\":\"ListItem\",\"position\":1,\"name\":\"Inicio\",\"item\":\"https:\/\/compuviper.mx\/tienda\/\"},{\"@type\":\"ListItem\",\"position\":2,\"name\":\"Productos\",\"item\":\"https:\/\/compuviper.mx\/tienda\/productos\/\"},{\"@type\":\"ListItem\",\"position\":3,\"name\":\"Soportes Y Bases P\/tv\/ Proyectores\/dvd\/consolas\/bocinas\/pantallas\/monotores\",\"item\":\"https:\/\/compuviper.mx\/tienda\/categoria-producto\/soportes-y-bases-p-tv-proyectores-dvd-consolas-bocinas-pantallas-monotores\/\"},{\"@type\":\"ListItem\",\"position\":4,\"name\":\"Soporte Y Base Para Tv\/pantallas\/monitores\/kiosko\",\"item\":\"https:\/\/compuviper.mx\/tienda\/categoria-producto\/soportes-y-bases-p-tv-proyectores-dvd-consolas-bocinas-pantallas-monotores\/soporte-y-base-para-tv-pantallas-monitores-kiosko\/\"},{\"@type\":\"ListItem\",\"position\":5,\"name\":\"Manhattan 461528 Soporte Monitor,,, P\/2 Monitor 13 A 32 Escritorio\"}]},{\"@type\":\"WebSite\",\"@id\":\"https:\/\/compuviper.mx\/tienda\/#website\",\"url\":\"https:\/\/compuviper.mx\/tienda\/\",\"name\":\"Compuviper\",\"description\":\"Proveedor de Computadoras, Laptops, Servidores, Monitores, Puntos de Venta, Teclados,   Impresoras, T\u00f3ner, C\u00e1maras de Seguridad y m\u00e1s en tu tienda en l\u00ednea\",\"publisher\":{\"@id\":\"https:\/\/compuviper.mx\/tienda\/#organization\"},\"potentialAction\":[{\"@type\":\"SearchAction\",\"target\":{\"@type\":\"EntryPoint\",\"urlTemplate\":\"https:\/\/compuviper.mx\/tienda\/?s={search_term_string}\"},\"query-input\":\"required name=search_term_string\"}],\"inLanguage\":\"es-MX\"},{\"@type\":\"Organization\",\"@id\":\"https:\/\/compuviper.mx\/tienda\/#organization\",\"name\":\"Compuviper\",\"url\":\"https:\/\/compuviper.mx\/tienda\/\",\"logo\":{\"@type\":\"ImageObject\",\"inLanguage\":\"es-MX\",\"@id\":\"https:\/\/compuviper.mx\/tienda\/#\/schema\/logo\/image\/\",\"url\":\"https:\/\/compuviper.mx\/tienda\/wp-content\/uploads\/2021\/08\/Logo-Compuviper-10.png\",\"contentUrl\":\"https:\/\/compuviper.mx\/tienda\/wp-content\/uploads\/2021\/08\/Logo-Compuviper-10.png\",\"width\":1000,\"height\":500,\"caption\":\"Compuviper\"},\"image\":{\"@id\":\"https:\/\/compuviper.mx\/tienda\/#\/schema\/logo\/image\/\"},\"sameAs\":[\"https:\/\/www.facebook.com\/compuviper\",\"https:\/\/www.youtube.com\/channel\/UCf73dERp9Y3cfOq7q8BhLjA?view_as=subscriber\"]}]}<\/script>\n<meta property=\"product:brand\" content=\"MANHATTAN\" \/>\n<meta property=\"product:price:amount\" content=\"1015\" \/>\n<meta property=\"product:price:currency\" content=\"MXN\" \/>\n<meta property=\"og:availability\" content=\"instock\" \/>\n<meta property=\"product:availability\" content=\"instock\" \/>\n<meta property=\"product:retailer_item_id\" content=\"461528\" \/>\n<meta property=\"product:condition\" content=\"new\" \/>\n<!-- \/ Yoast SEO plugin. -->","yoast_head_json":{"title":"[ Manhattan ] &#129351; 461528 Soporte Monitor,,, P\/2 Monitor 13 A 32 Escritorio","description":"Compra 461528 Soporte Monitor,,, P\/2 Monitor 13 A 32 Escritorio + Env\u00edo a domicilio + Pago seguro + Garant\u00eda","robots":{"index":"index","follow":"follow","max-snippet":"max-snippet:-1","max-image-preview":"max-image-preview:large","max-video-preview":"max-video-preview:-1"},"canonical":"https:\/\/compuviper.mx\/tienda\/producto\/manhattan-461528-soporte-monitor-p-2-monitor-13-a-32-escritorio\/","og_locale":"es_MX","og_type":"article","og_title":"[ Manhattan ] &#129351; 461528 Soporte Monitor,,, P\/2 Monitor 13 A 32 Escritorio","og_description":"Compra 461528 Soporte Monitor,,, P\/2 Monitor 13 A 32 Escritorio + Env\u00edo a domicilio + Pago seguro + Garant\u00eda","og_url":"https:\/\/compuviper.mx\/tienda\/producto\/manhattan-461528-soporte-monitor-p-2-monitor-13-a-32-escritorio\/","og_site_name":"Compuviper","article_publisher":"https:\/\/www.facebook.com\/compuviper","article_modified_time":"2026-04-02T05:29:51+00:00","og_image":[{"width":200,"height":200,"url":"https:\/\/compuviper.mx\/tienda\/wp-content\/uploads\/2023\/12\/Soporte-monitormanhattan461528-p2-monitor-13-a-32-escritorio.jpg","type":"image\/jpeg"}],"twitter_card":"summary_large_image","twitter_misc":{"Precio":"&#36;1,015 con IVA","Availability":"In stock"},"schema":{"@context":"https:\/\/schema.org","@graph":[{"@type":"WebPage","@id":"https:\/\/compuviper.mx\/tienda\/producto\/manhattan-461528-soporte-monitor-p-2-monitor-13-a-32-escritorio\/","url":"https:\/\/compuviper.mx\/tienda\/producto\/manhattan-461528-soporte-monitor-p-2-monitor-13-a-32-escritorio\/","name":"[ Manhattan ] &#129351; 461528 Soporte Monitor,,, P\/2 Monitor 13 A 32 Escritorio","isPartOf":{"@id":"https:\/\/compuviper.mx\/tienda\/#website"},"datePublished":"2026-04-02T05:29:50+00:00","dateModified":"2026-04-02T05:29:51+00:00","description":"Compra 461528 Soporte Monitor,,, P\/2 Monitor 13 A 32 Escritorio + Env\u00edo a domicilio + Pago seguro + Garant\u00eda","breadcrumb":{"@id":"https:\/\/compuviper.mx\/tienda\/producto\/manhattan-461528-soporte-monitor-p-2-monitor-13-a-32-escritorio\/#breadcrumb"},"inLanguage":"es-MX","potentialAction":[{"@type":"ReadAction","target":["https:\/\/compuviper.mx\/tienda\/producto\/manhattan-461528-soporte-monitor-p-2-monitor-13-a-32-escritorio\/"]}]},{"@type":"BreadcrumbList","@id":"https:\/\/compuviper.mx\/tienda\/producto\/manhattan-461528-soporte-monitor-p-2-monitor-13-a-32-escritorio\/#breadcrumb","itemListElement":[{"@type":"ListItem","position":1,"name":"Inicio","item":"https:\/\/compuviper.mx\/tienda\/"},{"@type":"ListItem","position":2,"name":"Productos","item":"https:\/\/compuviper.mx\/tienda\/productos\/"},{"@type":"ListItem","position":3,"name":"Soportes Y Bases P\/tv\/ Proyectores\/dvd\/consolas\/bocinas\/pantallas\/monotores","item":"https:\/\/compuviper.mx\/tienda\/categoria-producto\/soportes-y-bases-p-tv-proyectores-dvd-consolas-bocinas-pantallas-monotores\/"},{"@type":"ListItem","position":4,"name":"Soporte Y Base Para Tv\/pantallas\/monitores\/kiosko","item":"https:\/\/compuviper.mx\/tienda\/categoria-producto\/soportes-y-bases-p-tv-proyectores-dvd-consolas-bocinas-pantallas-monotores\/soporte-y-base-para-tv-pantallas-monitores-kiosko\/"},{"@type":"ListItem","position":5,"name":"Manhattan 461528 Soporte Monitor,,, P\/2 Monitor 13 A 32 Escritorio"}]},{"@type":"WebSite","@id":"https:\/\/compuviper.mx\/tienda\/#website","url":"https:\/\/compuviper.mx\/tienda\/","name":"Compuviper","description":"Proveedor de Computadoras, Laptops, Servidores, Monitores, Puntos de Venta, Teclados,   Impresoras, T\u00f3ner, C\u00e1maras de Seguridad y m\u00e1s en tu tienda en l\u00ednea","publisher":{"@id":"https:\/\/compuviper.mx\/tienda\/#organization"},"potentialAction":[{"@type":"SearchAction","target":{"@type":"EntryPoint","urlTemplate":"https:\/\/compuviper.mx\/tienda\/?s={search_term_string}"},"query-input":"required name=search_term_string"}],"inLanguage":"es-MX"},{"@type":"Organization","@id":"https:\/\/compuviper.mx\/tienda\/#organization","name":"Compuviper","url":"https:\/\/compuviper.mx\/tienda\/","logo":{"@type":"ImageObject","inLanguage":"es-MX","@id":"https:\/\/compuviper.mx\/tienda\/#\/schema\/logo\/image\/","url":"https:\/\/compuviper.mx\/tienda\/wp-content\/uploads\/2021\/08\/Logo-Compuviper-10.png","contentUrl":"https:\/\/compuviper.mx\/tienda\/wp-content\/uploads\/2021\/08\/Logo-Compuviper-10.png","width":1000,"height":500,"caption":"Compuviper"},"image":{"@id":"https:\/\/compuviper.mx\/tienda\/#\/schema\/logo\/image\/"},"sameAs":["https:\/\/www.facebook.com\/compuviper","https:\/\/www.youtube.com\/channel\/UCf73dERp9Y3cfOq7q8BhLjA?view_as=subscriber"]}]},"product_brand":"MANHATTAN","product_price_amount":"1015","product_price_currency":"MXN","og_availability":"instock","product_availability":"instock","product_retailer_item_id":"461528","product_condition":"new"},"_links":{"self":[{"href":"https:\/\/compuviper.mx\/tienda\/wp-json\/wp\/v2\/product\/211879"}],"collection":[{"href":"https:\/\/compuviper.mx\/tienda\/wp-json\/wp\/v2\/product"}],"about":[{"href":"https:\/\/compuviper.mx\/tienda\/wp-json\/wp\/v2\/types\/product"}],"replies":[{"embeddable":true,"href":"https:\/\/compuviper.mx\/tienda\/wp-json\/wp\/v2\/comments?post=211879"}],"wp:featuredmedia":[{"embeddable":true,"href":"https:\/\/compuviper.mx\/tienda\/wp-json\/wp\/v2\/media\/211880"}],"wp:attachment":[{"href":"https:\/\/compuviper.mx\/tienda\/wp-json\/wp\/v2\/media?parent=211879"}],"wp:term":[{"taxonomy":"product_cat","embeddable":true,"href":"https:\/\/compuviper.mx\/tienda\/wp-json\/wp\/v2\/product_cat?post=211879"},{"taxonomy":"product_tag","embeddable":true,"href":"https:\/\/compuviper.mx\/tienda\/wp-json\/wp\/v2\/product_tag?post=211879"}],"curies":[{"name":"wp","href":"https:\/\/api.w.org\/{rel}","templated":true}]}}