{"id":211865,"date":"2026-04-17T23:31:35","date_gmt":"2026-04-18T05:31:35","guid":{"rendered":"https:\/\/compuviper.mx\/tienda\/producto\/multimedia-screens-ast-1500-soporte-para-proyector-de-tiro-corto-1-50-mts-multimedia-screen\/"},"modified":"2026-04-17T23:31:36","modified_gmt":"2026-04-18T05:31:36","slug":"multimedia-screens-ast-1500-soporte-para-proyector-de-tiro-corto-1-50-mts-multimedia-screen","status":"publish","type":"product","link":"https:\/\/compuviper.mx\/tienda\/producto\/multimedia-screens-ast-1500-soporte-para-proyector-de-tiro-corto-1-50-mts-multimedia-screen\/","title":{"rendered":"Multimedia Screens Ast-1500 Soporte   Para Proyector De Tiro Corto , 1.50 Mts Multimedia Screen"},"content":{"rendered":"<table class=\"descripcion\">\n<tr>\n<td>Acabado en acero<\/td>\n<\/tr>\n<tr>\n<td>Disponible en color blanco<\/td>\n<\/tr>\n<tr>\n<td>Soporta m\u00e1ximo 12 kilogramos<\/td>\n<\/tr>\n<tr>\n<td>Elegante diseo<\/td>\n<\/tr>\n<tr>\n<td>Los cables pueden ir ocultos en el interior del brazo<\/td>\n<\/tr>\n<tr>\n<td>Diseo ligero<\/td>\n<\/tr>\n<tr>\n<td>Brazo ajustable desde 718mm hasta 1500 mm m\u00e1ximo<\/td>\n<\/tr>\n<tr>\n<td>Inclinacin \/- 42 grados<\/td>\n<\/tr>\n<tr>\n<td>Compatibilidad con cualquier marca y modelo de proyector<\/td>\n<\/tr>\n<tr>\n<td>Incluye tornillera<\/td>\n<\/tr>\n<\/table>\n","protected":false},"excerpt":{"rendered":"<p>Soporte para proyectores de tiro corto apertura maxima 1.50 metros<\/p>\n","protected":false},"featured_media":211866,"comment_status":"open","ping_status":"open","template":"","meta":[],"product_cat":[2267,2265],"product_tag":[1545],"acf":[],"yoast_head":"<!-- This site is optimized with the Yoast SEO plugin v21.7 - https:\/\/yoast.com\/wordpress\/plugins\/seo\/ -->\n<title>[ Multimedia Screens ] &#129351; Ast-1500 Soporte Para Proyector De Tiro Corto , 1.50 Mts Multimedia Screen<\/title>\n<meta name=\"description\" content=\"Compra Ast-1500 Soporte Para Proyector De Tiro Corto , 1.50 Mts Multimedia Screen + Env\u00edo a domicilio + Pago seguro + Garant\u00eda\" \/>\n<meta name=\"robots\" content=\"index, follow, max-snippet:-1, max-image-preview:large, max-video-preview:-1\" \/>\n<link rel=\"canonical\" href=\"https:\/\/compuviper.mx\/tienda\/producto\/multimedia-screens-ast-1500-soporte-para-proyector-de-tiro-corto-1-50-mts-multimedia-screen\/\" \/>\n<meta property=\"og:locale\" content=\"es_MX\" \/>\n<meta property=\"og:type\" content=\"article\" \/>\n<meta property=\"og:title\" content=\"[ Multimedia Screens ] &#129351; Ast-1500 Soporte Para Proyector De Tiro Corto , 1.50 Mts Multimedia Screen\" \/>\n<meta property=\"og:description\" content=\"Compra Ast-1500 Soporte Para Proyector De Tiro Corto , 1.50 Mts Multimedia Screen + Env\u00edo a domicilio + Pago seguro + Garant\u00eda\" \/>\n<meta property=\"og:url\" content=\"https:\/\/compuviper.mx\/tienda\/producto\/multimedia-screens-ast-1500-soporte-para-proyector-de-tiro-corto-1-50-mts-multimedia-screen\/\" \/>\n<meta property=\"og:site_name\" content=\"Compuviper\" \/>\n<meta property=\"article:publisher\" content=\"https:\/\/www.facebook.com\/compuviper\" \/>\n<meta property=\"article:modified_time\" content=\"2026-04-18T05:31:36+00:00\" \/>\n<meta property=\"og:image\" content=\"https:\/\/compuviper.mx\/tienda\/wp-content\/uploads\/2023\/12\/Soporte-ast-1500-para-proyector-de-tiro-corto-1.50-mts-multimedia-screen.jpg\" \/>\n\t<meta property=\"og:image:width\" content=\"200\" \/>\n\t<meta property=\"og:image:height\" content=\"200\" \/>\n\t<meta property=\"og:image:type\" content=\"image\/jpeg\" \/>\n<meta name=\"twitter:card\" content=\"summary_large_image\" \/>\n<meta name=\"twitter:label1\" content=\"Precio\" \/>\n\t<meta name=\"twitter:data1\" content=\"&#36;2,072 con IVA\" \/>\n\t<meta name=\"twitter:label2\" content=\"Availability\" \/>\n\t<meta name=\"twitter:data2\" content=\"On backorder\" \/>\n<script type=\"application\/ld+json\" class=\"yoast-schema-graph\">{\"@context\":\"https:\/\/schema.org\",\"@graph\":[{\"@type\":\"WebPage\",\"@id\":\"https:\/\/compuviper.mx\/tienda\/producto\/multimedia-screens-ast-1500-soporte-para-proyector-de-tiro-corto-1-50-mts-multimedia-screen\/\",\"url\":\"https:\/\/compuviper.mx\/tienda\/producto\/multimedia-screens-ast-1500-soporte-para-proyector-de-tiro-corto-1-50-mts-multimedia-screen\/\",\"name\":\"[ Multimedia Screens ] &#129351; Ast-1500 Soporte Para Proyector De Tiro Corto , 1.50 Mts Multimedia Screen\",\"isPartOf\":{\"@id\":\"https:\/\/compuviper.mx\/tienda\/#website\"},\"datePublished\":\"2026-04-18T05:31:35+00:00\",\"dateModified\":\"2026-04-18T05:31:36+00:00\",\"description\":\"Compra Ast-1500 Soporte Para Proyector De Tiro Corto , 1.50 Mts Multimedia Screen + Env\u00edo a domicilio + Pago seguro + Garant\u00eda\",\"breadcrumb\":{\"@id\":\"https:\/\/compuviper.mx\/tienda\/producto\/multimedia-screens-ast-1500-soporte-para-proyector-de-tiro-corto-1-50-mts-multimedia-screen\/#breadcrumb\"},\"inLanguage\":\"es-MX\",\"potentialAction\":[{\"@type\":\"ReadAction\",\"target\":[\"https:\/\/compuviper.mx\/tienda\/producto\/multimedia-screens-ast-1500-soporte-para-proyector-de-tiro-corto-1-50-mts-multimedia-screen\/\"]}]},{\"@type\":\"BreadcrumbList\",\"@id\":\"https:\/\/compuviper.mx\/tienda\/producto\/multimedia-screens-ast-1500-soporte-para-proyector-de-tiro-corto-1-50-mts-multimedia-screen\/#breadcrumb\",\"itemListElement\":[{\"@type\":\"ListItem\",\"position\":1,\"name\":\"Inicio\",\"item\":\"https:\/\/compuviper.mx\/tienda\/\"},{\"@type\":\"ListItem\",\"position\":2,\"name\":\"Productos\",\"item\":\"https:\/\/compuviper.mx\/tienda\/productos\/\"},{\"@type\":\"ListItem\",\"position\":3,\"name\":\"Soportes Y Bases P\/tv\/ Proyectores\/dvd\/consolas\/bocinas\/pantallas\/monotores\",\"item\":\"https:\/\/compuviper.mx\/tienda\/categoria-producto\/soportes-y-bases-p-tv-proyectores-dvd-consolas-bocinas-pantallas-monotores\/\"},{\"@type\":\"ListItem\",\"position\":4,\"name\":\"Soporte Y Base Para Proyector\",\"item\":\"https:\/\/compuviper.mx\/tienda\/categoria-producto\/soportes-y-bases-p-tv-proyectores-dvd-consolas-bocinas-pantallas-monotores\/soporte-y-base-para-proyector-soportes-y-bases-p-tv-proyectores-dvd-consolas-bocinas-pantallas-monotores\/\"},{\"@type\":\"ListItem\",\"position\":5,\"name\":\"Multimedia Screens Ast-1500 Soporte Para Proyector De Tiro Corto , 1.50 Mts Multimedia Screen\"}]},{\"@type\":\"WebSite\",\"@id\":\"https:\/\/compuviper.mx\/tienda\/#website\",\"url\":\"https:\/\/compuviper.mx\/tienda\/\",\"name\":\"Compuviper\",\"description\":\"Proveedor de Computadoras, Laptops, Servidores, Monitores, Puntos de Venta, Teclados,   Impresoras, T\u00f3ner, C\u00e1maras de Seguridad y m\u00e1s en tu tienda en l\u00ednea\",\"publisher\":{\"@id\":\"https:\/\/compuviper.mx\/tienda\/#organization\"},\"potentialAction\":[{\"@type\":\"SearchAction\",\"target\":{\"@type\":\"EntryPoint\",\"urlTemplate\":\"https:\/\/compuviper.mx\/tienda\/?s={search_term_string}\"},\"query-input\":\"required name=search_term_string\"}],\"inLanguage\":\"es-MX\"},{\"@type\":\"Organization\",\"@id\":\"https:\/\/compuviper.mx\/tienda\/#organization\",\"name\":\"Compuviper\",\"url\":\"https:\/\/compuviper.mx\/tienda\/\",\"logo\":{\"@type\":\"ImageObject\",\"inLanguage\":\"es-MX\",\"@id\":\"https:\/\/compuviper.mx\/tienda\/#\/schema\/logo\/image\/\",\"url\":\"https:\/\/compuviper.mx\/tienda\/wp-content\/uploads\/2021\/08\/Logo-Compuviper-10.png\",\"contentUrl\":\"https:\/\/compuviper.mx\/tienda\/wp-content\/uploads\/2021\/08\/Logo-Compuviper-10.png\",\"width\":1000,\"height\":500,\"caption\":\"Compuviper\"},\"image\":{\"@id\":\"https:\/\/compuviper.mx\/tienda\/#\/schema\/logo\/image\/\"},\"sameAs\":[\"https:\/\/www.facebook.com\/compuviper\",\"https:\/\/www.youtube.com\/channel\/UCf73dERp9Y3cfOq7q8BhLjA?view_as=subscriber\"]}]}<\/script>\n<meta property=\"product:brand\" content=\"MULTIMEDIA SCREENS\" \/>\n<meta property=\"product:price:amount\" content=\"2072\" \/>\n<meta property=\"product:price:currency\" content=\"MXN\" \/>\n<meta property=\"og:availability\" content=\"backorder\" \/>\n<meta property=\"product:availability\" content=\"available for order\" \/>\n<meta property=\"product:retailer_item_id\" content=\"AST-1500\" \/>\n<meta property=\"product:condition\" content=\"new\" \/>\n<!-- \/ Yoast SEO plugin. -->","yoast_head_json":{"title":"[ Multimedia Screens ] &#129351; Ast-1500 Soporte Para Proyector De Tiro Corto , 1.50 Mts Multimedia Screen","description":"Compra Ast-1500 Soporte Para Proyector De Tiro Corto , 1.50 Mts Multimedia Screen + Env\u00edo a domicilio + Pago seguro + Garant\u00eda","robots":{"index":"index","follow":"follow","max-snippet":"max-snippet:-1","max-image-preview":"max-image-preview:large","max-video-preview":"max-video-preview:-1"},"canonical":"https:\/\/compuviper.mx\/tienda\/producto\/multimedia-screens-ast-1500-soporte-para-proyector-de-tiro-corto-1-50-mts-multimedia-screen\/","og_locale":"es_MX","og_type":"article","og_title":"[ Multimedia Screens ] &#129351; Ast-1500 Soporte Para Proyector De Tiro Corto , 1.50 Mts Multimedia Screen","og_description":"Compra Ast-1500 Soporte Para Proyector De Tiro Corto , 1.50 Mts Multimedia Screen + Env\u00edo a domicilio + Pago seguro + Garant\u00eda","og_url":"https:\/\/compuviper.mx\/tienda\/producto\/multimedia-screens-ast-1500-soporte-para-proyector-de-tiro-corto-1-50-mts-multimedia-screen\/","og_site_name":"Compuviper","article_publisher":"https:\/\/www.facebook.com\/compuviper","article_modified_time":"2026-04-18T05:31:36+00:00","og_image":[{"width":200,"height":200,"url":"https:\/\/compuviper.mx\/tienda\/wp-content\/uploads\/2023\/12\/Soporte-ast-1500-para-proyector-de-tiro-corto-1.50-mts-multimedia-screen.jpg","type":"image\/jpeg"}],"twitter_card":"summary_large_image","twitter_misc":{"Precio":"&#36;2,072 con IVA","Availability":"On backorder"},"schema":{"@context":"https:\/\/schema.org","@graph":[{"@type":"WebPage","@id":"https:\/\/compuviper.mx\/tienda\/producto\/multimedia-screens-ast-1500-soporte-para-proyector-de-tiro-corto-1-50-mts-multimedia-screen\/","url":"https:\/\/compuviper.mx\/tienda\/producto\/multimedia-screens-ast-1500-soporte-para-proyector-de-tiro-corto-1-50-mts-multimedia-screen\/","name":"[ Multimedia Screens ] &#129351; Ast-1500 Soporte Para Proyector De Tiro Corto , 1.50 Mts Multimedia Screen","isPartOf":{"@id":"https:\/\/compuviper.mx\/tienda\/#website"},"datePublished":"2026-04-18T05:31:35+00:00","dateModified":"2026-04-18T05:31:36+00:00","description":"Compra Ast-1500 Soporte Para Proyector De Tiro Corto , 1.50 Mts Multimedia Screen + Env\u00edo a domicilio + Pago seguro + Garant\u00eda","breadcrumb":{"@id":"https:\/\/compuviper.mx\/tienda\/producto\/multimedia-screens-ast-1500-soporte-para-proyector-de-tiro-corto-1-50-mts-multimedia-screen\/#breadcrumb"},"inLanguage":"es-MX","potentialAction":[{"@type":"ReadAction","target":["https:\/\/compuviper.mx\/tienda\/producto\/multimedia-screens-ast-1500-soporte-para-proyector-de-tiro-corto-1-50-mts-multimedia-screen\/"]}]},{"@type":"BreadcrumbList","@id":"https:\/\/compuviper.mx\/tienda\/producto\/multimedia-screens-ast-1500-soporte-para-proyector-de-tiro-corto-1-50-mts-multimedia-screen\/#breadcrumb","itemListElement":[{"@type":"ListItem","position":1,"name":"Inicio","item":"https:\/\/compuviper.mx\/tienda\/"},{"@type":"ListItem","position":2,"name":"Productos","item":"https:\/\/compuviper.mx\/tienda\/productos\/"},{"@type":"ListItem","position":3,"name":"Soportes Y Bases P\/tv\/ Proyectores\/dvd\/consolas\/bocinas\/pantallas\/monotores","item":"https:\/\/compuviper.mx\/tienda\/categoria-producto\/soportes-y-bases-p-tv-proyectores-dvd-consolas-bocinas-pantallas-monotores\/"},{"@type":"ListItem","position":4,"name":"Soporte Y Base Para Proyector","item":"https:\/\/compuviper.mx\/tienda\/categoria-producto\/soportes-y-bases-p-tv-proyectores-dvd-consolas-bocinas-pantallas-monotores\/soporte-y-base-para-proyector-soportes-y-bases-p-tv-proyectores-dvd-consolas-bocinas-pantallas-monotores\/"},{"@type":"ListItem","position":5,"name":"Multimedia Screens Ast-1500 Soporte Para Proyector De Tiro Corto , 1.50 Mts Multimedia Screen"}]},{"@type":"WebSite","@id":"https:\/\/compuviper.mx\/tienda\/#website","url":"https:\/\/compuviper.mx\/tienda\/","name":"Compuviper","description":"Proveedor de Computadoras, Laptops, Servidores, Monitores, Puntos de Venta, Teclados,   Impresoras, T\u00f3ner, C\u00e1maras de Seguridad y m\u00e1s en tu tienda en l\u00ednea","publisher":{"@id":"https:\/\/compuviper.mx\/tienda\/#organization"},"potentialAction":[{"@type":"SearchAction","target":{"@type":"EntryPoint","urlTemplate":"https:\/\/compuviper.mx\/tienda\/?s={search_term_string}"},"query-input":"required name=search_term_string"}],"inLanguage":"es-MX"},{"@type":"Organization","@id":"https:\/\/compuviper.mx\/tienda\/#organization","name":"Compuviper","url":"https:\/\/compuviper.mx\/tienda\/","logo":{"@type":"ImageObject","inLanguage":"es-MX","@id":"https:\/\/compuviper.mx\/tienda\/#\/schema\/logo\/image\/","url":"https:\/\/compuviper.mx\/tienda\/wp-content\/uploads\/2021\/08\/Logo-Compuviper-10.png","contentUrl":"https:\/\/compuviper.mx\/tienda\/wp-content\/uploads\/2021\/08\/Logo-Compuviper-10.png","width":1000,"height":500,"caption":"Compuviper"},"image":{"@id":"https:\/\/compuviper.mx\/tienda\/#\/schema\/logo\/image\/"},"sameAs":["https:\/\/www.facebook.com\/compuviper","https:\/\/www.youtube.com\/channel\/UCf73dERp9Y3cfOq7q8BhLjA?view_as=subscriber"]}]},"product_brand":"MULTIMEDIA SCREENS","product_price_amount":"2072","product_price_currency":"MXN","og_availability":"backorder","product_availability":"available for order","product_retailer_item_id":"AST-1500","product_condition":"new"},"_links":{"self":[{"href":"https:\/\/compuviper.mx\/tienda\/wp-json\/wp\/v2\/product\/211865"}],"collection":[{"href":"https:\/\/compuviper.mx\/tienda\/wp-json\/wp\/v2\/product"}],"about":[{"href":"https:\/\/compuviper.mx\/tienda\/wp-json\/wp\/v2\/types\/product"}],"replies":[{"embeddable":true,"href":"https:\/\/compuviper.mx\/tienda\/wp-json\/wp\/v2\/comments?post=211865"}],"wp:featuredmedia":[{"embeddable":true,"href":"https:\/\/compuviper.mx\/tienda\/wp-json\/wp\/v2\/media\/211866"}],"wp:attachment":[{"href":"https:\/\/compuviper.mx\/tienda\/wp-json\/wp\/v2\/media?parent=211865"}],"wp:term":[{"taxonomy":"product_cat","embeddable":true,"href":"https:\/\/compuviper.mx\/tienda\/wp-json\/wp\/v2\/product_cat?post=211865"},{"taxonomy":"product_tag","embeddable":true,"href":"https:\/\/compuviper.mx\/tienda\/wp-json\/wp\/v2\/product_tag?post=211865"}],"curies":[{"name":"wp","href":"https:\/\/api.w.org\/{rel}","templated":true}]}}