{"id":211859,"date":"2026-04-27T23:30:30","date_gmt":"2026-04-28T05:30:30","guid":{"rendered":"https:\/\/compuviper.mx\/tienda\/producto\/manhattan-152808-docking-usb-c-11-ptos-hdmi-mini-dp-vga-usb-c-pd-3xusbv3-2-red-audio-sd-micro-sd\/"},"modified":"2026-04-27T23:30:30","modified_gmt":"2026-04-28T05:30:30","slug":"manhattan-152808-docking-usb-c-11-ptos-hdmi-mini-dp-vga-usb-c-pd-3xusbv3-2-red-audio-sd-micro-sd","status":"publish","type":"product","link":"https:\/\/compuviper.mx\/tienda\/producto\/manhattan-152808-docking-usb-c-11-ptos-hdmi-mini-dp-vga-usb-c-pd-3xusbv3-2-red-audio-sd-micro-sd\/","title":{"rendered":"Manhattan 152808 Docking Usb,,,-c 11 Ptos, Hdmi\/mini Dp\/vga, Usb-c Pd\/3xusbv3.2,  Red\/audio\/sd\/micro Sd"},"content":{"rendered":"<table class=\"descripcion\">\n<tr>\n<td>Est\u00e1ndares y certificaciones<\/td>\n<\/tr>\n<tr>\n<td>Usb 3.1<\/td>\n<\/tr>\n<tr>\n<td>Hdmi<\/td>\n<\/tr>\n<tr>\n<td>Hdcp 1.4<\/td>\n<\/tr>\n<tr>\n<td>Ce<\/td>\n<\/tr>\n<tr>\n<td>Fcc<\/td>\n<\/tr>\n<tr>\n<td>Rohs2<\/td>\n<\/tr>\n<tr>\n<td>Weee<\/td>\n<\/tr>\n<tr>\n<td>General<\/td>\n<\/tr>\n<tr>\n<td>Resoluci\u00f3n de v\u00eddeo: 640 x 480, 800 x 600, 1024 x 768, 1920 x 1200, 1080p, 3840 x 2160p at 30 hz, 4k<\/td>\n<\/tr>\n<tr>\n<td>Puertos usb-a: 5 gbps<\/td>\n<\/tr>\n<tr>\n<td>Soporta tarjetas falsh:sd \/ sdhc \/ sdxc \/ extreme sd \/ extreme ii sd \/ extreme iii sd \/ ultra sd \/ ultra ii sd \/ ultra ii sd p plus \/ sd-ultra-x \/ ultra speed sd \/ sd pro \/ sd elite pro \/ hs sd \/ mmc \/ mmc 4.0 \/ hs mmc \/ hs rs mmc \/ rs mmc \/ rs mmc 4.0 \/ mmc m\u00f3vil<\/td>\n<\/tr>\n<tr>\n<td>Soporta tarjetas flash: sd, sdhc and sdxc; up to 128 gb<\/td>\n<\/tr>\n<tr>\n<td>Velocidad de transferencia: hasta 90 mbps<\/td>\n<\/tr>\n<tr>\n<td>Calibrador del cable24 awg<\/td>\n<\/tr>\n<tr>\n<td>Alimentado por bus<\/td>\n<\/tr>\n<tr>\n<td>Usb-c pd puerto de alimentaci\u00f3n: 60 w (20 v a 3 a)<\/td>\n<\/tr>\n<tr>\n<td>Usb-a de carga 10 w (5 v a 2 a)<\/td>\n<\/tr>\n<tr>\n<td>Un puerto bc 1.2: 7.5 w (5 v a 1.5 a)<\/td>\n<\/tr>\n<tr>\n<td>Dos puertos compartidos: 5 w (5 v a 1 a)<\/td>\n<\/tr>\n<tr>\n<td>Blindaje de mylar y aluminio<\/td>\n<\/tr>\n<tr>\n<td>Tensi\u00f3n de resistencia: 300 v dc<\/td>\n<\/tr>\n<tr>\n<td>Resistencia de los aislantes: 10 m and #937;<\/td>\n<\/tr>\n<tr>\n<td>Resistencia conductiva: 5 and #937;<\/td>\n<\/tr>\n<tr>\n<td>Conexiones<\/td>\n<\/tr>\n<tr>\n<td>Entradas:<\/td>\n<\/tr>\n<tr>\n<td>1 entrada usb tipo-c con 24-pines, macho<\/td>\n<\/tr>\n<tr>\n<td>Salidas:<\/td>\n<\/tr>\n<tr>\n<td>1 entrada hdmi de 19-pines, hembra<\/td>\n<\/tr>\n<tr>\n<td>1 entradamini displayport 20 pines, hembra<\/td>\n<\/tr>\n<tr>\n<td>1 entrada vga de 15-pines, hembra<\/td>\n<\/tr>\n<tr>\n<td>1 entrada 10\/100\/1000 mbps rj45, hembra<\/td>\n<\/tr>\n<tr>\n<td>3 entradasusb tipo-a 4 pienes, hembra<\/td>\n<\/tr>\n<tr>\n<td>1 entrada para memorias sd<\/td>\n<\/tr>\n<tr>\n<td>1 entrada para memoria mini sd<\/td>\n<\/tr>\n<tr>\n<td>1 entrada stereo 3.5mm, hembra<\/td>\n<\/tr>\n<tr>\n<td>1 entrada usb-c 24 pines, entrega de energ\u00eda, hembra<\/td>\n<\/tr>\n<tr>\n<td>Dise\u00f1o<\/td>\n<\/tr>\n<tr>\n<td>Chasis: 137 x 75 x 17 cm (5.4 x 3 x 0.7 pulgadas)<\/td>\n<\/tr>\n<tr>\n<td>Longitud del cable: 20 cm (8 pulgadas)<\/td>\n<\/tr>\n<tr>\n<td>Peso: 198 g<\/td>\n<\/tr>\n<tr>\n<td>Chas\u00eds: aluminio<\/td>\n<\/tr>\n<tr>\n<td>Ambiente de operaci\u00f3n<\/td>\n<\/tr>\n<tr>\n<td>Temperatura de operaci\u00f3n:0 \u0096 45\u00b0c (32 \u0096 113\u00b0f)<\/td>\n<\/tr>\n<tr>\n<td>Operaci\u00f3n de almacenamiento: -10 \u0096 70\u00b0c (14 \u0096 158\u00b0f)<\/td>\n<\/tr>\n<tr>\n<td>Humedad (sin condensar): 10 &#8211; 90%<\/td>\n<\/tr>\n<tr>\n<td>Requerimientos del sistema<\/td>\n<\/tr>\n<tr>\n<td>Windows xp\/vista\/7\/8.1\/10 or linux or mac 10.7.1 o superior<\/td>\n<\/tr>\n<tr>\n<td>Contenido del paquete<\/td>\n<\/tr>\n<tr>\n<td>Convertidor docking usb tipo-c<\/td>\n<\/tr>\n<tr>\n<td>Gu\u00eda de instrucciones r\u00e1pidas<\/td>\n<\/tr>\n<\/table>\n","protected":false},"excerpt":{"rendered":"<p>Estaci\u00f3n docking usb-c supervelocidad 7 en 1. Usb 3.1 tipo-c macho a hdmi, mini dp o vga, tres puertos usb 3.0 tipo-a,puerto usb-c pd, gigabit puerto rj45, lector tarjetas sd y puerto de audio de 3.5 mm, aluminio, gris. La estaci\u00f3n de acoplamiento multifunci\u00f3n conecta un dispositivo usb de tipo c a una pantalla hdmi, mini dp o vga, tres puertos usb 3.0 tipo a, un puerto 10\/100\/1000 mbps, un puerto est\u00e9reo de 3.5 mm, un puerto de alimentaci\u00f3n usb-c y un lector de tarjetas sd. Proporciona video y audio de 4k@30hz de ultra alta definici\u00f3n (uhd) a trav\u00e9s de una conexi\u00f3n hdmi o mini dp o v\u00eddeo hd 1080p a trav\u00e9s de una conexi\u00f3n vga. Los modos de espejo o pantalla extendida admiten resoluciones de v\u00eddeo de hasta 1080p@60hz o 3840&#215;2160 a 30 hz (4k) full uhd; mac s\u00f3lo admite modo de espejo. Un puerto gigabit ethernet (10\/100\/1000) para descargas m\u00e1s r\u00e1pidas, streaming de medios y juegos. Tres puertos usb 3.0 de tipo a para conectar ratones, teclados o dispositivos de memoria port\u00e1til (y m\u00e1s) o para cargar y sincronizar un dispositivo electr\u00f3nico port\u00e1til. Usb-a los puertos superspeed  and #8203; and #8203;ofrecen velocidades de transmisi\u00f3n de datos de 5 gbps; cargas de puerto bc1.2 hasta 7,5 w (5 v \/ 1,5 a. F\u00e1cil acceso a medios y gesti\u00f3n de contenidos con lectura \/ escritura \/ copia micro sd y ranuras sd; admite la detecci\u00f3n autom\u00e1tica de tarjetas y velocidades de transferencia de datos de hasta 90 mbps. Puerto de suministro de energ\u00eda usb-c (pd) para un m\u00e1ximo de 60 w (20 v a 3 a) a dispositivos conectados. El puerto usb-c proporciona una transmisi\u00f3n de datos de 5 gbps. Conector de 3,5 mm para sonido est\u00e9reo de alta calidad; tanto mic (entrada de audio) y auriculares (salida de audio. La carcasa de aluminio hace un convertidor durable perfecto para el escritorio o compa\u00f1ero de viaje. Compatible con todos los equipos de escritorio o port\u00e1tiles y tabletas compatibles con usb-c dp-alt-mode, incluidos apple macbook, chromebook, pixel y m\u00e1s. Compatible con displayport 1.2 modo alternativo (modo alt dp. Plug and play. Completamente blindado para reducir emi y otras fuentes de interferencia. Terminales modeadas en pvc y a prueba de tensiones. Tres a\u00f1os de garant\u00eda<\/p>\n","protected":false},"featured_media":211860,"comment_status":"open","ping_status":"open","template":"","meta":[],"product_cat":[1485,1506],"product_tag":[1487],"acf":[],"yoast_head":"<!-- This site is optimized with the Yoast SEO plugin v21.7 - https:\/\/yoast.com\/wordpress\/plugins\/seo\/ -->\n<title>[ Manhattan ] &#129351; 152808 Docking Usb,,,-c 11 Ptos, Hdmi\/mini Dp\/vga, Usb-c Pd\/3xusbv3.2, Red\/audio\/sd\/micro Sd<\/title>\n<meta name=\"description\" content=\"Compra 152808 Docking Usb,,,-c 11 Ptos, Hdmi\/mini Dp\/vga, Usb-c Pd\/3xusbv3.2, Red\/audio\/sd\/micro Sd + Env\u00edo a domicilio + Pago seguro + Garant\u00eda\" \/>\n<meta name=\"robots\" content=\"index, follow, max-snippet:-1, max-image-preview:large, max-video-preview:-1\" \/>\n<link rel=\"canonical\" href=\"https:\/\/compuviper.mx\/tienda\/producto\/manhattan-152808-docking-usb-c-11-ptos-hdmi-mini-dp-vga-usb-c-pd-3xusbv3-2-red-audio-sd-micro-sd\/\" \/>\n<meta property=\"og:locale\" content=\"es_MX\" \/>\n<meta property=\"og:type\" content=\"article\" \/>\n<meta property=\"og:title\" content=\"[ Manhattan ] &#129351; 152808 Docking Usb,,,-c 11 Ptos, Hdmi\/mini Dp\/vga, Usb-c Pd\/3xusbv3.2, Red\/audio\/sd\/micro Sd\" \/>\n<meta property=\"og:description\" content=\"Compra 152808 Docking Usb,,,-c 11 Ptos, Hdmi\/mini Dp\/vga, Usb-c Pd\/3xusbv3.2, Red\/audio\/sd\/micro Sd + Env\u00edo a domicilio + Pago seguro + Garant\u00eda\" \/>\n<meta property=\"og:url\" content=\"https:\/\/compuviper.mx\/tienda\/producto\/manhattan-152808-docking-usb-c-11-ptos-hdmi-mini-dp-vga-usb-c-pd-3xusbv3-2-red-audio-sd-micro-sd\/\" \/>\n<meta property=\"og:site_name\" content=\"Compuviper\" \/>\n<meta property=\"article:publisher\" content=\"https:\/\/www.facebook.com\/compuviper\" \/>\n<meta property=\"og:image\" content=\"https:\/\/compuviper.mx\/tienda\/wp-content\/uploads\/2023\/12\/Docking-usbmanhattan152808-c-11-ptos-hdmimini-dpvga-usb-c-pd3xusbv3.2-redaudiosdmicro-sd.jpg\" \/>\n\t<meta property=\"og:image:width\" content=\"200\" \/>\n\t<meta property=\"og:image:height\" content=\"200\" \/>\n\t<meta property=\"og:image:type\" content=\"image\/jpeg\" \/>\n<meta name=\"twitter:card\" content=\"summary_large_image\" \/>\n<meta name=\"twitter:label1\" content=\"Precio\" \/>\n\t<meta name=\"twitter:data1\" content=\"&#36;1,435 con IVA\" \/>\n\t<meta name=\"twitter:label2\" content=\"Availability\" \/>\n\t<meta name=\"twitter:data2\" content=\"Out of stock\" \/>\n<script type=\"application\/ld+json\" class=\"yoast-schema-graph\">{\"@context\":\"https:\/\/schema.org\",\"@graph\":[{\"@type\":\"WebPage\",\"@id\":\"https:\/\/compuviper.mx\/tienda\/producto\/manhattan-152808-docking-usb-c-11-ptos-hdmi-mini-dp-vga-usb-c-pd-3xusbv3-2-red-audio-sd-micro-sd\/\",\"url\":\"https:\/\/compuviper.mx\/tienda\/producto\/manhattan-152808-docking-usb-c-11-ptos-hdmi-mini-dp-vga-usb-c-pd-3xusbv3-2-red-audio-sd-micro-sd\/\",\"name\":\"[ Manhattan ] &#129351; 152808 Docking Usb,,,-c 11 Ptos, Hdmi\/mini Dp\/vga, Usb-c Pd\/3xusbv3.2, Red\/audio\/sd\/micro Sd\",\"isPartOf\":{\"@id\":\"https:\/\/compuviper.mx\/tienda\/#website\"},\"datePublished\":\"2026-04-28T05:30:30+00:00\",\"dateModified\":\"2026-04-28T05:30:30+00:00\",\"description\":\"Compra 152808 Docking Usb,,,-c 11 Ptos, Hdmi\/mini Dp\/vga, Usb-c Pd\/3xusbv3.2, Red\/audio\/sd\/micro Sd + Env\u00edo a domicilio + Pago seguro + Garant\u00eda\",\"breadcrumb\":{\"@id\":\"https:\/\/compuviper.mx\/tienda\/producto\/manhattan-152808-docking-usb-c-11-ptos-hdmi-mini-dp-vga-usb-c-pd-3xusbv3-2-red-audio-sd-micro-sd\/#breadcrumb\"},\"inLanguage\":\"es-MX\",\"potentialAction\":[{\"@type\":\"ReadAction\",\"target\":[\"https:\/\/compuviper.mx\/tienda\/producto\/manhattan-152808-docking-usb-c-11-ptos-hdmi-mini-dp-vga-usb-c-pd-3xusbv3-2-red-audio-sd-micro-sd\/\"]}]},{\"@type\":\"BreadcrumbList\",\"@id\":\"https:\/\/compuviper.mx\/tienda\/producto\/manhattan-152808-docking-usb-c-11-ptos-hdmi-mini-dp-vga-usb-c-pd-3xusbv3-2-red-audio-sd-micro-sd\/#breadcrumb\",\"itemListElement\":[{\"@type\":\"ListItem\",\"position\":1,\"name\":\"Inicio\",\"item\":\"https:\/\/compuviper.mx\/tienda\/\"},{\"@type\":\"ListItem\",\"position\":2,\"name\":\"Productos\",\"item\":\"https:\/\/compuviper.mx\/tienda\/productos\/\"},{\"@type\":\"ListItem\",\"position\":3,\"name\":\"Accesorios\",\"item\":\"https:\/\/compuviper.mx\/tienda\/categoria-producto\/accesorios\/\"},{\"@type\":\"ListItem\",\"position\":4,\"name\":\"Conectividad\",\"item\":\"https:\/\/compuviper.mx\/tienda\/categoria-producto\/accesorios\/conectividad\/\"},{\"@type\":\"ListItem\",\"position\":5,\"name\":\"Manhattan 152808 Docking Usb,,,-c 11 Ptos, Hdmi\/mini Dp\/vga, Usb-c Pd\/3xusbv3.2, Red\/audio\/sd\/micro Sd\"}]},{\"@type\":\"WebSite\",\"@id\":\"https:\/\/compuviper.mx\/tienda\/#website\",\"url\":\"https:\/\/compuviper.mx\/tienda\/\",\"name\":\"Compuviper\",\"description\":\"Proveedor de Computadoras, Laptops, Servidores, Monitores, Puntos de Venta, Teclados,   Impresoras, T\u00f3ner, C\u00e1maras de Seguridad y m\u00e1s en tu tienda en l\u00ednea\",\"publisher\":{\"@id\":\"https:\/\/compuviper.mx\/tienda\/#organization\"},\"potentialAction\":[{\"@type\":\"SearchAction\",\"target\":{\"@type\":\"EntryPoint\",\"urlTemplate\":\"https:\/\/compuviper.mx\/tienda\/?s={search_term_string}\"},\"query-input\":\"required name=search_term_string\"}],\"inLanguage\":\"es-MX\"},{\"@type\":\"Organization\",\"@id\":\"https:\/\/compuviper.mx\/tienda\/#organization\",\"name\":\"Compuviper\",\"url\":\"https:\/\/compuviper.mx\/tienda\/\",\"logo\":{\"@type\":\"ImageObject\",\"inLanguage\":\"es-MX\",\"@id\":\"https:\/\/compuviper.mx\/tienda\/#\/schema\/logo\/image\/\",\"url\":\"https:\/\/compuviper.mx\/tienda\/wp-content\/uploads\/2021\/08\/Logo-Compuviper-10.png\",\"contentUrl\":\"https:\/\/compuviper.mx\/tienda\/wp-content\/uploads\/2021\/08\/Logo-Compuviper-10.png\",\"width\":1000,\"height\":500,\"caption\":\"Compuviper\"},\"image\":{\"@id\":\"https:\/\/compuviper.mx\/tienda\/#\/schema\/logo\/image\/\"},\"sameAs\":[\"https:\/\/www.facebook.com\/compuviper\",\"https:\/\/www.youtube.com\/channel\/UCf73dERp9Y3cfOq7q8BhLjA?view_as=subscriber\"]}]}<\/script>\n<meta property=\"product:brand\" content=\"MANHATTAN\" \/>\n<meta property=\"product:price:amount\" content=\"1435\" \/>\n<meta property=\"product:price:currency\" content=\"MXN\" \/>\n<meta property=\"og:availability\" content=\"out of stock\" \/>\n<meta property=\"product:availability\" content=\"out of stock\" \/>\n<meta property=\"product:retailer_item_id\" content=\"152808\" \/>\n<meta property=\"product:condition\" content=\"new\" \/>\n<!-- \/ Yoast SEO plugin. -->","yoast_head_json":{"title":"[ Manhattan ] &#129351; 152808 Docking Usb,,,-c 11 Ptos, Hdmi\/mini Dp\/vga, Usb-c Pd\/3xusbv3.2, Red\/audio\/sd\/micro Sd","description":"Compra 152808 Docking Usb,,,-c 11 Ptos, Hdmi\/mini Dp\/vga, Usb-c Pd\/3xusbv3.2, Red\/audio\/sd\/micro Sd + Env\u00edo a domicilio + Pago seguro + Garant\u00eda","robots":{"index":"index","follow":"follow","max-snippet":"max-snippet:-1","max-image-preview":"max-image-preview:large","max-video-preview":"max-video-preview:-1"},"canonical":"https:\/\/compuviper.mx\/tienda\/producto\/manhattan-152808-docking-usb-c-11-ptos-hdmi-mini-dp-vga-usb-c-pd-3xusbv3-2-red-audio-sd-micro-sd\/","og_locale":"es_MX","og_type":"article","og_title":"[ Manhattan ] &#129351; 152808 Docking Usb,,,-c 11 Ptos, Hdmi\/mini Dp\/vga, Usb-c Pd\/3xusbv3.2, Red\/audio\/sd\/micro Sd","og_description":"Compra 152808 Docking Usb,,,-c 11 Ptos, Hdmi\/mini Dp\/vga, Usb-c Pd\/3xusbv3.2, Red\/audio\/sd\/micro Sd + Env\u00edo a domicilio + Pago seguro + Garant\u00eda","og_url":"https:\/\/compuviper.mx\/tienda\/producto\/manhattan-152808-docking-usb-c-11-ptos-hdmi-mini-dp-vga-usb-c-pd-3xusbv3-2-red-audio-sd-micro-sd\/","og_site_name":"Compuviper","article_publisher":"https:\/\/www.facebook.com\/compuviper","og_image":[{"width":200,"height":200,"url":"https:\/\/compuviper.mx\/tienda\/wp-content\/uploads\/2023\/12\/Docking-usbmanhattan152808-c-11-ptos-hdmimini-dpvga-usb-c-pd3xusbv3.2-redaudiosdmicro-sd.jpg","type":"image\/jpeg"}],"twitter_card":"summary_large_image","twitter_misc":{"Precio":"&#36;1,435 con IVA","Availability":"Out of stock"},"schema":{"@context":"https:\/\/schema.org","@graph":[{"@type":"WebPage","@id":"https:\/\/compuviper.mx\/tienda\/producto\/manhattan-152808-docking-usb-c-11-ptos-hdmi-mini-dp-vga-usb-c-pd-3xusbv3-2-red-audio-sd-micro-sd\/","url":"https:\/\/compuviper.mx\/tienda\/producto\/manhattan-152808-docking-usb-c-11-ptos-hdmi-mini-dp-vga-usb-c-pd-3xusbv3-2-red-audio-sd-micro-sd\/","name":"[ Manhattan ] &#129351; 152808 Docking Usb,,,-c 11 Ptos, Hdmi\/mini Dp\/vga, Usb-c Pd\/3xusbv3.2, Red\/audio\/sd\/micro Sd","isPartOf":{"@id":"https:\/\/compuviper.mx\/tienda\/#website"},"datePublished":"2026-04-28T05:30:30+00:00","dateModified":"2026-04-28T05:30:30+00:00","description":"Compra 152808 Docking Usb,,,-c 11 Ptos, Hdmi\/mini Dp\/vga, Usb-c Pd\/3xusbv3.2, Red\/audio\/sd\/micro Sd + Env\u00edo a domicilio + Pago seguro + Garant\u00eda","breadcrumb":{"@id":"https:\/\/compuviper.mx\/tienda\/producto\/manhattan-152808-docking-usb-c-11-ptos-hdmi-mini-dp-vga-usb-c-pd-3xusbv3-2-red-audio-sd-micro-sd\/#breadcrumb"},"inLanguage":"es-MX","potentialAction":[{"@type":"ReadAction","target":["https:\/\/compuviper.mx\/tienda\/producto\/manhattan-152808-docking-usb-c-11-ptos-hdmi-mini-dp-vga-usb-c-pd-3xusbv3-2-red-audio-sd-micro-sd\/"]}]},{"@type":"BreadcrumbList","@id":"https:\/\/compuviper.mx\/tienda\/producto\/manhattan-152808-docking-usb-c-11-ptos-hdmi-mini-dp-vga-usb-c-pd-3xusbv3-2-red-audio-sd-micro-sd\/#breadcrumb","itemListElement":[{"@type":"ListItem","position":1,"name":"Inicio","item":"https:\/\/compuviper.mx\/tienda\/"},{"@type":"ListItem","position":2,"name":"Productos","item":"https:\/\/compuviper.mx\/tienda\/productos\/"},{"@type":"ListItem","position":3,"name":"Accesorios","item":"https:\/\/compuviper.mx\/tienda\/categoria-producto\/accesorios\/"},{"@type":"ListItem","position":4,"name":"Conectividad","item":"https:\/\/compuviper.mx\/tienda\/categoria-producto\/accesorios\/conectividad\/"},{"@type":"ListItem","position":5,"name":"Manhattan 152808 Docking Usb,,,-c 11 Ptos, Hdmi\/mini Dp\/vga, Usb-c Pd\/3xusbv3.2, Red\/audio\/sd\/micro Sd"}]},{"@type":"WebSite","@id":"https:\/\/compuviper.mx\/tienda\/#website","url":"https:\/\/compuviper.mx\/tienda\/","name":"Compuviper","description":"Proveedor de Computadoras, Laptops, Servidores, Monitores, Puntos de Venta, Teclados,   Impresoras, T\u00f3ner, C\u00e1maras de Seguridad y m\u00e1s en tu tienda en l\u00ednea","publisher":{"@id":"https:\/\/compuviper.mx\/tienda\/#organization"},"potentialAction":[{"@type":"SearchAction","target":{"@type":"EntryPoint","urlTemplate":"https:\/\/compuviper.mx\/tienda\/?s={search_term_string}"},"query-input":"required name=search_term_string"}],"inLanguage":"es-MX"},{"@type":"Organization","@id":"https:\/\/compuviper.mx\/tienda\/#organization","name":"Compuviper","url":"https:\/\/compuviper.mx\/tienda\/","logo":{"@type":"ImageObject","inLanguage":"es-MX","@id":"https:\/\/compuviper.mx\/tienda\/#\/schema\/logo\/image\/","url":"https:\/\/compuviper.mx\/tienda\/wp-content\/uploads\/2021\/08\/Logo-Compuviper-10.png","contentUrl":"https:\/\/compuviper.mx\/tienda\/wp-content\/uploads\/2021\/08\/Logo-Compuviper-10.png","width":1000,"height":500,"caption":"Compuviper"},"image":{"@id":"https:\/\/compuviper.mx\/tienda\/#\/schema\/logo\/image\/"},"sameAs":["https:\/\/www.facebook.com\/compuviper","https:\/\/www.youtube.com\/channel\/UCf73dERp9Y3cfOq7q8BhLjA?view_as=subscriber"]}]},"product_brand":"MANHATTAN","product_price_amount":"1435","product_price_currency":"MXN","og_availability":"out of stock","product_availability":"out of stock","product_retailer_item_id":"152808","product_condition":"new"},"_links":{"self":[{"href":"https:\/\/compuviper.mx\/tienda\/wp-json\/wp\/v2\/product\/211859"}],"collection":[{"href":"https:\/\/compuviper.mx\/tienda\/wp-json\/wp\/v2\/product"}],"about":[{"href":"https:\/\/compuviper.mx\/tienda\/wp-json\/wp\/v2\/types\/product"}],"replies":[{"embeddable":true,"href":"https:\/\/compuviper.mx\/tienda\/wp-json\/wp\/v2\/comments?post=211859"}],"wp:featuredmedia":[{"embeddable":true,"href":"https:\/\/compuviper.mx\/tienda\/wp-json\/wp\/v2\/media\/211860"}],"wp:attachment":[{"href":"https:\/\/compuviper.mx\/tienda\/wp-json\/wp\/v2\/media?parent=211859"}],"wp:term":[{"taxonomy":"product_cat","embeddable":true,"href":"https:\/\/compuviper.mx\/tienda\/wp-json\/wp\/v2\/product_cat?post=211859"},{"taxonomy":"product_tag","embeddable":true,"href":"https:\/\/compuviper.mx\/tienda\/wp-json\/wp\/v2\/product_tag?post=211859"}],"curies":[{"name":"wp","href":"https:\/\/api.w.org\/{rel}","templated":true}]}}