{"id":211837,"date":"2026-04-01T23:29:44","date_gmt":"2026-04-02T05:29:44","guid":{"rendered":"https:\/\/compuviper.mx\/tienda\/producto\/grandstream-gxw4224-gateway-24-puertos-fxs-1-puerto-telco-de-50-pins-montaje-escritorio-y-rack\/"},"modified":"2026-04-01T23:29:44","modified_gmt":"2026-04-02T05:29:44","slug":"grandstream-gxw4224-v2-gateway-gxw4224-24-puertos-fxs-1-puerto-telco-de-50-pins-montaje-escritorio-y-rack","status":"publish","type":"product","link":"https:\/\/compuviper.mx\/tienda\/producto\/grandstream-gxw4224-v2-gateway-gxw4224-24-puertos-fxs-1-puerto-telco-de-50-pins-montaje-escritorio-y-rack\/","title":{"rendered":"Grandstream Gxw4224 V2 Gateway  Gxw4224\/ 24 Puertos Fxs 1 Puerto Telco De 50 Pins Montaje Escritorio Y Rack"},"content":{"rendered":"<table class=\"descripcion\">\n<tr>\n<td>Interfaces telef\u00f3nicas   gxw4216\/4224\/4232: 16\/24\/32 x rj11 puertos fxs y 1\/1\/2 conectores telco de 50- pin  gxw4248: 2 conectores telco de 50-pin<\/td>\n<\/tr>\n<tr>\n<td>Interfaces de red    un (1) puerto con  detecci\u00f3n autom\u00e1tica de 10m\/100m\/1000mbp (rj45)<\/td>\n<\/tr>\n<tr>\n<td>Indicadores led  enlace  lan, actividad lan, conexi\u00f3n por  puerto telef\u00f3nico<\/td>\n<\/tr>\n<tr>\n<td>Pantalla lcd  pantalla gr\u00e1fica lcd retroiluminada de 128&#215;32 con  soporte de diversas lenguas<\/td>\n<\/tr>\n<tr>\n<td>Voz-sobre-paquetes de capaci- dades<\/td>\n<\/tr>\n<tr>\n<td>Cancelaci\u00f3n de eco  en la l\u00ednea  propuesta por  ventanas, b\u00fafer de fluctuaci\u00f3n din\u00e1- mica,  detecci\u00f3n de modem  and  auto conexi\u00f3n a g.711<\/td>\n<\/tr>\n<tr>\n<td>Compresi\u00f3n de voz    g.711, g.723.1, g.726 (40\/32\/24\/16), g.729 a\/b, ilbc<\/td>\n<\/tr>\n<tr>\n<td>Fax sobre ip   rel\u00e9 de fax conforme a t.38, grupo 3 hasta 14.4 kbps y auto conmutaci\u00f3n en g.711 por  intercomunicaci\u00f3n fax ,fax datapump v.17, v.21, v.27ter,  v.29 por  t.38 rel\u00e9  fax<\/td>\n<\/tr>\n<tr>\n<td>Funciones de telefon\u00eda<\/td>\n<\/tr>\n<tr>\n<td>Visualizaci\u00f3n o bloqueo del identificador de llamada, llamada en espera, ciego  o transferencia de llamadas, desv\u00edo de llamadas, no molestar, conferencia de 3 v\u00edas, retorno de la \u00faltima llamada, paginaci\u00f3n, indicador de mensaje en espera led (led neon) y tono intermitente, marcaci\u00f3n autom\u00e1tica<\/td>\n<\/tr>\n<tr>\n<td>Qos    diffserv, tos, 802.1p\/q vlan tagging<\/td>\n<\/tr>\n<tr>\n<td>Protocolos de red    tcp\/udp, rtp\/rtcp, http\/https, arp, icmp, dns, dhcp, ntp, tftp, pppoe, stun, lldp (pendiente)<\/td>\n<\/tr>\n<tr>\n<td>M\u00e9todo dtmf  m\u00e9todos flexibles de transmisi\u00f3n dtmf incluyendo audio de entrada, rfc2833, y\/o<\/td>\n<\/tr>\n<tr>\n<td>Info sip<\/td>\n<\/tr>\n<tr>\n<td>Se\u00f1alizaci\u00f3n   sip (rfc 3261) sobre udp\/tcp\/tls<\/td>\n<\/tr>\n<tr>\n<td>Perfiles de servidores sip  and<\/td>\n<\/tr>\n<tr>\n<td>Cuentas por sistema  4 perfiles de servidores sip por  sistema y cuenta independiente sip por  puerto<\/td>\n<\/tr>\n<tr>\n<td>Aprovisionamiento   tftp, http, https,tr069<\/td>\n<\/tr>\n<tr>\n<td>Seguridad   srtp, tls\/sips, https, 802.1x (pendiente)<\/td>\n<\/tr>\n<tr>\n<td>Gesti\u00f3n   syslog, https, navegador web, mensaje de voz, tr-069<\/td>\n<\/tr>\n<tr>\n<td>Adaptador de corriente universal  gxw4232\/4224\/4216: entrada: 12vdc, 5a; salida:  100 ~ 240vac, 50 ~ 60 hz; gxw4248: entrada: 24vdc, 6.25a; salida:  100 ~ 240 vac, 50 ~ 60 hz<\/td>\n<\/tr>\n<tr>\n<td>Ambiental   operaci\u00f3n:0\u00b0c ~ 40\u00b0c; almacenamiento:-20\u00b0c ~ 60\u00b0c; humedad: 10% ~ 90% (sin condensaci\u00f3n)<\/td>\n<\/tr>\n<tr>\n<td>Protecci\u00f3n el\u00e9ctrica   protecci\u00f3n contra exceso de voltaje y tensi\u00f3n (itu-t recomendaci\u00f3n k.21 prueba de nivel b\u00e1sico)<\/td>\n<\/tr>\n<tr>\n<td>F\u00edsico<\/td>\n<\/tr>\n<tr>\n<td>Dimensi\u00f3n unitaria: 440mm (l) x 255mm (w) x 44mm (h) (1u) (gxw4248)<\/td>\n<\/tr>\n<tr>\n<td>440mm (l) x 185mm (w) x 44mm (h) (1u) (gxw4216\/4224\/4232) peso unitario: 3.21kg; peso del paquete: 4.31kg (gxw4248)<\/td>\n<\/tr>\n<tr>\n<td>2.63 kg;                              3.68kg (gxw4232)<\/td>\n<\/tr>\n<tr>\n<td>2.57 kg;                              3.62kg (gxw4224)<\/td>\n<\/tr>\n<tr>\n<td>2.39 kg;                              3.48kg (gxw4216)<\/td>\n<\/tr>\n<tr>\n<td>Montaje   montaje de escritorio y rack  con  soportes delanteros<\/td>\n<\/tr>\n<tr>\n<td>Corta  y larga distancia   2 ren, hasta 6000  pies  en 24 awg de cable identificador de llamada   tipo bellcore 1 and 2, etsi, bt, ntt y dtmf- basado en cid m\u00e9todos de desconexi\u00f3n  tono  de ocupado, inversi\u00f3n de polaridad \/ wink, loop current<\/td>\n<\/tr>\n<tr>\n<td>Conformidad<\/td>\n<\/tr>\n<tr>\n<td>Fcc: part 15 (cfr 47) class b, ce: en55022 class b, en55024, en61000-3-2, en61000-3-3, en60950-1, rohs, c-tick: as\/nzs cispr 22 class b, as\/nzs cispr 24, as\/nzs 60950, itu-t k.21 (basic test level); ul 60950 (power adapter)<\/td>\n<\/tr>\n<\/table>\n","protected":false},"excerpt":{"rendered":"<p>El gxw4224 es la nueva generaci\u00f3n de gateway voip de alto rendimiento y alta densidad de puertos an\u00e1logos. Son totalmente compatibles con los est\u00e1ndares sip y ampliamente interoperables con diversos sistemas de voip, pbx anal\u00f3gica y tel\u00e9fonos en el mercado. Cuenta con m\u00faltiples puertos fxs anal\u00f3gicos de telefon\u00eda (24), calidad de voz extraordinaria, ricas funciones de telefon\u00eda, aprovisionamiento f\u00e1cil, adem\u00e1s de planes de marcaci\u00f3n flexibles, protecci\u00f3n de seguridad avanzada y un rendimiento excelente en el manejo de altos vol\u00famenes de llamadas de voz. La serie de los gateway gxw4216\/4224\/4232\/4248 ofrece a las peque\u00f1as y medianas empresas un h\u00edbrido ip de costo asequible y un sistema de tel\u00e9fono anal\u00f3gico que les permite disfrutar de los beneficios de las comunicaciones voip, preservando las inversiones en los actuales tel\u00e9fonos anal\u00f3gicos, faxes y sistemas pbx.<\/p>\n","protected":false},"featured_media":211838,"comment_status":"open","ping_status":"open","template":"","meta":[],"product_cat":[1485,1521],"product_tag":[1576],"acf":[],"yoast_head":"<!-- This site is optimized with the Yoast SEO plugin v21.7 - https:\/\/yoast.com\/wordpress\/plugins\/seo\/ -->\n<title>[ Grandstream ] &#129351; Gxw4224 V2 Gateway Gxw4224\/ 24 Puertos Fxs 1 Puerto Telco De 50 Pins Montaje Escritorio Y Rack<\/title>\n<meta name=\"description\" content=\"Compra Gxw4224 V2 Gateway Gxw4224\/ 24 Puertos Fxs 1 Puerto Telco De 50 Pins Montaje Escritorio Y Rack + Env\u00edo a domicilio + Pago seguro + Garant\u00eda\" \/>\n<meta name=\"robots\" content=\"index, follow, max-snippet:-1, max-image-preview:large, max-video-preview:-1\" \/>\n<link rel=\"canonical\" href=\"https:\/\/compuviper.mx\/tienda\/producto\/grandstream-gxw4224-v2-gateway-gxw4224-24-puertos-fxs-1-puerto-telco-de-50-pins-montaje-escritorio-y-rack\/\" \/>\n<meta property=\"og:locale\" content=\"es_MX\" \/>\n<meta property=\"og:type\" content=\"article\" \/>\n<meta property=\"og:title\" content=\"[ Grandstream ] &#129351; Gxw4224 V2 Gateway Gxw4224\/ 24 Puertos Fxs 1 Puerto Telco De 50 Pins Montaje Escritorio Y Rack\" \/>\n<meta property=\"og:description\" content=\"Compra Gxw4224 V2 Gateway Gxw4224\/ 24 Puertos Fxs 1 Puerto Telco De 50 Pins Montaje Escritorio Y Rack + Env\u00edo a domicilio + Pago seguro + Garant\u00eda\" \/>\n<meta property=\"og:url\" content=\"https:\/\/compuviper.mx\/tienda\/producto\/grandstream-gxw4224-v2-gateway-gxw4224-24-puertos-fxs-1-puerto-telco-de-50-pins-montaje-escritorio-y-rack\/\" \/>\n<meta property=\"og:site_name\" content=\"Compuviper\" \/>\n<meta property=\"article:publisher\" content=\"https:\/\/www.facebook.com\/compuviper\" \/>\n<meta property=\"og:image\" content=\"https:\/\/compuviper.mx\/tienda\/wp-content\/uploads\/2023\/12\/Gateway-grandstream-gxw4224-24-puertos-fxs-1-puerto-telco-de-50-pins-montaje-escritorio-y-rack.jpg\" \/>\n\t<meta property=\"og:image:width\" content=\"200\" \/>\n\t<meta property=\"og:image:height\" content=\"200\" \/>\n\t<meta property=\"og:image:type\" content=\"image\/jpeg\" \/>\n<meta name=\"twitter:card\" content=\"summary_large_image\" \/>\n<meta name=\"twitter:label1\" content=\"Precio\" \/>\n\t<meta name=\"twitter:data1\" content=\"&#36;9,901 con IVA\" \/>\n\t<meta name=\"twitter:label2\" content=\"Availability\" \/>\n\t<meta name=\"twitter:data2\" content=\"On backorder\" \/>\n<script type=\"application\/ld+json\" class=\"yoast-schema-graph\">{\"@context\":\"https:\/\/schema.org\",\"@graph\":[{\"@type\":\"WebPage\",\"@id\":\"https:\/\/compuviper.mx\/tienda\/producto\/grandstream-gxw4224-v2-gateway-gxw4224-24-puertos-fxs-1-puerto-telco-de-50-pins-montaje-escritorio-y-rack\/\",\"url\":\"https:\/\/compuviper.mx\/tienda\/producto\/grandstream-gxw4224-v2-gateway-gxw4224-24-puertos-fxs-1-puerto-telco-de-50-pins-montaje-escritorio-y-rack\/\",\"name\":\"[ Grandstream ] &#129351; Gxw4224 V2 Gateway Gxw4224\/ 24 Puertos Fxs 1 Puerto Telco De 50 Pins Montaje Escritorio Y Rack\",\"isPartOf\":{\"@id\":\"https:\/\/compuviper.mx\/tienda\/#website\"},\"datePublished\":\"2026-04-02T05:29:44+00:00\",\"dateModified\":\"2026-04-02T05:29:44+00:00\",\"description\":\"Compra Gxw4224 V2 Gateway Gxw4224\/ 24 Puertos Fxs 1 Puerto Telco De 50 Pins Montaje Escritorio Y Rack + Env\u00edo a domicilio + Pago seguro + Garant\u00eda\",\"breadcrumb\":{\"@id\":\"https:\/\/compuviper.mx\/tienda\/producto\/grandstream-gxw4224-v2-gateway-gxw4224-24-puertos-fxs-1-puerto-telco-de-50-pins-montaje-escritorio-y-rack\/#breadcrumb\"},\"inLanguage\":\"es-MX\",\"potentialAction\":[{\"@type\":\"ReadAction\",\"target\":[\"https:\/\/compuviper.mx\/tienda\/producto\/grandstream-gxw4224-v2-gateway-gxw4224-24-puertos-fxs-1-puerto-telco-de-50-pins-montaje-escritorio-y-rack\/\"]}]},{\"@type\":\"BreadcrumbList\",\"@id\":\"https:\/\/compuviper.mx\/tienda\/producto\/grandstream-gxw4224-v2-gateway-gxw4224-24-puertos-fxs-1-puerto-telco-de-50-pins-montaje-escritorio-y-rack\/#breadcrumb\",\"itemListElement\":[{\"@type\":\"ListItem\",\"position\":1,\"name\":\"Inicio\",\"item\":\"https:\/\/compuviper.mx\/tienda\/\"},{\"@type\":\"ListItem\",\"position\":2,\"name\":\"Productos\",\"item\":\"https:\/\/compuviper.mx\/tienda\/productos\/\"},{\"@type\":\"ListItem\",\"position\":3,\"name\":\"Accesorios\",\"item\":\"https:\/\/compuviper.mx\/tienda\/categoria-producto\/accesorios\/\"},{\"@type\":\"ListItem\",\"position\":4,\"name\":\"Conmutadores\",\"item\":\"https:\/\/compuviper.mx\/tienda\/categoria-producto\/accesorios\/conmutadores\/\"},{\"@type\":\"ListItem\",\"position\":5,\"name\":\"Grandstream Gxw4224 V2 Gateway Gxw4224\/ 24 Puertos Fxs 1 Puerto Telco De 50 Pins Montaje Escritorio Y Rack\"}]},{\"@type\":\"WebSite\",\"@id\":\"https:\/\/compuviper.mx\/tienda\/#website\",\"url\":\"https:\/\/compuviper.mx\/tienda\/\",\"name\":\"Compuviper\",\"description\":\"Proveedor de Computadoras, Laptops, Servidores, Monitores, Puntos de Venta, Teclados,   Impresoras, T\u00f3ner, C\u00e1maras de Seguridad y m\u00e1s en tu tienda en l\u00ednea\",\"publisher\":{\"@id\":\"https:\/\/compuviper.mx\/tienda\/#organization\"},\"potentialAction\":[{\"@type\":\"SearchAction\",\"target\":{\"@type\":\"EntryPoint\",\"urlTemplate\":\"https:\/\/compuviper.mx\/tienda\/?s={search_term_string}\"},\"query-input\":\"required name=search_term_string\"}],\"inLanguage\":\"es-MX\"},{\"@type\":\"Organization\",\"@id\":\"https:\/\/compuviper.mx\/tienda\/#organization\",\"name\":\"Compuviper\",\"url\":\"https:\/\/compuviper.mx\/tienda\/\",\"logo\":{\"@type\":\"ImageObject\",\"inLanguage\":\"es-MX\",\"@id\":\"https:\/\/compuviper.mx\/tienda\/#\/schema\/logo\/image\/\",\"url\":\"https:\/\/compuviper.mx\/tienda\/wp-content\/uploads\/2021\/08\/Logo-Compuviper-10.png\",\"contentUrl\":\"https:\/\/compuviper.mx\/tienda\/wp-content\/uploads\/2021\/08\/Logo-Compuviper-10.png\",\"width\":1000,\"height\":500,\"caption\":\"Compuviper\"},\"image\":{\"@id\":\"https:\/\/compuviper.mx\/tienda\/#\/schema\/logo\/image\/\"},\"sameAs\":[\"https:\/\/www.facebook.com\/compuviper\",\"https:\/\/www.youtube.com\/channel\/UCf73dERp9Y3cfOq7q8BhLjA?view_as=subscriber\"]}]}<\/script>\n<meta property=\"product:brand\" content=\"GRANDSTREAM\" \/>\n<meta property=\"product:price:amount\" content=\"9901\" \/>\n<meta property=\"product:price:currency\" content=\"MXN\" \/>\n<meta property=\"og:availability\" content=\"backorder\" \/>\n<meta property=\"product:availability\" content=\"available for order\" \/>\n<meta property=\"product:retailer_item_id\" content=\"GXW4224 v2\" \/>\n<meta property=\"product:condition\" content=\"new\" \/>\n<!-- \/ Yoast SEO plugin. -->","yoast_head_json":{"title":"[ Grandstream ] &#129351; Gxw4224 V2 Gateway Gxw4224\/ 24 Puertos Fxs 1 Puerto Telco De 50 Pins Montaje Escritorio Y Rack","description":"Compra Gxw4224 V2 Gateway Gxw4224\/ 24 Puertos Fxs 1 Puerto Telco De 50 Pins Montaje Escritorio Y Rack + Env\u00edo a domicilio + Pago seguro + Garant\u00eda","robots":{"index":"index","follow":"follow","max-snippet":"max-snippet:-1","max-image-preview":"max-image-preview:large","max-video-preview":"max-video-preview:-1"},"canonical":"https:\/\/compuviper.mx\/tienda\/producto\/grandstream-gxw4224-v2-gateway-gxw4224-24-puertos-fxs-1-puerto-telco-de-50-pins-montaje-escritorio-y-rack\/","og_locale":"es_MX","og_type":"article","og_title":"[ Grandstream ] &#129351; Gxw4224 V2 Gateway Gxw4224\/ 24 Puertos Fxs 1 Puerto Telco De 50 Pins Montaje Escritorio Y Rack","og_description":"Compra Gxw4224 V2 Gateway Gxw4224\/ 24 Puertos Fxs 1 Puerto Telco De 50 Pins Montaje Escritorio Y Rack + Env\u00edo a domicilio + Pago seguro + Garant\u00eda","og_url":"https:\/\/compuviper.mx\/tienda\/producto\/grandstream-gxw4224-v2-gateway-gxw4224-24-puertos-fxs-1-puerto-telco-de-50-pins-montaje-escritorio-y-rack\/","og_site_name":"Compuviper","article_publisher":"https:\/\/www.facebook.com\/compuviper","og_image":[{"width":200,"height":200,"url":"https:\/\/compuviper.mx\/tienda\/wp-content\/uploads\/2023\/12\/Gateway-grandstream-gxw4224-24-puertos-fxs-1-puerto-telco-de-50-pins-montaje-escritorio-y-rack.jpg","type":"image\/jpeg"}],"twitter_card":"summary_large_image","twitter_misc":{"Precio":"&#36;9,901 con IVA","Availability":"On backorder"},"schema":{"@context":"https:\/\/schema.org","@graph":[{"@type":"WebPage","@id":"https:\/\/compuviper.mx\/tienda\/producto\/grandstream-gxw4224-v2-gateway-gxw4224-24-puertos-fxs-1-puerto-telco-de-50-pins-montaje-escritorio-y-rack\/","url":"https:\/\/compuviper.mx\/tienda\/producto\/grandstream-gxw4224-v2-gateway-gxw4224-24-puertos-fxs-1-puerto-telco-de-50-pins-montaje-escritorio-y-rack\/","name":"[ Grandstream ] &#129351; Gxw4224 V2 Gateway Gxw4224\/ 24 Puertos Fxs 1 Puerto Telco De 50 Pins Montaje Escritorio Y Rack","isPartOf":{"@id":"https:\/\/compuviper.mx\/tienda\/#website"},"datePublished":"2026-04-02T05:29:44+00:00","dateModified":"2026-04-02T05:29:44+00:00","description":"Compra Gxw4224 V2 Gateway Gxw4224\/ 24 Puertos Fxs 1 Puerto Telco De 50 Pins Montaje Escritorio Y Rack + Env\u00edo a domicilio + Pago seguro + Garant\u00eda","breadcrumb":{"@id":"https:\/\/compuviper.mx\/tienda\/producto\/grandstream-gxw4224-v2-gateway-gxw4224-24-puertos-fxs-1-puerto-telco-de-50-pins-montaje-escritorio-y-rack\/#breadcrumb"},"inLanguage":"es-MX","potentialAction":[{"@type":"ReadAction","target":["https:\/\/compuviper.mx\/tienda\/producto\/grandstream-gxw4224-v2-gateway-gxw4224-24-puertos-fxs-1-puerto-telco-de-50-pins-montaje-escritorio-y-rack\/"]}]},{"@type":"BreadcrumbList","@id":"https:\/\/compuviper.mx\/tienda\/producto\/grandstream-gxw4224-v2-gateway-gxw4224-24-puertos-fxs-1-puerto-telco-de-50-pins-montaje-escritorio-y-rack\/#breadcrumb","itemListElement":[{"@type":"ListItem","position":1,"name":"Inicio","item":"https:\/\/compuviper.mx\/tienda\/"},{"@type":"ListItem","position":2,"name":"Productos","item":"https:\/\/compuviper.mx\/tienda\/productos\/"},{"@type":"ListItem","position":3,"name":"Accesorios","item":"https:\/\/compuviper.mx\/tienda\/categoria-producto\/accesorios\/"},{"@type":"ListItem","position":4,"name":"Conmutadores","item":"https:\/\/compuviper.mx\/tienda\/categoria-producto\/accesorios\/conmutadores\/"},{"@type":"ListItem","position":5,"name":"Grandstream Gxw4224 V2 Gateway Gxw4224\/ 24 Puertos Fxs 1 Puerto Telco De 50 Pins Montaje Escritorio Y Rack"}]},{"@type":"WebSite","@id":"https:\/\/compuviper.mx\/tienda\/#website","url":"https:\/\/compuviper.mx\/tienda\/","name":"Compuviper","description":"Proveedor de Computadoras, Laptops, Servidores, Monitores, Puntos de Venta, Teclados,   Impresoras, T\u00f3ner, C\u00e1maras de Seguridad y m\u00e1s en tu tienda en l\u00ednea","publisher":{"@id":"https:\/\/compuviper.mx\/tienda\/#organization"},"potentialAction":[{"@type":"SearchAction","target":{"@type":"EntryPoint","urlTemplate":"https:\/\/compuviper.mx\/tienda\/?s={search_term_string}"},"query-input":"required name=search_term_string"}],"inLanguage":"es-MX"},{"@type":"Organization","@id":"https:\/\/compuviper.mx\/tienda\/#organization","name":"Compuviper","url":"https:\/\/compuviper.mx\/tienda\/","logo":{"@type":"ImageObject","inLanguage":"es-MX","@id":"https:\/\/compuviper.mx\/tienda\/#\/schema\/logo\/image\/","url":"https:\/\/compuviper.mx\/tienda\/wp-content\/uploads\/2021\/08\/Logo-Compuviper-10.png","contentUrl":"https:\/\/compuviper.mx\/tienda\/wp-content\/uploads\/2021\/08\/Logo-Compuviper-10.png","width":1000,"height":500,"caption":"Compuviper"},"image":{"@id":"https:\/\/compuviper.mx\/tienda\/#\/schema\/logo\/image\/"},"sameAs":["https:\/\/www.facebook.com\/compuviper","https:\/\/www.youtube.com\/channel\/UCf73dERp9Y3cfOq7q8BhLjA?view_as=subscriber"]}]},"product_brand":"GRANDSTREAM","product_price_amount":"9901","product_price_currency":"MXN","og_availability":"backorder","product_availability":"available for order","product_retailer_item_id":"GXW4224 v2","product_condition":"new"},"_links":{"self":[{"href":"https:\/\/compuviper.mx\/tienda\/wp-json\/wp\/v2\/product\/211837"}],"collection":[{"href":"https:\/\/compuviper.mx\/tienda\/wp-json\/wp\/v2\/product"}],"about":[{"href":"https:\/\/compuviper.mx\/tienda\/wp-json\/wp\/v2\/types\/product"}],"replies":[{"embeddable":true,"href":"https:\/\/compuviper.mx\/tienda\/wp-json\/wp\/v2\/comments?post=211837"}],"wp:featuredmedia":[{"embeddable":true,"href":"https:\/\/compuviper.mx\/tienda\/wp-json\/wp\/v2\/media\/211838"}],"wp:attachment":[{"href":"https:\/\/compuviper.mx\/tienda\/wp-json\/wp\/v2\/media?parent=211837"}],"wp:term":[{"taxonomy":"product_cat","embeddable":true,"href":"https:\/\/compuviper.mx\/tienda\/wp-json\/wp\/v2\/product_cat?post=211837"},{"taxonomy":"product_tag","embeddable":true,"href":"https:\/\/compuviper.mx\/tienda\/wp-json\/wp\/v2\/product_tag?post=211837"}],"curies":[{"name":"wp","href":"https:\/\/api.w.org\/{rel}","templated":true}]}}