{"id":211835,"date":"2026-04-06T23:27:56","date_gmt":"2026-04-07T05:27:56","guid":{"rendered":"https:\/\/compuviper.mx\/tienda\/producto\/grandstream-ht814-ata-para-telfono-analogico-4-puerto-fxs-2-cuenta-sip-2-puertos-gigabit\/"},"modified":"2026-04-06T23:27:57","modified_gmt":"2026-04-07T05:27:57","slug":"grandstream-ht814-ata-v2-para-telfono-analogico-4-puerto-fxs-2-cuenta-sip-2-puertos-gigabit","status":"publish","type":"product","link":"https:\/\/compuviper.mx\/tienda\/producto\/grandstream-ht814-ata-v2-para-telfono-analogico-4-puerto-fxs-2-cuenta-sip-2-puertos-gigabit\/","title":{"rendered":"Grandstream Ht814 Ata   V2 Para Telfono Analogico 4 Puerto Fxs 2 Cuenta Sip 2 Puertos Gigabit"},"content":{"rendered":"<table class=\"descripcion\">\n<tr>\n<td>Soporta 4 perfiles sip a trav\u00e9s de 4 puertos fxs y dos puertos gigabit<\/td>\n<\/tr>\n<tr>\n<td>\u00b7\u00a0\u00a0\u00a0\u00a0\u00a0\u00a0\u00a0\u00a0 incluye un built-in router nat que puede manejar velocidades de hasta 100 mbps de enrutamiento<\/td>\n<\/tr>\n<tr>\n<td>\u00b7\u00a0\u00a0\u00a0\u00a0\u00a0\u00a0\u00a0\u00a0 tls y srtp tecnolog\u00eda de cifrado de seguridad para proteger a las llamadas y cuentas<\/td>\n<\/tr>\n<tr>\n<td>\u00b7\u00a0\u00a0\u00a0\u00a0\u00a0\u00a0\u00a0\u00a0 opciones para el aprovisionamiento automatizado incluyen archivos de configuraci\u00f3n tr-069 y xml<\/td>\n<\/tr>\n<tr>\n<td>\u00b7\u00a0\u00a0\u00a0\u00a0\u00a0\u00a0\u00a0\u00a0 soporta 3 v\u00edas de conferencia de voz<\/td>\n<\/tr>\n<tr>\n<td>\u00b7\u00a0\u00a0\u00a0\u00a0\u00a0\u00a0\u00a0\u00a0 servidor sip de conmutaci\u00f3n por error cambia autom\u00e1ticamente al servidor secundario si el servidor principal pierde la conexi\u00f3n<\/td>\n<\/tr>\n<tr>\n<td>\u00b7\u00a0\u00a0\u00a0\u00a0\u00a0\u00a0\u00a0\u00a0 soporta fax t.38 para la creaci\u00f3n de fax sobre ip<\/td>\n<\/tr>\n<tr>\n<td>\u00b7\u00a0\u00a0\u00a0\u00a0\u00a0\u00a0\u00a0\u00a0 es compatible con una amplia gama de formatos de identificaci\u00f3n de llamadas<\/td>\n<\/tr>\n<\/table>\n","protected":false},"excerpt":{"rendered":"<p>El ht814 es un adaptador de tel\u00e9fono anal\u00f3gico de 4 puertos y f\u00e1cil de usar (ata) con 4 puertos fxs y un enrutador nat gigabit integrado. Construido sobre la tecnolog\u00eda l\u00edder en el mercado sip ata \/ puerta de enlace de grandstream con millones de unidades implantadas con \u00e9xito en todo el mundo, este potente ata cuenta con una calidad de voz excepcional en diversos entornos de aplicaci\u00f3n, el cifrado fuerte con el certificado de seguridad \u00fanico por unidad, aprovisionamiento automatizado para el despliegue de volumen y administraci\u00f3n de dispositivos y rendimiento de la red excepcional para el hogar y la oficina. El ht814 proporciona capacidades de la tecnolog\u00eda voip excepcional y de enrutamiento para entornos dom\u00e9sticos y de oficina y permite a los usuarios conectarse con \u00e9xito sus dispositivos anal\u00f3gicos a una red voip manejable y potente.<\/p>\n","protected":false},"featured_media":211836,"comment_status":"open","ping_status":"open","template":"","meta":[],"product_cat":[1485,1521],"product_tag":[1576],"acf":[],"yoast_head":"<!-- This site is optimized with the Yoast SEO plugin v21.7 - https:\/\/yoast.com\/wordpress\/plugins\/seo\/ -->\n<title>[ Grandstream ] &#129351; Ht814 Ata V2 Para Telfono Analogico 4 Puerto Fxs 2 Cuenta Sip 2 Puertos Gigabit<\/title>\n<meta name=\"description\" content=\"Compra Ht814 Ata V2 Para Telfono Analogico 4 Puerto Fxs 2 Cuenta Sip 2 Puertos Gigabit + Env\u00edo a domicilio + Pago seguro + Garant\u00eda\" \/>\n<meta name=\"robots\" content=\"index, follow, max-snippet:-1, max-image-preview:large, max-video-preview:-1\" \/>\n<link rel=\"canonical\" href=\"https:\/\/compuviper.mx\/tienda\/producto\/grandstream-ht814-ata-v2-para-telfono-analogico-4-puerto-fxs-2-cuenta-sip-2-puertos-gigabit\/\" \/>\n<meta property=\"og:locale\" content=\"es_MX\" \/>\n<meta property=\"og:type\" content=\"article\" \/>\n<meta property=\"og:title\" content=\"[ Grandstream ] &#129351; Ht814 Ata V2 Para Telfono Analogico 4 Puerto Fxs 2 Cuenta Sip 2 Puertos Gigabit\" \/>\n<meta property=\"og:description\" content=\"Compra Ht814 Ata V2 Para Telfono Analogico 4 Puerto Fxs 2 Cuenta Sip 2 Puertos Gigabit + Env\u00edo a domicilio + Pago seguro + Garant\u00eda\" \/>\n<meta property=\"og:url\" content=\"https:\/\/compuviper.mx\/tienda\/producto\/grandstream-ht814-ata-v2-para-telfono-analogico-4-puerto-fxs-2-cuenta-sip-2-puertos-gigabit\/\" \/>\n<meta property=\"og:site_name\" content=\"Compuviper\" \/>\n<meta property=\"article:publisher\" content=\"https:\/\/www.facebook.com\/compuviper\" \/>\n<meta property=\"article:modified_time\" content=\"2026-04-07T05:27:57+00:00\" \/>\n<meta property=\"og:image\" content=\"https:\/\/compuviper.mx\/tienda\/wp-content\/uploads\/2023\/12\/Ata-grandstream-ht814-para-telfono-analogico-4-puerto-fxs-2-cuenta-sip-2-puertos-gigabit.jpg\" \/>\n\t<meta property=\"og:image:width\" content=\"200\" \/>\n\t<meta property=\"og:image:height\" content=\"200\" \/>\n\t<meta property=\"og:image:type\" content=\"image\/jpeg\" \/>\n<meta name=\"twitter:card\" content=\"summary_large_image\" \/>\n<meta name=\"twitter:label1\" content=\"Precio\" \/>\n\t<meta name=\"twitter:data1\" content=\"&#36;2,088 con IVA\" \/>\n\t<meta name=\"twitter:label2\" content=\"Availability\" \/>\n\t<meta name=\"twitter:data2\" content=\"On backorder\" \/>\n<script type=\"application\/ld+json\" class=\"yoast-schema-graph\">{\"@context\":\"https:\/\/schema.org\",\"@graph\":[{\"@type\":\"WebPage\",\"@id\":\"https:\/\/compuviper.mx\/tienda\/producto\/grandstream-ht814-ata-v2-para-telfono-analogico-4-puerto-fxs-2-cuenta-sip-2-puertos-gigabit\/\",\"url\":\"https:\/\/compuviper.mx\/tienda\/producto\/grandstream-ht814-ata-v2-para-telfono-analogico-4-puerto-fxs-2-cuenta-sip-2-puertos-gigabit\/\",\"name\":\"[ Grandstream ] &#129351; Ht814 Ata V2 Para Telfono Analogico 4 Puerto Fxs 2 Cuenta Sip 2 Puertos Gigabit\",\"isPartOf\":{\"@id\":\"https:\/\/compuviper.mx\/tienda\/#website\"},\"datePublished\":\"2026-04-07T05:27:56+00:00\",\"dateModified\":\"2026-04-07T05:27:57+00:00\",\"description\":\"Compra Ht814 Ata V2 Para Telfono Analogico 4 Puerto Fxs 2 Cuenta Sip 2 Puertos Gigabit + Env\u00edo a domicilio + Pago seguro + Garant\u00eda\",\"breadcrumb\":{\"@id\":\"https:\/\/compuviper.mx\/tienda\/producto\/grandstream-ht814-ata-v2-para-telfono-analogico-4-puerto-fxs-2-cuenta-sip-2-puertos-gigabit\/#breadcrumb\"},\"inLanguage\":\"es-MX\",\"potentialAction\":[{\"@type\":\"ReadAction\",\"target\":[\"https:\/\/compuviper.mx\/tienda\/producto\/grandstream-ht814-ata-v2-para-telfono-analogico-4-puerto-fxs-2-cuenta-sip-2-puertos-gigabit\/\"]}]},{\"@type\":\"BreadcrumbList\",\"@id\":\"https:\/\/compuviper.mx\/tienda\/producto\/grandstream-ht814-ata-v2-para-telfono-analogico-4-puerto-fxs-2-cuenta-sip-2-puertos-gigabit\/#breadcrumb\",\"itemListElement\":[{\"@type\":\"ListItem\",\"position\":1,\"name\":\"Inicio\",\"item\":\"https:\/\/compuviper.mx\/tienda\/\"},{\"@type\":\"ListItem\",\"position\":2,\"name\":\"Productos\",\"item\":\"https:\/\/compuviper.mx\/tienda\/productos\/\"},{\"@type\":\"ListItem\",\"position\":3,\"name\":\"Accesorios\",\"item\":\"https:\/\/compuviper.mx\/tienda\/categoria-producto\/accesorios\/\"},{\"@type\":\"ListItem\",\"position\":4,\"name\":\"Conmutadores\",\"item\":\"https:\/\/compuviper.mx\/tienda\/categoria-producto\/accesorios\/conmutadores\/\"},{\"@type\":\"ListItem\",\"position\":5,\"name\":\"Grandstream Ht814 Ata V2 Para Telfono Analogico 4 Puerto Fxs 2 Cuenta Sip 2 Puertos Gigabit\"}]},{\"@type\":\"WebSite\",\"@id\":\"https:\/\/compuviper.mx\/tienda\/#website\",\"url\":\"https:\/\/compuviper.mx\/tienda\/\",\"name\":\"Compuviper\",\"description\":\"Proveedor de Computadoras, Laptops, Servidores, Monitores, Puntos de Venta, Teclados,   Impresoras, T\u00f3ner, C\u00e1maras de Seguridad y m\u00e1s en tu tienda en l\u00ednea\",\"publisher\":{\"@id\":\"https:\/\/compuviper.mx\/tienda\/#organization\"},\"potentialAction\":[{\"@type\":\"SearchAction\",\"target\":{\"@type\":\"EntryPoint\",\"urlTemplate\":\"https:\/\/compuviper.mx\/tienda\/?s={search_term_string}\"},\"query-input\":\"required name=search_term_string\"}],\"inLanguage\":\"es-MX\"},{\"@type\":\"Organization\",\"@id\":\"https:\/\/compuviper.mx\/tienda\/#organization\",\"name\":\"Compuviper\",\"url\":\"https:\/\/compuviper.mx\/tienda\/\",\"logo\":{\"@type\":\"ImageObject\",\"inLanguage\":\"es-MX\",\"@id\":\"https:\/\/compuviper.mx\/tienda\/#\/schema\/logo\/image\/\",\"url\":\"https:\/\/compuviper.mx\/tienda\/wp-content\/uploads\/2021\/08\/Logo-Compuviper-10.png\",\"contentUrl\":\"https:\/\/compuviper.mx\/tienda\/wp-content\/uploads\/2021\/08\/Logo-Compuviper-10.png\",\"width\":1000,\"height\":500,\"caption\":\"Compuviper\"},\"image\":{\"@id\":\"https:\/\/compuviper.mx\/tienda\/#\/schema\/logo\/image\/\"},\"sameAs\":[\"https:\/\/www.facebook.com\/compuviper\",\"https:\/\/www.youtube.com\/channel\/UCf73dERp9Y3cfOq7q8BhLjA?view_as=subscriber\"]}]}<\/script>\n<meta property=\"product:brand\" content=\"GRANDSTREAM\" \/>\n<meta property=\"product:price:amount\" content=\"2088\" \/>\n<meta property=\"product:price:currency\" content=\"MXN\" \/>\n<meta property=\"og:availability\" content=\"backorder\" \/>\n<meta property=\"product:availability\" content=\"available for order\" \/>\n<meta property=\"product:retailer_item_id\" content=\"HT814\" \/>\n<meta property=\"product:condition\" content=\"new\" \/>\n<!-- \/ Yoast SEO plugin. -->","yoast_head_json":{"title":"[ Grandstream ] &#129351; Ht814 Ata V2 Para Telfono Analogico 4 Puerto Fxs 2 Cuenta Sip 2 Puertos Gigabit","description":"Compra Ht814 Ata V2 Para Telfono Analogico 4 Puerto Fxs 2 Cuenta Sip 2 Puertos Gigabit + Env\u00edo a domicilio + Pago seguro + Garant\u00eda","robots":{"index":"index","follow":"follow","max-snippet":"max-snippet:-1","max-image-preview":"max-image-preview:large","max-video-preview":"max-video-preview:-1"},"canonical":"https:\/\/compuviper.mx\/tienda\/producto\/grandstream-ht814-ata-v2-para-telfono-analogico-4-puerto-fxs-2-cuenta-sip-2-puertos-gigabit\/","og_locale":"es_MX","og_type":"article","og_title":"[ Grandstream ] &#129351; Ht814 Ata V2 Para Telfono Analogico 4 Puerto Fxs 2 Cuenta Sip 2 Puertos Gigabit","og_description":"Compra Ht814 Ata V2 Para Telfono Analogico 4 Puerto Fxs 2 Cuenta Sip 2 Puertos Gigabit + Env\u00edo a domicilio + Pago seguro + Garant\u00eda","og_url":"https:\/\/compuviper.mx\/tienda\/producto\/grandstream-ht814-ata-v2-para-telfono-analogico-4-puerto-fxs-2-cuenta-sip-2-puertos-gigabit\/","og_site_name":"Compuviper","article_publisher":"https:\/\/www.facebook.com\/compuviper","article_modified_time":"2026-04-07T05:27:57+00:00","og_image":[{"width":200,"height":200,"url":"https:\/\/compuviper.mx\/tienda\/wp-content\/uploads\/2023\/12\/Ata-grandstream-ht814-para-telfono-analogico-4-puerto-fxs-2-cuenta-sip-2-puertos-gigabit.jpg","type":"image\/jpeg"}],"twitter_card":"summary_large_image","twitter_misc":{"Precio":"&#36;2,088 con IVA","Availability":"On backorder"},"schema":{"@context":"https:\/\/schema.org","@graph":[{"@type":"WebPage","@id":"https:\/\/compuviper.mx\/tienda\/producto\/grandstream-ht814-ata-v2-para-telfono-analogico-4-puerto-fxs-2-cuenta-sip-2-puertos-gigabit\/","url":"https:\/\/compuviper.mx\/tienda\/producto\/grandstream-ht814-ata-v2-para-telfono-analogico-4-puerto-fxs-2-cuenta-sip-2-puertos-gigabit\/","name":"[ Grandstream ] &#129351; Ht814 Ata V2 Para Telfono Analogico 4 Puerto Fxs 2 Cuenta Sip 2 Puertos Gigabit","isPartOf":{"@id":"https:\/\/compuviper.mx\/tienda\/#website"},"datePublished":"2026-04-07T05:27:56+00:00","dateModified":"2026-04-07T05:27:57+00:00","description":"Compra Ht814 Ata V2 Para Telfono Analogico 4 Puerto Fxs 2 Cuenta Sip 2 Puertos Gigabit + Env\u00edo a domicilio + Pago seguro + Garant\u00eda","breadcrumb":{"@id":"https:\/\/compuviper.mx\/tienda\/producto\/grandstream-ht814-ata-v2-para-telfono-analogico-4-puerto-fxs-2-cuenta-sip-2-puertos-gigabit\/#breadcrumb"},"inLanguage":"es-MX","potentialAction":[{"@type":"ReadAction","target":["https:\/\/compuviper.mx\/tienda\/producto\/grandstream-ht814-ata-v2-para-telfono-analogico-4-puerto-fxs-2-cuenta-sip-2-puertos-gigabit\/"]}]},{"@type":"BreadcrumbList","@id":"https:\/\/compuviper.mx\/tienda\/producto\/grandstream-ht814-ata-v2-para-telfono-analogico-4-puerto-fxs-2-cuenta-sip-2-puertos-gigabit\/#breadcrumb","itemListElement":[{"@type":"ListItem","position":1,"name":"Inicio","item":"https:\/\/compuviper.mx\/tienda\/"},{"@type":"ListItem","position":2,"name":"Productos","item":"https:\/\/compuviper.mx\/tienda\/productos\/"},{"@type":"ListItem","position":3,"name":"Accesorios","item":"https:\/\/compuviper.mx\/tienda\/categoria-producto\/accesorios\/"},{"@type":"ListItem","position":4,"name":"Conmutadores","item":"https:\/\/compuviper.mx\/tienda\/categoria-producto\/accesorios\/conmutadores\/"},{"@type":"ListItem","position":5,"name":"Grandstream Ht814 Ata V2 Para Telfono Analogico 4 Puerto Fxs 2 Cuenta Sip 2 Puertos Gigabit"}]},{"@type":"WebSite","@id":"https:\/\/compuviper.mx\/tienda\/#website","url":"https:\/\/compuviper.mx\/tienda\/","name":"Compuviper","description":"Proveedor de Computadoras, Laptops, Servidores, Monitores, Puntos de Venta, Teclados,   Impresoras, T\u00f3ner, C\u00e1maras de Seguridad y m\u00e1s en tu tienda en l\u00ednea","publisher":{"@id":"https:\/\/compuviper.mx\/tienda\/#organization"},"potentialAction":[{"@type":"SearchAction","target":{"@type":"EntryPoint","urlTemplate":"https:\/\/compuviper.mx\/tienda\/?s={search_term_string}"},"query-input":"required name=search_term_string"}],"inLanguage":"es-MX"},{"@type":"Organization","@id":"https:\/\/compuviper.mx\/tienda\/#organization","name":"Compuviper","url":"https:\/\/compuviper.mx\/tienda\/","logo":{"@type":"ImageObject","inLanguage":"es-MX","@id":"https:\/\/compuviper.mx\/tienda\/#\/schema\/logo\/image\/","url":"https:\/\/compuviper.mx\/tienda\/wp-content\/uploads\/2021\/08\/Logo-Compuviper-10.png","contentUrl":"https:\/\/compuviper.mx\/tienda\/wp-content\/uploads\/2021\/08\/Logo-Compuviper-10.png","width":1000,"height":500,"caption":"Compuviper"},"image":{"@id":"https:\/\/compuviper.mx\/tienda\/#\/schema\/logo\/image\/"},"sameAs":["https:\/\/www.facebook.com\/compuviper","https:\/\/www.youtube.com\/channel\/UCf73dERp9Y3cfOq7q8BhLjA?view_as=subscriber"]}]},"product_brand":"GRANDSTREAM","product_price_amount":"2088","product_price_currency":"MXN","og_availability":"backorder","product_availability":"available for order","product_retailer_item_id":"HT814","product_condition":"new"},"_links":{"self":[{"href":"https:\/\/compuviper.mx\/tienda\/wp-json\/wp\/v2\/product\/211835"}],"collection":[{"href":"https:\/\/compuviper.mx\/tienda\/wp-json\/wp\/v2\/product"}],"about":[{"href":"https:\/\/compuviper.mx\/tienda\/wp-json\/wp\/v2\/types\/product"}],"replies":[{"embeddable":true,"href":"https:\/\/compuviper.mx\/tienda\/wp-json\/wp\/v2\/comments?post=211835"}],"wp:featuredmedia":[{"embeddable":true,"href":"https:\/\/compuviper.mx\/tienda\/wp-json\/wp\/v2\/media\/211836"}],"wp:attachment":[{"href":"https:\/\/compuviper.mx\/tienda\/wp-json\/wp\/v2\/media?parent=211835"}],"wp:term":[{"taxonomy":"product_cat","embeddable":true,"href":"https:\/\/compuviper.mx\/tienda\/wp-json\/wp\/v2\/product_cat?post=211835"},{"taxonomy":"product_tag","embeddable":true,"href":"https:\/\/compuviper.mx\/tienda\/wp-json\/wp\/v2\/product_tag?post=211835"}],"curies":[{"name":"wp","href":"https:\/\/api.w.org\/{rel}","templated":true}]}}