{"id":211831,"date":"2026-04-01T23:29:42","date_gmt":"2026-04-02T05:29:42","guid":{"rendered":"https:\/\/compuviper.mx\/tienda\/producto\/grandstream-ht801-ata-para-telfono-analogico-1-puerto-fxs-1-cuenta-sip-1-puertos-10-100\/"},"modified":"2026-04-01T23:29:43","modified_gmt":"2026-04-02T05:29:43","slug":"grandstream-ht801-ata-voip-v2-adaptador-para-conversion-de-extensiones-analogicas-a-ip-1-puerto-fxs-1-cuenta-sip-1-puertos-10-100","status":"publish","type":"product","link":"https:\/\/compuviper.mx\/tienda\/producto\/grandstream-ht801-ata-voip-v2-adaptador-para-conversion-de-extensiones-analogicas-a-ip-1-puerto-fxs-1-cuenta-sip-1-puertos-10-100\/","title":{"rendered":"Grandstream Ht801 Ata Voip   V2 \/ Adaptador Para Conversion De Extensiones Analogicas A Ip, 1 Puerto Fxs, 1 Cuenta Sip , 1 Puertos 10\/100"},"content":{"rendered":"<table class=\"descripcion\">\n<tr>\n<td>Interfaces:<\/td>\n<\/tr>\n<tr>\n<td>&#8211; 1 puerto fxs (rj-11) para la conexi\u00f3n de un tel\u00e9fono anal\u00f3gico convencional.<\/td>\n<\/tr>\n<tr>\n<td>&#8211; puerto ethernet 10\/100 mbps (rj-45).<\/td>\n<\/tr>\n<tr>\n<td>&#8211; led\u0092s indicadores para adaptador, internet, tel\u00e9fono y estado de la l\u00ednea.<\/td>\n<\/tr>\n<tr>\n<td>&#8211; bot\u00f3n de reset posterior.<\/td>\n<\/tr>\n<tr>\n<td>Voz, fax y m\u00f3dem:<\/td>\n<\/tr>\n<tr>\n<td>&#8211; 1 l\u00ednea, 1 cuenta sip y conferencia de 3 v\u00edas.<\/td>\n<\/tr>\n<tr>\n<td>&#8211; funciones de telefon\u00eda:\u00a0identificador de llamadas con bloqueo, llamada en espera, doble l\u00ednea, transferencia atendida o ciega (blind), reenv\u00edo (forward), espera (hold), no molestar.<\/td>\n<\/tr>\n<tr>\n<td>&#8211; fax sobre ip: compatible con protocolo t.38 para fax hasta 14.4 kbps.<\/td>\n<\/tr>\n<tr>\n<td>&#8211; c\u00f3decs de voz: g.711 con annex i (plc) y annex ii (vad\/cng), g.723.1, g.729a\/b, g.726, ilbc, dynamic jitter buffer, cancelaci\u00f3n de eco de l\u00ednea.<\/td>\n<\/tr>\n<tr>\n<td>Administraci\u00f3n y seguridad:<\/td>\n<\/tr>\n<tr>\n<td>&#8211; failover en caso de que servidor sip principal pierde conexi\u00f3n\u00a0se cambia autom\u00e1ticamente a servidor secundario.<\/td>\n<\/tr>\n<tr>\n<td>&#8211; compatible con syslog, telnet y administraci\u00f3n remota usando navegador web.<\/td>\n<\/tr>\n<tr>\n<td>&#8211; seguridad srtp, tls, sips, https.<\/td>\n<\/tr>\n<tr>\n<td>&#8211; qos de capa 3 (tos, di serv, mpls).<\/td>\n<\/tr>\n<tr>\n<td>Conformidad:<\/td>\n<\/tr>\n<tr>\n<td>Fcc (parte 15b), as\/nzs cispr22, cispr24, ce, en55022, en55024, en60950, en61000-3-2, en61000-3-3, ul (adaptador de corriente).<\/td>\n<\/tr>\n<tr>\n<td>Caracter\u00edsticas f\u00edsicas y el\u00e9ctricas:<\/td>\n<\/tr>\n<tr>\n<td>&#8211; rango de temperatura soportado: 0\u00b0c hasta 40\u00b0c.<\/td>\n<\/tr>\n<tr>\n<td>&#8211; alimentaci\u00f3n: 5.0 vcd, 1.0 a<\/td>\n<\/tr>\n<tr>\n<td>&#8211; dimensiones: 100 x 100 x 29.5 mm.<\/td>\n<\/tr>\n<tr>\n<td>&#8211; peso: 102 kg.<\/td>\n<\/tr>\n<\/table>\n","protected":false},"excerpt":{"rendered":"<p>El ht801 es un adaptador de tel\u00e9fono anal\u00f3gico (ata) de un solo puerto que permite a los usuarios crear una soluci\u00f3n de telefon\u00eda ip manejable y de alta calidad para entornos residenciales y de oficinas. Su tama\u00f1o ultra compacto, calidad de voz, funcionalidad avanzada de voip, protecci\u00f3n de seguridad y opciones de aprovisionamiento autom\u00e1tico permiten a los usuarios sacar provecho de voip en los tel\u00e9fonos anal\u00f3gicos. Tambi\u00e9n permite que los proveedores de servicios ofrezcan servicio ip de alta calidad a su mercado. El ht801 es un ata ideal para uso individual, as\u00ed como despliegues de voz ip comerciales en todo el mundo.<\/p>\n","protected":false},"featured_media":211832,"comment_status":"open","ping_status":"open","template":"","meta":[],"product_cat":[1485,1521],"product_tag":[1576],"acf":[],"yoast_head":"<!-- This site is optimized with the Yoast SEO plugin v21.7 - https:\/\/yoast.com\/wordpress\/plugins\/seo\/ -->\n<title>[ Grandstream ] &#129351; Ht801 Ata Voip V2 \/ Adaptador Para Conversion De Extensiones Analogicas A Ip, 1 Puerto Fxs, 1 Cuenta Sip , 1 Puertos 10\/100<\/title>\n<meta name=\"description\" content=\"Compra Ht801 Ata Voip V2 \/ Adaptador Para Conversion De Extensiones Analogicas A Ip, 1 Puerto Fxs, 1 Cuenta Sip , 1 Puertos 10\/100 + Env\u00edo a domicilio + Pago seguro + Garant\u00eda\" \/>\n<meta name=\"robots\" content=\"index, follow, max-snippet:-1, max-image-preview:large, max-video-preview:-1\" \/>\n<link rel=\"canonical\" href=\"https:\/\/compuviper.mx\/tienda\/producto\/grandstream-ht801-ata-voip-v2-adaptador-para-conversion-de-extensiones-analogicas-a-ip-1-puerto-fxs-1-cuenta-sip-1-puertos-10-100\/\" \/>\n<meta property=\"og:locale\" content=\"es_MX\" \/>\n<meta property=\"og:type\" content=\"article\" \/>\n<meta property=\"og:title\" content=\"[ Grandstream ] &#129351; Ht801 Ata Voip V2 \/ Adaptador Para Conversion De Extensiones Analogicas A Ip, 1 Puerto Fxs, 1 Cuenta Sip , 1 Puertos 10\/100\" \/>\n<meta property=\"og:description\" content=\"Compra Ht801 Ata Voip V2 \/ Adaptador Para Conversion De Extensiones Analogicas A Ip, 1 Puerto Fxs, 1 Cuenta Sip , 1 Puertos 10\/100 + Env\u00edo a domicilio + Pago seguro + Garant\u00eda\" \/>\n<meta property=\"og:url\" content=\"https:\/\/compuviper.mx\/tienda\/producto\/grandstream-ht801-ata-voip-v2-adaptador-para-conversion-de-extensiones-analogicas-a-ip-1-puerto-fxs-1-cuenta-sip-1-puertos-10-100\/\" \/>\n<meta property=\"og:site_name\" content=\"Compuviper\" \/>\n<meta property=\"article:publisher\" content=\"https:\/\/www.facebook.com\/compuviper\" \/>\n<meta property=\"article:modified_time\" content=\"2026-04-02T05:29:43+00:00\" \/>\n<meta property=\"og:image\" content=\"https:\/\/compuviper.mx\/tienda\/wp-content\/uploads\/2023\/12\/Ata-grandstream-ht801-para-telfono-analogico-1-puerto-fxs-1-cuenta-sip-1-puertos-10100.jpg\" \/>\n\t<meta property=\"og:image:width\" content=\"200\" \/>\n\t<meta property=\"og:image:height\" content=\"200\" \/>\n\t<meta property=\"og:image:type\" content=\"image\/jpeg\" \/>\n<meta name=\"twitter:card\" content=\"summary_large_image\" \/>\n<meta name=\"twitter:label1\" content=\"Precio\" \/>\n\t<meta name=\"twitter:data1\" content=\"&#36;876 con IVA\" \/>\n\t<meta name=\"twitter:label2\" content=\"Availability\" \/>\n\t<meta name=\"twitter:data2\" content=\"On backorder\" \/>\n<script type=\"application\/ld+json\" class=\"yoast-schema-graph\">{\"@context\":\"https:\/\/schema.org\",\"@graph\":[{\"@type\":\"WebPage\",\"@id\":\"https:\/\/compuviper.mx\/tienda\/producto\/grandstream-ht801-ata-voip-v2-adaptador-para-conversion-de-extensiones-analogicas-a-ip-1-puerto-fxs-1-cuenta-sip-1-puertos-10-100\/\",\"url\":\"https:\/\/compuviper.mx\/tienda\/producto\/grandstream-ht801-ata-voip-v2-adaptador-para-conversion-de-extensiones-analogicas-a-ip-1-puerto-fxs-1-cuenta-sip-1-puertos-10-100\/\",\"name\":\"[ Grandstream ] &#129351; Ht801 Ata Voip V2 \/ Adaptador Para Conversion De Extensiones Analogicas A Ip, 1 Puerto Fxs, 1 Cuenta Sip , 1 Puertos 10\/100\",\"isPartOf\":{\"@id\":\"https:\/\/compuviper.mx\/tienda\/#website\"},\"datePublished\":\"2026-04-02T05:29:42+00:00\",\"dateModified\":\"2026-04-02T05:29:43+00:00\",\"description\":\"Compra Ht801 Ata Voip V2 \/ Adaptador Para Conversion De Extensiones Analogicas A Ip, 1 Puerto Fxs, 1 Cuenta Sip , 1 Puertos 10\/100 + Env\u00edo a domicilio + Pago seguro + Garant\u00eda\",\"breadcrumb\":{\"@id\":\"https:\/\/compuviper.mx\/tienda\/producto\/grandstream-ht801-ata-voip-v2-adaptador-para-conversion-de-extensiones-analogicas-a-ip-1-puerto-fxs-1-cuenta-sip-1-puertos-10-100\/#breadcrumb\"},\"inLanguage\":\"es-MX\",\"potentialAction\":[{\"@type\":\"ReadAction\",\"target\":[\"https:\/\/compuviper.mx\/tienda\/producto\/grandstream-ht801-ata-voip-v2-adaptador-para-conversion-de-extensiones-analogicas-a-ip-1-puerto-fxs-1-cuenta-sip-1-puertos-10-100\/\"]}]},{\"@type\":\"BreadcrumbList\",\"@id\":\"https:\/\/compuviper.mx\/tienda\/producto\/grandstream-ht801-ata-voip-v2-adaptador-para-conversion-de-extensiones-analogicas-a-ip-1-puerto-fxs-1-cuenta-sip-1-puertos-10-100\/#breadcrumb\",\"itemListElement\":[{\"@type\":\"ListItem\",\"position\":1,\"name\":\"Inicio\",\"item\":\"https:\/\/compuviper.mx\/tienda\/\"},{\"@type\":\"ListItem\",\"position\":2,\"name\":\"Productos\",\"item\":\"https:\/\/compuviper.mx\/tienda\/productos\/\"},{\"@type\":\"ListItem\",\"position\":3,\"name\":\"Accesorios\",\"item\":\"https:\/\/compuviper.mx\/tienda\/categoria-producto\/accesorios\/\"},{\"@type\":\"ListItem\",\"position\":4,\"name\":\"Conmutadores\",\"item\":\"https:\/\/compuviper.mx\/tienda\/categoria-producto\/accesorios\/conmutadores\/\"},{\"@type\":\"ListItem\",\"position\":5,\"name\":\"Grandstream Ht801 Ata Voip V2 \/ Adaptador Para Conversion De Extensiones Analogicas A Ip, 1 Puerto Fxs, 1 Cuenta Sip , 1 Puertos 10\/100\"}]},{\"@type\":\"WebSite\",\"@id\":\"https:\/\/compuviper.mx\/tienda\/#website\",\"url\":\"https:\/\/compuviper.mx\/tienda\/\",\"name\":\"Compuviper\",\"description\":\"Proveedor de Computadoras, Laptops, Servidores, Monitores, Puntos de Venta, Teclados,   Impresoras, T\u00f3ner, C\u00e1maras de Seguridad y m\u00e1s en tu tienda en l\u00ednea\",\"publisher\":{\"@id\":\"https:\/\/compuviper.mx\/tienda\/#organization\"},\"potentialAction\":[{\"@type\":\"SearchAction\",\"target\":{\"@type\":\"EntryPoint\",\"urlTemplate\":\"https:\/\/compuviper.mx\/tienda\/?s={search_term_string}\"},\"query-input\":\"required name=search_term_string\"}],\"inLanguage\":\"es-MX\"},{\"@type\":\"Organization\",\"@id\":\"https:\/\/compuviper.mx\/tienda\/#organization\",\"name\":\"Compuviper\",\"url\":\"https:\/\/compuviper.mx\/tienda\/\",\"logo\":{\"@type\":\"ImageObject\",\"inLanguage\":\"es-MX\",\"@id\":\"https:\/\/compuviper.mx\/tienda\/#\/schema\/logo\/image\/\",\"url\":\"https:\/\/compuviper.mx\/tienda\/wp-content\/uploads\/2021\/08\/Logo-Compuviper-10.png\",\"contentUrl\":\"https:\/\/compuviper.mx\/tienda\/wp-content\/uploads\/2021\/08\/Logo-Compuviper-10.png\",\"width\":1000,\"height\":500,\"caption\":\"Compuviper\"},\"image\":{\"@id\":\"https:\/\/compuviper.mx\/tienda\/#\/schema\/logo\/image\/\"},\"sameAs\":[\"https:\/\/www.facebook.com\/compuviper\",\"https:\/\/www.youtube.com\/channel\/UCf73dERp9Y3cfOq7q8BhLjA?view_as=subscriber\"]}]}<\/script>\n<meta property=\"product:brand\" content=\"GRANDSTREAM\" \/>\n<meta property=\"product:price:amount\" content=\"876\" \/>\n<meta property=\"product:price:currency\" content=\"MXN\" \/>\n<meta property=\"og:availability\" content=\"backorder\" \/>\n<meta property=\"product:availability\" content=\"available for order\" \/>\n<meta property=\"product:retailer_item_id\" content=\"HT801\" \/>\n<meta property=\"product:condition\" content=\"new\" \/>\n<!-- \/ Yoast SEO plugin. -->","yoast_head_json":{"title":"[ Grandstream ] &#129351; Ht801 Ata Voip V2 \/ Adaptador Para Conversion De Extensiones Analogicas A Ip, 1 Puerto Fxs, 1 Cuenta Sip , 1 Puertos 10\/100","description":"Compra Ht801 Ata Voip V2 \/ Adaptador Para Conversion De Extensiones Analogicas A Ip, 1 Puerto Fxs, 1 Cuenta Sip , 1 Puertos 10\/100 + Env\u00edo a domicilio + Pago seguro + Garant\u00eda","robots":{"index":"index","follow":"follow","max-snippet":"max-snippet:-1","max-image-preview":"max-image-preview:large","max-video-preview":"max-video-preview:-1"},"canonical":"https:\/\/compuviper.mx\/tienda\/producto\/grandstream-ht801-ata-voip-v2-adaptador-para-conversion-de-extensiones-analogicas-a-ip-1-puerto-fxs-1-cuenta-sip-1-puertos-10-100\/","og_locale":"es_MX","og_type":"article","og_title":"[ Grandstream ] &#129351; Ht801 Ata Voip V2 \/ Adaptador Para Conversion De Extensiones Analogicas A Ip, 1 Puerto Fxs, 1 Cuenta Sip , 1 Puertos 10\/100","og_description":"Compra Ht801 Ata Voip V2 \/ Adaptador Para Conversion De Extensiones Analogicas A Ip, 1 Puerto Fxs, 1 Cuenta Sip , 1 Puertos 10\/100 + Env\u00edo a domicilio + Pago seguro + Garant\u00eda","og_url":"https:\/\/compuviper.mx\/tienda\/producto\/grandstream-ht801-ata-voip-v2-adaptador-para-conversion-de-extensiones-analogicas-a-ip-1-puerto-fxs-1-cuenta-sip-1-puertos-10-100\/","og_site_name":"Compuviper","article_publisher":"https:\/\/www.facebook.com\/compuviper","article_modified_time":"2026-04-02T05:29:43+00:00","og_image":[{"width":200,"height":200,"url":"https:\/\/compuviper.mx\/tienda\/wp-content\/uploads\/2023\/12\/Ata-grandstream-ht801-para-telfono-analogico-1-puerto-fxs-1-cuenta-sip-1-puertos-10100.jpg","type":"image\/jpeg"}],"twitter_card":"summary_large_image","twitter_misc":{"Precio":"&#36;876 con IVA","Availability":"On backorder"},"schema":{"@context":"https:\/\/schema.org","@graph":[{"@type":"WebPage","@id":"https:\/\/compuviper.mx\/tienda\/producto\/grandstream-ht801-ata-voip-v2-adaptador-para-conversion-de-extensiones-analogicas-a-ip-1-puerto-fxs-1-cuenta-sip-1-puertos-10-100\/","url":"https:\/\/compuviper.mx\/tienda\/producto\/grandstream-ht801-ata-voip-v2-adaptador-para-conversion-de-extensiones-analogicas-a-ip-1-puerto-fxs-1-cuenta-sip-1-puertos-10-100\/","name":"[ Grandstream ] &#129351; Ht801 Ata Voip V2 \/ Adaptador Para Conversion De Extensiones Analogicas A Ip, 1 Puerto Fxs, 1 Cuenta Sip , 1 Puertos 10\/100","isPartOf":{"@id":"https:\/\/compuviper.mx\/tienda\/#website"},"datePublished":"2026-04-02T05:29:42+00:00","dateModified":"2026-04-02T05:29:43+00:00","description":"Compra Ht801 Ata Voip V2 \/ Adaptador Para Conversion De Extensiones Analogicas A Ip, 1 Puerto Fxs, 1 Cuenta Sip , 1 Puertos 10\/100 + Env\u00edo a domicilio + Pago seguro + Garant\u00eda","breadcrumb":{"@id":"https:\/\/compuviper.mx\/tienda\/producto\/grandstream-ht801-ata-voip-v2-adaptador-para-conversion-de-extensiones-analogicas-a-ip-1-puerto-fxs-1-cuenta-sip-1-puertos-10-100\/#breadcrumb"},"inLanguage":"es-MX","potentialAction":[{"@type":"ReadAction","target":["https:\/\/compuviper.mx\/tienda\/producto\/grandstream-ht801-ata-voip-v2-adaptador-para-conversion-de-extensiones-analogicas-a-ip-1-puerto-fxs-1-cuenta-sip-1-puertos-10-100\/"]}]},{"@type":"BreadcrumbList","@id":"https:\/\/compuviper.mx\/tienda\/producto\/grandstream-ht801-ata-voip-v2-adaptador-para-conversion-de-extensiones-analogicas-a-ip-1-puerto-fxs-1-cuenta-sip-1-puertos-10-100\/#breadcrumb","itemListElement":[{"@type":"ListItem","position":1,"name":"Inicio","item":"https:\/\/compuviper.mx\/tienda\/"},{"@type":"ListItem","position":2,"name":"Productos","item":"https:\/\/compuviper.mx\/tienda\/productos\/"},{"@type":"ListItem","position":3,"name":"Accesorios","item":"https:\/\/compuviper.mx\/tienda\/categoria-producto\/accesorios\/"},{"@type":"ListItem","position":4,"name":"Conmutadores","item":"https:\/\/compuviper.mx\/tienda\/categoria-producto\/accesorios\/conmutadores\/"},{"@type":"ListItem","position":5,"name":"Grandstream Ht801 Ata Voip V2 \/ Adaptador Para Conversion De Extensiones Analogicas A Ip, 1 Puerto Fxs, 1 Cuenta Sip , 1 Puertos 10\/100"}]},{"@type":"WebSite","@id":"https:\/\/compuviper.mx\/tienda\/#website","url":"https:\/\/compuviper.mx\/tienda\/","name":"Compuviper","description":"Proveedor de Computadoras, Laptops, Servidores, Monitores, Puntos de Venta, Teclados,   Impresoras, T\u00f3ner, C\u00e1maras de Seguridad y m\u00e1s en tu tienda en l\u00ednea","publisher":{"@id":"https:\/\/compuviper.mx\/tienda\/#organization"},"potentialAction":[{"@type":"SearchAction","target":{"@type":"EntryPoint","urlTemplate":"https:\/\/compuviper.mx\/tienda\/?s={search_term_string}"},"query-input":"required name=search_term_string"}],"inLanguage":"es-MX"},{"@type":"Organization","@id":"https:\/\/compuviper.mx\/tienda\/#organization","name":"Compuviper","url":"https:\/\/compuviper.mx\/tienda\/","logo":{"@type":"ImageObject","inLanguage":"es-MX","@id":"https:\/\/compuviper.mx\/tienda\/#\/schema\/logo\/image\/","url":"https:\/\/compuviper.mx\/tienda\/wp-content\/uploads\/2021\/08\/Logo-Compuviper-10.png","contentUrl":"https:\/\/compuviper.mx\/tienda\/wp-content\/uploads\/2021\/08\/Logo-Compuviper-10.png","width":1000,"height":500,"caption":"Compuviper"},"image":{"@id":"https:\/\/compuviper.mx\/tienda\/#\/schema\/logo\/image\/"},"sameAs":["https:\/\/www.facebook.com\/compuviper","https:\/\/www.youtube.com\/channel\/UCf73dERp9Y3cfOq7q8BhLjA?view_as=subscriber"]}]},"product_brand":"GRANDSTREAM","product_price_amount":"876","product_price_currency":"MXN","og_availability":"backorder","product_availability":"available for order","product_retailer_item_id":"HT801","product_condition":"new"},"_links":{"self":[{"href":"https:\/\/compuviper.mx\/tienda\/wp-json\/wp\/v2\/product\/211831"}],"collection":[{"href":"https:\/\/compuviper.mx\/tienda\/wp-json\/wp\/v2\/product"}],"about":[{"href":"https:\/\/compuviper.mx\/tienda\/wp-json\/wp\/v2\/types\/product"}],"replies":[{"embeddable":true,"href":"https:\/\/compuviper.mx\/tienda\/wp-json\/wp\/v2\/comments?post=211831"}],"wp:featuredmedia":[{"embeddable":true,"href":"https:\/\/compuviper.mx\/tienda\/wp-json\/wp\/v2\/media\/211832"}],"wp:attachment":[{"href":"https:\/\/compuviper.mx\/tienda\/wp-json\/wp\/v2\/media?parent=211831"}],"wp:term":[{"taxonomy":"product_cat","embeddable":true,"href":"https:\/\/compuviper.mx\/tienda\/wp-json\/wp\/v2\/product_cat?post=211831"},{"taxonomy":"product_tag","embeddable":true,"href":"https:\/\/compuviper.mx\/tienda\/wp-json\/wp\/v2\/product_tag?post=211831"}],"curies":[{"name":"wp","href":"https:\/\/api.w.org\/{rel}","templated":true}]}}