{"id":211829,"date":"2026-04-07T23:30:53","date_gmt":"2026-04-08T05:30:53","guid":{"rendered":"https:\/\/compuviper.mx\/tienda\/producto\/grandstream-gxp2200ext-modulo-de-expansion-con-20-teclas-y-40-registros-blf-para-telefonos-modelo-gxp2140-gxp2170-y-gxv3240\/"},"modified":"2026-04-07T23:30:53","modified_gmt":"2026-04-08T05:30:53","slug":"grandstream-gxp2200ext-modulo-de-expansion-con-20-teclas-y-40-registros-blf-para-telefonos-modelo-gxp2140-gxp2170-y-gxv3240","status":"publish","type":"product","link":"https:\/\/compuviper.mx\/tienda\/producto\/grandstream-gxp2200ext-modulo-de-expansion-con-20-teclas-y-40-registros-blf-para-telefonos-modelo-gxp2140-gxp2170-y-gxv3240\/","title":{"rendered":"Grandstream Gxp2200ext Modulo De Expansion  \/ Con 20 Teclas Y 40 Registros Blf Para Telefonos Modelo Gxp2140 Gxp2170 Y Gxv3240"},"content":{"rendered":"<table class=\"descripcion\">\n<tr>\n<td>Lineas<\/td>\n<\/tr>\n<tr>\n<td>20 (hasta 40 con  2 teclas de cambio de p\u00e1gina, o hasta 160 con  4 m\u00f3dulos conectados en serie)<\/td>\n<\/tr>\n<tr>\n<td>Tel\u00e9fonos ip grandstream<\/td>\n<\/tr>\n<tr>\n<td>Compatibles  gxp2140, gxp2170 y gxv3240<\/td>\n<\/tr>\n<tr>\n<td>Soporte de caracter\u00edsticas<\/td>\n<\/tr>\n<tr>\n<td>Sofisticada interfaz gr\u00e1fica  de usuario local accionada desde el tel\u00e9fono base<\/td>\n<\/tr>\n<tr>\n<td>Gxp2140\/gxp2170\/gxv3240; m\u00faltiples estados de l\u00ednea\/llamada<\/td>\n<\/tr>\n<tr>\n<td>Energ\u00eda  los m\u00f3dulos de expansi\u00f3n son activados por  el tel\u00e9fono base<\/td>\n<\/tr>\n<tr>\n<td>Actualizaciones de firmware  proporcionadas por  el tel\u00e9fono base.<\/td>\n<\/tr>\n<tr>\n<td>Dimensiones<\/td>\n<\/tr>\n<tr>\n<td>(longitud x ancho x altura)  206 mm  x 117 mm  x 32 mm<\/td>\n<\/tr>\n<tr>\n<td>Peso  0.38 kg<\/td>\n<\/tr>\n<tr>\n<td>Temperatura  0 ~ 40 \u00b0c (32 ~ 104 \u00b0f)<\/td>\n<\/tr>\n<tr>\n<td>Humedad  10% &#8211; 90% sin condensaci\u00f3n<\/td>\n<\/tr>\n<tr>\n<td>Conformidad  fcc\/ce\/c-tick<\/td>\n<\/tr>\n<\/table>\n","protected":false},"excerpt":{"rendered":"<p>El m\u00f3dulo gxp2200ext ofrece funcionalidad, versatilidad y flexibilidad adicionales a los tel\u00e9fonos ip empresarial gxp2140 y gxp2170 y al videotel\u00e9fono ip gxv3240 con  android\u0099 de  grandstream. El m\u00f3dulo gxp2200ext cuenta con  una pantalla gr\u00e1fica lcd de  128  x 384  y 20 botones programables (cada uno. Con  led bicolor). Permite hasta 40 extensiones por  m\u00f3dulo usando las dos  teclas de  cambio de  p\u00e1gina y hasta 160  botones cuando los 4 m\u00f3dulos de  extensi\u00f3n est\u00e1n conectados en  serie. Este  m\u00f3dulo de extensi\u00f3n es conectado, activado y controlado por  el gxp2140\/gxv3240;  dando el beneficio de  teclas de extensi\u00f3n adicionales al instante. El gxp2200ext soporta las tradicionales funciones de  llamada en  cada uno de  sus  botones programables, incluyendo blf (luz de  indicador de  ocupado, est\u00e1ndar o lista  de  eventos), estacionamiento\/recuperaci\u00f3n de  llamadas, marcaci\u00f3n r\u00e1pida, presencia, intercom y conferencia\/ transferencia\/reenv\u00edo. El gxp2200ext es la soluci\u00f3n ideal  para cualquier recepcionista o negocio que maneje un  alto  volumen de  llamadas. Cuando se usa el gxp2200ext el asistente telef\u00f3nico puede garantizar m\u00e1xima productividad monitoreando y enviando m\u00faltiples llamadas entrantes de  manera eficiente.<\/p>\n","protected":false},"featured_media":211830,"comment_status":"open","ping_status":"open","template":"","meta":[],"product_cat":[1485,1530],"product_tag":[1576],"acf":[],"yoast_head":"<!-- This site is optimized with the Yoast SEO plugin v21.7 - https:\/\/yoast.com\/wordpress\/plugins\/seo\/ -->\n<title>[ Grandstream ] &#129351; Gxp2200ext Modulo De Expansion \/ Con 20 Teclas Y 40 Registros Blf Para Telefonos Modelo Gxp2140 Gxp2170 Y Gxv3240<\/title>\n<meta name=\"description\" content=\"Compra Gxp2200ext Modulo De Expansion \/ Con 20 Teclas Y 40 Registros Blf Para Telefonos Modelo Gxp2140 Gxp2170 Y Gxv3240 + Env\u00edo a domicilio + Pago seguro + Garant\u00eda\" \/>\n<meta name=\"robots\" content=\"index, follow, max-snippet:-1, max-image-preview:large, max-video-preview:-1\" \/>\n<link rel=\"canonical\" href=\"https:\/\/compuviper.mx\/tienda\/producto\/grandstream-gxp2200ext-modulo-de-expansion-con-20-teclas-y-40-registros-blf-para-telefonos-modelo-gxp2140-gxp2170-y-gxv3240\/\" \/>\n<meta property=\"og:locale\" content=\"es_MX\" \/>\n<meta property=\"og:type\" content=\"article\" \/>\n<meta property=\"og:title\" content=\"[ Grandstream ] &#129351; Gxp2200ext Modulo De Expansion \/ Con 20 Teclas Y 40 Registros Blf Para Telefonos Modelo Gxp2140 Gxp2170 Y Gxv3240\" \/>\n<meta property=\"og:description\" content=\"Compra Gxp2200ext Modulo De Expansion \/ Con 20 Teclas Y 40 Registros Blf Para Telefonos Modelo Gxp2140 Gxp2170 Y Gxv3240 + Env\u00edo a domicilio + Pago seguro + Garant\u00eda\" \/>\n<meta property=\"og:url\" content=\"https:\/\/compuviper.mx\/tienda\/producto\/grandstream-gxp2200ext-modulo-de-expansion-con-20-teclas-y-40-registros-blf-para-telefonos-modelo-gxp2140-gxp2170-y-gxv3240\/\" \/>\n<meta property=\"og:site_name\" content=\"Compuviper\" \/>\n<meta property=\"article:publisher\" content=\"https:\/\/www.facebook.com\/compuviper\" \/>\n<meta property=\"og:image\" content=\"https:\/\/compuviper.mx\/tienda\/wp-content\/uploads\/2023\/12\/Modulo-de-expansion-grandstream-gxp2200ext-con-20-teclas-y-40-registros-blf-para-telefonos-modelo-gxp2140-gxp2170-y-gxv3240.jpg\" \/>\n\t<meta property=\"og:image:width\" content=\"200\" \/>\n\t<meta property=\"og:image:height\" content=\"200\" \/>\n\t<meta property=\"og:image:type\" content=\"image\/jpeg\" \/>\n<meta name=\"twitter:card\" content=\"summary_large_image\" \/>\n<meta name=\"twitter:label1\" content=\"Precio\" \/>\n\t<meta name=\"twitter:data1\" content=\"&#36;1,897 con IVA\" \/>\n\t<meta name=\"twitter:label2\" content=\"Availability\" \/>\n\t<meta name=\"twitter:data2\" content=\"On backorder\" \/>\n<script type=\"application\/ld+json\" class=\"yoast-schema-graph\">{\"@context\":\"https:\/\/schema.org\",\"@graph\":[{\"@type\":\"WebPage\",\"@id\":\"https:\/\/compuviper.mx\/tienda\/producto\/grandstream-gxp2200ext-modulo-de-expansion-con-20-teclas-y-40-registros-blf-para-telefonos-modelo-gxp2140-gxp2170-y-gxv3240\/\",\"url\":\"https:\/\/compuviper.mx\/tienda\/producto\/grandstream-gxp2200ext-modulo-de-expansion-con-20-teclas-y-40-registros-blf-para-telefonos-modelo-gxp2140-gxp2170-y-gxv3240\/\",\"name\":\"[ Grandstream ] &#129351; Gxp2200ext Modulo De Expansion \/ Con 20 Teclas Y 40 Registros Blf Para Telefonos Modelo Gxp2140 Gxp2170 Y Gxv3240\",\"isPartOf\":{\"@id\":\"https:\/\/compuviper.mx\/tienda\/#website\"},\"datePublished\":\"2026-04-08T05:30:53+00:00\",\"dateModified\":\"2026-04-08T05:30:53+00:00\",\"description\":\"Compra Gxp2200ext Modulo De Expansion \/ Con 20 Teclas Y 40 Registros Blf Para Telefonos Modelo Gxp2140 Gxp2170 Y Gxv3240 + Env\u00edo a domicilio + Pago seguro + Garant\u00eda\",\"breadcrumb\":{\"@id\":\"https:\/\/compuviper.mx\/tienda\/producto\/grandstream-gxp2200ext-modulo-de-expansion-con-20-teclas-y-40-registros-blf-para-telefonos-modelo-gxp2140-gxp2170-y-gxv3240\/#breadcrumb\"},\"inLanguage\":\"es-MX\",\"potentialAction\":[{\"@type\":\"ReadAction\",\"target\":[\"https:\/\/compuviper.mx\/tienda\/producto\/grandstream-gxp2200ext-modulo-de-expansion-con-20-teclas-y-40-registros-blf-para-telefonos-modelo-gxp2140-gxp2170-y-gxv3240\/\"]}]},{\"@type\":\"BreadcrumbList\",\"@id\":\"https:\/\/compuviper.mx\/tienda\/producto\/grandstream-gxp2200ext-modulo-de-expansion-con-20-teclas-y-40-registros-blf-para-telefonos-modelo-gxp2140-gxp2170-y-gxv3240\/#breadcrumb\",\"itemListElement\":[{\"@type\":\"ListItem\",\"position\":1,\"name\":\"Inicio\",\"item\":\"https:\/\/compuviper.mx\/tienda\/\"},{\"@type\":\"ListItem\",\"position\":2,\"name\":\"Productos\",\"item\":\"https:\/\/compuviper.mx\/tienda\/productos\/\"},{\"@type\":\"ListItem\",\"position\":3,\"name\":\"Accesorios\",\"item\":\"https:\/\/compuviper.mx\/tienda\/categoria-producto\/accesorios\/\"},{\"@type\":\"ListItem\",\"position\":4,\"name\":\"Telefonia\",\"item\":\"https:\/\/compuviper.mx\/tienda\/categoria-producto\/accesorios\/telefonia\/\"},{\"@type\":\"ListItem\",\"position\":5,\"name\":\"Grandstream Gxp2200ext Modulo De Expansion \/ Con 20 Teclas Y 40 Registros Blf Para Telefonos Modelo Gxp2140 Gxp2170 Y Gxv3240\"}]},{\"@type\":\"WebSite\",\"@id\":\"https:\/\/compuviper.mx\/tienda\/#website\",\"url\":\"https:\/\/compuviper.mx\/tienda\/\",\"name\":\"Compuviper\",\"description\":\"Proveedor de Computadoras, Laptops, Servidores, Monitores, Puntos de Venta, Teclados,   Impresoras, T\u00f3ner, C\u00e1maras de Seguridad y m\u00e1s en tu tienda en l\u00ednea\",\"publisher\":{\"@id\":\"https:\/\/compuviper.mx\/tienda\/#organization\"},\"potentialAction\":[{\"@type\":\"SearchAction\",\"target\":{\"@type\":\"EntryPoint\",\"urlTemplate\":\"https:\/\/compuviper.mx\/tienda\/?s={search_term_string}\"},\"query-input\":\"required name=search_term_string\"}],\"inLanguage\":\"es-MX\"},{\"@type\":\"Organization\",\"@id\":\"https:\/\/compuviper.mx\/tienda\/#organization\",\"name\":\"Compuviper\",\"url\":\"https:\/\/compuviper.mx\/tienda\/\",\"logo\":{\"@type\":\"ImageObject\",\"inLanguage\":\"es-MX\",\"@id\":\"https:\/\/compuviper.mx\/tienda\/#\/schema\/logo\/image\/\",\"url\":\"https:\/\/compuviper.mx\/tienda\/wp-content\/uploads\/2021\/08\/Logo-Compuviper-10.png\",\"contentUrl\":\"https:\/\/compuviper.mx\/tienda\/wp-content\/uploads\/2021\/08\/Logo-Compuviper-10.png\",\"width\":1000,\"height\":500,\"caption\":\"Compuviper\"},\"image\":{\"@id\":\"https:\/\/compuviper.mx\/tienda\/#\/schema\/logo\/image\/\"},\"sameAs\":[\"https:\/\/www.facebook.com\/compuviper\",\"https:\/\/www.youtube.com\/channel\/UCf73dERp9Y3cfOq7q8BhLjA?view_as=subscriber\"]}]}<\/script>\n<meta property=\"product:brand\" content=\"GRANDSTREAM\" \/>\n<meta property=\"product:price:amount\" content=\"1897\" \/>\n<meta property=\"product:price:currency\" content=\"MXN\" \/>\n<meta property=\"og:availability\" content=\"backorder\" \/>\n<meta property=\"product:availability\" content=\"available for order\" \/>\n<meta property=\"product:retailer_item_id\" content=\"GXP2200EXT\" \/>\n<meta property=\"product:condition\" content=\"new\" \/>\n<!-- \/ Yoast SEO plugin. -->","yoast_head_json":{"title":"[ Grandstream ] &#129351; Gxp2200ext Modulo De Expansion \/ Con 20 Teclas Y 40 Registros Blf Para Telefonos Modelo Gxp2140 Gxp2170 Y Gxv3240","description":"Compra Gxp2200ext Modulo De Expansion \/ Con 20 Teclas Y 40 Registros Blf Para Telefonos Modelo Gxp2140 Gxp2170 Y Gxv3240 + Env\u00edo a domicilio + Pago seguro + Garant\u00eda","robots":{"index":"index","follow":"follow","max-snippet":"max-snippet:-1","max-image-preview":"max-image-preview:large","max-video-preview":"max-video-preview:-1"},"canonical":"https:\/\/compuviper.mx\/tienda\/producto\/grandstream-gxp2200ext-modulo-de-expansion-con-20-teclas-y-40-registros-blf-para-telefonos-modelo-gxp2140-gxp2170-y-gxv3240\/","og_locale":"es_MX","og_type":"article","og_title":"[ Grandstream ] &#129351; Gxp2200ext Modulo De Expansion \/ Con 20 Teclas Y 40 Registros Blf Para Telefonos Modelo Gxp2140 Gxp2170 Y Gxv3240","og_description":"Compra Gxp2200ext Modulo De Expansion \/ Con 20 Teclas Y 40 Registros Blf Para Telefonos Modelo Gxp2140 Gxp2170 Y Gxv3240 + Env\u00edo a domicilio + Pago seguro + Garant\u00eda","og_url":"https:\/\/compuviper.mx\/tienda\/producto\/grandstream-gxp2200ext-modulo-de-expansion-con-20-teclas-y-40-registros-blf-para-telefonos-modelo-gxp2140-gxp2170-y-gxv3240\/","og_site_name":"Compuviper","article_publisher":"https:\/\/www.facebook.com\/compuviper","og_image":[{"width":200,"height":200,"url":"https:\/\/compuviper.mx\/tienda\/wp-content\/uploads\/2023\/12\/Modulo-de-expansion-grandstream-gxp2200ext-con-20-teclas-y-40-registros-blf-para-telefonos-modelo-gxp2140-gxp2170-y-gxv3240.jpg","type":"image\/jpeg"}],"twitter_card":"summary_large_image","twitter_misc":{"Precio":"&#36;1,897 con IVA","Availability":"On backorder"},"schema":{"@context":"https:\/\/schema.org","@graph":[{"@type":"WebPage","@id":"https:\/\/compuviper.mx\/tienda\/producto\/grandstream-gxp2200ext-modulo-de-expansion-con-20-teclas-y-40-registros-blf-para-telefonos-modelo-gxp2140-gxp2170-y-gxv3240\/","url":"https:\/\/compuviper.mx\/tienda\/producto\/grandstream-gxp2200ext-modulo-de-expansion-con-20-teclas-y-40-registros-blf-para-telefonos-modelo-gxp2140-gxp2170-y-gxv3240\/","name":"[ Grandstream ] &#129351; Gxp2200ext Modulo De Expansion \/ Con 20 Teclas Y 40 Registros Blf Para Telefonos Modelo Gxp2140 Gxp2170 Y Gxv3240","isPartOf":{"@id":"https:\/\/compuviper.mx\/tienda\/#website"},"datePublished":"2026-04-08T05:30:53+00:00","dateModified":"2026-04-08T05:30:53+00:00","description":"Compra Gxp2200ext Modulo De Expansion \/ Con 20 Teclas Y 40 Registros Blf Para Telefonos Modelo Gxp2140 Gxp2170 Y Gxv3240 + Env\u00edo a domicilio + Pago seguro + Garant\u00eda","breadcrumb":{"@id":"https:\/\/compuviper.mx\/tienda\/producto\/grandstream-gxp2200ext-modulo-de-expansion-con-20-teclas-y-40-registros-blf-para-telefonos-modelo-gxp2140-gxp2170-y-gxv3240\/#breadcrumb"},"inLanguage":"es-MX","potentialAction":[{"@type":"ReadAction","target":["https:\/\/compuviper.mx\/tienda\/producto\/grandstream-gxp2200ext-modulo-de-expansion-con-20-teclas-y-40-registros-blf-para-telefonos-modelo-gxp2140-gxp2170-y-gxv3240\/"]}]},{"@type":"BreadcrumbList","@id":"https:\/\/compuviper.mx\/tienda\/producto\/grandstream-gxp2200ext-modulo-de-expansion-con-20-teclas-y-40-registros-blf-para-telefonos-modelo-gxp2140-gxp2170-y-gxv3240\/#breadcrumb","itemListElement":[{"@type":"ListItem","position":1,"name":"Inicio","item":"https:\/\/compuviper.mx\/tienda\/"},{"@type":"ListItem","position":2,"name":"Productos","item":"https:\/\/compuviper.mx\/tienda\/productos\/"},{"@type":"ListItem","position":3,"name":"Accesorios","item":"https:\/\/compuviper.mx\/tienda\/categoria-producto\/accesorios\/"},{"@type":"ListItem","position":4,"name":"Telefonia","item":"https:\/\/compuviper.mx\/tienda\/categoria-producto\/accesorios\/telefonia\/"},{"@type":"ListItem","position":5,"name":"Grandstream Gxp2200ext Modulo De Expansion \/ Con 20 Teclas Y 40 Registros Blf Para Telefonos Modelo Gxp2140 Gxp2170 Y Gxv3240"}]},{"@type":"WebSite","@id":"https:\/\/compuviper.mx\/tienda\/#website","url":"https:\/\/compuviper.mx\/tienda\/","name":"Compuviper","description":"Proveedor de Computadoras, Laptops, Servidores, Monitores, Puntos de Venta, Teclados,   Impresoras, T\u00f3ner, C\u00e1maras de Seguridad y m\u00e1s en tu tienda en l\u00ednea","publisher":{"@id":"https:\/\/compuviper.mx\/tienda\/#organization"},"potentialAction":[{"@type":"SearchAction","target":{"@type":"EntryPoint","urlTemplate":"https:\/\/compuviper.mx\/tienda\/?s={search_term_string}"},"query-input":"required name=search_term_string"}],"inLanguage":"es-MX"},{"@type":"Organization","@id":"https:\/\/compuviper.mx\/tienda\/#organization","name":"Compuviper","url":"https:\/\/compuviper.mx\/tienda\/","logo":{"@type":"ImageObject","inLanguage":"es-MX","@id":"https:\/\/compuviper.mx\/tienda\/#\/schema\/logo\/image\/","url":"https:\/\/compuviper.mx\/tienda\/wp-content\/uploads\/2021\/08\/Logo-Compuviper-10.png","contentUrl":"https:\/\/compuviper.mx\/tienda\/wp-content\/uploads\/2021\/08\/Logo-Compuviper-10.png","width":1000,"height":500,"caption":"Compuviper"},"image":{"@id":"https:\/\/compuviper.mx\/tienda\/#\/schema\/logo\/image\/"},"sameAs":["https:\/\/www.facebook.com\/compuviper","https:\/\/www.youtube.com\/channel\/UCf73dERp9Y3cfOq7q8BhLjA?view_as=subscriber"]}]},"product_brand":"GRANDSTREAM","product_price_amount":"1897","product_price_currency":"MXN","og_availability":"backorder","product_availability":"available for order","product_retailer_item_id":"GXP2200EXT","product_condition":"new"},"_links":{"self":[{"href":"https:\/\/compuviper.mx\/tienda\/wp-json\/wp\/v2\/product\/211829"}],"collection":[{"href":"https:\/\/compuviper.mx\/tienda\/wp-json\/wp\/v2\/product"}],"about":[{"href":"https:\/\/compuviper.mx\/tienda\/wp-json\/wp\/v2\/types\/product"}],"replies":[{"embeddable":true,"href":"https:\/\/compuviper.mx\/tienda\/wp-json\/wp\/v2\/comments?post=211829"}],"wp:featuredmedia":[{"embeddable":true,"href":"https:\/\/compuviper.mx\/tienda\/wp-json\/wp\/v2\/media\/211830"}],"wp:attachment":[{"href":"https:\/\/compuviper.mx\/tienda\/wp-json\/wp\/v2\/media?parent=211829"}],"wp:term":[{"taxonomy":"product_cat","embeddable":true,"href":"https:\/\/compuviper.mx\/tienda\/wp-json\/wp\/v2\/product_cat?post=211829"},{"taxonomy":"product_tag","embeddable":true,"href":"https:\/\/compuviper.mx\/tienda\/wp-json\/wp\/v2\/product_tag?post=211829"}],"curies":[{"name":"wp","href":"https:\/\/api.w.org\/{rel}","templated":true}]}}