{"id":211827,"date":"2026-04-01T23:29:41","date_gmt":"2026-04-02T05:29:41","guid":{"rendered":"https:\/\/compuviper.mx\/tienda\/producto\/grandstream-dp750-base-dect-voip-poe-conecta-hasta-5-telfonos-dp720dp722-y-dp730-alcance-50-mts-interior-300-mts-exterior\/"},"modified":"2026-04-01T23:29:42","modified_gmt":"2026-04-02T05:29:42","slug":"grandstream-dp750-base-dect-voip-poe-conecta-hasta-5-telfonos-dp720dp722-y-dp730-alcance-50-mts-interior-300-mts-exterior","status":"publish","type":"product","link":"https:\/\/compuviper.mx\/tienda\/producto\/grandstream-dp750-base-dect-voip-poe-conecta-hasta-5-telfonos-dp720dp722-y-dp730-alcance-50-mts-interior-300-mts-exterior\/","title":{"rendered":"Grandstream Dp750 Base Dect Voip   Poe Conecta Hasta 5 Telfonos Dp720,dp722 Y Dp730 Alcance 50 Mts Interior 300 Mts Exterior"},"content":{"rendered":"<table class=\"descripcion\">\n<tr>\n<td>Interfaz a\u00e9rea<\/td>\n<\/tr>\n<tr>\n<td>Est\u00e1ndares de telefon\u00eda: dect est\u00e1ndares de telefon\u00eda: dect bandas de frecuencia:<\/td>\n<\/tr>\n<tr>\n<td>1880  \u0096 1900  mhz (europa), 1920  \u0096 1930  mhz (ee.uu.),<\/td>\n<\/tr>\n<tr>\n<td>1910  \u0096 1920  mhz (brasil), 1786  \u0096 1792  mhz (corea),<\/td>\n<\/tr>\n<tr>\n<td>1893  \u0096 1906  mhz (jap\u00f3n), 1880  \u0096 1895  mhz (taiw\u00e1n)<\/td>\n<\/tr>\n<tr>\n<td>N\u00famero de canales: 10 (europa), 5 (ee.uu., brasil o jap\u00f3n),  3 (corea),  8 (taiw\u00e1n)<\/td>\n<\/tr>\n<tr>\n<td>Alcance: hasta 300 metros afuera y 50 metros adentro<\/td>\n<\/tr>\n<tr>\n<td>Dispositivos perif\u00e9ricos<\/td>\n<\/tr>\n<tr>\n<td>5 indicadores led: encendido, red, registro, llamada, dect bot\u00f3n de reinicio, bot\u00f3n de enlazamiento\/localizaci\u00f3n<\/td>\n<\/tr>\n<tr>\n<td>Un puerto ethernet de 10\/100 mbps de detecci\u00f3n autom\u00e1tica con  poe integrado<\/td>\n<\/tr>\n<tr>\n<td>Protocolo\/est\u00e1ndares<\/td>\n<\/tr>\n<tr>\n<td>Sip rfc3261, tcp\/ip\/udp, rtp\/rtcp, http\/https, arp\/rarp, icmp, dns (a record, srv, naptr),<\/td>\n<\/tr>\n<tr>\n<td>Dhcp, pppoe, ssh, tftp, ntp, stun, simple, lldp-med, ldap, tr-069, 802.1x,  tls, srtp, ipv6 (en tr\u00e1mite)<\/td>\n<\/tr>\n<tr>\n<td>C\u00f3decs de voz<\/td>\n<\/tr>\n<tr>\n<td>G.711 and #956;\/a-law, g.723.1, g.729a\/b, g.726-32, ilbc, g.722, opus, g.722.2\/amr-wb (pedido es- pecial),  dtmf en banda y fuera de banda (entrada de audio, rfc2833, sip info), vad, cng, plc, ajb<\/td>\n<\/tr>\n<tr>\n<td>Retenci\u00f3n, transferencia, desv\u00edo, conferencia de 3 v\u00edas, directorio descargable (xml, ldap, hasta 3,000  contactos), llamada en espera, registro de llamadas (hasta 300 registros), contes- taci\u00f3n autom\u00e1tica, plan de marcaci\u00f3n flexible,  m\u00fasica en espera, redundancia de servidores<\/td>\n<\/tr>\n<tr>\n<td>Y conmutaci\u00f3n por  error (fail-over)<\/td>\n<\/tr>\n<tr>\n<td>Aplicaciones de muestra   clima, conversor de divisas  (en tr\u00e1mite)<\/td>\n<\/tr>\n<tr>\n<td>Qos    layer 2 qos (802.1q,  802.1p)  y layer 3 qos (tos, diffserv, mpls)<\/td>\n<\/tr>\n<tr>\n<td>Seguridad<\/td>\n<\/tr>\n<tr>\n<td>Control de acceso a nivel de usuario y administrador, autenticaci\u00f3n basada en md5 y md5- sess, archivo de configuraci\u00f3n de 256 bits  cifrado con  aes, tls, srtp, https, 802.1x media access  control, autenticaci\u00f3n y cifrado dect<\/td>\n<\/tr>\n<tr>\n<td>M\u00faltiples idiomas<\/td>\n<\/tr>\n<tr>\n<td>Chino  simple, chino tradicional, checo, dan\u00e9s, holand\u00e9s, ingl\u00e9s,  estonio, fin\u00e9s,  franc\u00e9s, alem\u00e1n, hebreo, h\u00fangaro, japon\u00e9s, coreano, noruego, portugu\u00e9s, sueco, rumano, espa\u00f1ol, turco<\/td>\n<\/tr>\n<tr>\n<td>Actualizaci\u00f3n<\/td>\n<\/tr>\n<tr>\n<td>Aprovisionamiento<\/td>\n<\/tr>\n<tr>\n<td>Actualizaci\u00f3n de firmware por  medio de tftp\/http\/https, aprovisionamiento masivo usan-<\/td>\n<\/tr>\n<tr>\n<td>Do tr-069 o archivo de configuraci\u00f3n xml cifrado con  aes<\/td>\n<\/tr>\n<tr>\n<td>M\u00faltiples cuentas sip<\/td>\n<\/tr>\n<tr>\n<td>Hasta diez(10)  cuentas sip distintas por  sistema<\/td>\n<\/tr>\n<tr>\n<td>Puede asignarse cada tel\u00e9fono a cualquier cuenta(s) sip<\/td>\n<\/tr>\n<tr>\n<td>Puede asignarse cada cuenta sip a cualquier tel\u00e9fono(s)<\/td>\n<\/tr>\n<tr>\n<td>Grupo  de extensiones<\/td>\n<\/tr>\n<tr>\n<td>Opciones flexibles cuando m\u00faltiples tel\u00e9fonos comparten la misma cuenta sip<\/td>\n<\/tr>\n<tr>\n<td>Modo circular:  todos los tel\u00e9fonos timbran secuencialmente del tel\u00e9fono que est\u00e1 al lado<\/td>\n<\/tr>\n<tr>\n<td>Del que se contest\u00f3 por  \u00faltima vez<\/td>\n<\/tr>\n<tr>\n<td>Modo  lineal:  todos los tel\u00e9fonos timbran secuencialmente en el orden pre-designado modo  paralelo: todos los tel\u00e9fonos timbran al mismo tiempo y despu\u00e9s de que uno contesta, los dem\u00e1s tel\u00e9fonos disponibles pueden hacer llamadas nuevas<\/td>\n<\/tr>\n<tr>\n<td>Modo  compartido: todos los tel\u00e9fonos timbran al mismo tiempo y siempre comparten la<\/td>\n<\/tr>\n<tr>\n<td>Misma l\u00ednea  similar a los tel\u00e9fonos anal\u00f3gicos<\/td>\n<\/tr>\n<tr>\n<td>Alimentaci\u00f3n y eficiencia de energ\u00eda limpia<\/td>\n<\/tr>\n<tr>\n<td>Fuente de alimentaci\u00f3n universal. entrada ac: 100-240v  50\/60hz; salida:  5vdc 1a; conexi\u00f3n con  micro-usb;<\/td>\n<\/tr>\n<tr>\n<td>Poe: ieee802.3af clase  1, 0.44w\u00963.84w<\/td>\n<\/tr>\n<tr>\n<td>Contenido del  paquete   unidad base,  fuente de alimentaci\u00f3n universal; cable ethernet; gu\u00eda de inicio r\u00e1pido,<\/td>\n<\/tr>\n<tr>\n<td>Declaraci\u00f3n gpl<\/td>\n<\/tr>\n<tr>\n<td>Dimensiones  28.5 x 130 x 90 mm<\/td>\n<\/tr>\n<tr>\n<td>Peso   unidad base:  143 g; fuente de alimentaci\u00f3n universal: 50 g; paquete: 360 g<\/td>\n<\/tr>\n<tr>\n<td>Temperatura y humedad   operaci\u00f3n: -10 a 50\u00bac (14 a 122\u00baf); almacenamiento: -20\u00ba a 60\u00bac (-4 a 140\u00baf) humedad: 10% a 90%, sin condensaci\u00f3n<\/td>\n<\/tr>\n<tr>\n<td>Conformidad<\/td>\n<\/tr>\n<tr>\n<td>Fcc: parte 15d, parte 15b<\/td>\n<\/tr>\n<tr>\n<td>Ce: en60950;  en301489-1-6; en301406<\/td>\n<\/tr>\n<tr>\n<td>Rcm: as\/nzs60950<\/td>\n<\/tr>\n<tr>\n<td>Anatel: #2288-16-9452<\/td>\n<\/tr>\n<\/table>\n","protected":false},"excerpt":{"rendered":"<p>La poderosa base voip dect dp750 se enlaza hasta con 5 telefonos dect dp720 de grandstream para ofrecer movilidad a los usuarios empresariales y residenciales. Soporta un alcance de 300 metros sin obstaculos y 50 metros en interiores para dar a los usuarios la libertad de moverse por su espacio de oficina o casa, brindando flexibilidad eficiente.Esta base soporta hasta 10 cuentas sip y 5 llamadas simultaneas mientras ofrece tambien conferencia de voz de 3 participantes, audio full hd y poe integrados. Una cuenta sip compartida en todos los auriculares agregara funciones unificadas perfectamente integradas que dan a los usuarios la capacidad de contestar todas las llamadas sin importar la ubicacion en tiempo real. La dp750 es compatible con una variedad de metodos de aprovisionamiento automatico y seguridad de cifrado tls\/srtp\/https.<\/p>\n","protected":false},"featured_media":211828,"comment_status":"open","ping_status":"open","template":"","meta":[],"product_cat":[1485,1530],"product_tag":[1576],"acf":[],"yoast_head":"<!-- This site is optimized with the Yoast SEO plugin v21.7 - https:\/\/yoast.com\/wordpress\/plugins\/seo\/ -->\n<title>[ Grandstream ] &#129351; Dp750 Base Dect Voip Poe Conecta Hasta 5 Telfonos Dp720,dp722 Y Dp730 Alcance 50 Mts Interior 300 Mts Exterior<\/title>\n<meta name=\"description\" content=\"Compra Dp750 Base Dect Voip Poe Conecta Hasta 5 Telfonos Dp720,dp722 Y Dp730 Alcance 50 Mts Interior 300 Mts Exterior + Env\u00edo a domicilio + Pago seguro + Garant\u00eda\" \/>\n<meta name=\"robots\" content=\"index, follow, max-snippet:-1, max-image-preview:large, max-video-preview:-1\" \/>\n<link rel=\"canonical\" href=\"https:\/\/compuviper.mx\/tienda\/producto\/grandstream-dp750-base-dect-voip-poe-conecta-hasta-5-telfonos-dp720dp722-y-dp730-alcance-50-mts-interior-300-mts-exterior\/\" \/>\n<meta property=\"og:locale\" content=\"es_MX\" \/>\n<meta property=\"og:type\" content=\"article\" \/>\n<meta property=\"og:title\" content=\"[ Grandstream ] &#129351; Dp750 Base Dect Voip Poe Conecta Hasta 5 Telfonos Dp720,dp722 Y Dp730 Alcance 50 Mts Interior 300 Mts Exterior\" \/>\n<meta property=\"og:description\" content=\"Compra Dp750 Base Dect Voip Poe Conecta Hasta 5 Telfonos Dp720,dp722 Y Dp730 Alcance 50 Mts Interior 300 Mts Exterior + Env\u00edo a domicilio + Pago seguro + Garant\u00eda\" \/>\n<meta property=\"og:url\" content=\"https:\/\/compuviper.mx\/tienda\/producto\/grandstream-dp750-base-dect-voip-poe-conecta-hasta-5-telfonos-dp720dp722-y-dp730-alcance-50-mts-interior-300-mts-exterior\/\" \/>\n<meta property=\"og:site_name\" content=\"Compuviper\" \/>\n<meta property=\"article:publisher\" content=\"https:\/\/www.facebook.com\/compuviper\" \/>\n<meta property=\"article:modified_time\" content=\"2026-04-02T05:29:42+00:00\" \/>\n<meta property=\"og:image\" content=\"https:\/\/compuviper.mx\/tienda\/wp-content\/uploads\/2023\/12\/Base-dect-voip-grandstream-dp750-poe-conecta-hasta-5-telfonos-dp720dp722-y-dp730-alcance-50-mts-interior-300-mts-exterior.jpg\" \/>\n\t<meta property=\"og:image:width\" content=\"200\" \/>\n\t<meta property=\"og:image:height\" content=\"200\" \/>\n\t<meta property=\"og:image:type\" content=\"image\/jpeg\" \/>\n<meta name=\"twitter:card\" content=\"summary_large_image\" \/>\n<meta name=\"twitter:label1\" content=\"Precio\" \/>\n\t<meta name=\"twitter:data1\" content=\"&#36;954 con IVA\" \/>\n\t<meta name=\"twitter:label2\" content=\"Availability\" \/>\n\t<meta name=\"twitter:data2\" content=\"On backorder\" \/>\n<script type=\"application\/ld+json\" class=\"yoast-schema-graph\">{\"@context\":\"https:\/\/schema.org\",\"@graph\":[{\"@type\":\"WebPage\",\"@id\":\"https:\/\/compuviper.mx\/tienda\/producto\/grandstream-dp750-base-dect-voip-poe-conecta-hasta-5-telfonos-dp720dp722-y-dp730-alcance-50-mts-interior-300-mts-exterior\/\",\"url\":\"https:\/\/compuviper.mx\/tienda\/producto\/grandstream-dp750-base-dect-voip-poe-conecta-hasta-5-telfonos-dp720dp722-y-dp730-alcance-50-mts-interior-300-mts-exterior\/\",\"name\":\"[ Grandstream ] &#129351; Dp750 Base Dect Voip Poe Conecta Hasta 5 Telfonos Dp720,dp722 Y Dp730 Alcance 50 Mts Interior 300 Mts Exterior\",\"isPartOf\":{\"@id\":\"https:\/\/compuviper.mx\/tienda\/#website\"},\"datePublished\":\"2026-04-02T05:29:41+00:00\",\"dateModified\":\"2026-04-02T05:29:42+00:00\",\"description\":\"Compra Dp750 Base Dect Voip Poe Conecta Hasta 5 Telfonos Dp720,dp722 Y Dp730 Alcance 50 Mts Interior 300 Mts Exterior + Env\u00edo a domicilio + Pago seguro + Garant\u00eda\",\"breadcrumb\":{\"@id\":\"https:\/\/compuviper.mx\/tienda\/producto\/grandstream-dp750-base-dect-voip-poe-conecta-hasta-5-telfonos-dp720dp722-y-dp730-alcance-50-mts-interior-300-mts-exterior\/#breadcrumb\"},\"inLanguage\":\"es-MX\",\"potentialAction\":[{\"@type\":\"ReadAction\",\"target\":[\"https:\/\/compuviper.mx\/tienda\/producto\/grandstream-dp750-base-dect-voip-poe-conecta-hasta-5-telfonos-dp720dp722-y-dp730-alcance-50-mts-interior-300-mts-exterior\/\"]}]},{\"@type\":\"BreadcrumbList\",\"@id\":\"https:\/\/compuviper.mx\/tienda\/producto\/grandstream-dp750-base-dect-voip-poe-conecta-hasta-5-telfonos-dp720dp722-y-dp730-alcance-50-mts-interior-300-mts-exterior\/#breadcrumb\",\"itemListElement\":[{\"@type\":\"ListItem\",\"position\":1,\"name\":\"Inicio\",\"item\":\"https:\/\/compuviper.mx\/tienda\/\"},{\"@type\":\"ListItem\",\"position\":2,\"name\":\"Productos\",\"item\":\"https:\/\/compuviper.mx\/tienda\/productos\/\"},{\"@type\":\"ListItem\",\"position\":3,\"name\":\"Accesorios\",\"item\":\"https:\/\/compuviper.mx\/tienda\/categoria-producto\/accesorios\/\"},{\"@type\":\"ListItem\",\"position\":4,\"name\":\"Telefonia\",\"item\":\"https:\/\/compuviper.mx\/tienda\/categoria-producto\/accesorios\/telefonia\/\"},{\"@type\":\"ListItem\",\"position\":5,\"name\":\"Grandstream Dp750 Base Dect Voip Poe Conecta Hasta 5 Telfonos Dp720,dp722 Y Dp730 Alcance 50 Mts Interior 300 Mts Exterior\"}]},{\"@type\":\"WebSite\",\"@id\":\"https:\/\/compuviper.mx\/tienda\/#website\",\"url\":\"https:\/\/compuviper.mx\/tienda\/\",\"name\":\"Compuviper\",\"description\":\"Proveedor de Computadoras, Laptops, Servidores, Monitores, Puntos de Venta, Teclados,   Impresoras, T\u00f3ner, C\u00e1maras de Seguridad y m\u00e1s en tu tienda en l\u00ednea\",\"publisher\":{\"@id\":\"https:\/\/compuviper.mx\/tienda\/#organization\"},\"potentialAction\":[{\"@type\":\"SearchAction\",\"target\":{\"@type\":\"EntryPoint\",\"urlTemplate\":\"https:\/\/compuviper.mx\/tienda\/?s={search_term_string}\"},\"query-input\":\"required name=search_term_string\"}],\"inLanguage\":\"es-MX\"},{\"@type\":\"Organization\",\"@id\":\"https:\/\/compuviper.mx\/tienda\/#organization\",\"name\":\"Compuviper\",\"url\":\"https:\/\/compuviper.mx\/tienda\/\",\"logo\":{\"@type\":\"ImageObject\",\"inLanguage\":\"es-MX\",\"@id\":\"https:\/\/compuviper.mx\/tienda\/#\/schema\/logo\/image\/\",\"url\":\"https:\/\/compuviper.mx\/tienda\/wp-content\/uploads\/2021\/08\/Logo-Compuviper-10.png\",\"contentUrl\":\"https:\/\/compuviper.mx\/tienda\/wp-content\/uploads\/2021\/08\/Logo-Compuviper-10.png\",\"width\":1000,\"height\":500,\"caption\":\"Compuviper\"},\"image\":{\"@id\":\"https:\/\/compuviper.mx\/tienda\/#\/schema\/logo\/image\/\"},\"sameAs\":[\"https:\/\/www.facebook.com\/compuviper\",\"https:\/\/www.youtube.com\/channel\/UCf73dERp9Y3cfOq7q8BhLjA?view_as=subscriber\"]}]}<\/script>\n<meta property=\"product:brand\" content=\"GRANDSTREAM\" \/>\n<meta property=\"product:price:amount\" content=\"954\" \/>\n<meta property=\"product:price:currency\" content=\"MXN\" \/>\n<meta property=\"og:availability\" content=\"backorder\" \/>\n<meta property=\"product:availability\" content=\"available for order\" \/>\n<meta property=\"product:retailer_item_id\" content=\"DP750\" \/>\n<meta property=\"product:condition\" content=\"new\" \/>\n<!-- \/ Yoast SEO plugin. -->","yoast_head_json":{"title":"[ Grandstream ] &#129351; Dp750 Base Dect Voip Poe Conecta Hasta 5 Telfonos Dp720,dp722 Y Dp730 Alcance 50 Mts Interior 300 Mts Exterior","description":"Compra Dp750 Base Dect Voip Poe Conecta Hasta 5 Telfonos Dp720,dp722 Y Dp730 Alcance 50 Mts Interior 300 Mts Exterior + Env\u00edo a domicilio + Pago seguro + Garant\u00eda","robots":{"index":"index","follow":"follow","max-snippet":"max-snippet:-1","max-image-preview":"max-image-preview:large","max-video-preview":"max-video-preview:-1"},"canonical":"https:\/\/compuviper.mx\/tienda\/producto\/grandstream-dp750-base-dect-voip-poe-conecta-hasta-5-telfonos-dp720dp722-y-dp730-alcance-50-mts-interior-300-mts-exterior\/","og_locale":"es_MX","og_type":"article","og_title":"[ Grandstream ] &#129351; Dp750 Base Dect Voip Poe Conecta Hasta 5 Telfonos Dp720,dp722 Y Dp730 Alcance 50 Mts Interior 300 Mts Exterior","og_description":"Compra Dp750 Base Dect Voip Poe Conecta Hasta 5 Telfonos Dp720,dp722 Y Dp730 Alcance 50 Mts Interior 300 Mts Exterior + Env\u00edo a domicilio + Pago seguro + Garant\u00eda","og_url":"https:\/\/compuviper.mx\/tienda\/producto\/grandstream-dp750-base-dect-voip-poe-conecta-hasta-5-telfonos-dp720dp722-y-dp730-alcance-50-mts-interior-300-mts-exterior\/","og_site_name":"Compuviper","article_publisher":"https:\/\/www.facebook.com\/compuviper","article_modified_time":"2026-04-02T05:29:42+00:00","og_image":[{"width":200,"height":200,"url":"https:\/\/compuviper.mx\/tienda\/wp-content\/uploads\/2023\/12\/Base-dect-voip-grandstream-dp750-poe-conecta-hasta-5-telfonos-dp720dp722-y-dp730-alcance-50-mts-interior-300-mts-exterior.jpg","type":"image\/jpeg"}],"twitter_card":"summary_large_image","twitter_misc":{"Precio":"&#36;954 con IVA","Availability":"On backorder"},"schema":{"@context":"https:\/\/schema.org","@graph":[{"@type":"WebPage","@id":"https:\/\/compuviper.mx\/tienda\/producto\/grandstream-dp750-base-dect-voip-poe-conecta-hasta-5-telfonos-dp720dp722-y-dp730-alcance-50-mts-interior-300-mts-exterior\/","url":"https:\/\/compuviper.mx\/tienda\/producto\/grandstream-dp750-base-dect-voip-poe-conecta-hasta-5-telfonos-dp720dp722-y-dp730-alcance-50-mts-interior-300-mts-exterior\/","name":"[ Grandstream ] &#129351; Dp750 Base Dect Voip Poe Conecta Hasta 5 Telfonos Dp720,dp722 Y Dp730 Alcance 50 Mts Interior 300 Mts Exterior","isPartOf":{"@id":"https:\/\/compuviper.mx\/tienda\/#website"},"datePublished":"2026-04-02T05:29:41+00:00","dateModified":"2026-04-02T05:29:42+00:00","description":"Compra Dp750 Base Dect Voip Poe Conecta Hasta 5 Telfonos Dp720,dp722 Y Dp730 Alcance 50 Mts Interior 300 Mts Exterior + Env\u00edo a domicilio + Pago seguro + Garant\u00eda","breadcrumb":{"@id":"https:\/\/compuviper.mx\/tienda\/producto\/grandstream-dp750-base-dect-voip-poe-conecta-hasta-5-telfonos-dp720dp722-y-dp730-alcance-50-mts-interior-300-mts-exterior\/#breadcrumb"},"inLanguage":"es-MX","potentialAction":[{"@type":"ReadAction","target":["https:\/\/compuviper.mx\/tienda\/producto\/grandstream-dp750-base-dect-voip-poe-conecta-hasta-5-telfonos-dp720dp722-y-dp730-alcance-50-mts-interior-300-mts-exterior\/"]}]},{"@type":"BreadcrumbList","@id":"https:\/\/compuviper.mx\/tienda\/producto\/grandstream-dp750-base-dect-voip-poe-conecta-hasta-5-telfonos-dp720dp722-y-dp730-alcance-50-mts-interior-300-mts-exterior\/#breadcrumb","itemListElement":[{"@type":"ListItem","position":1,"name":"Inicio","item":"https:\/\/compuviper.mx\/tienda\/"},{"@type":"ListItem","position":2,"name":"Productos","item":"https:\/\/compuviper.mx\/tienda\/productos\/"},{"@type":"ListItem","position":3,"name":"Accesorios","item":"https:\/\/compuviper.mx\/tienda\/categoria-producto\/accesorios\/"},{"@type":"ListItem","position":4,"name":"Telefonia","item":"https:\/\/compuviper.mx\/tienda\/categoria-producto\/accesorios\/telefonia\/"},{"@type":"ListItem","position":5,"name":"Grandstream Dp750 Base Dect Voip Poe Conecta Hasta 5 Telfonos Dp720,dp722 Y Dp730 Alcance 50 Mts Interior 300 Mts Exterior"}]},{"@type":"WebSite","@id":"https:\/\/compuviper.mx\/tienda\/#website","url":"https:\/\/compuviper.mx\/tienda\/","name":"Compuviper","description":"Proveedor de Computadoras, Laptops, Servidores, Monitores, Puntos de Venta, Teclados,   Impresoras, T\u00f3ner, C\u00e1maras de Seguridad y m\u00e1s en tu tienda en l\u00ednea","publisher":{"@id":"https:\/\/compuviper.mx\/tienda\/#organization"},"potentialAction":[{"@type":"SearchAction","target":{"@type":"EntryPoint","urlTemplate":"https:\/\/compuviper.mx\/tienda\/?s={search_term_string}"},"query-input":"required name=search_term_string"}],"inLanguage":"es-MX"},{"@type":"Organization","@id":"https:\/\/compuviper.mx\/tienda\/#organization","name":"Compuviper","url":"https:\/\/compuviper.mx\/tienda\/","logo":{"@type":"ImageObject","inLanguage":"es-MX","@id":"https:\/\/compuviper.mx\/tienda\/#\/schema\/logo\/image\/","url":"https:\/\/compuviper.mx\/tienda\/wp-content\/uploads\/2021\/08\/Logo-Compuviper-10.png","contentUrl":"https:\/\/compuviper.mx\/tienda\/wp-content\/uploads\/2021\/08\/Logo-Compuviper-10.png","width":1000,"height":500,"caption":"Compuviper"},"image":{"@id":"https:\/\/compuviper.mx\/tienda\/#\/schema\/logo\/image\/"},"sameAs":["https:\/\/www.facebook.com\/compuviper","https:\/\/www.youtube.com\/channel\/UCf73dERp9Y3cfOq7q8BhLjA?view_as=subscriber"]}]},"product_brand":"GRANDSTREAM","product_price_amount":"954","product_price_currency":"MXN","og_availability":"backorder","product_availability":"available for order","product_retailer_item_id":"DP750","product_condition":"new"},"_links":{"self":[{"href":"https:\/\/compuviper.mx\/tienda\/wp-json\/wp\/v2\/product\/211827"}],"collection":[{"href":"https:\/\/compuviper.mx\/tienda\/wp-json\/wp\/v2\/product"}],"about":[{"href":"https:\/\/compuviper.mx\/tienda\/wp-json\/wp\/v2\/types\/product"}],"replies":[{"embeddable":true,"href":"https:\/\/compuviper.mx\/tienda\/wp-json\/wp\/v2\/comments?post=211827"}],"wp:featuredmedia":[{"embeddable":true,"href":"https:\/\/compuviper.mx\/tienda\/wp-json\/wp\/v2\/media\/211828"}],"wp:attachment":[{"href":"https:\/\/compuviper.mx\/tienda\/wp-json\/wp\/v2\/media?parent=211827"}],"wp:term":[{"taxonomy":"product_cat","embeddable":true,"href":"https:\/\/compuviper.mx\/tienda\/wp-json\/wp\/v2\/product_cat?post=211827"},{"taxonomy":"product_tag","embeddable":true,"href":"https:\/\/compuviper.mx\/tienda\/wp-json\/wp\/v2\/product_tag?post=211827"}],"curies":[{"name":"wp","href":"https:\/\/api.w.org\/{rel}","templated":true}]}}