{"id":211819,"date":"2026-04-01T23:29:40","date_gmt":"2026-04-02T05:29:40","guid":{"rendered":"https:\/\/compuviper.mx\/tienda\/producto\/grandstream-ht812-ata-2-puertos-fxs-2-cuentas-sip-con-2-puertos-de-red-gigabit-con-router-integrado\/"},"modified":"2026-04-01T23:29:41","modified_gmt":"2026-04-02T05:29:41","slug":"grandstream-ht812-ata-2-puertos-fxs-2-cuentas-sip-con-2-puertos-de-red-gigabit-con-router-integrado","status":"publish","type":"product","link":"https:\/\/compuviper.mx\/tienda\/producto\/grandstream-ht812-ata-2-puertos-fxs-2-cuentas-sip-con-2-puertos-de-red-gigabit-con-router-integrado\/","title":{"rendered":"Grandstream Ht812 Ata   | 2 Puertos Fxs 2 Cuentas Sip Con 2 Puertos De Red Gigabit Con Router Integrado"},"content":{"rendered":"<table class=\"descripcion\">\n<tr>\n<td>2 puertos de red gigabit<\/td>\n<\/tr>\n<tr>\n<td>2 puertos fxs<\/td>\n<\/tr>\n<tr>\n<td>2 registros sip<\/td>\n<\/tr>\n<tr>\n<td>Router nat de alto rendimiento<\/td>\n<\/tr>\n<tr>\n<td>Bot\u00f3n de reseteo del equipo<\/td>\n<\/tr>\n<tr>\n<td>Alimentaci\u00f3n: entrada 100 \u0096 240 vac, 50 \u0096 60 hz; salida 12v\/0.5a<\/td>\n<\/tr>\n<tr>\n<td>Dimensiones 130 x 90 x 25.5mm<\/td>\n<\/tr>\n<tr>\n<td>Peso 353.33g<\/td>\n<\/tr>\n<\/table>\n","protected":false},"excerpt":{"rendered":"<p>El ht802 es un adaptador de tel\u00e9fonos anal\u00f3gicos (ata) de 2 puertos que permite a los usuarios crear una soluci\u00f3n de telefon\u00eda ip de alta calidad y f\u00e1cil de manejar para ambientes residenciales y de oficina. Su tama\u00f1o ultra compacto, calidad de voz, funcionalidad de voip avanzada, protecci\u00f3n de seguridad y opciones de aprovisionamiento autom\u00e1tico permiten a los usuarios sacar partido de la voip en los tel\u00e9fonos anal\u00f3gicos y permite a los proveedores de servicios ofrecer un servicio ip de alta calidad. El ht802 es un ata ideal para uso individual y para limplementaciones de voz ip comerciales a gran escala.<\/p>\n","protected":false},"featured_media":211820,"comment_status":"open","ping_status":"open","template":"","meta":[],"product_cat":[1485,1521],"product_tag":[1576],"acf":[],"yoast_head":"<!-- This site is optimized with the Yoast SEO plugin v21.7 - https:\/\/yoast.com\/wordpress\/plugins\/seo\/ -->\n<title>[ Grandstream ] &#129351; Ht812 Ata | 2 Puertos Fxs 2 Cuentas Sip Con 2 Puertos De Red Gigabit Con Router Integrado<\/title>\n<meta name=\"description\" content=\"Compra Ht812 Ata | 2 Puertos Fxs 2 Cuentas Sip Con 2 Puertos De Red Gigabit Con Router Integrado + Env\u00edo a domicilio + Pago seguro + Garant\u00eda\" \/>\n<meta name=\"robots\" content=\"index, follow, max-snippet:-1, max-image-preview:large, max-video-preview:-1\" \/>\n<link rel=\"canonical\" href=\"https:\/\/compuviper.mx\/tienda\/producto\/grandstream-ht812-ata-2-puertos-fxs-2-cuentas-sip-con-2-puertos-de-red-gigabit-con-router-integrado\/\" \/>\n<meta property=\"og:locale\" content=\"es_MX\" \/>\n<meta property=\"og:type\" content=\"article\" \/>\n<meta property=\"og:title\" content=\"[ Grandstream ] &#129351; Ht812 Ata | 2 Puertos Fxs 2 Cuentas Sip Con 2 Puertos De Red Gigabit Con Router Integrado\" \/>\n<meta property=\"og:description\" content=\"Compra Ht812 Ata | 2 Puertos Fxs 2 Cuentas Sip Con 2 Puertos De Red Gigabit Con Router Integrado + Env\u00edo a domicilio + Pago seguro + Garant\u00eda\" \/>\n<meta property=\"og:url\" content=\"https:\/\/compuviper.mx\/tienda\/producto\/grandstream-ht812-ata-2-puertos-fxs-2-cuentas-sip-con-2-puertos-de-red-gigabit-con-router-integrado\/\" \/>\n<meta property=\"og:site_name\" content=\"Compuviper\" \/>\n<meta property=\"article:publisher\" content=\"https:\/\/www.facebook.com\/compuviper\" \/>\n<meta property=\"article:modified_time\" content=\"2026-04-02T05:29:41+00:00\" \/>\n<meta property=\"og:image\" content=\"https:\/\/compuviper.mx\/tienda\/wp-content\/uploads\/2023\/12\/Ata-grandstream-ht812-2-puertos-fxs-2-cuentas-sip-con-2-puertos-de-red-gigabit-con-router-integrado.jpg\" \/>\n\t<meta property=\"og:image:width\" content=\"200\" \/>\n\t<meta property=\"og:image:height\" content=\"200\" \/>\n\t<meta property=\"og:image:type\" content=\"image\/jpeg\" \/>\n<meta name=\"twitter:card\" content=\"summary_large_image\" \/>\n<meta name=\"twitter:label1\" content=\"Precio\" \/>\n\t<meta name=\"twitter:data1\" content=\"&#36;956 con IVA\" \/>\n\t<meta name=\"twitter:label2\" content=\"Availability\" \/>\n\t<meta name=\"twitter:data2\" content=\"On backorder\" \/>\n<script type=\"application\/ld+json\" class=\"yoast-schema-graph\">{\"@context\":\"https:\/\/schema.org\",\"@graph\":[{\"@type\":\"WebPage\",\"@id\":\"https:\/\/compuviper.mx\/tienda\/producto\/grandstream-ht812-ata-2-puertos-fxs-2-cuentas-sip-con-2-puertos-de-red-gigabit-con-router-integrado\/\",\"url\":\"https:\/\/compuviper.mx\/tienda\/producto\/grandstream-ht812-ata-2-puertos-fxs-2-cuentas-sip-con-2-puertos-de-red-gigabit-con-router-integrado\/\",\"name\":\"[ Grandstream ] &#129351; Ht812 Ata | 2 Puertos Fxs 2 Cuentas Sip Con 2 Puertos De Red Gigabit Con Router Integrado\",\"isPartOf\":{\"@id\":\"https:\/\/compuviper.mx\/tienda\/#website\"},\"datePublished\":\"2026-04-02T05:29:40+00:00\",\"dateModified\":\"2026-04-02T05:29:41+00:00\",\"description\":\"Compra Ht812 Ata | 2 Puertos Fxs 2 Cuentas Sip Con 2 Puertos De Red Gigabit Con Router Integrado + Env\u00edo a domicilio + Pago seguro + Garant\u00eda\",\"breadcrumb\":{\"@id\":\"https:\/\/compuviper.mx\/tienda\/producto\/grandstream-ht812-ata-2-puertos-fxs-2-cuentas-sip-con-2-puertos-de-red-gigabit-con-router-integrado\/#breadcrumb\"},\"inLanguage\":\"es-MX\",\"potentialAction\":[{\"@type\":\"ReadAction\",\"target\":[\"https:\/\/compuviper.mx\/tienda\/producto\/grandstream-ht812-ata-2-puertos-fxs-2-cuentas-sip-con-2-puertos-de-red-gigabit-con-router-integrado\/\"]}]},{\"@type\":\"BreadcrumbList\",\"@id\":\"https:\/\/compuviper.mx\/tienda\/producto\/grandstream-ht812-ata-2-puertos-fxs-2-cuentas-sip-con-2-puertos-de-red-gigabit-con-router-integrado\/#breadcrumb\",\"itemListElement\":[{\"@type\":\"ListItem\",\"position\":1,\"name\":\"Inicio\",\"item\":\"https:\/\/compuviper.mx\/tienda\/\"},{\"@type\":\"ListItem\",\"position\":2,\"name\":\"Productos\",\"item\":\"https:\/\/compuviper.mx\/tienda\/productos\/\"},{\"@type\":\"ListItem\",\"position\":3,\"name\":\"Accesorios\",\"item\":\"https:\/\/compuviper.mx\/tienda\/categoria-producto\/accesorios\/\"},{\"@type\":\"ListItem\",\"position\":4,\"name\":\"Conmutadores\",\"item\":\"https:\/\/compuviper.mx\/tienda\/categoria-producto\/accesorios\/conmutadores\/\"},{\"@type\":\"ListItem\",\"position\":5,\"name\":\"Grandstream Ht812 Ata | 2 Puertos Fxs 2 Cuentas Sip Con 2 Puertos De Red Gigabit Con Router Integrado\"}]},{\"@type\":\"WebSite\",\"@id\":\"https:\/\/compuviper.mx\/tienda\/#website\",\"url\":\"https:\/\/compuviper.mx\/tienda\/\",\"name\":\"Compuviper\",\"description\":\"Proveedor de Computadoras, Laptops, Servidores, Monitores, Puntos de Venta, Teclados,   Impresoras, T\u00f3ner, C\u00e1maras de Seguridad y m\u00e1s en tu tienda en l\u00ednea\",\"publisher\":{\"@id\":\"https:\/\/compuviper.mx\/tienda\/#organization\"},\"potentialAction\":[{\"@type\":\"SearchAction\",\"target\":{\"@type\":\"EntryPoint\",\"urlTemplate\":\"https:\/\/compuviper.mx\/tienda\/?s={search_term_string}\"},\"query-input\":\"required name=search_term_string\"}],\"inLanguage\":\"es-MX\"},{\"@type\":\"Organization\",\"@id\":\"https:\/\/compuviper.mx\/tienda\/#organization\",\"name\":\"Compuviper\",\"url\":\"https:\/\/compuviper.mx\/tienda\/\",\"logo\":{\"@type\":\"ImageObject\",\"inLanguage\":\"es-MX\",\"@id\":\"https:\/\/compuviper.mx\/tienda\/#\/schema\/logo\/image\/\",\"url\":\"https:\/\/compuviper.mx\/tienda\/wp-content\/uploads\/2021\/08\/Logo-Compuviper-10.png\",\"contentUrl\":\"https:\/\/compuviper.mx\/tienda\/wp-content\/uploads\/2021\/08\/Logo-Compuviper-10.png\",\"width\":1000,\"height\":500,\"caption\":\"Compuviper\"},\"image\":{\"@id\":\"https:\/\/compuviper.mx\/tienda\/#\/schema\/logo\/image\/\"},\"sameAs\":[\"https:\/\/www.facebook.com\/compuviper\",\"https:\/\/www.youtube.com\/channel\/UCf73dERp9Y3cfOq7q8BhLjA?view_as=subscriber\"]}]}<\/script>\n<meta property=\"product:brand\" content=\"GRANDSTREAM\" \/>\n<meta property=\"product:price:amount\" content=\"956\" \/>\n<meta property=\"product:price:currency\" content=\"MXN\" \/>\n<meta property=\"og:availability\" content=\"backorder\" \/>\n<meta property=\"product:availability\" content=\"available for order\" \/>\n<meta property=\"product:retailer_item_id\" content=\"HT812\" \/>\n<meta property=\"product:condition\" content=\"new\" \/>\n<!-- \/ Yoast SEO plugin. -->","yoast_head_json":{"title":"[ Grandstream ] &#129351; Ht812 Ata | 2 Puertos Fxs 2 Cuentas Sip Con 2 Puertos De Red Gigabit Con Router Integrado","description":"Compra Ht812 Ata | 2 Puertos Fxs 2 Cuentas Sip Con 2 Puertos De Red Gigabit Con Router Integrado + Env\u00edo a domicilio + Pago seguro + Garant\u00eda","robots":{"index":"index","follow":"follow","max-snippet":"max-snippet:-1","max-image-preview":"max-image-preview:large","max-video-preview":"max-video-preview:-1"},"canonical":"https:\/\/compuviper.mx\/tienda\/producto\/grandstream-ht812-ata-2-puertos-fxs-2-cuentas-sip-con-2-puertos-de-red-gigabit-con-router-integrado\/","og_locale":"es_MX","og_type":"article","og_title":"[ Grandstream ] &#129351; Ht812 Ata | 2 Puertos Fxs 2 Cuentas Sip Con 2 Puertos De Red Gigabit Con Router Integrado","og_description":"Compra Ht812 Ata | 2 Puertos Fxs 2 Cuentas Sip Con 2 Puertos De Red Gigabit Con Router Integrado + Env\u00edo a domicilio + Pago seguro + Garant\u00eda","og_url":"https:\/\/compuviper.mx\/tienda\/producto\/grandstream-ht812-ata-2-puertos-fxs-2-cuentas-sip-con-2-puertos-de-red-gigabit-con-router-integrado\/","og_site_name":"Compuviper","article_publisher":"https:\/\/www.facebook.com\/compuviper","article_modified_time":"2026-04-02T05:29:41+00:00","og_image":[{"width":200,"height":200,"url":"https:\/\/compuviper.mx\/tienda\/wp-content\/uploads\/2023\/12\/Ata-grandstream-ht812-2-puertos-fxs-2-cuentas-sip-con-2-puertos-de-red-gigabit-con-router-integrado.jpg","type":"image\/jpeg"}],"twitter_card":"summary_large_image","twitter_misc":{"Precio":"&#36;956 con IVA","Availability":"On backorder"},"schema":{"@context":"https:\/\/schema.org","@graph":[{"@type":"WebPage","@id":"https:\/\/compuviper.mx\/tienda\/producto\/grandstream-ht812-ata-2-puertos-fxs-2-cuentas-sip-con-2-puertos-de-red-gigabit-con-router-integrado\/","url":"https:\/\/compuviper.mx\/tienda\/producto\/grandstream-ht812-ata-2-puertos-fxs-2-cuentas-sip-con-2-puertos-de-red-gigabit-con-router-integrado\/","name":"[ Grandstream ] &#129351; Ht812 Ata | 2 Puertos Fxs 2 Cuentas Sip Con 2 Puertos De Red Gigabit Con Router Integrado","isPartOf":{"@id":"https:\/\/compuviper.mx\/tienda\/#website"},"datePublished":"2026-04-02T05:29:40+00:00","dateModified":"2026-04-02T05:29:41+00:00","description":"Compra Ht812 Ata | 2 Puertos Fxs 2 Cuentas Sip Con 2 Puertos De Red Gigabit Con Router Integrado + Env\u00edo a domicilio + Pago seguro + Garant\u00eda","breadcrumb":{"@id":"https:\/\/compuviper.mx\/tienda\/producto\/grandstream-ht812-ata-2-puertos-fxs-2-cuentas-sip-con-2-puertos-de-red-gigabit-con-router-integrado\/#breadcrumb"},"inLanguage":"es-MX","potentialAction":[{"@type":"ReadAction","target":["https:\/\/compuviper.mx\/tienda\/producto\/grandstream-ht812-ata-2-puertos-fxs-2-cuentas-sip-con-2-puertos-de-red-gigabit-con-router-integrado\/"]}]},{"@type":"BreadcrumbList","@id":"https:\/\/compuviper.mx\/tienda\/producto\/grandstream-ht812-ata-2-puertos-fxs-2-cuentas-sip-con-2-puertos-de-red-gigabit-con-router-integrado\/#breadcrumb","itemListElement":[{"@type":"ListItem","position":1,"name":"Inicio","item":"https:\/\/compuviper.mx\/tienda\/"},{"@type":"ListItem","position":2,"name":"Productos","item":"https:\/\/compuviper.mx\/tienda\/productos\/"},{"@type":"ListItem","position":3,"name":"Accesorios","item":"https:\/\/compuviper.mx\/tienda\/categoria-producto\/accesorios\/"},{"@type":"ListItem","position":4,"name":"Conmutadores","item":"https:\/\/compuviper.mx\/tienda\/categoria-producto\/accesorios\/conmutadores\/"},{"@type":"ListItem","position":5,"name":"Grandstream Ht812 Ata | 2 Puertos Fxs 2 Cuentas Sip Con 2 Puertos De Red Gigabit Con Router Integrado"}]},{"@type":"WebSite","@id":"https:\/\/compuviper.mx\/tienda\/#website","url":"https:\/\/compuviper.mx\/tienda\/","name":"Compuviper","description":"Proveedor de Computadoras, Laptops, Servidores, Monitores, Puntos de Venta, Teclados,   Impresoras, T\u00f3ner, C\u00e1maras de Seguridad y m\u00e1s en tu tienda en l\u00ednea","publisher":{"@id":"https:\/\/compuviper.mx\/tienda\/#organization"},"potentialAction":[{"@type":"SearchAction","target":{"@type":"EntryPoint","urlTemplate":"https:\/\/compuviper.mx\/tienda\/?s={search_term_string}"},"query-input":"required name=search_term_string"}],"inLanguage":"es-MX"},{"@type":"Organization","@id":"https:\/\/compuviper.mx\/tienda\/#organization","name":"Compuviper","url":"https:\/\/compuviper.mx\/tienda\/","logo":{"@type":"ImageObject","inLanguage":"es-MX","@id":"https:\/\/compuviper.mx\/tienda\/#\/schema\/logo\/image\/","url":"https:\/\/compuviper.mx\/tienda\/wp-content\/uploads\/2021\/08\/Logo-Compuviper-10.png","contentUrl":"https:\/\/compuviper.mx\/tienda\/wp-content\/uploads\/2021\/08\/Logo-Compuviper-10.png","width":1000,"height":500,"caption":"Compuviper"},"image":{"@id":"https:\/\/compuviper.mx\/tienda\/#\/schema\/logo\/image\/"},"sameAs":["https:\/\/www.facebook.com\/compuviper","https:\/\/www.youtube.com\/channel\/UCf73dERp9Y3cfOq7q8BhLjA?view_as=subscriber"]}]},"product_brand":"GRANDSTREAM","product_price_amount":"956","product_price_currency":"MXN","og_availability":"backorder","product_availability":"available for order","product_retailer_item_id":"HT812","product_condition":"new"},"_links":{"self":[{"href":"https:\/\/compuviper.mx\/tienda\/wp-json\/wp\/v2\/product\/211819"}],"collection":[{"href":"https:\/\/compuviper.mx\/tienda\/wp-json\/wp\/v2\/product"}],"about":[{"href":"https:\/\/compuviper.mx\/tienda\/wp-json\/wp\/v2\/types\/product"}],"replies":[{"embeddable":true,"href":"https:\/\/compuviper.mx\/tienda\/wp-json\/wp\/v2\/comments?post=211819"}],"wp:featuredmedia":[{"embeddable":true,"href":"https:\/\/compuviper.mx\/tienda\/wp-json\/wp\/v2\/media\/211820"}],"wp:attachment":[{"href":"https:\/\/compuviper.mx\/tienda\/wp-json\/wp\/v2\/media?parent=211819"}],"wp:term":[{"taxonomy":"product_cat","embeddable":true,"href":"https:\/\/compuviper.mx\/tienda\/wp-json\/wp\/v2\/product_cat?post=211819"},{"taxonomy":"product_tag","embeddable":true,"href":"https:\/\/compuviper.mx\/tienda\/wp-json\/wp\/v2\/product_tag?post=211819"}],"curies":[{"name":"wp","href":"https:\/\/api.w.org\/{rel}","templated":true}]}}