{"id":211793,"date":"2026-04-24T23:25:30","date_gmt":"2026-04-25T05:25:30","guid":{"rendered":"https:\/\/compuviper.mx\/tienda\/producto\/intellinet-780124-pinza-p-crimpear-rj11-rj45-c-probador\/"},"modified":"2026-04-24T23:25:30","modified_gmt":"2026-04-25T05:25:30","slug":"intellinet-780124-pinza-p-crimpear-rj11-rj45-c-probador","status":"publish","type":"product","link":"https:\/\/compuviper.mx\/tienda\/producto\/intellinet-780124-pinza-p-crimpear-rj11-rj45-c-probador\/","title":{"rendered":"Intellinet 780124 Pinza,,, P\/crimpear Rj11\/rj45 C\/probador"},"content":{"rendered":"<table class=\"descripcion\">\n<tr>\n<td>General<\/td>\n<\/tr>\n<tr>\n<td>Pela y corta cables telef\u00f3nicos y de red.<\/td>\n<\/tr>\n<tr>\n<td>Crimpea plugs rj45, rj11, rj12 y rj22<\/td>\n<\/tr>\n<tr>\n<td>Probador de cables cat3, cat5, cat5e, cat6 y cat6a<\/td>\n<\/tr>\n<tr>\n<td>Nueve leds para mostras el resultado de la prueba<\/td>\n<\/tr>\n<tr>\n<td>Desmontable, chasquido remoto<\/td>\n<\/tr>\n<tr>\n<td>Dimensiones<\/td>\n<\/tr>\n<tr>\n<td>Longitud: 220 mm (8.6 in.)<\/td>\n<\/tr>\n<tr>\n<td>Peso: 513 g (1.13 lbs)<\/td>\n<\/tr>\n<tr>\n<td>Contenido del paquete<\/td>\n<\/tr>\n<tr>\n<td>Pinza crimpeadora universal de plugs modulares y probador de cables<\/td>\n<\/tr>\n<tr>\n<td>Bater\u00edas no inclu\u00eddas (requiere una bater\u00eda de 6v a544 o 4 lr44 de bot\u00f3n)<\/td>\n<\/tr>\n<\/table>\n","protected":false},"excerpt":{"rendered":"<p>Pinza crimpeadora profesional todo-en-uno, con funciones de cortadora, peladora y probador de cables. Compatible con plugs rj45 , rj11, rj12 y rj22. Corta, pela, remata y prueba cables con una sola herramienta. Prueba cables patch y cableado instalado. Funci\u00f3n de trinquete. 3 a\u00f1os de garant\u00eda<\/p>\n","protected":false},"featured_media":211794,"comment_status":"open","ping_status":"open","template":"","meta":[],"product_cat":[1490,1491],"product_tag":[1489],"acf":[],"yoast_head":"<!-- This site is optimized with the Yoast SEO plugin v21.7 - https:\/\/yoast.com\/wordpress\/plugins\/seo\/ -->\n<title>[ Intellinet ] &#129351; 780124 Pinza,,, P\/crimpear Rj11\/rj45 C\/probador<\/title>\n<meta name=\"description\" content=\"Compra 780124 Pinza,,, P\/crimpear Rj11\/rj45 C\/probador + Env\u00edo a domicilio + Pago seguro + Garant\u00eda\" \/>\n<meta name=\"robots\" content=\"index, follow, max-snippet:-1, max-image-preview:large, max-video-preview:-1\" \/>\n<link rel=\"canonical\" href=\"https:\/\/compuviper.mx\/tienda\/producto\/intellinet-780124-pinza-p-crimpear-rj11-rj45-c-probador\/\" \/>\n<meta property=\"og:locale\" content=\"es_MX\" \/>\n<meta property=\"og:type\" content=\"article\" \/>\n<meta property=\"og:title\" content=\"[ Intellinet ] &#129351; 780124 Pinza,,, P\/crimpear Rj11\/rj45 C\/probador\" \/>\n<meta property=\"og:description\" content=\"Compra 780124 Pinza,,, P\/crimpear Rj11\/rj45 C\/probador + Env\u00edo a domicilio + Pago seguro + Garant\u00eda\" \/>\n<meta property=\"og:url\" content=\"https:\/\/compuviper.mx\/tienda\/producto\/intellinet-780124-pinza-p-crimpear-rj11-rj45-c-probador\/\" \/>\n<meta property=\"og:site_name\" content=\"Compuviper\" \/>\n<meta property=\"article:publisher\" content=\"https:\/\/www.facebook.com\/compuviper\" \/>\n<meta property=\"og:image\" content=\"https:\/\/compuviper.mx\/tienda\/wp-content\/uploads\/2023\/12\/Pinzaintellinet780124-pcrimpear-rj11rj45-cprobador.jpg\" \/>\n\t<meta property=\"og:image:width\" content=\"200\" \/>\n\t<meta property=\"og:image:height\" content=\"200\" \/>\n\t<meta property=\"og:image:type\" content=\"image\/jpeg\" \/>\n<meta name=\"twitter:card\" content=\"summary_large_image\" \/>\n<meta name=\"twitter:label1\" content=\"Precio\" \/>\n\t<meta name=\"twitter:data1\" content=\"&#36;1,111 con IVA\" \/>\n\t<meta name=\"twitter:label2\" content=\"Availability\" \/>\n\t<meta name=\"twitter:data2\" content=\"In stock\" \/>\n<script type=\"application\/ld+json\" class=\"yoast-schema-graph\">{\"@context\":\"https:\/\/schema.org\",\"@graph\":[{\"@type\":\"WebPage\",\"@id\":\"https:\/\/compuviper.mx\/tienda\/producto\/intellinet-780124-pinza-p-crimpear-rj11-rj45-c-probador\/\",\"url\":\"https:\/\/compuviper.mx\/tienda\/producto\/intellinet-780124-pinza-p-crimpear-rj11-rj45-c-probador\/\",\"name\":\"[ Intellinet ] &#129351; 780124 Pinza,,, P\/crimpear Rj11\/rj45 C\/probador\",\"isPartOf\":{\"@id\":\"https:\/\/compuviper.mx\/tienda\/#website\"},\"datePublished\":\"2026-04-25T05:25:30+00:00\",\"dateModified\":\"2026-04-25T05:25:30+00:00\",\"description\":\"Compra 780124 Pinza,,, P\/crimpear Rj11\/rj45 C\/probador + Env\u00edo a domicilio + Pago seguro + Garant\u00eda\",\"breadcrumb\":{\"@id\":\"https:\/\/compuviper.mx\/tienda\/producto\/intellinet-780124-pinza-p-crimpear-rj11-rj45-c-probador\/#breadcrumb\"},\"inLanguage\":\"es-MX\",\"potentialAction\":[{\"@type\":\"ReadAction\",\"target\":[\"https:\/\/compuviper.mx\/tienda\/producto\/intellinet-780124-pinza-p-crimpear-rj11-rj45-c-probador\/\"]}]},{\"@type\":\"BreadcrumbList\",\"@id\":\"https:\/\/compuviper.mx\/tienda\/producto\/intellinet-780124-pinza-p-crimpear-rj11-rj45-c-probador\/#breadcrumb\",\"itemListElement\":[{\"@type\":\"ListItem\",\"position\":1,\"name\":\"Inicio\",\"item\":\"https:\/\/compuviper.mx\/tienda\/\"},{\"@type\":\"ListItem\",\"position\":2,\"name\":\"Productos\",\"item\":\"https:\/\/compuviper.mx\/tienda\/productos\/\"},{\"@type\":\"ListItem\",\"position\":3,\"name\":\"Herramientas\",\"item\":\"https:\/\/compuviper.mx\/tienda\/categoria-producto\/herramientas\/\"},{\"@type\":\"ListItem\",\"position\":4,\"name\":\"Sin Categor\u00eda\",\"item\":\"https:\/\/compuviper.mx\/tienda\/categoria-producto\/herramientas\/sin-categoria\/\"},{\"@type\":\"ListItem\",\"position\":5,\"name\":\"Intellinet 780124 Pinza,,, P\/crimpear Rj11\/rj45 C\/probador\"}]},{\"@type\":\"WebSite\",\"@id\":\"https:\/\/compuviper.mx\/tienda\/#website\",\"url\":\"https:\/\/compuviper.mx\/tienda\/\",\"name\":\"Compuviper\",\"description\":\"Proveedor de Computadoras, Laptops, Servidores, Monitores, Puntos de Venta, Teclados,   Impresoras, T\u00f3ner, C\u00e1maras de Seguridad y m\u00e1s en tu tienda en l\u00ednea\",\"publisher\":{\"@id\":\"https:\/\/compuviper.mx\/tienda\/#organization\"},\"potentialAction\":[{\"@type\":\"SearchAction\",\"target\":{\"@type\":\"EntryPoint\",\"urlTemplate\":\"https:\/\/compuviper.mx\/tienda\/?s={search_term_string}\"},\"query-input\":\"required name=search_term_string\"}],\"inLanguage\":\"es-MX\"},{\"@type\":\"Organization\",\"@id\":\"https:\/\/compuviper.mx\/tienda\/#organization\",\"name\":\"Compuviper\",\"url\":\"https:\/\/compuviper.mx\/tienda\/\",\"logo\":{\"@type\":\"ImageObject\",\"inLanguage\":\"es-MX\",\"@id\":\"https:\/\/compuviper.mx\/tienda\/#\/schema\/logo\/image\/\",\"url\":\"https:\/\/compuviper.mx\/tienda\/wp-content\/uploads\/2021\/08\/Logo-Compuviper-10.png\",\"contentUrl\":\"https:\/\/compuviper.mx\/tienda\/wp-content\/uploads\/2021\/08\/Logo-Compuviper-10.png\",\"width\":1000,\"height\":500,\"caption\":\"Compuviper\"},\"image\":{\"@id\":\"https:\/\/compuviper.mx\/tienda\/#\/schema\/logo\/image\/\"},\"sameAs\":[\"https:\/\/www.facebook.com\/compuviper\",\"https:\/\/www.youtube.com\/channel\/UCf73dERp9Y3cfOq7q8BhLjA?view_as=subscriber\"]}]}<\/script>\n<meta property=\"product:brand\" content=\"INTELLINET\" \/>\n<meta property=\"product:price:amount\" content=\"1111\" \/>\n<meta property=\"product:price:currency\" content=\"MXN\" \/>\n<meta property=\"og:availability\" content=\"instock\" \/>\n<meta property=\"product:availability\" content=\"instock\" \/>\n<meta property=\"product:retailer_item_id\" content=\"780124\" \/>\n<meta property=\"product:condition\" content=\"new\" \/>\n<!-- \/ Yoast SEO plugin. -->","yoast_head_json":{"title":"[ Intellinet ] &#129351; 780124 Pinza,,, P\/crimpear Rj11\/rj45 C\/probador","description":"Compra 780124 Pinza,,, P\/crimpear Rj11\/rj45 C\/probador + Env\u00edo a domicilio + Pago seguro + Garant\u00eda","robots":{"index":"index","follow":"follow","max-snippet":"max-snippet:-1","max-image-preview":"max-image-preview:large","max-video-preview":"max-video-preview:-1"},"canonical":"https:\/\/compuviper.mx\/tienda\/producto\/intellinet-780124-pinza-p-crimpear-rj11-rj45-c-probador\/","og_locale":"es_MX","og_type":"article","og_title":"[ Intellinet ] &#129351; 780124 Pinza,,, P\/crimpear Rj11\/rj45 C\/probador","og_description":"Compra 780124 Pinza,,, P\/crimpear Rj11\/rj45 C\/probador + Env\u00edo a domicilio + Pago seguro + Garant\u00eda","og_url":"https:\/\/compuviper.mx\/tienda\/producto\/intellinet-780124-pinza-p-crimpear-rj11-rj45-c-probador\/","og_site_name":"Compuviper","article_publisher":"https:\/\/www.facebook.com\/compuviper","og_image":[{"width":200,"height":200,"url":"https:\/\/compuviper.mx\/tienda\/wp-content\/uploads\/2023\/12\/Pinzaintellinet780124-pcrimpear-rj11rj45-cprobador.jpg","type":"image\/jpeg"}],"twitter_card":"summary_large_image","twitter_misc":{"Precio":"&#36;1,111 con IVA","Availability":"In stock"},"schema":{"@context":"https:\/\/schema.org","@graph":[{"@type":"WebPage","@id":"https:\/\/compuviper.mx\/tienda\/producto\/intellinet-780124-pinza-p-crimpear-rj11-rj45-c-probador\/","url":"https:\/\/compuviper.mx\/tienda\/producto\/intellinet-780124-pinza-p-crimpear-rj11-rj45-c-probador\/","name":"[ Intellinet ] &#129351; 780124 Pinza,,, P\/crimpear Rj11\/rj45 C\/probador","isPartOf":{"@id":"https:\/\/compuviper.mx\/tienda\/#website"},"datePublished":"2026-04-25T05:25:30+00:00","dateModified":"2026-04-25T05:25:30+00:00","description":"Compra 780124 Pinza,,, P\/crimpear Rj11\/rj45 C\/probador + Env\u00edo a domicilio + Pago seguro + Garant\u00eda","breadcrumb":{"@id":"https:\/\/compuviper.mx\/tienda\/producto\/intellinet-780124-pinza-p-crimpear-rj11-rj45-c-probador\/#breadcrumb"},"inLanguage":"es-MX","potentialAction":[{"@type":"ReadAction","target":["https:\/\/compuviper.mx\/tienda\/producto\/intellinet-780124-pinza-p-crimpear-rj11-rj45-c-probador\/"]}]},{"@type":"BreadcrumbList","@id":"https:\/\/compuviper.mx\/tienda\/producto\/intellinet-780124-pinza-p-crimpear-rj11-rj45-c-probador\/#breadcrumb","itemListElement":[{"@type":"ListItem","position":1,"name":"Inicio","item":"https:\/\/compuviper.mx\/tienda\/"},{"@type":"ListItem","position":2,"name":"Productos","item":"https:\/\/compuviper.mx\/tienda\/productos\/"},{"@type":"ListItem","position":3,"name":"Herramientas","item":"https:\/\/compuviper.mx\/tienda\/categoria-producto\/herramientas\/"},{"@type":"ListItem","position":4,"name":"Sin Categor\u00eda","item":"https:\/\/compuviper.mx\/tienda\/categoria-producto\/herramientas\/sin-categoria\/"},{"@type":"ListItem","position":5,"name":"Intellinet 780124 Pinza,,, P\/crimpear Rj11\/rj45 C\/probador"}]},{"@type":"WebSite","@id":"https:\/\/compuviper.mx\/tienda\/#website","url":"https:\/\/compuviper.mx\/tienda\/","name":"Compuviper","description":"Proveedor de Computadoras, Laptops, Servidores, Monitores, Puntos de Venta, Teclados,   Impresoras, T\u00f3ner, C\u00e1maras de Seguridad y m\u00e1s en tu tienda en l\u00ednea","publisher":{"@id":"https:\/\/compuviper.mx\/tienda\/#organization"},"potentialAction":[{"@type":"SearchAction","target":{"@type":"EntryPoint","urlTemplate":"https:\/\/compuviper.mx\/tienda\/?s={search_term_string}"},"query-input":"required name=search_term_string"}],"inLanguage":"es-MX"},{"@type":"Organization","@id":"https:\/\/compuviper.mx\/tienda\/#organization","name":"Compuviper","url":"https:\/\/compuviper.mx\/tienda\/","logo":{"@type":"ImageObject","inLanguage":"es-MX","@id":"https:\/\/compuviper.mx\/tienda\/#\/schema\/logo\/image\/","url":"https:\/\/compuviper.mx\/tienda\/wp-content\/uploads\/2021\/08\/Logo-Compuviper-10.png","contentUrl":"https:\/\/compuviper.mx\/tienda\/wp-content\/uploads\/2021\/08\/Logo-Compuviper-10.png","width":1000,"height":500,"caption":"Compuviper"},"image":{"@id":"https:\/\/compuviper.mx\/tienda\/#\/schema\/logo\/image\/"},"sameAs":["https:\/\/www.facebook.com\/compuviper","https:\/\/www.youtube.com\/channel\/UCf73dERp9Y3cfOq7q8BhLjA?view_as=subscriber"]}]},"product_brand":"INTELLINET","product_price_amount":"1111","product_price_currency":"MXN","og_availability":"instock","product_availability":"instock","product_retailer_item_id":"780124","product_condition":"new"},"_links":{"self":[{"href":"https:\/\/compuviper.mx\/tienda\/wp-json\/wp\/v2\/product\/211793"}],"collection":[{"href":"https:\/\/compuviper.mx\/tienda\/wp-json\/wp\/v2\/product"}],"about":[{"href":"https:\/\/compuviper.mx\/tienda\/wp-json\/wp\/v2\/types\/product"}],"replies":[{"embeddable":true,"href":"https:\/\/compuviper.mx\/tienda\/wp-json\/wp\/v2\/comments?post=211793"}],"wp:featuredmedia":[{"embeddable":true,"href":"https:\/\/compuviper.mx\/tienda\/wp-json\/wp\/v2\/media\/211794"}],"wp:attachment":[{"href":"https:\/\/compuviper.mx\/tienda\/wp-json\/wp\/v2\/media?parent=211793"}],"wp:term":[{"taxonomy":"product_cat","embeddable":true,"href":"https:\/\/compuviper.mx\/tienda\/wp-json\/wp\/v2\/product_cat?post=211793"},{"taxonomy":"product_tag","embeddable":true,"href":"https:\/\/compuviper.mx\/tienda\/wp-json\/wp\/v2\/product_tag?post=211793"}],"curies":[{"name":"wp","href":"https:\/\/api.w.org\/{rel}","templated":true}]}}