{"id":211783,"date":"2026-04-07T23:30:45","date_gmt":"2026-04-08T05:30:45","guid":{"rendered":"https:\/\/compuviper.mx\/tienda\/producto\/intellinet-507462-modulo-sfp-10gb-fibra-optica-lc-300m\/"},"modified":"2026-04-07T23:30:45","modified_gmt":"2026-04-08T05:30:45","slug":"intellinet-507462-modulo-sfp-10gb-fibra-optica-lc-300m","status":"publish","type":"product","link":"https:\/\/compuviper.mx\/tienda\/producto\/intellinet-507462-modulo-sfp-10gb-fibra-optica-lc-300m\/","title":{"rendered":"Intellinet 507462 Modulo Sfp,,,+ 10gb Fibra Optica Lc, 300m"},"content":{"rendered":"<table class=\"descripcion\">\n<tr>\n<td>Est\u00e1ndares<\/td>\n<\/tr>\n<tr>\n<td>Ieee 802.3z (gigabit ethernet usando fibra \u00f3ptica)<\/td>\n<\/tr>\n<tr>\n<td>Ieee 802.3ae (10 gigabit ethernet por fibra \u00f3ptica)<\/td>\n<\/tr>\n<tr>\n<td>General<\/td>\n<\/tr>\n<tr>\n<td>Soporte de medios: fibra 10gbase-lr multi-modo<\/td>\n<\/tr>\n<tr>\n<td>Conector: puerto d\u00faplex lc de fibra<\/td>\n<\/tr>\n<tr>\n<td>Distancia:<\/td>\n<\/tr>\n<tr>\n<td>&#8211; 300 m (984 ft.)con cable 50\/125 \u00b5m sobre 2000 mhz-km<\/td>\n<\/tr>\n<tr>\n<td>&#8211; 33 m (108) con cable 62.5\/125 \u00b5m sobre 200 mhz-km<\/td>\n<\/tr>\n<tr>\n<td>Longitud de onda: 850 nm<\/td>\n<\/tr>\n<tr>\n<td>Presupuesto de potencia en fibra:<\/td>\n<\/tr>\n<tr>\n<td>&#8211; potncia tx m\u00e1xima: -1 db<\/td>\n<\/tr>\n<tr>\n<td>&#8211; potencia tx m\u00ednima: -5 db<\/td>\n<\/tr>\n<tr>\n<td>&#8211; sensibilidad: -12 db<\/td>\n<\/tr>\n<tr>\n<td>&#8211; potencia: 7 db<\/td>\n<\/tr>\n<tr>\n<td>\u0095dise\u00f1o: sfp+ (peque\u00f1o factor de forma conectable mejorado), 11.1 gbps max, 10.3 gbps t\u00edpico<\/td>\n<\/tr>\n<tr>\n<td>Interfaz de diagn\u00f3stico de monitoreo sff-8472 para transceptores \u00f3pticos<\/td>\n<\/tr>\n<tr>\n<td>Certificaciones: fcc clase a, mark ce, iec-60825, rohs<\/td>\n<\/tr>\n<tr>\n<td>Alimentaci\u00f3n<\/td>\n<\/tr>\n<tr>\n<td>Energ\u00eda requerida: 3.3 v<\/td>\n<\/tr>\n<tr>\n<td>Consumo de energ\u00eda: 1.0 watt (m\u00e1ximo)<\/td>\n<\/tr>\n<tr>\n<td>Dise\u00f1o<\/td>\n<\/tr>\n<tr>\n<td>Dimensiones: 57 (l) x 14 (w) x 12 (h) mm (2.24 x 0.55 x 0.5 in.)<\/td>\n<\/tr>\n<tr>\n<td>Peso: 20 g<\/td>\n<\/tr>\n<tr>\n<td>Temperatura de operaci\u00f3n: 0\u00b0 c a 70\u00b0c<\/td>\n<\/tr>\n<tr>\n<td>Humedad de operaci\u00f3n: 10% \u0096 85% rh, no condensada<\/td>\n<\/tr>\n<tr>\n<td>Temperatura de almacenaje: -40 \u0096 85\u00b0c<\/td>\n<\/tr>\n<tr>\n<td>Contenido del paquete<\/td>\n<\/tr>\n<tr>\n<td>M\u00f3dulo transceptor de fibra \u00f3ptica sfp+ 10 gigabit<\/td>\n<\/tr>\n<\/table>\n","protected":false},"excerpt":{"rendered":"<p>Se coloca en cualquier switch gigabit ethernet intellnet con ranuras para m\u00f3dulos sfp+, o cualquier puerto sfp+ compatible con msa o cisco. Tasa de transferencia de datos: 10 gbps. Un puerto d\u00faplex de fibra lc 10gbase-sr multimodo. Soporte de distancia de fibra: hasta 300 m (984 ft.. Longitud de onda: 850 nm. Cumple con el acuerdo sfp multi fuente (msa. Compatible con cisco sfp-10g-sr. Formato sfp+ est\u00e1ndar. Soporta diagn\u00f3stico de monitoreo digital (ddm. Baja interferencia electromagn\u00e9tica (emi), gracias a su chasis completamente met\u00e1lico. Comunicaci\u00f3n bidireccional de hasta 11.1 gbps. Soporta hot-plugging. Tres a\u00f1os de garant\u00eda<\/p>\n","protected":false},"featured_media":211784,"comment_status":"open","ping_status":"open","template":"","meta":[],"product_cat":[1485,1523],"product_tag":[1489],"acf":[],"yoast_head":"<!-- This site is optimized with the Yoast SEO plugin v21.7 - https:\/\/yoast.com\/wordpress\/plugins\/seo\/ -->\n<title>[ Intellinet ] &#129351; 507462 Modulo Sfp,,,+ 10gb Fibra Optica Lc, 300m<\/title>\n<meta name=\"description\" content=\"Compra 507462 Modulo Sfp,,,+ 10gb Fibra Optica Lc, 300m + Env\u00edo a domicilio + Pago seguro + Garant\u00eda\" \/>\n<meta name=\"robots\" content=\"index, follow, max-snippet:-1, max-image-preview:large, max-video-preview:-1\" \/>\n<link rel=\"canonical\" href=\"https:\/\/compuviper.mx\/tienda\/producto\/intellinet-507462-modulo-sfp-10gb-fibra-optica-lc-300m\/\" \/>\n<meta property=\"og:locale\" content=\"es_MX\" \/>\n<meta property=\"og:type\" content=\"article\" \/>\n<meta property=\"og:title\" content=\"[ Intellinet ] &#129351; 507462 Modulo Sfp,,,+ 10gb Fibra Optica Lc, 300m\" \/>\n<meta property=\"og:description\" content=\"Compra 507462 Modulo Sfp,,,+ 10gb Fibra Optica Lc, 300m + Env\u00edo a domicilio + Pago seguro + Garant\u00eda\" \/>\n<meta property=\"og:url\" content=\"https:\/\/compuviper.mx\/tienda\/producto\/intellinet-507462-modulo-sfp-10gb-fibra-optica-lc-300m\/\" \/>\n<meta property=\"og:site_name\" content=\"Compuviper\" \/>\n<meta property=\"article:publisher\" content=\"https:\/\/www.facebook.com\/compuviper\" \/>\n<meta property=\"og:image\" content=\"https:\/\/compuviper.mx\/tienda\/wp-content\/uploads\/2023\/12\/Modulo-sfpintellinet507462-10gb-fibra-optica-lc-300m.jpg\" \/>\n\t<meta property=\"og:image:width\" content=\"200\" \/>\n\t<meta property=\"og:image:height\" content=\"200\" \/>\n\t<meta property=\"og:image:type\" content=\"image\/jpeg\" \/>\n<meta name=\"twitter:card\" content=\"summary_large_image\" \/>\n<meta name=\"twitter:label1\" content=\"Precio\" \/>\n\t<meta name=\"twitter:data1\" content=\"&#36;560 con IVA\" \/>\n\t<meta name=\"twitter:label2\" content=\"Availability\" \/>\n\t<meta name=\"twitter:data2\" content=\"Out of stock\" \/>\n<script type=\"application\/ld+json\" class=\"yoast-schema-graph\">{\"@context\":\"https:\/\/schema.org\",\"@graph\":[{\"@type\":\"WebPage\",\"@id\":\"https:\/\/compuviper.mx\/tienda\/producto\/intellinet-507462-modulo-sfp-10gb-fibra-optica-lc-300m\/\",\"url\":\"https:\/\/compuviper.mx\/tienda\/producto\/intellinet-507462-modulo-sfp-10gb-fibra-optica-lc-300m\/\",\"name\":\"[ Intellinet ] &#129351; 507462 Modulo Sfp,,,+ 10gb Fibra Optica Lc, 300m\",\"isPartOf\":{\"@id\":\"https:\/\/compuviper.mx\/tienda\/#website\"},\"datePublished\":\"2026-04-08T05:30:45+00:00\",\"dateModified\":\"2026-04-08T05:30:45+00:00\",\"description\":\"Compra 507462 Modulo Sfp,,,+ 10gb Fibra Optica Lc, 300m + Env\u00edo a domicilio + Pago seguro + Garant\u00eda\",\"breadcrumb\":{\"@id\":\"https:\/\/compuviper.mx\/tienda\/producto\/intellinet-507462-modulo-sfp-10gb-fibra-optica-lc-300m\/#breadcrumb\"},\"inLanguage\":\"es-MX\",\"potentialAction\":[{\"@type\":\"ReadAction\",\"target\":[\"https:\/\/compuviper.mx\/tienda\/producto\/intellinet-507462-modulo-sfp-10gb-fibra-optica-lc-300m\/\"]}]},{\"@type\":\"BreadcrumbList\",\"@id\":\"https:\/\/compuviper.mx\/tienda\/producto\/intellinet-507462-modulo-sfp-10gb-fibra-optica-lc-300m\/#breadcrumb\",\"itemListElement\":[{\"@type\":\"ListItem\",\"position\":1,\"name\":\"Inicio\",\"item\":\"https:\/\/compuviper.mx\/tienda\/\"},{\"@type\":\"ListItem\",\"position\":2,\"name\":\"Productos\",\"item\":\"https:\/\/compuviper.mx\/tienda\/productos\/\"},{\"@type\":\"ListItem\",\"position\":3,\"name\":\"Accesorios\",\"item\":\"https:\/\/compuviper.mx\/tienda\/categoria-producto\/accesorios\/\"},{\"@type\":\"ListItem\",\"position\":4,\"name\":\"Transceiver\",\"item\":\"https:\/\/compuviper.mx\/tienda\/categoria-producto\/accesorios\/transceiver\/\"},{\"@type\":\"ListItem\",\"position\":5,\"name\":\"Intellinet 507462 Modulo Sfp,,,+ 10gb Fibra Optica Lc, 300m\"}]},{\"@type\":\"WebSite\",\"@id\":\"https:\/\/compuviper.mx\/tienda\/#website\",\"url\":\"https:\/\/compuviper.mx\/tienda\/\",\"name\":\"Compuviper\",\"description\":\"Proveedor de Computadoras, Laptops, Servidores, Monitores, Puntos de Venta, Teclados,   Impresoras, T\u00f3ner, C\u00e1maras de Seguridad y m\u00e1s en tu tienda en l\u00ednea\",\"publisher\":{\"@id\":\"https:\/\/compuviper.mx\/tienda\/#organization\"},\"potentialAction\":[{\"@type\":\"SearchAction\",\"target\":{\"@type\":\"EntryPoint\",\"urlTemplate\":\"https:\/\/compuviper.mx\/tienda\/?s={search_term_string}\"},\"query-input\":\"required name=search_term_string\"}],\"inLanguage\":\"es-MX\"},{\"@type\":\"Organization\",\"@id\":\"https:\/\/compuviper.mx\/tienda\/#organization\",\"name\":\"Compuviper\",\"url\":\"https:\/\/compuviper.mx\/tienda\/\",\"logo\":{\"@type\":\"ImageObject\",\"inLanguage\":\"es-MX\",\"@id\":\"https:\/\/compuviper.mx\/tienda\/#\/schema\/logo\/image\/\",\"url\":\"https:\/\/compuviper.mx\/tienda\/wp-content\/uploads\/2021\/08\/Logo-Compuviper-10.png\",\"contentUrl\":\"https:\/\/compuviper.mx\/tienda\/wp-content\/uploads\/2021\/08\/Logo-Compuviper-10.png\",\"width\":1000,\"height\":500,\"caption\":\"Compuviper\"},\"image\":{\"@id\":\"https:\/\/compuviper.mx\/tienda\/#\/schema\/logo\/image\/\"},\"sameAs\":[\"https:\/\/www.facebook.com\/compuviper\",\"https:\/\/www.youtube.com\/channel\/UCf73dERp9Y3cfOq7q8BhLjA?view_as=subscriber\"]}]}<\/script>\n<meta property=\"product:brand\" content=\"INTELLINET\" \/>\n<meta property=\"product:price:amount\" content=\"560\" \/>\n<meta property=\"product:price:currency\" content=\"MXN\" \/>\n<meta property=\"og:availability\" content=\"out of stock\" \/>\n<meta property=\"product:availability\" content=\"out of stock\" \/>\n<meta property=\"product:retailer_item_id\" content=\"507462\" \/>\n<meta property=\"product:condition\" content=\"new\" \/>\n<!-- \/ Yoast SEO plugin. -->","yoast_head_json":{"title":"[ Intellinet ] &#129351; 507462 Modulo Sfp,,,+ 10gb Fibra Optica Lc, 300m","description":"Compra 507462 Modulo Sfp,,,+ 10gb Fibra Optica Lc, 300m + Env\u00edo a domicilio + Pago seguro + Garant\u00eda","robots":{"index":"index","follow":"follow","max-snippet":"max-snippet:-1","max-image-preview":"max-image-preview:large","max-video-preview":"max-video-preview:-1"},"canonical":"https:\/\/compuviper.mx\/tienda\/producto\/intellinet-507462-modulo-sfp-10gb-fibra-optica-lc-300m\/","og_locale":"es_MX","og_type":"article","og_title":"[ Intellinet ] &#129351; 507462 Modulo Sfp,,,+ 10gb Fibra Optica Lc, 300m","og_description":"Compra 507462 Modulo Sfp,,,+ 10gb Fibra Optica Lc, 300m + Env\u00edo a domicilio + Pago seguro + Garant\u00eda","og_url":"https:\/\/compuviper.mx\/tienda\/producto\/intellinet-507462-modulo-sfp-10gb-fibra-optica-lc-300m\/","og_site_name":"Compuviper","article_publisher":"https:\/\/www.facebook.com\/compuviper","og_image":[{"width":200,"height":200,"url":"https:\/\/compuviper.mx\/tienda\/wp-content\/uploads\/2023\/12\/Modulo-sfpintellinet507462-10gb-fibra-optica-lc-300m.jpg","type":"image\/jpeg"}],"twitter_card":"summary_large_image","twitter_misc":{"Precio":"&#36;560 con IVA","Availability":"Out of stock"},"schema":{"@context":"https:\/\/schema.org","@graph":[{"@type":"WebPage","@id":"https:\/\/compuviper.mx\/tienda\/producto\/intellinet-507462-modulo-sfp-10gb-fibra-optica-lc-300m\/","url":"https:\/\/compuviper.mx\/tienda\/producto\/intellinet-507462-modulo-sfp-10gb-fibra-optica-lc-300m\/","name":"[ Intellinet ] &#129351; 507462 Modulo Sfp,,,+ 10gb Fibra Optica Lc, 300m","isPartOf":{"@id":"https:\/\/compuviper.mx\/tienda\/#website"},"datePublished":"2026-04-08T05:30:45+00:00","dateModified":"2026-04-08T05:30:45+00:00","description":"Compra 507462 Modulo Sfp,,,+ 10gb Fibra Optica Lc, 300m + Env\u00edo a domicilio + Pago seguro + Garant\u00eda","breadcrumb":{"@id":"https:\/\/compuviper.mx\/tienda\/producto\/intellinet-507462-modulo-sfp-10gb-fibra-optica-lc-300m\/#breadcrumb"},"inLanguage":"es-MX","potentialAction":[{"@type":"ReadAction","target":["https:\/\/compuviper.mx\/tienda\/producto\/intellinet-507462-modulo-sfp-10gb-fibra-optica-lc-300m\/"]}]},{"@type":"BreadcrumbList","@id":"https:\/\/compuviper.mx\/tienda\/producto\/intellinet-507462-modulo-sfp-10gb-fibra-optica-lc-300m\/#breadcrumb","itemListElement":[{"@type":"ListItem","position":1,"name":"Inicio","item":"https:\/\/compuviper.mx\/tienda\/"},{"@type":"ListItem","position":2,"name":"Productos","item":"https:\/\/compuviper.mx\/tienda\/productos\/"},{"@type":"ListItem","position":3,"name":"Accesorios","item":"https:\/\/compuviper.mx\/tienda\/categoria-producto\/accesorios\/"},{"@type":"ListItem","position":4,"name":"Transceiver","item":"https:\/\/compuviper.mx\/tienda\/categoria-producto\/accesorios\/transceiver\/"},{"@type":"ListItem","position":5,"name":"Intellinet 507462 Modulo Sfp,,,+ 10gb Fibra Optica Lc, 300m"}]},{"@type":"WebSite","@id":"https:\/\/compuviper.mx\/tienda\/#website","url":"https:\/\/compuviper.mx\/tienda\/","name":"Compuviper","description":"Proveedor de Computadoras, Laptops, Servidores, Monitores, Puntos de Venta, Teclados,   Impresoras, T\u00f3ner, C\u00e1maras de Seguridad y m\u00e1s en tu tienda en l\u00ednea","publisher":{"@id":"https:\/\/compuviper.mx\/tienda\/#organization"},"potentialAction":[{"@type":"SearchAction","target":{"@type":"EntryPoint","urlTemplate":"https:\/\/compuviper.mx\/tienda\/?s={search_term_string}"},"query-input":"required name=search_term_string"}],"inLanguage":"es-MX"},{"@type":"Organization","@id":"https:\/\/compuviper.mx\/tienda\/#organization","name":"Compuviper","url":"https:\/\/compuviper.mx\/tienda\/","logo":{"@type":"ImageObject","inLanguage":"es-MX","@id":"https:\/\/compuviper.mx\/tienda\/#\/schema\/logo\/image\/","url":"https:\/\/compuviper.mx\/tienda\/wp-content\/uploads\/2021\/08\/Logo-Compuviper-10.png","contentUrl":"https:\/\/compuviper.mx\/tienda\/wp-content\/uploads\/2021\/08\/Logo-Compuviper-10.png","width":1000,"height":500,"caption":"Compuviper"},"image":{"@id":"https:\/\/compuviper.mx\/tienda\/#\/schema\/logo\/image\/"},"sameAs":["https:\/\/www.facebook.com\/compuviper","https:\/\/www.youtube.com\/channel\/UCf73dERp9Y3cfOq7q8BhLjA?view_as=subscriber"]}]},"product_brand":"INTELLINET","product_price_amount":"560","product_price_currency":"MXN","og_availability":"out of stock","product_availability":"out of stock","product_retailer_item_id":"507462","product_condition":"new"},"_links":{"self":[{"href":"https:\/\/compuviper.mx\/tienda\/wp-json\/wp\/v2\/product\/211783"}],"collection":[{"href":"https:\/\/compuviper.mx\/tienda\/wp-json\/wp\/v2\/product"}],"about":[{"href":"https:\/\/compuviper.mx\/tienda\/wp-json\/wp\/v2\/types\/product"}],"replies":[{"embeddable":true,"href":"https:\/\/compuviper.mx\/tienda\/wp-json\/wp\/v2\/comments?post=211783"}],"wp:featuredmedia":[{"embeddable":true,"href":"https:\/\/compuviper.mx\/tienda\/wp-json\/wp\/v2\/media\/211784"}],"wp:attachment":[{"href":"https:\/\/compuviper.mx\/tienda\/wp-json\/wp\/v2\/media?parent=211783"}],"wp:term":[{"taxonomy":"product_cat","embeddable":true,"href":"https:\/\/compuviper.mx\/tienda\/wp-json\/wp\/v2\/product_cat?post=211783"},{"taxonomy":"product_tag","embeddable":true,"href":"https:\/\/compuviper.mx\/tienda\/wp-json\/wp\/v2\/product_tag?post=211783"}],"curies":[{"name":"wp","href":"https:\/\/api.w.org\/{rel}","templated":true}]}}