{"id":211781,"date":"2026-04-07T23:30:44","date_gmt":"2026-04-08T05:30:44","guid":{"rendered":"https:\/\/compuviper.mx\/tienda\/producto\/intellinet-545006-modulo-sfp-gb-fibra-optica-lc-550m\/"},"modified":"2026-04-07T23:30:44","modified_gmt":"2026-04-08T05:30:44","slug":"intellinet-545006-modulo-sfp-gb-fibra-optica-lc-550m","status":"publish","type":"product","link":"https:\/\/compuviper.mx\/tienda\/producto\/intellinet-545006-modulo-sfp-gb-fibra-optica-lc-550m\/","title":{"rendered":"Intellinet 545006 Modulo ,, Sfp Gb Fibra Optica Lc 550m"},"content":{"rendered":"<table class=\"descripcion\">\n<tr>\n<td>Est\u00e1ndar<\/td>\n<\/tr>\n<tr>\n<td>Ieee 802.3z (gigabit ethernet sobre fibra \u00f3ptica)<\/td>\n<\/tr>\n<tr>\n<td>General<\/td>\n<\/tr>\n<tr>\n<td>Medios soportados:<\/td>\n<\/tr>\n<tr>\n<td>&#8211; fibra multi-modo 1000base-sx de 50\/125 \u00b5m<\/td>\n<\/tr>\n<tr>\n<td>&#8211; fibra multi-modo 1000base-sx de 62.5\/125 \u00b5m<\/td>\n<\/tr>\n<tr>\n<td>Conector: puerto de fibra lc d\u00faplex, 1000base-sx<\/td>\n<\/tr>\n<tr>\n<td>Distancias:<\/td>\n<\/tr>\n<tr>\n<td>&#8211; 550 m (con fibra de 50\/125 \u00b5m)<\/td>\n<\/tr>\n<tr>\n<td>&#8211; 220 m (con fibra de 62.5\/125 \u00b5m)<\/td>\n<\/tr>\n<tr>\n<td>Longitud de onda: 850 nm<\/td>\n<\/tr>\n<tr>\n<td>Potencia en la fibra<\/td>\n<\/tr>\n<tr>\n<td>&#8211; potencia de transmisi\u00f3n m\u00e1xima: -4 db<\/td>\n<\/tr>\n<tr>\n<td>&#8211; potencia de transmisi\u00f3n m\u00ednima: -9 db<\/td>\n<\/tr>\n<tr>\n<td>&#8211; sensitividad: -17 db<\/td>\n<\/tr>\n<tr>\n<td>&#8211; potencia: 8 db<\/td>\n<\/tr>\n<tr>\n<td>Dise\u00f1o: sfp (tipo peque\u00f1o de f\u00e1cil conexi\u00f3n; small form factor pluggable), 1.25 gbps<\/td>\n<\/tr>\n<tr>\n<td>Certificaciones: fcc clase b, ce mark, rohs<\/td>\n<\/tr>\n<tr>\n<td>Potencia<\/td>\n<\/tr>\n<tr>\n<td>Voltaje requerido: 3.3 v cd<\/td>\n<\/tr>\n<tr>\n<td>Consumo de potencia: 1.0 watt (m\u00e1ximo)<\/td>\n<\/tr>\n<tr>\n<td>Dise\u00f1o<\/td>\n<\/tr>\n<tr>\n<td>Dimensiones: 55 (largo) x 13 (ancho) x 12 (alto) mm<\/td>\n<\/tr>\n<tr>\n<td>Peso: 15 g<\/td>\n<\/tr>\n<tr>\n<td>Temperatura de operaci\u00f3n: 0 \u0096 70\u00b0c<\/td>\n<\/tr>\n<tr>\n<td>Humedad de operaci\u00f3n: 10 \u0096 85% rh, no condensada<\/td>\n<\/tr>\n<tr>\n<td>Temperatura de almacenaje: -40 \u0096 85\u00b0c<\/td>\n<\/tr>\n<tr>\n<td>Contenido del empaque<\/td>\n<\/tr>\n<tr>\n<td>Transceiver mini-gbic gigabit ethernet sfp<\/td>\n<\/tr>\n<\/table>\n","protected":false},"excerpt":{"rendered":"<p>Tasa de transferencia de datos: 1000 mbps. Un puerto lc d\u00faplex de fibra multi-modo 1000base-sx. Distancia soportada: hasta 550 m (con cable de 50\/125 \u00b5m) \u00f3 220 m (con cable 62.5\/125 \u00b5m. Longitud de onda: 850 nm. Clase sfp est\u00e1ndar. Cumple con la especificaci\u00f3n de transceiver msa sfp. Compatible con cisco glc-sx-mm. Soporta hot-plug. Tres a\u00f1os de garant\u00eda<\/p>\n","protected":false},"featured_media":211782,"comment_status":"open","ping_status":"open","template":"","meta":[],"product_cat":[1485,1523],"product_tag":[1489],"acf":[],"yoast_head":"<!-- This site is optimized with the Yoast SEO plugin v21.7 - https:\/\/yoast.com\/wordpress\/plugins\/seo\/ -->\n<title>[ Intellinet ] &#129351; 545006 Modulo ,, Sfp Gb Fibra Optica Lc 550m<\/title>\n<meta name=\"description\" content=\"Compra 545006 Modulo ,, Sfp Gb Fibra Optica Lc 550m + Env\u00edo a domicilio + Pago seguro + Garant\u00eda\" \/>\n<meta name=\"robots\" content=\"index, follow, max-snippet:-1, max-image-preview:large, max-video-preview:-1\" \/>\n<link rel=\"canonical\" href=\"https:\/\/compuviper.mx\/tienda\/producto\/intellinet-545006-modulo-sfp-gb-fibra-optica-lc-550m\/\" \/>\n<meta property=\"og:locale\" content=\"es_MX\" \/>\n<meta property=\"og:type\" content=\"article\" \/>\n<meta property=\"og:title\" content=\"[ Intellinet ] &#129351; 545006 Modulo ,, Sfp Gb Fibra Optica Lc 550m\" \/>\n<meta property=\"og:description\" content=\"Compra 545006 Modulo ,, Sfp Gb Fibra Optica Lc 550m + Env\u00edo a domicilio + Pago seguro + Garant\u00eda\" \/>\n<meta property=\"og:url\" content=\"https:\/\/compuviper.mx\/tienda\/producto\/intellinet-545006-modulo-sfp-gb-fibra-optica-lc-550m\/\" \/>\n<meta property=\"og:site_name\" content=\"Compuviper\" \/>\n<meta property=\"article:publisher\" content=\"https:\/\/www.facebook.com\/compuviper\" \/>\n<meta property=\"og:image\" content=\"https:\/\/compuviper.mx\/tienda\/wp-content\/uploads\/2023\/12\/Modulo-intellinet545006-sfp-gb-fibra-optica-lc-550m.jpg\" \/>\n\t<meta property=\"og:image:width\" content=\"200\" \/>\n\t<meta property=\"og:image:height\" content=\"200\" \/>\n\t<meta property=\"og:image:type\" content=\"image\/jpeg\" \/>\n<meta name=\"twitter:card\" content=\"summary_large_image\" \/>\n<meta name=\"twitter:label1\" content=\"Precio\" \/>\n\t<meta name=\"twitter:data1\" content=\"&#36;323 con IVA\" \/>\n\t<meta name=\"twitter:label2\" content=\"Availability\" \/>\n\t<meta name=\"twitter:data2\" content=\"Out of stock\" \/>\n<script type=\"application\/ld+json\" class=\"yoast-schema-graph\">{\"@context\":\"https:\/\/schema.org\",\"@graph\":[{\"@type\":\"WebPage\",\"@id\":\"https:\/\/compuviper.mx\/tienda\/producto\/intellinet-545006-modulo-sfp-gb-fibra-optica-lc-550m\/\",\"url\":\"https:\/\/compuviper.mx\/tienda\/producto\/intellinet-545006-modulo-sfp-gb-fibra-optica-lc-550m\/\",\"name\":\"[ Intellinet ] &#129351; 545006 Modulo ,, Sfp Gb Fibra Optica Lc 550m\",\"isPartOf\":{\"@id\":\"https:\/\/compuviper.mx\/tienda\/#website\"},\"datePublished\":\"2026-04-08T05:30:44+00:00\",\"dateModified\":\"2026-04-08T05:30:44+00:00\",\"description\":\"Compra 545006 Modulo ,, Sfp Gb Fibra Optica Lc 550m + Env\u00edo a domicilio + Pago seguro + Garant\u00eda\",\"breadcrumb\":{\"@id\":\"https:\/\/compuviper.mx\/tienda\/producto\/intellinet-545006-modulo-sfp-gb-fibra-optica-lc-550m\/#breadcrumb\"},\"inLanguage\":\"es-MX\",\"potentialAction\":[{\"@type\":\"ReadAction\",\"target\":[\"https:\/\/compuviper.mx\/tienda\/producto\/intellinet-545006-modulo-sfp-gb-fibra-optica-lc-550m\/\"]}]},{\"@type\":\"BreadcrumbList\",\"@id\":\"https:\/\/compuviper.mx\/tienda\/producto\/intellinet-545006-modulo-sfp-gb-fibra-optica-lc-550m\/#breadcrumb\",\"itemListElement\":[{\"@type\":\"ListItem\",\"position\":1,\"name\":\"Inicio\",\"item\":\"https:\/\/compuviper.mx\/tienda\/\"},{\"@type\":\"ListItem\",\"position\":2,\"name\":\"Productos\",\"item\":\"https:\/\/compuviper.mx\/tienda\/productos\/\"},{\"@type\":\"ListItem\",\"position\":3,\"name\":\"Accesorios\",\"item\":\"https:\/\/compuviper.mx\/tienda\/categoria-producto\/accesorios\/\"},{\"@type\":\"ListItem\",\"position\":4,\"name\":\"Transceiver\",\"item\":\"https:\/\/compuviper.mx\/tienda\/categoria-producto\/accesorios\/transceiver\/\"},{\"@type\":\"ListItem\",\"position\":5,\"name\":\"Intellinet 545006 Modulo ,, Sfp Gb Fibra Optica Lc 550m\"}]},{\"@type\":\"WebSite\",\"@id\":\"https:\/\/compuviper.mx\/tienda\/#website\",\"url\":\"https:\/\/compuviper.mx\/tienda\/\",\"name\":\"Compuviper\",\"description\":\"Proveedor de Computadoras, Laptops, Servidores, Monitores, Puntos de Venta, Teclados,   Impresoras, T\u00f3ner, C\u00e1maras de Seguridad y m\u00e1s en tu tienda en l\u00ednea\",\"publisher\":{\"@id\":\"https:\/\/compuviper.mx\/tienda\/#organization\"},\"potentialAction\":[{\"@type\":\"SearchAction\",\"target\":{\"@type\":\"EntryPoint\",\"urlTemplate\":\"https:\/\/compuviper.mx\/tienda\/?s={search_term_string}\"},\"query-input\":\"required name=search_term_string\"}],\"inLanguage\":\"es-MX\"},{\"@type\":\"Organization\",\"@id\":\"https:\/\/compuviper.mx\/tienda\/#organization\",\"name\":\"Compuviper\",\"url\":\"https:\/\/compuviper.mx\/tienda\/\",\"logo\":{\"@type\":\"ImageObject\",\"inLanguage\":\"es-MX\",\"@id\":\"https:\/\/compuviper.mx\/tienda\/#\/schema\/logo\/image\/\",\"url\":\"https:\/\/compuviper.mx\/tienda\/wp-content\/uploads\/2021\/08\/Logo-Compuviper-10.png\",\"contentUrl\":\"https:\/\/compuviper.mx\/tienda\/wp-content\/uploads\/2021\/08\/Logo-Compuviper-10.png\",\"width\":1000,\"height\":500,\"caption\":\"Compuviper\"},\"image\":{\"@id\":\"https:\/\/compuviper.mx\/tienda\/#\/schema\/logo\/image\/\"},\"sameAs\":[\"https:\/\/www.facebook.com\/compuviper\",\"https:\/\/www.youtube.com\/channel\/UCf73dERp9Y3cfOq7q8BhLjA?view_as=subscriber\"]}]}<\/script>\n<meta property=\"product:brand\" content=\"INTELLINET\" \/>\n<meta property=\"product:price:amount\" content=\"323\" \/>\n<meta property=\"product:price:currency\" content=\"MXN\" \/>\n<meta property=\"og:availability\" content=\"out of stock\" \/>\n<meta property=\"product:availability\" content=\"out of stock\" \/>\n<meta property=\"product:retailer_item_id\" content=\"545006\" \/>\n<meta property=\"product:condition\" content=\"new\" \/>\n<!-- \/ Yoast SEO plugin. -->","yoast_head_json":{"title":"[ Intellinet ] &#129351; 545006 Modulo ,, Sfp Gb Fibra Optica Lc 550m","description":"Compra 545006 Modulo ,, Sfp Gb Fibra Optica Lc 550m + Env\u00edo a domicilio + Pago seguro + Garant\u00eda","robots":{"index":"index","follow":"follow","max-snippet":"max-snippet:-1","max-image-preview":"max-image-preview:large","max-video-preview":"max-video-preview:-1"},"canonical":"https:\/\/compuviper.mx\/tienda\/producto\/intellinet-545006-modulo-sfp-gb-fibra-optica-lc-550m\/","og_locale":"es_MX","og_type":"article","og_title":"[ Intellinet ] &#129351; 545006 Modulo ,, Sfp Gb Fibra Optica Lc 550m","og_description":"Compra 545006 Modulo ,, Sfp Gb Fibra Optica Lc 550m + Env\u00edo a domicilio + Pago seguro + Garant\u00eda","og_url":"https:\/\/compuviper.mx\/tienda\/producto\/intellinet-545006-modulo-sfp-gb-fibra-optica-lc-550m\/","og_site_name":"Compuviper","article_publisher":"https:\/\/www.facebook.com\/compuviper","og_image":[{"width":200,"height":200,"url":"https:\/\/compuviper.mx\/tienda\/wp-content\/uploads\/2023\/12\/Modulo-intellinet545006-sfp-gb-fibra-optica-lc-550m.jpg","type":"image\/jpeg"}],"twitter_card":"summary_large_image","twitter_misc":{"Precio":"&#36;323 con IVA","Availability":"Out of stock"},"schema":{"@context":"https:\/\/schema.org","@graph":[{"@type":"WebPage","@id":"https:\/\/compuviper.mx\/tienda\/producto\/intellinet-545006-modulo-sfp-gb-fibra-optica-lc-550m\/","url":"https:\/\/compuviper.mx\/tienda\/producto\/intellinet-545006-modulo-sfp-gb-fibra-optica-lc-550m\/","name":"[ Intellinet ] &#129351; 545006 Modulo ,, Sfp Gb Fibra Optica Lc 550m","isPartOf":{"@id":"https:\/\/compuviper.mx\/tienda\/#website"},"datePublished":"2026-04-08T05:30:44+00:00","dateModified":"2026-04-08T05:30:44+00:00","description":"Compra 545006 Modulo ,, Sfp Gb Fibra Optica Lc 550m + Env\u00edo a domicilio + Pago seguro + Garant\u00eda","breadcrumb":{"@id":"https:\/\/compuviper.mx\/tienda\/producto\/intellinet-545006-modulo-sfp-gb-fibra-optica-lc-550m\/#breadcrumb"},"inLanguage":"es-MX","potentialAction":[{"@type":"ReadAction","target":["https:\/\/compuviper.mx\/tienda\/producto\/intellinet-545006-modulo-sfp-gb-fibra-optica-lc-550m\/"]}]},{"@type":"BreadcrumbList","@id":"https:\/\/compuviper.mx\/tienda\/producto\/intellinet-545006-modulo-sfp-gb-fibra-optica-lc-550m\/#breadcrumb","itemListElement":[{"@type":"ListItem","position":1,"name":"Inicio","item":"https:\/\/compuviper.mx\/tienda\/"},{"@type":"ListItem","position":2,"name":"Productos","item":"https:\/\/compuviper.mx\/tienda\/productos\/"},{"@type":"ListItem","position":3,"name":"Accesorios","item":"https:\/\/compuviper.mx\/tienda\/categoria-producto\/accesorios\/"},{"@type":"ListItem","position":4,"name":"Transceiver","item":"https:\/\/compuviper.mx\/tienda\/categoria-producto\/accesorios\/transceiver\/"},{"@type":"ListItem","position":5,"name":"Intellinet 545006 Modulo ,, Sfp Gb Fibra Optica Lc 550m"}]},{"@type":"WebSite","@id":"https:\/\/compuviper.mx\/tienda\/#website","url":"https:\/\/compuviper.mx\/tienda\/","name":"Compuviper","description":"Proveedor de Computadoras, Laptops, Servidores, Monitores, Puntos de Venta, Teclados,   Impresoras, T\u00f3ner, C\u00e1maras de Seguridad y m\u00e1s en tu tienda en l\u00ednea","publisher":{"@id":"https:\/\/compuviper.mx\/tienda\/#organization"},"potentialAction":[{"@type":"SearchAction","target":{"@type":"EntryPoint","urlTemplate":"https:\/\/compuviper.mx\/tienda\/?s={search_term_string}"},"query-input":"required name=search_term_string"}],"inLanguage":"es-MX"},{"@type":"Organization","@id":"https:\/\/compuviper.mx\/tienda\/#organization","name":"Compuviper","url":"https:\/\/compuviper.mx\/tienda\/","logo":{"@type":"ImageObject","inLanguage":"es-MX","@id":"https:\/\/compuviper.mx\/tienda\/#\/schema\/logo\/image\/","url":"https:\/\/compuviper.mx\/tienda\/wp-content\/uploads\/2021\/08\/Logo-Compuviper-10.png","contentUrl":"https:\/\/compuviper.mx\/tienda\/wp-content\/uploads\/2021\/08\/Logo-Compuviper-10.png","width":1000,"height":500,"caption":"Compuviper"},"image":{"@id":"https:\/\/compuviper.mx\/tienda\/#\/schema\/logo\/image\/"},"sameAs":["https:\/\/www.facebook.com\/compuviper","https:\/\/www.youtube.com\/channel\/UCf73dERp9Y3cfOq7q8BhLjA?view_as=subscriber"]}]},"product_brand":"INTELLINET","product_price_amount":"323","product_price_currency":"MXN","og_availability":"out of stock","product_availability":"out of stock","product_retailer_item_id":"545006","product_condition":"new"},"_links":{"self":[{"href":"https:\/\/compuviper.mx\/tienda\/wp-json\/wp\/v2\/product\/211781"}],"collection":[{"href":"https:\/\/compuviper.mx\/tienda\/wp-json\/wp\/v2\/product"}],"about":[{"href":"https:\/\/compuviper.mx\/tienda\/wp-json\/wp\/v2\/types\/product"}],"replies":[{"embeddable":true,"href":"https:\/\/compuviper.mx\/tienda\/wp-json\/wp\/v2\/comments?post=211781"}],"wp:featuredmedia":[{"embeddable":true,"href":"https:\/\/compuviper.mx\/tienda\/wp-json\/wp\/v2\/media\/211782"}],"wp:attachment":[{"href":"https:\/\/compuviper.mx\/tienda\/wp-json\/wp\/v2\/media?parent=211781"}],"wp:term":[{"taxonomy":"product_cat","embeddable":true,"href":"https:\/\/compuviper.mx\/tienda\/wp-json\/wp\/v2\/product_cat?post=211781"},{"taxonomy":"product_tag","embeddable":true,"href":"https:\/\/compuviper.mx\/tienda\/wp-json\/wp\/v2\/product_tag?post=211781"}],"curies":[{"name":"wp","href":"https:\/\/api.w.org\/{rel}","templated":true}]}}