{"id":211743,"date":"2026-04-01T23:29:26","date_gmt":"2026-04-02T05:29:26","guid":{"rendered":"https:\/\/compuviper.mx\/tienda\/producto\/hewlett-packard-enterprise-j9150d-transceiver-hp-aruba-sfp-10g-lc-sr-300metros-om3-para-fibra-multi-modo\/"},"modified":"2026-04-01T23:29:26","modified_gmt":"2026-04-02T05:29:26","slug":"hewlett-packard-enterprise-j9150d-transceiver-hp-aruba-sfp-10g-lc-sr-300metros-om3-para-fibra-multi-modo","status":"publish","type":"product","link":"https:\/\/compuviper.mx\/tienda\/producto\/hewlett-packard-enterprise-j9150d-transceiver-hp-aruba-sfp-10g-lc-sr-300metros-om3-para-fibra-multi-modo\/","title":{"rendered":"Hewlett Packard Enterprise J9150d Transceiver Hp Aruba  Sfp 10g Lc Sr 300metros Om3 Para Fibra Multi Modo"},"content":{"rendered":"<table class=\"descripcion\">\n<tr>\n<td>*conector: lc.<\/td>\n<\/tr>\n<tr>\n<td>*distancia m\u00e1xima: 300m.<\/td>\n<\/tr>\n<tr>\n<td>*velocidad: 10g<\/td>\n<\/tr>\n<tr>\n<td>*dimensiones m\u00ednimas (p x a x l): 1.5 x 5.6 x 1.3 cm; 0.6 x 2.2 x 0.5 in.<\/td>\n<\/tr>\n<tr>\n<td>*peso: 20 gm; 0.1 lb.<\/td>\n<\/tr>\n<tr>\n<td>*garant\u00eda: garant\u00eda de hardware de 1 a\u00f1o. para obtener m\u00e1s informaci\u00f3n, consulte http:\/\/www.arubanetworks.com\/support-services\/product-warranties\/#hardware.<\/td>\n<\/tr>\n<\/table>\n","protected":false},"excerpt":{"rendered":"<p>Transceiver hpe aruba sfp+ a 10g conector lc distancia corta de hasta 300 metros para fibra multi modo. Compatible con switches aruba de las series 2930f,  2540, 2930m, 3810, 5400r, 8320 y 8400.<\/p>\n","protected":false},"featured_media":211744,"comment_status":"open","ping_status":"open","template":"","meta":[],"product_cat":[1485,1523],"product_tag":[1568],"acf":[],"yoast_head":"<!-- This site is optimized with the Yoast SEO plugin v21.7 - https:\/\/yoast.com\/wordpress\/plugins\/seo\/ -->\n<title>[ Hewlett Packard Enterprise ] &#129351; J9150d Transceiver Hp Aruba Sfp 10g Lc Sr 300metros Om3 Para Fibra Multi Modo<\/title>\n<meta name=\"description\" content=\"Compra J9150d Transceiver Hp Aruba Sfp 10g Lc Sr 300metros Om3 Para Fibra Multi Modo + Env\u00edo a domicilio + Pago seguro + Garant\u00eda\" \/>\n<meta name=\"robots\" content=\"index, follow, max-snippet:-1, max-image-preview:large, max-video-preview:-1\" \/>\n<link rel=\"canonical\" href=\"https:\/\/compuviper.mx\/tienda\/producto\/hewlett-packard-enterprise-j9150d-transceiver-hp-aruba-sfp-10g-lc-sr-300metros-om3-para-fibra-multi-modo\/\" \/>\n<meta property=\"og:locale\" content=\"es_MX\" \/>\n<meta property=\"og:type\" content=\"article\" \/>\n<meta property=\"og:title\" content=\"[ Hewlett Packard Enterprise ] &#129351; J9150d Transceiver Hp Aruba Sfp 10g Lc Sr 300metros Om3 Para Fibra Multi Modo\" \/>\n<meta property=\"og:description\" content=\"Compra J9150d Transceiver Hp Aruba Sfp 10g Lc Sr 300metros Om3 Para Fibra Multi Modo + Env\u00edo a domicilio + Pago seguro + Garant\u00eda\" \/>\n<meta property=\"og:url\" content=\"https:\/\/compuviper.mx\/tienda\/producto\/hewlett-packard-enterprise-j9150d-transceiver-hp-aruba-sfp-10g-lc-sr-300metros-om3-para-fibra-multi-modo\/\" \/>\n<meta property=\"og:site_name\" content=\"Compuviper\" \/>\n<meta property=\"article:publisher\" content=\"https:\/\/www.facebook.com\/compuviper\" \/>\n<meta property=\"og:image\" content=\"https:\/\/compuviper.mx\/tienda\/wp-content\/uploads\/2023\/12\/Transceiver-hp-aruba-j9150d-sfp-10g-lc-sr-300metros-om3-para-fibra-multi-modo.jpg\" \/>\n\t<meta property=\"og:image:width\" content=\"200\" \/>\n\t<meta property=\"og:image:height\" content=\"200\" \/>\n\t<meta property=\"og:image:type\" content=\"image\/jpeg\" \/>\n<meta name=\"twitter:card\" content=\"summary_large_image\" \/>\n<meta name=\"twitter:label1\" content=\"Precio\" \/>\n\t<meta name=\"twitter:data1\" content=\"&#36;25,634 con IVA\" \/>\n\t<meta name=\"twitter:label2\" content=\"Availability\" \/>\n\t<meta name=\"twitter:data2\" content=\"In stock\" \/>\n<script type=\"application\/ld+json\" class=\"yoast-schema-graph\">{\"@context\":\"https:\/\/schema.org\",\"@graph\":[{\"@type\":\"WebPage\",\"@id\":\"https:\/\/compuviper.mx\/tienda\/producto\/hewlett-packard-enterprise-j9150d-transceiver-hp-aruba-sfp-10g-lc-sr-300metros-om3-para-fibra-multi-modo\/\",\"url\":\"https:\/\/compuviper.mx\/tienda\/producto\/hewlett-packard-enterprise-j9150d-transceiver-hp-aruba-sfp-10g-lc-sr-300metros-om3-para-fibra-multi-modo\/\",\"name\":\"[ Hewlett Packard Enterprise ] &#129351; J9150d Transceiver Hp Aruba Sfp 10g Lc Sr 300metros Om3 Para Fibra Multi Modo\",\"isPartOf\":{\"@id\":\"https:\/\/compuviper.mx\/tienda\/#website\"},\"datePublished\":\"2026-04-02T05:29:26+00:00\",\"dateModified\":\"2026-04-02T05:29:26+00:00\",\"description\":\"Compra J9150d Transceiver Hp Aruba Sfp 10g Lc Sr 300metros Om3 Para Fibra Multi Modo + Env\u00edo a domicilio + Pago seguro + Garant\u00eda\",\"breadcrumb\":{\"@id\":\"https:\/\/compuviper.mx\/tienda\/producto\/hewlett-packard-enterprise-j9150d-transceiver-hp-aruba-sfp-10g-lc-sr-300metros-om3-para-fibra-multi-modo\/#breadcrumb\"},\"inLanguage\":\"es-MX\",\"potentialAction\":[{\"@type\":\"ReadAction\",\"target\":[\"https:\/\/compuviper.mx\/tienda\/producto\/hewlett-packard-enterprise-j9150d-transceiver-hp-aruba-sfp-10g-lc-sr-300metros-om3-para-fibra-multi-modo\/\"]}]},{\"@type\":\"BreadcrumbList\",\"@id\":\"https:\/\/compuviper.mx\/tienda\/producto\/hewlett-packard-enterprise-j9150d-transceiver-hp-aruba-sfp-10g-lc-sr-300metros-om3-para-fibra-multi-modo\/#breadcrumb\",\"itemListElement\":[{\"@type\":\"ListItem\",\"position\":1,\"name\":\"Inicio\",\"item\":\"https:\/\/compuviper.mx\/tienda\/\"},{\"@type\":\"ListItem\",\"position\":2,\"name\":\"Productos\",\"item\":\"https:\/\/compuviper.mx\/tienda\/productos\/\"},{\"@type\":\"ListItem\",\"position\":3,\"name\":\"Accesorios\",\"item\":\"https:\/\/compuviper.mx\/tienda\/categoria-producto\/accesorios\/\"},{\"@type\":\"ListItem\",\"position\":4,\"name\":\"Transceiver\",\"item\":\"https:\/\/compuviper.mx\/tienda\/categoria-producto\/accesorios\/transceiver\/\"},{\"@type\":\"ListItem\",\"position\":5,\"name\":\"Hewlett Packard Enterprise J9150d Transceiver Hp Aruba Sfp 10g Lc Sr 300metros Om3 Para Fibra Multi Modo\"}]},{\"@type\":\"WebSite\",\"@id\":\"https:\/\/compuviper.mx\/tienda\/#website\",\"url\":\"https:\/\/compuviper.mx\/tienda\/\",\"name\":\"Compuviper\",\"description\":\"Proveedor de Computadoras, Laptops, Servidores, Monitores, Puntos de Venta, Teclados,   Impresoras, T\u00f3ner, C\u00e1maras de Seguridad y m\u00e1s en tu tienda en l\u00ednea\",\"publisher\":{\"@id\":\"https:\/\/compuviper.mx\/tienda\/#organization\"},\"potentialAction\":[{\"@type\":\"SearchAction\",\"target\":{\"@type\":\"EntryPoint\",\"urlTemplate\":\"https:\/\/compuviper.mx\/tienda\/?s={search_term_string}\"},\"query-input\":\"required name=search_term_string\"}],\"inLanguage\":\"es-MX\"},{\"@type\":\"Organization\",\"@id\":\"https:\/\/compuviper.mx\/tienda\/#organization\",\"name\":\"Compuviper\",\"url\":\"https:\/\/compuviper.mx\/tienda\/\",\"logo\":{\"@type\":\"ImageObject\",\"inLanguage\":\"es-MX\",\"@id\":\"https:\/\/compuviper.mx\/tienda\/#\/schema\/logo\/image\/\",\"url\":\"https:\/\/compuviper.mx\/tienda\/wp-content\/uploads\/2021\/08\/Logo-Compuviper-10.png\",\"contentUrl\":\"https:\/\/compuviper.mx\/tienda\/wp-content\/uploads\/2021\/08\/Logo-Compuviper-10.png\",\"width\":1000,\"height\":500,\"caption\":\"Compuviper\"},\"image\":{\"@id\":\"https:\/\/compuviper.mx\/tienda\/#\/schema\/logo\/image\/\"},\"sameAs\":[\"https:\/\/www.facebook.com\/compuviper\",\"https:\/\/www.youtube.com\/channel\/UCf73dERp9Y3cfOq7q8BhLjA?view_as=subscriber\"]}]}<\/script>\n<meta property=\"product:brand\" content=\"HEWLETT PACKARD ENTERPRISE\" \/>\n<meta property=\"product:price:amount\" content=\"25634\" \/>\n<meta property=\"product:price:currency\" content=\"MXN\" \/>\n<meta property=\"og:availability\" content=\"instock\" \/>\n<meta property=\"product:availability\" content=\"instock\" \/>\n<meta property=\"product:retailer_item_id\" content=\"J9150D\" \/>\n<meta property=\"product:condition\" content=\"new\" \/>\n<!-- \/ Yoast SEO plugin. -->","yoast_head_json":{"title":"[ Hewlett Packard Enterprise ] &#129351; J9150d Transceiver Hp Aruba Sfp 10g Lc Sr 300metros Om3 Para Fibra Multi Modo","description":"Compra J9150d Transceiver Hp Aruba Sfp 10g Lc Sr 300metros Om3 Para Fibra Multi Modo + Env\u00edo a domicilio + Pago seguro + Garant\u00eda","robots":{"index":"index","follow":"follow","max-snippet":"max-snippet:-1","max-image-preview":"max-image-preview:large","max-video-preview":"max-video-preview:-1"},"canonical":"https:\/\/compuviper.mx\/tienda\/producto\/hewlett-packard-enterprise-j9150d-transceiver-hp-aruba-sfp-10g-lc-sr-300metros-om3-para-fibra-multi-modo\/","og_locale":"es_MX","og_type":"article","og_title":"[ Hewlett Packard Enterprise ] &#129351; J9150d Transceiver Hp Aruba Sfp 10g Lc Sr 300metros Om3 Para Fibra Multi Modo","og_description":"Compra J9150d Transceiver Hp Aruba Sfp 10g Lc Sr 300metros Om3 Para Fibra Multi Modo + Env\u00edo a domicilio + Pago seguro + Garant\u00eda","og_url":"https:\/\/compuviper.mx\/tienda\/producto\/hewlett-packard-enterprise-j9150d-transceiver-hp-aruba-sfp-10g-lc-sr-300metros-om3-para-fibra-multi-modo\/","og_site_name":"Compuviper","article_publisher":"https:\/\/www.facebook.com\/compuviper","og_image":[{"width":200,"height":200,"url":"https:\/\/compuviper.mx\/tienda\/wp-content\/uploads\/2023\/12\/Transceiver-hp-aruba-j9150d-sfp-10g-lc-sr-300metros-om3-para-fibra-multi-modo.jpg","type":"image\/jpeg"}],"twitter_card":"summary_large_image","twitter_misc":{"Precio":"&#36;25,634 con IVA","Availability":"In stock"},"schema":{"@context":"https:\/\/schema.org","@graph":[{"@type":"WebPage","@id":"https:\/\/compuviper.mx\/tienda\/producto\/hewlett-packard-enterprise-j9150d-transceiver-hp-aruba-sfp-10g-lc-sr-300metros-om3-para-fibra-multi-modo\/","url":"https:\/\/compuviper.mx\/tienda\/producto\/hewlett-packard-enterprise-j9150d-transceiver-hp-aruba-sfp-10g-lc-sr-300metros-om3-para-fibra-multi-modo\/","name":"[ Hewlett Packard Enterprise ] &#129351; J9150d Transceiver Hp Aruba Sfp 10g Lc Sr 300metros Om3 Para Fibra Multi Modo","isPartOf":{"@id":"https:\/\/compuviper.mx\/tienda\/#website"},"datePublished":"2026-04-02T05:29:26+00:00","dateModified":"2026-04-02T05:29:26+00:00","description":"Compra J9150d Transceiver Hp Aruba Sfp 10g Lc Sr 300metros Om3 Para Fibra Multi Modo + Env\u00edo a domicilio + Pago seguro + Garant\u00eda","breadcrumb":{"@id":"https:\/\/compuviper.mx\/tienda\/producto\/hewlett-packard-enterprise-j9150d-transceiver-hp-aruba-sfp-10g-lc-sr-300metros-om3-para-fibra-multi-modo\/#breadcrumb"},"inLanguage":"es-MX","potentialAction":[{"@type":"ReadAction","target":["https:\/\/compuviper.mx\/tienda\/producto\/hewlett-packard-enterprise-j9150d-transceiver-hp-aruba-sfp-10g-lc-sr-300metros-om3-para-fibra-multi-modo\/"]}]},{"@type":"BreadcrumbList","@id":"https:\/\/compuviper.mx\/tienda\/producto\/hewlett-packard-enterprise-j9150d-transceiver-hp-aruba-sfp-10g-lc-sr-300metros-om3-para-fibra-multi-modo\/#breadcrumb","itemListElement":[{"@type":"ListItem","position":1,"name":"Inicio","item":"https:\/\/compuviper.mx\/tienda\/"},{"@type":"ListItem","position":2,"name":"Productos","item":"https:\/\/compuviper.mx\/tienda\/productos\/"},{"@type":"ListItem","position":3,"name":"Accesorios","item":"https:\/\/compuviper.mx\/tienda\/categoria-producto\/accesorios\/"},{"@type":"ListItem","position":4,"name":"Transceiver","item":"https:\/\/compuviper.mx\/tienda\/categoria-producto\/accesorios\/transceiver\/"},{"@type":"ListItem","position":5,"name":"Hewlett Packard Enterprise J9150d Transceiver Hp Aruba Sfp 10g Lc Sr 300metros Om3 Para Fibra Multi Modo"}]},{"@type":"WebSite","@id":"https:\/\/compuviper.mx\/tienda\/#website","url":"https:\/\/compuviper.mx\/tienda\/","name":"Compuviper","description":"Proveedor de Computadoras, Laptops, Servidores, Monitores, Puntos de Venta, Teclados,   Impresoras, T\u00f3ner, C\u00e1maras de Seguridad y m\u00e1s en tu tienda en l\u00ednea","publisher":{"@id":"https:\/\/compuviper.mx\/tienda\/#organization"},"potentialAction":[{"@type":"SearchAction","target":{"@type":"EntryPoint","urlTemplate":"https:\/\/compuviper.mx\/tienda\/?s={search_term_string}"},"query-input":"required name=search_term_string"}],"inLanguage":"es-MX"},{"@type":"Organization","@id":"https:\/\/compuviper.mx\/tienda\/#organization","name":"Compuviper","url":"https:\/\/compuviper.mx\/tienda\/","logo":{"@type":"ImageObject","inLanguage":"es-MX","@id":"https:\/\/compuviper.mx\/tienda\/#\/schema\/logo\/image\/","url":"https:\/\/compuviper.mx\/tienda\/wp-content\/uploads\/2021\/08\/Logo-Compuviper-10.png","contentUrl":"https:\/\/compuviper.mx\/tienda\/wp-content\/uploads\/2021\/08\/Logo-Compuviper-10.png","width":1000,"height":500,"caption":"Compuviper"},"image":{"@id":"https:\/\/compuviper.mx\/tienda\/#\/schema\/logo\/image\/"},"sameAs":["https:\/\/www.facebook.com\/compuviper","https:\/\/www.youtube.com\/channel\/UCf73dERp9Y3cfOq7q8BhLjA?view_as=subscriber"]}]},"product_brand":"HEWLETT PACKARD ENTERPRISE","product_price_amount":"25634","product_price_currency":"MXN","og_availability":"instock","product_availability":"instock","product_retailer_item_id":"J9150D","product_condition":"new"},"_links":{"self":[{"href":"https:\/\/compuviper.mx\/tienda\/wp-json\/wp\/v2\/product\/211743"}],"collection":[{"href":"https:\/\/compuviper.mx\/tienda\/wp-json\/wp\/v2\/product"}],"about":[{"href":"https:\/\/compuviper.mx\/tienda\/wp-json\/wp\/v2\/types\/product"}],"replies":[{"embeddable":true,"href":"https:\/\/compuviper.mx\/tienda\/wp-json\/wp\/v2\/comments?post=211743"}],"wp:featuredmedia":[{"embeddable":true,"href":"https:\/\/compuviper.mx\/tienda\/wp-json\/wp\/v2\/media\/211744"}],"wp:attachment":[{"href":"https:\/\/compuviper.mx\/tienda\/wp-json\/wp\/v2\/media?parent=211743"}],"wp:term":[{"taxonomy":"product_cat","embeddable":true,"href":"https:\/\/compuviper.mx\/tienda\/wp-json\/wp\/v2\/product_cat?post=211743"},{"taxonomy":"product_tag","embeddable":true,"href":"https:\/\/compuviper.mx\/tienda\/wp-json\/wp\/v2\/product_tag?post=211743"}],"curies":[{"name":"wp","href":"https:\/\/api.w.org\/{rel}","templated":true}]}}