{"id":211739,"date":"2026-04-20T23:30:11","date_gmt":"2026-04-21T05:30:11","guid":{"rendered":"https:\/\/compuviper.mx\/tienda\/producto\/tripp-lite-pdumnh20-pdu-monofasico-monitoriable-tripp-lite-1-9kw-de-120v-8-tomacorrientes-5-15r-5-15p-cable-de-3-66-m-12-pies-interfaz-de-plataforma-lx-para-instalacion-en-rack-1u\/"},"modified":"2026-04-20T23:30:11","modified_gmt":"2026-04-21T05:30:11","slug":"tripp-lite-pdumnh20-pdu-monofasico-monitoriable-tripp-lite-1-9kw-de-120v-8-tomacorrientes-5-15r-5-15p-cable-de-3-66-m-12-pies-interfaz-de-plataforma-lx-para-instalacion-en-rack-1u","status":"publish","type":"product","link":"https:\/\/compuviper.mx\/tienda\/producto\/tripp-lite-pdumnh20-pdu-monofasico-monitoriable-tripp-lite-1-9kw-de-120v-8-tomacorrientes-5-15r-5-15p-cable-de-3-66-m-12-pies-interfaz-de-plataforma-lx-para-instalacion-en-rack-1u\/","title":{"rendered":"Tripp-lite Pdumnh20 Pdu Monofasico Monitoriable Tripp Lite  1.9kw, De 120v, 8 Tomacorrientes 5-15r, 5-15p, Cable De 3.66 M (12 Pies), Interfaz De Plataforma Lx, Para Instalacion En Rack 1u."},"content":{"rendered":"<table class=\"descripcion\">\n<tr>\n<td>Pdu monofasico monitoriable tripp-lte (pdumnh20) 1.9kw, de 120v, 8 tomacorrientes 5-15r, 5-15p, cable de 3.66 m (12 pies), interfaz de plataforma lx, para instalacion en rack 1u..<\/td>\n<\/tr>\n<tr>\n<td>Caracter\u00edsticas<\/td>\n<\/tr>\n<tr>\n<td>Unidad de distribuci\u00f3n de energ\u00eda \/ pdu monof\u00e1sico monitoreable de 20a 120v (reducido de agencia a 16a continuos)<\/td>\n<\/tr>\n<tr>\n<td>Clavija de entrada nema l5-20p con adaptador 5-20p y cable de alimentaci\u00f3n de 3.66 m [12 pies]<\/td>\n<\/tr>\n<tr>\n<td>El formato de instalaci\u00f3n horizontal en 1u de rack permite la instalaci\u00f3n en racks de 2 \u00f3 4 postes<\/td>\n<\/tr>\n<tr>\n<td>8 tomacorrientes nema 5-15r<\/td>\n<\/tr>\n<tr>\n<td>La pantalla iluminada informa el consumo de potencia de salida en amperes<\/td>\n<\/tr>\n<tr>\n<td>La interfaz de plataforma lx permite el acceso remoto total para facilitar el monitoreo de la energ\u00eda con notificaciones de correo electr\u00f3nico a trav\u00e9s de navegador de red segura, snmp, telnet o ssh.<\/td>\n<\/tr>\n<tr>\n<td>M\u00f3dulos opcionales de envirosense2 (vendidos por separado) proporcionan una gran variedad de capacidades de monitoreo ambiental<\/td>\n<\/tr>\n<tr>\n<td>Soporte de la configuraci\u00f3n dhcp \/ manual<\/td>\n<\/tr>\n<tr>\n<td>La detecci\u00f3n autom\u00e1tica de 10\/100 mbps permite una comunicaci\u00f3n \u00f3ptima con las redes 10\/100 base-t.<\/td>\n<\/tr>\n<tr>\n<td>Respaldo del reloj en tiempo real mantiene la hora del d\u00eda y la fecha incluso si el pdu se encuentra apagado.<\/td>\n<\/tr>\n<tr>\n<td>Niveles de acceso privilegiados, permiten iniciar sesi\u00f3n a un administrador y a un invitado para monitoreo a trav\u00e9s del navegador de red.<\/td>\n<\/tr>\n<tr>\n<td>Las notificaciones de advertencia mediante correo electr\u00f3nico o trampas de snmp proporcionan notificaci\u00f3n inmediata de un evento<\/td>\n<\/tr>\n<tr>\n<td>Capacidad de actualizaci\u00f3n del firmware soporta las mejoras futuras de los productos.<\/td>\n<\/tr>\n<tr>\n<td>Las bridas de instalaci\u00f3n soportan la instalaci\u00f3n en racks de 2 y 4 postes, con soporte adicional para formatos de instalaci\u00f3n en la pared y debajo del mostrador<\/td>\n<\/tr>\n<tr>\n<td>Las orejas de instalaci\u00f3n son reversibles para instalaci\u00f3n en rack orientados hacia el frente o hacia atr\u00e1s<\/td>\n<\/tr>\n<tr>\n<td>Los soportes de retenci\u00f3n de cables incluidos mantienen los equipos vitales de red conectados y constantemente alimentados<\/td>\n<\/tr>\n<tr>\n<td>Cumple con el acta federal de acuerdos comerciales (taa) para las compras del programa gsa<\/td>\n<\/tr>\n<tr>\n<td>El paquete incluye<\/td>\n<\/tr>\n<tr>\n<td>Pdu para instalaci\u00f3n en rack<\/td>\n<\/tr>\n<tr>\n<td>Interfaz de plataforma lx incorporada<\/td>\n<\/tr>\n<tr>\n<td>Adaptador de l5-20r a 5-20p<\/td>\n<\/tr>\n<tr>\n<td>Placas con sujeci\u00f3n de clavija<\/td>\n<\/tr>\n<tr>\n<td>Soportes para instalaci\u00f3n en rack<\/td>\n<\/tr>\n<tr>\n<td>Manual del propietario<\/td>\n<\/tr>\n<tr>\n<td>Rohs compliant<\/td>\n<\/tr>\n<tr>\n<td>Especificaciones<\/td>\n<\/tr>\n<tr>\n<td>Generalidades<\/td>\n<\/tr>\n<tr>\n<td>Tipo de pdu monitoreable<\/td>\n<\/tr>\n<tr>\n<td>Salida<\/td>\n<\/tr>\n<tr>\n<td>Detalles de capacidad de salida 2.03kw (127v), 1.92kw (120v), 1.6kw (100v) \/ capacidad total de 20a (reducido por agencia a 16a); m\u00e1ximo 16a por tomacorriente<\/td>\n<\/tr>\n<tr>\n<td>Compatibilidad de frecuencia 50 \/ 60 hz<\/td>\n<\/tr>\n<tr>\n<td>Tomacorrientes (8) 5-15\/20r<\/td>\n<\/tr>\n<tr>\n<td>Voltaje nominal de salida 100; 120; 127<\/td>\n<\/tr>\n<tr>\n<td>Protecci\u00f3n contra sobrecargas no se aplica<\/td>\n<\/tr>\n<tr>\n<td>Entrada<\/td>\n<\/tr>\n<tr>\n<td>Voltaje de entrada del pdu 100; 120; 127<\/td>\n<\/tr>\n<tr>\n<td>Servicio el\u00e9ctrico recomendado 20a 120v<\/td>\n<\/tr>\n<tr>\n<td>Entrada m\u00e1xima en amperes 20<\/td>\n<\/tr>\n<tr>\n<td>Detalles de entrada m\u00e1xima en amperes reducido por agencia a 16 a continuos<\/td>\n<\/tr>\n<tr>\n<td>Tipo de clavija del pdu nema 5-20p; nema l5-20p<\/td>\n<\/tr>\n<tr>\n<td>Longitud del cable de alimentaci\u00f3n (m) 3.66<\/td>\n<\/tr>\n<tr>\n<td>Fase de entrada monof\u00e1sico<\/td>\n<\/tr>\n<tr>\n<td>Interfaz de usuario, alertas y controles<\/td>\n<\/tr>\n<tr>\n<td>Pantalla lcd del panel frontal el medidor de corriente de dos d\u00edgitos informa la carga de salida del pdu en amperes<\/td>\n<\/tr>\n<tr>\n<td>Interruptores no se aplica<\/td>\n<\/tr>\n<tr>\n<td>Indicadores led n\/a<\/td>\n<\/tr>\n<tr>\n<td>F\u00edsicas<\/td>\n<\/tr>\n<tr>\n<td>Profundidad m\u00ednima de rack requerida (cm) 28.45<\/td>\n<\/tr>\n<tr>\n<td>Dimensiones de envi\u00f3 (al x an x pr \/ cm) 5.31 x 27.94 x 52.07<\/td>\n<\/tr>\n<tr>\n<td>Peso de env\u00edo (kg) 3.2<\/td>\n<\/tr>\n<tr>\n<td>Dimensiones de la unidad (al x an x pr \/ cm) 4.3 x 43.9 x 15.7<\/td>\n<\/tr>\n<tr>\n<td>Peso de la unidad (kg) 3.18<\/td>\n<\/tr>\n<tr>\n<td>Material de construcci\u00f3n metal<\/td>\n<\/tr>\n<tr>\n<td>Factores de forma soportados instalaci\u00f3n horizontal de 1u en racks de 2 o 4 postes<\/td>\n<\/tr>\n<tr>\n<td>Factor de forma del pdu 1u; horizontal<\/td>\n<\/tr>\n<tr>\n<td>Ambientales<\/td>\n<\/tr>\n<tr>\n<td>Rango de temperatura de almacenamiento -15\u00ba c a +50\u00ba c [+5\u00ba f a +122\u00ba f]<\/td>\n<\/tr>\n<tr>\n<td>Humedad relativa 5 a 95%, sin condensaci\u00f3n<\/td>\n<\/tr>\n<tr>\n<td>Altitud de operaci\u00f3n (pies) 0-10,000<\/td>\n<\/tr>\n<tr>\n<td>Elevaci\u00f3n en operaci\u00f3n (m) 0-3,000<\/td>\n<\/tr>\n<tr>\n<td>Comunicaciones<\/td>\n<\/tr>\n<tr>\n<td>Compatibilidad con snmp tarjeta interfaz de red webcardlx preinstalada<\/td>\n<\/tr>\n<tr>\n<td>Certificaciones<\/td>\n<\/tr>\n<tr>\n<td>Certificaciones probado para ul 60950 (ee. uu.), csa (canad\u00e1), clase a (emisiones), nom (m\u00e9xico), cumple con rohs, cumple con el taa.<\/td>\n<\/tr>\n<tr>\n<td>Garantia<\/td>\n<\/tr>\n<tr>\n<td>Periodo de garant\u00eda del producto (a nivel mundial) garant\u00eda limitada de 2 a\u00f1os<\/td>\n<\/tr>\n<\/table>\n","protected":false},"excerpt":{"rendered":"<p>Ofrece monitoreo remoto en tiempo real de voltaje, frecuencia y niveles de carga mediante una conexi\u00f3n de red incorporada. La interfaz incorporada de plataforma lx basada en html5 sin java habilita el acceso remoto total para acceder al estado y monitoreo del pdu y enviar notificaciones de correo electr\u00f3nico a trav\u00e9s de navegador web seguro, snmp, telnet o ssh. Permite detecci\u00f3n autom\u00e1tica de 10 mbps \/ 100 mbps para comunicaci\u00f3n \u00f3ptima con una red ethernet. M\u00f3dulos opcionales de envirosense2 (vendidos por separado) proporcionan una gran variedad de capacidades de monitoreo ambiental. Entre los protocolos compatibles se incluyen http, https, smtp, snmpv1, snmpv2, snmpv3, telnet, ssh, ftp, dhcp y ntp. La pantalla digital iluminada del pdu permite el monitoreo visual de la salida del pdu para evitar sobrecargas de circuitos seg\u00fan se agregue equipo adicional. Ofrece distribuci\u00f3n de energ\u00eda confiable con m\u00faltiples tomacorrientes desde cualquier ups protegido, generador o fuente de alimentaci\u00f3n principal. El dise\u00f1o de alta calidad incluye un resistente gabinete totalmente de metal e instalaci\u00f3n segura en rack, con los accesorios de instalaci\u00f3n incluidos.<\/p>\n","protected":false},"featured_media":211740,"comment_status":"open","ping_status":"open","template":"","meta":[],"product_cat":[1508,1895],"product_tag":[1510],"acf":[],"yoast_head":"<!-- This site is optimized with the Yoast SEO plugin v21.7 - https:\/\/yoast.com\/wordpress\/plugins\/seo\/ -->\n<title>[ Tripp-lite ] &#129351; Pdumnh20 Pdu Monofasico Monitoriable Tripp Lite 1.9kw, De 120v, 8 Tomacorrientes 5-15r, 5-15p, Cable De 3.66 M (12 Pies), Interfaz De Plataforma Lx, Para Instalacion En Rack 1u.<\/title>\n<meta name=\"description\" content=\"Compra Pdumnh20 Pdu Monofasico Monitoriable Tripp Lite 1.9kw, De 120v, 8 Tomacorrientes 5-15r, 5-15p, Cable De 3.66 M (12 Pies), Interfaz De Plataforma Lx, Para Instalacion En Rack 1u. + Env\u00edo a domicilio + Pago seguro + Garant\u00eda\" \/>\n<meta name=\"robots\" content=\"index, follow, max-snippet:-1, max-image-preview:large, max-video-preview:-1\" \/>\n<link rel=\"canonical\" href=\"https:\/\/compuviper.mx\/tienda\/producto\/tripp-lite-pdumnh20-pdu-monofasico-monitoriable-tripp-lite-1-9kw-de-120v-8-tomacorrientes-5-15r-5-15p-cable-de-3-66-m-12-pies-interfaz-de-plataforma-lx-para-instalacion-en-rack-1u\/\" \/>\n<meta property=\"og:locale\" content=\"es_MX\" \/>\n<meta property=\"og:type\" content=\"article\" \/>\n<meta property=\"og:title\" content=\"[ Tripp-lite ] &#129351; Pdumnh20 Pdu Monofasico Monitoriable Tripp Lite 1.9kw, De 120v, 8 Tomacorrientes 5-15r, 5-15p, Cable De 3.66 M (12 Pies), Interfaz De Plataforma Lx, Para Instalacion En Rack 1u.\" \/>\n<meta property=\"og:description\" content=\"Compra Pdumnh20 Pdu Monofasico Monitoriable Tripp Lite 1.9kw, De 120v, 8 Tomacorrientes 5-15r, 5-15p, Cable De 3.66 M (12 Pies), Interfaz De Plataforma Lx, Para Instalacion En Rack 1u. + Env\u00edo a domicilio + Pago seguro + Garant\u00eda\" \/>\n<meta property=\"og:url\" content=\"https:\/\/compuviper.mx\/tienda\/producto\/tripp-lite-pdumnh20-pdu-monofasico-monitoriable-tripp-lite-1-9kw-de-120v-8-tomacorrientes-5-15r-5-15p-cable-de-3-66-m-12-pies-interfaz-de-plataforma-lx-para-instalacion-en-rack-1u\/\" \/>\n<meta property=\"og:site_name\" content=\"Compuviper\" \/>\n<meta property=\"article:publisher\" content=\"https:\/\/www.facebook.com\/compuviper\" \/>\n<meta property=\"og:image\" content=\"https:\/\/compuviper.mx\/tienda\/wp-content\/uploads\/2023\/12\/Pdu-monofasico-monitoriable-tripp-lite-pdumnh20-1.9kw-de-120v-8-tomacorrientes-5-15r-5-15p-cable-de-3.66-m-12-pies-interfaz-de-plataforma-lx-para-instalacion-en-rack-1u.jpg\" \/>\n\t<meta property=\"og:image:width\" content=\"200\" \/>\n\t<meta property=\"og:image:height\" content=\"200\" \/>\n\t<meta property=\"og:image:type\" content=\"image\/jpeg\" \/>\n<meta name=\"twitter:card\" content=\"summary_large_image\" \/>\n<meta name=\"twitter:label1\" content=\"Precio\" \/>\n\t<meta name=\"twitter:data1\" content=\"&#36;6,060 con IVA\" \/>\n\t<meta name=\"twitter:label2\" content=\"Availability\" \/>\n\t<meta name=\"twitter:data2\" content=\"In stock\" \/>\n<script type=\"application\/ld+json\" class=\"yoast-schema-graph\">{\"@context\":\"https:\/\/schema.org\",\"@graph\":[{\"@type\":\"WebPage\",\"@id\":\"https:\/\/compuviper.mx\/tienda\/producto\/tripp-lite-pdumnh20-pdu-monofasico-monitoriable-tripp-lite-1-9kw-de-120v-8-tomacorrientes-5-15r-5-15p-cable-de-3-66-m-12-pies-interfaz-de-plataforma-lx-para-instalacion-en-rack-1u\/\",\"url\":\"https:\/\/compuviper.mx\/tienda\/producto\/tripp-lite-pdumnh20-pdu-monofasico-monitoriable-tripp-lite-1-9kw-de-120v-8-tomacorrientes-5-15r-5-15p-cable-de-3-66-m-12-pies-interfaz-de-plataforma-lx-para-instalacion-en-rack-1u\/\",\"name\":\"[ Tripp-lite ] &#129351; Pdumnh20 Pdu Monofasico Monitoriable Tripp Lite 1.9kw, De 120v, 8 Tomacorrientes 5-15r, 5-15p, Cable De 3.66 M (12 Pies), Interfaz De Plataforma Lx, Para Instalacion En Rack 1u.\",\"isPartOf\":{\"@id\":\"https:\/\/compuviper.mx\/tienda\/#website\"},\"datePublished\":\"2026-04-21T05:30:11+00:00\",\"dateModified\":\"2026-04-21T05:30:11+00:00\",\"description\":\"Compra Pdumnh20 Pdu Monofasico Monitoriable Tripp Lite 1.9kw, De 120v, 8 Tomacorrientes 5-15r, 5-15p, Cable De 3.66 M (12 Pies), Interfaz De Plataforma Lx, Para Instalacion En Rack 1u. + Env\u00edo a domicilio + Pago seguro + Garant\u00eda\",\"breadcrumb\":{\"@id\":\"https:\/\/compuviper.mx\/tienda\/producto\/tripp-lite-pdumnh20-pdu-monofasico-monitoriable-tripp-lite-1-9kw-de-120v-8-tomacorrientes-5-15r-5-15p-cable-de-3-66-m-12-pies-interfaz-de-plataforma-lx-para-instalacion-en-rack-1u\/#breadcrumb\"},\"inLanguage\":\"es-MX\",\"potentialAction\":[{\"@type\":\"ReadAction\",\"target\":[\"https:\/\/compuviper.mx\/tienda\/producto\/tripp-lite-pdumnh20-pdu-monofasico-monitoriable-tripp-lite-1-9kw-de-120v-8-tomacorrientes-5-15r-5-15p-cable-de-3-66-m-12-pies-interfaz-de-plataforma-lx-para-instalacion-en-rack-1u\/\"]}]},{\"@type\":\"BreadcrumbList\",\"@id\":\"https:\/\/compuviper.mx\/tienda\/producto\/tripp-lite-pdumnh20-pdu-monofasico-monitoriable-tripp-lite-1-9kw-de-120v-8-tomacorrientes-5-15r-5-15p-cable-de-3-66-m-12-pies-interfaz-de-plataforma-lx-para-instalacion-en-rack-1u\/#breadcrumb\",\"itemListElement\":[{\"@type\":\"ListItem\",\"position\":1,\"name\":\"Inicio\",\"item\":\"https:\/\/compuviper.mx\/tienda\/\"},{\"@type\":\"ListItem\",\"position\":2,\"name\":\"Productos\",\"item\":\"https:\/\/compuviper.mx\/tienda\/productos\/\"},{\"@type\":\"ListItem\",\"position\":3,\"name\":\"Energia\",\"item\":\"https:\/\/compuviper.mx\/tienda\/categoria-producto\/energia\/\"},{\"@type\":\"ListItem\",\"position\":4,\"name\":\"Pdu\",\"item\":\"https:\/\/compuviper.mx\/tienda\/categoria-producto\/energia\/pdu\/\"},{\"@type\":\"ListItem\",\"position\":5,\"name\":\"Tripp-lite Pdumnh20 Pdu Monofasico Monitoriable Tripp Lite 1.9kw, De 120v, 8 Tomacorrientes 5-15r, 5-15p, Cable De 3.66 M (12 Pies), Interfaz De Plataforma Lx, Para Instalacion En Rack 1u.\"}]},{\"@type\":\"WebSite\",\"@id\":\"https:\/\/compuviper.mx\/tienda\/#website\",\"url\":\"https:\/\/compuviper.mx\/tienda\/\",\"name\":\"Compuviper\",\"description\":\"Proveedor de Computadoras, Laptops, Servidores, Monitores, Puntos de Venta, Teclados,   Impresoras, T\u00f3ner, C\u00e1maras de Seguridad y m\u00e1s en tu tienda en l\u00ednea\",\"publisher\":{\"@id\":\"https:\/\/compuviper.mx\/tienda\/#organization\"},\"potentialAction\":[{\"@type\":\"SearchAction\",\"target\":{\"@type\":\"EntryPoint\",\"urlTemplate\":\"https:\/\/compuviper.mx\/tienda\/?s={search_term_string}\"},\"query-input\":\"required name=search_term_string\"}],\"inLanguage\":\"es-MX\"},{\"@type\":\"Organization\",\"@id\":\"https:\/\/compuviper.mx\/tienda\/#organization\",\"name\":\"Compuviper\",\"url\":\"https:\/\/compuviper.mx\/tienda\/\",\"logo\":{\"@type\":\"ImageObject\",\"inLanguage\":\"es-MX\",\"@id\":\"https:\/\/compuviper.mx\/tienda\/#\/schema\/logo\/image\/\",\"url\":\"https:\/\/compuviper.mx\/tienda\/wp-content\/uploads\/2021\/08\/Logo-Compuviper-10.png\",\"contentUrl\":\"https:\/\/compuviper.mx\/tienda\/wp-content\/uploads\/2021\/08\/Logo-Compuviper-10.png\",\"width\":1000,\"height\":500,\"caption\":\"Compuviper\"},\"image\":{\"@id\":\"https:\/\/compuviper.mx\/tienda\/#\/schema\/logo\/image\/\"},\"sameAs\":[\"https:\/\/www.facebook.com\/compuviper\",\"https:\/\/www.youtube.com\/channel\/UCf73dERp9Y3cfOq7q8BhLjA?view_as=subscriber\"]}]}<\/script>\n<meta property=\"product:brand\" content=\"TRIPP-LITE\" \/>\n<meta property=\"product:price:amount\" content=\"6060\" \/>\n<meta property=\"product:price:currency\" content=\"MXN\" \/>\n<meta property=\"og:availability\" content=\"instock\" \/>\n<meta property=\"product:availability\" content=\"instock\" \/>\n<meta property=\"product:retailer_item_id\" content=\"PDUMNH20\" \/>\n<meta property=\"product:condition\" content=\"new\" \/>\n<!-- \/ Yoast SEO plugin. -->","yoast_head_json":{"title":"[ Tripp-lite ] &#129351; Pdumnh20 Pdu Monofasico Monitoriable Tripp Lite 1.9kw, De 120v, 8 Tomacorrientes 5-15r, 5-15p, Cable De 3.66 M (12 Pies), Interfaz De Plataforma Lx, Para Instalacion En Rack 1u.","description":"Compra Pdumnh20 Pdu Monofasico Monitoriable Tripp Lite 1.9kw, De 120v, 8 Tomacorrientes 5-15r, 5-15p, Cable De 3.66 M (12 Pies), Interfaz De Plataforma Lx, Para Instalacion En Rack 1u. + Env\u00edo a domicilio + Pago seguro + Garant\u00eda","robots":{"index":"index","follow":"follow","max-snippet":"max-snippet:-1","max-image-preview":"max-image-preview:large","max-video-preview":"max-video-preview:-1"},"canonical":"https:\/\/compuviper.mx\/tienda\/producto\/tripp-lite-pdumnh20-pdu-monofasico-monitoriable-tripp-lite-1-9kw-de-120v-8-tomacorrientes-5-15r-5-15p-cable-de-3-66-m-12-pies-interfaz-de-plataforma-lx-para-instalacion-en-rack-1u\/","og_locale":"es_MX","og_type":"article","og_title":"[ Tripp-lite ] &#129351; Pdumnh20 Pdu Monofasico Monitoriable Tripp Lite 1.9kw, De 120v, 8 Tomacorrientes 5-15r, 5-15p, Cable De 3.66 M (12 Pies), Interfaz De Plataforma Lx, Para Instalacion En Rack 1u.","og_description":"Compra Pdumnh20 Pdu Monofasico Monitoriable Tripp Lite 1.9kw, De 120v, 8 Tomacorrientes 5-15r, 5-15p, Cable De 3.66 M (12 Pies), Interfaz De Plataforma Lx, Para Instalacion En Rack 1u. + Env\u00edo a domicilio + Pago seguro + Garant\u00eda","og_url":"https:\/\/compuviper.mx\/tienda\/producto\/tripp-lite-pdumnh20-pdu-monofasico-monitoriable-tripp-lite-1-9kw-de-120v-8-tomacorrientes-5-15r-5-15p-cable-de-3-66-m-12-pies-interfaz-de-plataforma-lx-para-instalacion-en-rack-1u\/","og_site_name":"Compuviper","article_publisher":"https:\/\/www.facebook.com\/compuviper","og_image":[{"width":200,"height":200,"url":"https:\/\/compuviper.mx\/tienda\/wp-content\/uploads\/2023\/12\/Pdu-monofasico-monitoriable-tripp-lite-pdumnh20-1.9kw-de-120v-8-tomacorrientes-5-15r-5-15p-cable-de-3.66-m-12-pies-interfaz-de-plataforma-lx-para-instalacion-en-rack-1u.jpg","type":"image\/jpeg"}],"twitter_card":"summary_large_image","twitter_misc":{"Precio":"&#36;6,060 con IVA","Availability":"In stock"},"schema":{"@context":"https:\/\/schema.org","@graph":[{"@type":"WebPage","@id":"https:\/\/compuviper.mx\/tienda\/producto\/tripp-lite-pdumnh20-pdu-monofasico-monitoriable-tripp-lite-1-9kw-de-120v-8-tomacorrientes-5-15r-5-15p-cable-de-3-66-m-12-pies-interfaz-de-plataforma-lx-para-instalacion-en-rack-1u\/","url":"https:\/\/compuviper.mx\/tienda\/producto\/tripp-lite-pdumnh20-pdu-monofasico-monitoriable-tripp-lite-1-9kw-de-120v-8-tomacorrientes-5-15r-5-15p-cable-de-3-66-m-12-pies-interfaz-de-plataforma-lx-para-instalacion-en-rack-1u\/","name":"[ Tripp-lite ] &#129351; Pdumnh20 Pdu Monofasico Monitoriable Tripp Lite 1.9kw, De 120v, 8 Tomacorrientes 5-15r, 5-15p, Cable De 3.66 M (12 Pies), Interfaz De Plataforma Lx, Para Instalacion En Rack 1u.","isPartOf":{"@id":"https:\/\/compuviper.mx\/tienda\/#website"},"datePublished":"2026-04-21T05:30:11+00:00","dateModified":"2026-04-21T05:30:11+00:00","description":"Compra Pdumnh20 Pdu Monofasico Monitoriable Tripp Lite 1.9kw, De 120v, 8 Tomacorrientes 5-15r, 5-15p, Cable De 3.66 M (12 Pies), Interfaz De Plataforma Lx, Para Instalacion En Rack 1u. + Env\u00edo a domicilio + Pago seguro + Garant\u00eda","breadcrumb":{"@id":"https:\/\/compuviper.mx\/tienda\/producto\/tripp-lite-pdumnh20-pdu-monofasico-monitoriable-tripp-lite-1-9kw-de-120v-8-tomacorrientes-5-15r-5-15p-cable-de-3-66-m-12-pies-interfaz-de-plataforma-lx-para-instalacion-en-rack-1u\/#breadcrumb"},"inLanguage":"es-MX","potentialAction":[{"@type":"ReadAction","target":["https:\/\/compuviper.mx\/tienda\/producto\/tripp-lite-pdumnh20-pdu-monofasico-monitoriable-tripp-lite-1-9kw-de-120v-8-tomacorrientes-5-15r-5-15p-cable-de-3-66-m-12-pies-interfaz-de-plataforma-lx-para-instalacion-en-rack-1u\/"]}]},{"@type":"BreadcrumbList","@id":"https:\/\/compuviper.mx\/tienda\/producto\/tripp-lite-pdumnh20-pdu-monofasico-monitoriable-tripp-lite-1-9kw-de-120v-8-tomacorrientes-5-15r-5-15p-cable-de-3-66-m-12-pies-interfaz-de-plataforma-lx-para-instalacion-en-rack-1u\/#breadcrumb","itemListElement":[{"@type":"ListItem","position":1,"name":"Inicio","item":"https:\/\/compuviper.mx\/tienda\/"},{"@type":"ListItem","position":2,"name":"Productos","item":"https:\/\/compuviper.mx\/tienda\/productos\/"},{"@type":"ListItem","position":3,"name":"Energia","item":"https:\/\/compuviper.mx\/tienda\/categoria-producto\/energia\/"},{"@type":"ListItem","position":4,"name":"Pdu","item":"https:\/\/compuviper.mx\/tienda\/categoria-producto\/energia\/pdu\/"},{"@type":"ListItem","position":5,"name":"Tripp-lite Pdumnh20 Pdu Monofasico Monitoriable Tripp Lite 1.9kw, De 120v, 8 Tomacorrientes 5-15r, 5-15p, Cable De 3.66 M (12 Pies), Interfaz De Plataforma Lx, Para Instalacion En Rack 1u."}]},{"@type":"WebSite","@id":"https:\/\/compuviper.mx\/tienda\/#website","url":"https:\/\/compuviper.mx\/tienda\/","name":"Compuviper","description":"Proveedor de Computadoras, Laptops, Servidores, Monitores, Puntos de Venta, Teclados,   Impresoras, T\u00f3ner, C\u00e1maras de Seguridad y m\u00e1s en tu tienda en l\u00ednea","publisher":{"@id":"https:\/\/compuviper.mx\/tienda\/#organization"},"potentialAction":[{"@type":"SearchAction","target":{"@type":"EntryPoint","urlTemplate":"https:\/\/compuviper.mx\/tienda\/?s={search_term_string}"},"query-input":"required name=search_term_string"}],"inLanguage":"es-MX"},{"@type":"Organization","@id":"https:\/\/compuviper.mx\/tienda\/#organization","name":"Compuviper","url":"https:\/\/compuviper.mx\/tienda\/","logo":{"@type":"ImageObject","inLanguage":"es-MX","@id":"https:\/\/compuviper.mx\/tienda\/#\/schema\/logo\/image\/","url":"https:\/\/compuviper.mx\/tienda\/wp-content\/uploads\/2021\/08\/Logo-Compuviper-10.png","contentUrl":"https:\/\/compuviper.mx\/tienda\/wp-content\/uploads\/2021\/08\/Logo-Compuviper-10.png","width":1000,"height":500,"caption":"Compuviper"},"image":{"@id":"https:\/\/compuviper.mx\/tienda\/#\/schema\/logo\/image\/"},"sameAs":["https:\/\/www.facebook.com\/compuviper","https:\/\/www.youtube.com\/channel\/UCf73dERp9Y3cfOq7q8BhLjA?view_as=subscriber"]}]},"product_brand":"TRIPP-LITE","product_price_amount":"6060","product_price_currency":"MXN","og_availability":"instock","product_availability":"instock","product_retailer_item_id":"PDUMNH20","product_condition":"new"},"_links":{"self":[{"href":"https:\/\/compuviper.mx\/tienda\/wp-json\/wp\/v2\/product\/211739"}],"collection":[{"href":"https:\/\/compuviper.mx\/tienda\/wp-json\/wp\/v2\/product"}],"about":[{"href":"https:\/\/compuviper.mx\/tienda\/wp-json\/wp\/v2\/types\/product"}],"replies":[{"embeddable":true,"href":"https:\/\/compuviper.mx\/tienda\/wp-json\/wp\/v2\/comments?post=211739"}],"wp:featuredmedia":[{"embeddable":true,"href":"https:\/\/compuviper.mx\/tienda\/wp-json\/wp\/v2\/media\/211740"}],"wp:attachment":[{"href":"https:\/\/compuviper.mx\/tienda\/wp-json\/wp\/v2\/media?parent=211739"}],"wp:term":[{"taxonomy":"product_cat","embeddable":true,"href":"https:\/\/compuviper.mx\/tienda\/wp-json\/wp\/v2\/product_cat?post=211739"},{"taxonomy":"product_tag","embeddable":true,"href":"https:\/\/compuviper.mx\/tienda\/wp-json\/wp\/v2\/product_tag?post=211739"}],"curies":[{"name":"wp","href":"https:\/\/api.w.org\/{rel}","templated":true}]}}