{"id":211731,"date":"2026-04-27T23:30:05","date_gmt":"2026-04-28T05:30:05","guid":{"rendered":"https:\/\/compuviper.mx\/tienda\/producto\/manhattan-207591-video-splitter-hdmi-4k60hz-1-in2-out\/"},"modified":"2026-04-27T23:30:05","modified_gmt":"2026-04-28T05:30:05","slug":"manhattan-207591-video-splitter-hdmi-4k60hz-1-in2-out","status":"publish","type":"product","link":"https:\/\/compuviper.mx\/tienda\/producto\/manhattan-207591-video-splitter-hdmi-4k60hz-1-in2-out\/","title":{"rendered":"Manhattan 207591 Video Splitter,, Hdmi 4k60hz, 1 In2 Out"},"content":{"rendered":"<table class=\"descripcion\">\n<tr>\n<td>Est\u00e1ndares y certificaciones<\/td>\n<\/tr>\n<tr>\n<td>Hdcp 2.2<\/td>\n<\/tr>\n<tr>\n<td>Dvi 1.0<\/td>\n<\/tr>\n<tr>\n<td>Cts 1.4a<\/td>\n<\/tr>\n<tr>\n<td>Ce<\/td>\n<\/tr>\n<tr>\n<td>Fcc<\/td>\n<\/tr>\n<tr>\n<td>Rohs2<\/td>\n<\/tr>\n<tr>\n<td>Conexiones<\/td>\n<\/tr>\n<tr>\n<td>Un hdmi hembra (entrada)<\/td>\n<\/tr>\n<tr>\n<td>Dos hdmi hembra (salida)<\/td>\n<\/tr>\n<tr>\n<td>Un 5v \/ 1a alimentaci\u00f3n dc hembra (entrada)<\/td>\n<\/tr>\n<tr>\n<td>Entrada y salida de se\u00f1al<\/td>\n<\/tr>\n<tr>\n<td>Entrada de se\u00f1al de video: 0.5 \u0096 1.0 v p-p<\/td>\n<\/tr>\n<tr>\n<td>Entrada de se\u00f1al ddc: 5 v p-p (ttl)<\/td>\n<\/tr>\n<tr>\n<td>Rango m\u00e1ximo de enlace individual: resoluci\u00f3n 10.2 gbps, 4096&#215;2160\/60hz<\/td>\n<\/tr>\n<tr>\n<td>Salida de video: hdcp 2.2, dvi 1.0<\/td>\n<\/tr>\n<tr>\n<td>Resoluciones de video<\/td>\n<\/tr>\n<tr>\n<td>Vga: 640 x 480, 800 x 600, 1024 x 768, 1920 x 1200<\/td>\n<\/tr>\n<tr>\n<td>Dtv\/hdtv: 480i\/480p\/576i\/576p\/720p\/1080i\/1080p\/4k@60hz<\/td>\n<\/tr>\n<tr>\n<td>Dise\u00f1o<\/td>\n<\/tr>\n<tr>\n<td>Led indicadores: alimentaci\u00f3n y conexi\u00f3n al puerto<\/td>\n<\/tr>\n<tr>\n<td>Dimensiones: 80 x 80 x 20 mm (3.2 x 3.2 x 0.8 in.)<\/td>\n<\/tr>\n<tr>\n<td>Adaptador de pared 5v \/ 1a, 1.2 m (3.9 ft.)<\/td>\n<\/tr>\n<tr>\n<td>Peso: 150 g (5.3 oz.)<\/td>\n<\/tr>\n<tr>\n<td>Chasis: met\u00e1lico<\/td>\n<\/tr>\n<tr>\n<td>Dos hoyos para montaje en pared<\/td>\n<\/tr>\n<tr>\n<td>Ambiente de operaci\u00f3n<\/td>\n<\/tr>\n<tr>\n<td>Temperatura de operaci\u00f3n: 32 &#8211; 104\u00b0f (0 &#8211; 40\u00b0c)<\/td>\n<\/tr>\n<tr>\n<td>Temperatura de almacenamiento: -4 &#8211; 140\u00b0f (-20 &#8211; 60\u00b0c)<\/td>\n<\/tr>\n<tr>\n<td>Humedad (sin condensar): 0 &#8211; 96%<\/td>\n<\/tr>\n<tr>\n<td>Contenido del paquete<\/td>\n<\/tr>\n<tr>\n<td>Splitter hdmi de 2 puertos<\/td>\n<\/tr>\n<tr>\n<td>Adaptador de corriente 5v\/1a<\/td>\n<\/tr>\n<tr>\n<td>Gu\u00eda r\u00e1pida de instrucciones<\/td>\n<\/tr>\n<\/table>\n","protected":false},"excerpt":{"rendered":"<p>Duplica una se\u00f1al de audio\/video digital de alta definici\u00f3n para dos pantallas uhd hdmi. Resoluci\u00f3n 4k@60hz, video full 3d y color profundo (deep color. Soporta banda ancha de amplificadores de video de hasta 300mhz, 3gbps por canal (10.2 gbps total) para pantallas 4kx2k. Soporta audio master dts-hd comprimido, descomprimido lpcm 8 canales (7.1 sonido surround) audio y dolby truehd, as\u00ed como audio de 32 canales. Soporta color profundo 48-bit (12-bits por canal), xvycc (x.Vcolor), rec. 2020 espacio de color y relaci\u00f3n de aspecto de 21:9. Soporta lpcm, dts@ digital, dts-hd audio master, audio dolby truehd, 4 flujos de audio y 32 canales de audio. Compatible con hdcp 2.2. Alimentaci\u00f3n ac, instalaci\u00f3n plug and play; sin ajustes especiales o control remoto. Fuerte cubierta met\u00e1lica para una m\u00e1xima durabilidad; hoyos para montaje en pared incorporados. Hasta tres splitters pueden ser conectados para soportar pantallas 4k. Contactos en chapa de oro para conexiones libres de corrosi\u00f3n. Trabaja con consolas de videojuegos playstation y xbox, reproductores blu-ray, decodificadores, receptores satelitales y m\u00e1s. Tres a\u00f1os de garant\u00eda<\/p>\n","protected":false},"featured_media":211732,"comment_status":"open","ping_status":"open","template":"","meta":[],"product_cat":[1485,1506],"product_tag":[1487],"acf":[],"yoast_head":"<!-- This site is optimized with the Yoast SEO plugin v21.7 - https:\/\/yoast.com\/wordpress\/plugins\/seo\/ -->\n<title>[ Manhattan ] &#129351; 207591 Video Splitter,, Hdmi 4k60hz, 1 In2 Out<\/title>\n<meta name=\"description\" content=\"Compra 207591 Video Splitter,, Hdmi 4k60hz, 1 In2 Out + Env\u00edo a domicilio + Pago seguro + Garant\u00eda\" \/>\n<meta name=\"robots\" content=\"index, follow, max-snippet:-1, max-image-preview:large, max-video-preview:-1\" \/>\n<link rel=\"canonical\" href=\"https:\/\/compuviper.mx\/tienda\/producto\/manhattan-207591-video-splitter-hdmi-4k60hz-1-in2-out\/\" \/>\n<meta property=\"og:locale\" content=\"es_MX\" \/>\n<meta property=\"og:type\" content=\"article\" \/>\n<meta property=\"og:title\" content=\"[ Manhattan ] &#129351; 207591 Video Splitter,, Hdmi 4k60hz, 1 In2 Out\" \/>\n<meta property=\"og:description\" content=\"Compra 207591 Video Splitter,, Hdmi 4k60hz, 1 In2 Out + Env\u00edo a domicilio + Pago seguro + Garant\u00eda\" \/>\n<meta property=\"og:url\" content=\"https:\/\/compuviper.mx\/tienda\/producto\/manhattan-207591-video-splitter-hdmi-4k60hz-1-in2-out\/\" \/>\n<meta property=\"og:site_name\" content=\"Compuviper\" \/>\n<meta property=\"article:publisher\" content=\"https:\/\/www.facebook.com\/compuviper\" \/>\n<meta property=\"og:image\" content=\"https:\/\/compuviper.mx\/tienda\/wp-content\/uploads\/2023\/12\/Video-splittermanhattan207591-hdmi-4k60hz-1-in2-out.jpg\" \/>\n\t<meta property=\"og:image:width\" content=\"200\" \/>\n\t<meta property=\"og:image:height\" content=\"200\" \/>\n\t<meta property=\"og:image:type\" content=\"image\/jpeg\" \/>\n<meta name=\"twitter:card\" content=\"summary_large_image\" \/>\n<meta name=\"twitter:label1\" content=\"Precio\" \/>\n\t<meta name=\"twitter:data1\" content=\"&#36;1,206 con IVA\" \/>\n\t<meta name=\"twitter:label2\" content=\"Availability\" \/>\n\t<meta name=\"twitter:data2\" content=\"Out of stock\" \/>\n<script type=\"application\/ld+json\" class=\"yoast-schema-graph\">{\"@context\":\"https:\/\/schema.org\",\"@graph\":[{\"@type\":\"WebPage\",\"@id\":\"https:\/\/compuviper.mx\/tienda\/producto\/manhattan-207591-video-splitter-hdmi-4k60hz-1-in2-out\/\",\"url\":\"https:\/\/compuviper.mx\/tienda\/producto\/manhattan-207591-video-splitter-hdmi-4k60hz-1-in2-out\/\",\"name\":\"[ Manhattan ] &#129351; 207591 Video Splitter,, Hdmi 4k60hz, 1 In2 Out\",\"isPartOf\":{\"@id\":\"https:\/\/compuviper.mx\/tienda\/#website\"},\"datePublished\":\"2026-04-28T05:30:05+00:00\",\"dateModified\":\"2026-04-28T05:30:05+00:00\",\"description\":\"Compra 207591 Video Splitter,, Hdmi 4k60hz, 1 In2 Out + Env\u00edo a domicilio + Pago seguro + Garant\u00eda\",\"breadcrumb\":{\"@id\":\"https:\/\/compuviper.mx\/tienda\/producto\/manhattan-207591-video-splitter-hdmi-4k60hz-1-in2-out\/#breadcrumb\"},\"inLanguage\":\"es-MX\",\"potentialAction\":[{\"@type\":\"ReadAction\",\"target\":[\"https:\/\/compuviper.mx\/tienda\/producto\/manhattan-207591-video-splitter-hdmi-4k60hz-1-in2-out\/\"]}]},{\"@type\":\"BreadcrumbList\",\"@id\":\"https:\/\/compuviper.mx\/tienda\/producto\/manhattan-207591-video-splitter-hdmi-4k60hz-1-in2-out\/#breadcrumb\",\"itemListElement\":[{\"@type\":\"ListItem\",\"position\":1,\"name\":\"Inicio\",\"item\":\"https:\/\/compuviper.mx\/tienda\/\"},{\"@type\":\"ListItem\",\"position\":2,\"name\":\"Productos\",\"item\":\"https:\/\/compuviper.mx\/tienda\/productos\/\"},{\"@type\":\"ListItem\",\"position\":3,\"name\":\"Accesorios\",\"item\":\"https:\/\/compuviper.mx\/tienda\/categoria-producto\/accesorios\/\"},{\"@type\":\"ListItem\",\"position\":4,\"name\":\"Conectividad\",\"item\":\"https:\/\/compuviper.mx\/tienda\/categoria-producto\/accesorios\/conectividad\/\"},{\"@type\":\"ListItem\",\"position\":5,\"name\":\"Manhattan 207591 Video Splitter,, Hdmi 4k60hz, 1 In2 Out\"}]},{\"@type\":\"WebSite\",\"@id\":\"https:\/\/compuviper.mx\/tienda\/#website\",\"url\":\"https:\/\/compuviper.mx\/tienda\/\",\"name\":\"Compuviper\",\"description\":\"Proveedor de Computadoras, Laptops, Servidores, Monitores, Puntos de Venta, Teclados,   Impresoras, T\u00f3ner, C\u00e1maras de Seguridad y m\u00e1s en tu tienda en l\u00ednea\",\"publisher\":{\"@id\":\"https:\/\/compuviper.mx\/tienda\/#organization\"},\"potentialAction\":[{\"@type\":\"SearchAction\",\"target\":{\"@type\":\"EntryPoint\",\"urlTemplate\":\"https:\/\/compuviper.mx\/tienda\/?s={search_term_string}\"},\"query-input\":\"required name=search_term_string\"}],\"inLanguage\":\"es-MX\"},{\"@type\":\"Organization\",\"@id\":\"https:\/\/compuviper.mx\/tienda\/#organization\",\"name\":\"Compuviper\",\"url\":\"https:\/\/compuviper.mx\/tienda\/\",\"logo\":{\"@type\":\"ImageObject\",\"inLanguage\":\"es-MX\",\"@id\":\"https:\/\/compuviper.mx\/tienda\/#\/schema\/logo\/image\/\",\"url\":\"https:\/\/compuviper.mx\/tienda\/wp-content\/uploads\/2021\/08\/Logo-Compuviper-10.png\",\"contentUrl\":\"https:\/\/compuviper.mx\/tienda\/wp-content\/uploads\/2021\/08\/Logo-Compuviper-10.png\",\"width\":1000,\"height\":500,\"caption\":\"Compuviper\"},\"image\":{\"@id\":\"https:\/\/compuviper.mx\/tienda\/#\/schema\/logo\/image\/\"},\"sameAs\":[\"https:\/\/www.facebook.com\/compuviper\",\"https:\/\/www.youtube.com\/channel\/UCf73dERp9Y3cfOq7q8BhLjA?view_as=subscriber\"]}]}<\/script>\n<meta property=\"product:brand\" content=\"MANHATTAN\" \/>\n<meta property=\"product:price:amount\" content=\"1206\" \/>\n<meta property=\"product:price:currency\" content=\"MXN\" \/>\n<meta property=\"og:availability\" content=\"out of stock\" \/>\n<meta property=\"product:availability\" content=\"out of stock\" \/>\n<meta property=\"product:retailer_item_id\" content=\"207591\" \/>\n<meta property=\"product:condition\" content=\"new\" \/>\n<!-- \/ Yoast SEO plugin. -->","yoast_head_json":{"title":"[ Manhattan ] &#129351; 207591 Video Splitter,, Hdmi 4k60hz, 1 In2 Out","description":"Compra 207591 Video Splitter,, Hdmi 4k60hz, 1 In2 Out + Env\u00edo a domicilio + Pago seguro + Garant\u00eda","robots":{"index":"index","follow":"follow","max-snippet":"max-snippet:-1","max-image-preview":"max-image-preview:large","max-video-preview":"max-video-preview:-1"},"canonical":"https:\/\/compuviper.mx\/tienda\/producto\/manhattan-207591-video-splitter-hdmi-4k60hz-1-in2-out\/","og_locale":"es_MX","og_type":"article","og_title":"[ Manhattan ] &#129351; 207591 Video Splitter,, Hdmi 4k60hz, 1 In2 Out","og_description":"Compra 207591 Video Splitter,, Hdmi 4k60hz, 1 In2 Out + Env\u00edo a domicilio + Pago seguro + Garant\u00eda","og_url":"https:\/\/compuviper.mx\/tienda\/producto\/manhattan-207591-video-splitter-hdmi-4k60hz-1-in2-out\/","og_site_name":"Compuviper","article_publisher":"https:\/\/www.facebook.com\/compuviper","og_image":[{"width":200,"height":200,"url":"https:\/\/compuviper.mx\/tienda\/wp-content\/uploads\/2023\/12\/Video-splittermanhattan207591-hdmi-4k60hz-1-in2-out.jpg","type":"image\/jpeg"}],"twitter_card":"summary_large_image","twitter_misc":{"Precio":"&#36;1,206 con IVA","Availability":"Out of stock"},"schema":{"@context":"https:\/\/schema.org","@graph":[{"@type":"WebPage","@id":"https:\/\/compuviper.mx\/tienda\/producto\/manhattan-207591-video-splitter-hdmi-4k60hz-1-in2-out\/","url":"https:\/\/compuviper.mx\/tienda\/producto\/manhattan-207591-video-splitter-hdmi-4k60hz-1-in2-out\/","name":"[ Manhattan ] &#129351; 207591 Video Splitter,, Hdmi 4k60hz, 1 In2 Out","isPartOf":{"@id":"https:\/\/compuviper.mx\/tienda\/#website"},"datePublished":"2026-04-28T05:30:05+00:00","dateModified":"2026-04-28T05:30:05+00:00","description":"Compra 207591 Video Splitter,, Hdmi 4k60hz, 1 In2 Out + Env\u00edo a domicilio + Pago seguro + Garant\u00eda","breadcrumb":{"@id":"https:\/\/compuviper.mx\/tienda\/producto\/manhattan-207591-video-splitter-hdmi-4k60hz-1-in2-out\/#breadcrumb"},"inLanguage":"es-MX","potentialAction":[{"@type":"ReadAction","target":["https:\/\/compuviper.mx\/tienda\/producto\/manhattan-207591-video-splitter-hdmi-4k60hz-1-in2-out\/"]}]},{"@type":"BreadcrumbList","@id":"https:\/\/compuviper.mx\/tienda\/producto\/manhattan-207591-video-splitter-hdmi-4k60hz-1-in2-out\/#breadcrumb","itemListElement":[{"@type":"ListItem","position":1,"name":"Inicio","item":"https:\/\/compuviper.mx\/tienda\/"},{"@type":"ListItem","position":2,"name":"Productos","item":"https:\/\/compuviper.mx\/tienda\/productos\/"},{"@type":"ListItem","position":3,"name":"Accesorios","item":"https:\/\/compuviper.mx\/tienda\/categoria-producto\/accesorios\/"},{"@type":"ListItem","position":4,"name":"Conectividad","item":"https:\/\/compuviper.mx\/tienda\/categoria-producto\/accesorios\/conectividad\/"},{"@type":"ListItem","position":5,"name":"Manhattan 207591 Video Splitter,, Hdmi 4k60hz, 1 In2 Out"}]},{"@type":"WebSite","@id":"https:\/\/compuviper.mx\/tienda\/#website","url":"https:\/\/compuviper.mx\/tienda\/","name":"Compuviper","description":"Proveedor de Computadoras, Laptops, Servidores, Monitores, Puntos de Venta, Teclados,   Impresoras, T\u00f3ner, C\u00e1maras de Seguridad y m\u00e1s en tu tienda en l\u00ednea","publisher":{"@id":"https:\/\/compuviper.mx\/tienda\/#organization"},"potentialAction":[{"@type":"SearchAction","target":{"@type":"EntryPoint","urlTemplate":"https:\/\/compuviper.mx\/tienda\/?s={search_term_string}"},"query-input":"required name=search_term_string"}],"inLanguage":"es-MX"},{"@type":"Organization","@id":"https:\/\/compuviper.mx\/tienda\/#organization","name":"Compuviper","url":"https:\/\/compuviper.mx\/tienda\/","logo":{"@type":"ImageObject","inLanguage":"es-MX","@id":"https:\/\/compuviper.mx\/tienda\/#\/schema\/logo\/image\/","url":"https:\/\/compuviper.mx\/tienda\/wp-content\/uploads\/2021\/08\/Logo-Compuviper-10.png","contentUrl":"https:\/\/compuviper.mx\/tienda\/wp-content\/uploads\/2021\/08\/Logo-Compuviper-10.png","width":1000,"height":500,"caption":"Compuviper"},"image":{"@id":"https:\/\/compuviper.mx\/tienda\/#\/schema\/logo\/image\/"},"sameAs":["https:\/\/www.facebook.com\/compuviper","https:\/\/www.youtube.com\/channel\/UCf73dERp9Y3cfOq7q8BhLjA?view_as=subscriber"]}]},"product_brand":"MANHATTAN","product_price_amount":"1206","product_price_currency":"MXN","og_availability":"out of stock","product_availability":"out of stock","product_retailer_item_id":"207591","product_condition":"new"},"_links":{"self":[{"href":"https:\/\/compuviper.mx\/tienda\/wp-json\/wp\/v2\/product\/211731"}],"collection":[{"href":"https:\/\/compuviper.mx\/tienda\/wp-json\/wp\/v2\/product"}],"about":[{"href":"https:\/\/compuviper.mx\/tienda\/wp-json\/wp\/v2\/types\/product"}],"replies":[{"embeddable":true,"href":"https:\/\/compuviper.mx\/tienda\/wp-json\/wp\/v2\/comments?post=211731"}],"wp:featuredmedia":[{"embeddable":true,"href":"https:\/\/compuviper.mx\/tienda\/wp-json\/wp\/v2\/media\/211732"}],"wp:attachment":[{"href":"https:\/\/compuviper.mx\/tienda\/wp-json\/wp\/v2\/media?parent=211731"}],"wp:term":[{"taxonomy":"product_cat","embeddable":true,"href":"https:\/\/compuviper.mx\/tienda\/wp-json\/wp\/v2\/product_cat?post=211731"},{"taxonomy":"product_tag","embeddable":true,"href":"https:\/\/compuviper.mx\/tienda\/wp-json\/wp\/v2\/product_tag?post=211731"}],"curies":[{"name":"wp","href":"https:\/\/api.w.org\/{rel}","templated":true}]}}