{"id":211729,"date":"2026-04-27T23:30:05","date_gmt":"2026-04-28T05:30:05","guid":{"rendered":"https:\/\/compuviper.mx\/tienda\/producto\/manhattan-207560-video-splitter-hdmi-4k30hz-1-in8-out\/"},"modified":"2026-04-27T23:30:05","modified_gmt":"2026-04-28T05:30:05","slug":"manhattan-207560-video-splitter-hdmi-4k30hz-1-in8-out","status":"publish","type":"product","link":"https:\/\/compuviper.mx\/tienda\/producto\/manhattan-207560-video-splitter-hdmi-4k30hz-1-in8-out\/","title":{"rendered":"Manhattan 207560 Video Splitter,,, Hdmi 4k@30hz, 1 In:8 Out"},"content":{"rendered":"<table class=\"descripcion\">\n<tr>\n<td>Est\u00e1ndares y certificaciones<\/td>\n<\/tr>\n<tr>\n<td>Hdcp 1.4<\/td>\n<\/tr>\n<tr>\n<td>Dvi 1.0<\/td>\n<\/tr>\n<tr>\n<td>Cts 1.4a<\/td>\n<\/tr>\n<tr>\n<td>Ce<\/td>\n<\/tr>\n<tr>\n<td>Fcc<\/td>\n<\/tr>\n<tr>\n<td>Rohs2<\/td>\n<\/tr>\n<tr>\n<td>Conexiones<\/td>\n<\/tr>\n<tr>\n<td>Una entrada hdmi hembra<\/td>\n<\/tr>\n<tr>\n<td>Ocho salidas hdmi hembra<\/td>\n<\/tr>\n<tr>\n<td>Una entrada de alimentaci\u00f3n de 5 vac<\/td>\n<\/tr>\n<tr>\n<td>Una entrada hembra mini usb, solo para uso del fabricante<\/td>\n<\/tr>\n<tr>\n<td>Entrada y salida de se\u00f1al<\/td>\n<\/tr>\n<tr>\n<td>Entrada de se\u00f1al de video: 0.5 \u0096 1.0 v p-p<\/td>\n<\/tr>\n<tr>\n<td>Entrada de se\u00f1al ddc: 5 v p-p (ttl)<\/td>\n<\/tr>\n<tr>\n<td>Rango m\u00e1ximo de enlace sencillo: 10.2 gbps y resoluci\u00f3n de 4096&#215;2160 \/ 30 hz<\/td>\n<\/tr>\n<tr>\n<td>Salida de video:hdmi 1.4, hdcp 1.4<\/td>\n<\/tr>\n<tr>\n<td>Frecuencia: 2.97 gbps<\/td>\n<\/tr>\n<tr>\n<td>Resoluciones de video que soporta:<\/td>\n<\/tr>\n<tr>\n<td>Dtv\/hdtv: 480i\/480p\/576i\/576p\/720p\/1080i\/1080p\/4k@30hz<\/td>\n<\/tr>\n<tr>\n<td>Dise\u00f1o<\/td>\n<\/tr>\n<tr>\n<td>Indicadores led: alimentaci\u00f3n y conexi\u00f3n de puertos<\/td>\n<\/tr>\n<tr>\n<td>Dimensiones: 54 x 142 x 21 mm (2.1 x 5.6 x 0.8 in.)<\/td>\n<\/tr>\n<tr>\n<td>Peso: 0.3 kg (10.6 oz.)<\/td>\n<\/tr>\n<tr>\n<td>Chasis: met\u00e1lico<\/td>\n<\/tr>\n<tr>\n<td>Ambiente de operaci\u00f3n<\/td>\n<\/tr>\n<tr>\n<td>Temperatura de operaci\u00f3n: 0 ~ 40\u00b0c (32 ~ 104\u00b0f)<\/td>\n<\/tr>\n<tr>\n<td>Temperatura de almacenamiento: -20 ~ 60\u00b0c (-4 ~ 140\u00b0f)<\/td>\n<\/tr>\n<tr>\n<td>Humidedad (sin condensar): 0 ~ 96%<\/td>\n<\/tr>\n<tr>\n<td>Contenido del paquete<\/td>\n<\/tr>\n<tr>\n<td>Splitter hdmi 4k de 8 puertos<\/td>\n<\/tr>\n<tr>\n<td>Adaptador de corriente<\/td>\n<\/tr>\n<tr>\n<td>Gu\u00eda de instrucciones r\u00e1pidas<\/td>\n<\/tr>\n<\/table>\n","protected":false},"excerpt":{"rendered":"<p>Duplica una se\u00f1al digital de audio y video de ultra alta definici\u00f3n (uhd) para hasta ocho pantallas hdmi uhd. Resoluci\u00f3n 4k@30hz, video full 3d y color intenso. Soporta un ancho de banda de amplificador de video de hasta 340 mhz, 3.4 gbps por canal (10.2gbps total) para pantallas 4kx2k. Soporta color intenso (deep color) de 48 bits (12 bits por canal) y xvycc (color x.V. Soporta sonido comprimido dts-hd master, sonido envolvente 7.1, dolby truehd y sonido lpcm de 8 canales sin compresi\u00f3n. Switch edid ajustable que minimiza el hdcp y otros problemas de pantalla; permite configuraci\u00f3n de pantallas o fuente para lograr la mejor imagen. Compatible con hdcp. Se pueden conectar en cascada m\u00faltiples splitter (hasta 5) para soportar hasta 36 pantallas. Trabaja con consolas de videojuegos playstation y xbox, reproductores blu-ray, decodificadores, receptores satelitales y m\u00e1s. Plug and play. Contactos en chapa de oro para conexiones libres de corrosi\u00f3n. Tres a\u00f1os de garant\u00eda<\/p>\n","protected":false},"featured_media":211730,"comment_status":"open","ping_status":"open","template":"","meta":[],"product_cat":[1485,1506],"product_tag":[1487],"acf":[],"yoast_head":"<!-- This site is optimized with the Yoast SEO plugin v21.7 - https:\/\/yoast.com\/wordpress\/plugins\/seo\/ -->\n<title>[ Manhattan ] &#129351; 207560 Video Splitter,,, Hdmi 4k@30hz, 1 In:8 Out<\/title>\n<meta name=\"description\" content=\"Compra 207560 Video Splitter,,, Hdmi 4k@30hz, 1 In:8 Out + Env\u00edo a domicilio + Pago seguro + Garant\u00eda\" \/>\n<meta name=\"robots\" content=\"index, follow, max-snippet:-1, max-image-preview:large, max-video-preview:-1\" \/>\n<link rel=\"canonical\" href=\"https:\/\/compuviper.mx\/tienda\/producto\/manhattan-207560-video-splitter-hdmi-4k30hz-1-in8-out\/\" \/>\n<meta property=\"og:locale\" content=\"es_MX\" \/>\n<meta property=\"og:type\" content=\"article\" \/>\n<meta property=\"og:title\" content=\"[ Manhattan ] &#129351; 207560 Video Splitter,,, Hdmi 4k@30hz, 1 In:8 Out\" \/>\n<meta property=\"og:description\" content=\"Compra 207560 Video Splitter,,, Hdmi 4k@30hz, 1 In:8 Out + Env\u00edo a domicilio + Pago seguro + Garant\u00eda\" \/>\n<meta property=\"og:url\" content=\"https:\/\/compuviper.mx\/tienda\/producto\/manhattan-207560-video-splitter-hdmi-4k30hz-1-in8-out\/\" \/>\n<meta property=\"og:site_name\" content=\"Compuviper\" \/>\n<meta property=\"article:publisher\" content=\"https:\/\/www.facebook.com\/compuviper\" \/>\n<meta property=\"og:image\" content=\"https:\/\/compuviper.mx\/tienda\/wp-content\/uploads\/2023\/12\/Video-splittermanhattan207560-hdmi-4k@30hz-1-in8-out.jpg\" \/>\n\t<meta property=\"og:image:width\" content=\"200\" \/>\n\t<meta property=\"og:image:height\" content=\"200\" \/>\n\t<meta property=\"og:image:type\" content=\"image\/jpeg\" \/>\n<meta name=\"twitter:card\" content=\"summary_large_image\" \/>\n<meta name=\"twitter:label1\" content=\"Precio\" \/>\n\t<meta name=\"twitter:data1\" content=\"&#36;1,493 con IVA\" \/>\n\t<meta name=\"twitter:label2\" content=\"Availability\" \/>\n\t<meta name=\"twitter:data2\" content=\"In stock\" \/>\n<script type=\"application\/ld+json\" class=\"yoast-schema-graph\">{\"@context\":\"https:\/\/schema.org\",\"@graph\":[{\"@type\":\"WebPage\",\"@id\":\"https:\/\/compuviper.mx\/tienda\/producto\/manhattan-207560-video-splitter-hdmi-4k30hz-1-in8-out\/\",\"url\":\"https:\/\/compuviper.mx\/tienda\/producto\/manhattan-207560-video-splitter-hdmi-4k30hz-1-in8-out\/\",\"name\":\"[ Manhattan ] &#129351; 207560 Video Splitter,,, Hdmi 4k@30hz, 1 In:8 Out\",\"isPartOf\":{\"@id\":\"https:\/\/compuviper.mx\/tienda\/#website\"},\"datePublished\":\"2026-04-28T05:30:05+00:00\",\"dateModified\":\"2026-04-28T05:30:05+00:00\",\"description\":\"Compra 207560 Video Splitter,,, Hdmi 4k@30hz, 1 In:8 Out + Env\u00edo a domicilio + Pago seguro + Garant\u00eda\",\"breadcrumb\":{\"@id\":\"https:\/\/compuviper.mx\/tienda\/producto\/manhattan-207560-video-splitter-hdmi-4k30hz-1-in8-out\/#breadcrumb\"},\"inLanguage\":\"es-MX\",\"potentialAction\":[{\"@type\":\"ReadAction\",\"target\":[\"https:\/\/compuviper.mx\/tienda\/producto\/manhattan-207560-video-splitter-hdmi-4k30hz-1-in8-out\/\"]}]},{\"@type\":\"BreadcrumbList\",\"@id\":\"https:\/\/compuviper.mx\/tienda\/producto\/manhattan-207560-video-splitter-hdmi-4k30hz-1-in8-out\/#breadcrumb\",\"itemListElement\":[{\"@type\":\"ListItem\",\"position\":1,\"name\":\"Inicio\",\"item\":\"https:\/\/compuviper.mx\/tienda\/\"},{\"@type\":\"ListItem\",\"position\":2,\"name\":\"Productos\",\"item\":\"https:\/\/compuviper.mx\/tienda\/productos\/\"},{\"@type\":\"ListItem\",\"position\":3,\"name\":\"Accesorios\",\"item\":\"https:\/\/compuviper.mx\/tienda\/categoria-producto\/accesorios\/\"},{\"@type\":\"ListItem\",\"position\":4,\"name\":\"Conectividad\",\"item\":\"https:\/\/compuviper.mx\/tienda\/categoria-producto\/accesorios\/conectividad\/\"},{\"@type\":\"ListItem\",\"position\":5,\"name\":\"Manhattan 207560 Video Splitter,,, Hdmi 4k@30hz, 1 In:8 Out\"}]},{\"@type\":\"WebSite\",\"@id\":\"https:\/\/compuviper.mx\/tienda\/#website\",\"url\":\"https:\/\/compuviper.mx\/tienda\/\",\"name\":\"Compuviper\",\"description\":\"Proveedor de Computadoras, Laptops, Servidores, Monitores, Puntos de Venta, Teclados,   Impresoras, T\u00f3ner, C\u00e1maras de Seguridad y m\u00e1s en tu tienda en l\u00ednea\",\"publisher\":{\"@id\":\"https:\/\/compuviper.mx\/tienda\/#organization\"},\"potentialAction\":[{\"@type\":\"SearchAction\",\"target\":{\"@type\":\"EntryPoint\",\"urlTemplate\":\"https:\/\/compuviper.mx\/tienda\/?s={search_term_string}\"},\"query-input\":\"required name=search_term_string\"}],\"inLanguage\":\"es-MX\"},{\"@type\":\"Organization\",\"@id\":\"https:\/\/compuviper.mx\/tienda\/#organization\",\"name\":\"Compuviper\",\"url\":\"https:\/\/compuviper.mx\/tienda\/\",\"logo\":{\"@type\":\"ImageObject\",\"inLanguage\":\"es-MX\",\"@id\":\"https:\/\/compuviper.mx\/tienda\/#\/schema\/logo\/image\/\",\"url\":\"https:\/\/compuviper.mx\/tienda\/wp-content\/uploads\/2021\/08\/Logo-Compuviper-10.png\",\"contentUrl\":\"https:\/\/compuviper.mx\/tienda\/wp-content\/uploads\/2021\/08\/Logo-Compuviper-10.png\",\"width\":1000,\"height\":500,\"caption\":\"Compuviper\"},\"image\":{\"@id\":\"https:\/\/compuviper.mx\/tienda\/#\/schema\/logo\/image\/\"},\"sameAs\":[\"https:\/\/www.facebook.com\/compuviper\",\"https:\/\/www.youtube.com\/channel\/UCf73dERp9Y3cfOq7q8BhLjA?view_as=subscriber\"]}]}<\/script>\n<meta property=\"product:brand\" content=\"MANHATTAN\" \/>\n<meta property=\"product:price:amount\" content=\"1493\" \/>\n<meta property=\"product:price:currency\" content=\"MXN\" \/>\n<meta property=\"og:availability\" content=\"instock\" \/>\n<meta property=\"product:availability\" content=\"instock\" \/>\n<meta property=\"product:retailer_item_id\" content=\"207560\" \/>\n<meta property=\"product:condition\" content=\"new\" \/>\n<!-- \/ Yoast SEO plugin. -->","yoast_head_json":{"title":"[ Manhattan ] &#129351; 207560 Video Splitter,,, Hdmi 4k@30hz, 1 In:8 Out","description":"Compra 207560 Video Splitter,,, Hdmi 4k@30hz, 1 In:8 Out + Env\u00edo a domicilio + Pago seguro + Garant\u00eda","robots":{"index":"index","follow":"follow","max-snippet":"max-snippet:-1","max-image-preview":"max-image-preview:large","max-video-preview":"max-video-preview:-1"},"canonical":"https:\/\/compuviper.mx\/tienda\/producto\/manhattan-207560-video-splitter-hdmi-4k30hz-1-in8-out\/","og_locale":"es_MX","og_type":"article","og_title":"[ Manhattan ] &#129351; 207560 Video Splitter,,, Hdmi 4k@30hz, 1 In:8 Out","og_description":"Compra 207560 Video Splitter,,, Hdmi 4k@30hz, 1 In:8 Out + Env\u00edo a domicilio + Pago seguro + Garant\u00eda","og_url":"https:\/\/compuviper.mx\/tienda\/producto\/manhattan-207560-video-splitter-hdmi-4k30hz-1-in8-out\/","og_site_name":"Compuviper","article_publisher":"https:\/\/www.facebook.com\/compuviper","og_image":[{"width":200,"height":200,"url":"https:\/\/compuviper.mx\/tienda\/wp-content\/uploads\/2023\/12\/Video-splittermanhattan207560-hdmi-4k@30hz-1-in8-out.jpg","type":"image\/jpeg"}],"twitter_card":"summary_large_image","twitter_misc":{"Precio":"&#36;1,493 con IVA","Availability":"In stock"},"schema":{"@context":"https:\/\/schema.org","@graph":[{"@type":"WebPage","@id":"https:\/\/compuviper.mx\/tienda\/producto\/manhattan-207560-video-splitter-hdmi-4k30hz-1-in8-out\/","url":"https:\/\/compuviper.mx\/tienda\/producto\/manhattan-207560-video-splitter-hdmi-4k30hz-1-in8-out\/","name":"[ Manhattan ] &#129351; 207560 Video Splitter,,, Hdmi 4k@30hz, 1 In:8 Out","isPartOf":{"@id":"https:\/\/compuviper.mx\/tienda\/#website"},"datePublished":"2026-04-28T05:30:05+00:00","dateModified":"2026-04-28T05:30:05+00:00","description":"Compra 207560 Video Splitter,,, Hdmi 4k@30hz, 1 In:8 Out + Env\u00edo a domicilio + Pago seguro + Garant\u00eda","breadcrumb":{"@id":"https:\/\/compuviper.mx\/tienda\/producto\/manhattan-207560-video-splitter-hdmi-4k30hz-1-in8-out\/#breadcrumb"},"inLanguage":"es-MX","potentialAction":[{"@type":"ReadAction","target":["https:\/\/compuviper.mx\/tienda\/producto\/manhattan-207560-video-splitter-hdmi-4k30hz-1-in8-out\/"]}]},{"@type":"BreadcrumbList","@id":"https:\/\/compuviper.mx\/tienda\/producto\/manhattan-207560-video-splitter-hdmi-4k30hz-1-in8-out\/#breadcrumb","itemListElement":[{"@type":"ListItem","position":1,"name":"Inicio","item":"https:\/\/compuviper.mx\/tienda\/"},{"@type":"ListItem","position":2,"name":"Productos","item":"https:\/\/compuviper.mx\/tienda\/productos\/"},{"@type":"ListItem","position":3,"name":"Accesorios","item":"https:\/\/compuviper.mx\/tienda\/categoria-producto\/accesorios\/"},{"@type":"ListItem","position":4,"name":"Conectividad","item":"https:\/\/compuviper.mx\/tienda\/categoria-producto\/accesorios\/conectividad\/"},{"@type":"ListItem","position":5,"name":"Manhattan 207560 Video Splitter,,, Hdmi 4k@30hz, 1 In:8 Out"}]},{"@type":"WebSite","@id":"https:\/\/compuviper.mx\/tienda\/#website","url":"https:\/\/compuviper.mx\/tienda\/","name":"Compuviper","description":"Proveedor de Computadoras, Laptops, Servidores, Monitores, Puntos de Venta, Teclados,   Impresoras, T\u00f3ner, C\u00e1maras de Seguridad y m\u00e1s en tu tienda en l\u00ednea","publisher":{"@id":"https:\/\/compuviper.mx\/tienda\/#organization"},"potentialAction":[{"@type":"SearchAction","target":{"@type":"EntryPoint","urlTemplate":"https:\/\/compuviper.mx\/tienda\/?s={search_term_string}"},"query-input":"required name=search_term_string"}],"inLanguage":"es-MX"},{"@type":"Organization","@id":"https:\/\/compuviper.mx\/tienda\/#organization","name":"Compuviper","url":"https:\/\/compuviper.mx\/tienda\/","logo":{"@type":"ImageObject","inLanguage":"es-MX","@id":"https:\/\/compuviper.mx\/tienda\/#\/schema\/logo\/image\/","url":"https:\/\/compuviper.mx\/tienda\/wp-content\/uploads\/2021\/08\/Logo-Compuviper-10.png","contentUrl":"https:\/\/compuviper.mx\/tienda\/wp-content\/uploads\/2021\/08\/Logo-Compuviper-10.png","width":1000,"height":500,"caption":"Compuviper"},"image":{"@id":"https:\/\/compuviper.mx\/tienda\/#\/schema\/logo\/image\/"},"sameAs":["https:\/\/www.facebook.com\/compuviper","https:\/\/www.youtube.com\/channel\/UCf73dERp9Y3cfOq7q8BhLjA?view_as=subscriber"]}]},"product_brand":"MANHATTAN","product_price_amount":"1493","product_price_currency":"MXN","og_availability":"instock","product_availability":"instock","product_retailer_item_id":"207560","product_condition":"new"},"_links":{"self":[{"href":"https:\/\/compuviper.mx\/tienda\/wp-json\/wp\/v2\/product\/211729"}],"collection":[{"href":"https:\/\/compuviper.mx\/tienda\/wp-json\/wp\/v2\/product"}],"about":[{"href":"https:\/\/compuviper.mx\/tienda\/wp-json\/wp\/v2\/types\/product"}],"replies":[{"embeddable":true,"href":"https:\/\/compuviper.mx\/tienda\/wp-json\/wp\/v2\/comments?post=211729"}],"wp:featuredmedia":[{"embeddable":true,"href":"https:\/\/compuviper.mx\/tienda\/wp-json\/wp\/v2\/media\/211730"}],"wp:attachment":[{"href":"https:\/\/compuviper.mx\/tienda\/wp-json\/wp\/v2\/media?parent=211729"}],"wp:term":[{"taxonomy":"product_cat","embeddable":true,"href":"https:\/\/compuviper.mx\/tienda\/wp-json\/wp\/v2\/product_cat?post=211729"},{"taxonomy":"product_tag","embeddable":true,"href":"https:\/\/compuviper.mx\/tienda\/wp-json\/wp\/v2\/product_tag?post=211729"}],"curies":[{"name":"wp","href":"https:\/\/api.w.org\/{rel}","templated":true}]}}