{"id":211713,"date":"2026-04-27T23:28:00","date_gmt":"2026-04-28T05:28:00","guid":{"rendered":"https:\/\/compuviper.mx\/tienda\/producto\/manhattan-152631-docking4-1usb-c-a-hdmi-vga-2-usb-3-1-lector-tarjetas-sd-m-h\/"},"modified":"2026-04-27T23:28:01","modified_gmt":"2026-04-28T05:28:01","slug":"manhattan-152631-docking4-1usb-c-a-hdmi-vga-2-usb-3-1-lector-tarjetas-sd-m-h","status":"publish","type":"product","link":"https:\/\/compuviper.mx\/tienda\/producto\/manhattan-152631-docking4-1usb-c-a-hdmi-vga-2-usb-3-1-lector-tarjetas-sd-m-h\/","title":{"rendered":"Manhattan 152631 Docking,,,4-1,usb-c A Hdmi Vga 2 Usb 3.1 Lector Tarjetas Sd M-h"},"content":{"rendered":"<table class=\"descripcion\">\n<tr>\n<td>Est\u00e1ndares y certificaciones:<\/td>\n<\/tr>\n<tr>\n<td>Usb 3.1<\/td>\n<\/tr>\n<tr>\n<td>Hdmi<\/td>\n<\/tr>\n<tr>\n<td>Hdcp 1.4<\/td>\n<\/tr>\n<tr>\n<td>Ce<\/td>\n<\/tr>\n<tr>\n<td>Fcc<\/td>\n<\/tr>\n<tr>\n<td>Rohs2<\/td>\n<\/tr>\n<tr>\n<td>Weee<\/td>\n<\/tr>\n<tr>\n<td>General<\/td>\n<\/tr>\n<tr>\n<td>Resoluci\u00f3n de video: 640 x 480, 800 x 600, 1024 x 768, 1920 x 1200, 3840 x 2160p a 30 hz, 4k<\/td>\n<\/tr>\n<tr>\n<td>\u0095puerto usb a: 5 gbps<\/td>\n<\/tr>\n<tr>\n<td>Soportar tarjetas flash:sd \/ sdhc \/ sdxc \/ extreme sd \/ extreme ii sd \/ extreme iii sd \/ ultra sd \/ ultra ii sd \/ ultra ii sd p plus \/ sd-ultra-x \/ ultra speed sd \/ sd pro \/ sd elite pro \/ hs sd \/ mmc \/ mmc 4.0 \/ hs mmc \/ hs rs mmc \/ rs mmc \/ rs mmc 4.0 \/ mmc mobile<\/td>\n<\/tr>\n<tr>\n<td>Tasa de transferencia: hasta 480 mbps<\/td>\n<\/tr>\n<tr>\n<td>Calibre del cable 24 awg<\/td>\n<\/tr>\n<tr>\n<td>Alimentado por bus<\/td>\n<\/tr>\n<tr>\n<td>Blindaje de mylar y aluminio<\/td>\n<\/tr>\n<tr>\n<td>Resistencia de voltaje: 300 vdc<\/td>\n<\/tr>\n<tr>\n<td>Resistencia de los aislantes: 10 mohms<\/td>\n<\/tr>\n<tr>\n<td>Cubierta de pl\u00e1stico termoformado<\/td>\n<\/tr>\n<tr>\n<td>Conexiones<\/td>\n<\/tr>\n<tr>\n<td>1 entrada usb tipo-c con 24-pines, macho<\/td>\n<\/tr>\n<tr>\n<td>1 entrada hdmi de 19-pines, hembra<\/td>\n<\/tr>\n<tr>\n<td>1 entrada vga de 15-pines, hembra<\/td>\n<\/tr>\n<tr>\n<td>2 entradas usb tipo a de 4-pines, hembra<\/td>\n<\/tr>\n<tr>\n<td>1 entrada para memorias sd<\/td>\n<\/tr>\n<tr>\n<td>Dise\u00f1o<\/td>\n<\/tr>\n<tr>\n<td>Longitud: 8 cm (3 in.)<\/td>\n<\/tr>\n<tr>\n<td>Peso: 73 g<\/td>\n<\/tr>\n<tr>\n<td>Chas\u00eds: aluminio<\/td>\n<\/tr>\n<tr>\n<td>Ambiente de operaci\u00f3n<\/td>\n<\/tr>\n<tr>\n<td>Temperatura de operaci\u00f3n: 32 &#8211; 122\u00b0f (0 &#8211; 50\u00b0c)<\/td>\n<\/tr>\n<tr>\n<td>Temperatura de almacenamiento: -22 &#8211; 176\u00b0f (-30 &#8211; 80\u00b0c)<\/td>\n<\/tr>\n<tr>\n<td>Humedad (sin condensar): 5 \u0096 90%<\/td>\n<\/tr>\n<tr>\n<td>Requerimientos del sistema<\/td>\n<\/tr>\n<tr>\n<td>Windows 8.1\/10 o linux o mac 10.10.5 o superior<\/td>\n<\/tr>\n<tr>\n<td>Contenido<\/td>\n<\/tr>\n<tr>\n<td>Convertidor docking usb-c superspeed 4-en-1 a hdmi\/vgac<\/td>\n<\/tr>\n<tr>\n<td>Gu\u00eda r\u00e1pida de instrucciones<\/td>\n<\/tr>\n<\/table>\n","protected":false},"excerpt":{"rendered":"<p>Convertidor docking multifuncional que conecta un puerto usb tipo-c a una pantalla hdmi o vga, hub de dos puertos usb 3.0 y lector de tarjetas sd. Ofrece video y sonido de ultra alta defincion (uhd) 4k@30hz con una conexi\u00f3n hdmi, o video hd 1080p con una conexi\u00f3n vga. Los modos de pantalla duplicada o extendida soportan resoluciones de video de hasta 1080p@60hz o 3840&#215;2160 a 30 hz (4k) uhd. Brinda un hub de dos puertos usb 3.0 tpara conectar ratones, teclados o dispositivos de memoria port\u00e1til (y m\u00e1s) o para cargar y sincronizar un dispositivo electr\u00f3nico port\u00e1til. El puerto usb-a soporta transmisiones de datos superspeed (5gbps), cargando hasta a 7.5w (5 v \/ 1.5 a); cumple con bc1.2. F\u00e1cil acceso a multimedia y administraci\u00f3n de contenido con la ranura sd para lectura\/grabar\/copiar; soporta detecci\u00f3n autom\u00e1tica de tarjeta y velocidad de transferencia de datos de hasta 480 mbps tranfiere datos automaticamente a una velodicidad de hasta 480 mbps. Usb-c soporta transmisi\u00f3n de datos a 5gbps. Su chasis angulado, de aluminio, hace de este durable convertidor la perfecta compa\u00f1ia para el escritorio o para viajar. Compatible con todos los tipos de usb tipo c, computadors de escritorio, laptops y tablet incluyendo apple macbook, chromebook pixel y m\u00e1s, con soporte de dp modo alt y power deliver 2.0. Compatible con displayport 2.1 de modo alterno (dp altmode. Plug and play. Completamente blindado para reducir emi y otras fuentes de interferencia. Terminales modeadas en pvc y a prueba de tensiones. Tres a\u00f1os de garant\u00eda<\/p>\n","protected":false},"featured_media":211714,"comment_status":"open","ping_status":"open","template":"","meta":[],"product_cat":[1485,1492],"product_tag":[1487],"acf":[],"yoast_head":"<!-- This site is optimized with the Yoast SEO plugin v21.7 - https:\/\/yoast.com\/wordpress\/plugins\/seo\/ -->\n<title>[ Manhattan ] &#129351; 152631 Docking,,,4-1,usb-c A Hdmi Vga 2 Usb 3.1 Lector Tarjetas Sd M-h<\/title>\n<meta name=\"description\" content=\"Compra 152631 Docking,,,4-1,usb-c A Hdmi Vga 2 Usb 3.1 Lector Tarjetas Sd M-h + Env\u00edo a domicilio + Pago seguro + Garant\u00eda\" \/>\n<meta name=\"robots\" content=\"index, follow, max-snippet:-1, max-image-preview:large, max-video-preview:-1\" \/>\n<link rel=\"canonical\" href=\"https:\/\/compuviper.mx\/tienda\/producto\/manhattan-152631-docking4-1usb-c-a-hdmi-vga-2-usb-3-1-lector-tarjetas-sd-m-h\/\" \/>\n<meta property=\"og:locale\" content=\"es_MX\" \/>\n<meta property=\"og:type\" content=\"article\" \/>\n<meta property=\"og:title\" content=\"[ Manhattan ] &#129351; 152631 Docking,,,4-1,usb-c A Hdmi Vga 2 Usb 3.1 Lector Tarjetas Sd M-h\" \/>\n<meta property=\"og:description\" content=\"Compra 152631 Docking,,,4-1,usb-c A Hdmi Vga 2 Usb 3.1 Lector Tarjetas Sd M-h + Env\u00edo a domicilio + Pago seguro + Garant\u00eda\" \/>\n<meta property=\"og:url\" content=\"https:\/\/compuviper.mx\/tienda\/producto\/manhattan-152631-docking4-1usb-c-a-hdmi-vga-2-usb-3-1-lector-tarjetas-sd-m-h\/\" \/>\n<meta property=\"og:site_name\" content=\"Compuviper\" \/>\n<meta property=\"article:publisher\" content=\"https:\/\/www.facebook.com\/compuviper\" \/>\n<meta property=\"article:modified_time\" content=\"2026-04-28T05:28:01+00:00\" \/>\n<meta property=\"og:image\" content=\"https:\/\/compuviper.mx\/tienda\/wp-content\/uploads\/2023\/12\/Dockingmanhattan1526314-1usb-c-a-hdmi-vga-2-usb-3.1-lector-tarjetas-sd-m-h.jpg\" \/>\n\t<meta property=\"og:image:width\" content=\"200\" \/>\n\t<meta property=\"og:image:height\" content=\"200\" \/>\n\t<meta property=\"og:image:type\" content=\"image\/jpeg\" \/>\n<meta name=\"twitter:card\" content=\"summary_large_image\" \/>\n<meta name=\"twitter:label1\" content=\"Precio\" \/>\n\t<meta name=\"twitter:data1\" content=\"&#36;1,388 con IVA\" \/>\n\t<meta name=\"twitter:label2\" content=\"Availability\" \/>\n\t<meta name=\"twitter:data2\" content=\"In stock\" \/>\n<script type=\"application\/ld+json\" class=\"yoast-schema-graph\">{\"@context\":\"https:\/\/schema.org\",\"@graph\":[{\"@type\":\"WebPage\",\"@id\":\"https:\/\/compuviper.mx\/tienda\/producto\/manhattan-152631-docking4-1usb-c-a-hdmi-vga-2-usb-3-1-lector-tarjetas-sd-m-h\/\",\"url\":\"https:\/\/compuviper.mx\/tienda\/producto\/manhattan-152631-docking4-1usb-c-a-hdmi-vga-2-usb-3-1-lector-tarjetas-sd-m-h\/\",\"name\":\"[ Manhattan ] &#129351; 152631 Docking,,,4-1,usb-c A Hdmi Vga 2 Usb 3.1 Lector Tarjetas Sd M-h\",\"isPartOf\":{\"@id\":\"https:\/\/compuviper.mx\/tienda\/#website\"},\"datePublished\":\"2026-04-28T05:28:00+00:00\",\"dateModified\":\"2026-04-28T05:28:01+00:00\",\"description\":\"Compra 152631 Docking,,,4-1,usb-c A Hdmi Vga 2 Usb 3.1 Lector Tarjetas Sd M-h + Env\u00edo a domicilio + Pago seguro + Garant\u00eda\",\"breadcrumb\":{\"@id\":\"https:\/\/compuviper.mx\/tienda\/producto\/manhattan-152631-docking4-1usb-c-a-hdmi-vga-2-usb-3-1-lector-tarjetas-sd-m-h\/#breadcrumb\"},\"inLanguage\":\"es-MX\",\"potentialAction\":[{\"@type\":\"ReadAction\",\"target\":[\"https:\/\/compuviper.mx\/tienda\/producto\/manhattan-152631-docking4-1usb-c-a-hdmi-vga-2-usb-3-1-lector-tarjetas-sd-m-h\/\"]}]},{\"@type\":\"BreadcrumbList\",\"@id\":\"https:\/\/compuviper.mx\/tienda\/producto\/manhattan-152631-docking4-1usb-c-a-hdmi-vga-2-usb-3-1-lector-tarjetas-sd-m-h\/#breadcrumb\",\"itemListElement\":[{\"@type\":\"ListItem\",\"position\":1,\"name\":\"Inicio\",\"item\":\"https:\/\/compuviper.mx\/tienda\/\"},{\"@type\":\"ListItem\",\"position\":2,\"name\":\"Productos\",\"item\":\"https:\/\/compuviper.mx\/tienda\/productos\/\"},{\"@type\":\"ListItem\",\"position\":3,\"name\":\"Accesorios\",\"item\":\"https:\/\/compuviper.mx\/tienda\/categoria-producto\/accesorios\/\"},{\"@type\":\"ListItem\",\"position\":4,\"name\":\"Adaptadores\",\"item\":\"https:\/\/compuviper.mx\/tienda\/categoria-producto\/accesorios\/adaptadores\/\"},{\"@type\":\"ListItem\",\"position\":5,\"name\":\"Manhattan 152631 Docking,,,4-1,usb-c A Hdmi Vga 2 Usb 3.1 Lector Tarjetas Sd M-h\"}]},{\"@type\":\"WebSite\",\"@id\":\"https:\/\/compuviper.mx\/tienda\/#website\",\"url\":\"https:\/\/compuviper.mx\/tienda\/\",\"name\":\"Compuviper\",\"description\":\"Proveedor de Computadoras, Laptops, Servidores, Monitores, Puntos de Venta, Teclados,   Impresoras, T\u00f3ner, C\u00e1maras de Seguridad y m\u00e1s en tu tienda en l\u00ednea\",\"publisher\":{\"@id\":\"https:\/\/compuviper.mx\/tienda\/#organization\"},\"potentialAction\":[{\"@type\":\"SearchAction\",\"target\":{\"@type\":\"EntryPoint\",\"urlTemplate\":\"https:\/\/compuviper.mx\/tienda\/?s={search_term_string}\"},\"query-input\":\"required name=search_term_string\"}],\"inLanguage\":\"es-MX\"},{\"@type\":\"Organization\",\"@id\":\"https:\/\/compuviper.mx\/tienda\/#organization\",\"name\":\"Compuviper\",\"url\":\"https:\/\/compuviper.mx\/tienda\/\",\"logo\":{\"@type\":\"ImageObject\",\"inLanguage\":\"es-MX\",\"@id\":\"https:\/\/compuviper.mx\/tienda\/#\/schema\/logo\/image\/\",\"url\":\"https:\/\/compuviper.mx\/tienda\/wp-content\/uploads\/2021\/08\/Logo-Compuviper-10.png\",\"contentUrl\":\"https:\/\/compuviper.mx\/tienda\/wp-content\/uploads\/2021\/08\/Logo-Compuviper-10.png\",\"width\":1000,\"height\":500,\"caption\":\"Compuviper\"},\"image\":{\"@id\":\"https:\/\/compuviper.mx\/tienda\/#\/schema\/logo\/image\/\"},\"sameAs\":[\"https:\/\/www.facebook.com\/compuviper\",\"https:\/\/www.youtube.com\/channel\/UCf73dERp9Y3cfOq7q8BhLjA?view_as=subscriber\"]}]}<\/script>\n<meta property=\"product:brand\" content=\"MANHATTAN\" \/>\n<meta property=\"product:price:amount\" content=\"1388\" \/>\n<meta property=\"product:price:currency\" content=\"MXN\" \/>\n<meta property=\"og:availability\" content=\"instock\" \/>\n<meta property=\"product:availability\" content=\"instock\" \/>\n<meta property=\"product:retailer_item_id\" content=\"152631\" \/>\n<meta property=\"product:condition\" content=\"new\" \/>\n<!-- \/ Yoast SEO plugin. -->","yoast_head_json":{"title":"[ Manhattan ] &#129351; 152631 Docking,,,4-1,usb-c A Hdmi Vga 2 Usb 3.1 Lector Tarjetas Sd M-h","description":"Compra 152631 Docking,,,4-1,usb-c A Hdmi Vga 2 Usb 3.1 Lector Tarjetas Sd M-h + Env\u00edo a domicilio + Pago seguro + Garant\u00eda","robots":{"index":"index","follow":"follow","max-snippet":"max-snippet:-1","max-image-preview":"max-image-preview:large","max-video-preview":"max-video-preview:-1"},"canonical":"https:\/\/compuviper.mx\/tienda\/producto\/manhattan-152631-docking4-1usb-c-a-hdmi-vga-2-usb-3-1-lector-tarjetas-sd-m-h\/","og_locale":"es_MX","og_type":"article","og_title":"[ Manhattan ] &#129351; 152631 Docking,,,4-1,usb-c A Hdmi Vga 2 Usb 3.1 Lector Tarjetas Sd M-h","og_description":"Compra 152631 Docking,,,4-1,usb-c A Hdmi Vga 2 Usb 3.1 Lector Tarjetas Sd M-h + Env\u00edo a domicilio + Pago seguro + Garant\u00eda","og_url":"https:\/\/compuviper.mx\/tienda\/producto\/manhattan-152631-docking4-1usb-c-a-hdmi-vga-2-usb-3-1-lector-tarjetas-sd-m-h\/","og_site_name":"Compuviper","article_publisher":"https:\/\/www.facebook.com\/compuviper","article_modified_time":"2026-04-28T05:28:01+00:00","og_image":[{"width":200,"height":200,"url":"https:\/\/compuviper.mx\/tienda\/wp-content\/uploads\/2023\/12\/Dockingmanhattan1526314-1usb-c-a-hdmi-vga-2-usb-3.1-lector-tarjetas-sd-m-h.jpg","type":"image\/jpeg"}],"twitter_card":"summary_large_image","twitter_misc":{"Precio":"&#36;1,388 con IVA","Availability":"In stock"},"schema":{"@context":"https:\/\/schema.org","@graph":[{"@type":"WebPage","@id":"https:\/\/compuviper.mx\/tienda\/producto\/manhattan-152631-docking4-1usb-c-a-hdmi-vga-2-usb-3-1-lector-tarjetas-sd-m-h\/","url":"https:\/\/compuviper.mx\/tienda\/producto\/manhattan-152631-docking4-1usb-c-a-hdmi-vga-2-usb-3-1-lector-tarjetas-sd-m-h\/","name":"[ Manhattan ] &#129351; 152631 Docking,,,4-1,usb-c A Hdmi Vga 2 Usb 3.1 Lector Tarjetas Sd M-h","isPartOf":{"@id":"https:\/\/compuviper.mx\/tienda\/#website"},"datePublished":"2026-04-28T05:28:00+00:00","dateModified":"2026-04-28T05:28:01+00:00","description":"Compra 152631 Docking,,,4-1,usb-c A Hdmi Vga 2 Usb 3.1 Lector Tarjetas Sd M-h + Env\u00edo a domicilio + Pago seguro + Garant\u00eda","breadcrumb":{"@id":"https:\/\/compuviper.mx\/tienda\/producto\/manhattan-152631-docking4-1usb-c-a-hdmi-vga-2-usb-3-1-lector-tarjetas-sd-m-h\/#breadcrumb"},"inLanguage":"es-MX","potentialAction":[{"@type":"ReadAction","target":["https:\/\/compuviper.mx\/tienda\/producto\/manhattan-152631-docking4-1usb-c-a-hdmi-vga-2-usb-3-1-lector-tarjetas-sd-m-h\/"]}]},{"@type":"BreadcrumbList","@id":"https:\/\/compuviper.mx\/tienda\/producto\/manhattan-152631-docking4-1usb-c-a-hdmi-vga-2-usb-3-1-lector-tarjetas-sd-m-h\/#breadcrumb","itemListElement":[{"@type":"ListItem","position":1,"name":"Inicio","item":"https:\/\/compuviper.mx\/tienda\/"},{"@type":"ListItem","position":2,"name":"Productos","item":"https:\/\/compuviper.mx\/tienda\/productos\/"},{"@type":"ListItem","position":3,"name":"Accesorios","item":"https:\/\/compuviper.mx\/tienda\/categoria-producto\/accesorios\/"},{"@type":"ListItem","position":4,"name":"Adaptadores","item":"https:\/\/compuviper.mx\/tienda\/categoria-producto\/accesorios\/adaptadores\/"},{"@type":"ListItem","position":5,"name":"Manhattan 152631 Docking,,,4-1,usb-c A Hdmi Vga 2 Usb 3.1 Lector Tarjetas Sd M-h"}]},{"@type":"WebSite","@id":"https:\/\/compuviper.mx\/tienda\/#website","url":"https:\/\/compuviper.mx\/tienda\/","name":"Compuviper","description":"Proveedor de Computadoras, Laptops, Servidores, Monitores, Puntos de Venta, Teclados,   Impresoras, T\u00f3ner, C\u00e1maras de Seguridad y m\u00e1s en tu tienda en l\u00ednea","publisher":{"@id":"https:\/\/compuviper.mx\/tienda\/#organization"},"potentialAction":[{"@type":"SearchAction","target":{"@type":"EntryPoint","urlTemplate":"https:\/\/compuviper.mx\/tienda\/?s={search_term_string}"},"query-input":"required name=search_term_string"}],"inLanguage":"es-MX"},{"@type":"Organization","@id":"https:\/\/compuviper.mx\/tienda\/#organization","name":"Compuviper","url":"https:\/\/compuviper.mx\/tienda\/","logo":{"@type":"ImageObject","inLanguage":"es-MX","@id":"https:\/\/compuviper.mx\/tienda\/#\/schema\/logo\/image\/","url":"https:\/\/compuviper.mx\/tienda\/wp-content\/uploads\/2021\/08\/Logo-Compuviper-10.png","contentUrl":"https:\/\/compuviper.mx\/tienda\/wp-content\/uploads\/2021\/08\/Logo-Compuviper-10.png","width":1000,"height":500,"caption":"Compuviper"},"image":{"@id":"https:\/\/compuviper.mx\/tienda\/#\/schema\/logo\/image\/"},"sameAs":["https:\/\/www.facebook.com\/compuviper","https:\/\/www.youtube.com\/channel\/UCf73dERp9Y3cfOq7q8BhLjA?view_as=subscriber"]}]},"product_brand":"MANHATTAN","product_price_amount":"1388","product_price_currency":"MXN","og_availability":"instock","product_availability":"instock","product_retailer_item_id":"152631","product_condition":"new"},"_links":{"self":[{"href":"https:\/\/compuviper.mx\/tienda\/wp-json\/wp\/v2\/product\/211713"}],"collection":[{"href":"https:\/\/compuviper.mx\/tienda\/wp-json\/wp\/v2\/product"}],"about":[{"href":"https:\/\/compuviper.mx\/tienda\/wp-json\/wp\/v2\/types\/product"}],"replies":[{"embeddable":true,"href":"https:\/\/compuviper.mx\/tienda\/wp-json\/wp\/v2\/comments?post=211713"}],"wp:featuredmedia":[{"embeddable":true,"href":"https:\/\/compuviper.mx\/tienda\/wp-json\/wp\/v2\/media\/211714"}],"wp:attachment":[{"href":"https:\/\/compuviper.mx\/tienda\/wp-json\/wp\/v2\/media?parent=211713"}],"wp:term":[{"taxonomy":"product_cat","embeddable":true,"href":"https:\/\/compuviper.mx\/tienda\/wp-json\/wp\/v2\/product_cat?post=211713"},{"taxonomy":"product_tag","embeddable":true,"href":"https:\/\/compuviper.mx\/tienda\/wp-json\/wp\/v2\/product_tag?post=211713"}],"curies":[{"name":"wp","href":"https:\/\/api.w.org\/{rel}","templated":true}]}}