{"id":211661,"date":"2026-04-01T23:29:08","date_gmt":"2026-04-02T05:29:08","guid":{"rendered":"https:\/\/compuviper.mx\/tienda\/producto\/synology-rx418-unidad-de-expansion-de-4-bahas-hasta-48tb\/"},"modified":"2026-04-01T23:29:09","modified_gmt":"2026-04-02T05:29:09","slug":"synology-rx418-unidad-de-expansion-de-4-bahas-hasta-48tb","status":"publish","type":"product","link":"https:\/\/compuviper.mx\/tienda\/producto\/synology-rx418-unidad-de-expansion-de-4-bahas-hasta-48tb\/","title":{"rendered":"Synology Rx418 Unidad De Expansion   De 4 Bahas\/hasta 48tb"},"content":{"rendered":"<table class=\"descripcion\">\n<tr>\n<td>Especificaciones de hardware:<\/td>\n<\/tr>\n<tr>\n<td>Modelos compatibles<\/td>\n<\/tr>\n<tr>\n<td>Rs818(rp)+<\/td>\n<\/tr>\n<tr>\n<td>Rs815(rp)+<\/td>\n<\/tr>\n<tr>\n<td>Rs816<\/td>\n<\/tr>\n<tr>\n<td>Rs815<\/td>\n<\/tr>\n<tr>\n<td>Some models support independent volumes creation only.<\/td>\n<\/tr>\n<tr>\n<td>Nota dsm version requirement: 6.1.4-15217-3 or later version<\/td>\n<\/tr>\n<tr>\n<td>Almacenamiento<\/td>\n<\/tr>\n<tr>\n<td>Recept\u00e1culo(s) de unidad 4<\/td>\n<\/tr>\n<tr>\n<td>Tipo de unidad compatible<\/td>\n<\/tr>\n<tr>\n<td>3.5 sata hdd<\/td>\n<\/tr>\n<tr>\n<td>2.5 sata hdd<\/td>\n<\/tr>\n<tr>\n<td>2.5 sata ssd<\/td>\n<\/tr>\n<tr>\n<td>Capacidad m\u00e1xima bruta interna 48 tb (unidad de disco duro de 12 tb x 4) (la capacidad puede variar seg\u00fan el tipo de raid)<\/td>\n<\/tr>\n<tr>\n<td>Unidad de intercambio en caliente  si<\/td>\n<\/tr>\n<tr>\n<td>Gesti\u00f3n de raid a trav\u00e9s de synology dsm  si<\/td>\n<\/tr>\n<tr>\n<td>Puertos externos<\/td>\n<\/tr>\n<tr>\n<td>Esata port 1<\/td>\n<\/tr>\n<tr>\n<td>Apariencia<\/td>\n<\/tr>\n<tr>\n<td>Tama\u00f1o (altura x anchura x profundidad) 44 mm x 480 mm x 325 mm<\/td>\n<\/tr>\n<tr>\n<td>Peso 4.28 kg<\/td>\n<\/tr>\n<tr>\n<td>Alimentaci\u00f3n<\/td>\n<\/tr>\n<tr>\n<td>Recuperaci\u00f3n de energ\u00eda sincronizado con synology rackstation<\/td>\n<\/tr>\n<tr>\n<td>Fuente \/ adaptador de alimentaci\u00f3n 100w<\/td>\n<\/tr>\n<tr>\n<td>Voltaje de alimentaci\u00f3n de entrada ca de 100v a 240v ca<\/td>\n<\/tr>\n<tr>\n<td>Frecuencia de alimentaci\u00f3n 50\/60 hz, monof\u00e1sico<\/td>\n<\/tr>\n<tr>\n<td>Consumo de energ\u00eda* 23.26 w (acceso)<\/td>\n<\/tr>\n<tr>\n<td>6.39 w (hibernaci\u00f3n de la unidad de disco duro)<\/td>\n<\/tr>\n<tr>\n<td>British thermal unit 79.42 btu\/hr (acceso)<\/td>\n<\/tr>\n<tr>\n<td>21.82 btu\/hr (hibernaci\u00f3n de la unidad de disco duro)<\/td>\n<\/tr>\n<tr>\n<td>Nota consumo de energ\u00eda medido cuando la unidad (o unidades) de disco duro western digital 1tb wd10efrx se ha(n) cargado completamente.<\/td>\n<\/tr>\n<tr>\n<td>Temperatura<\/td>\n<\/tr>\n<tr>\n<td>Temperatura operativa de 5\u00b0c a 35\u00b0c (de 40\u00b0f a 95\u00b0f)<\/td>\n<\/tr>\n<tr>\n<td>Temperatura de almacenamiento de -20\u00b0c a 60\u00b0c (de -5\u00b0f a 140\u00b0f)<\/td>\n<\/tr>\n<tr>\n<td>Humedad relativa de 5% a 95% hr<\/td>\n<\/tr>\n<tr>\n<td>Otros<\/td>\n<\/tr>\n<tr>\n<td>Ventilador del sistema 40 mm x 40 mm x 3 pcs<\/td>\n<\/tr>\n<tr>\n<td>Nivel de ruido* 25.1 db(a)<\/td>\n<\/tr>\n<tr>\n<td>Nota entorno de comprobaci\u00f3n del nivel de ruido: totalmente cargado con disco(s) duro(s) seagate st31000520as en funcionamiento; dos micr\u00f3fonos g.r.a.s. type 40ae, configurado cada uno a 1 metro de distancia de la parte frontal y posterior de synology nas; ruido de fondo: 16,49-17,51 db(a); temperatura: 24,25-25,75 and #730;c; humedad: 58,2-61,8%.<\/td>\n<\/tr>\n<tr>\n<td>Certificaci\u00f3n<\/td>\n<\/tr>\n<tr>\n<td>Fcc class a<\/td>\n<\/tr>\n<tr>\n<td>Ce class a<\/td>\n<\/tr>\n<tr>\n<td>Bsmi class a<\/td>\n<\/tr>\n<tr>\n<td>Eac<\/td>\n<\/tr>\n<tr>\n<td>Vcci<\/td>\n<\/tr>\n<tr>\n<td>Rcm<\/td>\n<\/tr>\n<tr>\n<td>Kc<\/td>\n<\/tr>\n<tr>\n<td>Garant\u00eda garant\u00eda de hardware de 3 a\u00f1os<\/td>\n<\/tr>\n<tr>\n<td>Entorno y paquete.<\/td>\n<\/tr>\n<tr>\n<td>Entorno conforme con rohs<\/td>\n<\/tr>\n<tr>\n<td>Contenido del paquete:<\/td>\n<\/tr>\n<tr>\n<td>Unidad principal x 1<\/td>\n<\/tr>\n<tr>\n<td>Gu\u00eda de usuario x 1<\/td>\n<\/tr>\n<tr>\n<td>Paquete de accesorios x 1<\/td>\n<\/tr>\n<tr>\n<td>Cable de alimentaci\u00f3n ca x 1<\/td>\n<\/tr>\n<tr>\n<td>Cable de expansi\u00f3n: esata x 1<\/td>\n<\/tr>\n<tr>\n<td>Accesorios opcionales:<\/td>\n<\/tr>\n<tr>\n<td>Synology rks1317 &#8211; rail kit sliding<\/td>\n<\/tr>\n<tr>\n<td>Synology rkm114 &#8211; rail kit mounted<\/td>\n<\/tr>\n<\/table>\n","protected":false},"excerpt":{"rendered":"<p>Compatible con los modelos. Rs818(rp). Rs815(rp). Rs816. Rs815<\/p>\n","protected":false},"featured_media":211662,"comment_status":"open","ping_status":"open","template":"","meta":[],"product_cat":[1485,1580],"product_tag":[1561],"acf":[],"yoast_head":"<!-- This site is optimized with the Yoast SEO plugin v21.7 - https:\/\/yoast.com\/wordpress\/plugins\/seo\/ -->\n<title>[ Synology ] &#129351; Rx418 Unidad De Expansion De 4 Bahas\/hasta 48tb<\/title>\n<meta name=\"description\" content=\"Compra Rx418 Unidad De Expansion De 4 Bahas\/hasta 48tb + Env\u00edo a domicilio + Pago seguro + Garant\u00eda\" \/>\n<meta name=\"robots\" content=\"index, follow, max-snippet:-1, max-image-preview:large, max-video-preview:-1\" \/>\n<link rel=\"canonical\" href=\"https:\/\/compuviper.mx\/tienda\/producto\/synology-rx418-unidad-de-expansion-de-4-bahas-hasta-48tb\/\" \/>\n<meta property=\"og:locale\" content=\"es_MX\" \/>\n<meta property=\"og:type\" content=\"article\" \/>\n<meta property=\"og:title\" content=\"[ Synology ] &#129351; Rx418 Unidad De Expansion De 4 Bahas\/hasta 48tb\" \/>\n<meta property=\"og:description\" content=\"Compra Rx418 Unidad De Expansion De 4 Bahas\/hasta 48tb + Env\u00edo a domicilio + Pago seguro + Garant\u00eda\" \/>\n<meta property=\"og:url\" content=\"https:\/\/compuviper.mx\/tienda\/producto\/synology-rx418-unidad-de-expansion-de-4-bahas-hasta-48tb\/\" \/>\n<meta property=\"og:site_name\" content=\"Compuviper\" \/>\n<meta property=\"article:publisher\" content=\"https:\/\/www.facebook.com\/compuviper\" \/>\n<meta property=\"article:modified_time\" content=\"2026-04-02T05:29:09+00:00\" \/>\n<meta property=\"og:image\" content=\"https:\/\/compuviper.mx\/tienda\/wp-content\/uploads\/2023\/12\/Unidad-de-expansion-synology-rx418-de-4-bahashasta-48tb.jpg\" \/>\n\t<meta property=\"og:image:width\" content=\"200\" \/>\n\t<meta property=\"og:image:height\" content=\"200\" \/>\n\t<meta property=\"og:image:type\" content=\"image\/jpeg\" \/>\n<meta name=\"twitter:card\" content=\"summary_large_image\" \/>\n<meta name=\"twitter:label1\" content=\"Precio\" \/>\n\t<meta name=\"twitter:data1\" content=\"&#36;11,833 con IVA\" \/>\n\t<meta name=\"twitter:label2\" content=\"Availability\" \/>\n\t<meta name=\"twitter:data2\" content=\"Out of stock\" \/>\n<script type=\"application\/ld+json\" class=\"yoast-schema-graph\">{\"@context\":\"https:\/\/schema.org\",\"@graph\":[{\"@type\":\"WebPage\",\"@id\":\"https:\/\/compuviper.mx\/tienda\/producto\/synology-rx418-unidad-de-expansion-de-4-bahas-hasta-48tb\/\",\"url\":\"https:\/\/compuviper.mx\/tienda\/producto\/synology-rx418-unidad-de-expansion-de-4-bahas-hasta-48tb\/\",\"name\":\"[ Synology ] &#129351; Rx418 Unidad De Expansion De 4 Bahas\/hasta 48tb\",\"isPartOf\":{\"@id\":\"https:\/\/compuviper.mx\/tienda\/#website\"},\"datePublished\":\"2026-04-02T05:29:08+00:00\",\"dateModified\":\"2026-04-02T05:29:09+00:00\",\"description\":\"Compra Rx418 Unidad De Expansion De 4 Bahas\/hasta 48tb + Env\u00edo a domicilio + Pago seguro + Garant\u00eda\",\"breadcrumb\":{\"@id\":\"https:\/\/compuviper.mx\/tienda\/producto\/synology-rx418-unidad-de-expansion-de-4-bahas-hasta-48tb\/#breadcrumb\"},\"inLanguage\":\"es-MX\",\"potentialAction\":[{\"@type\":\"ReadAction\",\"target\":[\"https:\/\/compuviper.mx\/tienda\/producto\/synology-rx418-unidad-de-expansion-de-4-bahas-hasta-48tb\/\"]}]},{\"@type\":\"BreadcrumbList\",\"@id\":\"https:\/\/compuviper.mx\/tienda\/producto\/synology-rx418-unidad-de-expansion-de-4-bahas-hasta-48tb\/#breadcrumb\",\"itemListElement\":[{\"@type\":\"ListItem\",\"position\":1,\"name\":\"Inicio\",\"item\":\"https:\/\/compuviper.mx\/tienda\/\"},{\"@type\":\"ListItem\",\"position\":2,\"name\":\"Productos\",\"item\":\"https:\/\/compuviper.mx\/tienda\/productos\/\"},{\"@type\":\"ListItem\",\"position\":3,\"name\":\"Accesorios\",\"item\":\"https:\/\/compuviper.mx\/tienda\/categoria-producto\/accesorios\/\"},{\"@type\":\"ListItem\",\"position\":4,\"name\":\"Servidores\",\"item\":\"https:\/\/compuviper.mx\/tienda\/categoria-producto\/accesorios\/servidores\/\"},{\"@type\":\"ListItem\",\"position\":5,\"name\":\"Synology Rx418 Unidad De Expansion De 4 Bahas\/hasta 48tb\"}]},{\"@type\":\"WebSite\",\"@id\":\"https:\/\/compuviper.mx\/tienda\/#website\",\"url\":\"https:\/\/compuviper.mx\/tienda\/\",\"name\":\"Compuviper\",\"description\":\"Proveedor de Computadoras, Laptops, Servidores, Monitores, Puntos de Venta, Teclados,   Impresoras, T\u00f3ner, C\u00e1maras de Seguridad y m\u00e1s en tu tienda en l\u00ednea\",\"publisher\":{\"@id\":\"https:\/\/compuviper.mx\/tienda\/#organization\"},\"potentialAction\":[{\"@type\":\"SearchAction\",\"target\":{\"@type\":\"EntryPoint\",\"urlTemplate\":\"https:\/\/compuviper.mx\/tienda\/?s={search_term_string}\"},\"query-input\":\"required name=search_term_string\"}],\"inLanguage\":\"es-MX\"},{\"@type\":\"Organization\",\"@id\":\"https:\/\/compuviper.mx\/tienda\/#organization\",\"name\":\"Compuviper\",\"url\":\"https:\/\/compuviper.mx\/tienda\/\",\"logo\":{\"@type\":\"ImageObject\",\"inLanguage\":\"es-MX\",\"@id\":\"https:\/\/compuviper.mx\/tienda\/#\/schema\/logo\/image\/\",\"url\":\"https:\/\/compuviper.mx\/tienda\/wp-content\/uploads\/2021\/08\/Logo-Compuviper-10.png\",\"contentUrl\":\"https:\/\/compuviper.mx\/tienda\/wp-content\/uploads\/2021\/08\/Logo-Compuviper-10.png\",\"width\":1000,\"height\":500,\"caption\":\"Compuviper\"},\"image\":{\"@id\":\"https:\/\/compuviper.mx\/tienda\/#\/schema\/logo\/image\/\"},\"sameAs\":[\"https:\/\/www.facebook.com\/compuviper\",\"https:\/\/www.youtube.com\/channel\/UCf73dERp9Y3cfOq7q8BhLjA?view_as=subscriber\"]}]}<\/script>\n<meta property=\"product:brand\" content=\"SYNOLOGY\" \/>\n<meta property=\"product:price:amount\" content=\"11833\" \/>\n<meta property=\"product:price:currency\" content=\"MXN\" \/>\n<meta property=\"og:availability\" content=\"out of stock\" \/>\n<meta property=\"product:availability\" content=\"out of stock\" \/>\n<meta property=\"product:retailer_item_id\" content=\"RX418\" \/>\n<meta property=\"product:condition\" content=\"new\" \/>\n<!-- \/ Yoast SEO plugin. -->","yoast_head_json":{"title":"[ Synology ] &#129351; Rx418 Unidad De Expansion De 4 Bahas\/hasta 48tb","description":"Compra Rx418 Unidad De Expansion De 4 Bahas\/hasta 48tb + Env\u00edo a domicilio + Pago seguro + Garant\u00eda","robots":{"index":"index","follow":"follow","max-snippet":"max-snippet:-1","max-image-preview":"max-image-preview:large","max-video-preview":"max-video-preview:-1"},"canonical":"https:\/\/compuviper.mx\/tienda\/producto\/synology-rx418-unidad-de-expansion-de-4-bahas-hasta-48tb\/","og_locale":"es_MX","og_type":"article","og_title":"[ Synology ] &#129351; Rx418 Unidad De Expansion De 4 Bahas\/hasta 48tb","og_description":"Compra Rx418 Unidad De Expansion De 4 Bahas\/hasta 48tb + Env\u00edo a domicilio + Pago seguro + Garant\u00eda","og_url":"https:\/\/compuviper.mx\/tienda\/producto\/synology-rx418-unidad-de-expansion-de-4-bahas-hasta-48tb\/","og_site_name":"Compuviper","article_publisher":"https:\/\/www.facebook.com\/compuviper","article_modified_time":"2026-04-02T05:29:09+00:00","og_image":[{"width":200,"height":200,"url":"https:\/\/compuviper.mx\/tienda\/wp-content\/uploads\/2023\/12\/Unidad-de-expansion-synology-rx418-de-4-bahashasta-48tb.jpg","type":"image\/jpeg"}],"twitter_card":"summary_large_image","twitter_misc":{"Precio":"&#36;11,833 con IVA","Availability":"Out of stock"},"schema":{"@context":"https:\/\/schema.org","@graph":[{"@type":"WebPage","@id":"https:\/\/compuviper.mx\/tienda\/producto\/synology-rx418-unidad-de-expansion-de-4-bahas-hasta-48tb\/","url":"https:\/\/compuviper.mx\/tienda\/producto\/synology-rx418-unidad-de-expansion-de-4-bahas-hasta-48tb\/","name":"[ Synology ] &#129351; Rx418 Unidad De Expansion De 4 Bahas\/hasta 48tb","isPartOf":{"@id":"https:\/\/compuviper.mx\/tienda\/#website"},"datePublished":"2026-04-02T05:29:08+00:00","dateModified":"2026-04-02T05:29:09+00:00","description":"Compra Rx418 Unidad De Expansion De 4 Bahas\/hasta 48tb + Env\u00edo a domicilio + Pago seguro + Garant\u00eda","breadcrumb":{"@id":"https:\/\/compuviper.mx\/tienda\/producto\/synology-rx418-unidad-de-expansion-de-4-bahas-hasta-48tb\/#breadcrumb"},"inLanguage":"es-MX","potentialAction":[{"@type":"ReadAction","target":["https:\/\/compuviper.mx\/tienda\/producto\/synology-rx418-unidad-de-expansion-de-4-bahas-hasta-48tb\/"]}]},{"@type":"BreadcrumbList","@id":"https:\/\/compuviper.mx\/tienda\/producto\/synology-rx418-unidad-de-expansion-de-4-bahas-hasta-48tb\/#breadcrumb","itemListElement":[{"@type":"ListItem","position":1,"name":"Inicio","item":"https:\/\/compuviper.mx\/tienda\/"},{"@type":"ListItem","position":2,"name":"Productos","item":"https:\/\/compuviper.mx\/tienda\/productos\/"},{"@type":"ListItem","position":3,"name":"Accesorios","item":"https:\/\/compuviper.mx\/tienda\/categoria-producto\/accesorios\/"},{"@type":"ListItem","position":4,"name":"Servidores","item":"https:\/\/compuviper.mx\/tienda\/categoria-producto\/accesorios\/servidores\/"},{"@type":"ListItem","position":5,"name":"Synology Rx418 Unidad De Expansion De 4 Bahas\/hasta 48tb"}]},{"@type":"WebSite","@id":"https:\/\/compuviper.mx\/tienda\/#website","url":"https:\/\/compuviper.mx\/tienda\/","name":"Compuviper","description":"Proveedor de Computadoras, Laptops, Servidores, Monitores, Puntos de Venta, Teclados,   Impresoras, T\u00f3ner, C\u00e1maras de Seguridad y m\u00e1s en tu tienda en l\u00ednea","publisher":{"@id":"https:\/\/compuviper.mx\/tienda\/#organization"},"potentialAction":[{"@type":"SearchAction","target":{"@type":"EntryPoint","urlTemplate":"https:\/\/compuviper.mx\/tienda\/?s={search_term_string}"},"query-input":"required name=search_term_string"}],"inLanguage":"es-MX"},{"@type":"Organization","@id":"https:\/\/compuviper.mx\/tienda\/#organization","name":"Compuviper","url":"https:\/\/compuviper.mx\/tienda\/","logo":{"@type":"ImageObject","inLanguage":"es-MX","@id":"https:\/\/compuviper.mx\/tienda\/#\/schema\/logo\/image\/","url":"https:\/\/compuviper.mx\/tienda\/wp-content\/uploads\/2021\/08\/Logo-Compuviper-10.png","contentUrl":"https:\/\/compuviper.mx\/tienda\/wp-content\/uploads\/2021\/08\/Logo-Compuviper-10.png","width":1000,"height":500,"caption":"Compuviper"},"image":{"@id":"https:\/\/compuviper.mx\/tienda\/#\/schema\/logo\/image\/"},"sameAs":["https:\/\/www.facebook.com\/compuviper","https:\/\/www.youtube.com\/channel\/UCf73dERp9Y3cfOq7q8BhLjA?view_as=subscriber"]}]},"product_brand":"SYNOLOGY","product_price_amount":"11833","product_price_currency":"MXN","og_availability":"out of stock","product_availability":"out of stock","product_retailer_item_id":"RX418","product_condition":"new"},"_links":{"self":[{"href":"https:\/\/compuviper.mx\/tienda\/wp-json\/wp\/v2\/product\/211661"}],"collection":[{"href":"https:\/\/compuviper.mx\/tienda\/wp-json\/wp\/v2\/product"}],"about":[{"href":"https:\/\/compuviper.mx\/tienda\/wp-json\/wp\/v2\/types\/product"}],"replies":[{"embeddable":true,"href":"https:\/\/compuviper.mx\/tienda\/wp-json\/wp\/v2\/comments?post=211661"}],"wp:featuredmedia":[{"embeddable":true,"href":"https:\/\/compuviper.mx\/tienda\/wp-json\/wp\/v2\/media\/211662"}],"wp:attachment":[{"href":"https:\/\/compuviper.mx\/tienda\/wp-json\/wp\/v2\/media?parent=211661"}],"wp:term":[{"taxonomy":"product_cat","embeddable":true,"href":"https:\/\/compuviper.mx\/tienda\/wp-json\/wp\/v2\/product_cat?post=211661"},{"taxonomy":"product_tag","embeddable":true,"href":"https:\/\/compuviper.mx\/tienda\/wp-json\/wp\/v2\/product_tag?post=211661"}],"curies":[{"name":"wp","href":"https:\/\/api.w.org\/{rel}","templated":true}]}}