{"id":211649,"date":"2026-04-01T23:29:06","date_gmt":"2026-04-02T05:29:06","guid":{"rendered":"https:\/\/compuviper.mx\/tienda\/producto\/manhattan-101981-lector-tarjetas-usb-3-0-24-en-1grabador-externo-de-tarjetas\/"},"modified":"2026-04-01T23:29:06","modified_gmt":"2026-04-02T05:29:06","slug":"manhattan-101981-lector-tarjetas-usb-3-0-24-en-1grabador-externo-de-tarjetas","status":"publish","type":"product","link":"https:\/\/compuviper.mx\/tienda\/producto\/manhattan-101981-lector-tarjetas-usb-3-0-24-en-1grabador-externo-de-tarjetas\/","title":{"rendered":"Manhattan 101981 Lector Tarjetas,,, Usb 3.0, 24 En 1,grabador Externo De Tarjetas"},"content":{"rendered":"<table class=\"descripcion\">\n<tr>\n<td>Est\u00e1ndares y certificaciones<\/td>\n<\/tr>\n<tr>\n<td>Usb 3.0<\/td>\n<\/tr>\n<tr>\n<td>Ce<\/td>\n<\/tr>\n<tr>\n<td>Fcc<\/td>\n<\/tr>\n<tr>\n<td>Rohs2<\/td>\n<\/tr>\n<tr>\n<td>Soporta los siguientes tipos de tarjetas<\/td>\n<\/tr>\n<tr>\n<td>Sd \/ sdhc \/ sdxc \/ extreme sd \/ extreme ii sd \/ extreme iii sd \/ ultra sd \/ ultra ii sd \/ ultra ii sd p plus \/ sd-ultra-x \/ ultra speed sd \/ sd pro \/ sd elite pro \/ hs sd \/ mmc \/ mmc 4.0 \/ hs mmc \/ hs rs mmc \/ rs mmc \/ rs mmc 4.0 \/ mmc mobile \/ micro sd \/ micro sdhc \/ micro sdxc<\/td>\n<\/tr>\n<tr>\n<td>Conexiones<\/td>\n<\/tr>\n<tr>\n<td>1 puerto usb; tyipo-a macho<\/td>\n<\/tr>\n<tr>\n<td>Ranuras de tarjetas de memoria<\/td>\n<\/tr>\n<tr>\n<td>General<\/td>\n<\/tr>\n<tr>\n<td>Tasas de transferencia: 5 gbps \/ 480 mbps \/ 12 mbps<\/td>\n<\/tr>\n<tr>\n<td>Led de actividad<\/td>\n<\/tr>\n<tr>\n<td>Dise\u00f1o<\/td>\n<\/tr>\n<tr>\n<td>Material: plastico abs<\/td>\n<\/tr>\n<tr>\n<td>Dimensiones: 7 x 2.3 x 1.4 cm (2.8 x 0.9 x 0.6 in.)<\/td>\n<\/tr>\n<tr>\n<td>Peso: 16 g (0.56 oz.)<\/td>\n<\/tr>\n<tr>\n<td>Ambiente:<\/td>\n<\/tr>\n<tr>\n<td>Temperatura de operaci\u00f3n: 0 \u0096 45\u00b0c (32 &#8211; 113\u00b0f)<\/td>\n<\/tr>\n<tr>\n<td>Temperatura de almacenamiento: -15 \u0096 60\u00b0c (5 &#8211; 140\u00b0f)<\/td>\n<\/tr>\n<tr>\n<td>Humedad para operar:  85%<\/td>\n<\/tr>\n<tr>\n<td>Requerimientos del sistema<\/td>\n<\/tr>\n<tr>\n<td>Compatible con windows y mac<\/td>\n<\/tr>\n<tr>\n<td>Contenido del paquete<\/td>\n<\/tr>\n<tr>\n<td>Mini lector\/escritor de multi-tarjetas<\/td>\n<\/tr>\n<tr>\n<td>Gu\u00eda r\u00e1pida de instrucciones<\/td>\n<\/tr>\n<\/table>\n","protected":false},"excerpt":{"rendered":"<p>Accede f\u00e1cilmente a medios y administra contenido &#8211; incluyendo leer, escribir, copiar y copiar de tarjeta a tarjeta. Compatible con los formatos de tarjetas securedigital (sd), multimedia memory cards (mmc) y microsd. Velocidad de tranferencia de datos usb 3.0 de hasta 5 gbps; compatible con versiones anteriores. Soporta detecci\u00f3n autom\u00e1tica de tarjetas. Plug and play, hot swappable \u0097 compatible con windows y mac. Alimentado por bus, no reqiuere una fuente de energ\u00eda adicional. Luz led para el estado de la tarjeta de memoria; parpadea en color azul mientras lee o escribe. Dise\u00f1o compacto y ligero &#8211; c\u00f3modo para almacenar y transportar. Tres a\u00f1os de garant\u00eda<\/p>\n","protected":false},"featured_media":211650,"comment_status":"open","ping_status":"open","template":"","meta":[],"product_cat":[1485,1520],"product_tag":[1487],"acf":[],"yoast_head":"<!-- This site is optimized with the Yoast SEO plugin v21.7 - https:\/\/yoast.com\/wordpress\/plugins\/seo\/ -->\n<title>[ Manhattan ] &#129351; 101981 Lector Tarjetas,,, Usb 3.0, 24 En 1,grabador Externo De Tarjetas<\/title>\n<meta name=\"description\" content=\"Compra 101981 Lector Tarjetas,,, Usb 3.0, 24 En 1,grabador Externo De Tarjetas + Env\u00edo a domicilio + Pago seguro + Garant\u00eda\" \/>\n<meta name=\"robots\" content=\"index, follow, max-snippet:-1, max-image-preview:large, max-video-preview:-1\" \/>\n<link rel=\"canonical\" href=\"https:\/\/compuviper.mx\/tienda\/producto\/manhattan-101981-lector-tarjetas-usb-3-0-24-en-1grabador-externo-de-tarjetas\/\" \/>\n<meta property=\"og:locale\" content=\"es_MX\" \/>\n<meta property=\"og:type\" content=\"article\" \/>\n<meta property=\"og:title\" content=\"[ Manhattan ] &#129351; 101981 Lector Tarjetas,,, Usb 3.0, 24 En 1,grabador Externo De Tarjetas\" \/>\n<meta property=\"og:description\" content=\"Compra 101981 Lector Tarjetas,,, Usb 3.0, 24 En 1,grabador Externo De Tarjetas + Env\u00edo a domicilio + Pago seguro + Garant\u00eda\" \/>\n<meta property=\"og:url\" content=\"https:\/\/compuviper.mx\/tienda\/producto\/manhattan-101981-lector-tarjetas-usb-3-0-24-en-1grabador-externo-de-tarjetas\/\" \/>\n<meta property=\"og:site_name\" content=\"Compuviper\" \/>\n<meta property=\"article:publisher\" content=\"https:\/\/www.facebook.com\/compuviper\" \/>\n<meta property=\"og:image\" content=\"https:\/\/compuviper.mx\/tienda\/wp-content\/uploads\/2023\/12\/Lector-tarjetasmanhattan101981-usb-3.0-24-en-1grabador-externo-de-tarjetas.jpg\" \/>\n\t<meta property=\"og:image:width\" content=\"200\" \/>\n\t<meta property=\"og:image:height\" content=\"200\" \/>\n\t<meta property=\"og:image:type\" content=\"image\/jpeg\" \/>\n<meta name=\"twitter:card\" content=\"summary_large_image\" \/>\n<meta name=\"twitter:label1\" content=\"Precio\" \/>\n\t<meta name=\"twitter:data1\" content=\"&#36;173 con IVA\" \/>\n\t<meta name=\"twitter:label2\" content=\"Availability\" \/>\n\t<meta name=\"twitter:data2\" content=\"In stock\" \/>\n<script type=\"application\/ld+json\" class=\"yoast-schema-graph\">{\"@context\":\"https:\/\/schema.org\",\"@graph\":[{\"@type\":\"WebPage\",\"@id\":\"https:\/\/compuviper.mx\/tienda\/producto\/manhattan-101981-lector-tarjetas-usb-3-0-24-en-1grabador-externo-de-tarjetas\/\",\"url\":\"https:\/\/compuviper.mx\/tienda\/producto\/manhattan-101981-lector-tarjetas-usb-3-0-24-en-1grabador-externo-de-tarjetas\/\",\"name\":\"[ Manhattan ] &#129351; 101981 Lector Tarjetas,,, Usb 3.0, 24 En 1,grabador Externo De Tarjetas\",\"isPartOf\":{\"@id\":\"https:\/\/compuviper.mx\/tienda\/#website\"},\"datePublished\":\"2026-04-02T05:29:06+00:00\",\"dateModified\":\"2026-04-02T05:29:06+00:00\",\"description\":\"Compra 101981 Lector Tarjetas,,, Usb 3.0, 24 En 1,grabador Externo De Tarjetas + Env\u00edo a domicilio + Pago seguro + Garant\u00eda\",\"breadcrumb\":{\"@id\":\"https:\/\/compuviper.mx\/tienda\/producto\/manhattan-101981-lector-tarjetas-usb-3-0-24-en-1grabador-externo-de-tarjetas\/#breadcrumb\"},\"inLanguage\":\"es-MX\",\"potentialAction\":[{\"@type\":\"ReadAction\",\"target\":[\"https:\/\/compuviper.mx\/tienda\/producto\/manhattan-101981-lector-tarjetas-usb-3-0-24-en-1grabador-externo-de-tarjetas\/\"]}]},{\"@type\":\"BreadcrumbList\",\"@id\":\"https:\/\/compuviper.mx\/tienda\/producto\/manhattan-101981-lector-tarjetas-usb-3-0-24-en-1grabador-externo-de-tarjetas\/#breadcrumb\",\"itemListElement\":[{\"@type\":\"ListItem\",\"position\":1,\"name\":\"Inicio\",\"item\":\"https:\/\/compuviper.mx\/tienda\/\"},{\"@type\":\"ListItem\",\"position\":2,\"name\":\"Productos\",\"item\":\"https:\/\/compuviper.mx\/tienda\/productos\/\"},{\"@type\":\"ListItem\",\"position\":3,\"name\":\"Accesorios\",\"item\":\"https:\/\/compuviper.mx\/tienda\/categoria-producto\/accesorios\/\"},{\"@type\":\"ListItem\",\"position\":4,\"name\":\"Lectores De Memorias\",\"item\":\"https:\/\/compuviper.mx\/tienda\/categoria-producto\/accesorios\/lectores-de-memorias\/\"},{\"@type\":\"ListItem\",\"position\":5,\"name\":\"Manhattan 101981 Lector Tarjetas,,, Usb 3.0, 24 En 1,grabador Externo De Tarjetas\"}]},{\"@type\":\"WebSite\",\"@id\":\"https:\/\/compuviper.mx\/tienda\/#website\",\"url\":\"https:\/\/compuviper.mx\/tienda\/\",\"name\":\"Compuviper\",\"description\":\"Proveedor de Computadoras, Laptops, Servidores, Monitores, Puntos de Venta, Teclados,   Impresoras, T\u00f3ner, C\u00e1maras de Seguridad y m\u00e1s en tu tienda en l\u00ednea\",\"publisher\":{\"@id\":\"https:\/\/compuviper.mx\/tienda\/#organization\"},\"potentialAction\":[{\"@type\":\"SearchAction\",\"target\":{\"@type\":\"EntryPoint\",\"urlTemplate\":\"https:\/\/compuviper.mx\/tienda\/?s={search_term_string}\"},\"query-input\":\"required name=search_term_string\"}],\"inLanguage\":\"es-MX\"},{\"@type\":\"Organization\",\"@id\":\"https:\/\/compuviper.mx\/tienda\/#organization\",\"name\":\"Compuviper\",\"url\":\"https:\/\/compuviper.mx\/tienda\/\",\"logo\":{\"@type\":\"ImageObject\",\"inLanguage\":\"es-MX\",\"@id\":\"https:\/\/compuviper.mx\/tienda\/#\/schema\/logo\/image\/\",\"url\":\"https:\/\/compuviper.mx\/tienda\/wp-content\/uploads\/2021\/08\/Logo-Compuviper-10.png\",\"contentUrl\":\"https:\/\/compuviper.mx\/tienda\/wp-content\/uploads\/2021\/08\/Logo-Compuviper-10.png\",\"width\":1000,\"height\":500,\"caption\":\"Compuviper\"},\"image\":{\"@id\":\"https:\/\/compuviper.mx\/tienda\/#\/schema\/logo\/image\/\"},\"sameAs\":[\"https:\/\/www.facebook.com\/compuviper\",\"https:\/\/www.youtube.com\/channel\/UCf73dERp9Y3cfOq7q8BhLjA?view_as=subscriber\"]}]}<\/script>\n<meta property=\"product:brand\" content=\"MANHATTAN\" \/>\n<meta property=\"product:price:amount\" content=\"173\" \/>\n<meta property=\"product:price:currency\" content=\"MXN\" \/>\n<meta property=\"og:availability\" content=\"instock\" \/>\n<meta property=\"product:availability\" content=\"instock\" \/>\n<meta property=\"product:retailer_item_id\" content=\"101981\" \/>\n<meta property=\"product:condition\" content=\"new\" \/>\n<!-- \/ Yoast SEO plugin. -->","yoast_head_json":{"title":"[ Manhattan ] &#129351; 101981 Lector Tarjetas,,, Usb 3.0, 24 En 1,grabador Externo De Tarjetas","description":"Compra 101981 Lector Tarjetas,,, Usb 3.0, 24 En 1,grabador Externo De Tarjetas + Env\u00edo a domicilio + Pago seguro + Garant\u00eda","robots":{"index":"index","follow":"follow","max-snippet":"max-snippet:-1","max-image-preview":"max-image-preview:large","max-video-preview":"max-video-preview:-1"},"canonical":"https:\/\/compuviper.mx\/tienda\/producto\/manhattan-101981-lector-tarjetas-usb-3-0-24-en-1grabador-externo-de-tarjetas\/","og_locale":"es_MX","og_type":"article","og_title":"[ Manhattan ] &#129351; 101981 Lector Tarjetas,,, Usb 3.0, 24 En 1,grabador Externo De Tarjetas","og_description":"Compra 101981 Lector Tarjetas,,, Usb 3.0, 24 En 1,grabador Externo De Tarjetas + Env\u00edo a domicilio + Pago seguro + Garant\u00eda","og_url":"https:\/\/compuviper.mx\/tienda\/producto\/manhattan-101981-lector-tarjetas-usb-3-0-24-en-1grabador-externo-de-tarjetas\/","og_site_name":"Compuviper","article_publisher":"https:\/\/www.facebook.com\/compuviper","og_image":[{"width":200,"height":200,"url":"https:\/\/compuviper.mx\/tienda\/wp-content\/uploads\/2023\/12\/Lector-tarjetasmanhattan101981-usb-3.0-24-en-1grabador-externo-de-tarjetas.jpg","type":"image\/jpeg"}],"twitter_card":"summary_large_image","twitter_misc":{"Precio":"&#36;173 con IVA","Availability":"In stock"},"schema":{"@context":"https:\/\/schema.org","@graph":[{"@type":"WebPage","@id":"https:\/\/compuviper.mx\/tienda\/producto\/manhattan-101981-lector-tarjetas-usb-3-0-24-en-1grabador-externo-de-tarjetas\/","url":"https:\/\/compuviper.mx\/tienda\/producto\/manhattan-101981-lector-tarjetas-usb-3-0-24-en-1grabador-externo-de-tarjetas\/","name":"[ Manhattan ] &#129351; 101981 Lector Tarjetas,,, Usb 3.0, 24 En 1,grabador Externo De Tarjetas","isPartOf":{"@id":"https:\/\/compuviper.mx\/tienda\/#website"},"datePublished":"2026-04-02T05:29:06+00:00","dateModified":"2026-04-02T05:29:06+00:00","description":"Compra 101981 Lector Tarjetas,,, Usb 3.0, 24 En 1,grabador Externo De Tarjetas + Env\u00edo a domicilio + Pago seguro + Garant\u00eda","breadcrumb":{"@id":"https:\/\/compuviper.mx\/tienda\/producto\/manhattan-101981-lector-tarjetas-usb-3-0-24-en-1grabador-externo-de-tarjetas\/#breadcrumb"},"inLanguage":"es-MX","potentialAction":[{"@type":"ReadAction","target":["https:\/\/compuviper.mx\/tienda\/producto\/manhattan-101981-lector-tarjetas-usb-3-0-24-en-1grabador-externo-de-tarjetas\/"]}]},{"@type":"BreadcrumbList","@id":"https:\/\/compuviper.mx\/tienda\/producto\/manhattan-101981-lector-tarjetas-usb-3-0-24-en-1grabador-externo-de-tarjetas\/#breadcrumb","itemListElement":[{"@type":"ListItem","position":1,"name":"Inicio","item":"https:\/\/compuviper.mx\/tienda\/"},{"@type":"ListItem","position":2,"name":"Productos","item":"https:\/\/compuviper.mx\/tienda\/productos\/"},{"@type":"ListItem","position":3,"name":"Accesorios","item":"https:\/\/compuviper.mx\/tienda\/categoria-producto\/accesorios\/"},{"@type":"ListItem","position":4,"name":"Lectores De Memorias","item":"https:\/\/compuviper.mx\/tienda\/categoria-producto\/accesorios\/lectores-de-memorias\/"},{"@type":"ListItem","position":5,"name":"Manhattan 101981 Lector Tarjetas,,, Usb 3.0, 24 En 1,grabador Externo De Tarjetas"}]},{"@type":"WebSite","@id":"https:\/\/compuviper.mx\/tienda\/#website","url":"https:\/\/compuviper.mx\/tienda\/","name":"Compuviper","description":"Proveedor de Computadoras, Laptops, Servidores, Monitores, Puntos de Venta, Teclados,   Impresoras, T\u00f3ner, C\u00e1maras de Seguridad y m\u00e1s en tu tienda en l\u00ednea","publisher":{"@id":"https:\/\/compuviper.mx\/tienda\/#organization"},"potentialAction":[{"@type":"SearchAction","target":{"@type":"EntryPoint","urlTemplate":"https:\/\/compuviper.mx\/tienda\/?s={search_term_string}"},"query-input":"required name=search_term_string"}],"inLanguage":"es-MX"},{"@type":"Organization","@id":"https:\/\/compuviper.mx\/tienda\/#organization","name":"Compuviper","url":"https:\/\/compuviper.mx\/tienda\/","logo":{"@type":"ImageObject","inLanguage":"es-MX","@id":"https:\/\/compuviper.mx\/tienda\/#\/schema\/logo\/image\/","url":"https:\/\/compuviper.mx\/tienda\/wp-content\/uploads\/2021\/08\/Logo-Compuviper-10.png","contentUrl":"https:\/\/compuviper.mx\/tienda\/wp-content\/uploads\/2021\/08\/Logo-Compuviper-10.png","width":1000,"height":500,"caption":"Compuviper"},"image":{"@id":"https:\/\/compuviper.mx\/tienda\/#\/schema\/logo\/image\/"},"sameAs":["https:\/\/www.facebook.com\/compuviper","https:\/\/www.youtube.com\/channel\/UCf73dERp9Y3cfOq7q8BhLjA?view_as=subscriber"]}]},"product_brand":"MANHATTAN","product_price_amount":"173","product_price_currency":"MXN","og_availability":"instock","product_availability":"instock","product_retailer_item_id":"101981","product_condition":"new"},"_links":{"self":[{"href":"https:\/\/compuviper.mx\/tienda\/wp-json\/wp\/v2\/product\/211649"}],"collection":[{"href":"https:\/\/compuviper.mx\/tienda\/wp-json\/wp\/v2\/product"}],"about":[{"href":"https:\/\/compuviper.mx\/tienda\/wp-json\/wp\/v2\/types\/product"}],"replies":[{"embeddable":true,"href":"https:\/\/compuviper.mx\/tienda\/wp-json\/wp\/v2\/comments?post=211649"}],"wp:featuredmedia":[{"embeddable":true,"href":"https:\/\/compuviper.mx\/tienda\/wp-json\/wp\/v2\/media\/211650"}],"wp:attachment":[{"href":"https:\/\/compuviper.mx\/tienda\/wp-json\/wp\/v2\/media?parent=211649"}],"wp:term":[{"taxonomy":"product_cat","embeddable":true,"href":"https:\/\/compuviper.mx\/tienda\/wp-json\/wp\/v2\/product_cat?post=211649"},{"taxonomy":"product_tag","embeddable":true,"href":"https:\/\/compuviper.mx\/tienda\/wp-json\/wp\/v2\/product_tag?post=211649"}],"curies":[{"name":"wp","href":"https:\/\/api.w.org\/{rel}","templated":true}]}}