{"id":211591,"date":"2026-04-10T23:25:39","date_gmt":"2026-04-11T05:25:39","guid":{"rendered":"https:\/\/compuviper.mx\/tienda\/producto\/dahua-pfa134-caja-de-conexiones-para-camaras-bullet-hfaw1000r-hfaw1100s-hfaw1200rm-hfaw2401s-hfw1120s-hfw1320s-hfw1320sw\/"},"modified":"2026-04-11T00:00:41","modified_gmt":"2026-04-11T06:00:41","slug":"dahua-pfa134-caja-de-conexiones-para-camaras-bullet-hfaw1000r-hfaw1100s-hfaw1200rm-hfaw2401s-hfw1120s-hfw1320s-hfw1320sw","status":"publish","type":"product","link":"https:\/\/compuviper.mx\/tienda\/producto\/dahua-pfa134-caja-de-conexiones-para-camaras-bullet-hfaw1000r-hfaw1100s-hfaw1200rm-hfaw2401s-hfw1120s-hfw1320s-hfw1320sw\/","title":{"rendered":"Dahua Pfa134 Caja De Conexiones  Para Camaras Bullet Hfaw1000r\/ Hfaw1100s\/ Hfaw1200rm\/ Hfaw2401s\/ Hfw1120s\/ Hfw1320s\/ Hfw1320sw"},"content":{"rendered":"<table class=\"descripcion\">\n<tr>\n<td>Principales caracter\u00edsticas:<\/td>\n<\/tr>\n<tr>\n<td>\u0095 material: aluminio y secc.<\/td>\n<\/tr>\n<tr>\n<td>\u0095 dimensiones:  and #934;90x35mm.<\/td>\n<\/tr>\n<tr>\n<td>\u0095 rosca: 2<\/td>\n<\/tr>\n<tr>\n<td>\u0095 temperatura de operaci\u00f3n: -40\u00bac a 60\u00bac.<\/td>\n<\/tr>\n<tr>\n<td>\u0095 humedad: 0 a 90% rh.<\/td>\n<\/tr>\n<tr>\n<td>\u0095 soporta: 1kg.<\/td>\n<\/tr>\n<tr>\n<td>\u0095 peso: 0.22kg.<\/td>\n<\/tr>\n<tr>\n<td>\u0095 color: blanco.<\/td>\n<\/tr>\n<tr>\n<td>\u0095 modelos compatibles: hfaw1000r, hfaw1100s, hfaw1200rm, hfaw2401s, hfw1120s, hfw1320s, hfw1320sw.<\/td>\n<\/tr>\n<\/table>\n","protected":false},"excerpt":{"rendered":"<p>El modelo pfa134 es una caja de conexiones para c\u00e1maras bullet modelos hfaw1000r, hfaw1100s, hfaw1200rm, hfaw2401s, hfw1120s, hfw1320s, hfw1320sw. La caja est\u00e1 construida de aluminio el cual le permite soportar hasta 1kg de peso, adem\u00e1s es un modelo a prueba de agua.<\/p>\n","protected":false},"featured_media":211592,"comment_status":"open","ping_status":"open","template":"","meta":[],"product_cat":[1485,1525],"product_tag":[1555],"acf":[],"yoast_head":"<!-- This site is optimized with the Yoast SEO plugin v21.7 - https:\/\/yoast.com\/wordpress\/plugins\/seo\/ -->\n<title>[ Dahua ] &#129351; Pfa134 Caja De Conexiones Para Camaras Bullet Hfaw1000r\/ Hfaw1100s\/ Hfaw1200rm\/ Hfaw2401s\/ Hfw1120s\/ Hfw1320s\/ Hfw1320sw<\/title>\n<meta name=\"description\" content=\"Compra Pfa134 Caja De Conexiones Para Camaras Bullet Hfaw1000r\/ Hfaw1100s\/ Hfaw1200rm\/ Hfaw2401s\/ Hfw1120s\/ Hfw1320s\/ Hfw1320sw + Env\u00edo a domicilio + Pago seguro + Garant\u00eda\" \/>\n<meta name=\"robots\" content=\"index, follow, max-snippet:-1, max-image-preview:large, max-video-preview:-1\" \/>\n<link rel=\"canonical\" href=\"https:\/\/compuviper.mx\/tienda\/producto\/dahua-pfa134-caja-de-conexiones-para-camaras-bullet-hfaw1000r-hfaw1100s-hfaw1200rm-hfaw2401s-hfw1120s-hfw1320s-hfw1320sw\/\" \/>\n<meta property=\"og:locale\" content=\"es_MX\" \/>\n<meta property=\"og:type\" content=\"article\" \/>\n<meta property=\"og:title\" content=\"[ Dahua ] &#129351; Pfa134 Caja De Conexiones Para Camaras Bullet Hfaw1000r\/ Hfaw1100s\/ Hfaw1200rm\/ Hfaw2401s\/ Hfw1120s\/ Hfw1320s\/ Hfw1320sw\" \/>\n<meta property=\"og:description\" content=\"Compra Pfa134 Caja De Conexiones Para Camaras Bullet Hfaw1000r\/ Hfaw1100s\/ Hfaw1200rm\/ Hfaw2401s\/ Hfw1120s\/ Hfw1320s\/ Hfw1320sw + Env\u00edo a domicilio + Pago seguro + Garant\u00eda\" \/>\n<meta property=\"og:url\" content=\"https:\/\/compuviper.mx\/tienda\/producto\/dahua-pfa134-caja-de-conexiones-para-camaras-bullet-hfaw1000r-hfaw1100s-hfaw1200rm-hfaw2401s-hfw1120s-hfw1320s-hfw1320sw\/\" \/>\n<meta property=\"og:site_name\" content=\"Compuviper\" \/>\n<meta property=\"article:publisher\" content=\"https:\/\/www.facebook.com\/compuviper\" \/>\n<meta property=\"article:modified_time\" content=\"2026-04-11T06:00:41+00:00\" \/>\n<meta property=\"og:image\" content=\"https:\/\/compuviper.mx\/tienda\/wp-content\/uploads\/2023\/12\/Caja-de-conexiones-dahua-para-camaras-bullet-hfaw1000r-hfaw1100s-hfaw1200rm-hfaw2401s-hfw1120s-hfw1320s-hfw1320sw.jpg\" \/>\n\t<meta property=\"og:image:width\" content=\"200\" \/>\n\t<meta property=\"og:image:height\" content=\"200\" \/>\n\t<meta property=\"og:image:type\" content=\"image\/jpeg\" \/>\n<meta name=\"twitter:card\" content=\"summary_large_image\" \/>\n<meta name=\"twitter:label1\" content=\"Precio\" \/>\n\t<meta name=\"twitter:data1\" content=\"&#36;144 con IVA\" \/>\n\t<meta name=\"twitter:label2\" content=\"Availability\" \/>\n\t<meta name=\"twitter:data2\" content=\"Out of stock\" \/>\n<script type=\"application\/ld+json\" class=\"yoast-schema-graph\">{\"@context\":\"https:\/\/schema.org\",\"@graph\":[{\"@type\":\"WebPage\",\"@id\":\"https:\/\/compuviper.mx\/tienda\/producto\/dahua-pfa134-caja-de-conexiones-para-camaras-bullet-hfaw1000r-hfaw1100s-hfaw1200rm-hfaw2401s-hfw1120s-hfw1320s-hfw1320sw\/\",\"url\":\"https:\/\/compuviper.mx\/tienda\/producto\/dahua-pfa134-caja-de-conexiones-para-camaras-bullet-hfaw1000r-hfaw1100s-hfaw1200rm-hfaw2401s-hfw1120s-hfw1320s-hfw1320sw\/\",\"name\":\"[ Dahua ] &#129351; Pfa134 Caja De Conexiones Para Camaras Bullet Hfaw1000r\/ Hfaw1100s\/ Hfaw1200rm\/ Hfaw2401s\/ Hfw1120s\/ Hfw1320s\/ Hfw1320sw\",\"isPartOf\":{\"@id\":\"https:\/\/compuviper.mx\/tienda\/#website\"},\"datePublished\":\"2026-04-11T05:25:39+00:00\",\"dateModified\":\"2026-04-11T06:00:41+00:00\",\"description\":\"Compra Pfa134 Caja De Conexiones Para Camaras Bullet Hfaw1000r\/ Hfaw1100s\/ Hfaw1200rm\/ Hfaw2401s\/ Hfw1120s\/ Hfw1320s\/ Hfw1320sw + Env\u00edo a domicilio + Pago seguro + Garant\u00eda\",\"breadcrumb\":{\"@id\":\"https:\/\/compuviper.mx\/tienda\/producto\/dahua-pfa134-caja-de-conexiones-para-camaras-bullet-hfaw1000r-hfaw1100s-hfaw1200rm-hfaw2401s-hfw1120s-hfw1320s-hfw1320sw\/#breadcrumb\"},\"inLanguage\":\"es-MX\",\"potentialAction\":[{\"@type\":\"ReadAction\",\"target\":[\"https:\/\/compuviper.mx\/tienda\/producto\/dahua-pfa134-caja-de-conexiones-para-camaras-bullet-hfaw1000r-hfaw1100s-hfaw1200rm-hfaw2401s-hfw1120s-hfw1320s-hfw1320sw\/\"]}]},{\"@type\":\"BreadcrumbList\",\"@id\":\"https:\/\/compuviper.mx\/tienda\/producto\/dahua-pfa134-caja-de-conexiones-para-camaras-bullet-hfaw1000r-hfaw1100s-hfaw1200rm-hfaw2401s-hfw1120s-hfw1320s-hfw1320sw\/#breadcrumb\",\"itemListElement\":[{\"@type\":\"ListItem\",\"position\":1,\"name\":\"Inicio\",\"item\":\"https:\/\/compuviper.mx\/tienda\/\"},{\"@type\":\"ListItem\",\"position\":2,\"name\":\"Productos\",\"item\":\"https:\/\/compuviper.mx\/tienda\/productos\/\"},{\"@type\":\"ListItem\",\"position\":3,\"name\":\"Accesorios\",\"item\":\"https:\/\/compuviper.mx\/tienda\/categoria-producto\/accesorios\/\"},{\"@type\":\"ListItem\",\"position\":4,\"name\":\"Camaras\",\"item\":\"https:\/\/compuviper.mx\/tienda\/categoria-producto\/accesorios\/camaras\/\"},{\"@type\":\"ListItem\",\"position\":5,\"name\":\"Dahua Pfa134 Caja De Conexiones Para Camaras Bullet Hfaw1000r\/ Hfaw1100s\/ Hfaw1200rm\/ Hfaw2401s\/ Hfw1120s\/ Hfw1320s\/ Hfw1320sw\"}]},{\"@type\":\"WebSite\",\"@id\":\"https:\/\/compuviper.mx\/tienda\/#website\",\"url\":\"https:\/\/compuviper.mx\/tienda\/\",\"name\":\"Compuviper\",\"description\":\"Proveedor de Computadoras, Laptops, Servidores, Monitores, Puntos de Venta, Teclados,   Impresoras, T\u00f3ner, C\u00e1maras de Seguridad y m\u00e1s en tu tienda en l\u00ednea\",\"publisher\":{\"@id\":\"https:\/\/compuviper.mx\/tienda\/#organization\"},\"potentialAction\":[{\"@type\":\"SearchAction\",\"target\":{\"@type\":\"EntryPoint\",\"urlTemplate\":\"https:\/\/compuviper.mx\/tienda\/?s={search_term_string}\"},\"query-input\":\"required name=search_term_string\"}],\"inLanguage\":\"es-MX\"},{\"@type\":\"Organization\",\"@id\":\"https:\/\/compuviper.mx\/tienda\/#organization\",\"name\":\"Compuviper\",\"url\":\"https:\/\/compuviper.mx\/tienda\/\",\"logo\":{\"@type\":\"ImageObject\",\"inLanguage\":\"es-MX\",\"@id\":\"https:\/\/compuviper.mx\/tienda\/#\/schema\/logo\/image\/\",\"url\":\"https:\/\/compuviper.mx\/tienda\/wp-content\/uploads\/2021\/08\/Logo-Compuviper-10.png\",\"contentUrl\":\"https:\/\/compuviper.mx\/tienda\/wp-content\/uploads\/2021\/08\/Logo-Compuviper-10.png\",\"width\":1000,\"height\":500,\"caption\":\"Compuviper\"},\"image\":{\"@id\":\"https:\/\/compuviper.mx\/tienda\/#\/schema\/logo\/image\/\"},\"sameAs\":[\"https:\/\/www.facebook.com\/compuviper\",\"https:\/\/www.youtube.com\/channel\/UCf73dERp9Y3cfOq7q8BhLjA?view_as=subscriber\"]}]}<\/script>\n<meta property=\"product:brand\" content=\"DAHUA\" \/>\n<meta property=\"product:price:amount\" content=\"144\" \/>\n<meta property=\"product:price:currency\" content=\"MXN\" \/>\n<meta property=\"og:availability\" content=\"out of stock\" \/>\n<meta property=\"product:availability\" content=\"out of stock\" \/>\n<meta property=\"product:retailer_item_id\" content=\"PFA134\" \/>\n<meta property=\"product:condition\" content=\"new\" \/>\n<!-- \/ Yoast SEO plugin. -->","yoast_head_json":{"title":"[ Dahua ] &#129351; Pfa134 Caja De Conexiones Para Camaras Bullet Hfaw1000r\/ Hfaw1100s\/ Hfaw1200rm\/ Hfaw2401s\/ Hfw1120s\/ Hfw1320s\/ Hfw1320sw","description":"Compra Pfa134 Caja De Conexiones Para Camaras Bullet Hfaw1000r\/ Hfaw1100s\/ Hfaw1200rm\/ Hfaw2401s\/ Hfw1120s\/ Hfw1320s\/ Hfw1320sw + Env\u00edo a domicilio + Pago seguro + Garant\u00eda","robots":{"index":"index","follow":"follow","max-snippet":"max-snippet:-1","max-image-preview":"max-image-preview:large","max-video-preview":"max-video-preview:-1"},"canonical":"https:\/\/compuviper.mx\/tienda\/producto\/dahua-pfa134-caja-de-conexiones-para-camaras-bullet-hfaw1000r-hfaw1100s-hfaw1200rm-hfaw2401s-hfw1120s-hfw1320s-hfw1320sw\/","og_locale":"es_MX","og_type":"article","og_title":"[ Dahua ] &#129351; Pfa134 Caja De Conexiones Para Camaras Bullet Hfaw1000r\/ Hfaw1100s\/ Hfaw1200rm\/ Hfaw2401s\/ Hfw1120s\/ Hfw1320s\/ Hfw1320sw","og_description":"Compra Pfa134 Caja De Conexiones Para Camaras Bullet Hfaw1000r\/ Hfaw1100s\/ Hfaw1200rm\/ Hfaw2401s\/ Hfw1120s\/ Hfw1320s\/ Hfw1320sw + Env\u00edo a domicilio + Pago seguro + Garant\u00eda","og_url":"https:\/\/compuviper.mx\/tienda\/producto\/dahua-pfa134-caja-de-conexiones-para-camaras-bullet-hfaw1000r-hfaw1100s-hfaw1200rm-hfaw2401s-hfw1120s-hfw1320s-hfw1320sw\/","og_site_name":"Compuviper","article_publisher":"https:\/\/www.facebook.com\/compuviper","article_modified_time":"2026-04-11T06:00:41+00:00","og_image":[{"width":200,"height":200,"url":"https:\/\/compuviper.mx\/tienda\/wp-content\/uploads\/2023\/12\/Caja-de-conexiones-dahua-para-camaras-bullet-hfaw1000r-hfaw1100s-hfaw1200rm-hfaw2401s-hfw1120s-hfw1320s-hfw1320sw.jpg","type":"image\/jpeg"}],"twitter_card":"summary_large_image","twitter_misc":{"Precio":"&#36;144 con IVA","Availability":"Out of stock"},"schema":{"@context":"https:\/\/schema.org","@graph":[{"@type":"WebPage","@id":"https:\/\/compuviper.mx\/tienda\/producto\/dahua-pfa134-caja-de-conexiones-para-camaras-bullet-hfaw1000r-hfaw1100s-hfaw1200rm-hfaw2401s-hfw1120s-hfw1320s-hfw1320sw\/","url":"https:\/\/compuviper.mx\/tienda\/producto\/dahua-pfa134-caja-de-conexiones-para-camaras-bullet-hfaw1000r-hfaw1100s-hfaw1200rm-hfaw2401s-hfw1120s-hfw1320s-hfw1320sw\/","name":"[ Dahua ] &#129351; Pfa134 Caja De Conexiones Para Camaras Bullet Hfaw1000r\/ Hfaw1100s\/ Hfaw1200rm\/ Hfaw2401s\/ Hfw1120s\/ Hfw1320s\/ Hfw1320sw","isPartOf":{"@id":"https:\/\/compuviper.mx\/tienda\/#website"},"datePublished":"2026-04-11T05:25:39+00:00","dateModified":"2026-04-11T06:00:41+00:00","description":"Compra Pfa134 Caja De Conexiones Para Camaras Bullet Hfaw1000r\/ Hfaw1100s\/ Hfaw1200rm\/ Hfaw2401s\/ Hfw1120s\/ Hfw1320s\/ Hfw1320sw + Env\u00edo a domicilio + Pago seguro + Garant\u00eda","breadcrumb":{"@id":"https:\/\/compuviper.mx\/tienda\/producto\/dahua-pfa134-caja-de-conexiones-para-camaras-bullet-hfaw1000r-hfaw1100s-hfaw1200rm-hfaw2401s-hfw1120s-hfw1320s-hfw1320sw\/#breadcrumb"},"inLanguage":"es-MX","potentialAction":[{"@type":"ReadAction","target":["https:\/\/compuviper.mx\/tienda\/producto\/dahua-pfa134-caja-de-conexiones-para-camaras-bullet-hfaw1000r-hfaw1100s-hfaw1200rm-hfaw2401s-hfw1120s-hfw1320s-hfw1320sw\/"]}]},{"@type":"BreadcrumbList","@id":"https:\/\/compuviper.mx\/tienda\/producto\/dahua-pfa134-caja-de-conexiones-para-camaras-bullet-hfaw1000r-hfaw1100s-hfaw1200rm-hfaw2401s-hfw1120s-hfw1320s-hfw1320sw\/#breadcrumb","itemListElement":[{"@type":"ListItem","position":1,"name":"Inicio","item":"https:\/\/compuviper.mx\/tienda\/"},{"@type":"ListItem","position":2,"name":"Productos","item":"https:\/\/compuviper.mx\/tienda\/productos\/"},{"@type":"ListItem","position":3,"name":"Accesorios","item":"https:\/\/compuviper.mx\/tienda\/categoria-producto\/accesorios\/"},{"@type":"ListItem","position":4,"name":"Camaras","item":"https:\/\/compuviper.mx\/tienda\/categoria-producto\/accesorios\/camaras\/"},{"@type":"ListItem","position":5,"name":"Dahua Pfa134 Caja De Conexiones Para Camaras Bullet Hfaw1000r\/ Hfaw1100s\/ Hfaw1200rm\/ Hfaw2401s\/ Hfw1120s\/ Hfw1320s\/ Hfw1320sw"}]},{"@type":"WebSite","@id":"https:\/\/compuviper.mx\/tienda\/#website","url":"https:\/\/compuviper.mx\/tienda\/","name":"Compuviper","description":"Proveedor de Computadoras, Laptops, Servidores, Monitores, Puntos de Venta, Teclados,   Impresoras, T\u00f3ner, C\u00e1maras de Seguridad y m\u00e1s en tu tienda en l\u00ednea","publisher":{"@id":"https:\/\/compuviper.mx\/tienda\/#organization"},"potentialAction":[{"@type":"SearchAction","target":{"@type":"EntryPoint","urlTemplate":"https:\/\/compuviper.mx\/tienda\/?s={search_term_string}"},"query-input":"required name=search_term_string"}],"inLanguage":"es-MX"},{"@type":"Organization","@id":"https:\/\/compuviper.mx\/tienda\/#organization","name":"Compuviper","url":"https:\/\/compuviper.mx\/tienda\/","logo":{"@type":"ImageObject","inLanguage":"es-MX","@id":"https:\/\/compuviper.mx\/tienda\/#\/schema\/logo\/image\/","url":"https:\/\/compuviper.mx\/tienda\/wp-content\/uploads\/2021\/08\/Logo-Compuviper-10.png","contentUrl":"https:\/\/compuviper.mx\/tienda\/wp-content\/uploads\/2021\/08\/Logo-Compuviper-10.png","width":1000,"height":500,"caption":"Compuviper"},"image":{"@id":"https:\/\/compuviper.mx\/tienda\/#\/schema\/logo\/image\/"},"sameAs":["https:\/\/www.facebook.com\/compuviper","https:\/\/www.youtube.com\/channel\/UCf73dERp9Y3cfOq7q8BhLjA?view_as=subscriber"]}]},"product_brand":"DAHUA","product_price_amount":"144","product_price_currency":"MXN","og_availability":"out of stock","product_availability":"out of stock","product_retailer_item_id":"PFA134","product_condition":"new"},"_links":{"self":[{"href":"https:\/\/compuviper.mx\/tienda\/wp-json\/wp\/v2\/product\/211591"}],"collection":[{"href":"https:\/\/compuviper.mx\/tienda\/wp-json\/wp\/v2\/product"}],"about":[{"href":"https:\/\/compuviper.mx\/tienda\/wp-json\/wp\/v2\/types\/product"}],"replies":[{"embeddable":true,"href":"https:\/\/compuviper.mx\/tienda\/wp-json\/wp\/v2\/comments?post=211591"}],"wp:featuredmedia":[{"embeddable":true,"href":"https:\/\/compuviper.mx\/tienda\/wp-json\/wp\/v2\/media\/211592"}],"wp:attachment":[{"href":"https:\/\/compuviper.mx\/tienda\/wp-json\/wp\/v2\/media?parent=211591"}],"wp:term":[{"taxonomy":"product_cat","embeddable":true,"href":"https:\/\/compuviper.mx\/tienda\/wp-json\/wp\/v2\/product_cat?post=211591"},{"taxonomy":"product_tag","embeddable":true,"href":"https:\/\/compuviper.mx\/tienda\/wp-json\/wp\/v2\/product_tag?post=211591"}],"curies":[{"name":"wp","href":"https:\/\/api.w.org\/{rel}","templated":true}]}}