{"id":211575,"date":"2026-04-01T23:28:55","date_gmt":"2026-04-02T05:28:55","guid":{"rendered":"https:\/\/compuviper.mx\/tienda\/producto\/manhattan-507578-adaptador-usb-v3-0-a-red-gb-hub-3-ptos-mh\/"},"modified":"2026-04-01T23:28:55","modified_gmt":"2026-04-02T05:28:55","slug":"manhattan-507578-adaptador-usb-v3-0-a-red-gb-hub-3-ptos-mh","status":"publish","type":"product","link":"https:\/\/compuviper.mx\/tienda\/producto\/manhattan-507578-adaptador-usb-v3-0-a-red-gb-hub-3-ptos-mh\/","title":{"rendered":"Manhattan 507578 Adaptador Usb,,, V3.0 A Red Gb  + Hub 3 Ptos Mh"},"content":{"rendered":"<table class=\"descripcion\">\n<tr>\n<td>*est\u00e1ndares<\/td>\n<\/tr>\n<tr>\n<td>Usb versi\u00f3n 3.0<\/td>\n<\/tr>\n<tr>\n<td>Usb versi\u00f3n 2.0<\/td>\n<\/tr>\n<tr>\n<td>Usb versi\u00f3n 1.1<\/td>\n<\/tr>\n<tr>\n<td>Usb versi\u00f3n 1.0<\/td>\n<\/tr>\n<tr>\n<td>Ieee 802.1p (priorizaci\u00f3n de tr\u00e1fico)<\/td>\n<\/tr>\n<tr>\n<td>Ieee 802.1q (marcado vlan)<\/td>\n<\/tr>\n<tr>\n<td>Ieee 802.3 (10base-t ethernet)<\/td>\n<\/tr>\n<tr>\n<td>Ieee 802.3ab (gigabit ethernet en par trenzado)<\/td>\n<\/tr>\n<tr>\n<td>Ieee 802.3az (energy efficient ethernet eee)<\/td>\n<\/tr>\n<tr>\n<td>Ieee 802.3u (100base-tx fast ethernet)<\/td>\n<\/tr>\n<tr>\n<td>*general<\/td>\n<\/tr>\n<tr>\n<td>Conector usb tipo-a<\/td>\n<\/tr>\n<tr>\n<td>Conector rj-45<\/td>\n<\/tr>\n<tr>\n<td>Tres puertos usb 3.0 est\u00e1ndar-a<\/td>\n<\/tr>\n<tr>\n<td>Conector para adaptador de energ\u00eda universal 5vdc (opcional, no incluido)<\/td>\n<\/tr>\n<tr>\n<td>Certificaciones: fcc clase b, marca ce, rohs<\/td>\n<\/tr>\n<tr>\n<td>*alimentaci\u00f3n<\/td>\n<\/tr>\n<tr>\n<td>Usb alimentado por bus \/ auto-alimentado<\/td>\n<\/tr>\n<tr>\n<td>Corriente de trabajo: s300 ma +\/- 10 ma<\/td>\n<\/tr>\n<tr>\n<td>Conector para adaptador externo de energ\u00eda (5vdc 2a, conector de alimentaci\u00f3n de 3.5 mm, tip +)<\/td>\n<\/tr>\n<tr>\n<td>*caracter\u00edsticas y ambiente de operaci\u00f3n<\/td>\n<\/tr>\n<tr>\n<td>Dimensiones: 22.8 (l) x 45 (w) x 14 (h) [mm] \/ 0.9 (l) x 1.77 (w) x 0.55 (h) [in]<\/td>\n<\/tr>\n<tr>\n<td>Longitud del cable: 10 cm (+\/- 1)<\/td>\n<\/tr>\n<tr>\n<td>Peso: 0.048 kg (0.1 lbs.)<\/td>\n<\/tr>\n<tr>\n<td>Temperatura de operaci\u00f3n: 0 \u0096 50\u00b0c (32 \u0096 122\u00b0f)<\/td>\n<\/tr>\n<tr>\n<td>Temperatura de almacenamiento: -20 \u0096 75\u00b0c (-4 \u0096 167\u00b0f)<\/td>\n<\/tr>\n<tr>\n<td>Humedad de operaci\u00f3n: 10 \u0096 85% rh, sin condensar<\/td>\n<\/tr>\n<tr>\n<td>*sistemas operativos soportados<\/td>\n<\/tr>\n<tr>\n<td>Windows xp, windows vista, windows 7, windows 8\/8.1 y windows 10<\/td>\n<\/tr>\n<tr>\n<td>Apple mac os 10.6 &#8211; 10.11<\/td>\n<\/tr>\n<tr>\n<td>Google chrome os<\/td>\n<\/tr>\n<tr>\n<td>No soporta windows rt<\/td>\n<\/tr>\n<tr>\n<td>*contenido del paquete:<\/td>\n<\/tr>\n<tr>\n<td>Hub de 3 puertos usb 3.0 con adaptador gigabit ethernet<\/td>\n<\/tr>\n<tr>\n<td>Instrucciones de instalaci\u00f3n<\/td>\n<\/tr>\n<tr>\n<td>Controlador en cd<\/td>\n<\/tr>\n<\/table>\n","protected":false},"excerpt":{"rendered":"<p>*agrega una conexi\u00f3n de red gigabit de alta velocidad y tres puertos usb 3.0 para computadoras pot\u00e1tiles, 2 en 2, ultrabooks\u0099, dispositivos surface\u00ae, macbook\u00ae y chromebook\u0099. *hub de tres puertos usb 3.0 superspeed que soportan velocidades de hasta 5 gbps. *un puerto gigabit ethernet (rj45) que soporta una velocidad de transferencia de hasta 2 gbps full-duplex. *reemplaza un puerto interno rj45 gigabit ethernet averiado en una laptop y brinda puertos usb 3.0 adicionales para perif\u00e9ricos usb. *tecnolog\u00eda de ahorro de energ\u00eda ethernet de eficiencia de energ\u00eda (ieee 802.3az). *trabaja con ultrabooks, laptops y pcs con windows 7 o windows 8, windows 8.1 o windows 10. *compatible con apple macbook (descarga de controlador disponible). *soporta dispositivos con windows xp\u00ae y vista?. *compatible con microsoft surface pro 2, surface 3, surface pro 3, surface 4 y surface pro 4. *compatible con google chromebook pixel. *compatible con dell\u0099 xps series 12, 13 y 15, alienware\u0099 serie 13, 15 y 17, hp\u0099 spectre, lenovo\u00ae .*yoga, acer\u00ae aspire y otras ultrabooks con windows 8.1 o windows 10. *un puerto rj45 gigabit ethernet 1000base-t con soporte auto mdi-x (auto enlace ascendente). *soporta marcos jumbo de hasta 4 kbytes. *soporta wake-on-lan (wol). *compatible con las especificaciones usb 3.0 y compatible con versiones anteriores usb 2.0 y dispositivos usb 1.1. El hub manhattan de 3 puertos usb 3.0 con adaptador gigabit ethernet es hecho pensando espec\u00edficamente en los ocupados usuarios de ultrabooks\u0099. Conecta a un puerto usb 3.0 disponible en tu ultrabook o pc, y el adaptador ampliar\u00e1 tus conexiones con tres puertos extra usb3.0 superspeed y un puerto rj45 gigabit ethernet. Obt\u00e9n velocidades de 10, 100 o hasta 1000 mbps. R\u00e1pido y discreto. El hub manhattan de 3 puertos usb 3.0 con adaptador gigabit ethernet est\u00e1 equipado con un puerto gigabit lan completamente autosensible capaz de brindar un completo rendimiento de 2 gbps en modo full-duplex. Brinda un rendimiento excepcional para todo quien requiera una conexi\u00f3n de red ultrar\u00e1pida y solida. Lo \u00faltimo en tecnolog\u00eda de ahorro de energ\u00eda asegura que el hub no consuma la bater\u00eda de tu computadora en el proceso. Rendimiento usb poderoso y r\u00e1pido en un hub multipuerto. Tres puertos usb 3.0 permite que los usuarios conecten discos de almacenamiento externo, webcams y m\u00e1s a velocidades de 5 gbps. Es compatible con versiones usb anteriores, listo para plug-and-play y apto para intercambio de conexiones al momento. Si tus perif\u00e9ricos requieren energ\u00eda adicional, el hub manhattan de 3 puertos usb 3.0 con adaptador gigabit ethernet incluye un conector est\u00e1ndar para un adaptador de energ\u00eda externo de 5 vdc con un conector de energ\u00eda de 3.5 mm. Dise\u00f1o port\u00e1til. El hub manhattan de 3 puertos usb 3.0 con adaptador gigabit ethernet es compacto y puede llevarse f\u00e1cilmente en el estuche de tu computadora mientras viajas, adem\u00e1s de poder cambiarse entre una computadora y otra. Requiere una m\u00ednima cantidad de espacio y no agrega enredos a tu \u00e1rea de trabajo. Compatible con casi todo. Desde ultrabooks basadas en windows\u00ae (como la dell\u0099 xps o acer\u00ae serie aspire) hasta chromebooks\u0099, y apple macbooks\u00ae hasta laptops y computadoras de escritorio, mientras tu equipo incluya un puerto est\u00e1ndar usb 2.0 o usb 3.0 (se recomienda usb 3.0 para un mejor rendimiento) ser\u00e1 compatible para conectarlo.<\/p>\n","protected":false},"featured_media":211576,"comment_status":"open","ping_status":"open","template":"","meta":[],"product_cat":[1485,1497],"product_tag":[1487],"acf":[],"yoast_head":"<!-- This site is optimized with the Yoast SEO plugin v21.7 - https:\/\/yoast.com\/wordpress\/plugins\/seo\/ -->\n<title>[ Manhattan ] &#129351; 507578 Adaptador Usb,,, V3.0 A Red Gb + Hub 3 Ptos Mh<\/title>\n<meta name=\"description\" content=\"Compra 507578 Adaptador Usb,,, V3.0 A Red Gb + Hub 3 Ptos Mh + Env\u00edo a domicilio + Pago seguro + Garant\u00eda\" \/>\n<meta name=\"robots\" content=\"index, follow, max-snippet:-1, max-image-preview:large, max-video-preview:-1\" \/>\n<link rel=\"canonical\" href=\"https:\/\/compuviper.mx\/tienda\/producto\/manhattan-507578-adaptador-usb-v3-0-a-red-gb-hub-3-ptos-mh\/\" \/>\n<meta property=\"og:locale\" content=\"es_MX\" \/>\n<meta property=\"og:type\" content=\"article\" \/>\n<meta property=\"og:title\" content=\"[ Manhattan ] &#129351; 507578 Adaptador Usb,,, V3.0 A Red Gb + Hub 3 Ptos Mh\" \/>\n<meta property=\"og:description\" content=\"Compra 507578 Adaptador Usb,,, V3.0 A Red Gb + Hub 3 Ptos Mh + Env\u00edo a domicilio + Pago seguro + Garant\u00eda\" \/>\n<meta property=\"og:url\" content=\"https:\/\/compuviper.mx\/tienda\/producto\/manhattan-507578-adaptador-usb-v3-0-a-red-gb-hub-3-ptos-mh\/\" \/>\n<meta property=\"og:site_name\" content=\"Compuviper\" \/>\n<meta property=\"article:publisher\" content=\"https:\/\/www.facebook.com\/compuviper\" \/>\n<meta property=\"og:image\" content=\"https:\/\/compuviper.mx\/tienda\/wp-content\/uploads\/2023\/12\/Adaptador-usbmanhattan507578-v3.0-a-red-gb-hub-3-ptos-mh.jpg\" \/>\n\t<meta property=\"og:image:width\" content=\"200\" \/>\n\t<meta property=\"og:image:height\" content=\"200\" \/>\n\t<meta property=\"og:image:type\" content=\"image\/jpeg\" \/>\n<meta name=\"twitter:card\" content=\"summary_large_image\" \/>\n<meta name=\"twitter:label1\" content=\"Precio\" \/>\n\t<meta name=\"twitter:data1\" content=\"&#36;705 con IVA\" \/>\n\t<meta name=\"twitter:label2\" content=\"Availability\" \/>\n\t<meta name=\"twitter:data2\" content=\"In stock\" \/>\n<script type=\"application\/ld+json\" class=\"yoast-schema-graph\">{\"@context\":\"https:\/\/schema.org\",\"@graph\":[{\"@type\":\"WebPage\",\"@id\":\"https:\/\/compuviper.mx\/tienda\/producto\/manhattan-507578-adaptador-usb-v3-0-a-red-gb-hub-3-ptos-mh\/\",\"url\":\"https:\/\/compuviper.mx\/tienda\/producto\/manhattan-507578-adaptador-usb-v3-0-a-red-gb-hub-3-ptos-mh\/\",\"name\":\"[ Manhattan ] &#129351; 507578 Adaptador Usb,,, V3.0 A Red Gb + Hub 3 Ptos Mh\",\"isPartOf\":{\"@id\":\"https:\/\/compuviper.mx\/tienda\/#website\"},\"datePublished\":\"2026-04-02T05:28:55+00:00\",\"dateModified\":\"2026-04-02T05:28:55+00:00\",\"description\":\"Compra 507578 Adaptador Usb,,, V3.0 A Red Gb + Hub 3 Ptos Mh + Env\u00edo a domicilio + Pago seguro + Garant\u00eda\",\"breadcrumb\":{\"@id\":\"https:\/\/compuviper.mx\/tienda\/producto\/manhattan-507578-adaptador-usb-v3-0-a-red-gb-hub-3-ptos-mh\/#breadcrumb\"},\"inLanguage\":\"es-MX\",\"potentialAction\":[{\"@type\":\"ReadAction\",\"target\":[\"https:\/\/compuviper.mx\/tienda\/producto\/manhattan-507578-adaptador-usb-v3-0-a-red-gb-hub-3-ptos-mh\/\"]}]},{\"@type\":\"BreadcrumbList\",\"@id\":\"https:\/\/compuviper.mx\/tienda\/producto\/manhattan-507578-adaptador-usb-v3-0-a-red-gb-hub-3-ptos-mh\/#breadcrumb\",\"itemListElement\":[{\"@type\":\"ListItem\",\"position\":1,\"name\":\"Inicio\",\"item\":\"https:\/\/compuviper.mx\/tienda\/\"},{\"@type\":\"ListItem\",\"position\":2,\"name\":\"Productos\",\"item\":\"https:\/\/compuviper.mx\/tienda\/productos\/\"},{\"@type\":\"ListItem\",\"position\":3,\"name\":\"Accesorios\",\"item\":\"https:\/\/compuviper.mx\/tienda\/categoria-producto\/accesorios\/\"},{\"@type\":\"ListItem\",\"position\":4,\"name\":\"Hub Usb\",\"item\":\"https:\/\/compuviper.mx\/tienda\/categoria-producto\/accesorios\/hub-usb\/\"},{\"@type\":\"ListItem\",\"position\":5,\"name\":\"Manhattan 507578 Adaptador Usb,,, V3.0 A Red Gb + Hub 3 Ptos Mh\"}]},{\"@type\":\"WebSite\",\"@id\":\"https:\/\/compuviper.mx\/tienda\/#website\",\"url\":\"https:\/\/compuviper.mx\/tienda\/\",\"name\":\"Compuviper\",\"description\":\"Proveedor de Computadoras, Laptops, Servidores, Monitores, Puntos de Venta, Teclados,   Impresoras, T\u00f3ner, C\u00e1maras de Seguridad y m\u00e1s en tu tienda en l\u00ednea\",\"publisher\":{\"@id\":\"https:\/\/compuviper.mx\/tienda\/#organization\"},\"potentialAction\":[{\"@type\":\"SearchAction\",\"target\":{\"@type\":\"EntryPoint\",\"urlTemplate\":\"https:\/\/compuviper.mx\/tienda\/?s={search_term_string}\"},\"query-input\":\"required name=search_term_string\"}],\"inLanguage\":\"es-MX\"},{\"@type\":\"Organization\",\"@id\":\"https:\/\/compuviper.mx\/tienda\/#organization\",\"name\":\"Compuviper\",\"url\":\"https:\/\/compuviper.mx\/tienda\/\",\"logo\":{\"@type\":\"ImageObject\",\"inLanguage\":\"es-MX\",\"@id\":\"https:\/\/compuviper.mx\/tienda\/#\/schema\/logo\/image\/\",\"url\":\"https:\/\/compuviper.mx\/tienda\/wp-content\/uploads\/2021\/08\/Logo-Compuviper-10.png\",\"contentUrl\":\"https:\/\/compuviper.mx\/tienda\/wp-content\/uploads\/2021\/08\/Logo-Compuviper-10.png\",\"width\":1000,\"height\":500,\"caption\":\"Compuviper\"},\"image\":{\"@id\":\"https:\/\/compuviper.mx\/tienda\/#\/schema\/logo\/image\/\"},\"sameAs\":[\"https:\/\/www.facebook.com\/compuviper\",\"https:\/\/www.youtube.com\/channel\/UCf73dERp9Y3cfOq7q8BhLjA?view_as=subscriber\"]}]}<\/script>\n<meta property=\"product:brand\" content=\"MANHATTAN\" \/>\n<meta property=\"product:price:amount\" content=\"705\" \/>\n<meta property=\"product:price:currency\" content=\"MXN\" \/>\n<meta property=\"og:availability\" content=\"instock\" \/>\n<meta property=\"product:availability\" content=\"instock\" \/>\n<meta property=\"product:retailer_item_id\" content=\"507578\" \/>\n<meta property=\"product:condition\" content=\"new\" \/>\n<!-- \/ Yoast SEO plugin. -->","yoast_head_json":{"title":"[ Manhattan ] &#129351; 507578 Adaptador Usb,,, V3.0 A Red Gb + Hub 3 Ptos Mh","description":"Compra 507578 Adaptador Usb,,, V3.0 A Red Gb + Hub 3 Ptos Mh + Env\u00edo a domicilio + Pago seguro + Garant\u00eda","robots":{"index":"index","follow":"follow","max-snippet":"max-snippet:-1","max-image-preview":"max-image-preview:large","max-video-preview":"max-video-preview:-1"},"canonical":"https:\/\/compuviper.mx\/tienda\/producto\/manhattan-507578-adaptador-usb-v3-0-a-red-gb-hub-3-ptos-mh\/","og_locale":"es_MX","og_type":"article","og_title":"[ Manhattan ] &#129351; 507578 Adaptador Usb,,, V3.0 A Red Gb + Hub 3 Ptos Mh","og_description":"Compra 507578 Adaptador Usb,,, V3.0 A Red Gb + Hub 3 Ptos Mh + Env\u00edo a domicilio + Pago seguro + Garant\u00eda","og_url":"https:\/\/compuviper.mx\/tienda\/producto\/manhattan-507578-adaptador-usb-v3-0-a-red-gb-hub-3-ptos-mh\/","og_site_name":"Compuviper","article_publisher":"https:\/\/www.facebook.com\/compuviper","og_image":[{"width":200,"height":200,"url":"https:\/\/compuviper.mx\/tienda\/wp-content\/uploads\/2023\/12\/Adaptador-usbmanhattan507578-v3.0-a-red-gb-hub-3-ptos-mh.jpg","type":"image\/jpeg"}],"twitter_card":"summary_large_image","twitter_misc":{"Precio":"&#36;705 con IVA","Availability":"In stock"},"schema":{"@context":"https:\/\/schema.org","@graph":[{"@type":"WebPage","@id":"https:\/\/compuviper.mx\/tienda\/producto\/manhattan-507578-adaptador-usb-v3-0-a-red-gb-hub-3-ptos-mh\/","url":"https:\/\/compuviper.mx\/tienda\/producto\/manhattan-507578-adaptador-usb-v3-0-a-red-gb-hub-3-ptos-mh\/","name":"[ Manhattan ] &#129351; 507578 Adaptador Usb,,, V3.0 A Red Gb + Hub 3 Ptos Mh","isPartOf":{"@id":"https:\/\/compuviper.mx\/tienda\/#website"},"datePublished":"2026-04-02T05:28:55+00:00","dateModified":"2026-04-02T05:28:55+00:00","description":"Compra 507578 Adaptador Usb,,, V3.0 A Red Gb + Hub 3 Ptos Mh + Env\u00edo a domicilio + Pago seguro + Garant\u00eda","breadcrumb":{"@id":"https:\/\/compuviper.mx\/tienda\/producto\/manhattan-507578-adaptador-usb-v3-0-a-red-gb-hub-3-ptos-mh\/#breadcrumb"},"inLanguage":"es-MX","potentialAction":[{"@type":"ReadAction","target":["https:\/\/compuviper.mx\/tienda\/producto\/manhattan-507578-adaptador-usb-v3-0-a-red-gb-hub-3-ptos-mh\/"]}]},{"@type":"BreadcrumbList","@id":"https:\/\/compuviper.mx\/tienda\/producto\/manhattan-507578-adaptador-usb-v3-0-a-red-gb-hub-3-ptos-mh\/#breadcrumb","itemListElement":[{"@type":"ListItem","position":1,"name":"Inicio","item":"https:\/\/compuviper.mx\/tienda\/"},{"@type":"ListItem","position":2,"name":"Productos","item":"https:\/\/compuviper.mx\/tienda\/productos\/"},{"@type":"ListItem","position":3,"name":"Accesorios","item":"https:\/\/compuviper.mx\/tienda\/categoria-producto\/accesorios\/"},{"@type":"ListItem","position":4,"name":"Hub Usb","item":"https:\/\/compuviper.mx\/tienda\/categoria-producto\/accesorios\/hub-usb\/"},{"@type":"ListItem","position":5,"name":"Manhattan 507578 Adaptador Usb,,, V3.0 A Red Gb + Hub 3 Ptos Mh"}]},{"@type":"WebSite","@id":"https:\/\/compuviper.mx\/tienda\/#website","url":"https:\/\/compuviper.mx\/tienda\/","name":"Compuviper","description":"Proveedor de Computadoras, Laptops, Servidores, Monitores, Puntos de Venta, Teclados,   Impresoras, T\u00f3ner, C\u00e1maras de Seguridad y m\u00e1s en tu tienda en l\u00ednea","publisher":{"@id":"https:\/\/compuviper.mx\/tienda\/#organization"},"potentialAction":[{"@type":"SearchAction","target":{"@type":"EntryPoint","urlTemplate":"https:\/\/compuviper.mx\/tienda\/?s={search_term_string}"},"query-input":"required name=search_term_string"}],"inLanguage":"es-MX"},{"@type":"Organization","@id":"https:\/\/compuviper.mx\/tienda\/#organization","name":"Compuviper","url":"https:\/\/compuviper.mx\/tienda\/","logo":{"@type":"ImageObject","inLanguage":"es-MX","@id":"https:\/\/compuviper.mx\/tienda\/#\/schema\/logo\/image\/","url":"https:\/\/compuviper.mx\/tienda\/wp-content\/uploads\/2021\/08\/Logo-Compuviper-10.png","contentUrl":"https:\/\/compuviper.mx\/tienda\/wp-content\/uploads\/2021\/08\/Logo-Compuviper-10.png","width":1000,"height":500,"caption":"Compuviper"},"image":{"@id":"https:\/\/compuviper.mx\/tienda\/#\/schema\/logo\/image\/"},"sameAs":["https:\/\/www.facebook.com\/compuviper","https:\/\/www.youtube.com\/channel\/UCf73dERp9Y3cfOq7q8BhLjA?view_as=subscriber"]}]},"product_brand":"MANHATTAN","product_price_amount":"705","product_price_currency":"MXN","og_availability":"instock","product_availability":"instock","product_retailer_item_id":"507578","product_condition":"new"},"_links":{"self":[{"href":"https:\/\/compuviper.mx\/tienda\/wp-json\/wp\/v2\/product\/211575"}],"collection":[{"href":"https:\/\/compuviper.mx\/tienda\/wp-json\/wp\/v2\/product"}],"about":[{"href":"https:\/\/compuviper.mx\/tienda\/wp-json\/wp\/v2\/types\/product"}],"replies":[{"embeddable":true,"href":"https:\/\/compuviper.mx\/tienda\/wp-json\/wp\/v2\/comments?post=211575"}],"wp:featuredmedia":[{"embeddable":true,"href":"https:\/\/compuviper.mx\/tienda\/wp-json\/wp\/v2\/media\/211576"}],"wp:attachment":[{"href":"https:\/\/compuviper.mx\/tienda\/wp-json\/wp\/v2\/media?parent=211575"}],"wp:term":[{"taxonomy":"product_cat","embeddable":true,"href":"https:\/\/compuviper.mx\/tienda\/wp-json\/wp\/v2\/product_cat?post=211575"},{"taxonomy":"product_tag","embeddable":true,"href":"https:\/\/compuviper.mx\/tienda\/wp-json\/wp\/v2\/product_tag?post=211575"}],"curies":[{"name":"wp","href":"https:\/\/api.w.org\/{rel}","templated":true}]}}