{"id":211573,"date":"2026-04-09T23:27:07","date_gmt":"2026-04-10T05:27:07","guid":{"rendered":"https:\/\/compuviper.mx\/tienda\/producto\/manhattan-207461-extensor-video-hdmi-50m-via-cat-6-un-cable\/"},"modified":"2026-04-09T23:27:07","modified_gmt":"2026-04-10T05:27:07","slug":"manhattan-207461-extensor-video-hdmi-50m-via-cat-6-un-cable","status":"publish","type":"product","link":"https:\/\/compuviper.mx\/tienda\/producto\/manhattan-207461-extensor-video-hdmi-50m-via-cat-6-un-cable\/","title":{"rendered":"Manhattan 207461 Extensor Video,,, Hdmi, 50m Via Cat 6 (un Cable)"},"content":{"rendered":"<table class=\"descripcion\">\n<tr>\n<td>*est\u00e1ndares y certificaciones<\/td>\n<\/tr>\n<tr>\n<td>Hdcp<\/td>\n<\/tr>\n<tr>\n<td>Dvi 1.0<\/td>\n<\/tr>\n<tr>\n<td>Cts 1.2<\/td>\n<\/tr>\n<tr>\n<td>Ce<\/td>\n<\/tr>\n<tr>\n<td>Fcc<\/td>\n<\/tr>\n<tr>\n<td>Rohs2<\/td>\n<\/tr>\n<tr>\n<td>*general<\/td>\n<\/tr>\n<tr>\n<td>Cable cat6 1080p a 50 m (165 ft.)<\/td>\n<\/tr>\n<tr>\n<td>Cable cat6 720p a 70 m (230 ft.)<\/td>\n<\/tr>\n<tr>\n<td>Cable cat6 480p a 100 m (300 ft.)<\/td>\n<\/tr>\n<tr>\n<td>Alimentaci\u00f3n: 5 vdc \/ 1 a; cable, 1.4 m (4.5 ft.)<\/td>\n<\/tr>\n<tr>\n<td>*conexiones<\/td>\n<\/tr>\n<tr>\n<td>2 hdmi hembra (transmisor)<\/td>\n<\/tr>\n<tr>\n<td>1 hdmi hembra (receptor)<\/td>\n<\/tr>\n<tr>\n<td>1 rj45 hembra (transmisorr\/receptor)<\/td>\n<\/tr>\n<tr>\n<td>1 hembra de alimentaci\u00f3n 5v\/dc (transmisor)<\/td>\n<\/tr>\n<tr>\n<td>1 3.5mm\/ hembra ir (transmisor\/receptor)<\/td>\n<\/tr>\n<tr>\n<td>*entrada y salida de se\u00f1al<\/td>\n<\/tr>\n<tr>\n<td>Entrada de se\u00f1al de video: 0.5 \u0096 1.0 v p-p<\/td>\n<\/tr>\n<tr>\n<td>Entrada de se\u00f1al ddc: 5 v p-p (ttl)<\/td>\n<\/tr>\n<tr>\n<td>Alcance m\u00e1ximo de enlace sencillo: 1920&#215;1200\/60 hz, 1080p<\/td>\n<\/tr>\n<tr>\n<td>Salida de video: hdcp 1.2, dvi 1.0<\/td>\n<\/tr>\n<tr>\n<td>Frecuencia: 3.40 gbps \/ 340 mhz<\/td>\n<\/tr>\n<tr>\n<td>*resoluciones de v\u00eddeo<\/td>\n<\/tr>\n<tr>\n<td>Vga: 640 x 480, 800 x 600, 1024 x 768, 1920 x 1200<\/td>\n<\/tr>\n<tr>\n<td>Dtv\/hdtv: 480i\/480p\/576i\/576p\/720p\/1080i\/1080p<\/td>\n<\/tr>\n<tr>\n<td>*caracter\u00edsticas f\u00edsicas:<\/td>\n<\/tr>\n<tr>\n<td>Dimensiones: 69 x 80 x 17mm (2.7 x 3.2 x .7 in.)<\/td>\n<\/tr>\n<tr>\n<td>Peso: 0.35 kg (12.3 oz.)<\/td>\n<\/tr>\n<tr>\n<td>Chasis: met\u00e1lico<\/td>\n<\/tr>\n<tr>\n<td>*ambiente de operaci\u00f3n<\/td>\n<\/tr>\n<tr>\n<td>Temperatura de operaci\u00f3n: 32 ~ 104\u00b0f (-0 ~ 40\u00b0c)<\/td>\n<\/tr>\n<tr>\n<td>Temperatura de almacenamiento: -4 ~ 140\u00b0f (-20 ~ 60\u00b0c)<\/td>\n<\/tr>\n<tr>\n<td>Humedad (sin condensaci\u00f3n): 0 ~ 96%<\/td>\n<\/tr>\n<tr>\n<td>*contenido del empaque<\/td>\n<\/tr>\n<tr>\n<td>Extensor hdmi (2 modulos, receptor\/transmisor)<\/td>\n<\/tr>\n<tr>\n<td>Adaptador de energ\u00eda (1 unidad)<\/td>\n<\/tr>\n<tr>\n<td>Repetidor y receptor de infrarrojos (1 unidad cada uno)<\/td>\n<\/tr>\n<tr>\n<td>Gu\u00eda de instalaci\u00f3n r\u00e1pida<\/td>\n<\/tr>\n<\/table>\n","protected":false},"excerpt":{"rendered":"<p>*extiende la conexi\u00f3n hdmi hasta a 50 m\/164 pies entre una fuente hdmi y un monitor o proyector hdmi, utilizando un cable de red ethernet. *el transmisor de 2 puertos (1 hdmi, 1 ethernet) permite que la se\u00f1al hdmi sea enviada sobre el cable de red y se dividida a una pantalla local simult\u00e1neamente. *soporta amplificadores de v\u00eddeo con un ancho de banda de hasta 340 mhz, 3.4 gbps por canal (10.2gbps total) para pantallas 1080p. *soporta formato de audio de 8 canales lpcm con compresi\u00f3n sin perdida, y sonido envolvente 7.1\/5.1. *sus cables ir de banda ancha para recibir y transmitir, permiten un c\u00f3modo control remoto o una fuente de se\u00f1al hd. *soporta poder sobre cable (poc), unidad energ\u00eda rx con unidad de energ\u00eda tx. *su interruptor ajustable edid minimiza el hdcp y otros temas de la pantalla; elige cu\u00e1l configurar. *cumple por completo con hdcp para proteger el contenido de transmisiones de alta definici\u00f3n y asegurar una recepci\u00f3n de calidad. *plug and play &#8211; no requiere instalaci\u00f3n o configuraci\u00f3n. *trabaja con consolas de videojuegos playstation y xbox, reproductores blu-ray, decodificadores, receptores satelitales y m\u00e1s. *contactos chapados para conexiones libres de corrosi\u00f3n. *para una capacidad de distancias adicionales, utiliza cables hdmi de 15 m tanto en transmisor como en receptor.<\/p>\n","protected":false},"featured_media":211574,"comment_status":"open","ping_status":"open","template":"","meta":[],"product_cat":[1485,1506],"product_tag":[1487],"acf":[],"yoast_head":"<!-- This site is optimized with the Yoast SEO plugin v21.7 - https:\/\/yoast.com\/wordpress\/plugins\/seo\/ -->\n<title>[ Manhattan ] &#129351; 207461 Extensor Video,,, Hdmi, 50m Via Cat 6 (un Cable)<\/title>\n<meta name=\"description\" content=\"Compra 207461 Extensor Video,,, Hdmi, 50m Via Cat 6 (un Cable) + Env\u00edo a domicilio + Pago seguro + Garant\u00eda\" \/>\n<meta name=\"robots\" content=\"index, follow, max-snippet:-1, max-image-preview:large, max-video-preview:-1\" \/>\n<link rel=\"canonical\" href=\"https:\/\/compuviper.mx\/tienda\/producto\/manhattan-207461-extensor-video-hdmi-50m-via-cat-6-un-cable\/\" \/>\n<meta property=\"og:locale\" content=\"es_MX\" \/>\n<meta property=\"og:type\" content=\"article\" \/>\n<meta property=\"og:title\" content=\"[ Manhattan ] &#129351; 207461 Extensor Video,,, Hdmi, 50m Via Cat 6 (un Cable)\" \/>\n<meta property=\"og:description\" content=\"Compra 207461 Extensor Video,,, Hdmi, 50m Via Cat 6 (un Cable) + Env\u00edo a domicilio + Pago seguro + Garant\u00eda\" \/>\n<meta property=\"og:url\" content=\"https:\/\/compuviper.mx\/tienda\/producto\/manhattan-207461-extensor-video-hdmi-50m-via-cat-6-un-cable\/\" \/>\n<meta property=\"og:site_name\" content=\"Compuviper\" \/>\n<meta property=\"article:publisher\" content=\"https:\/\/www.facebook.com\/compuviper\" \/>\n<meta property=\"og:image\" content=\"https:\/\/compuviper.mx\/tienda\/wp-content\/uploads\/2023\/12\/Extensor-videomanhattan207461-hdmi-50m-via-cat-6-un-cable.jpg\" \/>\n\t<meta property=\"og:image:width\" content=\"200\" \/>\n\t<meta property=\"og:image:height\" content=\"200\" \/>\n\t<meta property=\"og:image:type\" content=\"image\/jpeg\" \/>\n<meta name=\"twitter:card\" content=\"summary_large_image\" \/>\n<meta name=\"twitter:label1\" content=\"Precio\" \/>\n\t<meta name=\"twitter:data1\" content=\"&#36;1,244 con IVA\" \/>\n\t<meta name=\"twitter:label2\" content=\"Availability\" \/>\n\t<meta name=\"twitter:data2\" content=\"In stock\" \/>\n<script type=\"application\/ld+json\" class=\"yoast-schema-graph\">{\"@context\":\"https:\/\/schema.org\",\"@graph\":[{\"@type\":\"WebPage\",\"@id\":\"https:\/\/compuviper.mx\/tienda\/producto\/manhattan-207461-extensor-video-hdmi-50m-via-cat-6-un-cable\/\",\"url\":\"https:\/\/compuviper.mx\/tienda\/producto\/manhattan-207461-extensor-video-hdmi-50m-via-cat-6-un-cable\/\",\"name\":\"[ Manhattan ] &#129351; 207461 Extensor Video,,, Hdmi, 50m Via Cat 6 (un Cable)\",\"isPartOf\":{\"@id\":\"https:\/\/compuviper.mx\/tienda\/#website\"},\"datePublished\":\"2026-04-10T05:27:07+00:00\",\"dateModified\":\"2026-04-10T05:27:07+00:00\",\"description\":\"Compra 207461 Extensor Video,,, Hdmi, 50m Via Cat 6 (un Cable) + Env\u00edo a domicilio + Pago seguro + Garant\u00eda\",\"breadcrumb\":{\"@id\":\"https:\/\/compuviper.mx\/tienda\/producto\/manhattan-207461-extensor-video-hdmi-50m-via-cat-6-un-cable\/#breadcrumb\"},\"inLanguage\":\"es-MX\",\"potentialAction\":[{\"@type\":\"ReadAction\",\"target\":[\"https:\/\/compuviper.mx\/tienda\/producto\/manhattan-207461-extensor-video-hdmi-50m-via-cat-6-un-cable\/\"]}]},{\"@type\":\"BreadcrumbList\",\"@id\":\"https:\/\/compuviper.mx\/tienda\/producto\/manhattan-207461-extensor-video-hdmi-50m-via-cat-6-un-cable\/#breadcrumb\",\"itemListElement\":[{\"@type\":\"ListItem\",\"position\":1,\"name\":\"Inicio\",\"item\":\"https:\/\/compuviper.mx\/tienda\/\"},{\"@type\":\"ListItem\",\"position\":2,\"name\":\"Productos\",\"item\":\"https:\/\/compuviper.mx\/tienda\/productos\/\"},{\"@type\":\"ListItem\",\"position\":3,\"name\":\"Accesorios\",\"item\":\"https:\/\/compuviper.mx\/tienda\/categoria-producto\/accesorios\/\"},{\"@type\":\"ListItem\",\"position\":4,\"name\":\"Conectividad\",\"item\":\"https:\/\/compuviper.mx\/tienda\/categoria-producto\/accesorios\/conectividad\/\"},{\"@type\":\"ListItem\",\"position\":5,\"name\":\"Manhattan 207461 Extensor Video,,, Hdmi, 50m Via Cat 6 (un Cable)\"}]},{\"@type\":\"WebSite\",\"@id\":\"https:\/\/compuviper.mx\/tienda\/#website\",\"url\":\"https:\/\/compuviper.mx\/tienda\/\",\"name\":\"Compuviper\",\"description\":\"Proveedor de Computadoras, Laptops, Servidores, Monitores, Puntos de Venta, Teclados,   Impresoras, T\u00f3ner, C\u00e1maras de Seguridad y m\u00e1s en tu tienda en l\u00ednea\",\"publisher\":{\"@id\":\"https:\/\/compuviper.mx\/tienda\/#organization\"},\"potentialAction\":[{\"@type\":\"SearchAction\",\"target\":{\"@type\":\"EntryPoint\",\"urlTemplate\":\"https:\/\/compuviper.mx\/tienda\/?s={search_term_string}\"},\"query-input\":\"required name=search_term_string\"}],\"inLanguage\":\"es-MX\"},{\"@type\":\"Organization\",\"@id\":\"https:\/\/compuviper.mx\/tienda\/#organization\",\"name\":\"Compuviper\",\"url\":\"https:\/\/compuviper.mx\/tienda\/\",\"logo\":{\"@type\":\"ImageObject\",\"inLanguage\":\"es-MX\",\"@id\":\"https:\/\/compuviper.mx\/tienda\/#\/schema\/logo\/image\/\",\"url\":\"https:\/\/compuviper.mx\/tienda\/wp-content\/uploads\/2021\/08\/Logo-Compuviper-10.png\",\"contentUrl\":\"https:\/\/compuviper.mx\/tienda\/wp-content\/uploads\/2021\/08\/Logo-Compuviper-10.png\",\"width\":1000,\"height\":500,\"caption\":\"Compuviper\"},\"image\":{\"@id\":\"https:\/\/compuviper.mx\/tienda\/#\/schema\/logo\/image\/\"},\"sameAs\":[\"https:\/\/www.facebook.com\/compuviper\",\"https:\/\/www.youtube.com\/channel\/UCf73dERp9Y3cfOq7q8BhLjA?view_as=subscriber\"]}]}<\/script>\n<meta property=\"product:brand\" content=\"MANHATTAN\" \/>\n<meta property=\"product:price:amount\" content=\"1244\" \/>\n<meta property=\"product:price:currency\" content=\"MXN\" \/>\n<meta property=\"og:availability\" content=\"instock\" \/>\n<meta property=\"product:availability\" content=\"instock\" \/>\n<meta property=\"product:retailer_item_id\" content=\"207461\" \/>\n<meta property=\"product:condition\" content=\"new\" \/>\n<!-- \/ Yoast SEO plugin. -->","yoast_head_json":{"title":"[ Manhattan ] &#129351; 207461 Extensor Video,,, Hdmi, 50m Via Cat 6 (un Cable)","description":"Compra 207461 Extensor Video,,, Hdmi, 50m Via Cat 6 (un Cable) + Env\u00edo a domicilio + Pago seguro + Garant\u00eda","robots":{"index":"index","follow":"follow","max-snippet":"max-snippet:-1","max-image-preview":"max-image-preview:large","max-video-preview":"max-video-preview:-1"},"canonical":"https:\/\/compuviper.mx\/tienda\/producto\/manhattan-207461-extensor-video-hdmi-50m-via-cat-6-un-cable\/","og_locale":"es_MX","og_type":"article","og_title":"[ Manhattan ] &#129351; 207461 Extensor Video,,, Hdmi, 50m Via Cat 6 (un Cable)","og_description":"Compra 207461 Extensor Video,,, Hdmi, 50m Via Cat 6 (un Cable) + Env\u00edo a domicilio + Pago seguro + Garant\u00eda","og_url":"https:\/\/compuviper.mx\/tienda\/producto\/manhattan-207461-extensor-video-hdmi-50m-via-cat-6-un-cable\/","og_site_name":"Compuviper","article_publisher":"https:\/\/www.facebook.com\/compuviper","og_image":[{"width":200,"height":200,"url":"https:\/\/compuviper.mx\/tienda\/wp-content\/uploads\/2023\/12\/Extensor-videomanhattan207461-hdmi-50m-via-cat-6-un-cable.jpg","type":"image\/jpeg"}],"twitter_card":"summary_large_image","twitter_misc":{"Precio":"&#36;1,244 con IVA","Availability":"In stock"},"schema":{"@context":"https:\/\/schema.org","@graph":[{"@type":"WebPage","@id":"https:\/\/compuviper.mx\/tienda\/producto\/manhattan-207461-extensor-video-hdmi-50m-via-cat-6-un-cable\/","url":"https:\/\/compuviper.mx\/tienda\/producto\/manhattan-207461-extensor-video-hdmi-50m-via-cat-6-un-cable\/","name":"[ Manhattan ] &#129351; 207461 Extensor Video,,, Hdmi, 50m Via Cat 6 (un Cable)","isPartOf":{"@id":"https:\/\/compuviper.mx\/tienda\/#website"},"datePublished":"2026-04-10T05:27:07+00:00","dateModified":"2026-04-10T05:27:07+00:00","description":"Compra 207461 Extensor Video,,, Hdmi, 50m Via Cat 6 (un Cable) + Env\u00edo a domicilio + Pago seguro + Garant\u00eda","breadcrumb":{"@id":"https:\/\/compuviper.mx\/tienda\/producto\/manhattan-207461-extensor-video-hdmi-50m-via-cat-6-un-cable\/#breadcrumb"},"inLanguage":"es-MX","potentialAction":[{"@type":"ReadAction","target":["https:\/\/compuviper.mx\/tienda\/producto\/manhattan-207461-extensor-video-hdmi-50m-via-cat-6-un-cable\/"]}]},{"@type":"BreadcrumbList","@id":"https:\/\/compuviper.mx\/tienda\/producto\/manhattan-207461-extensor-video-hdmi-50m-via-cat-6-un-cable\/#breadcrumb","itemListElement":[{"@type":"ListItem","position":1,"name":"Inicio","item":"https:\/\/compuviper.mx\/tienda\/"},{"@type":"ListItem","position":2,"name":"Productos","item":"https:\/\/compuviper.mx\/tienda\/productos\/"},{"@type":"ListItem","position":3,"name":"Accesorios","item":"https:\/\/compuviper.mx\/tienda\/categoria-producto\/accesorios\/"},{"@type":"ListItem","position":4,"name":"Conectividad","item":"https:\/\/compuviper.mx\/tienda\/categoria-producto\/accesorios\/conectividad\/"},{"@type":"ListItem","position":5,"name":"Manhattan 207461 Extensor Video,,, Hdmi, 50m Via Cat 6 (un Cable)"}]},{"@type":"WebSite","@id":"https:\/\/compuviper.mx\/tienda\/#website","url":"https:\/\/compuviper.mx\/tienda\/","name":"Compuviper","description":"Proveedor de Computadoras, Laptops, Servidores, Monitores, Puntos de Venta, Teclados,   Impresoras, T\u00f3ner, C\u00e1maras de Seguridad y m\u00e1s en tu tienda en l\u00ednea","publisher":{"@id":"https:\/\/compuviper.mx\/tienda\/#organization"},"potentialAction":[{"@type":"SearchAction","target":{"@type":"EntryPoint","urlTemplate":"https:\/\/compuviper.mx\/tienda\/?s={search_term_string}"},"query-input":"required name=search_term_string"}],"inLanguage":"es-MX"},{"@type":"Organization","@id":"https:\/\/compuviper.mx\/tienda\/#organization","name":"Compuviper","url":"https:\/\/compuviper.mx\/tienda\/","logo":{"@type":"ImageObject","inLanguage":"es-MX","@id":"https:\/\/compuviper.mx\/tienda\/#\/schema\/logo\/image\/","url":"https:\/\/compuviper.mx\/tienda\/wp-content\/uploads\/2021\/08\/Logo-Compuviper-10.png","contentUrl":"https:\/\/compuviper.mx\/tienda\/wp-content\/uploads\/2021\/08\/Logo-Compuviper-10.png","width":1000,"height":500,"caption":"Compuviper"},"image":{"@id":"https:\/\/compuviper.mx\/tienda\/#\/schema\/logo\/image\/"},"sameAs":["https:\/\/www.facebook.com\/compuviper","https:\/\/www.youtube.com\/channel\/UCf73dERp9Y3cfOq7q8BhLjA?view_as=subscriber"]}]},"product_brand":"MANHATTAN","product_price_amount":"1244","product_price_currency":"MXN","og_availability":"instock","product_availability":"instock","product_retailer_item_id":"207461","product_condition":"new"},"_links":{"self":[{"href":"https:\/\/compuviper.mx\/tienda\/wp-json\/wp\/v2\/product\/211573"}],"collection":[{"href":"https:\/\/compuviper.mx\/tienda\/wp-json\/wp\/v2\/product"}],"about":[{"href":"https:\/\/compuviper.mx\/tienda\/wp-json\/wp\/v2\/types\/product"}],"replies":[{"embeddable":true,"href":"https:\/\/compuviper.mx\/tienda\/wp-json\/wp\/v2\/comments?post=211573"}],"wp:featuredmedia":[{"embeddable":true,"href":"https:\/\/compuviper.mx\/tienda\/wp-json\/wp\/v2\/media\/211574"}],"wp:attachment":[{"href":"https:\/\/compuviper.mx\/tienda\/wp-json\/wp\/v2\/media?parent=211573"}],"wp:term":[{"taxonomy":"product_cat","embeddable":true,"href":"https:\/\/compuviper.mx\/tienda\/wp-json\/wp\/v2\/product_cat?post=211573"},{"taxonomy":"product_tag","embeddable":true,"href":"https:\/\/compuviper.mx\/tienda\/wp-json\/wp\/v2\/product_tag?post=211573"}],"curies":[{"name":"wp","href":"https:\/\/api.w.org\/{rel}","templated":true}]}}