{"id":211565,"date":"2026-04-06T23:27:06","date_gmt":"2026-04-07T05:27:06","guid":{"rendered":"https:\/\/compuviper.mx\/tienda\/producto\/3nstar-ct350-bandeja-para-cajon-de-dinero-cd350-mod-355mm-x-326mm-fabricada-en-plastico-con-sujetador-de-billetes-de-metal-8-espacios-para-monedas-5-espacios-para-billetes\/"},"modified":"2026-04-06T23:27:07","modified_gmt":"2026-04-07T05:27:07","slug":"3nstar-ct350-bandeja-para-cajon-de-dinero-cd350-mod-355mm-x-326mm-fabricada-en-plastico-con-sujetador-de-billetes-de-metal-8-espacios-para-monedas-5-espacios-para-billetes","status":"publish","type":"product","link":"https:\/\/compuviper.mx\/tienda\/producto\/3nstar-ct350-bandeja-para-cajon-de-dinero-cd350-mod-355mm-x-326mm-fabricada-en-plastico-con-sujetador-de-billetes-de-metal-8-espacios-para-monedas-5-espacios-para-billetes\/","title":{"rendered":"3nstar Ct350 Bandeja Para Cajon De Dinero Cd350  Mod.  355mm X 326mm, Fabricada En Plastico Con Sujetador De Billetes De Metal 8 Espacios Para Monedas 5 Espacios Para Billetes."},"content":{"rendered":"<table class=\"descripcion\">\n<tr>\n<td>Dimensiones: 355mm326mm<\/td>\n<\/tr>\n<tr>\n<td>Color: negro<\/td>\n<\/tr>\n<tr>\n<td>Fabricada en pl\u00e1stico resistente abs<\/td>\n<\/tr>\n<tr>\n<td>Sujetadores de billetes fabricados en metal<\/td>\n<\/tr>\n<tr>\n<td>Ruedas de poliuretano para un suave y mejor funcionamiento<\/td>\n<\/tr>\n<tr>\n<td>Pl\u00e1stico grueso que es resistente a los golpes<\/td>\n<\/tr>\n<tr>\n<td>5-espacios para billetes con abrazaderas de metal<\/td>\n<\/tr>\n<tr>\n<td>8 ranuras de monedas extrables.<\/td>\n<\/tr>\n<\/table>\n","protected":false},"excerpt":{"rendered":"<p>La bandeja para el cajn de dinero cd350 te permite personalizar cortes de caja, para turnos independizar turnos o personal que este a cargo de la caja, pues la bandeja es re-movible en su totalidad, los sujetadores de billetes est\u00e1n hechos de metal esto hace que lo billetes estn m\u00e1s seguros  la vida de los sujetadores es m\u00e1s larga, cuenta con 5 espacios para billetes y otros 8 para monedas.<\/p>\n","protected":false},"featured_media":211566,"comment_status":"open","ping_status":"open","template":"","meta":[],"product_cat":[1485,1569],"product_tag":[1570],"acf":[],"yoast_head":"<!-- This site is optimized with the Yoast SEO plugin v21.7 - https:\/\/yoast.com\/wordpress\/plugins\/seo\/ -->\n<title>[ 3nstar ] &#129351; Ct350 Bandeja Para Cajon De Dinero Cd350 Mod. 355mm X 326mm, Fabricada En Plastico Con Sujetador De Billetes De Metal 8 Espacios Para Monedas 5 Espacios Para Billetes.<\/title>\n<meta name=\"description\" content=\"Compra Ct350 Bandeja Para Cajon De Dinero Cd350 Mod. 355mm X 326mm, Fabricada En Plastico Con Sujetador De Billetes De Metal 8 Espacios Para Monedas 5 Espacios Para Billetes. + Env\u00edo a domicilio + Pago seguro + Garant\u00eda\" \/>\n<meta name=\"robots\" content=\"index, follow, max-snippet:-1, max-image-preview:large, max-video-preview:-1\" \/>\n<link rel=\"canonical\" href=\"https:\/\/compuviper.mx\/tienda\/producto\/3nstar-ct350-bandeja-para-cajon-de-dinero-cd350-mod-355mm-x-326mm-fabricada-en-plastico-con-sujetador-de-billetes-de-metal-8-espacios-para-monedas-5-espacios-para-billetes\/\" \/>\n<meta property=\"og:locale\" content=\"es_MX\" \/>\n<meta property=\"og:type\" content=\"article\" \/>\n<meta property=\"og:title\" content=\"[ 3nstar ] &#129351; Ct350 Bandeja Para Cajon De Dinero Cd350 Mod. 355mm X 326mm, Fabricada En Plastico Con Sujetador De Billetes De Metal 8 Espacios Para Monedas 5 Espacios Para Billetes.\" \/>\n<meta property=\"og:description\" content=\"Compra Ct350 Bandeja Para Cajon De Dinero Cd350 Mod. 355mm X 326mm, Fabricada En Plastico Con Sujetador De Billetes De Metal 8 Espacios Para Monedas 5 Espacios Para Billetes. + Env\u00edo a domicilio + Pago seguro + Garant\u00eda\" \/>\n<meta property=\"og:url\" content=\"https:\/\/compuviper.mx\/tienda\/producto\/3nstar-ct350-bandeja-para-cajon-de-dinero-cd350-mod-355mm-x-326mm-fabricada-en-plastico-con-sujetador-de-billetes-de-metal-8-espacios-para-monedas-5-espacios-para-billetes\/\" \/>\n<meta property=\"og:site_name\" content=\"Compuviper\" \/>\n<meta property=\"article:publisher\" content=\"https:\/\/www.facebook.com\/compuviper\" \/>\n<meta property=\"article:modified_time\" content=\"2026-04-07T05:27:07+00:00\" \/>\n<meta property=\"og:image\" content=\"https:\/\/compuviper.mx\/tienda\/wp-content\/uploads\/2023\/12\/Bandeja-para-cajon-de-dinero-cd350-3nstar-mod.-ct350-355mm-x-326mm-fabricada-en-plastico-con-sujetador-de-billetes-de-metal-8-espacios-para-monedas-5-espacios-para-billetes.jpg\" \/>\n\t<meta property=\"og:image:width\" content=\"200\" \/>\n\t<meta property=\"og:image:height\" content=\"200\" \/>\n\t<meta property=\"og:image:type\" content=\"image\/jpeg\" \/>\n<meta name=\"twitter:card\" content=\"summary_large_image\" \/>\n<meta name=\"twitter:label1\" content=\"Precio\" \/>\n\t<meta name=\"twitter:data1\" content=\"&#36;401 con IVA\" \/>\n\t<meta name=\"twitter:label2\" content=\"Availability\" \/>\n\t<meta name=\"twitter:data2\" content=\"Out of stock\" \/>\n<script type=\"application\/ld+json\" class=\"yoast-schema-graph\">{\"@context\":\"https:\/\/schema.org\",\"@graph\":[{\"@type\":\"WebPage\",\"@id\":\"https:\/\/compuviper.mx\/tienda\/producto\/3nstar-ct350-bandeja-para-cajon-de-dinero-cd350-mod-355mm-x-326mm-fabricada-en-plastico-con-sujetador-de-billetes-de-metal-8-espacios-para-monedas-5-espacios-para-billetes\/\",\"url\":\"https:\/\/compuviper.mx\/tienda\/producto\/3nstar-ct350-bandeja-para-cajon-de-dinero-cd350-mod-355mm-x-326mm-fabricada-en-plastico-con-sujetador-de-billetes-de-metal-8-espacios-para-monedas-5-espacios-para-billetes\/\",\"name\":\"[ 3nstar ] &#129351; Ct350 Bandeja Para Cajon De Dinero Cd350 Mod. 355mm X 326mm, Fabricada En Plastico Con Sujetador De Billetes De Metal 8 Espacios Para Monedas 5 Espacios Para Billetes.\",\"isPartOf\":{\"@id\":\"https:\/\/compuviper.mx\/tienda\/#website\"},\"datePublished\":\"2026-04-07T05:27:06+00:00\",\"dateModified\":\"2026-04-07T05:27:07+00:00\",\"description\":\"Compra Ct350 Bandeja Para Cajon De Dinero Cd350 Mod. 355mm X 326mm, Fabricada En Plastico Con Sujetador De Billetes De Metal 8 Espacios Para Monedas 5 Espacios Para Billetes. + Env\u00edo a domicilio + Pago seguro + Garant\u00eda\",\"breadcrumb\":{\"@id\":\"https:\/\/compuviper.mx\/tienda\/producto\/3nstar-ct350-bandeja-para-cajon-de-dinero-cd350-mod-355mm-x-326mm-fabricada-en-plastico-con-sujetador-de-billetes-de-metal-8-espacios-para-monedas-5-espacios-para-billetes\/#breadcrumb\"},\"inLanguage\":\"es-MX\",\"potentialAction\":[{\"@type\":\"ReadAction\",\"target\":[\"https:\/\/compuviper.mx\/tienda\/producto\/3nstar-ct350-bandeja-para-cajon-de-dinero-cd350-mod-355mm-x-326mm-fabricada-en-plastico-con-sujetador-de-billetes-de-metal-8-espacios-para-monedas-5-espacios-para-billetes\/\"]}]},{\"@type\":\"BreadcrumbList\",\"@id\":\"https:\/\/compuviper.mx\/tienda\/producto\/3nstar-ct350-bandeja-para-cajon-de-dinero-cd350-mod-355mm-x-326mm-fabricada-en-plastico-con-sujetador-de-billetes-de-metal-8-espacios-para-monedas-5-espacios-para-billetes\/#breadcrumb\",\"itemListElement\":[{\"@type\":\"ListItem\",\"position\":1,\"name\":\"Inicio\",\"item\":\"https:\/\/compuviper.mx\/tienda\/\"},{\"@type\":\"ListItem\",\"position\":2,\"name\":\"Productos\",\"item\":\"https:\/\/compuviper.mx\/tienda\/productos\/\"},{\"@type\":\"ListItem\",\"position\":3,\"name\":\"Accesorios\",\"item\":\"https:\/\/compuviper.mx\/tienda\/categoria-producto\/accesorios\/\"},{\"@type\":\"ListItem\",\"position\":4,\"name\":\"Bandeja Para Cajon De Dinero\",\"item\":\"https:\/\/compuviper.mx\/tienda\/categoria-producto\/accesorios\/bandeja-para-cajon-de-dinero\/\"},{\"@type\":\"ListItem\",\"position\":5,\"name\":\"3nstar Ct350 Bandeja Para Cajon De Dinero Cd350 Mod. 355mm X 326mm, Fabricada En Plastico Con Sujetador De Billetes De Metal 8 Espacios Para Monedas 5 Espacios Para Billetes.\"}]},{\"@type\":\"WebSite\",\"@id\":\"https:\/\/compuviper.mx\/tienda\/#website\",\"url\":\"https:\/\/compuviper.mx\/tienda\/\",\"name\":\"Compuviper\",\"description\":\"Proveedor de Computadoras, Laptops, Servidores, Monitores, Puntos de Venta, Teclados,   Impresoras, T\u00f3ner, C\u00e1maras de Seguridad y m\u00e1s en tu tienda en l\u00ednea\",\"publisher\":{\"@id\":\"https:\/\/compuviper.mx\/tienda\/#organization\"},\"potentialAction\":[{\"@type\":\"SearchAction\",\"target\":{\"@type\":\"EntryPoint\",\"urlTemplate\":\"https:\/\/compuviper.mx\/tienda\/?s={search_term_string}\"},\"query-input\":\"required name=search_term_string\"}],\"inLanguage\":\"es-MX\"},{\"@type\":\"Organization\",\"@id\":\"https:\/\/compuviper.mx\/tienda\/#organization\",\"name\":\"Compuviper\",\"url\":\"https:\/\/compuviper.mx\/tienda\/\",\"logo\":{\"@type\":\"ImageObject\",\"inLanguage\":\"es-MX\",\"@id\":\"https:\/\/compuviper.mx\/tienda\/#\/schema\/logo\/image\/\",\"url\":\"https:\/\/compuviper.mx\/tienda\/wp-content\/uploads\/2021\/08\/Logo-Compuviper-10.png\",\"contentUrl\":\"https:\/\/compuviper.mx\/tienda\/wp-content\/uploads\/2021\/08\/Logo-Compuviper-10.png\",\"width\":1000,\"height\":500,\"caption\":\"Compuviper\"},\"image\":{\"@id\":\"https:\/\/compuviper.mx\/tienda\/#\/schema\/logo\/image\/\"},\"sameAs\":[\"https:\/\/www.facebook.com\/compuviper\",\"https:\/\/www.youtube.com\/channel\/UCf73dERp9Y3cfOq7q8BhLjA?view_as=subscriber\"]}]}<\/script>\n<meta property=\"product:brand\" content=\"3NSTAR\" \/>\n<meta property=\"product:price:amount\" content=\"401\" \/>\n<meta property=\"product:price:currency\" content=\"MXN\" \/>\n<meta property=\"og:availability\" content=\"out of stock\" \/>\n<meta property=\"product:availability\" content=\"out of stock\" \/>\n<meta property=\"product:retailer_item_id\" content=\"CT350\" \/>\n<meta property=\"product:condition\" content=\"new\" \/>\n<!-- \/ Yoast SEO plugin. -->","yoast_head_json":{"title":"[ 3nstar ] &#129351; Ct350 Bandeja Para Cajon De Dinero Cd350 Mod. 355mm X 326mm, Fabricada En Plastico Con Sujetador De Billetes De Metal 8 Espacios Para Monedas 5 Espacios Para Billetes.","description":"Compra Ct350 Bandeja Para Cajon De Dinero Cd350 Mod. 355mm X 326mm, Fabricada En Plastico Con Sujetador De Billetes De Metal 8 Espacios Para Monedas 5 Espacios Para Billetes. + Env\u00edo a domicilio + Pago seguro + Garant\u00eda","robots":{"index":"index","follow":"follow","max-snippet":"max-snippet:-1","max-image-preview":"max-image-preview:large","max-video-preview":"max-video-preview:-1"},"canonical":"https:\/\/compuviper.mx\/tienda\/producto\/3nstar-ct350-bandeja-para-cajon-de-dinero-cd350-mod-355mm-x-326mm-fabricada-en-plastico-con-sujetador-de-billetes-de-metal-8-espacios-para-monedas-5-espacios-para-billetes\/","og_locale":"es_MX","og_type":"article","og_title":"[ 3nstar ] &#129351; Ct350 Bandeja Para Cajon De Dinero Cd350 Mod. 355mm X 326mm, Fabricada En Plastico Con Sujetador De Billetes De Metal 8 Espacios Para Monedas 5 Espacios Para Billetes.","og_description":"Compra Ct350 Bandeja Para Cajon De Dinero Cd350 Mod. 355mm X 326mm, Fabricada En Plastico Con Sujetador De Billetes De Metal 8 Espacios Para Monedas 5 Espacios Para Billetes. + Env\u00edo a domicilio + Pago seguro + Garant\u00eda","og_url":"https:\/\/compuviper.mx\/tienda\/producto\/3nstar-ct350-bandeja-para-cajon-de-dinero-cd350-mod-355mm-x-326mm-fabricada-en-plastico-con-sujetador-de-billetes-de-metal-8-espacios-para-monedas-5-espacios-para-billetes\/","og_site_name":"Compuviper","article_publisher":"https:\/\/www.facebook.com\/compuviper","article_modified_time":"2026-04-07T05:27:07+00:00","og_image":[{"width":200,"height":200,"url":"https:\/\/compuviper.mx\/tienda\/wp-content\/uploads\/2023\/12\/Bandeja-para-cajon-de-dinero-cd350-3nstar-mod.-ct350-355mm-x-326mm-fabricada-en-plastico-con-sujetador-de-billetes-de-metal-8-espacios-para-monedas-5-espacios-para-billetes.jpg","type":"image\/jpeg"}],"twitter_card":"summary_large_image","twitter_misc":{"Precio":"&#36;401 con IVA","Availability":"Out of stock"},"schema":{"@context":"https:\/\/schema.org","@graph":[{"@type":"WebPage","@id":"https:\/\/compuviper.mx\/tienda\/producto\/3nstar-ct350-bandeja-para-cajon-de-dinero-cd350-mod-355mm-x-326mm-fabricada-en-plastico-con-sujetador-de-billetes-de-metal-8-espacios-para-monedas-5-espacios-para-billetes\/","url":"https:\/\/compuviper.mx\/tienda\/producto\/3nstar-ct350-bandeja-para-cajon-de-dinero-cd350-mod-355mm-x-326mm-fabricada-en-plastico-con-sujetador-de-billetes-de-metal-8-espacios-para-monedas-5-espacios-para-billetes\/","name":"[ 3nstar ] &#129351; Ct350 Bandeja Para Cajon De Dinero Cd350 Mod. 355mm X 326mm, Fabricada En Plastico Con Sujetador De Billetes De Metal 8 Espacios Para Monedas 5 Espacios Para Billetes.","isPartOf":{"@id":"https:\/\/compuviper.mx\/tienda\/#website"},"datePublished":"2026-04-07T05:27:06+00:00","dateModified":"2026-04-07T05:27:07+00:00","description":"Compra Ct350 Bandeja Para Cajon De Dinero Cd350 Mod. 355mm X 326mm, Fabricada En Plastico Con Sujetador De Billetes De Metal 8 Espacios Para Monedas 5 Espacios Para Billetes. + Env\u00edo a domicilio + Pago seguro + Garant\u00eda","breadcrumb":{"@id":"https:\/\/compuviper.mx\/tienda\/producto\/3nstar-ct350-bandeja-para-cajon-de-dinero-cd350-mod-355mm-x-326mm-fabricada-en-plastico-con-sujetador-de-billetes-de-metal-8-espacios-para-monedas-5-espacios-para-billetes\/#breadcrumb"},"inLanguage":"es-MX","potentialAction":[{"@type":"ReadAction","target":["https:\/\/compuviper.mx\/tienda\/producto\/3nstar-ct350-bandeja-para-cajon-de-dinero-cd350-mod-355mm-x-326mm-fabricada-en-plastico-con-sujetador-de-billetes-de-metal-8-espacios-para-monedas-5-espacios-para-billetes\/"]}]},{"@type":"BreadcrumbList","@id":"https:\/\/compuviper.mx\/tienda\/producto\/3nstar-ct350-bandeja-para-cajon-de-dinero-cd350-mod-355mm-x-326mm-fabricada-en-plastico-con-sujetador-de-billetes-de-metal-8-espacios-para-monedas-5-espacios-para-billetes\/#breadcrumb","itemListElement":[{"@type":"ListItem","position":1,"name":"Inicio","item":"https:\/\/compuviper.mx\/tienda\/"},{"@type":"ListItem","position":2,"name":"Productos","item":"https:\/\/compuviper.mx\/tienda\/productos\/"},{"@type":"ListItem","position":3,"name":"Accesorios","item":"https:\/\/compuviper.mx\/tienda\/categoria-producto\/accesorios\/"},{"@type":"ListItem","position":4,"name":"Bandeja Para Cajon De Dinero","item":"https:\/\/compuviper.mx\/tienda\/categoria-producto\/accesorios\/bandeja-para-cajon-de-dinero\/"},{"@type":"ListItem","position":5,"name":"3nstar Ct350 Bandeja Para Cajon De Dinero Cd350 Mod. 355mm X 326mm, Fabricada En Plastico Con Sujetador De Billetes De Metal 8 Espacios Para Monedas 5 Espacios Para Billetes."}]},{"@type":"WebSite","@id":"https:\/\/compuviper.mx\/tienda\/#website","url":"https:\/\/compuviper.mx\/tienda\/","name":"Compuviper","description":"Proveedor de Computadoras, Laptops, Servidores, Monitores, Puntos de Venta, Teclados,   Impresoras, T\u00f3ner, C\u00e1maras de Seguridad y m\u00e1s en tu tienda en l\u00ednea","publisher":{"@id":"https:\/\/compuviper.mx\/tienda\/#organization"},"potentialAction":[{"@type":"SearchAction","target":{"@type":"EntryPoint","urlTemplate":"https:\/\/compuviper.mx\/tienda\/?s={search_term_string}"},"query-input":"required name=search_term_string"}],"inLanguage":"es-MX"},{"@type":"Organization","@id":"https:\/\/compuviper.mx\/tienda\/#organization","name":"Compuviper","url":"https:\/\/compuviper.mx\/tienda\/","logo":{"@type":"ImageObject","inLanguage":"es-MX","@id":"https:\/\/compuviper.mx\/tienda\/#\/schema\/logo\/image\/","url":"https:\/\/compuviper.mx\/tienda\/wp-content\/uploads\/2021\/08\/Logo-Compuviper-10.png","contentUrl":"https:\/\/compuviper.mx\/tienda\/wp-content\/uploads\/2021\/08\/Logo-Compuviper-10.png","width":1000,"height":500,"caption":"Compuviper"},"image":{"@id":"https:\/\/compuviper.mx\/tienda\/#\/schema\/logo\/image\/"},"sameAs":["https:\/\/www.facebook.com\/compuviper","https:\/\/www.youtube.com\/channel\/UCf73dERp9Y3cfOq7q8BhLjA?view_as=subscriber"]}]},"product_brand":"3NSTAR","product_price_amount":"401","product_price_currency":"MXN","og_availability":"out of stock","product_availability":"out of stock","product_retailer_item_id":"CT350","product_condition":"new"},"_links":{"self":[{"href":"https:\/\/compuviper.mx\/tienda\/wp-json\/wp\/v2\/product\/211565"}],"collection":[{"href":"https:\/\/compuviper.mx\/tienda\/wp-json\/wp\/v2\/product"}],"about":[{"href":"https:\/\/compuviper.mx\/tienda\/wp-json\/wp\/v2\/types\/product"}],"replies":[{"embeddable":true,"href":"https:\/\/compuviper.mx\/tienda\/wp-json\/wp\/v2\/comments?post=211565"}],"wp:featuredmedia":[{"embeddable":true,"href":"https:\/\/compuviper.mx\/tienda\/wp-json\/wp\/v2\/media\/211566"}],"wp:attachment":[{"href":"https:\/\/compuviper.mx\/tienda\/wp-json\/wp\/v2\/media?parent=211565"}],"wp:term":[{"taxonomy":"product_cat","embeddable":true,"href":"https:\/\/compuviper.mx\/tienda\/wp-json\/wp\/v2\/product_cat?post=211565"},{"taxonomy":"product_tag","embeddable":true,"href":"https:\/\/compuviper.mx\/tienda\/wp-json\/wp\/v2\/product_tag?post=211565"}],"curies":[{"name":"wp","href":"https:\/\/api.w.org\/{rel}","templated":true}]}}