{"id":211555,"date":"2026-04-01T23:28:52","date_gmt":"2026-04-02T05:28:52","guid":{"rendered":"https:\/\/compuviper.mx\/tienda\/producto\/manhattan-461382-soporte-monitor-p-1-monitor-13-a-27-pared-articulado-doble\/"},"modified":"2026-04-01T23:28:52","modified_gmt":"2026-04-02T05:28:52","slug":"manhattan-461382-soporte-monitor-p-1-monitor-13-a-27-pared-articulado-doble","status":"publish","type":"product","link":"https:\/\/compuviper.mx\/tienda\/producto\/manhattan-461382-soporte-monitor-p-1-monitor-13-a-27-pared-articulado-doble\/","title":{"rendered":"Manhattan 461382 Soporte Monitor,,, P\/1 Monitor 13 A 27 Pared, Articulado Doble"},"content":{"rendered":"<table class=\"descripcion\">\n<tr>\n<td>*montaje universal en pared articulado para monitor de tv<\/td>\n<\/tr>\n<tr>\n<td>Se ajusta a tvs compatibles con vesa de 75 x 75 \u00f3 100 x 100<\/td>\n<\/tr>\n<tr>\n<td>Capacidad de carga: hasta 20 kg<\/td>\n<\/tr>\n<tr>\n<td>Perfil de montaje: 350 mm<\/td>\n<\/tr>\n<tr>\n<td>*contenido del paquete<\/td>\n<\/tr>\n<tr>\n<td>Montaje universal en pared articulado para monitor de tv<\/td>\n<\/tr>\n<tr>\n<td>Herramienta e instrucciones de montaje<\/td>\n<\/tr>\n<\/table>\n","protected":false},"excerpt":{"rendered":"<p>*sujeta una pantalla plana de televisi\u00f3n. *optimiza vistas con inclinaci\u00f3n de +5\u00b0 to -12\u00b0 , \u00b190\u00b0 de giro y ajuste de nivel de \u00b13?. *construcci\u00f3n s\u00f3lida de acero. *de f\u00e1cil instalaci\u00f3n ideal para su uso en el hogar, la oficina y en aplicaciones comerciales. *placa vesa removible que permite una f\u00e1cil y r\u00e1pida instalaci\u00f3n de monitor o televisor. *cumple con los est\u00e1ndares vesa &#8211; soporta pantallas de 13 a 27 de hasta 20 kg (44 lbs.. Supera planos impares, molestos deslumbramientos y posiciones inc\u00f3modas de muebles que pueden limitar las experiencias de tv\u00b4s de panel plano. El montaje en pared articulado universal para tv de panel plano de manhattan se dobla casi plano contra la pared y se extiende seguramente en un fuerte, marco de brazo individual que ayuda a realizar posiciones de primer vista casi en cualquier parte de la habitaci\u00f3n. Compatible con vesa y construido con materiales de calidad, el montaje en pared articulado universal para tv de panel plano se adapta a un rango de tama\u00f1os de pantallas con una segura y confiable instalaci\u00f3n sobre el suelo. Ideal para residencia, oficina, hospitalidad, sal\u00f3n de clases y cuarto de conferencias, se\u00f1alamiento digital y otras aplicaciones comerciales, el montaje en pared articulado universal para tv de panel plano ofrece el disfrute de tv lcd de alto desempe\u00f1o al frente y al centro.<\/p>\n","protected":false},"featured_media":211556,"comment_status":"open","ping_status":"open","template":"","meta":[],"product_cat":[2321,2265],"product_tag":[1487],"acf":[],"yoast_head":"<!-- This site is optimized with the Yoast SEO plugin v21.7 - https:\/\/yoast.com\/wordpress\/plugins\/seo\/ -->\n<title>[ Manhattan ] &#129351; 461382 Soporte Monitor,,, P\/1 Monitor 13 A 27 Pared, Articulado Doble<\/title>\n<meta name=\"description\" content=\"Compra 461382 Soporte Monitor,,, P\/1 Monitor 13 A 27 Pared, Articulado Doble + Env\u00edo a domicilio + Pago seguro + Garant\u00eda\" \/>\n<meta name=\"robots\" content=\"index, follow, max-snippet:-1, max-image-preview:large, max-video-preview:-1\" \/>\n<link rel=\"canonical\" href=\"https:\/\/compuviper.mx\/tienda\/producto\/manhattan-461382-soporte-monitor-p-1-monitor-13-a-27-pared-articulado-doble\/\" \/>\n<meta property=\"og:locale\" content=\"es_MX\" \/>\n<meta property=\"og:type\" content=\"article\" \/>\n<meta property=\"og:title\" content=\"[ Manhattan ] &#129351; 461382 Soporte Monitor,,, P\/1 Monitor 13 A 27 Pared, Articulado Doble\" \/>\n<meta property=\"og:description\" content=\"Compra 461382 Soporte Monitor,,, P\/1 Monitor 13 A 27 Pared, Articulado Doble + Env\u00edo a domicilio + Pago seguro + Garant\u00eda\" \/>\n<meta property=\"og:url\" content=\"https:\/\/compuviper.mx\/tienda\/producto\/manhattan-461382-soporte-monitor-p-1-monitor-13-a-27-pared-articulado-doble\/\" \/>\n<meta property=\"og:site_name\" content=\"Compuviper\" \/>\n<meta property=\"article:publisher\" content=\"https:\/\/www.facebook.com\/compuviper\" \/>\n<meta property=\"og:image\" content=\"https:\/\/compuviper.mx\/tienda\/wp-content\/uploads\/2023\/12\/Soporte-monitormanhattan461382-p1-monitor-13-a-27-pared-articulado-doble.jpg\" \/>\n\t<meta property=\"og:image:width\" content=\"200\" \/>\n\t<meta property=\"og:image:height\" content=\"200\" \/>\n\t<meta property=\"og:image:type\" content=\"image\/jpeg\" \/>\n<meta name=\"twitter:card\" content=\"summary_large_image\" \/>\n<meta name=\"twitter:label1\" content=\"Precio\" \/>\n\t<meta name=\"twitter:data1\" content=\"&#36;357 con IVA\" \/>\n\t<meta name=\"twitter:label2\" content=\"Availability\" \/>\n\t<meta name=\"twitter:data2\" content=\"In stock\" \/>\n<script type=\"application\/ld+json\" class=\"yoast-schema-graph\">{\"@context\":\"https:\/\/schema.org\",\"@graph\":[{\"@type\":\"WebPage\",\"@id\":\"https:\/\/compuviper.mx\/tienda\/producto\/manhattan-461382-soporte-monitor-p-1-monitor-13-a-27-pared-articulado-doble\/\",\"url\":\"https:\/\/compuviper.mx\/tienda\/producto\/manhattan-461382-soporte-monitor-p-1-monitor-13-a-27-pared-articulado-doble\/\",\"name\":\"[ Manhattan ] &#129351; 461382 Soporte Monitor,,, P\/1 Monitor 13 A 27 Pared, Articulado Doble\",\"isPartOf\":{\"@id\":\"https:\/\/compuviper.mx\/tienda\/#website\"},\"datePublished\":\"2026-04-02T05:28:52+00:00\",\"dateModified\":\"2026-04-02T05:28:52+00:00\",\"description\":\"Compra 461382 Soporte Monitor,,, P\/1 Monitor 13 A 27 Pared, Articulado Doble + Env\u00edo a domicilio + Pago seguro + Garant\u00eda\",\"breadcrumb\":{\"@id\":\"https:\/\/compuviper.mx\/tienda\/producto\/manhattan-461382-soporte-monitor-p-1-monitor-13-a-27-pared-articulado-doble\/#breadcrumb\"},\"inLanguage\":\"es-MX\",\"potentialAction\":[{\"@type\":\"ReadAction\",\"target\":[\"https:\/\/compuviper.mx\/tienda\/producto\/manhattan-461382-soporte-monitor-p-1-monitor-13-a-27-pared-articulado-doble\/\"]}]},{\"@type\":\"BreadcrumbList\",\"@id\":\"https:\/\/compuviper.mx\/tienda\/producto\/manhattan-461382-soporte-monitor-p-1-monitor-13-a-27-pared-articulado-doble\/#breadcrumb\",\"itemListElement\":[{\"@type\":\"ListItem\",\"position\":1,\"name\":\"Inicio\",\"item\":\"https:\/\/compuviper.mx\/tienda\/\"},{\"@type\":\"ListItem\",\"position\":2,\"name\":\"Productos\",\"item\":\"https:\/\/compuviper.mx\/tienda\/productos\/\"},{\"@type\":\"ListItem\",\"position\":3,\"name\":\"Soportes Y Bases P\/tv\/ Proyectores\/dvd\/consolas\/bocinas\/pantallas\/monotores\",\"item\":\"https:\/\/compuviper.mx\/tienda\/categoria-producto\/soportes-y-bases-p-tv-proyectores-dvd-consolas-bocinas-pantallas-monotores\/\"},{\"@type\":\"ListItem\",\"position\":4,\"name\":\"Soporte Y Base Para Tv\/pantallas\/monitores\/kiosko\",\"item\":\"https:\/\/compuviper.mx\/tienda\/categoria-producto\/soportes-y-bases-p-tv-proyectores-dvd-consolas-bocinas-pantallas-monotores\/soporte-y-base-para-tv-pantallas-monitores-kiosko\/\"},{\"@type\":\"ListItem\",\"position\":5,\"name\":\"Manhattan 461382 Soporte Monitor,,, P\/1 Monitor 13 A 27 Pared, Articulado Doble\"}]},{\"@type\":\"WebSite\",\"@id\":\"https:\/\/compuviper.mx\/tienda\/#website\",\"url\":\"https:\/\/compuviper.mx\/tienda\/\",\"name\":\"Compuviper\",\"description\":\"Proveedor de Computadoras, Laptops, Servidores, Monitores, Puntos de Venta, Teclados,   Impresoras, T\u00f3ner, C\u00e1maras de Seguridad y m\u00e1s en tu tienda en l\u00ednea\",\"publisher\":{\"@id\":\"https:\/\/compuviper.mx\/tienda\/#organization\"},\"potentialAction\":[{\"@type\":\"SearchAction\",\"target\":{\"@type\":\"EntryPoint\",\"urlTemplate\":\"https:\/\/compuviper.mx\/tienda\/?s={search_term_string}\"},\"query-input\":\"required name=search_term_string\"}],\"inLanguage\":\"es-MX\"},{\"@type\":\"Organization\",\"@id\":\"https:\/\/compuviper.mx\/tienda\/#organization\",\"name\":\"Compuviper\",\"url\":\"https:\/\/compuviper.mx\/tienda\/\",\"logo\":{\"@type\":\"ImageObject\",\"inLanguage\":\"es-MX\",\"@id\":\"https:\/\/compuviper.mx\/tienda\/#\/schema\/logo\/image\/\",\"url\":\"https:\/\/compuviper.mx\/tienda\/wp-content\/uploads\/2021\/08\/Logo-Compuviper-10.png\",\"contentUrl\":\"https:\/\/compuviper.mx\/tienda\/wp-content\/uploads\/2021\/08\/Logo-Compuviper-10.png\",\"width\":1000,\"height\":500,\"caption\":\"Compuviper\"},\"image\":{\"@id\":\"https:\/\/compuviper.mx\/tienda\/#\/schema\/logo\/image\/\"},\"sameAs\":[\"https:\/\/www.facebook.com\/compuviper\",\"https:\/\/www.youtube.com\/channel\/UCf73dERp9Y3cfOq7q8BhLjA?view_as=subscriber\"]}]}<\/script>\n<meta property=\"product:brand\" content=\"MANHATTAN\" \/>\n<meta property=\"product:price:amount\" content=\"357\" \/>\n<meta property=\"product:price:currency\" content=\"MXN\" \/>\n<meta property=\"og:availability\" content=\"instock\" \/>\n<meta property=\"product:availability\" content=\"instock\" \/>\n<meta property=\"product:retailer_item_id\" content=\"461382\" \/>\n<meta property=\"product:condition\" content=\"new\" \/>\n<!-- \/ Yoast SEO plugin. -->","yoast_head_json":{"title":"[ Manhattan ] &#129351; 461382 Soporte Monitor,,, P\/1 Monitor 13 A 27 Pared, Articulado Doble","description":"Compra 461382 Soporte Monitor,,, P\/1 Monitor 13 A 27 Pared, Articulado Doble + Env\u00edo a domicilio + Pago seguro + Garant\u00eda","robots":{"index":"index","follow":"follow","max-snippet":"max-snippet:-1","max-image-preview":"max-image-preview:large","max-video-preview":"max-video-preview:-1"},"canonical":"https:\/\/compuviper.mx\/tienda\/producto\/manhattan-461382-soporte-monitor-p-1-monitor-13-a-27-pared-articulado-doble\/","og_locale":"es_MX","og_type":"article","og_title":"[ Manhattan ] &#129351; 461382 Soporte Monitor,,, P\/1 Monitor 13 A 27 Pared, Articulado Doble","og_description":"Compra 461382 Soporte Monitor,,, P\/1 Monitor 13 A 27 Pared, Articulado Doble + Env\u00edo a domicilio + Pago seguro + Garant\u00eda","og_url":"https:\/\/compuviper.mx\/tienda\/producto\/manhattan-461382-soporte-monitor-p-1-monitor-13-a-27-pared-articulado-doble\/","og_site_name":"Compuviper","article_publisher":"https:\/\/www.facebook.com\/compuviper","og_image":[{"width":200,"height":200,"url":"https:\/\/compuviper.mx\/tienda\/wp-content\/uploads\/2023\/12\/Soporte-monitormanhattan461382-p1-monitor-13-a-27-pared-articulado-doble.jpg","type":"image\/jpeg"}],"twitter_card":"summary_large_image","twitter_misc":{"Precio":"&#36;357 con IVA","Availability":"In stock"},"schema":{"@context":"https:\/\/schema.org","@graph":[{"@type":"WebPage","@id":"https:\/\/compuviper.mx\/tienda\/producto\/manhattan-461382-soporte-monitor-p-1-monitor-13-a-27-pared-articulado-doble\/","url":"https:\/\/compuviper.mx\/tienda\/producto\/manhattan-461382-soporte-monitor-p-1-monitor-13-a-27-pared-articulado-doble\/","name":"[ Manhattan ] &#129351; 461382 Soporte Monitor,,, P\/1 Monitor 13 A 27 Pared, Articulado Doble","isPartOf":{"@id":"https:\/\/compuviper.mx\/tienda\/#website"},"datePublished":"2026-04-02T05:28:52+00:00","dateModified":"2026-04-02T05:28:52+00:00","description":"Compra 461382 Soporte Monitor,,, P\/1 Monitor 13 A 27 Pared, Articulado Doble + Env\u00edo a domicilio + Pago seguro + Garant\u00eda","breadcrumb":{"@id":"https:\/\/compuviper.mx\/tienda\/producto\/manhattan-461382-soporte-monitor-p-1-monitor-13-a-27-pared-articulado-doble\/#breadcrumb"},"inLanguage":"es-MX","potentialAction":[{"@type":"ReadAction","target":["https:\/\/compuviper.mx\/tienda\/producto\/manhattan-461382-soporte-monitor-p-1-monitor-13-a-27-pared-articulado-doble\/"]}]},{"@type":"BreadcrumbList","@id":"https:\/\/compuviper.mx\/tienda\/producto\/manhattan-461382-soporte-monitor-p-1-monitor-13-a-27-pared-articulado-doble\/#breadcrumb","itemListElement":[{"@type":"ListItem","position":1,"name":"Inicio","item":"https:\/\/compuviper.mx\/tienda\/"},{"@type":"ListItem","position":2,"name":"Productos","item":"https:\/\/compuviper.mx\/tienda\/productos\/"},{"@type":"ListItem","position":3,"name":"Soportes Y Bases P\/tv\/ Proyectores\/dvd\/consolas\/bocinas\/pantallas\/monotores","item":"https:\/\/compuviper.mx\/tienda\/categoria-producto\/soportes-y-bases-p-tv-proyectores-dvd-consolas-bocinas-pantallas-monotores\/"},{"@type":"ListItem","position":4,"name":"Soporte Y Base Para Tv\/pantallas\/monitores\/kiosko","item":"https:\/\/compuviper.mx\/tienda\/categoria-producto\/soportes-y-bases-p-tv-proyectores-dvd-consolas-bocinas-pantallas-monotores\/soporte-y-base-para-tv-pantallas-monitores-kiosko\/"},{"@type":"ListItem","position":5,"name":"Manhattan 461382 Soporte Monitor,,, P\/1 Monitor 13 A 27 Pared, Articulado Doble"}]},{"@type":"WebSite","@id":"https:\/\/compuviper.mx\/tienda\/#website","url":"https:\/\/compuviper.mx\/tienda\/","name":"Compuviper","description":"Proveedor de Computadoras, Laptops, Servidores, Monitores, Puntos de Venta, Teclados,   Impresoras, T\u00f3ner, C\u00e1maras de Seguridad y m\u00e1s en tu tienda en l\u00ednea","publisher":{"@id":"https:\/\/compuviper.mx\/tienda\/#organization"},"potentialAction":[{"@type":"SearchAction","target":{"@type":"EntryPoint","urlTemplate":"https:\/\/compuviper.mx\/tienda\/?s={search_term_string}"},"query-input":"required name=search_term_string"}],"inLanguage":"es-MX"},{"@type":"Organization","@id":"https:\/\/compuviper.mx\/tienda\/#organization","name":"Compuviper","url":"https:\/\/compuviper.mx\/tienda\/","logo":{"@type":"ImageObject","inLanguage":"es-MX","@id":"https:\/\/compuviper.mx\/tienda\/#\/schema\/logo\/image\/","url":"https:\/\/compuviper.mx\/tienda\/wp-content\/uploads\/2021\/08\/Logo-Compuviper-10.png","contentUrl":"https:\/\/compuviper.mx\/tienda\/wp-content\/uploads\/2021\/08\/Logo-Compuviper-10.png","width":1000,"height":500,"caption":"Compuviper"},"image":{"@id":"https:\/\/compuviper.mx\/tienda\/#\/schema\/logo\/image\/"},"sameAs":["https:\/\/www.facebook.com\/compuviper","https:\/\/www.youtube.com\/channel\/UCf73dERp9Y3cfOq7q8BhLjA?view_as=subscriber"]}]},"product_brand":"MANHATTAN","product_price_amount":"357","product_price_currency":"MXN","og_availability":"instock","product_availability":"instock","product_retailer_item_id":"461382","product_condition":"new"},"_links":{"self":[{"href":"https:\/\/compuviper.mx\/tienda\/wp-json\/wp\/v2\/product\/211555"}],"collection":[{"href":"https:\/\/compuviper.mx\/tienda\/wp-json\/wp\/v2\/product"}],"about":[{"href":"https:\/\/compuviper.mx\/tienda\/wp-json\/wp\/v2\/types\/product"}],"replies":[{"embeddable":true,"href":"https:\/\/compuviper.mx\/tienda\/wp-json\/wp\/v2\/comments?post=211555"}],"wp:featuredmedia":[{"embeddable":true,"href":"https:\/\/compuviper.mx\/tienda\/wp-json\/wp\/v2\/media\/211556"}],"wp:attachment":[{"href":"https:\/\/compuviper.mx\/tienda\/wp-json\/wp\/v2\/media?parent=211555"}],"wp:term":[{"taxonomy":"product_cat","embeddable":true,"href":"https:\/\/compuviper.mx\/tienda\/wp-json\/wp\/v2\/product_cat?post=211555"},{"taxonomy":"product_tag","embeddable":true,"href":"https:\/\/compuviper.mx\/tienda\/wp-json\/wp\/v2\/product_tag?post=211555"}],"curies":[{"name":"wp","href":"https:\/\/api.w.org\/{rel}","templated":true}]}}