{"id":211529,"date":"2026-04-01T23:28:48","date_gmt":"2026-04-02T05:28:48","guid":{"rendered":"https:\/\/compuviper.mx\/tienda\/producto\/peerless-av-sr598-soporte-movil-peerless-para-monitores-profesionales-de-55-a-98-pulgadas-capacidad-hasta-136-1-kg\/"},"modified":"2026-04-01T23:28:49","modified_gmt":"2026-04-02T05:28:49","slug":"peerless-av-sr598-soporte-movil-peerless-para-monitores-profesionales-de-55-a-98-pulgadas-capacidad-hasta-136-1-kg","status":"publish","type":"product","link":"https:\/\/compuviper.mx\/tienda\/producto\/peerless-av-sr598-soporte-movil-peerless-para-monitores-profesionales-de-55-a-98-pulgadas-capacidad-hasta-136-1-kg\/","title":{"rendered":"Peerless-av Sr598 Soporte Movil Peerless  Para Monitores Profesionales De 55 A 98 Pulgadas Capacidad Hasta 136.1 Kg"},"content":{"rendered":"<table class=\"descripcion\">\n<tr>\n<td>Capacidad de carga 300 libras 136.36kg<\/td>\n<\/tr>\n<tr>\n<td>Color         negro<\/td>\n<\/tr>\n<tr>\n<td>Patrn de montaje981 x 608 mm 38,62 x 23,94<\/td>\n<\/tr>\n<tr>\n<td>Inclinacin        -5<\/td>\n<\/tr>\n<tr>\n<td>Dimensiones del producto46.01 x 68.38 x 29.00 1169 x 1736 x 737 mm<\/td>\n<\/tr>\n<tr>\n<td>Peso para el envo109 lb 49.09kg<\/td>\n<\/tr>\n<tr>\n<td>Las dimensiones de la nave38.5 x 12.5 x 47.5 977,9 x 317,5 x 1,206.5mm<\/td>\n<\/tr>\n<\/table>\n","protected":false},"excerpt":{"rendered":"<p>El sr598 smart mount\u00ae el equipo ha sido redise\u00f1ado para incluir todas las caractersticas que usted pueda necesitar, por lo que es perfecto para cualquier aplicacion. Movilidad, dise\u00f1o, ajuste de altura de la pantalla y una base pre-ensamblada para garantizar un montaje r\u00e1pido, mientras que proporciona una estructura rigida, pero atractivo que encaja en cualquier decoracion. Sus ruedas de 4\u0094 hacen que sea f\u00e1cil pasar de una habitacion a otra, mientras que la certificacion ul \u00ae que asegura que se puede hacer con toda seguridad.<\/p>\n","protected":false},"featured_media":211530,"comment_status":"open","ping_status":"open","template":"","meta":[],"product_cat":[2321,2265],"product_tag":[1904],"acf":[],"yoast_head":"<!-- This site is optimized with the Yoast SEO plugin v21.7 - https:\/\/yoast.com\/wordpress\/plugins\/seo\/ -->\n<title>[ Peerless-av ] &#129351; Sr598 Soporte Movil Peerless Para Monitores Profesionales De 55 A 98 Pulgadas Capacidad Hasta 136.1 Kg<\/title>\n<meta name=\"description\" content=\"Compra Sr598 Soporte Movil Peerless Para Monitores Profesionales De 55 A 98 Pulgadas Capacidad Hasta 136.1 Kg + Env\u00edo a domicilio + Pago seguro + Garant\u00eda\" \/>\n<meta name=\"robots\" content=\"index, follow, max-snippet:-1, max-image-preview:large, max-video-preview:-1\" \/>\n<link rel=\"canonical\" href=\"https:\/\/compuviper.mx\/tienda\/producto\/peerless-av-sr598-soporte-movil-peerless-para-monitores-profesionales-de-55-a-98-pulgadas-capacidad-hasta-136-1-kg\/\" \/>\n<meta property=\"og:locale\" content=\"es_MX\" \/>\n<meta property=\"og:type\" content=\"article\" \/>\n<meta property=\"og:title\" content=\"[ Peerless-av ] &#129351; Sr598 Soporte Movil Peerless Para Monitores Profesionales De 55 A 98 Pulgadas Capacidad Hasta 136.1 Kg\" \/>\n<meta property=\"og:description\" content=\"Compra Sr598 Soporte Movil Peerless Para Monitores Profesionales De 55 A 98 Pulgadas Capacidad Hasta 136.1 Kg + Env\u00edo a domicilio + Pago seguro + Garant\u00eda\" \/>\n<meta property=\"og:url\" content=\"https:\/\/compuviper.mx\/tienda\/producto\/peerless-av-sr598-soporte-movil-peerless-para-monitores-profesionales-de-55-a-98-pulgadas-capacidad-hasta-136-1-kg\/\" \/>\n<meta property=\"og:site_name\" content=\"Compuviper\" \/>\n<meta property=\"article:publisher\" content=\"https:\/\/www.facebook.com\/compuviper\" \/>\n<meta property=\"article:modified_time\" content=\"2026-04-02T05:28:49+00:00\" \/>\n<meta property=\"og:image\" content=\"https:\/\/compuviper.mx\/tienda\/wp-content\/uploads\/2023\/12\/Soporte-movil-peerless-sr598-para-monitores-profesionales-de-55-a-98-pulgadas-capacidad-hasta-136.1-kg.jpg\" \/>\n\t<meta property=\"og:image:width\" content=\"200\" \/>\n\t<meta property=\"og:image:height\" content=\"200\" \/>\n\t<meta property=\"og:image:type\" content=\"image\/jpeg\" \/>\n<meta name=\"twitter:card\" content=\"summary_large_image\" \/>\n<meta name=\"twitter:label1\" content=\"Precio\" \/>\n\t<meta name=\"twitter:data1\" content=\"&#36;23,417 con IVA\" \/>\n\t<meta name=\"twitter:label2\" content=\"Availability\" \/>\n\t<meta name=\"twitter:data2\" content=\"Out of stock\" \/>\n<script type=\"application\/ld+json\" class=\"yoast-schema-graph\">{\"@context\":\"https:\/\/schema.org\",\"@graph\":[{\"@type\":\"WebPage\",\"@id\":\"https:\/\/compuviper.mx\/tienda\/producto\/peerless-av-sr598-soporte-movil-peerless-para-monitores-profesionales-de-55-a-98-pulgadas-capacidad-hasta-136-1-kg\/\",\"url\":\"https:\/\/compuviper.mx\/tienda\/producto\/peerless-av-sr598-soporte-movil-peerless-para-monitores-profesionales-de-55-a-98-pulgadas-capacidad-hasta-136-1-kg\/\",\"name\":\"[ Peerless-av ] &#129351; Sr598 Soporte Movil Peerless Para Monitores Profesionales De 55 A 98 Pulgadas Capacidad Hasta 136.1 Kg\",\"isPartOf\":{\"@id\":\"https:\/\/compuviper.mx\/tienda\/#website\"},\"datePublished\":\"2026-04-02T05:28:48+00:00\",\"dateModified\":\"2026-04-02T05:28:49+00:00\",\"description\":\"Compra Sr598 Soporte Movil Peerless Para Monitores Profesionales De 55 A 98 Pulgadas Capacidad Hasta 136.1 Kg + Env\u00edo a domicilio + Pago seguro + Garant\u00eda\",\"breadcrumb\":{\"@id\":\"https:\/\/compuviper.mx\/tienda\/producto\/peerless-av-sr598-soporte-movil-peerless-para-monitores-profesionales-de-55-a-98-pulgadas-capacidad-hasta-136-1-kg\/#breadcrumb\"},\"inLanguage\":\"es-MX\",\"potentialAction\":[{\"@type\":\"ReadAction\",\"target\":[\"https:\/\/compuviper.mx\/tienda\/producto\/peerless-av-sr598-soporte-movil-peerless-para-monitores-profesionales-de-55-a-98-pulgadas-capacidad-hasta-136-1-kg\/\"]}]},{\"@type\":\"BreadcrumbList\",\"@id\":\"https:\/\/compuviper.mx\/tienda\/producto\/peerless-av-sr598-soporte-movil-peerless-para-monitores-profesionales-de-55-a-98-pulgadas-capacidad-hasta-136-1-kg\/#breadcrumb\",\"itemListElement\":[{\"@type\":\"ListItem\",\"position\":1,\"name\":\"Inicio\",\"item\":\"https:\/\/compuviper.mx\/tienda\/\"},{\"@type\":\"ListItem\",\"position\":2,\"name\":\"Productos\",\"item\":\"https:\/\/compuviper.mx\/tienda\/productos\/\"},{\"@type\":\"ListItem\",\"position\":3,\"name\":\"Soportes Y Bases P\/tv\/ Proyectores\/dvd\/consolas\/bocinas\/pantallas\/monotores\",\"item\":\"https:\/\/compuviper.mx\/tienda\/categoria-producto\/soportes-y-bases-p-tv-proyectores-dvd-consolas-bocinas-pantallas-monotores\/\"},{\"@type\":\"ListItem\",\"position\":4,\"name\":\"Soporte Y Base Para Tv\/pantallas\/monitores\/kiosko\",\"item\":\"https:\/\/compuviper.mx\/tienda\/categoria-producto\/soportes-y-bases-p-tv-proyectores-dvd-consolas-bocinas-pantallas-monotores\/soporte-y-base-para-tv-pantallas-monitores-kiosko\/\"},{\"@type\":\"ListItem\",\"position\":5,\"name\":\"Peerless-av Sr598 Soporte Movil Peerless Para Monitores Profesionales De 55 A 98 Pulgadas Capacidad Hasta 136.1 Kg\"}]},{\"@type\":\"WebSite\",\"@id\":\"https:\/\/compuviper.mx\/tienda\/#website\",\"url\":\"https:\/\/compuviper.mx\/tienda\/\",\"name\":\"Compuviper\",\"description\":\"Proveedor de Computadoras, Laptops, Servidores, Monitores, Puntos de Venta, Teclados,   Impresoras, T\u00f3ner, C\u00e1maras de Seguridad y m\u00e1s en tu tienda en l\u00ednea\",\"publisher\":{\"@id\":\"https:\/\/compuviper.mx\/tienda\/#organization\"},\"potentialAction\":[{\"@type\":\"SearchAction\",\"target\":{\"@type\":\"EntryPoint\",\"urlTemplate\":\"https:\/\/compuviper.mx\/tienda\/?s={search_term_string}\"},\"query-input\":\"required name=search_term_string\"}],\"inLanguage\":\"es-MX\"},{\"@type\":\"Organization\",\"@id\":\"https:\/\/compuviper.mx\/tienda\/#organization\",\"name\":\"Compuviper\",\"url\":\"https:\/\/compuviper.mx\/tienda\/\",\"logo\":{\"@type\":\"ImageObject\",\"inLanguage\":\"es-MX\",\"@id\":\"https:\/\/compuviper.mx\/tienda\/#\/schema\/logo\/image\/\",\"url\":\"https:\/\/compuviper.mx\/tienda\/wp-content\/uploads\/2021\/08\/Logo-Compuviper-10.png\",\"contentUrl\":\"https:\/\/compuviper.mx\/tienda\/wp-content\/uploads\/2021\/08\/Logo-Compuviper-10.png\",\"width\":1000,\"height\":500,\"caption\":\"Compuviper\"},\"image\":{\"@id\":\"https:\/\/compuviper.mx\/tienda\/#\/schema\/logo\/image\/\"},\"sameAs\":[\"https:\/\/www.facebook.com\/compuviper\",\"https:\/\/www.youtube.com\/channel\/UCf73dERp9Y3cfOq7q8BhLjA?view_as=subscriber\"]}]}<\/script>\n<meta property=\"product:brand\" content=\"PEERLESS-AV\" \/>\n<meta property=\"product:price:amount\" content=\"23417\" \/>\n<meta property=\"product:price:currency\" content=\"MXN\" \/>\n<meta property=\"og:availability\" content=\"out of stock\" \/>\n<meta property=\"product:availability\" content=\"out of stock\" \/>\n<meta property=\"product:retailer_item_id\" content=\"SR598\" \/>\n<meta property=\"product:condition\" content=\"new\" \/>\n<!-- \/ Yoast SEO plugin. -->","yoast_head_json":{"title":"[ Peerless-av ] &#129351; Sr598 Soporte Movil Peerless Para Monitores Profesionales De 55 A 98 Pulgadas Capacidad Hasta 136.1 Kg","description":"Compra Sr598 Soporte Movil Peerless Para Monitores Profesionales De 55 A 98 Pulgadas Capacidad Hasta 136.1 Kg + Env\u00edo a domicilio + Pago seguro + Garant\u00eda","robots":{"index":"index","follow":"follow","max-snippet":"max-snippet:-1","max-image-preview":"max-image-preview:large","max-video-preview":"max-video-preview:-1"},"canonical":"https:\/\/compuviper.mx\/tienda\/producto\/peerless-av-sr598-soporte-movil-peerless-para-monitores-profesionales-de-55-a-98-pulgadas-capacidad-hasta-136-1-kg\/","og_locale":"es_MX","og_type":"article","og_title":"[ Peerless-av ] &#129351; Sr598 Soporte Movil Peerless Para Monitores Profesionales De 55 A 98 Pulgadas Capacidad Hasta 136.1 Kg","og_description":"Compra Sr598 Soporte Movil Peerless Para Monitores Profesionales De 55 A 98 Pulgadas Capacidad Hasta 136.1 Kg + Env\u00edo a domicilio + Pago seguro + Garant\u00eda","og_url":"https:\/\/compuviper.mx\/tienda\/producto\/peerless-av-sr598-soporte-movil-peerless-para-monitores-profesionales-de-55-a-98-pulgadas-capacidad-hasta-136-1-kg\/","og_site_name":"Compuviper","article_publisher":"https:\/\/www.facebook.com\/compuviper","article_modified_time":"2026-04-02T05:28:49+00:00","og_image":[{"width":200,"height":200,"url":"https:\/\/compuviper.mx\/tienda\/wp-content\/uploads\/2023\/12\/Soporte-movil-peerless-sr598-para-monitores-profesionales-de-55-a-98-pulgadas-capacidad-hasta-136.1-kg.jpg","type":"image\/jpeg"}],"twitter_card":"summary_large_image","twitter_misc":{"Precio":"&#36;23,417 con IVA","Availability":"Out of stock"},"schema":{"@context":"https:\/\/schema.org","@graph":[{"@type":"WebPage","@id":"https:\/\/compuviper.mx\/tienda\/producto\/peerless-av-sr598-soporte-movil-peerless-para-monitores-profesionales-de-55-a-98-pulgadas-capacidad-hasta-136-1-kg\/","url":"https:\/\/compuviper.mx\/tienda\/producto\/peerless-av-sr598-soporte-movil-peerless-para-monitores-profesionales-de-55-a-98-pulgadas-capacidad-hasta-136-1-kg\/","name":"[ Peerless-av ] &#129351; Sr598 Soporte Movil Peerless Para Monitores Profesionales De 55 A 98 Pulgadas Capacidad Hasta 136.1 Kg","isPartOf":{"@id":"https:\/\/compuviper.mx\/tienda\/#website"},"datePublished":"2026-04-02T05:28:48+00:00","dateModified":"2026-04-02T05:28:49+00:00","description":"Compra Sr598 Soporte Movil Peerless Para Monitores Profesionales De 55 A 98 Pulgadas Capacidad Hasta 136.1 Kg + Env\u00edo a domicilio + Pago seguro + Garant\u00eda","breadcrumb":{"@id":"https:\/\/compuviper.mx\/tienda\/producto\/peerless-av-sr598-soporte-movil-peerless-para-monitores-profesionales-de-55-a-98-pulgadas-capacidad-hasta-136-1-kg\/#breadcrumb"},"inLanguage":"es-MX","potentialAction":[{"@type":"ReadAction","target":["https:\/\/compuviper.mx\/tienda\/producto\/peerless-av-sr598-soporte-movil-peerless-para-monitores-profesionales-de-55-a-98-pulgadas-capacidad-hasta-136-1-kg\/"]}]},{"@type":"BreadcrumbList","@id":"https:\/\/compuviper.mx\/tienda\/producto\/peerless-av-sr598-soporte-movil-peerless-para-monitores-profesionales-de-55-a-98-pulgadas-capacidad-hasta-136-1-kg\/#breadcrumb","itemListElement":[{"@type":"ListItem","position":1,"name":"Inicio","item":"https:\/\/compuviper.mx\/tienda\/"},{"@type":"ListItem","position":2,"name":"Productos","item":"https:\/\/compuviper.mx\/tienda\/productos\/"},{"@type":"ListItem","position":3,"name":"Soportes Y Bases P\/tv\/ Proyectores\/dvd\/consolas\/bocinas\/pantallas\/monotores","item":"https:\/\/compuviper.mx\/tienda\/categoria-producto\/soportes-y-bases-p-tv-proyectores-dvd-consolas-bocinas-pantallas-monotores\/"},{"@type":"ListItem","position":4,"name":"Soporte Y Base Para Tv\/pantallas\/monitores\/kiosko","item":"https:\/\/compuviper.mx\/tienda\/categoria-producto\/soportes-y-bases-p-tv-proyectores-dvd-consolas-bocinas-pantallas-monotores\/soporte-y-base-para-tv-pantallas-monitores-kiosko\/"},{"@type":"ListItem","position":5,"name":"Peerless-av Sr598 Soporte Movil Peerless Para Monitores Profesionales De 55 A 98 Pulgadas Capacidad Hasta 136.1 Kg"}]},{"@type":"WebSite","@id":"https:\/\/compuviper.mx\/tienda\/#website","url":"https:\/\/compuviper.mx\/tienda\/","name":"Compuviper","description":"Proveedor de Computadoras, Laptops, Servidores, Monitores, Puntos de Venta, Teclados,   Impresoras, T\u00f3ner, C\u00e1maras de Seguridad y m\u00e1s en tu tienda en l\u00ednea","publisher":{"@id":"https:\/\/compuviper.mx\/tienda\/#organization"},"potentialAction":[{"@type":"SearchAction","target":{"@type":"EntryPoint","urlTemplate":"https:\/\/compuviper.mx\/tienda\/?s={search_term_string}"},"query-input":"required name=search_term_string"}],"inLanguage":"es-MX"},{"@type":"Organization","@id":"https:\/\/compuviper.mx\/tienda\/#organization","name":"Compuviper","url":"https:\/\/compuviper.mx\/tienda\/","logo":{"@type":"ImageObject","inLanguage":"es-MX","@id":"https:\/\/compuviper.mx\/tienda\/#\/schema\/logo\/image\/","url":"https:\/\/compuviper.mx\/tienda\/wp-content\/uploads\/2021\/08\/Logo-Compuviper-10.png","contentUrl":"https:\/\/compuviper.mx\/tienda\/wp-content\/uploads\/2021\/08\/Logo-Compuviper-10.png","width":1000,"height":500,"caption":"Compuviper"},"image":{"@id":"https:\/\/compuviper.mx\/tienda\/#\/schema\/logo\/image\/"},"sameAs":["https:\/\/www.facebook.com\/compuviper","https:\/\/www.youtube.com\/channel\/UCf73dERp9Y3cfOq7q8BhLjA?view_as=subscriber"]}]},"product_brand":"PEERLESS-AV","product_price_amount":"23417","product_price_currency":"MXN","og_availability":"out of stock","product_availability":"out of stock","product_retailer_item_id":"SR598","product_condition":"new"},"_links":{"self":[{"href":"https:\/\/compuviper.mx\/tienda\/wp-json\/wp\/v2\/product\/211529"}],"collection":[{"href":"https:\/\/compuviper.mx\/tienda\/wp-json\/wp\/v2\/product"}],"about":[{"href":"https:\/\/compuviper.mx\/tienda\/wp-json\/wp\/v2\/types\/product"}],"replies":[{"embeddable":true,"href":"https:\/\/compuviper.mx\/tienda\/wp-json\/wp\/v2\/comments?post=211529"}],"wp:featuredmedia":[{"embeddable":true,"href":"https:\/\/compuviper.mx\/tienda\/wp-json\/wp\/v2\/media\/211530"}],"wp:attachment":[{"href":"https:\/\/compuviper.mx\/tienda\/wp-json\/wp\/v2\/media?parent=211529"}],"wp:term":[{"taxonomy":"product_cat","embeddable":true,"href":"https:\/\/compuviper.mx\/tienda\/wp-json\/wp\/v2\/product_cat?post=211529"},{"taxonomy":"product_tag","embeddable":true,"href":"https:\/\/compuviper.mx\/tienda\/wp-json\/wp\/v2\/product_tag?post=211529"}],"curies":[{"name":"wp","href":"https:\/\/api.w.org\/{rel}","templated":true}]}}