{"id":211521,"date":"2026-04-21T23:26:42","date_gmt":"2026-04-22T05:26:42","guid":{"rendered":"https:\/\/compuviper.mx\/tienda\/producto\/manhattan-152426-convertidor-video-svgaaudio-usb-a-hdmi\/"},"modified":"2026-04-21T23:26:42","modified_gmt":"2026-04-22T05:26:42","slug":"manhattan-152426-convertidor-video-svgaaudio-usb-a-hdmi","status":"publish","type":"product","link":"https:\/\/compuviper.mx\/tienda\/producto\/manhattan-152426-convertidor-video-svgaaudio-usb-a-hdmi\/","title":{"rendered":"Manhattan 152426 Convertidor Video,,, Svga+audio Usb A Hdmi"},"content":{"rendered":"<table class=\"descripcion\">\n<tr>\n<td>Est\u00e1ndares y certificaciones<\/td>\n<\/tr>\n<tr>\n<td>Hdmi<\/td>\n<\/tr>\n<tr>\n<td>Ce<\/td>\n<\/tr>\n<tr>\n<td>Fcc<\/td>\n<\/tr>\n<tr>\n<td>Hdcp<\/td>\n<\/tr>\n<tr>\n<td>General<\/td>\n<\/tr>\n<tr>\n<td>Soporta hdcp pass-through<\/td>\n<\/tr>\n<tr>\n<td>Alimentaci\u00f3n: 5 vdc \/ 1 a<\/td>\n<\/tr>\n<tr>\n<td>Formatos de entrada de video vga: vga, xga, svga, sxga, uga<\/td>\n<\/tr>\n<tr>\n<td>Conexiones<\/td>\n<\/tr>\n<tr>\n<td>Entrada: vga \/ hd15 macho (video)<\/td>\n<\/tr>\n<tr>\n<td>Entrada: usb tipo-a macho (audio\/alimentaci\u00f3n)<\/td>\n<\/tr>\n<tr>\n<td>Salida: hdmi hembra (video\/audio)<\/td>\n<\/tr>\n<tr>\n<td>Entrada y salida de se\u00f1al<\/td>\n<\/tr>\n<tr>\n<td>Entrada de se\u00f1al de video: 0.5 \u00bf 1.0 v p-p<\/td>\n<\/tr>\n<tr>\n<td>Entrada de se\u00f1al ddc: 5 v p-p (ttl)<\/td>\n<\/tr>\n<tr>\n<td>Salida de video: hdmi, hdcp 1.3<\/td>\n<\/tr>\n<tr>\n<td>Frecuencia: 1.65 gbps \/ 165 mhz<\/td>\n<\/tr>\n<tr>\n<td>Resoluciones de video<\/td>\n<\/tr>\n<tr>\n<td>Vga: 640 x 480, 800 x 600, 1024 x 768, 1280 x 720, 1280 x 768, 1280 x 960, 1280 x 1024, 1920 x 1200, 1920 x 1080<\/td>\n<\/tr>\n<tr>\n<td>Dtv\/hdtv: 480i\/480p\/576i\/576p\/720p\/1080i\/1080p@60hz<\/td>\n<\/tr>\n<tr>\n<td>Dise\u00f1o<\/td>\n<\/tr>\n<tr>\n<td>Indicadores led: alimentaci\u00f3n y conexi\u00f3n de puertos<\/td>\n<\/tr>\n<tr>\n<td>Cable vga cable, 29 cm (1 ft.)<\/td>\n<\/tr>\n<tr>\n<td>Cable de alimentaci\u00f3n 5vdc \/ 1a usb, 1 m (3 ft.)<\/td>\n<\/tr>\n<tr>\n<td>Peso: 102 g (3.6 oz.)<\/td>\n<\/tr>\n<tr>\n<td>Chasis: pl\u00e1stico<\/td>\n<\/tr>\n<tr>\n<td>Ambiente de operaci\u00f3n<\/td>\n<\/tr>\n<tr>\n<td>Temperatura de operaci\u00f3n: 32 \u00bf 104\u00b0f (0 \u00bf 40\u00b0c)<\/td>\n<\/tr>\n<tr>\n<td>Temperatura de almacenamiento: -4 \u00bf 140\u00b0f (-20 \u00bf 60\u00b0c)<\/td>\n<\/tr>\n<tr>\n<td>Humedad (sin condensar): 0 \u00bf 96%<\/td>\n<\/tr>\n<tr>\n<td>Contenido del empaque:<\/td>\n<\/tr>\n<tr>\n<td>Convertidor de vga y usb a hdmi<\/td>\n<\/tr>\n<tr>\n<td>Gu\u00eda r\u00e1pida de instrucciones<\/td>\n<\/tr>\n<\/table>\n","protected":false},"excerpt":{"rendered":"<p>Convierte f\u00e1cilmente video an\u00e1logo vga y audio usb a una se\u00f1al digital hdmi. Ideal para conectar mac, pcs y laptops a monitores de alta definici\u00f3n, hdtvs, proyectores y m\u00e1s. Soporta resoluciones de video vga y hdmi de hasta 1920&#215;1080; 1080p@60hz, profundidad de color de 24 bits y banda amplificadora de video de hasta 1.65 gbps \/ 165 mhz. Brinda sonido digital usb de alta calidad; alimentado con una conexi\u00f3n. Dise\u00f1o compacto y port\u00e1til que cabe f\u00e1cilmente en una mochila para laptop para presentaciones fuera de la oficina, para viajeros de negocio y m\u00e1s. Trabaja mejor en combinaci\u00f3n con el cable hdmi de alta velocidad con ethernet de manhattan (323215. Plug and play; compatible con windows y max; f\u00e1cil de instalar. Tres a\u00f1os de garant\u00eda<\/p>\n","protected":false},"featured_media":211522,"comment_status":"open","ping_status":"open","template":"","meta":[],"product_cat":[1485,1506],"product_tag":[1487],"acf":[],"yoast_head":"<!-- This site is optimized with the Yoast SEO plugin v21.7 - https:\/\/yoast.com\/wordpress\/plugins\/seo\/ -->\n<title>[ Manhattan ] &#129351; 152426 Convertidor Video,,, Svga+audio Usb A Hdmi<\/title>\n<meta name=\"description\" content=\"Compra 152426 Convertidor Video,,, Svga+audio Usb A Hdmi + Env\u00edo a domicilio + Pago seguro + Garant\u00eda\" \/>\n<meta name=\"robots\" content=\"index, follow, max-snippet:-1, max-image-preview:large, max-video-preview:-1\" \/>\n<link rel=\"canonical\" href=\"https:\/\/compuviper.mx\/tienda\/producto\/manhattan-152426-convertidor-video-svgaaudio-usb-a-hdmi\/\" \/>\n<meta property=\"og:locale\" content=\"es_MX\" \/>\n<meta property=\"og:type\" content=\"article\" \/>\n<meta property=\"og:title\" content=\"[ Manhattan ] &#129351; 152426 Convertidor Video,,, Svga+audio Usb A Hdmi\" \/>\n<meta property=\"og:description\" content=\"Compra 152426 Convertidor Video,,, Svga+audio Usb A Hdmi + Env\u00edo a domicilio + Pago seguro + Garant\u00eda\" \/>\n<meta property=\"og:url\" content=\"https:\/\/compuviper.mx\/tienda\/producto\/manhattan-152426-convertidor-video-svgaaudio-usb-a-hdmi\/\" \/>\n<meta property=\"og:site_name\" content=\"Compuviper\" \/>\n<meta property=\"article:publisher\" content=\"https:\/\/www.facebook.com\/compuviper\" \/>\n<meta property=\"og:image\" content=\"https:\/\/compuviper.mx\/tienda\/wp-content\/uploads\/2023\/12\/Convertidor-videomanhattan152426-svgaaudio-usb-a-hdmi.jpg\" \/>\n\t<meta property=\"og:image:width\" content=\"200\" \/>\n\t<meta property=\"og:image:height\" content=\"200\" \/>\n\t<meta property=\"og:image:type\" content=\"image\/jpeg\" \/>\n<meta name=\"twitter:card\" content=\"summary_large_image\" \/>\n<meta name=\"twitter:label1\" content=\"Precio\" \/>\n\t<meta name=\"twitter:data1\" content=\"&#36;356 con IVA\" \/>\n\t<meta name=\"twitter:label2\" content=\"Availability\" \/>\n\t<meta name=\"twitter:data2\" content=\"In stock\" \/>\n<script type=\"application\/ld+json\" class=\"yoast-schema-graph\">{\"@context\":\"https:\/\/schema.org\",\"@graph\":[{\"@type\":\"WebPage\",\"@id\":\"https:\/\/compuviper.mx\/tienda\/producto\/manhattan-152426-convertidor-video-svgaaudio-usb-a-hdmi\/\",\"url\":\"https:\/\/compuviper.mx\/tienda\/producto\/manhattan-152426-convertidor-video-svgaaudio-usb-a-hdmi\/\",\"name\":\"[ Manhattan ] &#129351; 152426 Convertidor Video,,, Svga+audio Usb A Hdmi\",\"isPartOf\":{\"@id\":\"https:\/\/compuviper.mx\/tienda\/#website\"},\"datePublished\":\"2026-04-22T05:26:42+00:00\",\"dateModified\":\"2026-04-22T05:26:42+00:00\",\"description\":\"Compra 152426 Convertidor Video,,, Svga+audio Usb A Hdmi + Env\u00edo a domicilio + Pago seguro + Garant\u00eda\",\"breadcrumb\":{\"@id\":\"https:\/\/compuviper.mx\/tienda\/producto\/manhattan-152426-convertidor-video-svgaaudio-usb-a-hdmi\/#breadcrumb\"},\"inLanguage\":\"es-MX\",\"potentialAction\":[{\"@type\":\"ReadAction\",\"target\":[\"https:\/\/compuviper.mx\/tienda\/producto\/manhattan-152426-convertidor-video-svgaaudio-usb-a-hdmi\/\"]}]},{\"@type\":\"BreadcrumbList\",\"@id\":\"https:\/\/compuviper.mx\/tienda\/producto\/manhattan-152426-convertidor-video-svgaaudio-usb-a-hdmi\/#breadcrumb\",\"itemListElement\":[{\"@type\":\"ListItem\",\"position\":1,\"name\":\"Inicio\",\"item\":\"https:\/\/compuviper.mx\/tienda\/\"},{\"@type\":\"ListItem\",\"position\":2,\"name\":\"Productos\",\"item\":\"https:\/\/compuviper.mx\/tienda\/productos\/\"},{\"@type\":\"ListItem\",\"position\":3,\"name\":\"Accesorios\",\"item\":\"https:\/\/compuviper.mx\/tienda\/categoria-producto\/accesorios\/\"},{\"@type\":\"ListItem\",\"position\":4,\"name\":\"Conectividad\",\"item\":\"https:\/\/compuviper.mx\/tienda\/categoria-producto\/accesorios\/conectividad\/\"},{\"@type\":\"ListItem\",\"position\":5,\"name\":\"Manhattan 152426 Convertidor Video,,, Svga+audio Usb A Hdmi\"}]},{\"@type\":\"WebSite\",\"@id\":\"https:\/\/compuviper.mx\/tienda\/#website\",\"url\":\"https:\/\/compuviper.mx\/tienda\/\",\"name\":\"Compuviper\",\"description\":\"Proveedor de Computadoras, Laptops, Servidores, Monitores, Puntos de Venta, Teclados,   Impresoras, T\u00f3ner, C\u00e1maras de Seguridad y m\u00e1s en tu tienda en l\u00ednea\",\"publisher\":{\"@id\":\"https:\/\/compuviper.mx\/tienda\/#organization\"},\"potentialAction\":[{\"@type\":\"SearchAction\",\"target\":{\"@type\":\"EntryPoint\",\"urlTemplate\":\"https:\/\/compuviper.mx\/tienda\/?s={search_term_string}\"},\"query-input\":\"required name=search_term_string\"}],\"inLanguage\":\"es-MX\"},{\"@type\":\"Organization\",\"@id\":\"https:\/\/compuviper.mx\/tienda\/#organization\",\"name\":\"Compuviper\",\"url\":\"https:\/\/compuviper.mx\/tienda\/\",\"logo\":{\"@type\":\"ImageObject\",\"inLanguage\":\"es-MX\",\"@id\":\"https:\/\/compuviper.mx\/tienda\/#\/schema\/logo\/image\/\",\"url\":\"https:\/\/compuviper.mx\/tienda\/wp-content\/uploads\/2021\/08\/Logo-Compuviper-10.png\",\"contentUrl\":\"https:\/\/compuviper.mx\/tienda\/wp-content\/uploads\/2021\/08\/Logo-Compuviper-10.png\",\"width\":1000,\"height\":500,\"caption\":\"Compuviper\"},\"image\":{\"@id\":\"https:\/\/compuviper.mx\/tienda\/#\/schema\/logo\/image\/\"},\"sameAs\":[\"https:\/\/www.facebook.com\/compuviper\",\"https:\/\/www.youtube.com\/channel\/UCf73dERp9Y3cfOq7q8BhLjA?view_as=subscriber\"]}]}<\/script>\n<meta property=\"product:brand\" content=\"MANHATTAN\" \/>\n<meta property=\"product:price:amount\" content=\"356\" \/>\n<meta property=\"product:price:currency\" content=\"MXN\" \/>\n<meta property=\"og:availability\" content=\"instock\" \/>\n<meta property=\"product:availability\" content=\"instock\" \/>\n<meta property=\"product:retailer_item_id\" content=\"152426\" \/>\n<meta property=\"product:condition\" content=\"new\" \/>\n<!-- \/ Yoast SEO plugin. -->","yoast_head_json":{"title":"[ Manhattan ] &#129351; 152426 Convertidor Video,,, Svga+audio Usb A Hdmi","description":"Compra 152426 Convertidor Video,,, Svga+audio Usb A Hdmi + Env\u00edo a domicilio + Pago seguro + Garant\u00eda","robots":{"index":"index","follow":"follow","max-snippet":"max-snippet:-1","max-image-preview":"max-image-preview:large","max-video-preview":"max-video-preview:-1"},"canonical":"https:\/\/compuviper.mx\/tienda\/producto\/manhattan-152426-convertidor-video-svgaaudio-usb-a-hdmi\/","og_locale":"es_MX","og_type":"article","og_title":"[ Manhattan ] &#129351; 152426 Convertidor Video,,, Svga+audio Usb A Hdmi","og_description":"Compra 152426 Convertidor Video,,, Svga+audio Usb A Hdmi + Env\u00edo a domicilio + Pago seguro + Garant\u00eda","og_url":"https:\/\/compuviper.mx\/tienda\/producto\/manhattan-152426-convertidor-video-svgaaudio-usb-a-hdmi\/","og_site_name":"Compuviper","article_publisher":"https:\/\/www.facebook.com\/compuviper","og_image":[{"width":200,"height":200,"url":"https:\/\/compuviper.mx\/tienda\/wp-content\/uploads\/2023\/12\/Convertidor-videomanhattan152426-svgaaudio-usb-a-hdmi.jpg","type":"image\/jpeg"}],"twitter_card":"summary_large_image","twitter_misc":{"Precio":"&#36;356 con IVA","Availability":"In stock"},"schema":{"@context":"https:\/\/schema.org","@graph":[{"@type":"WebPage","@id":"https:\/\/compuviper.mx\/tienda\/producto\/manhattan-152426-convertidor-video-svgaaudio-usb-a-hdmi\/","url":"https:\/\/compuviper.mx\/tienda\/producto\/manhattan-152426-convertidor-video-svgaaudio-usb-a-hdmi\/","name":"[ Manhattan ] &#129351; 152426 Convertidor Video,,, Svga+audio Usb A Hdmi","isPartOf":{"@id":"https:\/\/compuviper.mx\/tienda\/#website"},"datePublished":"2026-04-22T05:26:42+00:00","dateModified":"2026-04-22T05:26:42+00:00","description":"Compra 152426 Convertidor Video,,, Svga+audio Usb A Hdmi + Env\u00edo a domicilio + Pago seguro + Garant\u00eda","breadcrumb":{"@id":"https:\/\/compuviper.mx\/tienda\/producto\/manhattan-152426-convertidor-video-svgaaudio-usb-a-hdmi\/#breadcrumb"},"inLanguage":"es-MX","potentialAction":[{"@type":"ReadAction","target":["https:\/\/compuviper.mx\/tienda\/producto\/manhattan-152426-convertidor-video-svgaaudio-usb-a-hdmi\/"]}]},{"@type":"BreadcrumbList","@id":"https:\/\/compuviper.mx\/tienda\/producto\/manhattan-152426-convertidor-video-svgaaudio-usb-a-hdmi\/#breadcrumb","itemListElement":[{"@type":"ListItem","position":1,"name":"Inicio","item":"https:\/\/compuviper.mx\/tienda\/"},{"@type":"ListItem","position":2,"name":"Productos","item":"https:\/\/compuviper.mx\/tienda\/productos\/"},{"@type":"ListItem","position":3,"name":"Accesorios","item":"https:\/\/compuviper.mx\/tienda\/categoria-producto\/accesorios\/"},{"@type":"ListItem","position":4,"name":"Conectividad","item":"https:\/\/compuviper.mx\/tienda\/categoria-producto\/accesorios\/conectividad\/"},{"@type":"ListItem","position":5,"name":"Manhattan 152426 Convertidor Video,,, Svga+audio Usb A Hdmi"}]},{"@type":"WebSite","@id":"https:\/\/compuviper.mx\/tienda\/#website","url":"https:\/\/compuviper.mx\/tienda\/","name":"Compuviper","description":"Proveedor de Computadoras, Laptops, Servidores, Monitores, Puntos de Venta, Teclados,   Impresoras, T\u00f3ner, C\u00e1maras de Seguridad y m\u00e1s en tu tienda en l\u00ednea","publisher":{"@id":"https:\/\/compuviper.mx\/tienda\/#organization"},"potentialAction":[{"@type":"SearchAction","target":{"@type":"EntryPoint","urlTemplate":"https:\/\/compuviper.mx\/tienda\/?s={search_term_string}"},"query-input":"required name=search_term_string"}],"inLanguage":"es-MX"},{"@type":"Organization","@id":"https:\/\/compuviper.mx\/tienda\/#organization","name":"Compuviper","url":"https:\/\/compuviper.mx\/tienda\/","logo":{"@type":"ImageObject","inLanguage":"es-MX","@id":"https:\/\/compuviper.mx\/tienda\/#\/schema\/logo\/image\/","url":"https:\/\/compuviper.mx\/tienda\/wp-content\/uploads\/2021\/08\/Logo-Compuviper-10.png","contentUrl":"https:\/\/compuviper.mx\/tienda\/wp-content\/uploads\/2021\/08\/Logo-Compuviper-10.png","width":1000,"height":500,"caption":"Compuviper"},"image":{"@id":"https:\/\/compuviper.mx\/tienda\/#\/schema\/logo\/image\/"},"sameAs":["https:\/\/www.facebook.com\/compuviper","https:\/\/www.youtube.com\/channel\/UCf73dERp9Y3cfOq7q8BhLjA?view_as=subscriber"]}]},"product_brand":"MANHATTAN","product_price_amount":"356","product_price_currency":"MXN","og_availability":"instock","product_availability":"instock","product_retailer_item_id":"152426","product_condition":"new"},"_links":{"self":[{"href":"https:\/\/compuviper.mx\/tienda\/wp-json\/wp\/v2\/product\/211521"}],"collection":[{"href":"https:\/\/compuviper.mx\/tienda\/wp-json\/wp\/v2\/product"}],"about":[{"href":"https:\/\/compuviper.mx\/tienda\/wp-json\/wp\/v2\/types\/product"}],"replies":[{"embeddable":true,"href":"https:\/\/compuviper.mx\/tienda\/wp-json\/wp\/v2\/comments?post=211521"}],"wp:featuredmedia":[{"embeddable":true,"href":"https:\/\/compuviper.mx\/tienda\/wp-json\/wp\/v2\/media\/211522"}],"wp:attachment":[{"href":"https:\/\/compuviper.mx\/tienda\/wp-json\/wp\/v2\/media?parent=211521"}],"wp:term":[{"taxonomy":"product_cat","embeddable":true,"href":"https:\/\/compuviper.mx\/tienda\/wp-json\/wp\/v2\/product_cat?post=211521"},{"taxonomy":"product_tag","embeddable":true,"href":"https:\/\/compuviper.mx\/tienda\/wp-json\/wp\/v2\/product_tag?post=211521"}],"curies":[{"name":"wp","href":"https:\/\/api.w.org\/{rel}","templated":true}]}}