{"id":211515,"date":"2026-04-06T23:27:00","date_gmt":"2026-04-07T05:27:00","guid":{"rendered":"https:\/\/compuviper.mx\/tienda\/producto\/smartbitt-sbnbslider700-rack-slider-700mm-rieles-para-ups-compatible-con-sbol1krt2u-1-sbol2krt2u-1-sbol3krt2u-1-sbol2200proii-sbol3200proii\/"},"modified":"2026-04-06T23:27:00","modified_gmt":"2026-04-07T05:27:00","slug":"smartbitt-sbnbslider700-riel-700mm-rieles-para-ups-compatible-con-sbol1krt-1-sbol2krt-1-sbol3krt-1-sbol2200proii-sbol3200proii","status":"publish","type":"product","link":"https:\/\/compuviper.mx\/tienda\/producto\/smartbitt-sbnbslider700-riel-700mm-rieles-para-ups-compatible-con-sbol1krt-1-sbol2krt-1-sbol3krt-1-sbol2200proii-sbol3200proii\/","title":{"rendered":"Smartbitt Sbnbslider700 Riel       700mm Rieles Para Ups Compatible Con Sbol1krt-1 \/ Sbol2krt-1 \/ Sbol3krt-1 \/ Sbol2200proii \/ Sbol3200proii"},"content":{"rendered":"<table class=\"descripcion\">\n<tr>\n<td>Generalidades<\/td>\n<\/tr>\n<tr>\n<td>\u0095 soporta ups para montar en rack de 4 puestos.<\/td>\n<\/tr>\n<tr>\n<td>\u0095 ajustable entre 20,5 y 36 pulgadas (51 y 90 cm).<\/td>\n<\/tr>\n<tr>\n<td>\u0095 facilitan la instalaci\u00f3n a una sola persona.<\/td>\n<\/tr>\n<tr>\n<td>\u0095 incluye las herramientas para fijar al rack.<\/td>\n<\/tr>\n<tr>\n<td>\u0095 soporta chasis de ups de hasta 250 lb. (113,3 kg)<\/td>\n<\/tr>\n<tr>\n<td>\u0095 tipo de modelo: juego de montaje<\/td>\n<\/tr>\n<tr>\n<td>\u0095 tipo de accesorios: rackmountain kit<\/td>\n<\/tr>\n<tr>\n<td>\u0095 fisicas:<\/td>\n<\/tr>\n<tr>\n<td>\u0095 dimensiones (al x an x pr \/ pulgadas): 3,54 x 2,36 x 22<\/td>\n<\/tr>\n<tr>\n<td>\u0095 dimensiones (al x an x pr \/ cm): 9 x 6 x 55,9<\/td>\n<\/tr>\n<tr>\n<td>\u0095 peso de env\u00edo (lb): 5.5<\/td>\n<\/tr>\n<tr>\n<td>\u0095 peso de env\u00edo (kg) 14,0<\/td>\n<\/tr>\n<tr>\n<td>\u0095 garantia: 3 a\u00f1os<\/td>\n<\/tr>\n<\/table>\n","protected":false},"excerpt":{"rendered":"<p>El riel para ups ajustable para instalaci\u00f3n en rack sbnbslider700 de smartbitt soporta sistemas ups pesados de 1u en aplicaciones para instalaci\u00f3n en rack de 4 postes. Dos pares de rieles para instalaci\u00f3n de \u0093soporte en l\u0094 ampliable ofrecen soporte del frente a la parte posterior de sistemas ups para instalaci\u00f3n en rack. El par de \u0093soportes l\u0094 ampliables se ajustan a cualquier posici\u00f3n entre 52.07 cm [20.5 and #8243;] y 91.44 cm [36 and #8243;]. Incluye los accesorios de instalaci\u00f3n compatibles con racks de orificio cuadrado. El juego de espigas de colocaci\u00f3n temporal permite la instalaci\u00f3n sencilla por una sola persona al permitir que los rieles permanezcan en su sitio mientras se colocan los accesorios de instalaci\u00f3n. Compatibles tambi\u00e9n con otras piezas pesadas de equipo de red o protecci\u00f3n de energ\u00eda con chasis rectangular de 17.5 pulgadas de ancho. Soporta hasta 113.4 kg [250 lbs]<\/p>\n","protected":false},"featured_media":211516,"comment_status":"open","ping_status":"open","template":"","meta":[],"product_cat":[1485,1488],"product_tag":[1583],"acf":[],"yoast_head":"<!-- This site is optimized with the Yoast SEO plugin v21.7 - https:\/\/yoast.com\/wordpress\/plugins\/seo\/ -->\n<title>[ Smartbitt ] &#129351; Sbnbslider700 Riel 700mm Rieles Para Ups Compatible Con Sbol1krt-1 \/ Sbol2krt-1 \/ Sbol3krt-1 \/ Sbol2200proii \/ Sbol3200proii<\/title>\n<meta name=\"description\" content=\"Compra Sbnbslider700 Riel 700mm Rieles Para Ups Compatible Con Sbol1krt-1 \/ Sbol2krt-1 \/ Sbol3krt-1 \/ Sbol2200proii \/ Sbol3200proii + Env\u00edo a domicilio + Pago seguro + Garant\u00eda\" \/>\n<meta name=\"robots\" content=\"index, follow, max-snippet:-1, max-image-preview:large, max-video-preview:-1\" \/>\n<link rel=\"canonical\" href=\"https:\/\/compuviper.mx\/tienda\/producto\/smartbitt-sbnbslider700-riel-700mm-rieles-para-ups-compatible-con-sbol1krt-1-sbol2krt-1-sbol3krt-1-sbol2200proii-sbol3200proii\/\" \/>\n<meta property=\"og:locale\" content=\"es_MX\" \/>\n<meta property=\"og:type\" content=\"article\" \/>\n<meta property=\"og:title\" content=\"[ Smartbitt ] &#129351; Sbnbslider700 Riel 700mm Rieles Para Ups Compatible Con Sbol1krt-1 \/ Sbol2krt-1 \/ Sbol3krt-1 \/ Sbol2200proii \/ Sbol3200proii\" \/>\n<meta property=\"og:description\" content=\"Compra Sbnbslider700 Riel 700mm Rieles Para Ups Compatible Con Sbol1krt-1 \/ Sbol2krt-1 \/ Sbol3krt-1 \/ Sbol2200proii \/ Sbol3200proii + Env\u00edo a domicilio + Pago seguro + Garant\u00eda\" \/>\n<meta property=\"og:url\" content=\"https:\/\/compuviper.mx\/tienda\/producto\/smartbitt-sbnbslider700-riel-700mm-rieles-para-ups-compatible-con-sbol1krt-1-sbol2krt-1-sbol3krt-1-sbol2200proii-sbol3200proii\/\" \/>\n<meta property=\"og:site_name\" content=\"Compuviper\" \/>\n<meta property=\"article:publisher\" content=\"https:\/\/www.facebook.com\/compuviper\" \/>\n<meta property=\"og:image\" content=\"https:\/\/compuviper.mx\/tienda\/wp-content\/uploads\/2023\/12\/Rack-slider-smartbitt-700mm-rieles-para-ups-compatible-con-sbol1krt2u-1-sbol2krt2u-1-sbol3krt2u-1-sbol2200proii-sbol3200proii.jpg\" \/>\n\t<meta property=\"og:image:width\" content=\"200\" \/>\n\t<meta property=\"og:image:height\" content=\"200\" \/>\n\t<meta property=\"og:image:type\" content=\"image\/jpeg\" \/>\n<meta name=\"twitter:card\" content=\"summary_large_image\" \/>\n<meta name=\"twitter:label1\" content=\"Precio\" \/>\n\t<meta name=\"twitter:data1\" content=\"&#36;1,502 con IVA\" \/>\n\t<meta name=\"twitter:label2\" content=\"Availability\" \/>\n\t<meta name=\"twitter:data2\" content=\"Out of stock\" \/>\n<script type=\"application\/ld+json\" class=\"yoast-schema-graph\">{\"@context\":\"https:\/\/schema.org\",\"@graph\":[{\"@type\":\"WebPage\",\"@id\":\"https:\/\/compuviper.mx\/tienda\/producto\/smartbitt-sbnbslider700-riel-700mm-rieles-para-ups-compatible-con-sbol1krt-1-sbol2krt-1-sbol3krt-1-sbol2200proii-sbol3200proii\/\",\"url\":\"https:\/\/compuviper.mx\/tienda\/producto\/smartbitt-sbnbslider700-riel-700mm-rieles-para-ups-compatible-con-sbol1krt-1-sbol2krt-1-sbol3krt-1-sbol2200proii-sbol3200proii\/\",\"name\":\"[ Smartbitt ] &#129351; Sbnbslider700 Riel 700mm Rieles Para Ups Compatible Con Sbol1krt-1 \/ Sbol2krt-1 \/ Sbol3krt-1 \/ Sbol2200proii \/ Sbol3200proii\",\"isPartOf\":{\"@id\":\"https:\/\/compuviper.mx\/tienda\/#website\"},\"datePublished\":\"2026-04-07T05:27:00+00:00\",\"dateModified\":\"2026-04-07T05:27:00+00:00\",\"description\":\"Compra Sbnbslider700 Riel 700mm Rieles Para Ups Compatible Con Sbol1krt-1 \/ Sbol2krt-1 \/ Sbol3krt-1 \/ Sbol2200proii \/ Sbol3200proii + Env\u00edo a domicilio + Pago seguro + Garant\u00eda\",\"breadcrumb\":{\"@id\":\"https:\/\/compuviper.mx\/tienda\/producto\/smartbitt-sbnbslider700-riel-700mm-rieles-para-ups-compatible-con-sbol1krt-1-sbol2krt-1-sbol3krt-1-sbol2200proii-sbol3200proii\/#breadcrumb\"},\"inLanguage\":\"es-MX\",\"potentialAction\":[{\"@type\":\"ReadAction\",\"target\":[\"https:\/\/compuviper.mx\/tienda\/producto\/smartbitt-sbnbslider700-riel-700mm-rieles-para-ups-compatible-con-sbol1krt-1-sbol2krt-1-sbol3krt-1-sbol2200proii-sbol3200proii\/\"]}]},{\"@type\":\"BreadcrumbList\",\"@id\":\"https:\/\/compuviper.mx\/tienda\/producto\/smartbitt-sbnbslider700-riel-700mm-rieles-para-ups-compatible-con-sbol1krt-1-sbol2krt-1-sbol3krt-1-sbol2200proii-sbol3200proii\/#breadcrumb\",\"itemListElement\":[{\"@type\":\"ListItem\",\"position\":1,\"name\":\"Inicio\",\"item\":\"https:\/\/compuviper.mx\/tienda\/\"},{\"@type\":\"ListItem\",\"position\":2,\"name\":\"Productos\",\"item\":\"https:\/\/compuviper.mx\/tienda\/productos\/\"},{\"@type\":\"ListItem\",\"position\":3,\"name\":\"Accesorios\",\"item\":\"https:\/\/compuviper.mx\/tienda\/categoria-producto\/accesorios\/\"},{\"@type\":\"ListItem\",\"position\":4,\"name\":\"Rack\",\"item\":\"https:\/\/compuviper.mx\/tienda\/categoria-producto\/accesorios\/rack\/\"},{\"@type\":\"ListItem\",\"position\":5,\"name\":\"Smartbitt Sbnbslider700 Riel 700mm Rieles Para Ups Compatible Con Sbol1krt-1 \/ Sbol2krt-1 \/ Sbol3krt-1 \/ Sbol2200proii \/ Sbol3200proii\"}]},{\"@type\":\"WebSite\",\"@id\":\"https:\/\/compuviper.mx\/tienda\/#website\",\"url\":\"https:\/\/compuviper.mx\/tienda\/\",\"name\":\"Compuviper\",\"description\":\"Proveedor de Computadoras, Laptops, Servidores, Monitores, Puntos de Venta, Teclados,   Impresoras, T\u00f3ner, C\u00e1maras de Seguridad y m\u00e1s en tu tienda en l\u00ednea\",\"publisher\":{\"@id\":\"https:\/\/compuviper.mx\/tienda\/#organization\"},\"potentialAction\":[{\"@type\":\"SearchAction\",\"target\":{\"@type\":\"EntryPoint\",\"urlTemplate\":\"https:\/\/compuviper.mx\/tienda\/?s={search_term_string}\"},\"query-input\":\"required name=search_term_string\"}],\"inLanguage\":\"es-MX\"},{\"@type\":\"Organization\",\"@id\":\"https:\/\/compuviper.mx\/tienda\/#organization\",\"name\":\"Compuviper\",\"url\":\"https:\/\/compuviper.mx\/tienda\/\",\"logo\":{\"@type\":\"ImageObject\",\"inLanguage\":\"es-MX\",\"@id\":\"https:\/\/compuviper.mx\/tienda\/#\/schema\/logo\/image\/\",\"url\":\"https:\/\/compuviper.mx\/tienda\/wp-content\/uploads\/2021\/08\/Logo-Compuviper-10.png\",\"contentUrl\":\"https:\/\/compuviper.mx\/tienda\/wp-content\/uploads\/2021\/08\/Logo-Compuviper-10.png\",\"width\":1000,\"height\":500,\"caption\":\"Compuviper\"},\"image\":{\"@id\":\"https:\/\/compuviper.mx\/tienda\/#\/schema\/logo\/image\/\"},\"sameAs\":[\"https:\/\/www.facebook.com\/compuviper\",\"https:\/\/www.youtube.com\/channel\/UCf73dERp9Y3cfOq7q8BhLjA?view_as=subscriber\"]}]}<\/script>\n<meta property=\"product:brand\" content=\"SMARTBITT\" \/>\n<meta property=\"product:price:amount\" content=\"1502\" \/>\n<meta property=\"product:price:currency\" content=\"MXN\" \/>\n<meta property=\"og:availability\" content=\"out of stock\" \/>\n<meta property=\"product:availability\" content=\"out of stock\" \/>\n<meta property=\"product:retailer_item_id\" content=\"SBNBSLIDER700\" \/>\n<meta property=\"product:condition\" content=\"new\" \/>\n<!-- \/ Yoast SEO plugin. -->","yoast_head_json":{"title":"[ Smartbitt ] &#129351; Sbnbslider700 Riel 700mm Rieles Para Ups Compatible Con Sbol1krt-1 \/ Sbol2krt-1 \/ Sbol3krt-1 \/ Sbol2200proii \/ Sbol3200proii","description":"Compra Sbnbslider700 Riel 700mm Rieles Para Ups Compatible Con Sbol1krt-1 \/ Sbol2krt-1 \/ Sbol3krt-1 \/ Sbol2200proii \/ Sbol3200proii + Env\u00edo a domicilio + Pago seguro + Garant\u00eda","robots":{"index":"index","follow":"follow","max-snippet":"max-snippet:-1","max-image-preview":"max-image-preview:large","max-video-preview":"max-video-preview:-1"},"canonical":"https:\/\/compuviper.mx\/tienda\/producto\/smartbitt-sbnbslider700-riel-700mm-rieles-para-ups-compatible-con-sbol1krt-1-sbol2krt-1-sbol3krt-1-sbol2200proii-sbol3200proii\/","og_locale":"es_MX","og_type":"article","og_title":"[ Smartbitt ] &#129351; Sbnbslider700 Riel 700mm Rieles Para Ups Compatible Con Sbol1krt-1 \/ Sbol2krt-1 \/ Sbol3krt-1 \/ Sbol2200proii \/ Sbol3200proii","og_description":"Compra Sbnbslider700 Riel 700mm Rieles Para Ups Compatible Con Sbol1krt-1 \/ Sbol2krt-1 \/ Sbol3krt-1 \/ Sbol2200proii \/ Sbol3200proii + Env\u00edo a domicilio + Pago seguro + Garant\u00eda","og_url":"https:\/\/compuviper.mx\/tienda\/producto\/smartbitt-sbnbslider700-riel-700mm-rieles-para-ups-compatible-con-sbol1krt-1-sbol2krt-1-sbol3krt-1-sbol2200proii-sbol3200proii\/","og_site_name":"Compuviper","article_publisher":"https:\/\/www.facebook.com\/compuviper","og_image":[{"width":200,"height":200,"url":"https:\/\/compuviper.mx\/tienda\/wp-content\/uploads\/2023\/12\/Rack-slider-smartbitt-700mm-rieles-para-ups-compatible-con-sbol1krt2u-1-sbol2krt2u-1-sbol3krt2u-1-sbol2200proii-sbol3200proii.jpg","type":"image\/jpeg"}],"twitter_card":"summary_large_image","twitter_misc":{"Precio":"&#36;1,502 con IVA","Availability":"Out of stock"},"schema":{"@context":"https:\/\/schema.org","@graph":[{"@type":"WebPage","@id":"https:\/\/compuviper.mx\/tienda\/producto\/smartbitt-sbnbslider700-riel-700mm-rieles-para-ups-compatible-con-sbol1krt-1-sbol2krt-1-sbol3krt-1-sbol2200proii-sbol3200proii\/","url":"https:\/\/compuviper.mx\/tienda\/producto\/smartbitt-sbnbslider700-riel-700mm-rieles-para-ups-compatible-con-sbol1krt-1-sbol2krt-1-sbol3krt-1-sbol2200proii-sbol3200proii\/","name":"[ Smartbitt ] &#129351; Sbnbslider700 Riel 700mm Rieles Para Ups Compatible Con Sbol1krt-1 \/ Sbol2krt-1 \/ Sbol3krt-1 \/ Sbol2200proii \/ Sbol3200proii","isPartOf":{"@id":"https:\/\/compuviper.mx\/tienda\/#website"},"datePublished":"2026-04-07T05:27:00+00:00","dateModified":"2026-04-07T05:27:00+00:00","description":"Compra Sbnbslider700 Riel 700mm Rieles Para Ups Compatible Con Sbol1krt-1 \/ Sbol2krt-1 \/ Sbol3krt-1 \/ Sbol2200proii \/ Sbol3200proii + Env\u00edo a domicilio + Pago seguro + Garant\u00eda","breadcrumb":{"@id":"https:\/\/compuviper.mx\/tienda\/producto\/smartbitt-sbnbslider700-riel-700mm-rieles-para-ups-compatible-con-sbol1krt-1-sbol2krt-1-sbol3krt-1-sbol2200proii-sbol3200proii\/#breadcrumb"},"inLanguage":"es-MX","potentialAction":[{"@type":"ReadAction","target":["https:\/\/compuviper.mx\/tienda\/producto\/smartbitt-sbnbslider700-riel-700mm-rieles-para-ups-compatible-con-sbol1krt-1-sbol2krt-1-sbol3krt-1-sbol2200proii-sbol3200proii\/"]}]},{"@type":"BreadcrumbList","@id":"https:\/\/compuviper.mx\/tienda\/producto\/smartbitt-sbnbslider700-riel-700mm-rieles-para-ups-compatible-con-sbol1krt-1-sbol2krt-1-sbol3krt-1-sbol2200proii-sbol3200proii\/#breadcrumb","itemListElement":[{"@type":"ListItem","position":1,"name":"Inicio","item":"https:\/\/compuviper.mx\/tienda\/"},{"@type":"ListItem","position":2,"name":"Productos","item":"https:\/\/compuviper.mx\/tienda\/productos\/"},{"@type":"ListItem","position":3,"name":"Accesorios","item":"https:\/\/compuviper.mx\/tienda\/categoria-producto\/accesorios\/"},{"@type":"ListItem","position":4,"name":"Rack","item":"https:\/\/compuviper.mx\/tienda\/categoria-producto\/accesorios\/rack\/"},{"@type":"ListItem","position":5,"name":"Smartbitt Sbnbslider700 Riel 700mm Rieles Para Ups Compatible Con Sbol1krt-1 \/ Sbol2krt-1 \/ Sbol3krt-1 \/ Sbol2200proii \/ Sbol3200proii"}]},{"@type":"WebSite","@id":"https:\/\/compuviper.mx\/tienda\/#website","url":"https:\/\/compuviper.mx\/tienda\/","name":"Compuviper","description":"Proveedor de Computadoras, Laptops, Servidores, Monitores, Puntos de Venta, Teclados,   Impresoras, T\u00f3ner, C\u00e1maras de Seguridad y m\u00e1s en tu tienda en l\u00ednea","publisher":{"@id":"https:\/\/compuviper.mx\/tienda\/#organization"},"potentialAction":[{"@type":"SearchAction","target":{"@type":"EntryPoint","urlTemplate":"https:\/\/compuviper.mx\/tienda\/?s={search_term_string}"},"query-input":"required name=search_term_string"}],"inLanguage":"es-MX"},{"@type":"Organization","@id":"https:\/\/compuviper.mx\/tienda\/#organization","name":"Compuviper","url":"https:\/\/compuviper.mx\/tienda\/","logo":{"@type":"ImageObject","inLanguage":"es-MX","@id":"https:\/\/compuviper.mx\/tienda\/#\/schema\/logo\/image\/","url":"https:\/\/compuviper.mx\/tienda\/wp-content\/uploads\/2021\/08\/Logo-Compuviper-10.png","contentUrl":"https:\/\/compuviper.mx\/tienda\/wp-content\/uploads\/2021\/08\/Logo-Compuviper-10.png","width":1000,"height":500,"caption":"Compuviper"},"image":{"@id":"https:\/\/compuviper.mx\/tienda\/#\/schema\/logo\/image\/"},"sameAs":["https:\/\/www.facebook.com\/compuviper","https:\/\/www.youtube.com\/channel\/UCf73dERp9Y3cfOq7q8BhLjA?view_as=subscriber"]}]},"product_brand":"SMARTBITT","product_price_amount":"1502","product_price_currency":"MXN","og_availability":"out of stock","product_availability":"out of stock","product_retailer_item_id":"SBNBSLIDER700","product_condition":"new"},"_links":{"self":[{"href":"https:\/\/compuviper.mx\/tienda\/wp-json\/wp\/v2\/product\/211515"}],"collection":[{"href":"https:\/\/compuviper.mx\/tienda\/wp-json\/wp\/v2\/product"}],"about":[{"href":"https:\/\/compuviper.mx\/tienda\/wp-json\/wp\/v2\/types\/product"}],"replies":[{"embeddable":true,"href":"https:\/\/compuviper.mx\/tienda\/wp-json\/wp\/v2\/comments?post=211515"}],"wp:featuredmedia":[{"embeddable":true,"href":"https:\/\/compuviper.mx\/tienda\/wp-json\/wp\/v2\/media\/211516"}],"wp:attachment":[{"href":"https:\/\/compuviper.mx\/tienda\/wp-json\/wp\/v2\/media?parent=211515"}],"wp:term":[{"taxonomy":"product_cat","embeddable":true,"href":"https:\/\/compuviper.mx\/tienda\/wp-json\/wp\/v2\/product_cat?post=211515"},{"taxonomy":"product_tag","embeddable":true,"href":"https:\/\/compuviper.mx\/tienda\/wp-json\/wp\/v2\/product_tag?post=211515"}],"curies":[{"name":"wp","href":"https:\/\/api.w.org\/{rel}","templated":true}]}}