{"id":211489,"date":"2026-04-01T23:28:43","date_gmt":"2026-04-02T05:28:43","guid":{"rendered":"https:\/\/compuviper.mx\/tienda\/producto\/dahua-psu1220-d18-fuente-de-poder-saxxon-con-distribuidor-de-energia-12v-20-amperes-para-18-camaras\/"},"modified":"2026-04-01T23:28:44","modified_gmt":"2026-04-02T05:28:44","slug":"dahua-psu1220-d18-fuente-de-poder-saxxon-con-distribuidor-de-energia-12v-20-amperes-para-18-camaras","status":"publish","type":"product","link":"https:\/\/compuviper.mx\/tienda\/producto\/dahua-psu1220-d18-fuente-de-poder-saxxon-con-distribuidor-de-energia-12v-20-amperes-para-18-camaras\/","title":{"rendered":"Dahua Psu1220-d18 Fuente De Poder Saxxon Con Distribuidor De Energia \/ 12v\/ 20 Amperes\/ Para 18 Camaras"},"content":{"rendered":"<table class=\"descripcion\">\n<tr>\n<td>Entrada: 100-240v ac.<\/td>\n<\/tr>\n<tr>\n<td>Salida: 12 vdc.<\/td>\n<\/tr>\n<tr>\n<td>Maxima corriente: 20 amp.<\/td>\n<\/tr>\n<tr>\n<td>Fusil tipo: ptc<\/td>\n<\/tr>\n<\/table>\n","protected":false},"excerpt":{"rendered":"<p>Esta fuente de alimentacion de 110 vac, le entregara 12 vcd, 20 amp. De salida para la alimentacion de sus camaras. Cuenta con distribuidor de voltaje para 18 camaras protegido con resistencias en cada canal.<\/p>\n","protected":false},"featured_media":211490,"comment_status":"open","ping_status":"open","template":"","meta":[],"product_cat":[1485,1525],"product_tag":[1555],"acf":[],"yoast_head":"<!-- This site is optimized with the Yoast SEO plugin v21.7 - https:\/\/yoast.com\/wordpress\/plugins\/seo\/ -->\n<title>[ Dahua ] &#129351; Psu1220-d18 Fuente De Poder Saxxon Con Distribuidor De Energia \/ 12v\/ 20 Amperes\/ Para 18 Camaras<\/title>\n<meta name=\"description\" content=\"Compra Psu1220-d18 Fuente De Poder Saxxon Con Distribuidor De Energia \/ 12v\/ 20 Amperes\/ Para 18 Camaras + Env\u00edo a domicilio + Pago seguro + Garant\u00eda\" \/>\n<meta name=\"robots\" content=\"index, follow, max-snippet:-1, max-image-preview:large, max-video-preview:-1\" \/>\n<link rel=\"canonical\" href=\"https:\/\/compuviper.mx\/tienda\/producto\/dahua-psu1220-d18-fuente-de-poder-saxxon-con-distribuidor-de-energia-12v-20-amperes-para-18-camaras\/\" \/>\n<meta property=\"og:locale\" content=\"es_MX\" \/>\n<meta property=\"og:type\" content=\"article\" \/>\n<meta property=\"og:title\" content=\"[ Dahua ] &#129351; Psu1220-d18 Fuente De Poder Saxxon Con Distribuidor De Energia \/ 12v\/ 20 Amperes\/ Para 18 Camaras\" \/>\n<meta property=\"og:description\" content=\"Compra Psu1220-d18 Fuente De Poder Saxxon Con Distribuidor De Energia \/ 12v\/ 20 Amperes\/ Para 18 Camaras + Env\u00edo a domicilio + Pago seguro + Garant\u00eda\" \/>\n<meta property=\"og:url\" content=\"https:\/\/compuviper.mx\/tienda\/producto\/dahua-psu1220-d18-fuente-de-poder-saxxon-con-distribuidor-de-energia-12v-20-amperes-para-18-camaras\/\" \/>\n<meta property=\"og:site_name\" content=\"Compuviper\" \/>\n<meta property=\"article:publisher\" content=\"https:\/\/www.facebook.com\/compuviper\" \/>\n<meta property=\"article:modified_time\" content=\"2026-04-02T05:28:44+00:00\" \/>\n<meta property=\"og:image\" content=\"https:\/\/compuviper.mx\/tienda\/wp-content\/uploads\/2023\/12\/Fuente-de-poder-saxxon-con-distribuidor-de-energia-12v-20-amperes-para-18-camaras.jpg\" \/>\n\t<meta property=\"og:image:width\" content=\"200\" \/>\n\t<meta property=\"og:image:height\" content=\"200\" \/>\n\t<meta property=\"og:image:type\" content=\"image\/jpeg\" \/>\n<meta name=\"twitter:card\" content=\"summary_large_image\" \/>\n<meta name=\"twitter:label1\" content=\"Precio\" \/>\n\t<meta name=\"twitter:data1\" content=\"&#36;1,069 con IVA\" \/>\n\t<meta name=\"twitter:label2\" content=\"Availability\" \/>\n\t<meta name=\"twitter:data2\" content=\"Out of stock\" \/>\n<script type=\"application\/ld+json\" class=\"yoast-schema-graph\">{\"@context\":\"https:\/\/schema.org\",\"@graph\":[{\"@type\":\"WebPage\",\"@id\":\"https:\/\/compuviper.mx\/tienda\/producto\/dahua-psu1220-d18-fuente-de-poder-saxxon-con-distribuidor-de-energia-12v-20-amperes-para-18-camaras\/\",\"url\":\"https:\/\/compuviper.mx\/tienda\/producto\/dahua-psu1220-d18-fuente-de-poder-saxxon-con-distribuidor-de-energia-12v-20-amperes-para-18-camaras\/\",\"name\":\"[ Dahua ] &#129351; Psu1220-d18 Fuente De Poder Saxxon Con Distribuidor De Energia \/ 12v\/ 20 Amperes\/ Para 18 Camaras\",\"isPartOf\":{\"@id\":\"https:\/\/compuviper.mx\/tienda\/#website\"},\"datePublished\":\"2026-04-02T05:28:43+00:00\",\"dateModified\":\"2026-04-02T05:28:44+00:00\",\"description\":\"Compra Psu1220-d18 Fuente De Poder Saxxon Con Distribuidor De Energia \/ 12v\/ 20 Amperes\/ Para 18 Camaras + Env\u00edo a domicilio + Pago seguro + Garant\u00eda\",\"breadcrumb\":{\"@id\":\"https:\/\/compuviper.mx\/tienda\/producto\/dahua-psu1220-d18-fuente-de-poder-saxxon-con-distribuidor-de-energia-12v-20-amperes-para-18-camaras\/#breadcrumb\"},\"inLanguage\":\"es-MX\",\"potentialAction\":[{\"@type\":\"ReadAction\",\"target\":[\"https:\/\/compuviper.mx\/tienda\/producto\/dahua-psu1220-d18-fuente-de-poder-saxxon-con-distribuidor-de-energia-12v-20-amperes-para-18-camaras\/\"]}]},{\"@type\":\"BreadcrumbList\",\"@id\":\"https:\/\/compuviper.mx\/tienda\/producto\/dahua-psu1220-d18-fuente-de-poder-saxxon-con-distribuidor-de-energia-12v-20-amperes-para-18-camaras\/#breadcrumb\",\"itemListElement\":[{\"@type\":\"ListItem\",\"position\":1,\"name\":\"Inicio\",\"item\":\"https:\/\/compuviper.mx\/tienda\/\"},{\"@type\":\"ListItem\",\"position\":2,\"name\":\"Productos\",\"item\":\"https:\/\/compuviper.mx\/tienda\/productos\/\"},{\"@type\":\"ListItem\",\"position\":3,\"name\":\"Accesorios\",\"item\":\"https:\/\/compuviper.mx\/tienda\/categoria-producto\/accesorios\/\"},{\"@type\":\"ListItem\",\"position\":4,\"name\":\"Camaras\",\"item\":\"https:\/\/compuviper.mx\/tienda\/categoria-producto\/accesorios\/camaras\/\"},{\"@type\":\"ListItem\",\"position\":5,\"name\":\"Dahua Psu1220-d18 Fuente De Poder Saxxon Con Distribuidor De Energia \/ 12v\/ 20 Amperes\/ Para 18 Camaras\"}]},{\"@type\":\"WebSite\",\"@id\":\"https:\/\/compuviper.mx\/tienda\/#website\",\"url\":\"https:\/\/compuviper.mx\/tienda\/\",\"name\":\"Compuviper\",\"description\":\"Proveedor de Computadoras, Laptops, Servidores, Monitores, Puntos de Venta, Teclados,   Impresoras, T\u00f3ner, C\u00e1maras de Seguridad y m\u00e1s en tu tienda en l\u00ednea\",\"publisher\":{\"@id\":\"https:\/\/compuviper.mx\/tienda\/#organization\"},\"potentialAction\":[{\"@type\":\"SearchAction\",\"target\":{\"@type\":\"EntryPoint\",\"urlTemplate\":\"https:\/\/compuviper.mx\/tienda\/?s={search_term_string}\"},\"query-input\":\"required name=search_term_string\"}],\"inLanguage\":\"es-MX\"},{\"@type\":\"Organization\",\"@id\":\"https:\/\/compuviper.mx\/tienda\/#organization\",\"name\":\"Compuviper\",\"url\":\"https:\/\/compuviper.mx\/tienda\/\",\"logo\":{\"@type\":\"ImageObject\",\"inLanguage\":\"es-MX\",\"@id\":\"https:\/\/compuviper.mx\/tienda\/#\/schema\/logo\/image\/\",\"url\":\"https:\/\/compuviper.mx\/tienda\/wp-content\/uploads\/2021\/08\/Logo-Compuviper-10.png\",\"contentUrl\":\"https:\/\/compuviper.mx\/tienda\/wp-content\/uploads\/2021\/08\/Logo-Compuviper-10.png\",\"width\":1000,\"height\":500,\"caption\":\"Compuviper\"},\"image\":{\"@id\":\"https:\/\/compuviper.mx\/tienda\/#\/schema\/logo\/image\/\"},\"sameAs\":[\"https:\/\/www.facebook.com\/compuviper\",\"https:\/\/www.youtube.com\/channel\/UCf73dERp9Y3cfOq7q8BhLjA?view_as=subscriber\"]}]}<\/script>\n<meta property=\"product:brand\" content=\"DAHUA\" \/>\n<meta property=\"product:price:amount\" content=\"1069\" \/>\n<meta property=\"product:price:currency\" content=\"MXN\" \/>\n<meta property=\"og:availability\" content=\"out of stock\" \/>\n<meta property=\"product:availability\" content=\"out of stock\" \/>\n<meta property=\"product:retailer_item_id\" content=\"PSU1220-D18\" \/>\n<meta property=\"product:condition\" content=\"new\" \/>\n<!-- \/ Yoast SEO plugin. -->","yoast_head_json":{"title":"[ Dahua ] &#129351; Psu1220-d18 Fuente De Poder Saxxon Con Distribuidor De Energia \/ 12v\/ 20 Amperes\/ Para 18 Camaras","description":"Compra Psu1220-d18 Fuente De Poder Saxxon Con Distribuidor De Energia \/ 12v\/ 20 Amperes\/ Para 18 Camaras + Env\u00edo a domicilio + Pago seguro + Garant\u00eda","robots":{"index":"index","follow":"follow","max-snippet":"max-snippet:-1","max-image-preview":"max-image-preview:large","max-video-preview":"max-video-preview:-1"},"canonical":"https:\/\/compuviper.mx\/tienda\/producto\/dahua-psu1220-d18-fuente-de-poder-saxxon-con-distribuidor-de-energia-12v-20-amperes-para-18-camaras\/","og_locale":"es_MX","og_type":"article","og_title":"[ Dahua ] &#129351; Psu1220-d18 Fuente De Poder Saxxon Con Distribuidor De Energia \/ 12v\/ 20 Amperes\/ Para 18 Camaras","og_description":"Compra Psu1220-d18 Fuente De Poder Saxxon Con Distribuidor De Energia \/ 12v\/ 20 Amperes\/ Para 18 Camaras + Env\u00edo a domicilio + Pago seguro + Garant\u00eda","og_url":"https:\/\/compuviper.mx\/tienda\/producto\/dahua-psu1220-d18-fuente-de-poder-saxxon-con-distribuidor-de-energia-12v-20-amperes-para-18-camaras\/","og_site_name":"Compuviper","article_publisher":"https:\/\/www.facebook.com\/compuviper","article_modified_time":"2026-04-02T05:28:44+00:00","og_image":[{"width":200,"height":200,"url":"https:\/\/compuviper.mx\/tienda\/wp-content\/uploads\/2023\/12\/Fuente-de-poder-saxxon-con-distribuidor-de-energia-12v-20-amperes-para-18-camaras.jpg","type":"image\/jpeg"}],"twitter_card":"summary_large_image","twitter_misc":{"Precio":"&#36;1,069 con IVA","Availability":"Out of stock"},"schema":{"@context":"https:\/\/schema.org","@graph":[{"@type":"WebPage","@id":"https:\/\/compuviper.mx\/tienda\/producto\/dahua-psu1220-d18-fuente-de-poder-saxxon-con-distribuidor-de-energia-12v-20-amperes-para-18-camaras\/","url":"https:\/\/compuviper.mx\/tienda\/producto\/dahua-psu1220-d18-fuente-de-poder-saxxon-con-distribuidor-de-energia-12v-20-amperes-para-18-camaras\/","name":"[ Dahua ] &#129351; Psu1220-d18 Fuente De Poder Saxxon Con Distribuidor De Energia \/ 12v\/ 20 Amperes\/ Para 18 Camaras","isPartOf":{"@id":"https:\/\/compuviper.mx\/tienda\/#website"},"datePublished":"2026-04-02T05:28:43+00:00","dateModified":"2026-04-02T05:28:44+00:00","description":"Compra Psu1220-d18 Fuente De Poder Saxxon Con Distribuidor De Energia \/ 12v\/ 20 Amperes\/ Para 18 Camaras + Env\u00edo a domicilio + Pago seguro + Garant\u00eda","breadcrumb":{"@id":"https:\/\/compuviper.mx\/tienda\/producto\/dahua-psu1220-d18-fuente-de-poder-saxxon-con-distribuidor-de-energia-12v-20-amperes-para-18-camaras\/#breadcrumb"},"inLanguage":"es-MX","potentialAction":[{"@type":"ReadAction","target":["https:\/\/compuviper.mx\/tienda\/producto\/dahua-psu1220-d18-fuente-de-poder-saxxon-con-distribuidor-de-energia-12v-20-amperes-para-18-camaras\/"]}]},{"@type":"BreadcrumbList","@id":"https:\/\/compuviper.mx\/tienda\/producto\/dahua-psu1220-d18-fuente-de-poder-saxxon-con-distribuidor-de-energia-12v-20-amperes-para-18-camaras\/#breadcrumb","itemListElement":[{"@type":"ListItem","position":1,"name":"Inicio","item":"https:\/\/compuviper.mx\/tienda\/"},{"@type":"ListItem","position":2,"name":"Productos","item":"https:\/\/compuviper.mx\/tienda\/productos\/"},{"@type":"ListItem","position":3,"name":"Accesorios","item":"https:\/\/compuviper.mx\/tienda\/categoria-producto\/accesorios\/"},{"@type":"ListItem","position":4,"name":"Camaras","item":"https:\/\/compuviper.mx\/tienda\/categoria-producto\/accesorios\/camaras\/"},{"@type":"ListItem","position":5,"name":"Dahua Psu1220-d18 Fuente De Poder Saxxon Con Distribuidor De Energia \/ 12v\/ 20 Amperes\/ Para 18 Camaras"}]},{"@type":"WebSite","@id":"https:\/\/compuviper.mx\/tienda\/#website","url":"https:\/\/compuviper.mx\/tienda\/","name":"Compuviper","description":"Proveedor de Computadoras, Laptops, Servidores, Monitores, Puntos de Venta, Teclados,   Impresoras, T\u00f3ner, C\u00e1maras de Seguridad y m\u00e1s en tu tienda en l\u00ednea","publisher":{"@id":"https:\/\/compuviper.mx\/tienda\/#organization"},"potentialAction":[{"@type":"SearchAction","target":{"@type":"EntryPoint","urlTemplate":"https:\/\/compuviper.mx\/tienda\/?s={search_term_string}"},"query-input":"required name=search_term_string"}],"inLanguage":"es-MX"},{"@type":"Organization","@id":"https:\/\/compuviper.mx\/tienda\/#organization","name":"Compuviper","url":"https:\/\/compuviper.mx\/tienda\/","logo":{"@type":"ImageObject","inLanguage":"es-MX","@id":"https:\/\/compuviper.mx\/tienda\/#\/schema\/logo\/image\/","url":"https:\/\/compuviper.mx\/tienda\/wp-content\/uploads\/2021\/08\/Logo-Compuviper-10.png","contentUrl":"https:\/\/compuviper.mx\/tienda\/wp-content\/uploads\/2021\/08\/Logo-Compuviper-10.png","width":1000,"height":500,"caption":"Compuviper"},"image":{"@id":"https:\/\/compuviper.mx\/tienda\/#\/schema\/logo\/image\/"},"sameAs":["https:\/\/www.facebook.com\/compuviper","https:\/\/www.youtube.com\/channel\/UCf73dERp9Y3cfOq7q8BhLjA?view_as=subscriber"]}]},"product_brand":"DAHUA","product_price_amount":"1069","product_price_currency":"MXN","og_availability":"out of stock","product_availability":"out of stock","product_retailer_item_id":"PSU1220-D18","product_condition":"new"},"_links":{"self":[{"href":"https:\/\/compuviper.mx\/tienda\/wp-json\/wp\/v2\/product\/211489"}],"collection":[{"href":"https:\/\/compuviper.mx\/tienda\/wp-json\/wp\/v2\/product"}],"about":[{"href":"https:\/\/compuviper.mx\/tienda\/wp-json\/wp\/v2\/types\/product"}],"replies":[{"embeddable":true,"href":"https:\/\/compuviper.mx\/tienda\/wp-json\/wp\/v2\/comments?post=211489"}],"wp:featuredmedia":[{"embeddable":true,"href":"https:\/\/compuviper.mx\/tienda\/wp-json\/wp\/v2\/media\/211490"}],"wp:attachment":[{"href":"https:\/\/compuviper.mx\/tienda\/wp-json\/wp\/v2\/media?parent=211489"}],"wp:term":[{"taxonomy":"product_cat","embeddable":true,"href":"https:\/\/compuviper.mx\/tienda\/wp-json\/wp\/v2\/product_cat?post=211489"},{"taxonomy":"product_tag","embeddable":true,"href":"https:\/\/compuviper.mx\/tienda\/wp-json\/wp\/v2\/product_tag?post=211489"}],"curies":[{"name":"wp","href":"https:\/\/api.w.org\/{rel}","templated":true}]}}