{"id":211485,"date":"2026-04-17T23:30:31","date_gmt":"2026-04-18T05:30:31","guid":{"rendered":"https:\/\/compuviper.mx\/tienda\/producto\/multimedia-screens-mse-229msev-150-pantalla-multimedia-screen-mse-229-electrica-150-control-remoto-fijo-e-inalambrico\/"},"modified":"2026-04-17T23:30:32","modified_gmt":"2026-04-18T05:30:32","slug":"multimedia-screens-mse-229msev-150-pantalla-multimedia-screen-mse-229-electrica-150-control-remoto-fijo-e-inalambrico","status":"publish","type":"product","link":"https:\/\/compuviper.mx\/tienda\/producto\/multimedia-screens-mse-229msev-150-pantalla-multimedia-screen-mse-229-electrica-150-control-remoto-fijo-e-inalambrico\/","title":{"rendered":"Multimedia Screens Mse-229,msev-150 Pantalla Multimedia Screen Mse-229 Electrica 150 Control Remoto Fijo E Inalambrico"},"content":{"rendered":"<table class=\"descripcion\">\n<tr>\n<td>Marca multimedia screens<\/td>\n<\/tr>\n<tr>\n<td>Medida 3.05 x 2.29 mts<\/td>\n<\/tr>\n<tr>\n<td>Empotrable a pared y\/o techo<\/td>\n<\/tr>\n<tr>\n<td>Plug and view<\/td>\n<\/tr>\n<tr>\n<td>Lavable, tratamiento anti-hongo, no flamable.<\/td>\n<\/tr>\n<tr>\n<td>Housing de metal blanco<\/td>\n<\/tr>\n<tr>\n<td>Motor sincronizado<\/td>\n<\/tr>\n<tr>\n<td>Filtro uv<\/td>\n<\/tr>\n<tr>\n<td>Incluye control remoto alambrico e inalambrico<\/td>\n<\/tr>\n<tr>\n<td>Superficie blanco mate<\/td>\n<\/tr>\n<tr>\n<td>Formato 4:3<\/td>\n<\/tr>\n<tr>\n<td>Garant\u00eda de 1 a\u00f1o contra defectos de fabrica o vicios ocultos.<\/td>\n<\/tr>\n<\/table>\n","protected":false},"excerpt":{"rendered":"<p>Pantalla electrica empotrable a pared y\/o techo, plug and view, superficie blanco mate (glassbeaded y white sobre pedido), housing de metal blanco (negro y gris sobre pedido).<\/p>\n","protected":false},"featured_media":211486,"comment_status":"open","ping_status":"open","template":"","meta":[],"product_cat":[1485,1544],"product_tag":[1545],"acf":[],"yoast_head":"<!-- This site is optimized with the Yoast SEO plugin v21.7 - https:\/\/yoast.com\/wordpress\/plugins\/seo\/ -->\n<title>[ Multimedia Screens ] &#129351; Mse-229,msev-150 Pantalla Multimedia Screen Mse-229 Electrica 150 Control Remoto Fijo E Inalambrico<\/title>\n<meta name=\"description\" content=\"Compra Mse-229,msev-150 Pantalla Multimedia Screen Mse-229 Electrica 150 Control Remoto Fijo E Inalambrico + Env\u00edo a domicilio + Pago seguro + Garant\u00eda\" \/>\n<meta name=\"robots\" content=\"index, follow, max-snippet:-1, max-image-preview:large, max-video-preview:-1\" \/>\n<link rel=\"canonical\" href=\"https:\/\/compuviper.mx\/tienda\/producto\/multimedia-screens-mse-229msev-150-pantalla-multimedia-screen-mse-229-electrica-150-control-remoto-fijo-e-inalambrico\/\" \/>\n<meta property=\"og:locale\" content=\"es_MX\" \/>\n<meta property=\"og:type\" content=\"article\" \/>\n<meta property=\"og:title\" content=\"[ Multimedia Screens ] &#129351; Mse-229,msev-150 Pantalla Multimedia Screen Mse-229 Electrica 150 Control Remoto Fijo E Inalambrico\" \/>\n<meta property=\"og:description\" content=\"Compra Mse-229,msev-150 Pantalla Multimedia Screen Mse-229 Electrica 150 Control Remoto Fijo E Inalambrico + Env\u00edo a domicilio + Pago seguro + Garant\u00eda\" \/>\n<meta property=\"og:url\" content=\"https:\/\/compuviper.mx\/tienda\/producto\/multimedia-screens-mse-229msev-150-pantalla-multimedia-screen-mse-229-electrica-150-control-remoto-fijo-e-inalambrico\/\" \/>\n<meta property=\"og:site_name\" content=\"Compuviper\" \/>\n<meta property=\"article:publisher\" content=\"https:\/\/www.facebook.com\/compuviper\" \/>\n<meta property=\"article:modified_time\" content=\"2026-04-18T05:30:32+00:00\" \/>\n<meta property=\"og:image\" content=\"https:\/\/compuviper.mx\/tienda\/wp-content\/uploads\/2023\/12\/Pantalla-multimedia-screen-mse-229-electrica-150-control-remoto-fijo-e-inalambrico.jpg\" \/>\n\t<meta property=\"og:image:width\" content=\"200\" \/>\n\t<meta property=\"og:image:height\" content=\"200\" \/>\n\t<meta property=\"og:image:type\" content=\"image\/jpeg\" \/>\n<meta name=\"twitter:card\" content=\"summary_large_image\" \/>\n<meta name=\"twitter:label1\" content=\"Precio\" \/>\n\t<meta name=\"twitter:data1\" content=\"&#36;4,888 con IVA\" \/>\n\t<meta name=\"twitter:label2\" content=\"Availability\" \/>\n\t<meta name=\"twitter:data2\" content=\"On backorder\" \/>\n<script type=\"application\/ld+json\" class=\"yoast-schema-graph\">{\"@context\":\"https:\/\/schema.org\",\"@graph\":[{\"@type\":\"WebPage\",\"@id\":\"https:\/\/compuviper.mx\/tienda\/producto\/multimedia-screens-mse-229msev-150-pantalla-multimedia-screen-mse-229-electrica-150-control-remoto-fijo-e-inalambrico\/\",\"url\":\"https:\/\/compuviper.mx\/tienda\/producto\/multimedia-screens-mse-229msev-150-pantalla-multimedia-screen-mse-229-electrica-150-control-remoto-fijo-e-inalambrico\/\",\"name\":\"[ Multimedia Screens ] &#129351; Mse-229,msev-150 Pantalla Multimedia Screen Mse-229 Electrica 150 Control Remoto Fijo E Inalambrico\",\"isPartOf\":{\"@id\":\"https:\/\/compuviper.mx\/tienda\/#website\"},\"datePublished\":\"2026-04-18T05:30:31+00:00\",\"dateModified\":\"2026-04-18T05:30:32+00:00\",\"description\":\"Compra Mse-229,msev-150 Pantalla Multimedia Screen Mse-229 Electrica 150 Control Remoto Fijo E Inalambrico + Env\u00edo a domicilio + Pago seguro + Garant\u00eda\",\"breadcrumb\":{\"@id\":\"https:\/\/compuviper.mx\/tienda\/producto\/multimedia-screens-mse-229msev-150-pantalla-multimedia-screen-mse-229-electrica-150-control-remoto-fijo-e-inalambrico\/#breadcrumb\"},\"inLanguage\":\"es-MX\",\"potentialAction\":[{\"@type\":\"ReadAction\",\"target\":[\"https:\/\/compuviper.mx\/tienda\/producto\/multimedia-screens-mse-229msev-150-pantalla-multimedia-screen-mse-229-electrica-150-control-remoto-fijo-e-inalambrico\/\"]}]},{\"@type\":\"BreadcrumbList\",\"@id\":\"https:\/\/compuviper.mx\/tienda\/producto\/multimedia-screens-mse-229msev-150-pantalla-multimedia-screen-mse-229-electrica-150-control-remoto-fijo-e-inalambrico\/#breadcrumb\",\"itemListElement\":[{\"@type\":\"ListItem\",\"position\":1,\"name\":\"Inicio\",\"item\":\"https:\/\/compuviper.mx\/tienda\/\"},{\"@type\":\"ListItem\",\"position\":2,\"name\":\"Productos\",\"item\":\"https:\/\/compuviper.mx\/tienda\/productos\/\"},{\"@type\":\"ListItem\",\"position\":3,\"name\":\"Accesorios\",\"item\":\"https:\/\/compuviper.mx\/tienda\/categoria-producto\/accesorios\/\"},{\"@type\":\"ListItem\",\"position\":4,\"name\":\"Videoproyectores\",\"item\":\"https:\/\/compuviper.mx\/tienda\/categoria-producto\/accesorios\/videoproyectores\/\"},{\"@type\":\"ListItem\",\"position\":5,\"name\":\"Multimedia Screens Mse-229,msev-150 Pantalla Multimedia Screen Mse-229 Electrica 150 Control Remoto Fijo E Inalambrico\"}]},{\"@type\":\"WebSite\",\"@id\":\"https:\/\/compuviper.mx\/tienda\/#website\",\"url\":\"https:\/\/compuviper.mx\/tienda\/\",\"name\":\"Compuviper\",\"description\":\"Proveedor de Computadoras, Laptops, Servidores, Monitores, Puntos de Venta, Teclados,   Impresoras, T\u00f3ner, C\u00e1maras de Seguridad y m\u00e1s en tu tienda en l\u00ednea\",\"publisher\":{\"@id\":\"https:\/\/compuviper.mx\/tienda\/#organization\"},\"potentialAction\":[{\"@type\":\"SearchAction\",\"target\":{\"@type\":\"EntryPoint\",\"urlTemplate\":\"https:\/\/compuviper.mx\/tienda\/?s={search_term_string}\"},\"query-input\":\"required name=search_term_string\"}],\"inLanguage\":\"es-MX\"},{\"@type\":\"Organization\",\"@id\":\"https:\/\/compuviper.mx\/tienda\/#organization\",\"name\":\"Compuviper\",\"url\":\"https:\/\/compuviper.mx\/tienda\/\",\"logo\":{\"@type\":\"ImageObject\",\"inLanguage\":\"es-MX\",\"@id\":\"https:\/\/compuviper.mx\/tienda\/#\/schema\/logo\/image\/\",\"url\":\"https:\/\/compuviper.mx\/tienda\/wp-content\/uploads\/2021\/08\/Logo-Compuviper-10.png\",\"contentUrl\":\"https:\/\/compuviper.mx\/tienda\/wp-content\/uploads\/2021\/08\/Logo-Compuviper-10.png\",\"width\":1000,\"height\":500,\"caption\":\"Compuviper\"},\"image\":{\"@id\":\"https:\/\/compuviper.mx\/tienda\/#\/schema\/logo\/image\/\"},\"sameAs\":[\"https:\/\/www.facebook.com\/compuviper\",\"https:\/\/www.youtube.com\/channel\/UCf73dERp9Y3cfOq7q8BhLjA?view_as=subscriber\"]}]}<\/script>\n<meta property=\"product:brand\" content=\"MULTIMEDIA SCREENS\" \/>\n<meta property=\"product:price:amount\" content=\"4888\" \/>\n<meta property=\"product:price:currency\" content=\"MXN\" \/>\n<meta property=\"og:availability\" content=\"backorder\" \/>\n<meta property=\"product:availability\" content=\"available for order\" \/>\n<meta property=\"product:retailer_item_id\" content=\"MSE-229,MSEV-150\" \/>\n<meta property=\"product:condition\" content=\"new\" \/>\n<!-- \/ Yoast SEO plugin. -->","yoast_head_json":{"title":"[ Multimedia Screens ] &#129351; Mse-229,msev-150 Pantalla Multimedia Screen Mse-229 Electrica 150 Control Remoto Fijo E Inalambrico","description":"Compra Mse-229,msev-150 Pantalla Multimedia Screen Mse-229 Electrica 150 Control Remoto Fijo E Inalambrico + Env\u00edo a domicilio + Pago seguro + Garant\u00eda","robots":{"index":"index","follow":"follow","max-snippet":"max-snippet:-1","max-image-preview":"max-image-preview:large","max-video-preview":"max-video-preview:-1"},"canonical":"https:\/\/compuviper.mx\/tienda\/producto\/multimedia-screens-mse-229msev-150-pantalla-multimedia-screen-mse-229-electrica-150-control-remoto-fijo-e-inalambrico\/","og_locale":"es_MX","og_type":"article","og_title":"[ Multimedia Screens ] &#129351; Mse-229,msev-150 Pantalla Multimedia Screen Mse-229 Electrica 150 Control Remoto Fijo E Inalambrico","og_description":"Compra Mse-229,msev-150 Pantalla Multimedia Screen Mse-229 Electrica 150 Control Remoto Fijo E Inalambrico + Env\u00edo a domicilio + Pago seguro + Garant\u00eda","og_url":"https:\/\/compuviper.mx\/tienda\/producto\/multimedia-screens-mse-229msev-150-pantalla-multimedia-screen-mse-229-electrica-150-control-remoto-fijo-e-inalambrico\/","og_site_name":"Compuviper","article_publisher":"https:\/\/www.facebook.com\/compuviper","article_modified_time":"2026-04-18T05:30:32+00:00","og_image":[{"width":200,"height":200,"url":"https:\/\/compuviper.mx\/tienda\/wp-content\/uploads\/2023\/12\/Pantalla-multimedia-screen-mse-229-electrica-150-control-remoto-fijo-e-inalambrico.jpg","type":"image\/jpeg"}],"twitter_card":"summary_large_image","twitter_misc":{"Precio":"&#36;4,888 con IVA","Availability":"On backorder"},"schema":{"@context":"https:\/\/schema.org","@graph":[{"@type":"WebPage","@id":"https:\/\/compuviper.mx\/tienda\/producto\/multimedia-screens-mse-229msev-150-pantalla-multimedia-screen-mse-229-electrica-150-control-remoto-fijo-e-inalambrico\/","url":"https:\/\/compuviper.mx\/tienda\/producto\/multimedia-screens-mse-229msev-150-pantalla-multimedia-screen-mse-229-electrica-150-control-remoto-fijo-e-inalambrico\/","name":"[ Multimedia Screens ] &#129351; Mse-229,msev-150 Pantalla Multimedia Screen Mse-229 Electrica 150 Control Remoto Fijo E Inalambrico","isPartOf":{"@id":"https:\/\/compuviper.mx\/tienda\/#website"},"datePublished":"2026-04-18T05:30:31+00:00","dateModified":"2026-04-18T05:30:32+00:00","description":"Compra Mse-229,msev-150 Pantalla Multimedia Screen Mse-229 Electrica 150 Control Remoto Fijo E Inalambrico + Env\u00edo a domicilio + Pago seguro + Garant\u00eda","breadcrumb":{"@id":"https:\/\/compuviper.mx\/tienda\/producto\/multimedia-screens-mse-229msev-150-pantalla-multimedia-screen-mse-229-electrica-150-control-remoto-fijo-e-inalambrico\/#breadcrumb"},"inLanguage":"es-MX","potentialAction":[{"@type":"ReadAction","target":["https:\/\/compuviper.mx\/tienda\/producto\/multimedia-screens-mse-229msev-150-pantalla-multimedia-screen-mse-229-electrica-150-control-remoto-fijo-e-inalambrico\/"]}]},{"@type":"BreadcrumbList","@id":"https:\/\/compuviper.mx\/tienda\/producto\/multimedia-screens-mse-229msev-150-pantalla-multimedia-screen-mse-229-electrica-150-control-remoto-fijo-e-inalambrico\/#breadcrumb","itemListElement":[{"@type":"ListItem","position":1,"name":"Inicio","item":"https:\/\/compuviper.mx\/tienda\/"},{"@type":"ListItem","position":2,"name":"Productos","item":"https:\/\/compuviper.mx\/tienda\/productos\/"},{"@type":"ListItem","position":3,"name":"Accesorios","item":"https:\/\/compuviper.mx\/tienda\/categoria-producto\/accesorios\/"},{"@type":"ListItem","position":4,"name":"Videoproyectores","item":"https:\/\/compuviper.mx\/tienda\/categoria-producto\/accesorios\/videoproyectores\/"},{"@type":"ListItem","position":5,"name":"Multimedia Screens Mse-229,msev-150 Pantalla Multimedia Screen Mse-229 Electrica 150 Control Remoto Fijo E Inalambrico"}]},{"@type":"WebSite","@id":"https:\/\/compuviper.mx\/tienda\/#website","url":"https:\/\/compuviper.mx\/tienda\/","name":"Compuviper","description":"Proveedor de Computadoras, Laptops, Servidores, Monitores, Puntos de Venta, Teclados,   Impresoras, T\u00f3ner, C\u00e1maras de Seguridad y m\u00e1s en tu tienda en l\u00ednea","publisher":{"@id":"https:\/\/compuviper.mx\/tienda\/#organization"},"potentialAction":[{"@type":"SearchAction","target":{"@type":"EntryPoint","urlTemplate":"https:\/\/compuviper.mx\/tienda\/?s={search_term_string}"},"query-input":"required name=search_term_string"}],"inLanguage":"es-MX"},{"@type":"Organization","@id":"https:\/\/compuviper.mx\/tienda\/#organization","name":"Compuviper","url":"https:\/\/compuviper.mx\/tienda\/","logo":{"@type":"ImageObject","inLanguage":"es-MX","@id":"https:\/\/compuviper.mx\/tienda\/#\/schema\/logo\/image\/","url":"https:\/\/compuviper.mx\/tienda\/wp-content\/uploads\/2021\/08\/Logo-Compuviper-10.png","contentUrl":"https:\/\/compuviper.mx\/tienda\/wp-content\/uploads\/2021\/08\/Logo-Compuviper-10.png","width":1000,"height":500,"caption":"Compuviper"},"image":{"@id":"https:\/\/compuviper.mx\/tienda\/#\/schema\/logo\/image\/"},"sameAs":["https:\/\/www.facebook.com\/compuviper","https:\/\/www.youtube.com\/channel\/UCf73dERp9Y3cfOq7q8BhLjA?view_as=subscriber"]}]},"product_brand":"MULTIMEDIA SCREENS","product_price_amount":"4888","product_price_currency":"MXN","og_availability":"backorder","product_availability":"available for order","product_retailer_item_id":"MSE-229,MSEV-150","product_condition":"new"},"_links":{"self":[{"href":"https:\/\/compuviper.mx\/tienda\/wp-json\/wp\/v2\/product\/211485"}],"collection":[{"href":"https:\/\/compuviper.mx\/tienda\/wp-json\/wp\/v2\/product"}],"about":[{"href":"https:\/\/compuviper.mx\/tienda\/wp-json\/wp\/v2\/types\/product"}],"replies":[{"embeddable":true,"href":"https:\/\/compuviper.mx\/tienda\/wp-json\/wp\/v2\/comments?post=211485"}],"wp:featuredmedia":[{"embeddable":true,"href":"https:\/\/compuviper.mx\/tienda\/wp-json\/wp\/v2\/media\/211486"}],"wp:attachment":[{"href":"https:\/\/compuviper.mx\/tienda\/wp-json\/wp\/v2\/media?parent=211485"}],"wp:term":[{"taxonomy":"product_cat","embeddable":true,"href":"https:\/\/compuviper.mx\/tienda\/wp-json\/wp\/v2\/product_cat?post=211485"},{"taxonomy":"product_tag","embeddable":true,"href":"https:\/\/compuviper.mx\/tienda\/wp-json\/wp\/v2\/product_tag?post=211485"}],"curies":[{"name":"wp","href":"https:\/\/api.w.org\/{rel}","templated":true}]}}