{"id":211455,"date":"2026-04-14T23:27:41","date_gmt":"2026-04-15T05:27:41","guid":{"rendered":"https:\/\/compuviper.mx\/tienda\/producto\/manhattan-162746-hub-usb-c-4-ptos-a\/"},"modified":"2026-04-14T23:27:42","modified_gmt":"2026-04-15T05:27:42","slug":"manhattan-162746-hub-usb-c-4-ptos-a","status":"publish","type":"product","link":"https:\/\/compuviper.mx\/tienda\/producto\/manhattan-162746-hub-usb-c-4-ptos-a\/","title":{"rendered":"Manhattan 162746 Hub Usb,,,-c 4 Ptos A"},"content":{"rendered":"<table class=\"descripcion\">\n<tr>\n<td>*est\u00e1ndares y certificaciones<\/td>\n<\/tr>\n<tr>\n<td>Usb<\/td>\n<\/tr>\n<tr>\n<td>Fcc<\/td>\n<\/tr>\n<tr>\n<td>Ce<\/td>\n<\/tr>\n<tr>\n<td>Rohs2<\/td>\n<\/tr>\n<tr>\n<td>Weee<\/td>\n<\/tr>\n<tr>\n<td>*general<\/td>\n<\/tr>\n<tr>\n<td>Velocidad de transferencia de datos: 5 gbps<\/td>\n<\/tr>\n<tr>\n<td>1 puerto de subida con cable integrado, usb est\u00e1ndar macho<\/td>\n<\/tr>\n<tr>\n<td>4 puerto de descarga, usb est\u00e1ndar -a hembra<\/td>\n<\/tr>\n<tr>\n<td>Hasta 1a de energ\u00eda de salida<\/td>\n<\/tr>\n<tr>\n<td>Alimentado por bus<\/td>\n<\/tr>\n<tr>\n<td>Protecci\u00f3n contra sobrecorriente<\/td>\n<\/tr>\n<tr>\n<td>*conexiones<\/td>\n<\/tr>\n<tr>\n<td>Usb tipo c, 24 pines, macho<\/td>\n<\/tr>\n<tr>\n<td>(4) usb tipo-a, 4 pines, hembra<\/td>\n<\/tr>\n<tr>\n<td>*caracter\u00edsticas f\u00edsicas<\/td>\n<\/tr>\n<tr>\n<td>Calibre del cable 24 awg<\/td>\n<\/tr>\n<tr>\n<td>Longitud del cable: 20 cm (8 in.)<\/td>\n<\/tr>\n<tr>\n<td>Resistencia de voltaje: 300 vdc<\/td>\n<\/tr>\n<tr>\n<td>Resistencia conductiva: 5  and #937;<\/td>\n<\/tr>\n<tr>\n<td>Forro de pl\u00e1stico t\u00e9rmico<\/td>\n<\/tr>\n<tr>\n<td>Chasis: pl\u00e1stico abs<\/td>\n<\/tr>\n<tr>\n<td>Dimensiones: 89 x 38 x 10 mm<\/td>\n<\/tr>\n<tr>\n<td>Peso: 31 g (1.1 oz.)<\/td>\n<\/tr>\n<tr>\n<td>Blindado<\/td>\n<\/tr>\n<tr>\n<td>*ambiente de operaci\u00f3n<\/td>\n<\/tr>\n<tr>\n<td>Temperatura de operaci\u00f3n: 32 ~ 104\u00b0f (0 ~ 40\u00b0c)<\/td>\n<\/tr>\n<tr>\n<td>Temperatura de almacenamiento: -4 ~ 140\u00b0f (-20 ~ 60\u00b0c)<\/td>\n<\/tr>\n<tr>\n<td>Humedad (sin condensar): 5 ~ 90%<\/td>\n<\/tr>\n<tr>\n<td>*requerimientos del sistema<\/td>\n<\/tr>\n<tr>\n<td>Windows xp\/vista\/7\/8.1\/10 o linux o mac 9.x\/10.x o m\u00e1s recientes<\/td>\n<\/tr>\n<tr>\n<td>*contenido del empaque<\/td>\n<\/tr>\n<tr>\n<td>Hub usb 3.1 superspeed tipo-c<\/td>\n<\/tr>\n<tr>\n<td>Gu\u00eda r\u00e1pida de instalaci\u00f3n<\/td>\n<\/tr>\n<\/table>\n","protected":false},"excerpt":{"rendered":"<p>*conecta un dispositivo usb c a cuatro puertos usb superspeed tipo-a para perif\u00e9ricos adicionales. *los puertos usb-a soportan una transmisi\u00f3n de datos superspeed (5gbps), cargando hasta a 5v\/1a. *protecci\u00f3n de sobrecorriente; hot swap. *led indicador de encendido. *plug and play. Conecta r\u00e1pidamente m\u00e1s perif\u00e9ricos usb tipo-a a dispositivos tipo-c. El hub manhattan usb 3.1 superspeed tipo-c agrega f\u00e1cilmente cuatro dispositivos superspeed tipo-a a cualquier dispositivo compatible con usb tipo-c, expandiendo la conectividad para teclados, ratones, memorias externas y otro perif\u00e9ricos. Sus puertos superspeed son compatibles con versiones anteriores para soportar dispositivos m\u00e1s antiguos, brindan una velocidad de transferencia de datos de hasta 5 gbps para almacenamiento externo, impresi\u00f3n y otras actividades, adem\u00e1s de que es capaz de cargar y alimentar gracias a su salida de 5v\/1a. F\u00e1cil de agregar conectividad. Una cubierta resistente, un tama\u00f1o compacto y con alimentaci\u00f3n por bus, hacen que sea f\u00e1cilmente transportable para agregar conectividad usb casi en cualquier lugar. Su instalaci\u00f3n es simple con capacidades plug-and-play y hot-swappable, y cable usb integrado que conecta r\u00e1pidamente el hub manhattan usb 3.1 tipo c a cualquier puerto usb tipo c.<\/p>\n","protected":false},"featured_media":211456,"comment_status":"open","ping_status":"open","template":"","meta":[],"product_cat":[1485,1497],"product_tag":[1487],"acf":[],"yoast_head":"<!-- This site is optimized with the Yoast SEO plugin v21.7 - https:\/\/yoast.com\/wordpress\/plugins\/seo\/ -->\n<title>[ Manhattan ] &#129351; 162746 Hub Usb,,,-c 4 Ptos A<\/title>\n<meta name=\"description\" content=\"Compra 162746 Hub Usb,,,-c 4 Ptos A + Env\u00edo a domicilio + Pago seguro + Garant\u00eda\" \/>\n<meta name=\"robots\" content=\"index, follow, max-snippet:-1, max-image-preview:large, max-video-preview:-1\" \/>\n<link rel=\"canonical\" href=\"https:\/\/compuviper.mx\/tienda\/producto\/manhattan-162746-hub-usb-c-4-ptos-a\/\" \/>\n<meta property=\"og:locale\" content=\"es_MX\" \/>\n<meta property=\"og:type\" content=\"article\" \/>\n<meta property=\"og:title\" content=\"[ Manhattan ] &#129351; 162746 Hub Usb,,,-c 4 Ptos A\" \/>\n<meta property=\"og:description\" content=\"Compra 162746 Hub Usb,,,-c 4 Ptos A + Env\u00edo a domicilio + Pago seguro + Garant\u00eda\" \/>\n<meta property=\"og:url\" content=\"https:\/\/compuviper.mx\/tienda\/producto\/manhattan-162746-hub-usb-c-4-ptos-a\/\" \/>\n<meta property=\"og:site_name\" content=\"Compuviper\" \/>\n<meta property=\"article:publisher\" content=\"https:\/\/www.facebook.com\/compuviper\" \/>\n<meta property=\"article:modified_time\" content=\"2026-04-15T05:27:42+00:00\" \/>\n<meta property=\"og:image\" content=\"https:\/\/compuviper.mx\/tienda\/wp-content\/uploads\/2023\/12\/Hub-usbmanhattan162746-c-4-ptos-a.jpg\" \/>\n\t<meta property=\"og:image:width\" content=\"200\" \/>\n\t<meta property=\"og:image:height\" content=\"200\" \/>\n\t<meta property=\"og:image:type\" content=\"image\/jpeg\" \/>\n<meta name=\"twitter:card\" content=\"summary_large_image\" \/>\n<meta name=\"twitter:label1\" content=\"Precio\" \/>\n\t<meta name=\"twitter:data1\" content=\"&#36;274 con IVA\" \/>\n\t<meta name=\"twitter:label2\" content=\"Availability\" \/>\n\t<meta name=\"twitter:data2\" content=\"In stock\" \/>\n<script type=\"application\/ld+json\" class=\"yoast-schema-graph\">{\"@context\":\"https:\/\/schema.org\",\"@graph\":[{\"@type\":\"WebPage\",\"@id\":\"https:\/\/compuviper.mx\/tienda\/producto\/manhattan-162746-hub-usb-c-4-ptos-a\/\",\"url\":\"https:\/\/compuviper.mx\/tienda\/producto\/manhattan-162746-hub-usb-c-4-ptos-a\/\",\"name\":\"[ Manhattan ] &#129351; 162746 Hub Usb,,,-c 4 Ptos A\",\"isPartOf\":{\"@id\":\"https:\/\/compuviper.mx\/tienda\/#website\"},\"datePublished\":\"2026-04-15T05:27:41+00:00\",\"dateModified\":\"2026-04-15T05:27:42+00:00\",\"description\":\"Compra 162746 Hub Usb,,,-c 4 Ptos A + Env\u00edo a domicilio + Pago seguro + Garant\u00eda\",\"breadcrumb\":{\"@id\":\"https:\/\/compuviper.mx\/tienda\/producto\/manhattan-162746-hub-usb-c-4-ptos-a\/#breadcrumb\"},\"inLanguage\":\"es-MX\",\"potentialAction\":[{\"@type\":\"ReadAction\",\"target\":[\"https:\/\/compuviper.mx\/tienda\/producto\/manhattan-162746-hub-usb-c-4-ptos-a\/\"]}]},{\"@type\":\"BreadcrumbList\",\"@id\":\"https:\/\/compuviper.mx\/tienda\/producto\/manhattan-162746-hub-usb-c-4-ptos-a\/#breadcrumb\",\"itemListElement\":[{\"@type\":\"ListItem\",\"position\":1,\"name\":\"Inicio\",\"item\":\"https:\/\/compuviper.mx\/tienda\/\"},{\"@type\":\"ListItem\",\"position\":2,\"name\":\"Productos\",\"item\":\"https:\/\/compuviper.mx\/tienda\/productos\/\"},{\"@type\":\"ListItem\",\"position\":3,\"name\":\"Accesorios\",\"item\":\"https:\/\/compuviper.mx\/tienda\/categoria-producto\/accesorios\/\"},{\"@type\":\"ListItem\",\"position\":4,\"name\":\"Hub Usb\",\"item\":\"https:\/\/compuviper.mx\/tienda\/categoria-producto\/accesorios\/hub-usb\/\"},{\"@type\":\"ListItem\",\"position\":5,\"name\":\"Manhattan 162746 Hub Usb,,,-c 4 Ptos A\"}]},{\"@type\":\"WebSite\",\"@id\":\"https:\/\/compuviper.mx\/tienda\/#website\",\"url\":\"https:\/\/compuviper.mx\/tienda\/\",\"name\":\"Compuviper\",\"description\":\"Proveedor de Computadoras, Laptops, Servidores, Monitores, Puntos de Venta, Teclados,   Impresoras, T\u00f3ner, C\u00e1maras de Seguridad y m\u00e1s en tu tienda en l\u00ednea\",\"publisher\":{\"@id\":\"https:\/\/compuviper.mx\/tienda\/#organization\"},\"potentialAction\":[{\"@type\":\"SearchAction\",\"target\":{\"@type\":\"EntryPoint\",\"urlTemplate\":\"https:\/\/compuviper.mx\/tienda\/?s={search_term_string}\"},\"query-input\":\"required name=search_term_string\"}],\"inLanguage\":\"es-MX\"},{\"@type\":\"Organization\",\"@id\":\"https:\/\/compuviper.mx\/tienda\/#organization\",\"name\":\"Compuviper\",\"url\":\"https:\/\/compuviper.mx\/tienda\/\",\"logo\":{\"@type\":\"ImageObject\",\"inLanguage\":\"es-MX\",\"@id\":\"https:\/\/compuviper.mx\/tienda\/#\/schema\/logo\/image\/\",\"url\":\"https:\/\/compuviper.mx\/tienda\/wp-content\/uploads\/2021\/08\/Logo-Compuviper-10.png\",\"contentUrl\":\"https:\/\/compuviper.mx\/tienda\/wp-content\/uploads\/2021\/08\/Logo-Compuviper-10.png\",\"width\":1000,\"height\":500,\"caption\":\"Compuviper\"},\"image\":{\"@id\":\"https:\/\/compuviper.mx\/tienda\/#\/schema\/logo\/image\/\"},\"sameAs\":[\"https:\/\/www.facebook.com\/compuviper\",\"https:\/\/www.youtube.com\/channel\/UCf73dERp9Y3cfOq7q8BhLjA?view_as=subscriber\"]}]}<\/script>\n<meta property=\"product:brand\" content=\"MANHATTAN\" \/>\n<meta property=\"product:price:amount\" content=\"274\" \/>\n<meta property=\"product:price:currency\" content=\"MXN\" \/>\n<meta property=\"og:availability\" content=\"instock\" \/>\n<meta property=\"product:availability\" content=\"instock\" \/>\n<meta property=\"product:retailer_item_id\" content=\"162746\" \/>\n<meta property=\"product:condition\" content=\"new\" \/>\n<!-- \/ Yoast SEO plugin. -->","yoast_head_json":{"title":"[ Manhattan ] &#129351; 162746 Hub Usb,,,-c 4 Ptos A","description":"Compra 162746 Hub Usb,,,-c 4 Ptos A + Env\u00edo a domicilio + Pago seguro + Garant\u00eda","robots":{"index":"index","follow":"follow","max-snippet":"max-snippet:-1","max-image-preview":"max-image-preview:large","max-video-preview":"max-video-preview:-1"},"canonical":"https:\/\/compuviper.mx\/tienda\/producto\/manhattan-162746-hub-usb-c-4-ptos-a\/","og_locale":"es_MX","og_type":"article","og_title":"[ Manhattan ] &#129351; 162746 Hub Usb,,,-c 4 Ptos A","og_description":"Compra 162746 Hub Usb,,,-c 4 Ptos A + Env\u00edo a domicilio + Pago seguro + Garant\u00eda","og_url":"https:\/\/compuviper.mx\/tienda\/producto\/manhattan-162746-hub-usb-c-4-ptos-a\/","og_site_name":"Compuviper","article_publisher":"https:\/\/www.facebook.com\/compuviper","article_modified_time":"2026-04-15T05:27:42+00:00","og_image":[{"width":200,"height":200,"url":"https:\/\/compuviper.mx\/tienda\/wp-content\/uploads\/2023\/12\/Hub-usbmanhattan162746-c-4-ptos-a.jpg","type":"image\/jpeg"}],"twitter_card":"summary_large_image","twitter_misc":{"Precio":"&#36;274 con IVA","Availability":"In stock"},"schema":{"@context":"https:\/\/schema.org","@graph":[{"@type":"WebPage","@id":"https:\/\/compuviper.mx\/tienda\/producto\/manhattan-162746-hub-usb-c-4-ptos-a\/","url":"https:\/\/compuviper.mx\/tienda\/producto\/manhattan-162746-hub-usb-c-4-ptos-a\/","name":"[ Manhattan ] &#129351; 162746 Hub Usb,,,-c 4 Ptos A","isPartOf":{"@id":"https:\/\/compuviper.mx\/tienda\/#website"},"datePublished":"2026-04-15T05:27:41+00:00","dateModified":"2026-04-15T05:27:42+00:00","description":"Compra 162746 Hub Usb,,,-c 4 Ptos A + Env\u00edo a domicilio + Pago seguro + Garant\u00eda","breadcrumb":{"@id":"https:\/\/compuviper.mx\/tienda\/producto\/manhattan-162746-hub-usb-c-4-ptos-a\/#breadcrumb"},"inLanguage":"es-MX","potentialAction":[{"@type":"ReadAction","target":["https:\/\/compuviper.mx\/tienda\/producto\/manhattan-162746-hub-usb-c-4-ptos-a\/"]}]},{"@type":"BreadcrumbList","@id":"https:\/\/compuviper.mx\/tienda\/producto\/manhattan-162746-hub-usb-c-4-ptos-a\/#breadcrumb","itemListElement":[{"@type":"ListItem","position":1,"name":"Inicio","item":"https:\/\/compuviper.mx\/tienda\/"},{"@type":"ListItem","position":2,"name":"Productos","item":"https:\/\/compuviper.mx\/tienda\/productos\/"},{"@type":"ListItem","position":3,"name":"Accesorios","item":"https:\/\/compuviper.mx\/tienda\/categoria-producto\/accesorios\/"},{"@type":"ListItem","position":4,"name":"Hub Usb","item":"https:\/\/compuviper.mx\/tienda\/categoria-producto\/accesorios\/hub-usb\/"},{"@type":"ListItem","position":5,"name":"Manhattan 162746 Hub Usb,,,-c 4 Ptos A"}]},{"@type":"WebSite","@id":"https:\/\/compuviper.mx\/tienda\/#website","url":"https:\/\/compuviper.mx\/tienda\/","name":"Compuviper","description":"Proveedor de Computadoras, Laptops, Servidores, Monitores, Puntos de Venta, Teclados,   Impresoras, T\u00f3ner, C\u00e1maras de Seguridad y m\u00e1s en tu tienda en l\u00ednea","publisher":{"@id":"https:\/\/compuviper.mx\/tienda\/#organization"},"potentialAction":[{"@type":"SearchAction","target":{"@type":"EntryPoint","urlTemplate":"https:\/\/compuviper.mx\/tienda\/?s={search_term_string}"},"query-input":"required name=search_term_string"}],"inLanguage":"es-MX"},{"@type":"Organization","@id":"https:\/\/compuviper.mx\/tienda\/#organization","name":"Compuviper","url":"https:\/\/compuviper.mx\/tienda\/","logo":{"@type":"ImageObject","inLanguage":"es-MX","@id":"https:\/\/compuviper.mx\/tienda\/#\/schema\/logo\/image\/","url":"https:\/\/compuviper.mx\/tienda\/wp-content\/uploads\/2021\/08\/Logo-Compuviper-10.png","contentUrl":"https:\/\/compuviper.mx\/tienda\/wp-content\/uploads\/2021\/08\/Logo-Compuviper-10.png","width":1000,"height":500,"caption":"Compuviper"},"image":{"@id":"https:\/\/compuviper.mx\/tienda\/#\/schema\/logo\/image\/"},"sameAs":["https:\/\/www.facebook.com\/compuviper","https:\/\/www.youtube.com\/channel\/UCf73dERp9Y3cfOq7q8BhLjA?view_as=subscriber"]}]},"product_brand":"MANHATTAN","product_price_amount":"274","product_price_currency":"MXN","og_availability":"instock","product_availability":"instock","product_retailer_item_id":"162746","product_condition":"new"},"_links":{"self":[{"href":"https:\/\/compuviper.mx\/tienda\/wp-json\/wp\/v2\/product\/211455"}],"collection":[{"href":"https:\/\/compuviper.mx\/tienda\/wp-json\/wp\/v2\/product"}],"about":[{"href":"https:\/\/compuviper.mx\/tienda\/wp-json\/wp\/v2\/types\/product"}],"replies":[{"embeddable":true,"href":"https:\/\/compuviper.mx\/tienda\/wp-json\/wp\/v2\/comments?post=211455"}],"wp:featuredmedia":[{"embeddable":true,"href":"https:\/\/compuviper.mx\/tienda\/wp-json\/wp\/v2\/media\/211456"}],"wp:attachment":[{"href":"https:\/\/compuviper.mx\/tienda\/wp-json\/wp\/v2\/media?parent=211455"}],"wp:term":[{"taxonomy":"product_cat","embeddable":true,"href":"https:\/\/compuviper.mx\/tienda\/wp-json\/wp\/v2\/product_cat?post=211455"},{"taxonomy":"product_tag","embeddable":true,"href":"https:\/\/compuviper.mx\/tienda\/wp-json\/wp\/v2\/product_tag?post=211455"}],"curies":[{"name":"wp","href":"https:\/\/api.w.org\/{rel}","templated":true}]}}