{"id":211445,"date":"2026-04-21T23:26:34","date_gmt":"2026-04-22T05:26:34","guid":{"rendered":"https:\/\/compuviper.mx\/tienda\/producto\/manhattan-152037-docking-usb-c-3-ptos-hdmi-usb-c-pd-usbv3-2a\/"},"modified":"2026-04-21T23:26:34","modified_gmt":"2026-04-22T05:26:34","slug":"manhattan-152037-docking-usb-c-3-ptos-hdmi-usb-c-pd-usbv3-2a","status":"publish","type":"product","link":"https:\/\/compuviper.mx\/tienda\/producto\/manhattan-152037-docking-usb-c-3-ptos-hdmi-usb-c-pd-usbv3-2a\/","title":{"rendered":"Manhattan 152037 Docking Usb,,,-c  3 Ptos, Hdmi, Usb-c Pd\/usbv3.2a"},"content":{"rendered":"<table class=\"descripcion\">\n<tr>\n<td>*est\u00e1ndares y certificaciones<\/td>\n<\/tr>\n<tr>\n<td>Usb 3.1<\/td>\n<\/tr>\n<tr>\n<td>Hdmi<\/td>\n<\/tr>\n<tr>\n<td>Hdcp 1.4<\/td>\n<\/tr>\n<tr>\n<td>Ce<\/td>\n<\/tr>\n<tr>\n<td>Fcc<\/td>\n<\/tr>\n<tr>\n<td>Rohs2<\/td>\n<\/tr>\n<tr>\n<td>Weee<\/td>\n<\/tr>\n<tr>\n<td>*general<\/td>\n<\/tr>\n<tr>\n<td>Alimentado por bus<\/td>\n<\/tr>\n<tr>\n<td>Protecci\u00f3n contra sobrecorriente<\/td>\n<\/tr>\n<tr>\n<td>*conexiones<\/td>\n<\/tr>\n<tr>\n<td>Usb tipo c, 24 pines, macho<\/td>\n<\/tr>\n<tr>\n<td>Hdmi, 19 pines, hembra<\/td>\n<\/tr>\n<tr>\n<td>Usb tipo-c. 24 pines, hembra<\/td>\n<\/tr>\n<tr>\n<td>Usb tipo-a. 4 pines, hembra<\/td>\n<\/tr>\n<tr>\n<td>*resoluciones de video<\/td>\n<\/tr>\n<tr>\n<td>640 x 480, 800 x 600, 1024 x 768, 1920 x 1200, 3840 x 2160p@30hz, 4k<\/td>\n<\/tr>\n<tr>\n<td>*caracter\u00edsticas f\u00edsicas<\/td>\n<\/tr>\n<tr>\n<td>Calibre del cable 24 awg<\/td>\n<\/tr>\n<tr>\n<td>Blindaje de mylar y aluminio<\/td>\n<\/tr>\n<tr>\n<td>Resistencia de voltaje: 300 vdc<\/td>\n<\/tr>\n<tr>\n<td>Resistencia conductiva: 5  and #937;<\/td>\n<\/tr>\n<tr>\n<td>Forro de pl\u00e1stico t\u00e9rmico<\/td>\n<\/tr>\n<tr>\n<td>Forro de pl\u00e1stico t\u00e9rmico<\/td>\n<\/tr>\n<tr>\n<td>Longitud: 8 cm (3 in.)<\/td>\n<\/tr>\n<tr>\n<td>Peso: 31 g (1.1 oz.)<\/td>\n<\/tr>\n<tr>\n<td>Blindado<\/td>\n<\/tr>\n<tr>\n<td>Chasis: pl\u00e1stico abs<\/td>\n<\/tr>\n<tr>\n<td>*ambiente de operaci\u00f3n<\/td>\n<\/tr>\n<tr>\n<td>Temperatura de operaci\u00f3n: 32 ~ 104\u00b0f (0 ~ 40\u00b0c)<\/td>\n<\/tr>\n<tr>\n<td>Temperatura de almacenamiento: -4 ~ 140\u00b0f (-20 ~ 60\u00b0c)<\/td>\n<\/tr>\n<tr>\n<td>Humedad (sin condensar): 5 ~ 90%<\/td>\n<\/tr>\n<tr>\n<td>*requerimientos del sistema<\/td>\n<\/tr>\n<tr>\n<td>Windows xp\/vista\/7\/8.1\/10 o linux o mac 9.x\/10.x o m\u00e1s recientes<\/td>\n<\/tr>\n<tr>\n<td>*contenido del empaque<\/td>\n<\/tr>\n<tr>\n<td>Hdmi docking convertidor usb tipo-c<\/td>\n<\/tr>\n<tr>\n<td>Gu\u00eda r\u00e1pida de instalaci\u00f3n<\/td>\n<\/tr>\n<\/table>\n","protected":false},"excerpt":{"rendered":"<p>*docking convertidor multifunci\u00f3n que conecta un puerto usb tipo-c a una pantalla hdmi, un puerto usb 3.0 y un puerto de carga tipo-c. *disfruta de im\u00e1genes de ultra alta definici\u00f3n (uhd) en un monitor, proyector u otro dispositivo con pantalla hdmi. *soporte para modos de duplicar o extender las pantallas, soporta resoluciones de video de hasta 1080p@60hz o 3840x2160p@30hz, 4k, full uhd. *brinda un puerto usb 3.0 tipo-a para conectar ratones, teclados o dispositivos de memoria port\u00e1til (y m\u00e1s) o para cargar y sincronizar un dispositivo port\u00e1til. *el puerto usb-a soporta transmisiones de datos superspeed (5gbps), cargando hasta a 7.5w (5v\/1.5a); cumple con bc1.2. *el puerto usb-c soporta una carga a 60w (20v@3a. *el puerto usb-c soporta transmisi\u00f3n de datos a 5gbps. *soporta la funci\u00f3n usb pd (power delivery) hasta a 60 watts. *compatible con todas las computadoras, notebooks y tablets que soporten usb tipo-c, incluyendo apple macbook, chromebook pixel y m\u00e1s. *compatible con displayport 1.2 en modo alterno (dp altmode. *plug and play. *completamente blindado para reducir fuentes de interferencia emi y otras. *terminales modeadas en pvc y a prueba de tensiones<\/p>\n","protected":false},"featured_media":211446,"comment_status":"open","ping_status":"open","template":"","meta":[],"product_cat":[1485,1506],"product_tag":[1487],"acf":[],"yoast_head":"<!-- This site is optimized with the Yoast SEO plugin v21.7 - https:\/\/yoast.com\/wordpress\/plugins\/seo\/ -->\n<title>[ Manhattan ] &#129351; 152037 Docking Usb,,,-c 3 Ptos, Hdmi, Usb-c Pd\/usbv3.2a<\/title>\n<meta name=\"description\" content=\"Compra 152037 Docking Usb,,,-c 3 Ptos, Hdmi, Usb-c Pd\/usbv3.2a + Env\u00edo a domicilio + Pago seguro + Garant\u00eda\" \/>\n<meta name=\"robots\" content=\"index, follow, max-snippet:-1, max-image-preview:large, max-video-preview:-1\" \/>\n<link rel=\"canonical\" href=\"https:\/\/compuviper.mx\/tienda\/producto\/manhattan-152037-docking-usb-c-3-ptos-hdmi-usb-c-pd-usbv3-2a\/\" \/>\n<meta property=\"og:locale\" content=\"es_MX\" \/>\n<meta property=\"og:type\" content=\"article\" \/>\n<meta property=\"og:title\" content=\"[ Manhattan ] &#129351; 152037 Docking Usb,,,-c 3 Ptos, Hdmi, Usb-c Pd\/usbv3.2a\" \/>\n<meta property=\"og:description\" content=\"Compra 152037 Docking Usb,,,-c 3 Ptos, Hdmi, Usb-c Pd\/usbv3.2a + Env\u00edo a domicilio + Pago seguro + Garant\u00eda\" \/>\n<meta property=\"og:url\" content=\"https:\/\/compuviper.mx\/tienda\/producto\/manhattan-152037-docking-usb-c-3-ptos-hdmi-usb-c-pd-usbv3-2a\/\" \/>\n<meta property=\"og:site_name\" content=\"Compuviper\" \/>\n<meta property=\"article:publisher\" content=\"https:\/\/www.facebook.com\/compuviper\" \/>\n<meta property=\"og:image\" content=\"https:\/\/compuviper.mx\/tienda\/wp-content\/uploads\/2023\/12\/Docking-usbmanhattan152037-c-3-ptos-hdmi-usb-c-pdusbv3.2a.jpg\" \/>\n\t<meta property=\"og:image:width\" content=\"200\" \/>\n\t<meta property=\"og:image:height\" content=\"200\" \/>\n\t<meta property=\"og:image:type\" content=\"image\/jpeg\" \/>\n<meta name=\"twitter:card\" content=\"summary_large_image\" \/>\n<meta name=\"twitter:label1\" content=\"Precio\" \/>\n\t<meta name=\"twitter:data1\" content=\"&#36;667 con IVA\" \/>\n\t<meta name=\"twitter:label2\" content=\"Availability\" \/>\n\t<meta name=\"twitter:data2\" content=\"In stock\" \/>\n<script type=\"application\/ld+json\" class=\"yoast-schema-graph\">{\"@context\":\"https:\/\/schema.org\",\"@graph\":[{\"@type\":\"WebPage\",\"@id\":\"https:\/\/compuviper.mx\/tienda\/producto\/manhattan-152037-docking-usb-c-3-ptos-hdmi-usb-c-pd-usbv3-2a\/\",\"url\":\"https:\/\/compuviper.mx\/tienda\/producto\/manhattan-152037-docking-usb-c-3-ptos-hdmi-usb-c-pd-usbv3-2a\/\",\"name\":\"[ Manhattan ] &#129351; 152037 Docking Usb,,,-c 3 Ptos, Hdmi, Usb-c Pd\/usbv3.2a\",\"isPartOf\":{\"@id\":\"https:\/\/compuviper.mx\/tienda\/#website\"},\"datePublished\":\"2026-04-22T05:26:34+00:00\",\"dateModified\":\"2026-04-22T05:26:34+00:00\",\"description\":\"Compra 152037 Docking Usb,,,-c 3 Ptos, Hdmi, Usb-c Pd\/usbv3.2a + Env\u00edo a domicilio + Pago seguro + Garant\u00eda\",\"breadcrumb\":{\"@id\":\"https:\/\/compuviper.mx\/tienda\/producto\/manhattan-152037-docking-usb-c-3-ptos-hdmi-usb-c-pd-usbv3-2a\/#breadcrumb\"},\"inLanguage\":\"es-MX\",\"potentialAction\":[{\"@type\":\"ReadAction\",\"target\":[\"https:\/\/compuviper.mx\/tienda\/producto\/manhattan-152037-docking-usb-c-3-ptos-hdmi-usb-c-pd-usbv3-2a\/\"]}]},{\"@type\":\"BreadcrumbList\",\"@id\":\"https:\/\/compuviper.mx\/tienda\/producto\/manhattan-152037-docking-usb-c-3-ptos-hdmi-usb-c-pd-usbv3-2a\/#breadcrumb\",\"itemListElement\":[{\"@type\":\"ListItem\",\"position\":1,\"name\":\"Inicio\",\"item\":\"https:\/\/compuviper.mx\/tienda\/\"},{\"@type\":\"ListItem\",\"position\":2,\"name\":\"Productos\",\"item\":\"https:\/\/compuviper.mx\/tienda\/productos\/\"},{\"@type\":\"ListItem\",\"position\":3,\"name\":\"Accesorios\",\"item\":\"https:\/\/compuviper.mx\/tienda\/categoria-producto\/accesorios\/\"},{\"@type\":\"ListItem\",\"position\":4,\"name\":\"Conectividad\",\"item\":\"https:\/\/compuviper.mx\/tienda\/categoria-producto\/accesorios\/conectividad\/\"},{\"@type\":\"ListItem\",\"position\":5,\"name\":\"Manhattan 152037 Docking Usb,,,-c 3 Ptos, Hdmi, Usb-c Pd\/usbv3.2a\"}]},{\"@type\":\"WebSite\",\"@id\":\"https:\/\/compuviper.mx\/tienda\/#website\",\"url\":\"https:\/\/compuviper.mx\/tienda\/\",\"name\":\"Compuviper\",\"description\":\"Proveedor de Computadoras, Laptops, Servidores, Monitores, Puntos de Venta, Teclados,   Impresoras, T\u00f3ner, C\u00e1maras de Seguridad y m\u00e1s en tu tienda en l\u00ednea\",\"publisher\":{\"@id\":\"https:\/\/compuviper.mx\/tienda\/#organization\"},\"potentialAction\":[{\"@type\":\"SearchAction\",\"target\":{\"@type\":\"EntryPoint\",\"urlTemplate\":\"https:\/\/compuviper.mx\/tienda\/?s={search_term_string}\"},\"query-input\":\"required name=search_term_string\"}],\"inLanguage\":\"es-MX\"},{\"@type\":\"Organization\",\"@id\":\"https:\/\/compuviper.mx\/tienda\/#organization\",\"name\":\"Compuviper\",\"url\":\"https:\/\/compuviper.mx\/tienda\/\",\"logo\":{\"@type\":\"ImageObject\",\"inLanguage\":\"es-MX\",\"@id\":\"https:\/\/compuviper.mx\/tienda\/#\/schema\/logo\/image\/\",\"url\":\"https:\/\/compuviper.mx\/tienda\/wp-content\/uploads\/2021\/08\/Logo-Compuviper-10.png\",\"contentUrl\":\"https:\/\/compuviper.mx\/tienda\/wp-content\/uploads\/2021\/08\/Logo-Compuviper-10.png\",\"width\":1000,\"height\":500,\"caption\":\"Compuviper\"},\"image\":{\"@id\":\"https:\/\/compuviper.mx\/tienda\/#\/schema\/logo\/image\/\"},\"sameAs\":[\"https:\/\/www.facebook.com\/compuviper\",\"https:\/\/www.youtube.com\/channel\/UCf73dERp9Y3cfOq7q8BhLjA?view_as=subscriber\"]}]}<\/script>\n<meta property=\"product:brand\" content=\"MANHATTAN\" \/>\n<meta property=\"product:price:amount\" content=\"667\" \/>\n<meta property=\"product:price:currency\" content=\"MXN\" \/>\n<meta property=\"og:availability\" content=\"instock\" \/>\n<meta property=\"product:availability\" content=\"instock\" \/>\n<meta property=\"product:retailer_item_id\" content=\"152037\" \/>\n<meta property=\"product:condition\" content=\"new\" \/>\n<!-- \/ Yoast SEO plugin. -->","yoast_head_json":{"title":"[ Manhattan ] &#129351; 152037 Docking Usb,,,-c 3 Ptos, Hdmi, Usb-c Pd\/usbv3.2a","description":"Compra 152037 Docking Usb,,,-c 3 Ptos, Hdmi, Usb-c Pd\/usbv3.2a + Env\u00edo a domicilio + Pago seguro + Garant\u00eda","robots":{"index":"index","follow":"follow","max-snippet":"max-snippet:-1","max-image-preview":"max-image-preview:large","max-video-preview":"max-video-preview:-1"},"canonical":"https:\/\/compuviper.mx\/tienda\/producto\/manhattan-152037-docking-usb-c-3-ptos-hdmi-usb-c-pd-usbv3-2a\/","og_locale":"es_MX","og_type":"article","og_title":"[ Manhattan ] &#129351; 152037 Docking Usb,,,-c 3 Ptos, Hdmi, Usb-c Pd\/usbv3.2a","og_description":"Compra 152037 Docking Usb,,,-c 3 Ptos, Hdmi, Usb-c Pd\/usbv3.2a + Env\u00edo a domicilio + Pago seguro + Garant\u00eda","og_url":"https:\/\/compuviper.mx\/tienda\/producto\/manhattan-152037-docking-usb-c-3-ptos-hdmi-usb-c-pd-usbv3-2a\/","og_site_name":"Compuviper","article_publisher":"https:\/\/www.facebook.com\/compuviper","og_image":[{"width":200,"height":200,"url":"https:\/\/compuviper.mx\/tienda\/wp-content\/uploads\/2023\/12\/Docking-usbmanhattan152037-c-3-ptos-hdmi-usb-c-pdusbv3.2a.jpg","type":"image\/jpeg"}],"twitter_card":"summary_large_image","twitter_misc":{"Precio":"&#36;667 con IVA","Availability":"In stock"},"schema":{"@context":"https:\/\/schema.org","@graph":[{"@type":"WebPage","@id":"https:\/\/compuviper.mx\/tienda\/producto\/manhattan-152037-docking-usb-c-3-ptos-hdmi-usb-c-pd-usbv3-2a\/","url":"https:\/\/compuviper.mx\/tienda\/producto\/manhattan-152037-docking-usb-c-3-ptos-hdmi-usb-c-pd-usbv3-2a\/","name":"[ Manhattan ] &#129351; 152037 Docking Usb,,,-c 3 Ptos, Hdmi, Usb-c Pd\/usbv3.2a","isPartOf":{"@id":"https:\/\/compuviper.mx\/tienda\/#website"},"datePublished":"2026-04-22T05:26:34+00:00","dateModified":"2026-04-22T05:26:34+00:00","description":"Compra 152037 Docking Usb,,,-c 3 Ptos, Hdmi, Usb-c Pd\/usbv3.2a + Env\u00edo a domicilio + Pago seguro + Garant\u00eda","breadcrumb":{"@id":"https:\/\/compuviper.mx\/tienda\/producto\/manhattan-152037-docking-usb-c-3-ptos-hdmi-usb-c-pd-usbv3-2a\/#breadcrumb"},"inLanguage":"es-MX","potentialAction":[{"@type":"ReadAction","target":["https:\/\/compuviper.mx\/tienda\/producto\/manhattan-152037-docking-usb-c-3-ptos-hdmi-usb-c-pd-usbv3-2a\/"]}]},{"@type":"BreadcrumbList","@id":"https:\/\/compuviper.mx\/tienda\/producto\/manhattan-152037-docking-usb-c-3-ptos-hdmi-usb-c-pd-usbv3-2a\/#breadcrumb","itemListElement":[{"@type":"ListItem","position":1,"name":"Inicio","item":"https:\/\/compuviper.mx\/tienda\/"},{"@type":"ListItem","position":2,"name":"Productos","item":"https:\/\/compuviper.mx\/tienda\/productos\/"},{"@type":"ListItem","position":3,"name":"Accesorios","item":"https:\/\/compuviper.mx\/tienda\/categoria-producto\/accesorios\/"},{"@type":"ListItem","position":4,"name":"Conectividad","item":"https:\/\/compuviper.mx\/tienda\/categoria-producto\/accesorios\/conectividad\/"},{"@type":"ListItem","position":5,"name":"Manhattan 152037 Docking Usb,,,-c 3 Ptos, Hdmi, Usb-c Pd\/usbv3.2a"}]},{"@type":"WebSite","@id":"https:\/\/compuviper.mx\/tienda\/#website","url":"https:\/\/compuviper.mx\/tienda\/","name":"Compuviper","description":"Proveedor de Computadoras, Laptops, Servidores, Monitores, Puntos de Venta, Teclados,   Impresoras, T\u00f3ner, C\u00e1maras de Seguridad y m\u00e1s en tu tienda en l\u00ednea","publisher":{"@id":"https:\/\/compuviper.mx\/tienda\/#organization"},"potentialAction":[{"@type":"SearchAction","target":{"@type":"EntryPoint","urlTemplate":"https:\/\/compuviper.mx\/tienda\/?s={search_term_string}"},"query-input":"required name=search_term_string"}],"inLanguage":"es-MX"},{"@type":"Organization","@id":"https:\/\/compuviper.mx\/tienda\/#organization","name":"Compuviper","url":"https:\/\/compuviper.mx\/tienda\/","logo":{"@type":"ImageObject","inLanguage":"es-MX","@id":"https:\/\/compuviper.mx\/tienda\/#\/schema\/logo\/image\/","url":"https:\/\/compuviper.mx\/tienda\/wp-content\/uploads\/2021\/08\/Logo-Compuviper-10.png","contentUrl":"https:\/\/compuviper.mx\/tienda\/wp-content\/uploads\/2021\/08\/Logo-Compuviper-10.png","width":1000,"height":500,"caption":"Compuviper"},"image":{"@id":"https:\/\/compuviper.mx\/tienda\/#\/schema\/logo\/image\/"},"sameAs":["https:\/\/www.facebook.com\/compuviper","https:\/\/www.youtube.com\/channel\/UCf73dERp9Y3cfOq7q8BhLjA?view_as=subscriber"]}]},"product_brand":"MANHATTAN","product_price_amount":"667","product_price_currency":"MXN","og_availability":"instock","product_availability":"instock","product_retailer_item_id":"152037","product_condition":"new"},"_links":{"self":[{"href":"https:\/\/compuviper.mx\/tienda\/wp-json\/wp\/v2\/product\/211445"}],"collection":[{"href":"https:\/\/compuviper.mx\/tienda\/wp-json\/wp\/v2\/product"}],"about":[{"href":"https:\/\/compuviper.mx\/tienda\/wp-json\/wp\/v2\/types\/product"}],"replies":[{"embeddable":true,"href":"https:\/\/compuviper.mx\/tienda\/wp-json\/wp\/v2\/comments?post=211445"}],"wp:featuredmedia":[{"embeddable":true,"href":"https:\/\/compuviper.mx\/tienda\/wp-json\/wp\/v2\/media\/211446"}],"wp:attachment":[{"href":"https:\/\/compuviper.mx\/tienda\/wp-json\/wp\/v2\/media?parent=211445"}],"wp:term":[{"taxonomy":"product_cat","embeddable":true,"href":"https:\/\/compuviper.mx\/tienda\/wp-json\/wp\/v2\/product_cat?post=211445"},{"taxonomy":"product_tag","embeddable":true,"href":"https:\/\/compuviper.mx\/tienda\/wp-json\/wp\/v2\/product_tag?post=211445"}],"curies":[{"name":"wp","href":"https:\/\/api.w.org\/{rel}","templated":true}]}}